{"id":34906,"date":"2022-01-20T07:34:31","date_gmt":"2022-01-20T04:34:31","guid":{"rendered":"https:\/\/www.waterskis.lv\/products\/piepusams-ar-pedaliem-darbinams-sup-hobie-mirage-ieclipse-11-0\/"},"modified":"2026-02-01T15:31:50","modified_gmt":"2026-02-01T13:31:50","slug":"hobie-mirage-ieclipse-11-0","status":"publish","type":"product","link":"https:\/\/www.waterskis.lv\/en\/product\/hobie-mirage-ieclipse-11-0\/","title":{"rendered":"HOBIE MIRAGE iECLIPSE 11.0"},"content":{"rendered":"<h1>HOBIE MIRAGE iECLIPSE 11.0<\/h1>\n<p>HOBIE MIRAGE iECLIPSE 11.0 &#8211; Inflatable Pedal powered stand-up paddle board<\/p>\n<p>One-of-a-kind Mirage Eclipse was the world\u2019s first and favorite stand up pedalboard, but\u00a0it was taken\u00a0one step further making it inflatable.<\/p>\n<table class=\"block_content2 table-data-sheet\">\n<tbody>\n<tr class=\"odd\">\n<td>Type<\/td>\n<td>Pedal powered stand-up paddle board<\/td>\n<\/tr>\n<tr class=\"even\">\n<td>Length<\/td>\n<td>335 cm<\/td>\n<\/tr>\n<tr class=\"odd\">\n<td>Width<\/td>\n<td>102 cm<\/td>\n<\/tr>\n<tr class=\"even\">\n<td>Weight<\/td>\n<td>18 kg<\/td>\n<\/tr>\n<tr class=\"odd\">\n<td>Number of persons<\/td>\n<td>1<\/td>\n<\/tr>\n<tr class=\"even\">\n<td>Capacity<\/td>\n<td>135 kg<\/td>\n<\/tr>\n<tr class=\"odd\">\n<td>Purpose of usage<\/td>\n<td>Universal usage<\/td>\n<\/tr>\n<tr class=\"even\">\n<td>Country of origin<\/td>\n<td>USA<\/td>\n<\/tr>\n<\/tbody>\n<\/table>\n<p>Meet the Mirage iEclipse, the first inflatable, pedal-powered standup board. It offers remarkable rigidity and the same nimble performance as the Eclipse, but in an ultra-lightweight and portable package. The iEclipse features an extra-wide standing platform with EVA standing pads for rock-solid stability in wind, waves, and wake. Its new and improved hull construction reduces weight while increasing durability. High-tech diagonal dropstitch construction allows the iEclipse to inflate to 10 PSI, giving you the same rugged rigidity and nimble performance as the original Eclipse, but in an incredibly lightweight package you can take anywhere.<\/p>\n<p>Featuring MirageDrive GT pedal propulsion, every step on the iEclipse powers you forward with ease. Its intuitive, one-handed steering system attaches directly to the handlebar and board with an easy-to-use steering system that can turn on a dime with a simple push or pull of the lever. And like all Mirage inflatables, the iEclipse is easy to set up and even easier to transport. Toss it into the back of your car, load it into the RV, or check it on flight\u2013with the iEclipse, adventure is everywhere. The two-piece removable handlebar, high-pressure hand pump, and high-volume electric pump are all included inside an easy-load rolling travel bag that\u2019s portable, stowable, and ready for your next adventure.<\/p>\n","protected":false},"excerpt":{"rendered":"<p>https:\/\/www.youtube.com\/watch?v=8ZADfMLdSuo<\/p>\n<p>https:\/\/www.youtube.com\/watch?v=EITRLG-IHrA [&#8230;]<\/p>\n<p><a class=\"btn btn-secondary understrap-read-more-link\" href=\"https:\/\/www.waterskis.lv\/en\/product\/hobie-mirage-ieclipse-11-0\/\">Read More&#8230;<\/a><\/p>\n","protected":false},"featured_media":34891,"comment_status":"closed","ping_status":"closed","template":"","meta":{"_acf_changed":false,"inline_featured_image":false},"product_brand":[2446],"product_cat":[700,523,502,501],"product_tag":[3172,3138,2462,1334,3173,3174,1335,3139,3175,3140,3176,3141,3142],"class_list":{"0":"post-34906","1":"product","2":"type-product","3":"status-publish","4":"has-post-thumbnail","6":"product_brand-hobie","7":"product_cat-inflatable-sup-boards","8":"product_cat-pedal-powered-hobie-sup-boards","9":"product_cat-stand-up-paddle-boards","10":"product_cat-wildsup-isup-boards","11":"product_tag-aufblasbares-sup","12":"product_tag-hobie","13":"product_tag-hobie-sup-delis","14":"product_tag-paddle-boards","15":"product_tag-stand-up-paddleboard","16":"product_tag-stand-up-paddling","17":"product_tag-sup","18":"product_tag-sup-pedal-boards","19":"product_tag-sup-surfer","20":"product_tag-sup-","21":"product_tag-supkayak","22":"product_tag-3141","23":"product_tag-3142","25":"first","26":"instock","27":"shipping-taxable","28":"purchasable","29":"product-type-simple"},"acf":[],"yoast_head":"<!-- This site is optimized with the Yoast SEO plugin v27.5 - https:\/\/yoast.com\/product\/yoast-seo-wordpress\/ -->\n<title>HOBIE MIRAGE iECLIPSE 11.0 - WATERSKIS.LV<\/title>\n<meta name=\"description\" content=\"HOBIE MIRAGE iECLIPSE 11.0 - Inflatable Pedal powered stand-up paddle board the world&#039;s unique first standing pedal board is now inflatable\" \/>\n<meta name=\"robots\" content=\"index, follow, max-snippet:-1, max-image-preview:large, max-video-preview:-1\" \/>\n<link rel=\"canonical\" href=\"https:\/\/www.waterskis.lv\/en\/product\/hobie-mirage-ieclipse-11-0\/\" \/>\n<meta property=\"og:locale\" content=\"en_US\" \/>\n<meta property=\"og:type\" content=\"article\" \/>\n<meta property=\"og:title\" content=\"Inflatable Pedal powered stand-up paddle board HOBIE MIRAGE iECLIPSE 11.0\" \/>\n<meta property=\"og:description\" content=\"nflatable pedal-operated SUP HOBIE MIRAGE iECLIPSE 11.0 The unique Mirage Eclipse was the world&#039;s first and most popular standing pedal board, but it was taken one step further, making it pedal-operated. Purpose Universal use Country of origin USA\" \/>\n<meta property=\"og:url\" content=\"https:\/\/www.waterskis.lv\/en\/product\/hobie-mirage-ieclipse-11-0\/\" \/>\n<meta property=\"og:site_name\" content=\"WATERSKIS.LV\" \/>\n<meta property=\"article:publisher\" content=\"https:\/\/www.facebook.com\/jurmalawaterskiwakeboardpark\/\" \/>\n<meta property=\"article:modified_time\" content=\"2026-02-01T13:31:50+00:00\" \/>\n<meta property=\"og:image\" content=\"https:\/\/www.waterskis.lv\/wp-content\/uploads\/2022\/01\/mirage-ieclipse-110.jpg\" \/>\n\t<meta property=\"og:image:width\" content=\"1000\" \/>\n\t<meta property=\"og:image:height\" content=\"1000\" \/>\n\t<meta property=\"og:image:type\" content=\"image\/jpeg\" \/>\n<meta name=\"twitter:card\" content=\"summary_large_image\" \/>\n<meta name=\"twitter:label1\" content=\"Est. reading time\" \/>\n\t<meta name=\"twitter:data1\" content=\"2 minutes\" \/>\n<script type=\"application\/ld+json\" class=\"yoast-schema-graph\">{\"@context\":\"https:\\\/\\\/schema.org\",\"@graph\":[{\"@type\":\"WebPage\",\"@id\":\"https:\\\/\\\/www.waterskis.lv\\\/en\\\/product\\\/hobie-mirage-ieclipse-11-0\\\/\",\"url\":\"https:\\\/\\\/www.waterskis.lv\\\/en\\\/product\\\/hobie-mirage-ieclipse-11-0\\\/\",\"name\":\"HOBIE MIRAGE iECLIPSE 11.0 - WATERSKIS.LV\",\"isPartOf\":{\"@id\":\"https:\\\/\\\/www.waterskis.lv\\\/en\\\/#website\"},\"primaryImageOfPage\":{\"@id\":\"https:\\\/\\\/www.waterskis.lv\\\/en\\\/product\\\/hobie-mirage-ieclipse-11-0\\\/#primaryimage\"},\"image\":{\"@id\":\"https:\\\/\\\/www.waterskis.lv\\\/en\\\/product\\\/hobie-mirage-ieclipse-11-0\\\/#primaryimage\"},\"thumbnailUrl\":\"https:\\\/\\\/www.waterskis.lv\\\/wp-content\\\/uploads\\\/2022\\\/01\\\/mirage-ieclipse-110.jpg\",\"datePublished\":\"2022-01-20T04:34:31+00:00\",\"dateModified\":\"2026-02-01T13:31:50+00:00\",\"description\":\"HOBIE MIRAGE iECLIPSE 11.0 - Inflatable Pedal powered stand-up paddle board the world's unique first standing pedal board is now inflatable\",\"breadcrumb\":{\"@id\":\"https:\\\/\\\/www.waterskis.lv\\\/en\\\/product\\\/hobie-mirage-ieclipse-11-0\\\/#breadcrumb\"},\"inLanguage\":\"en-US\",\"potentialAction\":[{\"@type\":\"ReadAction\",\"target\":[\"https:\\\/\\\/www.waterskis.lv\\\/en\\\/product\\\/hobie-mirage-ieclipse-11-0\\\/\"]}]},{\"@type\":\"ImageObject\",\"inLanguage\":\"en-US\",\"@id\":\"https:\\\/\\\/www.waterskis.lv\\\/en\\\/product\\\/hobie-mirage-ieclipse-11-0\\\/#primaryimage\",\"url\":\"https:\\\/\\\/www.waterskis.lv\\\/wp-content\\\/uploads\\\/2022\\\/01\\\/mirage-ieclipse-110.jpg\",\"contentUrl\":\"https:\\\/\\\/www.waterskis.lv\\\/wp-content\\\/uploads\\\/2022\\\/01\\\/mirage-ieclipse-110.jpg\",\"width\":1000,\"height\":1000,\"caption\":\"Inflatable Pedal powered stand-up paddle board HOBIE MIRAGE iECLIPSE 11.0\"},{\"@type\":\"BreadcrumbList\",\"@id\":\"https:\\\/\\\/www.waterskis.lv\\\/en\\\/product\\\/hobie-mirage-ieclipse-11-0\\\/#breadcrumb\",\"itemListElement\":[{\"@type\":\"ListItem\",\"position\":1,\"name\":\"Home\",\"item\":\"https:\\\/\\\/www.waterskis.lv\\\/en\\\/\"},{\"@type\":\"ListItem\",\"position\":2,\"name\":\"Shop\",\"item\":\"https:\\\/\\\/waterskis.lv\\\/en\\\/shop\\\/\"},{\"@type\":\"ListItem\",\"position\":3,\"name\":\"HOBIE MIRAGE iECLIPSE 11.0\"}]},{\"@type\":\"WebSite\",\"@id\":\"https:\\\/\\\/www.waterskis.lv\\\/en\\\/#website\",\"url\":\"https:\\\/\\\/www.waterskis.lv\\\/en\\\/\",\"name\":\"WATERSKIS.LV\",\"description\":\"SUP d\u0113\u013ci, kajaki, kanoe, airu laivas, \u016bdenssl\u0113po\u0161ana, veikbords, SUP d\u0113\u013cu noma, kajaku nomaakt\u012bv\u0101s atp\u016btas centrs, laivu noma, sup noma, kajaku noma\",\"publisher\":{\"@id\":\"https:\\\/\\\/www.waterskis.lv\\\/en\\\/#organization\"},\"potentialAction\":[{\"@type\":\"SearchAction\",\"target\":{\"@type\":\"EntryPoint\",\"urlTemplate\":\"https:\\\/\\\/www.waterskis.lv\\\/en\\\/?s={search_term_string}\"},\"query-input\":{\"@type\":\"PropertyValueSpecification\",\"valueRequired\":true,\"valueName\":\"search_term_string\"}}],\"inLanguage\":\"en-US\"},{\"@type\":\"Organization\",\"@id\":\"https:\\\/\\\/www.waterskis.lv\\\/en\\\/#organization\",\"name\":\"WATERSKIS.LV\",\"url\":\"https:\\\/\\\/www.waterskis.lv\\\/en\\\/\",\"logo\":{\"@type\":\"ImageObject\",\"inLanguage\":\"en-US\",\"@id\":\"https:\\\/\\\/www.waterskis.lv\\\/en\\\/#\\\/schema\\\/logo\\\/image\\\/\",\"url\":\"https:\\\/\\\/www.waterskis.lv\\\/wp-content\\\/uploads\\\/2025\\\/01\\\/JUVP-logo.png\",\"contentUrl\":\"https:\\\/\\\/www.waterskis.lv\\\/wp-content\\\/uploads\\\/2025\\\/01\\\/JUVP-logo.png\",\"width\":421,\"height\":202,\"caption\":\"WATERSKIS.LV\"},\"image\":{\"@id\":\"https:\\\/\\\/www.waterskis.lv\\\/en\\\/#\\\/schema\\\/logo\\\/image\\\/\"},\"sameAs\":[\"https:\\\/\\\/www.facebook.com\\\/jurmalawaterskiwakeboardpark\\\/\"]}]}<\/script>\n<!-- \/ Yoast SEO plugin. -->","yoast_head_json":{"title":"HOBIE MIRAGE iECLIPSE 11.0 - WATERSKIS.LV","description":"HOBIE MIRAGE iECLIPSE 11.0 - Inflatable Pedal powered stand-up paddle board the world's unique first standing pedal board is now inflatable","robots":{"index":"index","follow":"follow","max-snippet":"max-snippet:-1","max-image-preview":"max-image-preview:large","max-video-preview":"max-video-preview:-1"},"canonical":"https:\/\/www.waterskis.lv\/en\/product\/hobie-mirage-ieclipse-11-0\/","og_locale":"en_US","og_type":"article","og_title":"Inflatable Pedal powered stand-up paddle board HOBIE MIRAGE iECLIPSE 11.0","og_description":"nflatable pedal-operated SUP HOBIE MIRAGE iECLIPSE 11.0 The unique Mirage Eclipse was the world's first and most popular standing pedal board, but it was taken one step further, making it pedal-operated. Purpose Universal use Country of origin USA","og_url":"https:\/\/www.waterskis.lv\/en\/product\/hobie-mirage-ieclipse-11-0\/","og_site_name":"WATERSKIS.LV","article_publisher":"https:\/\/www.facebook.com\/jurmalawaterskiwakeboardpark\/","article_modified_time":"2026-02-01T13:31:50+00:00","og_image":[{"width":1000,"height":1000,"url":"https:\/\/www.waterskis.lv\/wp-content\/uploads\/2022\/01\/mirage-ieclipse-110.jpg","type":"image\/jpeg"}],"twitter_card":"summary_large_image","twitter_misc":{"Est. reading time":"2 minutes"},"schema":{"@context":"https:\/\/schema.org","@graph":[{"@type":"WebPage","@id":"https:\/\/www.waterskis.lv\/en\/product\/hobie-mirage-ieclipse-11-0\/","url":"https:\/\/www.waterskis.lv\/en\/product\/hobie-mirage-ieclipse-11-0\/","name":"HOBIE MIRAGE iECLIPSE 11.0 - WATERSKIS.LV","isPartOf":{"@id":"https:\/\/www.waterskis.lv\/en\/#website"},"primaryImageOfPage":{"@id":"https:\/\/www.waterskis.lv\/en\/product\/hobie-mirage-ieclipse-11-0\/#primaryimage"},"image":{"@id":"https:\/\/www.waterskis.lv\/en\/product\/hobie-mirage-ieclipse-11-0\/#primaryimage"},"thumbnailUrl":"https:\/\/www.waterskis.lv\/wp-content\/uploads\/2022\/01\/mirage-ieclipse-110.jpg","datePublished":"2022-01-20T04:34:31+00:00","dateModified":"2026-02-01T13:31:50+00:00","description":"HOBIE MIRAGE iECLIPSE 11.0 - Inflatable Pedal powered stand-up paddle board the world's unique first standing pedal board is now inflatable","breadcrumb":{"@id":"https:\/\/www.waterskis.lv\/en\/product\/hobie-mirage-ieclipse-11-0\/#breadcrumb"},"inLanguage":"en-US","potentialAction":[{"@type":"ReadAction","target":["https:\/\/www.waterskis.lv\/en\/product\/hobie-mirage-ieclipse-11-0\/"]}]},{"@type":"ImageObject","inLanguage":"en-US","@id":"https:\/\/www.waterskis.lv\/en\/product\/hobie-mirage-ieclipse-11-0\/#primaryimage","url":"https:\/\/www.waterskis.lv\/wp-content\/uploads\/2022\/01\/mirage-ieclipse-110.jpg","contentUrl":"https:\/\/www.waterskis.lv\/wp-content\/uploads\/2022\/01\/mirage-ieclipse-110.jpg","width":1000,"height":1000,"caption":"Inflatable Pedal powered stand-up paddle board HOBIE MIRAGE iECLIPSE 11.0"},{"@type":"BreadcrumbList","@id":"https:\/\/www.waterskis.lv\/en\/product\/hobie-mirage-ieclipse-11-0\/#breadcrumb","itemListElement":[{"@type":"ListItem","position":1,"name":"Home","item":"https:\/\/www.waterskis.lv\/en\/"},{"@type":"ListItem","position":2,"name":"Shop","item":"https:\/\/waterskis.lv\/en\/shop\/"},{"@type":"ListItem","position":3,"name":"HOBIE MIRAGE iECLIPSE 11.0"}]},{"@type":"WebSite","@id":"https:\/\/www.waterskis.lv\/en\/#website","url":"https:\/\/www.waterskis.lv\/en\/","name":"WATERSKIS.LV","description":"SUP d\u0113\u013ci, kajaki, kanoe, airu laivas, \u016bdenssl\u0113po\u0161ana, veikbords, SUP d\u0113\u013cu noma, kajaku nomaakt\u012bv\u0101s atp\u016btas centrs, laivu noma, sup noma, kajaku noma","publisher":{"@id":"https:\/\/www.waterskis.lv\/en\/#organization"},"potentialAction":[{"@type":"SearchAction","target":{"@type":"EntryPoint","urlTemplate":"https:\/\/www.waterskis.lv\/en\/?s={search_term_string}"},"query-input":{"@type":"PropertyValueSpecification","valueRequired":true,"valueName":"search_term_string"}}],"inLanguage":"en-US"},{"@type":"Organization","@id":"https:\/\/www.waterskis.lv\/en\/#organization","name":"WATERSKIS.LV","url":"https:\/\/www.waterskis.lv\/en\/","logo":{"@type":"ImageObject","inLanguage":"en-US","@id":"https:\/\/www.waterskis.lv\/en\/#\/schema\/logo\/image\/","url":"https:\/\/www.waterskis.lv\/wp-content\/uploads\/2025\/01\/JUVP-logo.png","contentUrl":"https:\/\/www.waterskis.lv\/wp-content\/uploads\/2025\/01\/JUVP-logo.png","width":421,"height":202,"caption":"WATERSKIS.LV"},"image":{"@id":"https:\/\/www.waterskis.lv\/en\/#\/schema\/logo\/image\/"},"sameAs":["https:\/\/www.facebook.com\/jurmalawaterskiwakeboardpark\/"]}]}},"_links":{"self":[{"href":"https:\/\/www.waterskis.lv\/en\/wp-json\/wp\/v2\/product\/34906","targetHints":{"allow":["GET"]}}],"collection":[{"href":"https:\/\/www.waterskis.lv\/en\/wp-json\/wp\/v2\/product"}],"about":[{"href":"https:\/\/www.waterskis.lv\/en\/wp-json\/wp\/v2\/types\/product"}],"replies":[{"embeddable":true,"href":"https:\/\/www.waterskis.lv\/en\/wp-json\/wp\/v2\/comments?post=34906"}],"wp:featuredmedia":[{"embeddable":true,"href":"https:\/\/www.waterskis.lv\/en\/wp-json\/wp\/v2\/media\/34891"}],"wp:attachment":[{"href":"https:\/\/www.waterskis.lv\/en\/wp-json\/wp\/v2\/media?parent=34906"}],"wp:term":[{"taxonomy":"product_brand","embeddable":true,"href":"https:\/\/www.waterskis.lv\/en\/wp-json\/wp\/v2\/product_brand?post=34906"},{"taxonomy":"product_cat","embeddable":true,"href":"https:\/\/www.waterskis.lv\/en\/wp-json\/wp\/v2\/product_cat?post=34906"},{"taxonomy":"product_tag","embeddable":true,"href":"https:\/\/www.waterskis.lv\/en\/wp-json\/wp\/v2\/product_tag?post=34906"}],"curies":[{"name":"wp","href":"https:\/\/api.w.org\/{rel}","templated":true}]}}