{"id":36267,"date":"2022-01-31T13:27:54","date_gmt":"2022-01-31T10:27:54","guid":{"rendered":"https:\/\/www.waterskis.lv\/products\/connelly-drifter-100-isup\/"},"modified":"2026-02-01T13:42:21","modified_gmt":"2026-02-01T11:42:21","slug":"connelly-drifter-100-isup","status":"publish","type":"product","link":"https:\/\/www.waterskis.lv\/en\/product\/connelly-drifter-100-isup\/","title":{"rendered":"CONNELLY DRIFTER 10&#8217;0&#8243; ISUP"},"content":{"rendered":"<h1>CONNELLY DRIFTER 10&#8217;0&#8243; ISUP<\/h1>\n<p>CONNELLY DRIFTER 10&#8217;0&#8243; ISUP<\/p>\n<p>This exceptionally light, low profile inflatable SUP is perfect for those who want to take their paddleboard adventures on the go. At 7.5 kg the 2022 Connelly Drifter iSUP is easily deflated, rolled up, and stowed with all its accessories for a quick hike to your favorite spot. High pressure drop stitch construction holds rigidity while remaining ultra-light and easy to maneuver<\/p>\n<ul>\n<li>All-Round SUP board<\/li>\n<li>Perfect for the beginner or first-time paddler;<\/li>\n<li>Works in pretty much any condition;<\/li>\n<li>Buoyant, stable and easy to ride;<\/li>\n<li>Family friendly, also perfect for kids;<\/li>\n<li>The most commonly used shape worldwide;<\/li>\n<li>Great pricing<\/li>\n<\/ul>\n<div id=\"s-58d8908d-0d31-43d6-8f50-062aacbbc0f4\" class=\"shg-c \">\n<div class=\"shg-rich-text shg-theme-text-content\">\n<ul>\n<li>4&#8243; high pressure drop stitch construction<\/li>\n<li>Soft sanded EVA pad<\/li>\n<li>Fusion wrapped rails for extra rigidity<\/li>\n<\/ul>\n<p class=\"p1\">Package Includes:<\/p>\n<ul>\n<li>3 piece adjustable paddle<\/li>\n<li>Carrying bag<\/li>\n<li>High pressure pump w\/gauge<\/li>\n<li>Patch &amp; repair kit<\/li>\n<li>Coil leash<\/li>\n<li>One removable 9\u2019\u2019 center fin<\/li>\n<\/ul>\n<\/div>\n<\/div>\n<div id=\"s-79b4c489-3c67-40ef-a402-5846d8b23b82\" class=\"shg-c shogun-image-container shg-align-center loaded\">\n<p>Connelly Drifter iSUP Package Sizing<\/p>\n<ul>\n<li>Length 10&#8217;0&#8243; \/ 304cm<\/li>\n<li>Width 30&#8243; \/ 76cm<\/li>\n<li>Thickness 4&#8243; \/ 10cm<\/li>\n<li>Volume 185 liters<\/li>\n<li>Weight 16 lbs \/ 7.5 kg<\/li>\n<li>Max. Payload 250 lbs \/ 115 kg<\/li>\n<\/ul>\n<\/div>\n","protected":false},"excerpt":{"rendered":"<p>This exceptionally light, low profile inflatable SUP is perfect for those who want to take their paddleboard adventures on the go. [&#8230;]<\/p>\n<p><a class=\"btn btn-secondary understrap-read-more-link\" href=\"https:\/\/www.waterskis.lv\/en\/product\/connelly-drifter-100-isup\/\">Read More&#8230;<\/a><\/p>\n","protected":false},"featured_media":35841,"comment_status":"closed","ping_status":"closed","template":"","meta":{"_acf_changed":false,"inline_featured_image":false},"product_brand":[1280],"product_cat":[939,700,361,502],"product_tag":[3172,2974,1334,1595,3173,3174,1335,3131,1336,3175,3140,3176,3141],"class_list":{"0":"post-36267","1":"product","2":"type-product","3":"status-publish","4":"has-post-thumbnail","6":"product_brand-connelly-water-sports","7":"product_cat-connelly-isup","8":"product_cat-inflatable-sup-boards","9":"product_cat-sale","10":"product_cat-stand-up-paddle-boards","11":"product_tag-aufblasbares-sup","12":"product_tag-connelly","13":"product_tag-paddle-boards","14":"product_tag-piepusami-sup-deli","15":"product_tag-stand-up-paddleboard","16":"product_tag-stand-up-paddling","17":"product_tag-sup","18":"product_tag-sup-boards","19":"product_tag-sup-deli","20":"product_tag-sup-surfer","21":"product_tag-sup-","22":"product_tag-supkayak","23":"product_tag-3141","25":"first","26":"instock","27":"sale","28":"shipping-taxable","29":"purchasable","30":"product-type-simple"},"acf":[],"yoast_head":"<!-- This site is optimized with the Yoast SEO plugin v27.3 - https:\/\/yoast.com\/product\/yoast-seo-wordpress\/ -->\n<title>CONNELLY DRIFTER 10&#039;0&quot; ISUP - WATERSKIS.LV<\/title>\n<meta name=\"description\" content=\"CONNELLY DRIFTER 10&#039;0 &quot;ISUP board ultra-light, low-profile inflatable SUP is perfect for those who want to go on an adventure\" \/>\n<meta name=\"robots\" content=\"index, follow, max-snippet:-1, max-image-preview:large, max-video-preview:-1\" \/>\n<link rel=\"canonical\" href=\"https:\/\/www.waterskis.lv\/en\/product\/connelly-drifter-100-isup\/\" \/>\n<meta property=\"og:locale\" content=\"en_US\" \/>\n<meta property=\"og:type\" content=\"article\" \/>\n<meta property=\"og:title\" content=\"CONNELLY DRIFTER 10&#039;0&quot; ISUP - WATERSKIS.LV\" \/>\n<meta property=\"og:description\" content=\"CONNELLY DRIFTER 10&#039;0 &quot;ISUP board ultra-light, low-profile inflatable SUP is perfect for those who want to go on an adventure\" \/>\n<meta property=\"og:url\" content=\"https:\/\/www.waterskis.lv\/en\/product\/connelly-drifter-100-isup\/\" \/>\n<meta property=\"og:site_name\" content=\"WATERSKIS.LV\" \/>\n<meta property=\"article:publisher\" content=\"https:\/\/www.facebook.com\/jurmalawaterskiwakeboardpark\/\" \/>\n<meta property=\"article:modified_time\" content=\"2026-02-01T11:42:21+00:00\" \/>\n<meta property=\"og:image\" content=\"https:\/\/www.waterskis.lv\/wp-content\/uploads\/2022\/01\/DrifterTop_1800x1800.png.jpg\" \/>\n\t<meta property=\"og:image:width\" content=\"1080\" \/>\n\t<meta property=\"og:image:height\" content=\"1080\" \/>\n\t<meta property=\"og:image:type\" content=\"image\/jpeg\" \/>\n<meta name=\"twitter:card\" content=\"summary_large_image\" \/>\n<meta name=\"twitter:label1\" content=\"Est. reading time\" \/>\n\t<meta name=\"twitter:data1\" content=\"2 minutes\" \/>\n<script type=\"application\/ld+json\" class=\"yoast-schema-graph\">{\"@context\":\"https:\\\/\\\/schema.org\",\"@graph\":[{\"@type\":\"WebPage\",\"@id\":\"https:\\\/\\\/www.waterskis.lv\\\/en\\\/product\\\/connelly-drifter-100-isup\\\/\",\"url\":\"https:\\\/\\\/www.waterskis.lv\\\/en\\\/product\\\/connelly-drifter-100-isup\\\/\",\"name\":\"CONNELLY DRIFTER 10'0\\\" ISUP - WATERSKIS.LV\",\"isPartOf\":{\"@id\":\"https:\\\/\\\/www.waterskis.lv\\\/en\\\/#website\"},\"primaryImageOfPage\":{\"@id\":\"https:\\\/\\\/www.waterskis.lv\\\/en\\\/product\\\/connelly-drifter-100-isup\\\/#primaryimage\"},\"image\":{\"@id\":\"https:\\\/\\\/www.waterskis.lv\\\/en\\\/product\\\/connelly-drifter-100-isup\\\/#primaryimage\"},\"thumbnailUrl\":\"https:\\\/\\\/www.waterskis.lv\\\/wp-content\\\/uploads\\\/2022\\\/01\\\/DrifterTop_1800x1800.png.jpg\",\"datePublished\":\"2022-01-31T10:27:54+00:00\",\"dateModified\":\"2026-02-01T11:42:21+00:00\",\"description\":\"CONNELLY DRIFTER 10'0 \\\"ISUP board ultra-light, low-profile inflatable SUP is perfect for those who want to go on an adventure\",\"breadcrumb\":{\"@id\":\"https:\\\/\\\/www.waterskis.lv\\\/en\\\/product\\\/connelly-drifter-100-isup\\\/#breadcrumb\"},\"inLanguage\":\"en-US\",\"potentialAction\":[{\"@type\":\"ReadAction\",\"target\":[\"https:\\\/\\\/www.waterskis.lv\\\/en\\\/product\\\/connelly-drifter-100-isup\\\/\"]}]},{\"@type\":\"ImageObject\",\"inLanguage\":\"en-US\",\"@id\":\"https:\\\/\\\/www.waterskis.lv\\\/en\\\/product\\\/connelly-drifter-100-isup\\\/#primaryimage\",\"url\":\"https:\\\/\\\/www.waterskis.lv\\\/wp-content\\\/uploads\\\/2022\\\/01\\\/DrifterTop_1800x1800.png.jpg\",\"contentUrl\":\"https:\\\/\\\/www.waterskis.lv\\\/wp-content\\\/uploads\\\/2022\\\/01\\\/DrifterTop_1800x1800.png.jpg\",\"width\":1080,\"height\":1080,\"caption\":\"CONNELLY DRIFTER 10'0\\\" ISUP\"},{\"@type\":\"BreadcrumbList\",\"@id\":\"https:\\\/\\\/www.waterskis.lv\\\/en\\\/product\\\/connelly-drifter-100-isup\\\/#breadcrumb\",\"itemListElement\":[{\"@type\":\"ListItem\",\"position\":1,\"name\":\"Home\",\"item\":\"https:\\\/\\\/www.waterskis.lv\\\/en\\\/\"},{\"@type\":\"ListItem\",\"position\":2,\"name\":\"Shop\",\"item\":\"https:\\\/\\\/waterskis.lv\\\/en\\\/shop\\\/\"},{\"@type\":\"ListItem\",\"position\":3,\"name\":\"CONNELLY DRIFTER 10&#8217;0&#8243; ISUP\"}]},{\"@type\":\"WebSite\",\"@id\":\"https:\\\/\\\/www.waterskis.lv\\\/en\\\/#website\",\"url\":\"https:\\\/\\\/www.waterskis.lv\\\/en\\\/\",\"name\":\"WATERSKIS.LV\",\"description\":\"SUP d\u0113\u013ci, kajaki, kanoe, airu laivas, \u016bdenssl\u0113po\u0161ana, veikbords, SUP d\u0113\u013cu noma, kajaku nomaakt\u012bv\u0101s atp\u016btas centrs, laivu noma, sup noma, kajaku noma\",\"publisher\":{\"@id\":\"https:\\\/\\\/www.waterskis.lv\\\/en\\\/#organization\"},\"potentialAction\":[{\"@type\":\"SearchAction\",\"target\":{\"@type\":\"EntryPoint\",\"urlTemplate\":\"https:\\\/\\\/www.waterskis.lv\\\/en\\\/?s={search_term_string}\"},\"query-input\":{\"@type\":\"PropertyValueSpecification\",\"valueRequired\":true,\"valueName\":\"search_term_string\"}}],\"inLanguage\":\"en-US\"},{\"@type\":\"Organization\",\"@id\":\"https:\\\/\\\/www.waterskis.lv\\\/en\\\/#organization\",\"name\":\"WATERSKIS.LV\",\"url\":\"https:\\\/\\\/www.waterskis.lv\\\/en\\\/\",\"logo\":{\"@type\":\"ImageObject\",\"inLanguage\":\"en-US\",\"@id\":\"https:\\\/\\\/www.waterskis.lv\\\/en\\\/#\\\/schema\\\/logo\\\/image\\\/\",\"url\":\"https:\\\/\\\/www.waterskis.lv\\\/wp-content\\\/uploads\\\/2025\\\/01\\\/JUVP-logo.png\",\"contentUrl\":\"https:\\\/\\\/www.waterskis.lv\\\/wp-content\\\/uploads\\\/2025\\\/01\\\/JUVP-logo.png\",\"width\":421,\"height\":202,\"caption\":\"WATERSKIS.LV\"},\"image\":{\"@id\":\"https:\\\/\\\/www.waterskis.lv\\\/en\\\/#\\\/schema\\\/logo\\\/image\\\/\"},\"sameAs\":[\"https:\\\/\\\/www.facebook.com\\\/jurmalawaterskiwakeboardpark\\\/\"]}]}<\/script>\n<!-- \/ Yoast SEO plugin. -->","yoast_head_json":{"title":"CONNELLY DRIFTER 10'0\" ISUP - WATERSKIS.LV","description":"CONNELLY DRIFTER 10'0 \"ISUP board ultra-light, low-profile inflatable SUP is perfect for those who want to go on an adventure","robots":{"index":"index","follow":"follow","max-snippet":"max-snippet:-1","max-image-preview":"max-image-preview:large","max-video-preview":"max-video-preview:-1"},"canonical":"https:\/\/www.waterskis.lv\/en\/product\/connelly-drifter-100-isup\/","og_locale":"en_US","og_type":"article","og_title":"CONNELLY DRIFTER 10'0\" ISUP - WATERSKIS.LV","og_description":"CONNELLY DRIFTER 10'0 \"ISUP board ultra-light, low-profile inflatable SUP is perfect for those who want to go on an adventure","og_url":"https:\/\/www.waterskis.lv\/en\/product\/connelly-drifter-100-isup\/","og_site_name":"WATERSKIS.LV","article_publisher":"https:\/\/www.facebook.com\/jurmalawaterskiwakeboardpark\/","article_modified_time":"2026-02-01T11:42:21+00:00","og_image":[{"width":1080,"height":1080,"url":"https:\/\/www.waterskis.lv\/wp-content\/uploads\/2022\/01\/DrifterTop_1800x1800.png.jpg","type":"image\/jpeg"}],"twitter_card":"summary_large_image","twitter_misc":{"Est. reading time":"2 minutes"},"schema":{"@context":"https:\/\/schema.org","@graph":[{"@type":"WebPage","@id":"https:\/\/www.waterskis.lv\/en\/product\/connelly-drifter-100-isup\/","url":"https:\/\/www.waterskis.lv\/en\/product\/connelly-drifter-100-isup\/","name":"CONNELLY DRIFTER 10'0\" ISUP - WATERSKIS.LV","isPartOf":{"@id":"https:\/\/www.waterskis.lv\/en\/#website"},"primaryImageOfPage":{"@id":"https:\/\/www.waterskis.lv\/en\/product\/connelly-drifter-100-isup\/#primaryimage"},"image":{"@id":"https:\/\/www.waterskis.lv\/en\/product\/connelly-drifter-100-isup\/#primaryimage"},"thumbnailUrl":"https:\/\/www.waterskis.lv\/wp-content\/uploads\/2022\/01\/DrifterTop_1800x1800.png.jpg","datePublished":"2022-01-31T10:27:54+00:00","dateModified":"2026-02-01T11:42:21+00:00","description":"CONNELLY DRIFTER 10'0 \"ISUP board ultra-light, low-profile inflatable SUP is perfect for those who want to go on an adventure","breadcrumb":{"@id":"https:\/\/www.waterskis.lv\/en\/product\/connelly-drifter-100-isup\/#breadcrumb"},"inLanguage":"en-US","potentialAction":[{"@type":"ReadAction","target":["https:\/\/www.waterskis.lv\/en\/product\/connelly-drifter-100-isup\/"]}]},{"@type":"ImageObject","inLanguage":"en-US","@id":"https:\/\/www.waterskis.lv\/en\/product\/connelly-drifter-100-isup\/#primaryimage","url":"https:\/\/www.waterskis.lv\/wp-content\/uploads\/2022\/01\/DrifterTop_1800x1800.png.jpg","contentUrl":"https:\/\/www.waterskis.lv\/wp-content\/uploads\/2022\/01\/DrifterTop_1800x1800.png.jpg","width":1080,"height":1080,"caption":"CONNELLY DRIFTER 10'0\" ISUP"},{"@type":"BreadcrumbList","@id":"https:\/\/www.waterskis.lv\/en\/product\/connelly-drifter-100-isup\/#breadcrumb","itemListElement":[{"@type":"ListItem","position":1,"name":"Home","item":"https:\/\/www.waterskis.lv\/en\/"},{"@type":"ListItem","position":2,"name":"Shop","item":"https:\/\/waterskis.lv\/en\/shop\/"},{"@type":"ListItem","position":3,"name":"CONNELLY DRIFTER 10&#8217;0&#8243; ISUP"}]},{"@type":"WebSite","@id":"https:\/\/www.waterskis.lv\/en\/#website","url":"https:\/\/www.waterskis.lv\/en\/","name":"WATERSKIS.LV","description":"SUP d\u0113\u013ci, kajaki, kanoe, airu laivas, \u016bdenssl\u0113po\u0161ana, veikbords, SUP d\u0113\u013cu noma, kajaku nomaakt\u012bv\u0101s atp\u016btas centrs, laivu noma, sup noma, kajaku noma","publisher":{"@id":"https:\/\/www.waterskis.lv\/en\/#organization"},"potentialAction":[{"@type":"SearchAction","target":{"@type":"EntryPoint","urlTemplate":"https:\/\/www.waterskis.lv\/en\/?s={search_term_string}"},"query-input":{"@type":"PropertyValueSpecification","valueRequired":true,"valueName":"search_term_string"}}],"inLanguage":"en-US"},{"@type":"Organization","@id":"https:\/\/www.waterskis.lv\/en\/#organization","name":"WATERSKIS.LV","url":"https:\/\/www.waterskis.lv\/en\/","logo":{"@type":"ImageObject","inLanguage":"en-US","@id":"https:\/\/www.waterskis.lv\/en\/#\/schema\/logo\/image\/","url":"https:\/\/www.waterskis.lv\/wp-content\/uploads\/2025\/01\/JUVP-logo.png","contentUrl":"https:\/\/www.waterskis.lv\/wp-content\/uploads\/2025\/01\/JUVP-logo.png","width":421,"height":202,"caption":"WATERSKIS.LV"},"image":{"@id":"https:\/\/www.waterskis.lv\/en\/#\/schema\/logo\/image\/"},"sameAs":["https:\/\/www.facebook.com\/jurmalawaterskiwakeboardpark\/"]}]}},"_links":{"self":[{"href":"https:\/\/www.waterskis.lv\/en\/wp-json\/wp\/v2\/product\/36267","targetHints":{"allow":["GET"]}}],"collection":[{"href":"https:\/\/www.waterskis.lv\/en\/wp-json\/wp\/v2\/product"}],"about":[{"href":"https:\/\/www.waterskis.lv\/en\/wp-json\/wp\/v2\/types\/product"}],"replies":[{"embeddable":true,"href":"https:\/\/www.waterskis.lv\/en\/wp-json\/wp\/v2\/comments?post=36267"}],"wp:featuredmedia":[{"embeddable":true,"href":"https:\/\/www.waterskis.lv\/en\/wp-json\/wp\/v2\/media\/35841"}],"wp:attachment":[{"href":"https:\/\/www.waterskis.lv\/en\/wp-json\/wp\/v2\/media?parent=36267"}],"wp:term":[{"taxonomy":"product_brand","embeddable":true,"href":"https:\/\/www.waterskis.lv\/en\/wp-json\/wp\/v2\/product_brand?post=36267"},{"taxonomy":"product_cat","embeddable":true,"href":"https:\/\/www.waterskis.lv\/en\/wp-json\/wp\/v2\/product_cat?post=36267"},{"taxonomy":"product_tag","embeddable":true,"href":"https:\/\/www.waterskis.lv\/en\/wp-json\/wp\/v2\/product_tag?post=36267"}],"curies":[{"name":"wp","href":"https:\/\/api.w.org\/{rel}","templated":true}]}}