{"id":36320,"date":"2022-01-07T12:00:46","date_gmt":"2022-01-07T09:00:46","guid":{"rendered":"https:\/\/www.waterskis.lv\/products\/gauja-240r\/"},"modified":"2022-03-08T11:57:15","modified_gmt":"2022-03-08T08:57:15","slug":"gauja-240r","status":"publish","type":"product","link":"https:\/\/www.waterskis.lv\/en\/product\/gauja-240r\/","title":{"rendered":"Gauja 240R"},"content":{"rendered":"<p>Gauja 240R<\/p>\n<p>Models of \u00abGAUJA\u201d series, with minimum weight and draft, are designed for use in small ponds. Perfect boat for fishing, hunting, as well as leisure on water, is available in different versions: with an inflatable, or a simple bottom rack. The design of the boat gives it an easy course and excellent surf ability. Rubbing strake protects sides from abrasion. The boat has a seat on sliding rails, which allow them to move easily across the entire working area, the bottom of the rack is made of waterproof plywood. Once assembled, the boat fits in one bag, it is possible to travel long distances to the reservoir or can be easily placed in the car trunk. The boat is not equipped with a removable transom to install a small outboard motor (gasoline, electric). On request, the boat can be equipped with hinged transom.<\/p>\n<table class=\"table\">\n<tbody>\n<tr>\n<th>LENGTH, M<\/th>\n<td>2.40<\/td>\n<\/tr>\n<tr>\n<th>WIDTH, M<\/th>\n<td>1.27<\/td>\n<\/tr>\n<tr>\n<th>INSIDE LENGTH, M<\/th>\n<td>1.70<\/td>\n<\/tr>\n<tr>\n<th>INSIDE WIDTH, M<\/th>\n<td>0.55<\/td>\n<\/tr>\n<tr>\n<th>BALLOON`S DIAMETER, M<\/th>\n<td>0.36<\/td>\n<\/tr>\n<tr>\n<th>NUMBER OF PEOPLE<\/th>\n<td>2<\/td>\n<\/tr>\n<tr>\n<th>NUMBER OF COLLECTORS<\/th>\n<td>2<\/td>\n<\/tr>\n<tr>\n<th>TONNAGE, KG<\/th>\n<td>300<\/td>\n<\/tr>\n<tr>\n<th>SET WEIGHT, KG<\/th>\n<td>22<\/td>\n<\/tr>\n<tr>\n<th>BOAT DESIGN CATEGORY<\/th>\n<td>D<\/td>\n<\/tr>\n<tr>\n<th>PACKAGE DIMENSIONS<\/th>\n<td>1.00\u00d70.40\u00d70.35<\/td>\n<\/tr>\n<tr>\n<th>FLOOR TYPE<\/th>\n<td>Slatted deck<\/td>\n<\/tr>\n<\/tbody>\n<\/table>\n<p>&nbsp;<\/p>\n<table class=\"grid_4\">\n<tbody>\n<tr>\n<td>Boat<\/td>\n<td>1 p.<\/td>\n<\/tr>\n<tr>\n<td>Air \u2013 pump<\/td>\n<td>1 p.<\/td>\n<\/tr>\n<tr>\n<td>Oar<\/td>\n<td>2 p.<\/td>\n<\/tr>\n<tr>\n<td>Repai set<\/td>\n<td>1 \u00a0p.<\/td>\n<\/tr>\n<tr>\n<td>Bag for boat<\/td>\n<td>1 p.<\/td>\n<\/tr>\n<tr>\n<td>Chair<\/td>\n<td>2 p.<\/td>\n<\/tr>\n<tr>\n<td>Wooden slats<\/td>\n<td>4 p.<\/td>\n<\/tr>\n<\/tbody>\n<\/table>\n<p>&nbsp;<\/p>\n<p>Gauja 240R<\/p>\n","protected":false},"excerpt":{"rendered":"<p>Gauja 240R Models of \u00abGAUJA\u201d series, with minimum weight and draft, are designed for use in small ponds. Perfect boat for fishing, hunting, as well as leisure on water, is available in different versions: with an inflatable, or a simple bottom rack. The design of the boat gives it an easy course and excellent surf [&#8230;]<\/p>\n<p><a class=\"btn btn-secondary understrap-read-more-link\" href=\"https:\/\/www.waterskis.lv\/en\/product\/gauja-240r\/\">Read More&#8230;<\/a><\/p>\n","protected":false},"featured_media":34086,"comment_status":"closed","ping_status":"closed","template":"","meta":{"_acf_changed":false,"inline_featured_image":false},"product_brand":[],"product_cat":[571],"product_tag":[],"class_list":{"0":"post-36320","1":"product","2":"type-product","3":"status-publish","4":"has-post-thumbnail","6":"product_cat-boats","8":"first","9":"instock","10":"shipping-taxable","11":"purchasable","12":"product-type-simple"},"acf":[],"yoast_head":"<!-- This site is optimized with the Yoast SEO plugin v27.3 - https:\/\/yoast.com\/product\/yoast-seo-wordpress\/ -->\n<title>Gauja 240R - WATERSKIS.LV<\/title>\n<meta name=\"description\" content=\"Gauja 240R. Piep\u016b\u0161amaj\u0101m &quot;Gauja\u201d s\u0113rijas laiv\u0101m piem\u012bt minim\u0101ls svars un iegrime. T\u0101s ir paredz\u0113tas ekspluat\u0101cijai neliel\u0101s \u016bdens kr\u0101tuv\u0113s.\" \/>\n<meta name=\"robots\" content=\"index, follow, max-snippet:-1, max-image-preview:large, max-video-preview:-1\" \/>\n<link rel=\"canonical\" href=\"https:\/\/www.waterskis.lv\/en\/product\/gauja-240r\/\" \/>\n<meta property=\"og:locale\" content=\"en_US\" \/>\n<meta property=\"og:type\" content=\"article\" \/>\n<meta property=\"og:title\" content=\"Gauja 240R - WATERSKIS.LV\" \/>\n<meta property=\"og:description\" content=\"Gauja 240R. Piep\u016b\u0161amaj\u0101m &quot;Gauja\u201d s\u0113rijas laiv\u0101m piem\u012bt minim\u0101ls svars un iegrime. T\u0101s ir paredz\u0113tas ekspluat\u0101cijai neliel\u0101s \u016bdens kr\u0101tuv\u0113s.\" \/>\n<meta property=\"og:url\" content=\"https:\/\/www.waterskis.lv\/en\/product\/gauja-240r\/\" \/>\n<meta property=\"og:site_name\" content=\"WATERSKIS.LV\" \/>\n<meta property=\"article:publisher\" content=\"https:\/\/www.facebook.com\/jurmalawaterskiwakeboardpark\/\" \/>\n<meta property=\"article:modified_time\" content=\"2022-03-08T08:57:15+00:00\" \/>\n<meta property=\"og:image\" content=\"https:\/\/www.waterskis.lv\/wp-content\/uploads\/2022\/01\/Gauja.jpg\" \/>\n\t<meta property=\"og:image:width\" content=\"1324\" \/>\n\t<meta property=\"og:image:height\" content=\"882\" \/>\n\t<meta property=\"og:image:type\" content=\"image\/jpeg\" \/>\n<meta name=\"twitter:card\" content=\"summary_large_image\" \/>\n<meta name=\"twitter:label1\" content=\"Est. reading time\" \/>\n\t<meta name=\"twitter:data1\" content=\"2 minutes\" \/>\n<script type=\"application\/ld+json\" class=\"yoast-schema-graph\">{\"@context\":\"https:\\\/\\\/schema.org\",\"@graph\":[{\"@type\":\"WebPage\",\"@id\":\"https:\\\/\\\/www.waterskis.lv\\\/en\\\/product\\\/gauja-240r\\\/\",\"url\":\"https:\\\/\\\/www.waterskis.lv\\\/en\\\/product\\\/gauja-240r\\\/\",\"name\":\"Gauja 240R - WATERSKIS.LV\",\"isPartOf\":{\"@id\":\"https:\\\/\\\/www.waterskis.lv\\\/en\\\/#website\"},\"primaryImageOfPage\":{\"@id\":\"https:\\\/\\\/www.waterskis.lv\\\/en\\\/product\\\/gauja-240r\\\/#primaryimage\"},\"image\":{\"@id\":\"https:\\\/\\\/www.waterskis.lv\\\/en\\\/product\\\/gauja-240r\\\/#primaryimage\"},\"thumbnailUrl\":\"https:\\\/\\\/www.waterskis.lv\\\/wp-content\\\/uploads\\\/2022\\\/01\\\/Gauja.jpg\",\"datePublished\":\"2022-01-07T09:00:46+00:00\",\"dateModified\":\"2022-03-08T08:57:15+00:00\",\"description\":\"Gauja 240R. Piep\u016b\u0161amaj\u0101m \\\"Gauja\u201d s\u0113rijas laiv\u0101m piem\u012bt minim\u0101ls svars un iegrime. T\u0101s ir paredz\u0113tas ekspluat\u0101cijai neliel\u0101s \u016bdens kr\u0101tuv\u0113s.\",\"breadcrumb\":{\"@id\":\"https:\\\/\\\/www.waterskis.lv\\\/en\\\/product\\\/gauja-240r\\\/#breadcrumb\"},\"inLanguage\":\"en-US\",\"potentialAction\":[{\"@type\":\"ReadAction\",\"target\":[\"https:\\\/\\\/www.waterskis.lv\\\/en\\\/product\\\/gauja-240r\\\/\"]}]},{\"@type\":\"ImageObject\",\"inLanguage\":\"en-US\",\"@id\":\"https:\\\/\\\/www.waterskis.lv\\\/en\\\/product\\\/gauja-240r\\\/#primaryimage\",\"url\":\"https:\\\/\\\/www.waterskis.lv\\\/wp-content\\\/uploads\\\/2022\\\/01\\\/Gauja.jpg\",\"contentUrl\":\"https:\\\/\\\/www.waterskis.lv\\\/wp-content\\\/uploads\\\/2022\\\/01\\\/Gauja.jpg\",\"width\":1324,\"height\":882,\"caption\":\"Gauja 240R\"},{\"@type\":\"BreadcrumbList\",\"@id\":\"https:\\\/\\\/www.waterskis.lv\\\/en\\\/product\\\/gauja-240r\\\/#breadcrumb\",\"itemListElement\":[{\"@type\":\"ListItem\",\"position\":1,\"name\":\"Home\",\"item\":\"https:\\\/\\\/www.waterskis.lv\\\/en\\\/\"},{\"@type\":\"ListItem\",\"position\":2,\"name\":\"Shop\",\"item\":\"https:\\\/\\\/waterskis.lv\\\/en\\\/shop\\\/\"},{\"@type\":\"ListItem\",\"position\":3,\"name\":\"Gauja 240R\"}]},{\"@type\":\"WebSite\",\"@id\":\"https:\\\/\\\/www.waterskis.lv\\\/en\\\/#website\",\"url\":\"https:\\\/\\\/www.waterskis.lv\\\/en\\\/\",\"name\":\"WATERSKIS.LV\",\"description\":\"SUP d\u0113\u013ci, kajaki, kanoe, airu laivas, \u016bdenssl\u0113po\u0161ana, veikbords, SUP d\u0113\u013cu noma, kajaku nomaakt\u012bv\u0101s atp\u016btas centrs, laivu noma, sup noma, kajaku noma\",\"publisher\":{\"@id\":\"https:\\\/\\\/www.waterskis.lv\\\/en\\\/#organization\"},\"potentialAction\":[{\"@type\":\"SearchAction\",\"target\":{\"@type\":\"EntryPoint\",\"urlTemplate\":\"https:\\\/\\\/www.waterskis.lv\\\/en\\\/?s={search_term_string}\"},\"query-input\":{\"@type\":\"PropertyValueSpecification\",\"valueRequired\":true,\"valueName\":\"search_term_string\"}}],\"inLanguage\":\"en-US\"},{\"@type\":\"Organization\",\"@id\":\"https:\\\/\\\/www.waterskis.lv\\\/en\\\/#organization\",\"name\":\"WATERSKIS.LV\",\"url\":\"https:\\\/\\\/www.waterskis.lv\\\/en\\\/\",\"logo\":{\"@type\":\"ImageObject\",\"inLanguage\":\"en-US\",\"@id\":\"https:\\\/\\\/www.waterskis.lv\\\/en\\\/#\\\/schema\\\/logo\\\/image\\\/\",\"url\":\"https:\\\/\\\/www.waterskis.lv\\\/wp-content\\\/uploads\\\/2025\\\/01\\\/JUVP-logo.png\",\"contentUrl\":\"https:\\\/\\\/www.waterskis.lv\\\/wp-content\\\/uploads\\\/2025\\\/01\\\/JUVP-logo.png\",\"width\":421,\"height\":202,\"caption\":\"WATERSKIS.LV\"},\"image\":{\"@id\":\"https:\\\/\\\/www.waterskis.lv\\\/en\\\/#\\\/schema\\\/logo\\\/image\\\/\"},\"sameAs\":[\"https:\\\/\\\/www.facebook.com\\\/jurmalawaterskiwakeboardpark\\\/\"]}]}<\/script>\n<!-- \/ Yoast SEO plugin. -->","yoast_head_json":{"title":"Gauja 240R - WATERSKIS.LV","description":"Gauja 240R. Piep\u016b\u0161amaj\u0101m \"Gauja\u201d s\u0113rijas laiv\u0101m piem\u012bt minim\u0101ls svars un iegrime. T\u0101s ir paredz\u0113tas ekspluat\u0101cijai neliel\u0101s \u016bdens kr\u0101tuv\u0113s.","robots":{"index":"index","follow":"follow","max-snippet":"max-snippet:-1","max-image-preview":"max-image-preview:large","max-video-preview":"max-video-preview:-1"},"canonical":"https:\/\/www.waterskis.lv\/en\/product\/gauja-240r\/","og_locale":"en_US","og_type":"article","og_title":"Gauja 240R - WATERSKIS.LV","og_description":"Gauja 240R. Piep\u016b\u0161amaj\u0101m \"Gauja\u201d s\u0113rijas laiv\u0101m piem\u012bt minim\u0101ls svars un iegrime. T\u0101s ir paredz\u0113tas ekspluat\u0101cijai neliel\u0101s \u016bdens kr\u0101tuv\u0113s.","og_url":"https:\/\/www.waterskis.lv\/en\/product\/gauja-240r\/","og_site_name":"WATERSKIS.LV","article_publisher":"https:\/\/www.facebook.com\/jurmalawaterskiwakeboardpark\/","article_modified_time":"2022-03-08T08:57:15+00:00","og_image":[{"width":1324,"height":882,"url":"https:\/\/www.waterskis.lv\/wp-content\/uploads\/2022\/01\/Gauja.jpg","type":"image\/jpeg"}],"twitter_card":"summary_large_image","twitter_misc":{"Est. reading time":"2 minutes"},"schema":{"@context":"https:\/\/schema.org","@graph":[{"@type":"WebPage","@id":"https:\/\/www.waterskis.lv\/en\/product\/gauja-240r\/","url":"https:\/\/www.waterskis.lv\/en\/product\/gauja-240r\/","name":"Gauja 240R - WATERSKIS.LV","isPartOf":{"@id":"https:\/\/www.waterskis.lv\/en\/#website"},"primaryImageOfPage":{"@id":"https:\/\/www.waterskis.lv\/en\/product\/gauja-240r\/#primaryimage"},"image":{"@id":"https:\/\/www.waterskis.lv\/en\/product\/gauja-240r\/#primaryimage"},"thumbnailUrl":"https:\/\/www.waterskis.lv\/wp-content\/uploads\/2022\/01\/Gauja.jpg","datePublished":"2022-01-07T09:00:46+00:00","dateModified":"2022-03-08T08:57:15+00:00","description":"Gauja 240R. Piep\u016b\u0161amaj\u0101m \"Gauja\u201d s\u0113rijas laiv\u0101m piem\u012bt minim\u0101ls svars un iegrime. T\u0101s ir paredz\u0113tas ekspluat\u0101cijai neliel\u0101s \u016bdens kr\u0101tuv\u0113s.","breadcrumb":{"@id":"https:\/\/www.waterskis.lv\/en\/product\/gauja-240r\/#breadcrumb"},"inLanguage":"en-US","potentialAction":[{"@type":"ReadAction","target":["https:\/\/www.waterskis.lv\/en\/product\/gauja-240r\/"]}]},{"@type":"ImageObject","inLanguage":"en-US","@id":"https:\/\/www.waterskis.lv\/en\/product\/gauja-240r\/#primaryimage","url":"https:\/\/www.waterskis.lv\/wp-content\/uploads\/2022\/01\/Gauja.jpg","contentUrl":"https:\/\/www.waterskis.lv\/wp-content\/uploads\/2022\/01\/Gauja.jpg","width":1324,"height":882,"caption":"Gauja 240R"},{"@type":"BreadcrumbList","@id":"https:\/\/www.waterskis.lv\/en\/product\/gauja-240r\/#breadcrumb","itemListElement":[{"@type":"ListItem","position":1,"name":"Home","item":"https:\/\/www.waterskis.lv\/en\/"},{"@type":"ListItem","position":2,"name":"Shop","item":"https:\/\/waterskis.lv\/en\/shop\/"},{"@type":"ListItem","position":3,"name":"Gauja 240R"}]},{"@type":"WebSite","@id":"https:\/\/www.waterskis.lv\/en\/#website","url":"https:\/\/www.waterskis.lv\/en\/","name":"WATERSKIS.LV","description":"SUP d\u0113\u013ci, kajaki, kanoe, airu laivas, \u016bdenssl\u0113po\u0161ana, veikbords, SUP d\u0113\u013cu noma, kajaku nomaakt\u012bv\u0101s atp\u016btas centrs, laivu noma, sup noma, kajaku noma","publisher":{"@id":"https:\/\/www.waterskis.lv\/en\/#organization"},"potentialAction":[{"@type":"SearchAction","target":{"@type":"EntryPoint","urlTemplate":"https:\/\/www.waterskis.lv\/en\/?s={search_term_string}"},"query-input":{"@type":"PropertyValueSpecification","valueRequired":true,"valueName":"search_term_string"}}],"inLanguage":"en-US"},{"@type":"Organization","@id":"https:\/\/www.waterskis.lv\/en\/#organization","name":"WATERSKIS.LV","url":"https:\/\/www.waterskis.lv\/en\/","logo":{"@type":"ImageObject","inLanguage":"en-US","@id":"https:\/\/www.waterskis.lv\/en\/#\/schema\/logo\/image\/","url":"https:\/\/www.waterskis.lv\/wp-content\/uploads\/2025\/01\/JUVP-logo.png","contentUrl":"https:\/\/www.waterskis.lv\/wp-content\/uploads\/2025\/01\/JUVP-logo.png","width":421,"height":202,"caption":"WATERSKIS.LV"},"image":{"@id":"https:\/\/www.waterskis.lv\/en\/#\/schema\/logo\/image\/"},"sameAs":["https:\/\/www.facebook.com\/jurmalawaterskiwakeboardpark\/"]}]}},"_links":{"self":[{"href":"https:\/\/www.waterskis.lv\/en\/wp-json\/wp\/v2\/product\/36320","targetHints":{"allow":["GET"]}}],"collection":[{"href":"https:\/\/www.waterskis.lv\/en\/wp-json\/wp\/v2\/product"}],"about":[{"href":"https:\/\/www.waterskis.lv\/en\/wp-json\/wp\/v2\/types\/product"}],"replies":[{"embeddable":true,"href":"https:\/\/www.waterskis.lv\/en\/wp-json\/wp\/v2\/comments?post=36320"}],"wp:featuredmedia":[{"embeddable":true,"href":"https:\/\/www.waterskis.lv\/en\/wp-json\/wp\/v2\/media\/34086"}],"wp:attachment":[{"href":"https:\/\/www.waterskis.lv\/en\/wp-json\/wp\/v2\/media?parent=36320"}],"wp:term":[{"taxonomy":"product_brand","embeddable":true,"href":"https:\/\/www.waterskis.lv\/en\/wp-json\/wp\/v2\/product_brand?post=36320"},{"taxonomy":"product_cat","embeddable":true,"href":"https:\/\/www.waterskis.lv\/en\/wp-json\/wp\/v2\/product_cat?post=36320"},{"taxonomy":"product_tag","embeddable":true,"href":"https:\/\/www.waterskis.lv\/en\/wp-json\/wp\/v2\/product_tag?post=36320"}],"curies":[{"name":"wp","href":"https:\/\/api.w.org\/{rel}","templated":true}]}}