{"id":36331,"date":"2021-07-05T13:39:11","date_gmt":"2021-07-05T10:39:11","guid":{"rendered":"https:\/\/www.waterskis.lv\/products\/connelly-firecracker-48\/"},"modified":"2026-01-28T14:05:11","modified_gmt":"2026-01-28T12:05:11","slug":"connelly-kids-firecracker-48-combo","status":"publish","type":"product","link":"https:\/\/www.waterskis.lv\/en\/product\/connelly-kids-firecracker-48-combo\/","title":{"rendered":"CONNELLY KIDS FIRECRACKER 48&#8243; COMBO"},"content":{"rendered":"<h1>CONNELLY KIDS FIRECRACKER 48&#8243; COMBO<\/h1>\n<p>A single piece &#8220;U&#8221; shaped design provides youngsters with the most stable platform learn the basics of skiing. The integrated two handle rope system is held by a spotter and connects directly to the platform and then extends to the rider. This eliminates the burden of holding yourself up on starts, and the spotter can drop the handle to release the rider when they&#8217;re done.<\/p>\n<div class=\"accordion__title\">\n<div class=\"paragraph\"><span style=\"color: #000000;\">FEATURES<\/span><\/div>\n<\/div>\n<div class=\"accordion__content\">\n<div>\n<div>\n<div><\/div>\n<div class=\"paragraph\">\u2022 Bamboo construction<br \/>\n\u2022 Stable U-shaped trainer<br \/>\n\u2022 Firecracker rope with boat-side safety handle<\/div>\n<\/div>\n<\/div>\n<\/div>\n<div><\/div>\n<div>\n<div class=\"accordion__content\">\n<div>\n<div><span style=\"color: #000000; font-size: large;\">RECOMMENDED BINDINGS\u00a0<\/span><\/div>\n<\/div>\n<div class=\"paragraph\">\u2022 Foot strap with traction pad<\/div>\n<div><\/div>\n<div class=\"paragraph\"><span style=\"color: #000000; font-size: large;\">FIN<\/span><\/div>\n<\/div>\n<\/div>\n<div>\n<div class=\"paragraph\">\u2022 Glass filled nylon<\/div>\n<div><\/div>\n<div class=\"paragraph\"><span style=\"color: #000000; font-size: large;\">SUGGESTED SKI SIZE AND BINDING LOCATION BY SKIER WEIGHT<\/span><\/div>\n<\/div>\n<div>\n<div class=\"paragraph\">Size | Skier Weight | Foot Size<strong><br \/>\n\u200b<\/strong><br \/>\n48\u201d \/ 122 cm | \u226485lbs | 1-4<\/div>\n<\/div>\n<div><\/div>\n<div>CONNELLY KIDS FIRECRACKER 48&#8243; COMBO<\/div>\n","protected":false},"excerpt":{"rendered":"<p>https:\/\/www.youtube.com\/watch?v=qNfcaqii5AU [&#8230;]<\/p>\n<p><a class=\"btn btn-secondary understrap-read-more-link\" href=\"https:\/\/www.waterskis.lv\/en\/product\/connelly-kids-firecracker-48-combo\/\">Read More&#8230;<\/a><\/p>\n","protected":false},"featured_media":29494,"comment_status":"closed","ping_status":"closed","template":"","meta":{"_acf_changed":false,"inline_featured_image":false},"product_brand":[1280],"product_cat":[562,561],"product_tag":[2373,2945],"class_list":{"0":"post-36331","1":"product","2":"type-product","3":"status-publish","4":"has-post-thumbnail","6":"product_brand-connelly-water-sports","7":"product_cat-kids-water-skis","8":"product_cat-waterskis","9":"product_tag-bernu-udensslepes","10":"product_tag-waterskis","12":"first","13":"instock","14":"shipping-taxable","15":"purchasable","16":"product-type-simple"},"acf":[],"yoast_head":"<!-- This site is optimized with the Yoast SEO plugin v27.3 - https:\/\/yoast.com\/product\/yoast-seo-wordpress\/ -->\n<title>CONNELLY KIDS FIRECRACKER 48&quot; COMBO - WATERSKIS.LV<\/title>\n<meta name=\"description\" content=\"CONNELLY KIDS FIRECRACKER 48&quot; COMBO waterskis one-piece U shape design provides the most stable platform for children to learn the basics\" \/>\n<meta name=\"robots\" content=\"index, follow, max-snippet:-1, max-image-preview:large, max-video-preview:-1\" \/>\n<link rel=\"canonical\" href=\"https:\/\/www.waterskis.lv\/en\/product\/connelly-kids-firecracker-48-combo\/\" \/>\n<meta property=\"og:locale\" content=\"en_US\" \/>\n<meta property=\"og:type\" content=\"article\" \/>\n<meta property=\"og:title\" content=\"CONNELLY KIDS FIRECRACKER 48&quot; COMBO - WATERSKIS.LV\" \/>\n<meta property=\"og:description\" content=\"CONNELLY KIDS FIRECRACKER 48&quot; COMBO waterskis one-piece U shape design provides the most stable platform for children to learn the basics\" \/>\n<meta property=\"og:url\" content=\"https:\/\/www.waterskis.lv\/en\/product\/connelly-kids-firecracker-48-combo\/\" \/>\n<meta property=\"og:site_name\" content=\"WATERSKIS.LV\" \/>\n<meta property=\"article:publisher\" content=\"https:\/\/www.facebook.com\/jurmalawaterskiwakeboardpark\/\" \/>\n<meta property=\"article:modified_time\" content=\"2026-01-28T12:05:11+00:00\" \/>\n<meta property=\"og:image\" content=\"https:\/\/www.waterskis.lv\/wp-content\/uploads\/2021\/07\/Firecracker.jpeg\" \/>\n\t<meta property=\"og:image:width\" content=\"1080\" \/>\n\t<meta property=\"og:image:height\" content=\"1080\" \/>\n\t<meta property=\"og:image:type\" content=\"image\/jpeg\" \/>\n<meta name=\"twitter:card\" content=\"summary_large_image\" \/>\n<meta name=\"twitter:label1\" content=\"Est. reading time\" \/>\n\t<meta name=\"twitter:data1\" content=\"1 minute\" \/>\n<script type=\"application\/ld+json\" class=\"yoast-schema-graph\">{\"@context\":\"https:\\\/\\\/schema.org\",\"@graph\":[{\"@type\":\"WebPage\",\"@id\":\"https:\\\/\\\/www.waterskis.lv\\\/en\\\/product\\\/connelly-kids-firecracker-48-combo\\\/\",\"url\":\"https:\\\/\\\/www.waterskis.lv\\\/en\\\/product\\\/connelly-kids-firecracker-48-combo\\\/\",\"name\":\"CONNELLY KIDS FIRECRACKER 48\\\" COMBO - WATERSKIS.LV\",\"isPartOf\":{\"@id\":\"https:\\\/\\\/www.waterskis.lv\\\/en\\\/#website\"},\"primaryImageOfPage\":{\"@id\":\"https:\\\/\\\/www.waterskis.lv\\\/en\\\/product\\\/connelly-kids-firecracker-48-combo\\\/#primaryimage\"},\"image\":{\"@id\":\"https:\\\/\\\/www.waterskis.lv\\\/en\\\/product\\\/connelly-kids-firecracker-48-combo\\\/#primaryimage\"},\"thumbnailUrl\":\"https:\\\/\\\/www.waterskis.lv\\\/wp-content\\\/uploads\\\/2021\\\/07\\\/Firecracker.jpeg\",\"datePublished\":\"2021-07-05T10:39:11+00:00\",\"dateModified\":\"2026-01-28T12:05:11+00:00\",\"description\":\"CONNELLY KIDS FIRECRACKER 48\\\" COMBO waterskis one-piece U shape design provides the most stable platform for children to learn the basics\",\"breadcrumb\":{\"@id\":\"https:\\\/\\\/www.waterskis.lv\\\/en\\\/product\\\/connelly-kids-firecracker-48-combo\\\/#breadcrumb\"},\"inLanguage\":\"en-US\",\"potentialAction\":[{\"@type\":\"ReadAction\",\"target\":[\"https:\\\/\\\/www.waterskis.lv\\\/en\\\/product\\\/connelly-kids-firecracker-48-combo\\\/\"]}]},{\"@type\":\"ImageObject\",\"inLanguage\":\"en-US\",\"@id\":\"https:\\\/\\\/www.waterskis.lv\\\/en\\\/product\\\/connelly-kids-firecracker-48-combo\\\/#primaryimage\",\"url\":\"https:\\\/\\\/www.waterskis.lv\\\/wp-content\\\/uploads\\\/2021\\\/07\\\/Firecracker.jpeg\",\"contentUrl\":\"https:\\\/\\\/www.waterskis.lv\\\/wp-content\\\/uploads\\\/2021\\\/07\\\/Firecracker.jpeg\",\"width\":1080,\"height\":1080,\"caption\":\"CONNELLY KIDS FIRECRACKER 48\\\" COMBO\"},{\"@type\":\"BreadcrumbList\",\"@id\":\"https:\\\/\\\/www.waterskis.lv\\\/en\\\/product\\\/connelly-kids-firecracker-48-combo\\\/#breadcrumb\",\"itemListElement\":[{\"@type\":\"ListItem\",\"position\":1,\"name\":\"Home\",\"item\":\"https:\\\/\\\/www.waterskis.lv\\\/en\\\/\"},{\"@type\":\"ListItem\",\"position\":2,\"name\":\"Shop\",\"item\":\"https:\\\/\\\/waterskis.lv\\\/en\\\/shop\\\/\"},{\"@type\":\"ListItem\",\"position\":3,\"name\":\"CONNELLY KIDS FIRECRACKER 48&#8243; COMBO\"}]},{\"@type\":\"WebSite\",\"@id\":\"https:\\\/\\\/www.waterskis.lv\\\/en\\\/#website\",\"url\":\"https:\\\/\\\/www.waterskis.lv\\\/en\\\/\",\"name\":\"WATERSKIS.LV\",\"description\":\"SUP d\u0113\u013ci, kajaki, kanoe, airu laivas, \u016bdenssl\u0113po\u0161ana, veikbords, SUP d\u0113\u013cu noma, kajaku nomaakt\u012bv\u0101s atp\u016btas centrs, laivu noma, sup noma, kajaku noma\",\"publisher\":{\"@id\":\"https:\\\/\\\/www.waterskis.lv\\\/en\\\/#organization\"},\"potentialAction\":[{\"@type\":\"SearchAction\",\"target\":{\"@type\":\"EntryPoint\",\"urlTemplate\":\"https:\\\/\\\/www.waterskis.lv\\\/en\\\/?s={search_term_string}\"},\"query-input\":{\"@type\":\"PropertyValueSpecification\",\"valueRequired\":true,\"valueName\":\"search_term_string\"}}],\"inLanguage\":\"en-US\"},{\"@type\":\"Organization\",\"@id\":\"https:\\\/\\\/www.waterskis.lv\\\/en\\\/#organization\",\"name\":\"WATERSKIS.LV\",\"url\":\"https:\\\/\\\/www.waterskis.lv\\\/en\\\/\",\"logo\":{\"@type\":\"ImageObject\",\"inLanguage\":\"en-US\",\"@id\":\"https:\\\/\\\/www.waterskis.lv\\\/en\\\/#\\\/schema\\\/logo\\\/image\\\/\",\"url\":\"https:\\\/\\\/www.waterskis.lv\\\/wp-content\\\/uploads\\\/2025\\\/01\\\/JUVP-logo.png\",\"contentUrl\":\"https:\\\/\\\/www.waterskis.lv\\\/wp-content\\\/uploads\\\/2025\\\/01\\\/JUVP-logo.png\",\"width\":421,\"height\":202,\"caption\":\"WATERSKIS.LV\"},\"image\":{\"@id\":\"https:\\\/\\\/www.waterskis.lv\\\/en\\\/#\\\/schema\\\/logo\\\/image\\\/\"},\"sameAs\":[\"https:\\\/\\\/www.facebook.com\\\/jurmalawaterskiwakeboardpark\\\/\"]}]}<\/script>\n<!-- \/ Yoast SEO plugin. -->","yoast_head_json":{"title":"CONNELLY KIDS FIRECRACKER 48\" COMBO - WATERSKIS.LV","description":"CONNELLY KIDS FIRECRACKER 48\" COMBO waterskis one-piece U shape design provides the most stable platform for children to learn the basics","robots":{"index":"index","follow":"follow","max-snippet":"max-snippet:-1","max-image-preview":"max-image-preview:large","max-video-preview":"max-video-preview:-1"},"canonical":"https:\/\/www.waterskis.lv\/en\/product\/connelly-kids-firecracker-48-combo\/","og_locale":"en_US","og_type":"article","og_title":"CONNELLY KIDS FIRECRACKER 48\" COMBO - WATERSKIS.LV","og_description":"CONNELLY KIDS FIRECRACKER 48\" COMBO waterskis one-piece U shape design provides the most stable platform for children to learn the basics","og_url":"https:\/\/www.waterskis.lv\/en\/product\/connelly-kids-firecracker-48-combo\/","og_site_name":"WATERSKIS.LV","article_publisher":"https:\/\/www.facebook.com\/jurmalawaterskiwakeboardpark\/","article_modified_time":"2026-01-28T12:05:11+00:00","og_image":[{"width":1080,"height":1080,"url":"https:\/\/www.waterskis.lv\/wp-content\/uploads\/2021\/07\/Firecracker.jpeg","type":"image\/jpeg"}],"twitter_card":"summary_large_image","twitter_misc":{"Est. reading time":"1 minute"},"schema":{"@context":"https:\/\/schema.org","@graph":[{"@type":"WebPage","@id":"https:\/\/www.waterskis.lv\/en\/product\/connelly-kids-firecracker-48-combo\/","url":"https:\/\/www.waterskis.lv\/en\/product\/connelly-kids-firecracker-48-combo\/","name":"CONNELLY KIDS FIRECRACKER 48\" COMBO - WATERSKIS.LV","isPartOf":{"@id":"https:\/\/www.waterskis.lv\/en\/#website"},"primaryImageOfPage":{"@id":"https:\/\/www.waterskis.lv\/en\/product\/connelly-kids-firecracker-48-combo\/#primaryimage"},"image":{"@id":"https:\/\/www.waterskis.lv\/en\/product\/connelly-kids-firecracker-48-combo\/#primaryimage"},"thumbnailUrl":"https:\/\/www.waterskis.lv\/wp-content\/uploads\/2021\/07\/Firecracker.jpeg","datePublished":"2021-07-05T10:39:11+00:00","dateModified":"2026-01-28T12:05:11+00:00","description":"CONNELLY KIDS FIRECRACKER 48\" COMBO waterskis one-piece U shape design provides the most stable platform for children to learn the basics","breadcrumb":{"@id":"https:\/\/www.waterskis.lv\/en\/product\/connelly-kids-firecracker-48-combo\/#breadcrumb"},"inLanguage":"en-US","potentialAction":[{"@type":"ReadAction","target":["https:\/\/www.waterskis.lv\/en\/product\/connelly-kids-firecracker-48-combo\/"]}]},{"@type":"ImageObject","inLanguage":"en-US","@id":"https:\/\/www.waterskis.lv\/en\/product\/connelly-kids-firecracker-48-combo\/#primaryimage","url":"https:\/\/www.waterskis.lv\/wp-content\/uploads\/2021\/07\/Firecracker.jpeg","contentUrl":"https:\/\/www.waterskis.lv\/wp-content\/uploads\/2021\/07\/Firecracker.jpeg","width":1080,"height":1080,"caption":"CONNELLY KIDS FIRECRACKER 48\" COMBO"},{"@type":"BreadcrumbList","@id":"https:\/\/www.waterskis.lv\/en\/product\/connelly-kids-firecracker-48-combo\/#breadcrumb","itemListElement":[{"@type":"ListItem","position":1,"name":"Home","item":"https:\/\/www.waterskis.lv\/en\/"},{"@type":"ListItem","position":2,"name":"Shop","item":"https:\/\/waterskis.lv\/en\/shop\/"},{"@type":"ListItem","position":3,"name":"CONNELLY KIDS FIRECRACKER 48&#8243; COMBO"}]},{"@type":"WebSite","@id":"https:\/\/www.waterskis.lv\/en\/#website","url":"https:\/\/www.waterskis.lv\/en\/","name":"WATERSKIS.LV","description":"SUP d\u0113\u013ci, kajaki, kanoe, airu laivas, \u016bdenssl\u0113po\u0161ana, veikbords, SUP d\u0113\u013cu noma, kajaku nomaakt\u012bv\u0101s atp\u016btas centrs, laivu noma, sup noma, kajaku noma","publisher":{"@id":"https:\/\/www.waterskis.lv\/en\/#organization"},"potentialAction":[{"@type":"SearchAction","target":{"@type":"EntryPoint","urlTemplate":"https:\/\/www.waterskis.lv\/en\/?s={search_term_string}"},"query-input":{"@type":"PropertyValueSpecification","valueRequired":true,"valueName":"search_term_string"}}],"inLanguage":"en-US"},{"@type":"Organization","@id":"https:\/\/www.waterskis.lv\/en\/#organization","name":"WATERSKIS.LV","url":"https:\/\/www.waterskis.lv\/en\/","logo":{"@type":"ImageObject","inLanguage":"en-US","@id":"https:\/\/www.waterskis.lv\/en\/#\/schema\/logo\/image\/","url":"https:\/\/www.waterskis.lv\/wp-content\/uploads\/2025\/01\/JUVP-logo.png","contentUrl":"https:\/\/www.waterskis.lv\/wp-content\/uploads\/2025\/01\/JUVP-logo.png","width":421,"height":202,"caption":"WATERSKIS.LV"},"image":{"@id":"https:\/\/www.waterskis.lv\/en\/#\/schema\/logo\/image\/"},"sameAs":["https:\/\/www.facebook.com\/jurmalawaterskiwakeboardpark\/"]}]}},"_links":{"self":[{"href":"https:\/\/www.waterskis.lv\/en\/wp-json\/wp\/v2\/product\/36331","targetHints":{"allow":["GET"]}}],"collection":[{"href":"https:\/\/www.waterskis.lv\/en\/wp-json\/wp\/v2\/product"}],"about":[{"href":"https:\/\/www.waterskis.lv\/en\/wp-json\/wp\/v2\/types\/product"}],"replies":[{"embeddable":true,"href":"https:\/\/www.waterskis.lv\/en\/wp-json\/wp\/v2\/comments?post=36331"}],"wp:featuredmedia":[{"embeddable":true,"href":"https:\/\/www.waterskis.lv\/en\/wp-json\/wp\/v2\/media\/29494"}],"wp:attachment":[{"href":"https:\/\/www.waterskis.lv\/en\/wp-json\/wp\/v2\/media?parent=36331"}],"wp:term":[{"taxonomy":"product_brand","embeddable":true,"href":"https:\/\/www.waterskis.lv\/en\/wp-json\/wp\/v2\/product_brand?post=36331"},{"taxonomy":"product_cat","embeddable":true,"href":"https:\/\/www.waterskis.lv\/en\/wp-json\/wp\/v2\/product_cat?post=36331"},{"taxonomy":"product_tag","embeddable":true,"href":"https:\/\/www.waterskis.lv\/en\/wp-json\/wp\/v2\/product_tag?post=36331"}],"curies":[{"name":"wp","href":"https:\/\/api.w.org\/{rel}","templated":true}]}}