{"id":36342,"date":"2022-01-31T11:06:30","date_gmt":"2022-01-31T08:06:30","guid":{"rendered":"https:\/\/www.waterskis.lv\/products\/connelly-tahoe-116%e2%80%b3-isup\/"},"modified":"2026-02-01T13:50:12","modified_gmt":"2026-02-01T11:50:12","slug":"connelly-tahoe-116%e2%80%b3-isup","status":"publish","type":"product","link":"https:\/\/www.waterskis.lv\/en\/product\/connelly-tahoe-116%e2%80%b3-isup\/","title":{"rendered":"CONNELLY TAHOE 11\u20196\u2033 ISUP"},"content":{"rendered":"<h1>CONNELLY TAHOE 11\u20196\u2033 ISUP<\/h1>\n<p>CONNELLY TAHOE 11\u20196\u2033 ISUP<\/p>\n<p>The Connelly Tahoe iSUP is ideal for paddlers looking for a high-quality experience in a compact, easy-to-move package. When inflated our Fusion wrapped rails and dual layer 6\u201d high pressure drop stitch construction maintain rigidity for a stable ride. The all-around surf style shape is great for all skill levels. Deflated, the Connelly Tahoe iSUP rolls up into a compact size and is stowed in a convenient carry bag along with accessories.<\/p>\n<ul>\n<li>All-Round Advanced SUP Board<\/li>\n<li>Perfect for the intermediate to advanced paddleboarder;<\/li>\n<li>For people who want a little more response\/stiffness from their paddleboard;<\/li>\n<li>Quicker than the regular all-round SUP board, but less buoyant\/stable (easier to fall off);<\/li>\n<li>Far more maneuverability than the regular all-round SUP board;<\/li>\n<li>The most commonly used shape worldwide.<\/li>\n<\/ul>\n<div id=\"s-1fa4eaf3-85cf-4e94-bf5b-6a7527812a8c\" class=\"shg-c \">\n<div class=\"shg-rich-text shg-theme-text-content\">\n<ul>\n<li>Deck cleats with bungee cord storage<\/li>\n<li>Soft sanded EVA pad<\/li>\n<li>6\u2033 dual layer high pressure drop stitch construction<\/li>\n<li>Fusion wrapped rails for extra rigidity<\/li>\n<li>Fixed side fins<\/li>\n<\/ul>\n<p class=\"p1\">Package Includes:<\/p>\n<ul>\n<li>3 piece adjustable carbon paddle<\/li>\n<li>Carrying bag<\/li>\n<li>High pressure pump w\/gauge<\/li>\n<li>Patch &amp; repair kit<\/li>\n<li>Coil leash<\/li>\n<li>One removable 9\u2033 center fin<\/li>\n<\/ul>\n<\/div>\n<\/div>\n<div id=\"s-cdfc64c3-7cdc-4799-a9c6-87b00ff45c89\" class=\"shg-c shogun-image-container shg-align-center loaded\"><img decoding=\"async\" class=\"shogun-image shogun-lazyloaded\" src=\"https:\/\/i.shgcdn.com\/bd4d697b-f0d1-4bde-a833-7f5232d56006\/-\/format\/auto\/-\/preview\/3000x3000\/-\/quality\/lighter\/\" alt=\"\" width=\"\" height=\"\" data-src=\"https:\/\/i.shgcdn.com\/bd4d697b-f0d1-4bde-a833-7f5232d56006\/-\/format\/auto\/-\/preview\/3000x3000\/-\/quality\/lighter\/\" \/><\/div>\n<div>\n<p>Connelly Tahoe iSUP Package Sizing<\/p>\n<ul>\n<li>Length 11&#8217;6&#8243; \/ 350cm<\/li>\n<li>Width 33&#8243; \/ 84cm<\/li>\n<li>Thickness 6&#8243; \/ 15cm<\/li>\n<li>Volume 290 liters<\/li>\n<li>Weight 23.4 lbs \/ 10.5 kg<\/li>\n<li>Max. Payload 300 lbs \/ 135 kg<\/li>\n<\/ul>\n<\/div>\n","protected":false},"excerpt":{"rendered":"<p>CONNELLY TAHOE 11\u20196\u2033 ISUP CONNELLY TAHOE 11\u20196\u2033 ISUP The Connelly Tahoe iSUP is ideal for paddlers looking for a high-quality experience in a compact, easy-to-move package. When inflated our Fusion wrapped rails and dual layer 6\u201d high pressure drop stitch construction maintain rigidity for a stable ride. The all-around surf style shape is great for [&#8230;]<\/p>\n<p><a class=\"btn btn-secondary understrap-read-more-link\" href=\"https:\/\/www.waterskis.lv\/en\/product\/connelly-tahoe-116%e2%80%b3-isup\/\">Read More&#8230;<\/a><\/p>\n","protected":false},"featured_media":35814,"comment_status":"closed","ping_status":"closed","template":"","meta":{"_acf_changed":false,"inline_featured_image":false},"product_brand":[1280],"product_cat":[939,700,361,502],"product_tag":[3172,2974,1334,3173,3174,1335,3131,1336,1316,3175,3140,3176,3141],"class_list":{"0":"post-36342","1":"product","2":"type-product","3":"status-publish","4":"has-post-thumbnail","6":"product_brand-connelly-water-sports","7":"product_cat-connelly-isup","8":"product_cat-inflatable-sup-boards","9":"product_cat-sale","10":"product_cat-stand-up-paddle-boards","11":"product_tag-aufblasbares-sup","12":"product_tag-connelly","13":"product_tag-paddle-boards","14":"product_tag-stand-up-paddleboard","15":"product_tag-stand-up-paddling","16":"product_tag-sup","17":"product_tag-sup-boards","18":"product_tag-sup-deli","19":"product_tag-sup-delis","20":"product_tag-sup-surfer","21":"product_tag-sup-","22":"product_tag-supkayak","23":"product_tag-3141","25":"first","26":"instock","27":"sale","28":"shipping-taxable","29":"purchasable","30":"product-type-simple"},"acf":[],"yoast_head":"<!-- This site is optimized with the Yoast SEO plugin v27.5 - https:\/\/yoast.com\/product\/yoast-seo-wordpress\/ -->\n<title>CONNELLY TAHOE 11\u20196\u2033 ISUP - WATERSKIS.LV<\/title>\n<meta name=\"description\" content=\"CONNELLY TAHOE 11\u20196\u2033 ISUP board rolls up into a compact size and is stowed in a convenient carry bag along with accessories\" \/>\n<meta name=\"robots\" content=\"index, follow, max-snippet:-1, max-image-preview:large, max-video-preview:-1\" \/>\n<link rel=\"canonical\" href=\"https:\/\/www.waterskis.lv\/en\/product\/connelly-tahoe-116%e2%80%b3-isup\/\" \/>\n<meta property=\"og:locale\" content=\"en_US\" \/>\n<meta property=\"og:type\" content=\"article\" \/>\n<meta property=\"og:title\" content=\"CONNELLY TAHOE 11\u20196\u2033 ISUP - WATERSKIS.LV\" \/>\n<meta property=\"og:description\" content=\"CONNELLY TAHOE 11\u20196\u2033 ISUP board rolls up into a compact size and is stowed in a convenient carry bag along with accessories\" \/>\n<meta property=\"og:url\" content=\"https:\/\/www.waterskis.lv\/en\/product\/connelly-tahoe-116%e2%80%b3-isup\/\" \/>\n<meta property=\"og:site_name\" content=\"WATERSKIS.LV\" \/>\n<meta property=\"article:publisher\" content=\"https:\/\/www.facebook.com\/jurmalawaterskiwakeboardpark\/\" \/>\n<meta property=\"article:modified_time\" content=\"2026-02-01T11:50:12+00:00\" \/>\n<meta property=\"og:image\" content=\"https:\/\/www.waterskis.lv\/wp-content\/uploads\/2022\/01\/Tahoe11ftTop_1800x1800.png.jpg\" \/>\n\t<meta property=\"og:image:width\" content=\"1080\" \/>\n\t<meta property=\"og:image:height\" content=\"1080\" \/>\n\t<meta property=\"og:image:type\" content=\"image\/jpeg\" \/>\n<meta name=\"twitter:card\" content=\"summary_large_image\" \/>\n<meta name=\"twitter:label1\" content=\"Est. reading time\" \/>\n\t<meta name=\"twitter:data1\" content=\"2 minutes\" \/>\n<script type=\"application\/ld+json\" class=\"yoast-schema-graph\">{\"@context\":\"https:\\\/\\\/schema.org\",\"@graph\":[{\"@type\":\"WebPage\",\"@id\":\"https:\\\/\\\/www.waterskis.lv\\\/en\\\/product\\\/connelly-tahoe-116%e2%80%b3-isup\\\/\",\"url\":\"https:\\\/\\\/www.waterskis.lv\\\/en\\\/product\\\/connelly-tahoe-116%e2%80%b3-isup\\\/\",\"name\":\"CONNELLY TAHOE 11\u20196\u2033 ISUP - WATERSKIS.LV\",\"isPartOf\":{\"@id\":\"https:\\\/\\\/www.waterskis.lv\\\/en\\\/#website\"},\"primaryImageOfPage\":{\"@id\":\"https:\\\/\\\/www.waterskis.lv\\\/en\\\/product\\\/connelly-tahoe-116%e2%80%b3-isup\\\/#primaryimage\"},\"image\":{\"@id\":\"https:\\\/\\\/www.waterskis.lv\\\/en\\\/product\\\/connelly-tahoe-116%e2%80%b3-isup\\\/#primaryimage\"},\"thumbnailUrl\":\"https:\\\/\\\/www.waterskis.lv\\\/wp-content\\\/uploads\\\/2022\\\/01\\\/Tahoe11ftTop_1800x1800.png.jpg\",\"datePublished\":\"2022-01-31T08:06:30+00:00\",\"dateModified\":\"2026-02-01T11:50:12+00:00\",\"description\":\"CONNELLY TAHOE 11\u20196\u2033 ISUP board rolls up into a compact size and is stowed in a convenient carry bag along with accessories\",\"breadcrumb\":{\"@id\":\"https:\\\/\\\/www.waterskis.lv\\\/en\\\/product\\\/connelly-tahoe-116%e2%80%b3-isup\\\/#breadcrumb\"},\"inLanguage\":\"en-US\",\"potentialAction\":[{\"@type\":\"ReadAction\",\"target\":[\"https:\\\/\\\/www.waterskis.lv\\\/en\\\/product\\\/connelly-tahoe-116%e2%80%b3-isup\\\/\"]}]},{\"@type\":\"ImageObject\",\"inLanguage\":\"en-US\",\"@id\":\"https:\\\/\\\/www.waterskis.lv\\\/en\\\/product\\\/connelly-tahoe-116%e2%80%b3-isup\\\/#primaryimage\",\"url\":\"https:\\\/\\\/www.waterskis.lv\\\/wp-content\\\/uploads\\\/2022\\\/01\\\/Tahoe11ftTop_1800x1800.png.jpg\",\"contentUrl\":\"https:\\\/\\\/www.waterskis.lv\\\/wp-content\\\/uploads\\\/2022\\\/01\\\/Tahoe11ftTop_1800x1800.png.jpg\",\"width\":1080,\"height\":1080,\"caption\":\"CONNELLY TAHOE 11\u20196\u2033 ISUP\"},{\"@type\":\"BreadcrumbList\",\"@id\":\"https:\\\/\\\/www.waterskis.lv\\\/en\\\/product\\\/connelly-tahoe-116%e2%80%b3-isup\\\/#breadcrumb\",\"itemListElement\":[{\"@type\":\"ListItem\",\"position\":1,\"name\":\"Home\",\"item\":\"https:\\\/\\\/www.waterskis.lv\\\/en\\\/\"},{\"@type\":\"ListItem\",\"position\":2,\"name\":\"Shop\",\"item\":\"https:\\\/\\\/waterskis.lv\\\/en\\\/shop\\\/\"},{\"@type\":\"ListItem\",\"position\":3,\"name\":\"CONNELLY TAHOE 11\u20196\u2033 ISUP\"}]},{\"@type\":\"WebSite\",\"@id\":\"https:\\\/\\\/www.waterskis.lv\\\/en\\\/#website\",\"url\":\"https:\\\/\\\/www.waterskis.lv\\\/en\\\/\",\"name\":\"WATERSKIS.LV\",\"description\":\"SUP d\u0113\u013ci, kajaki, kanoe, airu laivas, \u016bdenssl\u0113po\u0161ana, veikbords, SUP d\u0113\u013cu noma, kajaku nomaakt\u012bv\u0101s atp\u016btas centrs, laivu noma, sup noma, kajaku noma\",\"publisher\":{\"@id\":\"https:\\\/\\\/www.waterskis.lv\\\/en\\\/#organization\"},\"potentialAction\":[{\"@type\":\"SearchAction\",\"target\":{\"@type\":\"EntryPoint\",\"urlTemplate\":\"https:\\\/\\\/www.waterskis.lv\\\/en\\\/?s={search_term_string}\"},\"query-input\":{\"@type\":\"PropertyValueSpecification\",\"valueRequired\":true,\"valueName\":\"search_term_string\"}}],\"inLanguage\":\"en-US\"},{\"@type\":\"Organization\",\"@id\":\"https:\\\/\\\/www.waterskis.lv\\\/en\\\/#organization\",\"name\":\"WATERSKIS.LV\",\"url\":\"https:\\\/\\\/www.waterskis.lv\\\/en\\\/\",\"logo\":{\"@type\":\"ImageObject\",\"inLanguage\":\"en-US\",\"@id\":\"https:\\\/\\\/www.waterskis.lv\\\/en\\\/#\\\/schema\\\/logo\\\/image\\\/\",\"url\":\"https:\\\/\\\/www.waterskis.lv\\\/wp-content\\\/uploads\\\/2025\\\/01\\\/JUVP-logo.png\",\"contentUrl\":\"https:\\\/\\\/www.waterskis.lv\\\/wp-content\\\/uploads\\\/2025\\\/01\\\/JUVP-logo.png\",\"width\":421,\"height\":202,\"caption\":\"WATERSKIS.LV\"},\"image\":{\"@id\":\"https:\\\/\\\/www.waterskis.lv\\\/en\\\/#\\\/schema\\\/logo\\\/image\\\/\"},\"sameAs\":[\"https:\\\/\\\/www.facebook.com\\\/jurmalawaterskiwakeboardpark\\\/\"]}]}<\/script>\n<!-- \/ Yoast SEO plugin. -->","yoast_head_json":{"title":"CONNELLY TAHOE 11\u20196\u2033 ISUP - WATERSKIS.LV","description":"CONNELLY TAHOE 11\u20196\u2033 ISUP board rolls up into a compact size and is stowed in a convenient carry bag along with accessories","robots":{"index":"index","follow":"follow","max-snippet":"max-snippet:-1","max-image-preview":"max-image-preview:large","max-video-preview":"max-video-preview:-1"},"canonical":"https:\/\/www.waterskis.lv\/en\/product\/connelly-tahoe-116%e2%80%b3-isup\/","og_locale":"en_US","og_type":"article","og_title":"CONNELLY TAHOE 11\u20196\u2033 ISUP - WATERSKIS.LV","og_description":"CONNELLY TAHOE 11\u20196\u2033 ISUP board rolls up into a compact size and is stowed in a convenient carry bag along with accessories","og_url":"https:\/\/www.waterskis.lv\/en\/product\/connelly-tahoe-116%e2%80%b3-isup\/","og_site_name":"WATERSKIS.LV","article_publisher":"https:\/\/www.facebook.com\/jurmalawaterskiwakeboardpark\/","article_modified_time":"2026-02-01T11:50:12+00:00","og_image":[{"width":1080,"height":1080,"url":"https:\/\/www.waterskis.lv\/wp-content\/uploads\/2022\/01\/Tahoe11ftTop_1800x1800.png.jpg","type":"image\/jpeg"}],"twitter_card":"summary_large_image","twitter_misc":{"Est. reading time":"2 minutes"},"schema":{"@context":"https:\/\/schema.org","@graph":[{"@type":"WebPage","@id":"https:\/\/www.waterskis.lv\/en\/product\/connelly-tahoe-116%e2%80%b3-isup\/","url":"https:\/\/www.waterskis.lv\/en\/product\/connelly-tahoe-116%e2%80%b3-isup\/","name":"CONNELLY TAHOE 11\u20196\u2033 ISUP - WATERSKIS.LV","isPartOf":{"@id":"https:\/\/www.waterskis.lv\/en\/#website"},"primaryImageOfPage":{"@id":"https:\/\/www.waterskis.lv\/en\/product\/connelly-tahoe-116%e2%80%b3-isup\/#primaryimage"},"image":{"@id":"https:\/\/www.waterskis.lv\/en\/product\/connelly-tahoe-116%e2%80%b3-isup\/#primaryimage"},"thumbnailUrl":"https:\/\/www.waterskis.lv\/wp-content\/uploads\/2022\/01\/Tahoe11ftTop_1800x1800.png.jpg","datePublished":"2022-01-31T08:06:30+00:00","dateModified":"2026-02-01T11:50:12+00:00","description":"CONNELLY TAHOE 11\u20196\u2033 ISUP board rolls up into a compact size and is stowed in a convenient carry bag along with accessories","breadcrumb":{"@id":"https:\/\/www.waterskis.lv\/en\/product\/connelly-tahoe-116%e2%80%b3-isup\/#breadcrumb"},"inLanguage":"en-US","potentialAction":[{"@type":"ReadAction","target":["https:\/\/www.waterskis.lv\/en\/product\/connelly-tahoe-116%e2%80%b3-isup\/"]}]},{"@type":"ImageObject","inLanguage":"en-US","@id":"https:\/\/www.waterskis.lv\/en\/product\/connelly-tahoe-116%e2%80%b3-isup\/#primaryimage","url":"https:\/\/www.waterskis.lv\/wp-content\/uploads\/2022\/01\/Tahoe11ftTop_1800x1800.png.jpg","contentUrl":"https:\/\/www.waterskis.lv\/wp-content\/uploads\/2022\/01\/Tahoe11ftTop_1800x1800.png.jpg","width":1080,"height":1080,"caption":"CONNELLY TAHOE 11\u20196\u2033 ISUP"},{"@type":"BreadcrumbList","@id":"https:\/\/www.waterskis.lv\/en\/product\/connelly-tahoe-116%e2%80%b3-isup\/#breadcrumb","itemListElement":[{"@type":"ListItem","position":1,"name":"Home","item":"https:\/\/www.waterskis.lv\/en\/"},{"@type":"ListItem","position":2,"name":"Shop","item":"https:\/\/waterskis.lv\/en\/shop\/"},{"@type":"ListItem","position":3,"name":"CONNELLY TAHOE 11\u20196\u2033 ISUP"}]},{"@type":"WebSite","@id":"https:\/\/www.waterskis.lv\/en\/#website","url":"https:\/\/www.waterskis.lv\/en\/","name":"WATERSKIS.LV","description":"SUP d\u0113\u013ci, kajaki, kanoe, airu laivas, \u016bdenssl\u0113po\u0161ana, veikbords, SUP d\u0113\u013cu noma, kajaku nomaakt\u012bv\u0101s atp\u016btas centrs, laivu noma, sup noma, kajaku noma","publisher":{"@id":"https:\/\/www.waterskis.lv\/en\/#organization"},"potentialAction":[{"@type":"SearchAction","target":{"@type":"EntryPoint","urlTemplate":"https:\/\/www.waterskis.lv\/en\/?s={search_term_string}"},"query-input":{"@type":"PropertyValueSpecification","valueRequired":true,"valueName":"search_term_string"}}],"inLanguage":"en-US"},{"@type":"Organization","@id":"https:\/\/www.waterskis.lv\/en\/#organization","name":"WATERSKIS.LV","url":"https:\/\/www.waterskis.lv\/en\/","logo":{"@type":"ImageObject","inLanguage":"en-US","@id":"https:\/\/www.waterskis.lv\/en\/#\/schema\/logo\/image\/","url":"https:\/\/www.waterskis.lv\/wp-content\/uploads\/2025\/01\/JUVP-logo.png","contentUrl":"https:\/\/www.waterskis.lv\/wp-content\/uploads\/2025\/01\/JUVP-logo.png","width":421,"height":202,"caption":"WATERSKIS.LV"},"image":{"@id":"https:\/\/www.waterskis.lv\/en\/#\/schema\/logo\/image\/"},"sameAs":["https:\/\/www.facebook.com\/jurmalawaterskiwakeboardpark\/"]}]}},"_links":{"self":[{"href":"https:\/\/www.waterskis.lv\/en\/wp-json\/wp\/v2\/product\/36342","targetHints":{"allow":["GET"]}}],"collection":[{"href":"https:\/\/www.waterskis.lv\/en\/wp-json\/wp\/v2\/product"}],"about":[{"href":"https:\/\/www.waterskis.lv\/en\/wp-json\/wp\/v2\/types\/product"}],"replies":[{"embeddable":true,"href":"https:\/\/www.waterskis.lv\/en\/wp-json\/wp\/v2\/comments?post=36342"}],"wp:featuredmedia":[{"embeddable":true,"href":"https:\/\/www.waterskis.lv\/en\/wp-json\/wp\/v2\/media\/35814"}],"wp:attachment":[{"href":"https:\/\/www.waterskis.lv\/en\/wp-json\/wp\/v2\/media?parent=36342"}],"wp:term":[{"taxonomy":"product_brand","embeddable":true,"href":"https:\/\/www.waterskis.lv\/en\/wp-json\/wp\/v2\/product_brand?post=36342"},{"taxonomy":"product_cat","embeddable":true,"href":"https:\/\/www.waterskis.lv\/en\/wp-json\/wp\/v2\/product_cat?post=36342"},{"taxonomy":"product_tag","embeddable":true,"href":"https:\/\/www.waterskis.lv\/en\/wp-json\/wp\/v2\/product_tag?post=36342"}],"curies":[{"name":"wp","href":"https:\/\/api.w.org\/{rel}","templated":true}]}}