{"id":36361,"date":"2022-01-24T16:18:05","date_gmt":"2022-01-24T13:18:05","guid":{"rendered":"https:\/\/www.waterskis.lv\/products\/veikbords-connelly-steel-hybrid\/"},"modified":"2024-11-04T19:03:25","modified_gmt":"2024-11-04T16:03:25","slug":"connelly-steel-hybrid-wakeboard","status":"publish","type":"product","link":"https:\/\/www.waterskis.lv\/en\/product\/connelly-steel-hybrid-wakeboard\/","title":{"rendered":"CONNELLY STEEL HYBRID WAKEBOARD"},"content":{"rendered":"<h1>CONNELLY STEEL HYBRID WAKEBOARD<\/h1>\n<p>CONNELLY STEEL HYBRID WAKEBOARD<\/p>\n<p>For 2022 Steel Lafferty\u2019s signature board is even more versatile and equally comfortable behind the boat and in the cable park. New 4&#215;4 1\u201d bolt-on composite fins offer maximum traction when the board is carving on edge. When you head to the cable park, just pull off the bolt-on fins. Four shallow molded fins offer sufficient traction to perform without snagging on features. Additionally, new ABS sidewalls ensure the board can withstand harsh thrashing. It\u2019s the perfect board for the rider looking for one high-performance board that can do it all.<\/p>\n<p>Connelly Steel Hybrid Construction Features<\/p>\n<ul>\n<li>Hybrid Specific Design<\/li>\n<li>Pro Core<\/li>\n<li>ABS Rails<\/li>\n<li>Deep center channel for control<\/li>\n<li>Full spine<\/li>\n<li>Subtle 3-stage variable rocker<\/li>\n<li>4&#215;4 molded fins<\/li>\n<li>4 bolt-on 1\u201d composite center fins<\/li>\n<li>Designed for: Advanced\/Expert<\/li>\n<\/ul>\n<p>Connelly Steel Hybrid Wakeboard Rider&#8217;s Weight Indication<\/p>\n<ul>\n<li>136 Up to 70kg<\/li>\n<li>141 65kg and Up<\/li>\n<\/ul>\n<p>Pro Core<\/p>\n<p><span style=\"background-color: var(--bs-body-bg); color: var(--bs-body-color); font-family: var(--bs-body-font-family); font-size: var(--bs-body-font-size); font-weight: var(--bs-body-font-weight); text-align: var(--bs-body-text-align);\">A super light density closed cell polyurethane foam proven to withstand pro level abuse.<\/span><\/p>\n<p>Full Spine<\/p>\n<p>Displaces water to the toe and heel edge of the board to soften landings.<\/p>\n<p>3-Stage Rocker<\/p>\n<p>Blends the pop of a 3-Stage rocker with the smooth predictability of continuous<\/p>\n<p>ABS Rails<\/p>\n<p>The Steel, Groove and Woodro are equipped with ABS sidewalls. This incredibly robust material increases durability and protects the edge of the board from dings and dents when riding on rails and features.<\/p>\n","protected":false},"excerpt":{"rendered":"<p>https:\/\/www.youtube.com\/watch?v=HADVUgCHjbs [&#8230;]<\/p>\n<p><a class=\"btn btn-secondary understrap-read-more-link\" href=\"https:\/\/www.waterskis.lv\/en\/product\/connelly-steel-hybrid-wakeboard\/\">Read More&#8230;<\/a><\/p>\n","protected":false},"featured_media":55270,"comment_status":"closed","ping_status":"closed","template":"","meta":{"_acf_changed":false,"inline_featured_image":false},"product_brand":[],"product_cat":[956,957,1143,361,565],"product_tag":[1454,1457],"class_list":{"0":"post-36361","1":"product","2":"type-product","3":"status-publish","4":"has-post-thumbnail","6":"product_cat-boat-boards","7":"product_cat-cable-boards","8":"product_cat-connelly-wakeboards","9":"product_cat-sale","10":"product_cat-wakeboards","11":"product_tag-veikbords","12":"product_tag-wakeboard","14":"first","15":"instock","16":"sale","17":"shipping-taxable","18":"purchasable","19":"product-type-simple"},"acf":[],"yoast_head":"<!-- This site is optimized with the Yoast SEO plugin v27.5 - https:\/\/yoast.com\/product\/yoast-seo-wordpress\/ -->\n<title>CONNELLY STEEL HYBRID WAKEBOARD - WATERSKIS.LV<\/title>\n<meta name=\"description\" content=\"CONNELLY STEEL HYBRID WAKEBOARD. Steel Lafferty\u2019s signature board is versatile and equally comfortable behind the boat and in the cable park\" \/>\n<meta name=\"robots\" content=\"index, follow, max-snippet:-1, max-image-preview:large, max-video-preview:-1\" \/>\n<link rel=\"canonical\" href=\"https:\/\/www.waterskis.lv\/en\/product\/connelly-steel-hybrid-wakeboard\/\" \/>\n<meta property=\"og:locale\" content=\"en_US\" \/>\n<meta property=\"og:type\" content=\"article\" \/>\n<meta property=\"og:title\" content=\"CONNELLY STEEL HYBRID WAKEBOARD - WATERSKIS.LV\" \/>\n<meta property=\"og:description\" content=\"CONNELLY STEEL HYBRID WAKEBOARD. Steel Lafferty\u2019s signature board is versatile and equally comfortable behind the boat and in the cable park\" \/>\n<meta property=\"og:url\" content=\"https:\/\/www.waterskis.lv\/en\/product\/connelly-steel-hybrid-wakeboard\/\" \/>\n<meta property=\"og:site_name\" content=\"WATERSKIS.LV\" \/>\n<meta property=\"article:publisher\" content=\"https:\/\/www.facebook.com\/jurmalawaterskiwakeboardpark\/\" \/>\n<meta property=\"article:modified_time\" content=\"2024-11-04T16:03:25+00:00\" \/>\n<meta property=\"og:image\" content=\"https:\/\/www.waterskis.lv\/wp-content\/uploads\/2024\/07\/Steel-scaled.jpg\" \/>\n\t<meta property=\"og:image:width\" content=\"1442\" \/>\n\t<meta property=\"og:image:height\" content=\"2560\" \/>\n\t<meta property=\"og:image:type\" content=\"image\/jpeg\" \/>\n<meta name=\"twitter:card\" content=\"summary_large_image\" \/>\n<meta name=\"twitter:label1\" content=\"Est. reading time\" \/>\n\t<meta name=\"twitter:data1\" content=\"2 minutes\" \/>\n<script type=\"application\/ld+json\" class=\"yoast-schema-graph\">{\"@context\":\"https:\\\/\\\/schema.org\",\"@graph\":[{\"@type\":\"WebPage\",\"@id\":\"https:\\\/\\\/www.waterskis.lv\\\/en\\\/product\\\/connelly-steel-hybrid-wakeboard\\\/\",\"url\":\"https:\\\/\\\/www.waterskis.lv\\\/en\\\/product\\\/connelly-steel-hybrid-wakeboard\\\/\",\"name\":\"CONNELLY STEEL HYBRID WAKEBOARD - WATERSKIS.LV\",\"isPartOf\":{\"@id\":\"https:\\\/\\\/www.waterskis.lv\\\/en\\\/#website\"},\"primaryImageOfPage\":{\"@id\":\"https:\\\/\\\/www.waterskis.lv\\\/en\\\/product\\\/connelly-steel-hybrid-wakeboard\\\/#primaryimage\"},\"image\":{\"@id\":\"https:\\\/\\\/www.waterskis.lv\\\/en\\\/product\\\/connelly-steel-hybrid-wakeboard\\\/#primaryimage\"},\"thumbnailUrl\":\"https:\\\/\\\/www.waterskis.lv\\\/wp-content\\\/uploads\\\/2024\\\/07\\\/Steel-scaled.jpg\",\"datePublished\":\"2022-01-24T13:18:05+00:00\",\"dateModified\":\"2024-11-04T16:03:25+00:00\",\"description\":\"CONNELLY STEEL HYBRID WAKEBOARD. Steel Lafferty\u2019s signature board is versatile and equally comfortable behind the boat and in the cable park\",\"breadcrumb\":{\"@id\":\"https:\\\/\\\/www.waterskis.lv\\\/en\\\/product\\\/connelly-steel-hybrid-wakeboard\\\/#breadcrumb\"},\"inLanguage\":\"en-US\",\"potentialAction\":[{\"@type\":\"ReadAction\",\"target\":[\"https:\\\/\\\/www.waterskis.lv\\\/en\\\/product\\\/connelly-steel-hybrid-wakeboard\\\/\"]}]},{\"@type\":\"ImageObject\",\"inLanguage\":\"en-US\",\"@id\":\"https:\\\/\\\/www.waterskis.lv\\\/en\\\/product\\\/connelly-steel-hybrid-wakeboard\\\/#primaryimage\",\"url\":\"https:\\\/\\\/www.waterskis.lv\\\/wp-content\\\/uploads\\\/2024\\\/07\\\/Steel-scaled.jpg\",\"contentUrl\":\"https:\\\/\\\/www.waterskis.lv\\\/wp-content\\\/uploads\\\/2024\\\/07\\\/Steel-scaled.jpg\",\"width\":1442,\"height\":2560,\"caption\":\"Connelly STEEL 141 Wakeboard\"},{\"@type\":\"BreadcrumbList\",\"@id\":\"https:\\\/\\\/www.waterskis.lv\\\/en\\\/product\\\/connelly-steel-hybrid-wakeboard\\\/#breadcrumb\",\"itemListElement\":[{\"@type\":\"ListItem\",\"position\":1,\"name\":\"Home\",\"item\":\"https:\\\/\\\/www.waterskis.lv\\\/en\\\/\"},{\"@type\":\"ListItem\",\"position\":2,\"name\":\"Shop\",\"item\":\"https:\\\/\\\/waterskis.lv\\\/en\\\/shop\\\/\"},{\"@type\":\"ListItem\",\"position\":3,\"name\":\"CONNELLY STEEL HYBRID WAKEBOARD\"}]},{\"@type\":\"WebSite\",\"@id\":\"https:\\\/\\\/www.waterskis.lv\\\/en\\\/#website\",\"url\":\"https:\\\/\\\/www.waterskis.lv\\\/en\\\/\",\"name\":\"WATERSKIS.LV\",\"description\":\"SUP d\u0113\u013ci, kajaki, kanoe, airu laivas, \u016bdenssl\u0113po\u0161ana, veikbords, SUP d\u0113\u013cu noma, kajaku nomaakt\u012bv\u0101s atp\u016btas centrs, laivu noma, sup noma, kajaku noma\",\"publisher\":{\"@id\":\"https:\\\/\\\/www.waterskis.lv\\\/en\\\/#organization\"},\"potentialAction\":[{\"@type\":\"SearchAction\",\"target\":{\"@type\":\"EntryPoint\",\"urlTemplate\":\"https:\\\/\\\/www.waterskis.lv\\\/en\\\/?s={search_term_string}\"},\"query-input\":{\"@type\":\"PropertyValueSpecification\",\"valueRequired\":true,\"valueName\":\"search_term_string\"}}],\"inLanguage\":\"en-US\"},{\"@type\":\"Organization\",\"@id\":\"https:\\\/\\\/www.waterskis.lv\\\/en\\\/#organization\",\"name\":\"WATERSKIS.LV\",\"url\":\"https:\\\/\\\/www.waterskis.lv\\\/en\\\/\",\"logo\":{\"@type\":\"ImageObject\",\"inLanguage\":\"en-US\",\"@id\":\"https:\\\/\\\/www.waterskis.lv\\\/en\\\/#\\\/schema\\\/logo\\\/image\\\/\",\"url\":\"https:\\\/\\\/www.waterskis.lv\\\/wp-content\\\/uploads\\\/2025\\\/01\\\/JUVP-logo.png\",\"contentUrl\":\"https:\\\/\\\/www.waterskis.lv\\\/wp-content\\\/uploads\\\/2025\\\/01\\\/JUVP-logo.png\",\"width\":421,\"height\":202,\"caption\":\"WATERSKIS.LV\"},\"image\":{\"@id\":\"https:\\\/\\\/www.waterskis.lv\\\/en\\\/#\\\/schema\\\/logo\\\/image\\\/\"},\"sameAs\":[\"https:\\\/\\\/www.facebook.com\\\/jurmalawaterskiwakeboardpark\\\/\"]}]}<\/script>\n<!-- \/ Yoast SEO plugin. -->","yoast_head_json":{"title":"CONNELLY STEEL HYBRID WAKEBOARD - WATERSKIS.LV","description":"CONNELLY STEEL HYBRID WAKEBOARD. Steel Lafferty\u2019s signature board is versatile and equally comfortable behind the boat and in the cable park","robots":{"index":"index","follow":"follow","max-snippet":"max-snippet:-1","max-image-preview":"max-image-preview:large","max-video-preview":"max-video-preview:-1"},"canonical":"https:\/\/www.waterskis.lv\/en\/product\/connelly-steel-hybrid-wakeboard\/","og_locale":"en_US","og_type":"article","og_title":"CONNELLY STEEL HYBRID WAKEBOARD - WATERSKIS.LV","og_description":"CONNELLY STEEL HYBRID WAKEBOARD. Steel Lafferty\u2019s signature board is versatile and equally comfortable behind the boat and in the cable park","og_url":"https:\/\/www.waterskis.lv\/en\/product\/connelly-steel-hybrid-wakeboard\/","og_site_name":"WATERSKIS.LV","article_publisher":"https:\/\/www.facebook.com\/jurmalawaterskiwakeboardpark\/","article_modified_time":"2024-11-04T16:03:25+00:00","og_image":[{"width":1442,"height":2560,"url":"https:\/\/www.waterskis.lv\/wp-content\/uploads\/2024\/07\/Steel-scaled.jpg","type":"image\/jpeg"}],"twitter_card":"summary_large_image","twitter_misc":{"Est. reading time":"2 minutes"},"schema":{"@context":"https:\/\/schema.org","@graph":[{"@type":"WebPage","@id":"https:\/\/www.waterskis.lv\/en\/product\/connelly-steel-hybrid-wakeboard\/","url":"https:\/\/www.waterskis.lv\/en\/product\/connelly-steel-hybrid-wakeboard\/","name":"CONNELLY STEEL HYBRID WAKEBOARD - WATERSKIS.LV","isPartOf":{"@id":"https:\/\/www.waterskis.lv\/en\/#website"},"primaryImageOfPage":{"@id":"https:\/\/www.waterskis.lv\/en\/product\/connelly-steel-hybrid-wakeboard\/#primaryimage"},"image":{"@id":"https:\/\/www.waterskis.lv\/en\/product\/connelly-steel-hybrid-wakeboard\/#primaryimage"},"thumbnailUrl":"https:\/\/www.waterskis.lv\/wp-content\/uploads\/2024\/07\/Steel-scaled.jpg","datePublished":"2022-01-24T13:18:05+00:00","dateModified":"2024-11-04T16:03:25+00:00","description":"CONNELLY STEEL HYBRID WAKEBOARD. Steel Lafferty\u2019s signature board is versatile and equally comfortable behind the boat and in the cable park","breadcrumb":{"@id":"https:\/\/www.waterskis.lv\/en\/product\/connelly-steel-hybrid-wakeboard\/#breadcrumb"},"inLanguage":"en-US","potentialAction":[{"@type":"ReadAction","target":["https:\/\/www.waterskis.lv\/en\/product\/connelly-steel-hybrid-wakeboard\/"]}]},{"@type":"ImageObject","inLanguage":"en-US","@id":"https:\/\/www.waterskis.lv\/en\/product\/connelly-steel-hybrid-wakeboard\/#primaryimage","url":"https:\/\/www.waterskis.lv\/wp-content\/uploads\/2024\/07\/Steel-scaled.jpg","contentUrl":"https:\/\/www.waterskis.lv\/wp-content\/uploads\/2024\/07\/Steel-scaled.jpg","width":1442,"height":2560,"caption":"Connelly STEEL 141 Wakeboard"},{"@type":"BreadcrumbList","@id":"https:\/\/www.waterskis.lv\/en\/product\/connelly-steel-hybrid-wakeboard\/#breadcrumb","itemListElement":[{"@type":"ListItem","position":1,"name":"Home","item":"https:\/\/www.waterskis.lv\/en\/"},{"@type":"ListItem","position":2,"name":"Shop","item":"https:\/\/waterskis.lv\/en\/shop\/"},{"@type":"ListItem","position":3,"name":"CONNELLY STEEL HYBRID WAKEBOARD"}]},{"@type":"WebSite","@id":"https:\/\/www.waterskis.lv\/en\/#website","url":"https:\/\/www.waterskis.lv\/en\/","name":"WATERSKIS.LV","description":"SUP d\u0113\u013ci, kajaki, kanoe, airu laivas, \u016bdenssl\u0113po\u0161ana, veikbords, SUP d\u0113\u013cu noma, kajaku nomaakt\u012bv\u0101s atp\u016btas centrs, laivu noma, sup noma, kajaku noma","publisher":{"@id":"https:\/\/www.waterskis.lv\/en\/#organization"},"potentialAction":[{"@type":"SearchAction","target":{"@type":"EntryPoint","urlTemplate":"https:\/\/www.waterskis.lv\/en\/?s={search_term_string}"},"query-input":{"@type":"PropertyValueSpecification","valueRequired":true,"valueName":"search_term_string"}}],"inLanguage":"en-US"},{"@type":"Organization","@id":"https:\/\/www.waterskis.lv\/en\/#organization","name":"WATERSKIS.LV","url":"https:\/\/www.waterskis.lv\/en\/","logo":{"@type":"ImageObject","inLanguage":"en-US","@id":"https:\/\/www.waterskis.lv\/en\/#\/schema\/logo\/image\/","url":"https:\/\/www.waterskis.lv\/wp-content\/uploads\/2025\/01\/JUVP-logo.png","contentUrl":"https:\/\/www.waterskis.lv\/wp-content\/uploads\/2025\/01\/JUVP-logo.png","width":421,"height":202,"caption":"WATERSKIS.LV"},"image":{"@id":"https:\/\/www.waterskis.lv\/en\/#\/schema\/logo\/image\/"},"sameAs":["https:\/\/www.facebook.com\/jurmalawaterskiwakeboardpark\/"]}]}},"_links":{"self":[{"href":"https:\/\/www.waterskis.lv\/en\/wp-json\/wp\/v2\/product\/36361","targetHints":{"allow":["GET"]}}],"collection":[{"href":"https:\/\/www.waterskis.lv\/en\/wp-json\/wp\/v2\/product"}],"about":[{"href":"https:\/\/www.waterskis.lv\/en\/wp-json\/wp\/v2\/types\/product"}],"replies":[{"embeddable":true,"href":"https:\/\/www.waterskis.lv\/en\/wp-json\/wp\/v2\/comments?post=36361"}],"wp:featuredmedia":[{"embeddable":true,"href":"https:\/\/www.waterskis.lv\/en\/wp-json\/wp\/v2\/media\/55270"}],"wp:attachment":[{"href":"https:\/\/www.waterskis.lv\/en\/wp-json\/wp\/v2\/media?parent=36361"}],"wp:term":[{"taxonomy":"product_brand","embeddable":true,"href":"https:\/\/www.waterskis.lv\/en\/wp-json\/wp\/v2\/product_brand?post=36361"},{"taxonomy":"product_cat","embeddable":true,"href":"https:\/\/www.waterskis.lv\/en\/wp-json\/wp\/v2\/product_cat?post=36361"},{"taxonomy":"product_tag","embeddable":true,"href":"https:\/\/www.waterskis.lv\/en\/wp-json\/wp\/v2\/product_tag?post=36361"}],"curies":[{"name":"wp","href":"https:\/\/api.w.org\/{rel}","templated":true}]}}