{"id":36392,"date":"2022-01-27T08:31:53","date_gmt":"2022-01-27T05:31:53","guid":{"rendered":"https:\/\/www.waterskis.lv\/products\/piepusamais-puslis-connelly-spin-cycle\/"},"modified":"2026-01-30T15:21:42","modified_gmt":"2026-01-30T13:21:42","slug":"connelly-spin-cycle-1-towable-fun-tube","status":"publish","type":"product","link":"https:\/\/www.waterskis.lv\/en\/product\/connelly-spin-cycle-1-towable-fun-tube\/","title":{"rendered":"CONNELLY SPIN CYCLE 1 TOWABLE FUN TUBE"},"content":{"rendered":"<h1>CONNELLY SPIN CYCLE 1 TOWABLE FUN TUBE<\/h1>\n<p>CONNELLY SPIN CYCLE 1 TOWABLE FUN TUBE<\/p>\n<ul>\n<li>54&#8243; Diameter (deflated), pre-assembled with 1 year warranty<\/li>\n<li>Single rider, specifically designed with a smaller seat location<\/li>\n<li>420D Nylon cover with heavy duty bladder<\/li>\n<li>4 padded handles with knuckle guards for added safety<\/li>\n<li>Speed valve, and quick connect included<\/li>\n<li>Covered mesh bottom drains excess water<\/li>\n<li>Peel and stick repair kit included<\/li>\n<\/ul>\n","protected":false},"excerpt":{"rendered":"<p>https:\/\/www.youtube.com\/watch?v=zs8k_cRJpQw<\/p>\n<p>https:\/\/www.youtube.com\/watch?v=GupHIQo5mN0 [&#8230;]<\/p>\n<p><a class=\"btn btn-secondary understrap-read-more-link\" href=\"https:\/\/www.waterskis.lv\/en\/product\/connelly-spin-cycle-1-towable-fun-tube\/\">Read More&#8230;<\/a><\/p>\n","protected":false},"featured_media":35487,"comment_status":"closed","ping_status":"closed","template":"","meta":{"_acf_changed":false,"inline_featured_image":false},"product_brand":[],"product_cat":[964,361,380],"product_tag":[3074,3075],"class_list":{"0":"post-36392","1":"product","2":"type-product","3":"status-publish","4":"has-post-thumbnail","6":"product_cat-1-rider-tubes","7":"product_cat-sale","8":"product_cat-towables","9":"product_tag-inflatable-towable-tube","10":"product_tag-3075","11":"product_shipping_class-latvija-kurjers","13":"first","14":"instock","15":"sale","16":"shipping-taxable","17":"purchasable","18":"product-type-simple"},"acf":[],"yoast_head":"<!-- This site is optimized with the Yoast SEO plugin v27.4 - https:\/\/yoast.com\/product\/yoast-seo-wordpress\/ -->\n<title>CONNELLY SPIN CYCLE 1 TOWABLE FUN TUBE - WATERSKIS.LV<\/title>\n<meta name=\"description\" content=\"CONNELLY SPIN CYCLE 1 TOWABLE FUN TUBE - single inflatable tube from CONNELLY for your pleasure and relaxation on the water\" \/>\n<meta name=\"robots\" content=\"index, follow, max-snippet:-1, max-image-preview:large, max-video-preview:-1\" \/>\n<link rel=\"canonical\" href=\"https:\/\/www.waterskis.lv\/en\/product\/connelly-spin-cycle-1-towable-fun-tube\/\" \/>\n<meta property=\"og:locale\" content=\"en_US\" \/>\n<meta property=\"og:type\" content=\"article\" \/>\n<meta property=\"og:title\" content=\"CONNELLY SPIN CYCLE 1 TOWABLE FUN TUBE - WATERSKIS.LV\" \/>\n<meta property=\"og:description\" content=\"CONNELLY SPIN CYCLE 1 TOWABLE FUN TUBE - single inflatable tube from CONNELLY for your pleasure and relaxation on the water\" \/>\n<meta property=\"og:url\" content=\"https:\/\/www.waterskis.lv\/en\/product\/connelly-spin-cycle-1-towable-fun-tube\/\" \/>\n<meta property=\"og:site_name\" content=\"WATERSKIS.LV\" \/>\n<meta property=\"article:publisher\" content=\"https:\/\/www.facebook.com\/jurmalawaterskiwakeboardpark\/\" \/>\n<meta property=\"article:modified_time\" content=\"2026-01-30T13:21:42+00:00\" \/>\n<meta property=\"og:image\" content=\"https:\/\/www.waterskis.lv\/wp-content\/uploads\/2022\/01\/SpinCycle_1751070a-5024-4306-a7cd-9dd6a2ed9b5b_1800x1800.png.jpg\" \/>\n\t<meta property=\"og:image:width\" content=\"1080\" \/>\n\t<meta property=\"og:image:height\" content=\"1080\" \/>\n\t<meta property=\"og:image:type\" content=\"image\/jpeg\" \/>\n<meta name=\"twitter:card\" content=\"summary_large_image\" \/>\n<meta name=\"twitter:label1\" content=\"Est. reading time\" \/>\n\t<meta name=\"twitter:data1\" content=\"1 minute\" \/>\n<script type=\"application\/ld+json\" class=\"yoast-schema-graph\">{\"@context\":\"https:\\\/\\\/schema.org\",\"@graph\":[{\"@type\":\"WebPage\",\"@id\":\"https:\\\/\\\/www.waterskis.lv\\\/en\\\/product\\\/connelly-spin-cycle-1-towable-fun-tube\\\/\",\"url\":\"https:\\\/\\\/www.waterskis.lv\\\/en\\\/product\\\/connelly-spin-cycle-1-towable-fun-tube\\\/\",\"name\":\"CONNELLY SPIN CYCLE 1 TOWABLE FUN TUBE - WATERSKIS.LV\",\"isPartOf\":{\"@id\":\"https:\\\/\\\/www.waterskis.lv\\\/en\\\/#website\"},\"primaryImageOfPage\":{\"@id\":\"https:\\\/\\\/www.waterskis.lv\\\/en\\\/product\\\/connelly-spin-cycle-1-towable-fun-tube\\\/#primaryimage\"},\"image\":{\"@id\":\"https:\\\/\\\/www.waterskis.lv\\\/en\\\/product\\\/connelly-spin-cycle-1-towable-fun-tube\\\/#primaryimage\"},\"thumbnailUrl\":\"https:\\\/\\\/www.waterskis.lv\\\/wp-content\\\/uploads\\\/2022\\\/01\\\/SpinCycle_1751070a-5024-4306-a7cd-9dd6a2ed9b5b_1800x1800.png.jpg\",\"datePublished\":\"2022-01-27T05:31:53+00:00\",\"dateModified\":\"2026-01-30T13:21:42+00:00\",\"description\":\"CONNELLY SPIN CYCLE 1 TOWABLE FUN TUBE - single inflatable tube from CONNELLY for your pleasure and relaxation on the water\",\"breadcrumb\":{\"@id\":\"https:\\\/\\\/www.waterskis.lv\\\/en\\\/product\\\/connelly-spin-cycle-1-towable-fun-tube\\\/#breadcrumb\"},\"inLanguage\":\"en-US\",\"potentialAction\":[{\"@type\":\"ReadAction\",\"target\":[\"https:\\\/\\\/www.waterskis.lv\\\/en\\\/product\\\/connelly-spin-cycle-1-towable-fun-tube\\\/\"]}]},{\"@type\":\"ImageObject\",\"inLanguage\":\"en-US\",\"@id\":\"https:\\\/\\\/www.waterskis.lv\\\/en\\\/product\\\/connelly-spin-cycle-1-towable-fun-tube\\\/#primaryimage\",\"url\":\"https:\\\/\\\/www.waterskis.lv\\\/wp-content\\\/uploads\\\/2022\\\/01\\\/SpinCycle_1751070a-5024-4306-a7cd-9dd6a2ed9b5b_1800x1800.png.jpg\",\"contentUrl\":\"https:\\\/\\\/www.waterskis.lv\\\/wp-content\\\/uploads\\\/2022\\\/01\\\/SpinCycle_1751070a-5024-4306-a7cd-9dd6a2ed9b5b_1800x1800.png.jpg\",\"width\":1080,\"height\":1080,\"caption\":\"CONNELLY SPIN CYCLE 1 TOWABLE TUBE\"},{\"@type\":\"BreadcrumbList\",\"@id\":\"https:\\\/\\\/www.waterskis.lv\\\/en\\\/product\\\/connelly-spin-cycle-1-towable-fun-tube\\\/#breadcrumb\",\"itemListElement\":[{\"@type\":\"ListItem\",\"position\":1,\"name\":\"Home\",\"item\":\"https:\\\/\\\/www.waterskis.lv\\\/en\\\/\"},{\"@type\":\"ListItem\",\"position\":2,\"name\":\"Shop\",\"item\":\"https:\\\/\\\/waterskis.lv\\\/en\\\/shop\\\/\"},{\"@type\":\"ListItem\",\"position\":3,\"name\":\"CONNELLY SPIN CYCLE 1 TOWABLE FUN TUBE\"}]},{\"@type\":\"WebSite\",\"@id\":\"https:\\\/\\\/www.waterskis.lv\\\/en\\\/#website\",\"url\":\"https:\\\/\\\/www.waterskis.lv\\\/en\\\/\",\"name\":\"WATERSKIS.LV\",\"description\":\"SUP d\u0113\u013ci, kajaki, kanoe, airu laivas, \u016bdenssl\u0113po\u0161ana, veikbords, SUP d\u0113\u013cu noma, kajaku nomaakt\u012bv\u0101s atp\u016btas centrs, laivu noma, sup noma, kajaku noma\",\"publisher\":{\"@id\":\"https:\\\/\\\/www.waterskis.lv\\\/en\\\/#organization\"},\"potentialAction\":[{\"@type\":\"SearchAction\",\"target\":{\"@type\":\"EntryPoint\",\"urlTemplate\":\"https:\\\/\\\/www.waterskis.lv\\\/en\\\/?s={search_term_string}\"},\"query-input\":{\"@type\":\"PropertyValueSpecification\",\"valueRequired\":true,\"valueName\":\"search_term_string\"}}],\"inLanguage\":\"en-US\"},{\"@type\":\"Organization\",\"@id\":\"https:\\\/\\\/www.waterskis.lv\\\/en\\\/#organization\",\"name\":\"WATERSKIS.LV\",\"url\":\"https:\\\/\\\/www.waterskis.lv\\\/en\\\/\",\"logo\":{\"@type\":\"ImageObject\",\"inLanguage\":\"en-US\",\"@id\":\"https:\\\/\\\/www.waterskis.lv\\\/en\\\/#\\\/schema\\\/logo\\\/image\\\/\",\"url\":\"https:\\\/\\\/www.waterskis.lv\\\/wp-content\\\/uploads\\\/2025\\\/01\\\/JUVP-logo.png\",\"contentUrl\":\"https:\\\/\\\/www.waterskis.lv\\\/wp-content\\\/uploads\\\/2025\\\/01\\\/JUVP-logo.png\",\"width\":421,\"height\":202,\"caption\":\"WATERSKIS.LV\"},\"image\":{\"@id\":\"https:\\\/\\\/www.waterskis.lv\\\/en\\\/#\\\/schema\\\/logo\\\/image\\\/\"},\"sameAs\":[\"https:\\\/\\\/www.facebook.com\\\/jurmalawaterskiwakeboardpark\\\/\"]}]}<\/script>\n<!-- \/ Yoast SEO plugin. -->","yoast_head_json":{"title":"CONNELLY SPIN CYCLE 1 TOWABLE FUN TUBE - WATERSKIS.LV","description":"CONNELLY SPIN CYCLE 1 TOWABLE FUN TUBE - single inflatable tube from CONNELLY for your pleasure and relaxation on the water","robots":{"index":"index","follow":"follow","max-snippet":"max-snippet:-1","max-image-preview":"max-image-preview:large","max-video-preview":"max-video-preview:-1"},"canonical":"https:\/\/www.waterskis.lv\/en\/product\/connelly-spin-cycle-1-towable-fun-tube\/","og_locale":"en_US","og_type":"article","og_title":"CONNELLY SPIN CYCLE 1 TOWABLE FUN TUBE - WATERSKIS.LV","og_description":"CONNELLY SPIN CYCLE 1 TOWABLE FUN TUBE - single inflatable tube from CONNELLY for your pleasure and relaxation on the water","og_url":"https:\/\/www.waterskis.lv\/en\/product\/connelly-spin-cycle-1-towable-fun-tube\/","og_site_name":"WATERSKIS.LV","article_publisher":"https:\/\/www.facebook.com\/jurmalawaterskiwakeboardpark\/","article_modified_time":"2026-01-30T13:21:42+00:00","og_image":[{"width":1080,"height":1080,"url":"https:\/\/www.waterskis.lv\/wp-content\/uploads\/2022\/01\/SpinCycle_1751070a-5024-4306-a7cd-9dd6a2ed9b5b_1800x1800.png.jpg","type":"image\/jpeg"}],"twitter_card":"summary_large_image","twitter_misc":{"Est. reading time":"1 minute"},"schema":{"@context":"https:\/\/schema.org","@graph":[{"@type":"WebPage","@id":"https:\/\/www.waterskis.lv\/en\/product\/connelly-spin-cycle-1-towable-fun-tube\/","url":"https:\/\/www.waterskis.lv\/en\/product\/connelly-spin-cycle-1-towable-fun-tube\/","name":"CONNELLY SPIN CYCLE 1 TOWABLE FUN TUBE - WATERSKIS.LV","isPartOf":{"@id":"https:\/\/www.waterskis.lv\/en\/#website"},"primaryImageOfPage":{"@id":"https:\/\/www.waterskis.lv\/en\/product\/connelly-spin-cycle-1-towable-fun-tube\/#primaryimage"},"image":{"@id":"https:\/\/www.waterskis.lv\/en\/product\/connelly-spin-cycle-1-towable-fun-tube\/#primaryimage"},"thumbnailUrl":"https:\/\/www.waterskis.lv\/wp-content\/uploads\/2022\/01\/SpinCycle_1751070a-5024-4306-a7cd-9dd6a2ed9b5b_1800x1800.png.jpg","datePublished":"2022-01-27T05:31:53+00:00","dateModified":"2026-01-30T13:21:42+00:00","description":"CONNELLY SPIN CYCLE 1 TOWABLE FUN TUBE - single inflatable tube from CONNELLY for your pleasure and relaxation on the water","breadcrumb":{"@id":"https:\/\/www.waterskis.lv\/en\/product\/connelly-spin-cycle-1-towable-fun-tube\/#breadcrumb"},"inLanguage":"en-US","potentialAction":[{"@type":"ReadAction","target":["https:\/\/www.waterskis.lv\/en\/product\/connelly-spin-cycle-1-towable-fun-tube\/"]}]},{"@type":"ImageObject","inLanguage":"en-US","@id":"https:\/\/www.waterskis.lv\/en\/product\/connelly-spin-cycle-1-towable-fun-tube\/#primaryimage","url":"https:\/\/www.waterskis.lv\/wp-content\/uploads\/2022\/01\/SpinCycle_1751070a-5024-4306-a7cd-9dd6a2ed9b5b_1800x1800.png.jpg","contentUrl":"https:\/\/www.waterskis.lv\/wp-content\/uploads\/2022\/01\/SpinCycle_1751070a-5024-4306-a7cd-9dd6a2ed9b5b_1800x1800.png.jpg","width":1080,"height":1080,"caption":"CONNELLY SPIN CYCLE 1 TOWABLE TUBE"},{"@type":"BreadcrumbList","@id":"https:\/\/www.waterskis.lv\/en\/product\/connelly-spin-cycle-1-towable-fun-tube\/#breadcrumb","itemListElement":[{"@type":"ListItem","position":1,"name":"Home","item":"https:\/\/www.waterskis.lv\/en\/"},{"@type":"ListItem","position":2,"name":"Shop","item":"https:\/\/waterskis.lv\/en\/shop\/"},{"@type":"ListItem","position":3,"name":"CONNELLY SPIN CYCLE 1 TOWABLE FUN TUBE"}]},{"@type":"WebSite","@id":"https:\/\/www.waterskis.lv\/en\/#website","url":"https:\/\/www.waterskis.lv\/en\/","name":"WATERSKIS.LV","description":"SUP d\u0113\u013ci, kajaki, kanoe, airu laivas, \u016bdenssl\u0113po\u0161ana, veikbords, SUP d\u0113\u013cu noma, kajaku nomaakt\u012bv\u0101s atp\u016btas centrs, laivu noma, sup noma, kajaku noma","publisher":{"@id":"https:\/\/www.waterskis.lv\/en\/#organization"},"potentialAction":[{"@type":"SearchAction","target":{"@type":"EntryPoint","urlTemplate":"https:\/\/www.waterskis.lv\/en\/?s={search_term_string}"},"query-input":{"@type":"PropertyValueSpecification","valueRequired":true,"valueName":"search_term_string"}}],"inLanguage":"en-US"},{"@type":"Organization","@id":"https:\/\/www.waterskis.lv\/en\/#organization","name":"WATERSKIS.LV","url":"https:\/\/www.waterskis.lv\/en\/","logo":{"@type":"ImageObject","inLanguage":"en-US","@id":"https:\/\/www.waterskis.lv\/en\/#\/schema\/logo\/image\/","url":"https:\/\/www.waterskis.lv\/wp-content\/uploads\/2025\/01\/JUVP-logo.png","contentUrl":"https:\/\/www.waterskis.lv\/wp-content\/uploads\/2025\/01\/JUVP-logo.png","width":421,"height":202,"caption":"WATERSKIS.LV"},"image":{"@id":"https:\/\/www.waterskis.lv\/en\/#\/schema\/logo\/image\/"},"sameAs":["https:\/\/www.facebook.com\/jurmalawaterskiwakeboardpark\/"]}]}},"_links":{"self":[{"href":"https:\/\/www.waterskis.lv\/en\/wp-json\/wp\/v2\/product\/36392","targetHints":{"allow":["GET"]}}],"collection":[{"href":"https:\/\/www.waterskis.lv\/en\/wp-json\/wp\/v2\/product"}],"about":[{"href":"https:\/\/www.waterskis.lv\/en\/wp-json\/wp\/v2\/types\/product"}],"replies":[{"embeddable":true,"href":"https:\/\/www.waterskis.lv\/en\/wp-json\/wp\/v2\/comments?post=36392"}],"wp:featuredmedia":[{"embeddable":true,"href":"https:\/\/www.waterskis.lv\/en\/wp-json\/wp\/v2\/media\/35487"}],"wp:attachment":[{"href":"https:\/\/www.waterskis.lv\/en\/wp-json\/wp\/v2\/media?parent=36392"}],"wp:term":[{"taxonomy":"product_brand","embeddable":true,"href":"https:\/\/www.waterskis.lv\/en\/wp-json\/wp\/v2\/product_brand?post=36392"},{"taxonomy":"product_cat","embeddable":true,"href":"https:\/\/www.waterskis.lv\/en\/wp-json\/wp\/v2\/product_cat?post=36392"},{"taxonomy":"product_tag","embeddable":true,"href":"https:\/\/www.waterskis.lv\/en\/wp-json\/wp\/v2\/product_tag?post=36392"}],"curies":[{"name":"wp","href":"https:\/\/api.w.org\/{rel}","templated":true}]}}