{"id":36779,"date":"2022-01-13T18:41:30","date_gmt":"2022-01-13T15:41:30","guid":{"rendered":"https:\/\/www.waterskis.lv\/products\/udensslepes-connelly-voyage-64%e2%80%b3\/"},"modified":"2024-10-11T14:52:05","modified_gmt":"2024-10-11T11:52:05","slug":"connelly-voyage-combo-waterskis-64","status":"publish","type":"product","link":"https:\/\/www.waterskis.lv\/en\/product\/connelly-voyage-combo-waterskis-64\/","title":{"rendered":"CONNELLY VOYAGE COMBO WATERSKIS 64&#8243;"},"content":{"rendered":"<h1>CONNELLY VOYAGE COMBO WATERSKIS 64&#8243;<\/h1>\n<p>CONNELLY VOYAGE COMBO WATERSKIS 64&#8243;<\/p>\n<p>Up to 150 lbs<\/p>\n<p>The Voyage combo pair uses a traditional shape with a slightly wider frame, specifically under the bindings and going back to the tail end. The extra surface area makes getting up and out of the water easier while providing you with stability to perfect your balance and stance. Step base technology through the bottom tunnels reduces drag and gives the skis that free maneuvering feeling.<\/p>\n<div class=\"accordion__title\">\n<div class=\"paragraph\"><strong>FEATURES<\/strong><\/div>\n<\/div>\n<div class=\"accordion__content\">\n<div>\n<div>\n<div><\/div>\n<div class=\"paragraph\">\u2022 Reinforced composite construction<br \/>\n\u2022 Step base technology for less drag<br \/>\n\u2022 Beveled tips for turn initiation<br \/>\n\u2022 High gloss UV coat<br \/>\n\u2022 Stabilizer bar inserts<\/div>\n<\/div>\n<\/div>\n<\/div>\n<div><\/div>\n<div>\n<div class=\"accordion__title\">\n<div class=\"paragraph\">BINDING OPTIONS<\/div>\n<\/div>\n<div class=\"accordion__content\">\n<div class=\"paragraph\">\u2022 Slide-Type Adjustable<\/div>\n<div>\n<div><\/div>\n<div>FIN<\/div>\n<\/div>\n<div class=\"paragraph\">\u2022 Glass filled nylon<\/div>\n<\/div>\n<\/div>\n<div><\/div>\n<div>\n<div class=\"accordion__title\">\n<div class=\"paragraph\">SUGGESTED SKI SIZE<\/div>\n<\/div>\n<div class=\"accordion__content\">\n<div class=\"paragraph\"><strong>Size | Skier Weight | Foot Size<br \/>\n<\/strong><br \/>\n64\u201d \/ 163 cm\u00a0| \u2264150lbs | 9-14<br \/>\n68\u201d \/ 173 cm | \u2265120lbs | 9-14<\/div>\n<\/div>\n<\/div>\n","protected":false},"excerpt":{"rendered":"<p>https:\/\/www.youtube.com\/watch?v=zpP_4xf0NAg [&#8230;]<\/p>\n<p><a class=\"btn btn-secondary understrap-read-more-link\" href=\"https:\/\/www.waterskis.lv\/en\/product\/connelly-voyage-combo-waterskis-64\/\">Read More&#8230;<\/a><\/p>\n","protected":false},"featured_media":34582,"comment_status":"closed","ping_status":"closed","template":"","meta":{"_acf_changed":false,"inline_featured_image":false},"product_brand":[],"product_cat":[564,562,561],"product_tag":[2533,2945],"class_list":{"0":"post-36779","1":"product","2":"type-product","3":"status-publish","4":"has-post-thumbnail","6":"product_cat-combo-waterskis","7":"product_cat-kids-water-skis","8":"product_cat-waterskis","9":"product_tag-connelly-waterskis","10":"product_tag-waterskis","12":"first","13":"instock","14":"sale","15":"shipping-taxable","16":"purchasable","17":"product-type-simple"},"acf":[],"yoast_head":"<!-- This site is optimized with the Yoast SEO plugin v27.5 - https:\/\/yoast.com\/product\/yoast-seo-wordpress\/ -->\n<title>CONNELLY VOYAGE COMBO WATERSKIS 64&quot; - WATERSKIS.LV<\/title>\n<meta name=\"description\" content=\"CONNELLY VOYAGE COMBO WATERSKIS 64&quot; uses a traditional shape with a slightly wider frame, specifically under the bindings. Delivery, pick up\" \/>\n<meta name=\"robots\" content=\"index, follow, max-snippet:-1, max-image-preview:large, max-video-preview:-1\" \/>\n<link rel=\"canonical\" href=\"https:\/\/www.waterskis.lv\/en\/product\/connelly-voyage-combo-waterskis-64\/\" \/>\n<meta property=\"og:locale\" content=\"en_US\" \/>\n<meta property=\"og:type\" content=\"article\" \/>\n<meta property=\"og:title\" content=\"CONNELLY VOYAGE COMBO WATERSKIS 64&quot; - WATERSKIS.LV\" \/>\n<meta property=\"og:description\" content=\"CONNELLY VOYAGE COMBO WATERSKIS 64&quot; uses a traditional shape with a slightly wider frame, specifically under the bindings. Delivery, pick up\" \/>\n<meta property=\"og:url\" content=\"https:\/\/www.waterskis.lv\/en\/product\/connelly-voyage-combo-waterskis-64\/\" \/>\n<meta property=\"og:site_name\" content=\"WATERSKIS.LV\" \/>\n<meta property=\"article:publisher\" content=\"https:\/\/www.facebook.com\/jurmalawaterskiwakeboardpark\/\" \/>\n<meta property=\"article:modified_time\" content=\"2024-10-11T11:52:05+00:00\" \/>\n<meta property=\"og:image\" content=\"https:\/\/waterskis.lv\/wp-content\/uploads\/2022\/01\/Voyage68inTop_1800x1800.png.jpg\" \/>\n\t<meta property=\"og:image:width\" content=\"1080\" \/>\n\t<meta property=\"og:image:height\" content=\"1080\" \/>\n\t<meta property=\"og:image:type\" content=\"image\/jpeg\" \/>\n<meta name=\"twitter:card\" content=\"summary_large_image\" \/>\n<meta name=\"twitter:label1\" content=\"Est. reading time\" \/>\n\t<meta name=\"twitter:data1\" content=\"1 minute\" \/>\n<script type=\"application\/ld+json\" class=\"yoast-schema-graph\">{\"@context\":\"https:\\\/\\\/schema.org\",\"@graph\":[{\"@type\":\"WebPage\",\"@id\":\"https:\\\/\\\/www.waterskis.lv\\\/en\\\/product\\\/connelly-voyage-combo-waterskis-64\\\/\",\"url\":\"https:\\\/\\\/www.waterskis.lv\\\/en\\\/product\\\/connelly-voyage-combo-waterskis-64\\\/\",\"name\":\"CONNELLY VOYAGE COMBO WATERSKIS 64\\\" - WATERSKIS.LV\",\"isPartOf\":{\"@id\":\"https:\\\/\\\/www.waterskis.lv\\\/en\\\/#website\"},\"primaryImageOfPage\":{\"@id\":\"https:\\\/\\\/www.waterskis.lv\\\/en\\\/product\\\/connelly-voyage-combo-waterskis-64\\\/#primaryimage\"},\"image\":{\"@id\":\"https:\\\/\\\/www.waterskis.lv\\\/en\\\/product\\\/connelly-voyage-combo-waterskis-64\\\/#primaryimage\"},\"thumbnailUrl\":\"https:\\\/\\\/www.waterskis.lv\\\/wp-content\\\/uploads\\\/2022\\\/01\\\/Voyage68inTop_1800x1800.png.jpg\",\"datePublished\":\"2022-01-13T15:41:30+00:00\",\"dateModified\":\"2024-10-11T11:52:05+00:00\",\"description\":\"CONNELLY VOYAGE COMBO WATERSKIS 64\\\" uses a traditional shape with a slightly wider frame, specifically under the bindings. Delivery, pick up\",\"breadcrumb\":{\"@id\":\"https:\\\/\\\/www.waterskis.lv\\\/en\\\/product\\\/connelly-voyage-combo-waterskis-64\\\/#breadcrumb\"},\"inLanguage\":\"en-US\",\"potentialAction\":[{\"@type\":\"ReadAction\",\"target\":[\"https:\\\/\\\/www.waterskis.lv\\\/en\\\/product\\\/connelly-voyage-combo-waterskis-64\\\/\"]}]},{\"@type\":\"ImageObject\",\"inLanguage\":\"en-US\",\"@id\":\"https:\\\/\\\/www.waterskis.lv\\\/en\\\/product\\\/connelly-voyage-combo-waterskis-64\\\/#primaryimage\",\"url\":\"https:\\\/\\\/www.waterskis.lv\\\/wp-content\\\/uploads\\\/2022\\\/01\\\/Voyage68inTop_1800x1800.png.jpg\",\"contentUrl\":\"https:\\\/\\\/www.waterskis.lv\\\/wp-content\\\/uploads\\\/2022\\\/01\\\/Voyage68inTop_1800x1800.png.jpg\",\"width\":1080,\"height\":1080,\"caption\":\"CONNELLY VOYAGE COMBO WATERSKIS 64\\\"\"},{\"@type\":\"BreadcrumbList\",\"@id\":\"https:\\\/\\\/www.waterskis.lv\\\/en\\\/product\\\/connelly-voyage-combo-waterskis-64\\\/#breadcrumb\",\"itemListElement\":[{\"@type\":\"ListItem\",\"position\":1,\"name\":\"Home\",\"item\":\"https:\\\/\\\/www.waterskis.lv\\\/en\\\/\"},{\"@type\":\"ListItem\",\"position\":2,\"name\":\"Shop\",\"item\":\"https:\\\/\\\/waterskis.lv\\\/en\\\/shop\\\/\"},{\"@type\":\"ListItem\",\"position\":3,\"name\":\"CONNELLY VOYAGE COMBO WATERSKIS 64&#8243;\"}]},{\"@type\":\"WebSite\",\"@id\":\"https:\\\/\\\/www.waterskis.lv\\\/en\\\/#website\",\"url\":\"https:\\\/\\\/www.waterskis.lv\\\/en\\\/\",\"name\":\"WATERSKIS.LV\",\"description\":\"SUP d\u0113\u013ci, kajaki, kanoe, airu laivas, \u016bdenssl\u0113po\u0161ana, veikbords, SUP d\u0113\u013cu noma, kajaku nomaakt\u012bv\u0101s atp\u016btas centrs, laivu noma, sup noma, kajaku noma\",\"publisher\":{\"@id\":\"https:\\\/\\\/www.waterskis.lv\\\/en\\\/#organization\"},\"potentialAction\":[{\"@type\":\"SearchAction\",\"target\":{\"@type\":\"EntryPoint\",\"urlTemplate\":\"https:\\\/\\\/www.waterskis.lv\\\/en\\\/?s={search_term_string}\"},\"query-input\":{\"@type\":\"PropertyValueSpecification\",\"valueRequired\":true,\"valueName\":\"search_term_string\"}}],\"inLanguage\":\"en-US\"},{\"@type\":\"Organization\",\"@id\":\"https:\\\/\\\/www.waterskis.lv\\\/en\\\/#organization\",\"name\":\"WATERSKIS.LV\",\"url\":\"https:\\\/\\\/www.waterskis.lv\\\/en\\\/\",\"logo\":{\"@type\":\"ImageObject\",\"inLanguage\":\"en-US\",\"@id\":\"https:\\\/\\\/www.waterskis.lv\\\/en\\\/#\\\/schema\\\/logo\\\/image\\\/\",\"url\":\"https:\\\/\\\/www.waterskis.lv\\\/wp-content\\\/uploads\\\/2025\\\/01\\\/JUVP-logo.png\",\"contentUrl\":\"https:\\\/\\\/www.waterskis.lv\\\/wp-content\\\/uploads\\\/2025\\\/01\\\/JUVP-logo.png\",\"width\":421,\"height\":202,\"caption\":\"WATERSKIS.LV\"},\"image\":{\"@id\":\"https:\\\/\\\/www.waterskis.lv\\\/en\\\/#\\\/schema\\\/logo\\\/image\\\/\"},\"sameAs\":[\"https:\\\/\\\/www.facebook.com\\\/jurmalawaterskiwakeboardpark\\\/\"]}]}<\/script>\n<!-- \/ Yoast SEO plugin. -->","yoast_head_json":{"title":"CONNELLY VOYAGE COMBO WATERSKIS 64\" - WATERSKIS.LV","description":"CONNELLY VOYAGE COMBO WATERSKIS 64\" uses a traditional shape with a slightly wider frame, specifically under the bindings. Delivery, pick up","robots":{"index":"index","follow":"follow","max-snippet":"max-snippet:-1","max-image-preview":"max-image-preview:large","max-video-preview":"max-video-preview:-1"},"canonical":"https:\/\/www.waterskis.lv\/en\/product\/connelly-voyage-combo-waterskis-64\/","og_locale":"en_US","og_type":"article","og_title":"CONNELLY VOYAGE COMBO WATERSKIS 64\" - WATERSKIS.LV","og_description":"CONNELLY VOYAGE COMBO WATERSKIS 64\" uses a traditional shape with a slightly wider frame, specifically under the bindings. Delivery, pick up","og_url":"https:\/\/www.waterskis.lv\/en\/product\/connelly-voyage-combo-waterskis-64\/","og_site_name":"WATERSKIS.LV","article_publisher":"https:\/\/www.facebook.com\/jurmalawaterskiwakeboardpark\/","article_modified_time":"2024-10-11T11:52:05+00:00","og_image":[{"width":1080,"height":1080,"url":"https:\/\/waterskis.lv\/wp-content\/uploads\/2022\/01\/Voyage68inTop_1800x1800.png.jpg","type":"image\/jpeg"}],"twitter_card":"summary_large_image","twitter_misc":{"Est. reading time":"1 minute"},"schema":{"@context":"https:\/\/schema.org","@graph":[{"@type":"WebPage","@id":"https:\/\/www.waterskis.lv\/en\/product\/connelly-voyage-combo-waterskis-64\/","url":"https:\/\/www.waterskis.lv\/en\/product\/connelly-voyage-combo-waterskis-64\/","name":"CONNELLY VOYAGE COMBO WATERSKIS 64\" - WATERSKIS.LV","isPartOf":{"@id":"https:\/\/www.waterskis.lv\/en\/#website"},"primaryImageOfPage":{"@id":"https:\/\/www.waterskis.lv\/en\/product\/connelly-voyage-combo-waterskis-64\/#primaryimage"},"image":{"@id":"https:\/\/www.waterskis.lv\/en\/product\/connelly-voyage-combo-waterskis-64\/#primaryimage"},"thumbnailUrl":"https:\/\/www.waterskis.lv\/wp-content\/uploads\/2022\/01\/Voyage68inTop_1800x1800.png.jpg","datePublished":"2022-01-13T15:41:30+00:00","dateModified":"2024-10-11T11:52:05+00:00","description":"CONNELLY VOYAGE COMBO WATERSKIS 64\" uses a traditional shape with a slightly wider frame, specifically under the bindings. Delivery, pick up","breadcrumb":{"@id":"https:\/\/www.waterskis.lv\/en\/product\/connelly-voyage-combo-waterskis-64\/#breadcrumb"},"inLanguage":"en-US","potentialAction":[{"@type":"ReadAction","target":["https:\/\/www.waterskis.lv\/en\/product\/connelly-voyage-combo-waterskis-64\/"]}]},{"@type":"ImageObject","inLanguage":"en-US","@id":"https:\/\/www.waterskis.lv\/en\/product\/connelly-voyage-combo-waterskis-64\/#primaryimage","url":"https:\/\/www.waterskis.lv\/wp-content\/uploads\/2022\/01\/Voyage68inTop_1800x1800.png.jpg","contentUrl":"https:\/\/www.waterskis.lv\/wp-content\/uploads\/2022\/01\/Voyage68inTop_1800x1800.png.jpg","width":1080,"height":1080,"caption":"CONNELLY VOYAGE COMBO WATERSKIS 64\""},{"@type":"BreadcrumbList","@id":"https:\/\/www.waterskis.lv\/en\/product\/connelly-voyage-combo-waterskis-64\/#breadcrumb","itemListElement":[{"@type":"ListItem","position":1,"name":"Home","item":"https:\/\/www.waterskis.lv\/en\/"},{"@type":"ListItem","position":2,"name":"Shop","item":"https:\/\/waterskis.lv\/en\/shop\/"},{"@type":"ListItem","position":3,"name":"CONNELLY VOYAGE COMBO WATERSKIS 64&#8243;"}]},{"@type":"WebSite","@id":"https:\/\/www.waterskis.lv\/en\/#website","url":"https:\/\/www.waterskis.lv\/en\/","name":"WATERSKIS.LV","description":"SUP d\u0113\u013ci, kajaki, kanoe, airu laivas, \u016bdenssl\u0113po\u0161ana, veikbords, SUP d\u0113\u013cu noma, kajaku nomaakt\u012bv\u0101s atp\u016btas centrs, laivu noma, sup noma, kajaku noma","publisher":{"@id":"https:\/\/www.waterskis.lv\/en\/#organization"},"potentialAction":[{"@type":"SearchAction","target":{"@type":"EntryPoint","urlTemplate":"https:\/\/www.waterskis.lv\/en\/?s={search_term_string}"},"query-input":{"@type":"PropertyValueSpecification","valueRequired":true,"valueName":"search_term_string"}}],"inLanguage":"en-US"},{"@type":"Organization","@id":"https:\/\/www.waterskis.lv\/en\/#organization","name":"WATERSKIS.LV","url":"https:\/\/www.waterskis.lv\/en\/","logo":{"@type":"ImageObject","inLanguage":"en-US","@id":"https:\/\/www.waterskis.lv\/en\/#\/schema\/logo\/image\/","url":"https:\/\/www.waterskis.lv\/wp-content\/uploads\/2025\/01\/JUVP-logo.png","contentUrl":"https:\/\/www.waterskis.lv\/wp-content\/uploads\/2025\/01\/JUVP-logo.png","width":421,"height":202,"caption":"WATERSKIS.LV"},"image":{"@id":"https:\/\/www.waterskis.lv\/en\/#\/schema\/logo\/image\/"},"sameAs":["https:\/\/www.facebook.com\/jurmalawaterskiwakeboardpark\/"]}]}},"_links":{"self":[{"href":"https:\/\/www.waterskis.lv\/en\/wp-json\/wp\/v2\/product\/36779","targetHints":{"allow":["GET"]}}],"collection":[{"href":"https:\/\/www.waterskis.lv\/en\/wp-json\/wp\/v2\/product"}],"about":[{"href":"https:\/\/www.waterskis.lv\/en\/wp-json\/wp\/v2\/types\/product"}],"replies":[{"embeddable":true,"href":"https:\/\/www.waterskis.lv\/en\/wp-json\/wp\/v2\/comments?post=36779"}],"wp:featuredmedia":[{"embeddable":true,"href":"https:\/\/www.waterskis.lv\/en\/wp-json\/wp\/v2\/media\/34582"}],"wp:attachment":[{"href":"https:\/\/www.waterskis.lv\/en\/wp-json\/wp\/v2\/media?parent=36779"}],"wp:term":[{"taxonomy":"product_brand","embeddable":true,"href":"https:\/\/www.waterskis.lv\/en\/wp-json\/wp\/v2\/product_brand?post=36779"},{"taxonomy":"product_cat","embeddable":true,"href":"https:\/\/www.waterskis.lv\/en\/wp-json\/wp\/v2\/product_cat?post=36779"},{"taxonomy":"product_tag","embeddable":true,"href":"https:\/\/www.waterskis.lv\/en\/wp-json\/wp\/v2\/product_tag?post=36779"}],"curies":[{"name":"wp","href":"https:\/\/api.w.org\/{rel}","templated":true}]}}