{"id":36782,"date":"2021-07-05T10:31:28","date_gmt":"2021-07-05T07:31:28","guid":{"rendered":"https:\/\/www.waterskis.lv\/products\/connelly-super-sport-55\/"},"modified":"2026-01-28T14:11:45","modified_gmt":"2026-01-28T12:11:45","slug":"connelly-kids-super-sport-combo-waterskis","status":"publish","type":"product","link":"https:\/\/www.waterskis.lv\/en\/product\/connelly-kids-super-sport-combo-waterskis\/","title":{"rendered":"CONNELLY KIDS SUPER SPORT COMBO WATERSKIS"},"content":{"rendered":"<h1>CONNELLY KIDS SUPER SPORT COMBO WATERSKIS<\/h1>\n<p>Build confidence in smaller, lighter riders with properly sized gear that offers a more enjoyable ride. The Super Sport features our shaped ski concept with wide tip and tail for easier deep water starts. Beginners can also use the included front stabilizer bar to keep the skis in line and proper distance apart. Remove the bar once they learn the basics to utilize the full performance of the skis.<\/p>\n<div class=\"accordion__title\">\n<div class=\"paragraph\"><span style=\"color: #000000;\">FEATURES<\/span><\/div>\n<\/div>\n<div class=\"accordion__content\">\n<div>\n<div>\n<div><\/div>\n<div class=\"paragraph\">\u2022 Reinforced composite construction<br \/>\n\u2022 C.T.S. (Connelly Tracking System)<br \/>\n\u2022 High gloss UV coat<br \/>\n\u2022 Removable stabilizer bar<\/div>\n<div><\/div>\n<\/div>\n<\/div>\n<\/div>\n<div><span style=\"color: #000000; font-size: large;\">RECOMMENDED BINDING OPTIONS\u00a0<\/span><\/div>\n<div>\n<div class=\"paragraph\">\u2022 Junior Slide-Type Adjustable<\/div>\n<div><\/div>\n<\/div>\n<div><span style=\"color: #000000; font-size: large;\">FIN<\/span><\/div>\n<div>\n<div class=\"paragraph\">\u2022 Glass filled nylon<\/div>\n<div><\/div>\n<\/div>\n<div><span style=\"color: #000000; font-size: large;\">SUGGESTED SKI SIZE AND BINDING LOCATION BY SKIER WEIGHT<\/span><\/div>\n<div>\n<div class=\"paragraph\">Size | Skier Weight | Foot Size<strong><br \/>\n\u200b<\/strong><br \/>\n55\u201d \/ 140 cm | \u2264135lbs\/ 60 kg | 4-9<\/div>\n<div><\/div>\n<div>CONNELLY KIDS SUPER SPORT COMBO WATERSKIS<\/div>\n<\/div>\n","protected":false},"excerpt":{"rendered":"<p>https:\/\/www.youtube.com\/watch?v=lMh5f1MV_NQ [&#8230;]<\/p>\n<p><a class=\"btn btn-secondary understrap-read-more-link\" href=\"https:\/\/www.waterskis.lv\/en\/product\/connelly-kids-super-sport-combo-waterskis\/\">Read More&#8230;<\/a><\/p>\n","protected":false},"featured_media":29481,"comment_status":"closed","ping_status":"closed","template":"","meta":{"_acf_changed":false,"inline_featured_image":false},"product_brand":[1280],"product_cat":[562,361,561],"product_tag":[2373,2966,2978],"class_list":{"0":"post-36782","1":"product","2":"type-product","3":"status-publish","4":"has-post-thumbnail","6":"product_brand-connelly-water-sports","7":"product_cat-kids-water-skis","8":"product_cat-sale","9":"product_cat-waterskis","10":"product_tag-bernu-udensslepes","11":"product_tag-connelly-skis","12":"product_tag-kids-waterskis","14":"first","15":"instock","16":"sale","17":"shipping-taxable","18":"purchasable","19":"product-type-simple"},"acf":[],"yoast_head":"<!-- This site is optimized with the Yoast SEO plugin v27.3 - https:\/\/yoast.com\/product\/yoast-seo-wordpress\/ -->\n<title>CONNELLY KIDS SUPER SPORT COMBO WATERSKIS - WATERSKIS.LV<\/title>\n<meta name=\"description\" content=\"CONNELLY KIDS SUPER SPORT COMBO WATERSKIS features our shaped ski concept with wide tip and tail for easier deep water starts\" \/>\n<meta name=\"robots\" content=\"index, follow, max-snippet:-1, max-image-preview:large, max-video-preview:-1\" \/>\n<link rel=\"canonical\" href=\"https:\/\/www.waterskis.lv\/en\/product\/connelly-kids-super-sport-combo-waterskis\/\" \/>\n<meta property=\"og:locale\" content=\"en_US\" \/>\n<meta property=\"og:type\" content=\"article\" \/>\n<meta property=\"og:title\" content=\"CONNELLY KIDS SUPER SPORT COMBO WATERSKIS - WATERSKIS.LV\" \/>\n<meta property=\"og:description\" content=\"CONNELLY KIDS SUPER SPORT COMBO WATERSKIS features our shaped ski concept with wide tip and tail for easier deep water starts\" \/>\n<meta property=\"og:url\" content=\"https:\/\/www.waterskis.lv\/en\/product\/connelly-kids-super-sport-combo-waterskis\/\" \/>\n<meta property=\"og:site_name\" content=\"WATERSKIS.LV\" \/>\n<meta property=\"article:publisher\" content=\"https:\/\/www.facebook.com\/jurmalawaterskiwakeboardpark\/\" \/>\n<meta property=\"article:modified_time\" content=\"2026-01-28T12:11:45+00:00\" \/>\n<meta property=\"og:image\" content=\"https:\/\/www.waterskis.lv\/wp-content\/uploads\/2021\/07\/2021-super-sport-top.jpg\" \/>\n\t<meta property=\"og:image:width\" content=\"1600\" \/>\n\t<meta property=\"og:image:height\" content=\"1600\" \/>\n\t<meta property=\"og:image:type\" content=\"image\/jpeg\" \/>\n<meta name=\"twitter:card\" content=\"summary_large_image\" \/>\n<meta name=\"twitter:label1\" content=\"Est. reading time\" \/>\n\t<meta name=\"twitter:data1\" content=\"1 minute\" \/>\n<script type=\"application\/ld+json\" class=\"yoast-schema-graph\">{\"@context\":\"https:\\\/\\\/schema.org\",\"@graph\":[{\"@type\":\"WebPage\",\"@id\":\"https:\\\/\\\/www.waterskis.lv\\\/en\\\/product\\\/connelly-kids-super-sport-combo-waterskis\\\/\",\"url\":\"https:\\\/\\\/www.waterskis.lv\\\/en\\\/product\\\/connelly-kids-super-sport-combo-waterskis\\\/\",\"name\":\"CONNELLY KIDS SUPER SPORT COMBO WATERSKIS - WATERSKIS.LV\",\"isPartOf\":{\"@id\":\"https:\\\/\\\/www.waterskis.lv\\\/en\\\/#website\"},\"primaryImageOfPage\":{\"@id\":\"https:\\\/\\\/www.waterskis.lv\\\/en\\\/product\\\/connelly-kids-super-sport-combo-waterskis\\\/#primaryimage\"},\"image\":{\"@id\":\"https:\\\/\\\/www.waterskis.lv\\\/en\\\/product\\\/connelly-kids-super-sport-combo-waterskis\\\/#primaryimage\"},\"thumbnailUrl\":\"https:\\\/\\\/www.waterskis.lv\\\/wp-content\\\/uploads\\\/2021\\\/07\\\/2021-super-sport-top.jpg\",\"datePublished\":\"2021-07-05T07:31:28+00:00\",\"dateModified\":\"2026-01-28T12:11:45+00:00\",\"description\":\"CONNELLY KIDS SUPER SPORT COMBO WATERSKIS features our shaped ski concept with wide tip and tail for easier deep water starts\",\"breadcrumb\":{\"@id\":\"https:\\\/\\\/www.waterskis.lv\\\/en\\\/product\\\/connelly-kids-super-sport-combo-waterskis\\\/#breadcrumb\"},\"inLanguage\":\"en-US\",\"potentialAction\":[{\"@type\":\"ReadAction\",\"target\":[\"https:\\\/\\\/www.waterskis.lv\\\/en\\\/product\\\/connelly-kids-super-sport-combo-waterskis\\\/\"]}]},{\"@type\":\"ImageObject\",\"inLanguage\":\"en-US\",\"@id\":\"https:\\\/\\\/www.waterskis.lv\\\/en\\\/product\\\/connelly-kids-super-sport-combo-waterskis\\\/#primaryimage\",\"url\":\"https:\\\/\\\/www.waterskis.lv\\\/wp-content\\\/uploads\\\/2021\\\/07\\\/2021-super-sport-top.jpg\",\"contentUrl\":\"https:\\\/\\\/www.waterskis.lv\\\/wp-content\\\/uploads\\\/2021\\\/07\\\/2021-super-sport-top.jpg\",\"width\":1600,\"height\":1600,\"caption\":\"B\u0113rnu \u016bdenssl\u0113pes CONNELLY SUPER SPORT 55\\\"\"},{\"@type\":\"BreadcrumbList\",\"@id\":\"https:\\\/\\\/www.waterskis.lv\\\/en\\\/product\\\/connelly-kids-super-sport-combo-waterskis\\\/#breadcrumb\",\"itemListElement\":[{\"@type\":\"ListItem\",\"position\":1,\"name\":\"Home\",\"item\":\"https:\\\/\\\/www.waterskis.lv\\\/en\\\/\"},{\"@type\":\"ListItem\",\"position\":2,\"name\":\"Shop\",\"item\":\"https:\\\/\\\/waterskis.lv\\\/en\\\/shop\\\/\"},{\"@type\":\"ListItem\",\"position\":3,\"name\":\"CONNELLY KIDS SUPER SPORT COMBO WATERSKIS\"}]},{\"@type\":\"WebSite\",\"@id\":\"https:\\\/\\\/www.waterskis.lv\\\/en\\\/#website\",\"url\":\"https:\\\/\\\/www.waterskis.lv\\\/en\\\/\",\"name\":\"WATERSKIS.LV\",\"description\":\"SUP d\u0113\u013ci, kajaki, kanoe, airu laivas, \u016bdenssl\u0113po\u0161ana, veikbords, SUP d\u0113\u013cu noma, kajaku nomaakt\u012bv\u0101s atp\u016btas centrs, laivu noma, sup noma, kajaku noma\",\"publisher\":{\"@id\":\"https:\\\/\\\/www.waterskis.lv\\\/en\\\/#organization\"},\"potentialAction\":[{\"@type\":\"SearchAction\",\"target\":{\"@type\":\"EntryPoint\",\"urlTemplate\":\"https:\\\/\\\/www.waterskis.lv\\\/en\\\/?s={search_term_string}\"},\"query-input\":{\"@type\":\"PropertyValueSpecification\",\"valueRequired\":true,\"valueName\":\"search_term_string\"}}],\"inLanguage\":\"en-US\"},{\"@type\":\"Organization\",\"@id\":\"https:\\\/\\\/www.waterskis.lv\\\/en\\\/#organization\",\"name\":\"WATERSKIS.LV\",\"url\":\"https:\\\/\\\/www.waterskis.lv\\\/en\\\/\",\"logo\":{\"@type\":\"ImageObject\",\"inLanguage\":\"en-US\",\"@id\":\"https:\\\/\\\/www.waterskis.lv\\\/en\\\/#\\\/schema\\\/logo\\\/image\\\/\",\"url\":\"https:\\\/\\\/www.waterskis.lv\\\/wp-content\\\/uploads\\\/2025\\\/01\\\/JUVP-logo.png\",\"contentUrl\":\"https:\\\/\\\/www.waterskis.lv\\\/wp-content\\\/uploads\\\/2025\\\/01\\\/JUVP-logo.png\",\"width\":421,\"height\":202,\"caption\":\"WATERSKIS.LV\"},\"image\":{\"@id\":\"https:\\\/\\\/www.waterskis.lv\\\/en\\\/#\\\/schema\\\/logo\\\/image\\\/\"},\"sameAs\":[\"https:\\\/\\\/www.facebook.com\\\/jurmalawaterskiwakeboardpark\\\/\"]}]}<\/script>\n<!-- \/ Yoast SEO plugin. -->","yoast_head_json":{"title":"CONNELLY KIDS SUPER SPORT COMBO WATERSKIS - WATERSKIS.LV","description":"CONNELLY KIDS SUPER SPORT COMBO WATERSKIS features our shaped ski concept with wide tip and tail for easier deep water starts","robots":{"index":"index","follow":"follow","max-snippet":"max-snippet:-1","max-image-preview":"max-image-preview:large","max-video-preview":"max-video-preview:-1"},"canonical":"https:\/\/www.waterskis.lv\/en\/product\/connelly-kids-super-sport-combo-waterskis\/","og_locale":"en_US","og_type":"article","og_title":"CONNELLY KIDS SUPER SPORT COMBO WATERSKIS - WATERSKIS.LV","og_description":"CONNELLY KIDS SUPER SPORT COMBO WATERSKIS features our shaped ski concept with wide tip and tail for easier deep water starts","og_url":"https:\/\/www.waterskis.lv\/en\/product\/connelly-kids-super-sport-combo-waterskis\/","og_site_name":"WATERSKIS.LV","article_publisher":"https:\/\/www.facebook.com\/jurmalawaterskiwakeboardpark\/","article_modified_time":"2026-01-28T12:11:45+00:00","og_image":[{"width":1600,"height":1600,"url":"https:\/\/www.waterskis.lv\/wp-content\/uploads\/2021\/07\/2021-super-sport-top.jpg","type":"image\/jpeg"}],"twitter_card":"summary_large_image","twitter_misc":{"Est. reading time":"1 minute"},"schema":{"@context":"https:\/\/schema.org","@graph":[{"@type":"WebPage","@id":"https:\/\/www.waterskis.lv\/en\/product\/connelly-kids-super-sport-combo-waterskis\/","url":"https:\/\/www.waterskis.lv\/en\/product\/connelly-kids-super-sport-combo-waterskis\/","name":"CONNELLY KIDS SUPER SPORT COMBO WATERSKIS - WATERSKIS.LV","isPartOf":{"@id":"https:\/\/www.waterskis.lv\/en\/#website"},"primaryImageOfPage":{"@id":"https:\/\/www.waterskis.lv\/en\/product\/connelly-kids-super-sport-combo-waterskis\/#primaryimage"},"image":{"@id":"https:\/\/www.waterskis.lv\/en\/product\/connelly-kids-super-sport-combo-waterskis\/#primaryimage"},"thumbnailUrl":"https:\/\/www.waterskis.lv\/wp-content\/uploads\/2021\/07\/2021-super-sport-top.jpg","datePublished":"2021-07-05T07:31:28+00:00","dateModified":"2026-01-28T12:11:45+00:00","description":"CONNELLY KIDS SUPER SPORT COMBO WATERSKIS features our shaped ski concept with wide tip and tail for easier deep water starts","breadcrumb":{"@id":"https:\/\/www.waterskis.lv\/en\/product\/connelly-kids-super-sport-combo-waterskis\/#breadcrumb"},"inLanguage":"en-US","potentialAction":[{"@type":"ReadAction","target":["https:\/\/www.waterskis.lv\/en\/product\/connelly-kids-super-sport-combo-waterskis\/"]}]},{"@type":"ImageObject","inLanguage":"en-US","@id":"https:\/\/www.waterskis.lv\/en\/product\/connelly-kids-super-sport-combo-waterskis\/#primaryimage","url":"https:\/\/www.waterskis.lv\/wp-content\/uploads\/2021\/07\/2021-super-sport-top.jpg","contentUrl":"https:\/\/www.waterskis.lv\/wp-content\/uploads\/2021\/07\/2021-super-sport-top.jpg","width":1600,"height":1600,"caption":"B\u0113rnu \u016bdenssl\u0113pes CONNELLY SUPER SPORT 55\""},{"@type":"BreadcrumbList","@id":"https:\/\/www.waterskis.lv\/en\/product\/connelly-kids-super-sport-combo-waterskis\/#breadcrumb","itemListElement":[{"@type":"ListItem","position":1,"name":"Home","item":"https:\/\/www.waterskis.lv\/en\/"},{"@type":"ListItem","position":2,"name":"Shop","item":"https:\/\/waterskis.lv\/en\/shop\/"},{"@type":"ListItem","position":3,"name":"CONNELLY KIDS SUPER SPORT COMBO WATERSKIS"}]},{"@type":"WebSite","@id":"https:\/\/www.waterskis.lv\/en\/#website","url":"https:\/\/www.waterskis.lv\/en\/","name":"WATERSKIS.LV","description":"SUP d\u0113\u013ci, kajaki, kanoe, airu laivas, \u016bdenssl\u0113po\u0161ana, veikbords, SUP d\u0113\u013cu noma, kajaku nomaakt\u012bv\u0101s atp\u016btas centrs, laivu noma, sup noma, kajaku noma","publisher":{"@id":"https:\/\/www.waterskis.lv\/en\/#organization"},"potentialAction":[{"@type":"SearchAction","target":{"@type":"EntryPoint","urlTemplate":"https:\/\/www.waterskis.lv\/en\/?s={search_term_string}"},"query-input":{"@type":"PropertyValueSpecification","valueRequired":true,"valueName":"search_term_string"}}],"inLanguage":"en-US"},{"@type":"Organization","@id":"https:\/\/www.waterskis.lv\/en\/#organization","name":"WATERSKIS.LV","url":"https:\/\/www.waterskis.lv\/en\/","logo":{"@type":"ImageObject","inLanguage":"en-US","@id":"https:\/\/www.waterskis.lv\/en\/#\/schema\/logo\/image\/","url":"https:\/\/www.waterskis.lv\/wp-content\/uploads\/2025\/01\/JUVP-logo.png","contentUrl":"https:\/\/www.waterskis.lv\/wp-content\/uploads\/2025\/01\/JUVP-logo.png","width":421,"height":202,"caption":"WATERSKIS.LV"},"image":{"@id":"https:\/\/www.waterskis.lv\/en\/#\/schema\/logo\/image\/"},"sameAs":["https:\/\/www.facebook.com\/jurmalawaterskiwakeboardpark\/"]}]}},"_links":{"self":[{"href":"https:\/\/www.waterskis.lv\/en\/wp-json\/wp\/v2\/product\/36782","targetHints":{"allow":["GET"]}}],"collection":[{"href":"https:\/\/www.waterskis.lv\/en\/wp-json\/wp\/v2\/product"}],"about":[{"href":"https:\/\/www.waterskis.lv\/en\/wp-json\/wp\/v2\/types\/product"}],"replies":[{"embeddable":true,"href":"https:\/\/www.waterskis.lv\/en\/wp-json\/wp\/v2\/comments?post=36782"}],"wp:featuredmedia":[{"embeddable":true,"href":"https:\/\/www.waterskis.lv\/en\/wp-json\/wp\/v2\/media\/29481"}],"wp:attachment":[{"href":"https:\/\/www.waterskis.lv\/en\/wp-json\/wp\/v2\/media?parent=36782"}],"wp:term":[{"taxonomy":"product_brand","embeddable":true,"href":"https:\/\/www.waterskis.lv\/en\/wp-json\/wp\/v2\/product_brand?post=36782"},{"taxonomy":"product_cat","embeddable":true,"href":"https:\/\/www.waterskis.lv\/en\/wp-json\/wp\/v2\/product_cat?post=36782"},{"taxonomy":"product_tag","embeddable":true,"href":"https:\/\/www.waterskis.lv\/en\/wp-json\/wp\/v2\/product_tag?post=36782"}],"curies":[{"name":"wp","href":"https:\/\/api.w.org\/{rel}","templated":true}]}}