{"id":37069,"date":"2022-01-15T20:38:40","date_gmt":"2022-01-15T17:38:40","guid":{"rendered":"https:\/\/www.waterskis.lv\/products\/udensslepe-connelly-shortline\/"},"modified":"2025-12-29T18:06:04","modified_gmt":"2025-12-29T16:06:04","slug":"connelly-shortline-w-swerve-waterski-package-67","status":"publish","type":"product","link":"https:\/\/www.waterskis.lv\/en\/product\/connelly-shortline-w-swerve-waterski-package-67\/","title":{"rendered":"CONNELLY SHORTLINE W\/SWERVE WATERSKI PACKAGE 67&#8243;"},"content":{"rendered":"<h1>CONNELLY SHORTLINE W\/SWERVE WATERSKI PACKAGE 67&#8243;<\/h1>\n<p>CONNELLY SHORTLINE W\/SWERVE WATERSKI PACKAGE 67&#8243;<\/p>\n<p>The Connelly Shortline Waterski is a proven shaped slalom design modeled after our Outlaw ski. The shaping assists in the turns and makes for an overall easier skiing experience. Features such as C.T.S. (Connelly Tracking System) paired with extra surface area help with deep water starts and also provide overall stability. Reinforcement rods are used to stiffen the ski for better slalom performance.<\/p>\n<p>Connelly Shortline Waterski Package features<\/p>\n<ul>\n<li>Reinforced composite construction<\/li>\n<li>C.T.S. (Connelly Tracking System)<\/li>\n<li>High gloss UV coat<\/li>\n<\/ul>\n<p>Riders Weight Indication<\/p>\n<ul>\n<li>67&#8243; OSFM<\/li>\n<\/ul>\n","protected":false},"excerpt":{"rendered":"<p>https:\/\/www.youtube.com\/watch?v=bVkPKW5QGGA [&#8230;]<\/p>\n<p><a class=\"btn btn-secondary understrap-read-more-link\" href=\"https:\/\/www.waterskis.lv\/en\/product\/connelly-shortline-w-swerve-waterski-package-67\/\">Read More&#8230;<\/a><\/p>\n","protected":false},"featured_media":34701,"comment_status":"closed","ping_status":"closed","template":"","meta":{"_acf_changed":false,"inline_featured_image":false},"product_brand":[],"product_cat":[1119,361,563,561],"product_tag":[2986],"class_list":{"0":"post-37069","1":"product","2":"type-product","3":"status-publish","4":"has-post-thumbnail","6":"product_cat-connelly-slalom-waterskis","7":"product_cat-sale","8":"product_cat-slalom-waterskis","9":"product_cat-waterskis","10":"product_tag-slalom-waterski","12":"first","13":"instock","14":"sale","15":"shipping-taxable","16":"purchasable","17":"product-type-simple"},"acf":[],"yoast_head":"<!-- This site is optimized with the Yoast SEO plugin v27.5 - https:\/\/yoast.com\/product\/yoast-seo-wordpress\/ -->\n<title>CONNELLY SHORTLINE W\/SWERVE WATERSKI PACKAGE 67&quot; - WATERSKIS.LV<\/title>\n<meta name=\"description\" content=\"CONNELLY SHORTLINE W\/SWERVE WATERSKI PACKAGE 67&quot; is a proven shaped slalom design modeled after our Outlaw ski. The shaping assists in the turns and makes\" \/>\n<meta name=\"robots\" content=\"index, follow, max-snippet:-1, max-image-preview:large, max-video-preview:-1\" \/>\n<link rel=\"canonical\" href=\"https:\/\/www.waterskis.lv\/en\/product\/connelly-shortline-w-swerve-waterski-package-67\/\" \/>\n<meta property=\"og:locale\" content=\"en_US\" \/>\n<meta property=\"og:type\" content=\"article\" \/>\n<meta property=\"og:title\" content=\"CONNELLY SHORTLINE W\/SWERVE WATERSKI PACKAGE 67&quot; - WATERSKIS.LV\" \/>\n<meta property=\"og:description\" content=\"CONNELLY SHORTLINE W\/SWERVE WATERSKI PACKAGE 67&quot; is a proven shaped slalom design modeled after our Outlaw ski. The shaping assists in the turns and makes\" \/>\n<meta property=\"og:url\" content=\"https:\/\/www.waterskis.lv\/en\/product\/connelly-shortline-w-swerve-waterski-package-67\/\" \/>\n<meta property=\"og:site_name\" content=\"WATERSKIS.LV\" \/>\n<meta property=\"article:publisher\" content=\"https:\/\/www.facebook.com\/jurmalawaterskiwakeboardpark\/\" \/>\n<meta property=\"article:modified_time\" content=\"2025-12-29T16:06:04+00:00\" \/>\n<meta property=\"og:image\" content=\"https:\/\/www.waterskis.lv\/wp-content\/uploads\/2022\/01\/Shortline_1800x1800.png.jpg\" \/>\n\t<meta property=\"og:image:width\" content=\"1080\" \/>\n\t<meta property=\"og:image:height\" content=\"1080\" \/>\n\t<meta property=\"og:image:type\" content=\"image\/jpeg\" \/>\n<meta name=\"twitter:card\" content=\"summary_large_image\" \/>\n<meta name=\"twitter:label1\" content=\"Est. reading time\" \/>\n\t<meta name=\"twitter:data1\" content=\"1 minute\" \/>\n<script type=\"application\/ld+json\" class=\"yoast-schema-graph\">{\"@context\":\"https:\\\/\\\/schema.org\",\"@graph\":[{\"@type\":\"WebPage\",\"@id\":\"https:\\\/\\\/www.waterskis.lv\\\/en\\\/product\\\/connelly-shortline-w-swerve-waterski-package-67\\\/\",\"url\":\"https:\\\/\\\/www.waterskis.lv\\\/en\\\/product\\\/connelly-shortline-w-swerve-waterski-package-67\\\/\",\"name\":\"CONNELLY SHORTLINE W\\\/SWERVE WATERSKI PACKAGE 67\\\" - WATERSKIS.LV\",\"isPartOf\":{\"@id\":\"https:\\\/\\\/www.waterskis.lv\\\/en\\\/#website\"},\"primaryImageOfPage\":{\"@id\":\"https:\\\/\\\/www.waterskis.lv\\\/en\\\/product\\\/connelly-shortline-w-swerve-waterski-package-67\\\/#primaryimage\"},\"image\":{\"@id\":\"https:\\\/\\\/www.waterskis.lv\\\/en\\\/product\\\/connelly-shortline-w-swerve-waterski-package-67\\\/#primaryimage\"},\"thumbnailUrl\":\"https:\\\/\\\/www.waterskis.lv\\\/wp-content\\\/uploads\\\/2022\\\/01\\\/Shortline_1800x1800.png.jpg\",\"datePublished\":\"2022-01-15T17:38:40+00:00\",\"dateModified\":\"2025-12-29T16:06:04+00:00\",\"description\":\"CONNELLY SHORTLINE W\\\/SWERVE WATERSKI PACKAGE 67\\\" is a proven shaped slalom design modeled after our Outlaw ski. The shaping assists in the turns and makes\",\"breadcrumb\":{\"@id\":\"https:\\\/\\\/www.waterskis.lv\\\/en\\\/product\\\/connelly-shortline-w-swerve-waterski-package-67\\\/#breadcrumb\"},\"inLanguage\":\"en-US\",\"potentialAction\":[{\"@type\":\"ReadAction\",\"target\":[\"https:\\\/\\\/www.waterskis.lv\\\/en\\\/product\\\/connelly-shortline-w-swerve-waterski-package-67\\\/\"]}]},{\"@type\":\"ImageObject\",\"inLanguage\":\"en-US\",\"@id\":\"https:\\\/\\\/www.waterskis.lv\\\/en\\\/product\\\/connelly-shortline-w-swerve-waterski-package-67\\\/#primaryimage\",\"url\":\"https:\\\/\\\/www.waterskis.lv\\\/wp-content\\\/uploads\\\/2022\\\/01\\\/Shortline_1800x1800.png.jpg\",\"contentUrl\":\"https:\\\/\\\/www.waterskis.lv\\\/wp-content\\\/uploads\\\/2022\\\/01\\\/Shortline_1800x1800.png.jpg\",\"width\":1080,\"height\":1080,\"caption\":\"\u016adenssl\u0113pe CONNELLY SHORTLINE\"},{\"@type\":\"BreadcrumbList\",\"@id\":\"https:\\\/\\\/www.waterskis.lv\\\/en\\\/product\\\/connelly-shortline-w-swerve-waterski-package-67\\\/#breadcrumb\",\"itemListElement\":[{\"@type\":\"ListItem\",\"position\":1,\"name\":\"Home\",\"item\":\"https:\\\/\\\/www.waterskis.lv\\\/en\\\/\"},{\"@type\":\"ListItem\",\"position\":2,\"name\":\"Shop\",\"item\":\"https:\\\/\\\/waterskis.lv\\\/en\\\/shop\\\/\"},{\"@type\":\"ListItem\",\"position\":3,\"name\":\"CONNELLY SHORTLINE W\\\/SWERVE WATERSKI PACKAGE 67&#8243;\"}]},{\"@type\":\"WebSite\",\"@id\":\"https:\\\/\\\/www.waterskis.lv\\\/en\\\/#website\",\"url\":\"https:\\\/\\\/www.waterskis.lv\\\/en\\\/\",\"name\":\"WATERSKIS.LV\",\"description\":\"SUP d\u0113\u013ci, kajaki, kanoe, airu laivas, \u016bdenssl\u0113po\u0161ana, veikbords, SUP d\u0113\u013cu noma, kajaku nomaakt\u012bv\u0101s atp\u016btas centrs, laivu noma, sup noma, kajaku noma\",\"publisher\":{\"@id\":\"https:\\\/\\\/www.waterskis.lv\\\/en\\\/#organization\"},\"potentialAction\":[{\"@type\":\"SearchAction\",\"target\":{\"@type\":\"EntryPoint\",\"urlTemplate\":\"https:\\\/\\\/www.waterskis.lv\\\/en\\\/?s={search_term_string}\"},\"query-input\":{\"@type\":\"PropertyValueSpecification\",\"valueRequired\":true,\"valueName\":\"search_term_string\"}}],\"inLanguage\":\"en-US\"},{\"@type\":\"Organization\",\"@id\":\"https:\\\/\\\/www.waterskis.lv\\\/en\\\/#organization\",\"name\":\"WATERSKIS.LV\",\"url\":\"https:\\\/\\\/www.waterskis.lv\\\/en\\\/\",\"logo\":{\"@type\":\"ImageObject\",\"inLanguage\":\"en-US\",\"@id\":\"https:\\\/\\\/www.waterskis.lv\\\/en\\\/#\\\/schema\\\/logo\\\/image\\\/\",\"url\":\"https:\\\/\\\/www.waterskis.lv\\\/wp-content\\\/uploads\\\/2025\\\/01\\\/JUVP-logo.png\",\"contentUrl\":\"https:\\\/\\\/www.waterskis.lv\\\/wp-content\\\/uploads\\\/2025\\\/01\\\/JUVP-logo.png\",\"width\":421,\"height\":202,\"caption\":\"WATERSKIS.LV\"},\"image\":{\"@id\":\"https:\\\/\\\/www.waterskis.lv\\\/en\\\/#\\\/schema\\\/logo\\\/image\\\/\"},\"sameAs\":[\"https:\\\/\\\/www.facebook.com\\\/jurmalawaterskiwakeboardpark\\\/\"]}]}<\/script>\n<!-- \/ Yoast SEO plugin. -->","yoast_head_json":{"title":"CONNELLY SHORTLINE W\/SWERVE WATERSKI PACKAGE 67\" - WATERSKIS.LV","description":"CONNELLY SHORTLINE W\/SWERVE WATERSKI PACKAGE 67\" is a proven shaped slalom design modeled after our Outlaw ski. The shaping assists in the turns and makes","robots":{"index":"index","follow":"follow","max-snippet":"max-snippet:-1","max-image-preview":"max-image-preview:large","max-video-preview":"max-video-preview:-1"},"canonical":"https:\/\/www.waterskis.lv\/en\/product\/connelly-shortline-w-swerve-waterski-package-67\/","og_locale":"en_US","og_type":"article","og_title":"CONNELLY SHORTLINE W\/SWERVE WATERSKI PACKAGE 67\" - WATERSKIS.LV","og_description":"CONNELLY SHORTLINE W\/SWERVE WATERSKI PACKAGE 67\" is a proven shaped slalom design modeled after our Outlaw ski. The shaping assists in the turns and makes","og_url":"https:\/\/www.waterskis.lv\/en\/product\/connelly-shortline-w-swerve-waterski-package-67\/","og_site_name":"WATERSKIS.LV","article_publisher":"https:\/\/www.facebook.com\/jurmalawaterskiwakeboardpark\/","article_modified_time":"2025-12-29T16:06:04+00:00","og_image":[{"width":1080,"height":1080,"url":"https:\/\/www.waterskis.lv\/wp-content\/uploads\/2022\/01\/Shortline_1800x1800.png.jpg","type":"image\/jpeg"}],"twitter_card":"summary_large_image","twitter_misc":{"Est. reading time":"1 minute"},"schema":{"@context":"https:\/\/schema.org","@graph":[{"@type":"WebPage","@id":"https:\/\/www.waterskis.lv\/en\/product\/connelly-shortline-w-swerve-waterski-package-67\/","url":"https:\/\/www.waterskis.lv\/en\/product\/connelly-shortline-w-swerve-waterski-package-67\/","name":"CONNELLY SHORTLINE W\/SWERVE WATERSKI PACKAGE 67\" - WATERSKIS.LV","isPartOf":{"@id":"https:\/\/www.waterskis.lv\/en\/#website"},"primaryImageOfPage":{"@id":"https:\/\/www.waterskis.lv\/en\/product\/connelly-shortline-w-swerve-waterski-package-67\/#primaryimage"},"image":{"@id":"https:\/\/www.waterskis.lv\/en\/product\/connelly-shortline-w-swerve-waterski-package-67\/#primaryimage"},"thumbnailUrl":"https:\/\/www.waterskis.lv\/wp-content\/uploads\/2022\/01\/Shortline_1800x1800.png.jpg","datePublished":"2022-01-15T17:38:40+00:00","dateModified":"2025-12-29T16:06:04+00:00","description":"CONNELLY SHORTLINE W\/SWERVE WATERSKI PACKAGE 67\" is a proven shaped slalom design modeled after our Outlaw ski. The shaping assists in the turns and makes","breadcrumb":{"@id":"https:\/\/www.waterskis.lv\/en\/product\/connelly-shortline-w-swerve-waterski-package-67\/#breadcrumb"},"inLanguage":"en-US","potentialAction":[{"@type":"ReadAction","target":["https:\/\/www.waterskis.lv\/en\/product\/connelly-shortline-w-swerve-waterski-package-67\/"]}]},{"@type":"ImageObject","inLanguage":"en-US","@id":"https:\/\/www.waterskis.lv\/en\/product\/connelly-shortline-w-swerve-waterski-package-67\/#primaryimage","url":"https:\/\/www.waterskis.lv\/wp-content\/uploads\/2022\/01\/Shortline_1800x1800.png.jpg","contentUrl":"https:\/\/www.waterskis.lv\/wp-content\/uploads\/2022\/01\/Shortline_1800x1800.png.jpg","width":1080,"height":1080,"caption":"\u016adenssl\u0113pe CONNELLY SHORTLINE"},{"@type":"BreadcrumbList","@id":"https:\/\/www.waterskis.lv\/en\/product\/connelly-shortline-w-swerve-waterski-package-67\/#breadcrumb","itemListElement":[{"@type":"ListItem","position":1,"name":"Home","item":"https:\/\/www.waterskis.lv\/en\/"},{"@type":"ListItem","position":2,"name":"Shop","item":"https:\/\/waterskis.lv\/en\/shop\/"},{"@type":"ListItem","position":3,"name":"CONNELLY SHORTLINE W\/SWERVE WATERSKI PACKAGE 67&#8243;"}]},{"@type":"WebSite","@id":"https:\/\/www.waterskis.lv\/en\/#website","url":"https:\/\/www.waterskis.lv\/en\/","name":"WATERSKIS.LV","description":"SUP d\u0113\u013ci, kajaki, kanoe, airu laivas, \u016bdenssl\u0113po\u0161ana, veikbords, SUP d\u0113\u013cu noma, kajaku nomaakt\u012bv\u0101s atp\u016btas centrs, laivu noma, sup noma, kajaku noma","publisher":{"@id":"https:\/\/www.waterskis.lv\/en\/#organization"},"potentialAction":[{"@type":"SearchAction","target":{"@type":"EntryPoint","urlTemplate":"https:\/\/www.waterskis.lv\/en\/?s={search_term_string}"},"query-input":{"@type":"PropertyValueSpecification","valueRequired":true,"valueName":"search_term_string"}}],"inLanguage":"en-US"},{"@type":"Organization","@id":"https:\/\/www.waterskis.lv\/en\/#organization","name":"WATERSKIS.LV","url":"https:\/\/www.waterskis.lv\/en\/","logo":{"@type":"ImageObject","inLanguage":"en-US","@id":"https:\/\/www.waterskis.lv\/en\/#\/schema\/logo\/image\/","url":"https:\/\/www.waterskis.lv\/wp-content\/uploads\/2025\/01\/JUVP-logo.png","contentUrl":"https:\/\/www.waterskis.lv\/wp-content\/uploads\/2025\/01\/JUVP-logo.png","width":421,"height":202,"caption":"WATERSKIS.LV"},"image":{"@id":"https:\/\/www.waterskis.lv\/en\/#\/schema\/logo\/image\/"},"sameAs":["https:\/\/www.facebook.com\/jurmalawaterskiwakeboardpark\/"]}]}},"_links":{"self":[{"href":"https:\/\/www.waterskis.lv\/en\/wp-json\/wp\/v2\/product\/37069","targetHints":{"allow":["GET"]}}],"collection":[{"href":"https:\/\/www.waterskis.lv\/en\/wp-json\/wp\/v2\/product"}],"about":[{"href":"https:\/\/www.waterskis.lv\/en\/wp-json\/wp\/v2\/types\/product"}],"replies":[{"embeddable":true,"href":"https:\/\/www.waterskis.lv\/en\/wp-json\/wp\/v2\/comments?post=37069"}],"wp:featuredmedia":[{"embeddable":true,"href":"https:\/\/www.waterskis.lv\/en\/wp-json\/wp\/v2\/media\/34701"}],"wp:attachment":[{"href":"https:\/\/www.waterskis.lv\/en\/wp-json\/wp\/v2\/media?parent=37069"}],"wp:term":[{"taxonomy":"product_brand","embeddable":true,"href":"https:\/\/www.waterskis.lv\/en\/wp-json\/wp\/v2\/product_brand?post=37069"},{"taxonomy":"product_cat","embeddable":true,"href":"https:\/\/www.waterskis.lv\/en\/wp-json\/wp\/v2\/product_cat?post=37069"},{"taxonomy":"product_tag","embeddable":true,"href":"https:\/\/www.waterskis.lv\/en\/wp-json\/wp\/v2\/product_tag?post=37069"}],"curies":[{"name":"wp","href":"https:\/\/api.w.org\/{rel}","templated":true}]}}