{"id":37181,"date":"2021-07-05T18:56:50","date_gmt":"2021-07-05T15:56:50","guid":{"rendered":"https:\/\/www.waterskis.lv\/products\/udensslepe-connelly-carbon-v\/"},"modified":"2026-01-28T16:02:11","modified_gmt":"2026-01-28T14:02:11","slug":"connelly-carbon-v-waterski","status":"publish","type":"product","link":"https:\/\/www.waterskis.lv\/en\/product\/connelly-carbon-v-waterski\/","title":{"rendered":"CONNELLY CARBON V waterski"},"content":{"rendered":"<h1>CONNELLY CARBON V waterski<\/h1>\n<p>CONNELLY CARBON V waterski<\/p>\n<p>We took one of the most advanced skis on the market and doubled down. The Carbon V is made in the U.S.A. and for 2022 we added Versatail to customize your ride. This ski utilizes our latest slalom geometries, core technology, fiber blends, along with drag reducing designs like V-Tech to create a ski that out performs all other mid-range skis. Skelecore, our advanced core shaping process, reduces the overall mass of the core allowing the fibers of the ski to flex quicker and more naturally. The 50\/50 carbon\/glass blend is light and responsive for peak course performance and easily absorbs chatter when shooting across the wake.<\/p>\n<p>With the 2022 Connelly Carbon V and VersaTail, you choose how your ski rides and reacts.<\/p>\n<p>Versatail<\/p>\n<p>While considerable masterminding is put into the overall construction of a high-end slalom ski \u2014 the sidecut, rocker, bevels, etc \u2014 many people don\u2019t realize how large a part the last few inches of the tail play. A change in tail geometry can mean the difference in a ski performing in perfect rhythm with your personal style. Our patent pending VersaTail technology offers the ability to fine tune the flow of water off the tail of the ski, taking a step beyond the standard fin and binding position adjustments. Skiers can choose from one of three tails, which are all included with the 2021 Connelly DV8 Versatail Waterski.<\/p>\n<ul>\n<li>66\u201d, 67\u201d and 69\u201d\u00a0Includes VT, VS and VR Versatail Blocks<\/li>\n<\/ul>\n<p>Connelly Carbon V Versatail Waterski Construction Features<\/p>\n<ul>\n<li>Skelecore technology<\/li>\n<li>50\/50 carbon\/fiberglass layup<\/li>\n<li>C.A.P.T. (Connelly Advanced Profile Technology)<\/li>\n<li>Polished speed base<\/li>\n<li>V-Tech<\/li>\n<li>Wide tunnel<\/li>\n<li>Variable bevel<\/li>\n<\/ul>\n<p>Connelly Carbon V Versatail Waterski Riders Weight Indication<\/p>\n<ul>\n<li>65&#8243; Up to 70kg<\/li>\n<li>67&#8243; 70-90kg<\/li>\n<li>69&#8243; 90kg\u00a0 and Up<\/li>\n<\/ul>\n<p>V-Tech<\/p>\n<p>V-Tech is the key to increased maneuverability and decreased drag. Six \u201cV\u201d shaped steps regulate the flow of water on the base of the ski by breaking up the wetted surface area from the front binding to the fin. In short, less water sticks to your ski as you accelerate forward.<\/p>\n<p>50\/50 Carbon\/Glass<\/p>\n<p>Blending an equal mix of carbon and fiberglass creates a fast, responsive ski with consistent, smooth flex that won\u2019t chatter on imperfect water.<\/p>\n<p>Skelecore<\/p>\n<p>Skelecore is our new advanced polyurethane core shaping technique that reduces the overall mass of the core, allowing the fibers of the board to react quicker and more naturally.<\/p>\n<p>Wide Tunnel<\/p>\n<p>This tunnel design leaves an extremely narrow flat spot between the edge of the tunnel and the bevel of the ski. The effect is a ski that actively seeks to be on edge, most useful for experienced skiers and buoy chasers that have above average ski control.<\/p>\n<div><\/div>\n","protected":false},"excerpt":{"rendered":"<p>https:\/\/www.youtube.com\/watch?v=aqDV8utjbvs [&#8230;]<\/p>\n<p><a class=\"btn btn-secondary understrap-read-more-link\" href=\"https:\/\/www.waterskis.lv\/en\/product\/connelly-carbon-v-waterski\/\">Read More&#8230;<\/a><\/p>\n","protected":false},"featured_media":34535,"comment_status":"closed","ping_status":"closed","template":"","meta":{"_acf_changed":false,"inline_featured_image":false},"product_brand":[1280],"product_cat":[1119,361,563,561],"product_tag":[3984,3985,3986,2986,3987,3946,2945,3952,3988],"class_list":{"0":"post-37181","1":"product","2":"type-product","3":"status-publish","4":"has-post-thumbnail","6":"product_brand-connelly-water-sports","7":"product_cat-connelly-slalom-waterskis","8":"product_cat-sale","9":"product_cat-slalom-waterskis","10":"product_cat-waterskis","11":"product_tag-connelly-udensslepe","12":"product_tag-connelly-watersports","13":"product_tag-mono-udensslepe","14":"product_tag-slalom-waterski","15":"product_tag-slaloma-udensslepe","16":"product_tag-udens-slepes","17":"product_tag-waterskis","18":"product_tag-3952","19":"product_tag-3988","21":"first","22":"instock","23":"sale","24":"shipping-taxable","25":"purchasable","26":"product-type-simple"},"acf":[],"yoast_head":"<!-- This site is optimized with the Yoast SEO plugin v27.5 - https:\/\/yoast.com\/product\/yoast-seo-wordpress\/ -->\n<title>CONNELLY CARBON V waterski - WATERSKIS.LV<\/title>\n<meta name=\"description\" content=\"CONNELLY CARBON V waterski one of the most advanced skis on the market is made in the U.S.A. We added Versatail to customize your ride\" \/>\n<meta name=\"robots\" content=\"index, follow, max-snippet:-1, max-image-preview:large, max-video-preview:-1\" \/>\n<link rel=\"canonical\" href=\"https:\/\/www.waterskis.lv\/en\/product\/connelly-carbon-v-waterski\/\" \/>\n<meta property=\"og:locale\" content=\"en_US\" \/>\n<meta property=\"og:type\" content=\"article\" \/>\n<meta property=\"og:title\" content=\"CONNELLY CARBON V waterski - WATERSKIS.LV\" \/>\n<meta property=\"og:description\" content=\"CONNELLY CARBON V waterski one of the most advanced skis on the market is made in the U.S.A. We added Versatail to customize your ride\" \/>\n<meta property=\"og:url\" content=\"https:\/\/www.waterskis.lv\/en\/product\/connelly-carbon-v-waterski\/\" \/>\n<meta property=\"og:site_name\" content=\"WATERSKIS.LV\" \/>\n<meta property=\"article:publisher\" content=\"https:\/\/www.facebook.com\/jurmalawaterskiwakeboardpark\/\" \/>\n<meta property=\"article:modified_time\" content=\"2026-01-28T14:02:11+00:00\" \/>\n<meta property=\"og:image\" content=\"https:\/\/www.waterskis.lv\/wp-content\/uploads\/2021\/07\/CON-CarbonVTopBase_1800x1800.png.jpg\" \/>\n\t<meta property=\"og:image:width\" content=\"1080\" \/>\n\t<meta property=\"og:image:height\" content=\"1080\" \/>\n\t<meta property=\"og:image:type\" content=\"image\/jpeg\" \/>\n<meta name=\"twitter:card\" content=\"summary_large_image\" \/>\n<meta name=\"twitter:label1\" content=\"Est. reading time\" \/>\n\t<meta name=\"twitter:data1\" content=\"3 minutes\" \/>\n<script type=\"application\/ld+json\" class=\"yoast-schema-graph\">{\"@context\":\"https:\\\/\\\/schema.org\",\"@graph\":[{\"@type\":\"WebPage\",\"@id\":\"https:\\\/\\\/www.waterskis.lv\\\/en\\\/product\\\/connelly-carbon-v-waterski\\\/\",\"url\":\"https:\\\/\\\/www.waterskis.lv\\\/en\\\/product\\\/connelly-carbon-v-waterski\\\/\",\"name\":\"CONNELLY CARBON V waterski - WATERSKIS.LV\",\"isPartOf\":{\"@id\":\"https:\\\/\\\/www.waterskis.lv\\\/en\\\/#website\"},\"primaryImageOfPage\":{\"@id\":\"https:\\\/\\\/www.waterskis.lv\\\/en\\\/product\\\/connelly-carbon-v-waterski\\\/#primaryimage\"},\"image\":{\"@id\":\"https:\\\/\\\/www.waterskis.lv\\\/en\\\/product\\\/connelly-carbon-v-waterski\\\/#primaryimage\"},\"thumbnailUrl\":\"https:\\\/\\\/www.waterskis.lv\\\/wp-content\\\/uploads\\\/2021\\\/07\\\/CON-CarbonVTopBase_1800x1800.png.jpg\",\"datePublished\":\"2021-07-05T15:56:50+00:00\",\"dateModified\":\"2026-01-28T14:02:11+00:00\",\"description\":\"CONNELLY CARBON V waterski one of the most advanced skis on the market is made in the U.S.A. We added Versatail to customize your ride\",\"breadcrumb\":{\"@id\":\"https:\\\/\\\/www.waterskis.lv\\\/en\\\/product\\\/connelly-carbon-v-waterski\\\/#breadcrumb\"},\"inLanguage\":\"en-US\",\"potentialAction\":[{\"@type\":\"ReadAction\",\"target\":[\"https:\\\/\\\/www.waterskis.lv\\\/en\\\/product\\\/connelly-carbon-v-waterski\\\/\"]}]},{\"@type\":\"ImageObject\",\"inLanguage\":\"en-US\",\"@id\":\"https:\\\/\\\/www.waterskis.lv\\\/en\\\/product\\\/connelly-carbon-v-waterski\\\/#primaryimage\",\"url\":\"https:\\\/\\\/www.waterskis.lv\\\/wp-content\\\/uploads\\\/2021\\\/07\\\/CON-CarbonVTopBase_1800x1800.png.jpg\",\"contentUrl\":\"https:\\\/\\\/www.waterskis.lv\\\/wp-content\\\/uploads\\\/2021\\\/07\\\/CON-CarbonVTopBase_1800x1800.png.jpg\",\"width\":1080,\"height\":1080,\"caption\":\"CONNELLY CARBON V waterski\"},{\"@type\":\"BreadcrumbList\",\"@id\":\"https:\\\/\\\/www.waterskis.lv\\\/en\\\/product\\\/connelly-carbon-v-waterski\\\/#breadcrumb\",\"itemListElement\":[{\"@type\":\"ListItem\",\"position\":1,\"name\":\"Home\",\"item\":\"https:\\\/\\\/www.waterskis.lv\\\/en\\\/\"},{\"@type\":\"ListItem\",\"position\":2,\"name\":\"Shop\",\"item\":\"https:\\\/\\\/waterskis.lv\\\/en\\\/shop\\\/\"},{\"@type\":\"ListItem\",\"position\":3,\"name\":\"CONNELLY CARBON V waterski\"}]},{\"@type\":\"WebSite\",\"@id\":\"https:\\\/\\\/www.waterskis.lv\\\/en\\\/#website\",\"url\":\"https:\\\/\\\/www.waterskis.lv\\\/en\\\/\",\"name\":\"WATERSKIS.LV\",\"description\":\"SUP d\u0113\u013ci, kajaki, kanoe, airu laivas, \u016bdenssl\u0113po\u0161ana, veikbords, SUP d\u0113\u013cu noma, kajaku nomaakt\u012bv\u0101s atp\u016btas centrs, laivu noma, sup noma, kajaku noma\",\"publisher\":{\"@id\":\"https:\\\/\\\/www.waterskis.lv\\\/en\\\/#organization\"},\"potentialAction\":[{\"@type\":\"SearchAction\",\"target\":{\"@type\":\"EntryPoint\",\"urlTemplate\":\"https:\\\/\\\/www.waterskis.lv\\\/en\\\/?s={search_term_string}\"},\"query-input\":{\"@type\":\"PropertyValueSpecification\",\"valueRequired\":true,\"valueName\":\"search_term_string\"}}],\"inLanguage\":\"en-US\"},{\"@type\":\"Organization\",\"@id\":\"https:\\\/\\\/www.waterskis.lv\\\/en\\\/#organization\",\"name\":\"WATERSKIS.LV\",\"url\":\"https:\\\/\\\/www.waterskis.lv\\\/en\\\/\",\"logo\":{\"@type\":\"ImageObject\",\"inLanguage\":\"en-US\",\"@id\":\"https:\\\/\\\/www.waterskis.lv\\\/en\\\/#\\\/schema\\\/logo\\\/image\\\/\",\"url\":\"https:\\\/\\\/www.waterskis.lv\\\/wp-content\\\/uploads\\\/2025\\\/01\\\/JUVP-logo.png\",\"contentUrl\":\"https:\\\/\\\/www.waterskis.lv\\\/wp-content\\\/uploads\\\/2025\\\/01\\\/JUVP-logo.png\",\"width\":421,\"height\":202,\"caption\":\"WATERSKIS.LV\"},\"image\":{\"@id\":\"https:\\\/\\\/www.waterskis.lv\\\/en\\\/#\\\/schema\\\/logo\\\/image\\\/\"},\"sameAs\":[\"https:\\\/\\\/www.facebook.com\\\/jurmalawaterskiwakeboardpark\\\/\"]}]}<\/script>\n<!-- \/ Yoast SEO plugin. -->","yoast_head_json":{"title":"CONNELLY CARBON V waterski - WATERSKIS.LV","description":"CONNELLY CARBON V waterski one of the most advanced skis on the market is made in the U.S.A. We added Versatail to customize your ride","robots":{"index":"index","follow":"follow","max-snippet":"max-snippet:-1","max-image-preview":"max-image-preview:large","max-video-preview":"max-video-preview:-1"},"canonical":"https:\/\/www.waterskis.lv\/en\/product\/connelly-carbon-v-waterski\/","og_locale":"en_US","og_type":"article","og_title":"CONNELLY CARBON V waterski - WATERSKIS.LV","og_description":"CONNELLY CARBON V waterski one of the most advanced skis on the market is made in the U.S.A. We added Versatail to customize your ride","og_url":"https:\/\/www.waterskis.lv\/en\/product\/connelly-carbon-v-waterski\/","og_site_name":"WATERSKIS.LV","article_publisher":"https:\/\/www.facebook.com\/jurmalawaterskiwakeboardpark\/","article_modified_time":"2026-01-28T14:02:11+00:00","og_image":[{"width":1080,"height":1080,"url":"https:\/\/www.waterskis.lv\/wp-content\/uploads\/2021\/07\/CON-CarbonVTopBase_1800x1800.png.jpg","type":"image\/jpeg"}],"twitter_card":"summary_large_image","twitter_misc":{"Est. reading time":"3 minutes"},"schema":{"@context":"https:\/\/schema.org","@graph":[{"@type":"WebPage","@id":"https:\/\/www.waterskis.lv\/en\/product\/connelly-carbon-v-waterski\/","url":"https:\/\/www.waterskis.lv\/en\/product\/connelly-carbon-v-waterski\/","name":"CONNELLY CARBON V waterski - WATERSKIS.LV","isPartOf":{"@id":"https:\/\/www.waterskis.lv\/en\/#website"},"primaryImageOfPage":{"@id":"https:\/\/www.waterskis.lv\/en\/product\/connelly-carbon-v-waterski\/#primaryimage"},"image":{"@id":"https:\/\/www.waterskis.lv\/en\/product\/connelly-carbon-v-waterski\/#primaryimage"},"thumbnailUrl":"https:\/\/www.waterskis.lv\/wp-content\/uploads\/2021\/07\/CON-CarbonVTopBase_1800x1800.png.jpg","datePublished":"2021-07-05T15:56:50+00:00","dateModified":"2026-01-28T14:02:11+00:00","description":"CONNELLY CARBON V waterski one of the most advanced skis on the market is made in the U.S.A. We added Versatail to customize your ride","breadcrumb":{"@id":"https:\/\/www.waterskis.lv\/en\/product\/connelly-carbon-v-waterski\/#breadcrumb"},"inLanguage":"en-US","potentialAction":[{"@type":"ReadAction","target":["https:\/\/www.waterskis.lv\/en\/product\/connelly-carbon-v-waterski\/"]}]},{"@type":"ImageObject","inLanguage":"en-US","@id":"https:\/\/www.waterskis.lv\/en\/product\/connelly-carbon-v-waterski\/#primaryimage","url":"https:\/\/www.waterskis.lv\/wp-content\/uploads\/2021\/07\/CON-CarbonVTopBase_1800x1800.png.jpg","contentUrl":"https:\/\/www.waterskis.lv\/wp-content\/uploads\/2021\/07\/CON-CarbonVTopBase_1800x1800.png.jpg","width":1080,"height":1080,"caption":"CONNELLY CARBON V waterski"},{"@type":"BreadcrumbList","@id":"https:\/\/www.waterskis.lv\/en\/product\/connelly-carbon-v-waterski\/#breadcrumb","itemListElement":[{"@type":"ListItem","position":1,"name":"Home","item":"https:\/\/www.waterskis.lv\/en\/"},{"@type":"ListItem","position":2,"name":"Shop","item":"https:\/\/waterskis.lv\/en\/shop\/"},{"@type":"ListItem","position":3,"name":"CONNELLY CARBON V waterski"}]},{"@type":"WebSite","@id":"https:\/\/www.waterskis.lv\/en\/#website","url":"https:\/\/www.waterskis.lv\/en\/","name":"WATERSKIS.LV","description":"SUP d\u0113\u013ci, kajaki, kanoe, airu laivas, \u016bdenssl\u0113po\u0161ana, veikbords, SUP d\u0113\u013cu noma, kajaku nomaakt\u012bv\u0101s atp\u016btas centrs, laivu noma, sup noma, kajaku noma","publisher":{"@id":"https:\/\/www.waterskis.lv\/en\/#organization"},"potentialAction":[{"@type":"SearchAction","target":{"@type":"EntryPoint","urlTemplate":"https:\/\/www.waterskis.lv\/en\/?s={search_term_string}"},"query-input":{"@type":"PropertyValueSpecification","valueRequired":true,"valueName":"search_term_string"}}],"inLanguage":"en-US"},{"@type":"Organization","@id":"https:\/\/www.waterskis.lv\/en\/#organization","name":"WATERSKIS.LV","url":"https:\/\/www.waterskis.lv\/en\/","logo":{"@type":"ImageObject","inLanguage":"en-US","@id":"https:\/\/www.waterskis.lv\/en\/#\/schema\/logo\/image\/","url":"https:\/\/www.waterskis.lv\/wp-content\/uploads\/2025\/01\/JUVP-logo.png","contentUrl":"https:\/\/www.waterskis.lv\/wp-content\/uploads\/2025\/01\/JUVP-logo.png","width":421,"height":202,"caption":"WATERSKIS.LV"},"image":{"@id":"https:\/\/www.waterskis.lv\/en\/#\/schema\/logo\/image\/"},"sameAs":["https:\/\/www.facebook.com\/jurmalawaterskiwakeboardpark\/"]}]}},"_links":{"self":[{"href":"https:\/\/www.waterskis.lv\/en\/wp-json\/wp\/v2\/product\/37181","targetHints":{"allow":["GET"]}}],"collection":[{"href":"https:\/\/www.waterskis.lv\/en\/wp-json\/wp\/v2\/product"}],"about":[{"href":"https:\/\/www.waterskis.lv\/en\/wp-json\/wp\/v2\/types\/product"}],"replies":[{"embeddable":true,"href":"https:\/\/www.waterskis.lv\/en\/wp-json\/wp\/v2\/comments?post=37181"}],"wp:featuredmedia":[{"embeddable":true,"href":"https:\/\/www.waterskis.lv\/en\/wp-json\/wp\/v2\/media\/34535"}],"wp:attachment":[{"href":"https:\/\/www.waterskis.lv\/en\/wp-json\/wp\/v2\/media?parent=37181"}],"wp:term":[{"taxonomy":"product_brand","embeddable":true,"href":"https:\/\/www.waterskis.lv\/en\/wp-json\/wp\/v2\/product_brand?post=37181"},{"taxonomy":"product_cat","embeddable":true,"href":"https:\/\/www.waterskis.lv\/en\/wp-json\/wp\/v2\/product_cat?post=37181"},{"taxonomy":"product_tag","embeddable":true,"href":"https:\/\/www.waterskis.lv\/en\/wp-json\/wp\/v2\/product_tag?post=37181"}],"curies":[{"name":"wp","href":"https:\/\/api.w.org\/{rel}","templated":true}]}}