{"id":37219,"date":"2022-01-26T10:57:29","date_gmt":"2022-01-26T07:57:29","guid":{"rendered":"https:\/\/www.waterskis.lv\/products\/connelly-womens-shadow-rear\/"},"modified":"2026-01-29T07:33:42","modified_gmt":"2026-01-29T05:33:42","slug":"connelly-womens-shadow-waterski-boot-rear","status":"publish","type":"product","link":"https:\/\/www.waterskis.lv\/en\/product\/connelly-womens-shadow-waterski-boot-rear\/","title":{"rendered":"CONNELLY WOMENS SHADOW WATERSKI BOOT &#8211; REAR"},"content":{"rendered":"<h1>CONNELLY WOMENS SHADOW WATERSKI BOOT &#8211; REAR<\/h1>\n<p>CONNELLY WOMENS SHADOW WATERSKI BOOT &#8211; REAR<\/p>\n<p>The 2022 Connelly Ladies Shadow adds a little flash to a comfortable, supportive design. A Lycra lined toe and heel wrap are molded to fit snug without causing pressure points. Laces can be loosened to open the binding wide, which makes it easy to step in and out. The floating toe will accommodate large and small foot sizes alike. The soft EVA footbed is set in our lightweight plate design for a responsive bond between you and your ski.<\/p>\n<p><strong>Connelly Shadow Waterski Boot Sizing<\/strong><\/p>\n<ul>\n<li>S\/M EU 36-43\/US 6-12<\/li>\n<\/ul>\n","protected":false},"excerpt":{"rendered":"<p>CONNELLY WOMENS SHADOW WATERSKI BOOT &#8211; REAR CONNELLY WOMENS SHADOW WATERSKI BOOT &#8211; REAR The 2022 Connelly Ladies Shadow adds a little flash to a comfortable, supportive design. A Lycra lined toe and heel wrap are molded to fit snug without causing pressure points. Laces can be loosened to open the binding wide, which makes [&#8230;]<\/p>\n<p><a class=\"btn btn-secondary understrap-read-more-link\" href=\"https:\/\/www.waterskis.lv\/en\/product\/connelly-womens-shadow-waterski-boot-rear\/\">Read More&#8230;<\/a><\/p>\n","protected":false},"featured_media":35390,"comment_status":"closed","ping_status":"closed","template":"","meta":{"_acf_changed":false,"inline_featured_image":false},"product_brand":[1280],"product_cat":[953,561],"product_tag":[3003],"class_list":{"0":"post-37219","1":"product","2":"type-product","3":"status-publish","4":"has-post-thumbnail","6":"product_brand-connelly-water-sports","7":"product_cat-connelly-waterski-bindings","8":"product_cat-waterskis","9":"product_tag-connelly-waterski-bindings","11":"first","12":"instock","13":"shipping-taxable","14":"purchasable","15":"product-type-simple"},"acf":[],"yoast_head":"<!-- This site is optimized with the Yoast SEO plugin v27.5 - https:\/\/yoast.com\/product\/yoast-seo-wordpress\/ -->\n<title>CONNELLY WOMENS SHADOW WATERSKI BOOT - REAR - WATERSKIS.LV<\/title>\n<meta name=\"description\" content=\"CONNELLY WOMENS SHADOW WATERSKI BOOT - REAR Laces can be loosened to open the binding wide, which makes it easy to step in and out\" \/>\n<meta name=\"robots\" content=\"index, follow, max-snippet:-1, max-image-preview:large, max-video-preview:-1\" \/>\n<link rel=\"canonical\" href=\"https:\/\/www.waterskis.lv\/en\/product\/connelly-womens-shadow-waterski-boot-rear\/\" \/>\n<meta property=\"og:locale\" content=\"en_US\" \/>\n<meta property=\"og:type\" content=\"article\" \/>\n<meta property=\"og:title\" content=\"CONNELLY WOMENS SHADOW WATERSKI BOOT - REAR - WATERSKIS.LV\" \/>\n<meta property=\"og:description\" content=\"CONNELLY WOMENS SHADOW WATERSKI BOOT - REAR Laces can be loosened to open the binding wide, which makes it easy to step in and out\" \/>\n<meta property=\"og:url\" content=\"https:\/\/www.waterskis.lv\/en\/product\/connelly-womens-shadow-waterski-boot-rear\/\" \/>\n<meta property=\"og:site_name\" content=\"WATERSKIS.LV\" \/>\n<meta property=\"article:publisher\" content=\"https:\/\/www.facebook.com\/jurmalawaterskiwakeboardpark\/\" \/>\n<meta property=\"article:modified_time\" content=\"2026-01-29T05:33:42+00:00\" \/>\n<meta property=\"og:image\" content=\"https:\/\/www.waterskis.lv\/wp-content\/uploads\/2022\/01\/shadow_women_s_rear_-_right.jpg\" \/>\n\t<meta property=\"og:image:width\" content=\"1600\" \/>\n\t<meta property=\"og:image:height\" content=\"1600\" \/>\n\t<meta property=\"og:image:type\" content=\"image\/jpeg\" \/>\n<meta name=\"twitter:card\" content=\"summary_large_image\" \/>\n<meta name=\"twitter:label1\" content=\"Est. reading time\" \/>\n\t<meta name=\"twitter:data1\" content=\"1 minute\" \/>\n<script type=\"application\/ld+json\" class=\"yoast-schema-graph\">{\"@context\":\"https:\\\/\\\/schema.org\",\"@graph\":[{\"@type\":\"WebPage\",\"@id\":\"https:\\\/\\\/www.waterskis.lv\\\/en\\\/product\\\/connelly-womens-shadow-waterski-boot-rear\\\/\",\"url\":\"https:\\\/\\\/www.waterskis.lv\\\/en\\\/product\\\/connelly-womens-shadow-waterski-boot-rear\\\/\",\"name\":\"CONNELLY WOMENS SHADOW WATERSKI BOOT - REAR - WATERSKIS.LV\",\"isPartOf\":{\"@id\":\"https:\\\/\\\/www.waterskis.lv\\\/en\\\/#website\"},\"primaryImageOfPage\":{\"@id\":\"https:\\\/\\\/www.waterskis.lv\\\/en\\\/product\\\/connelly-womens-shadow-waterski-boot-rear\\\/#primaryimage\"},\"image\":{\"@id\":\"https:\\\/\\\/www.waterskis.lv\\\/en\\\/product\\\/connelly-womens-shadow-waterski-boot-rear\\\/#primaryimage\"},\"thumbnailUrl\":\"https:\\\/\\\/www.waterskis.lv\\\/wp-content\\\/uploads\\\/2022\\\/01\\\/shadow_women_s_rear_-_right.jpg\",\"datePublished\":\"2022-01-26T07:57:29+00:00\",\"dateModified\":\"2026-01-29T05:33:42+00:00\",\"description\":\"CONNELLY WOMENS SHADOW WATERSKI BOOT - REAR Laces can be loosened to open the binding wide, which makes it easy to step in and out\",\"breadcrumb\":{\"@id\":\"https:\\\/\\\/www.waterskis.lv\\\/en\\\/product\\\/connelly-womens-shadow-waterski-boot-rear\\\/#breadcrumb\"},\"inLanguage\":\"en-US\",\"potentialAction\":[{\"@type\":\"ReadAction\",\"target\":[\"https:\\\/\\\/www.waterskis.lv\\\/en\\\/product\\\/connelly-womens-shadow-waterski-boot-rear\\\/\"]}]},{\"@type\":\"ImageObject\",\"inLanguage\":\"en-US\",\"@id\":\"https:\\\/\\\/www.waterskis.lv\\\/en\\\/product\\\/connelly-womens-shadow-waterski-boot-rear\\\/#primaryimage\",\"url\":\"https:\\\/\\\/www.waterskis.lv\\\/wp-content\\\/uploads\\\/2022\\\/01\\\/shadow_women_s_rear_-_right.jpg\",\"contentUrl\":\"https:\\\/\\\/www.waterskis.lv\\\/wp-content\\\/uploads\\\/2022\\\/01\\\/shadow_women_s_rear_-_right.jpg\",\"width\":1600,\"height\":1600,\"caption\":\"CONNELLY WOMENS SHADOW WATERSKI BOOT - REAR\"},{\"@type\":\"BreadcrumbList\",\"@id\":\"https:\\\/\\\/www.waterskis.lv\\\/en\\\/product\\\/connelly-womens-shadow-waterski-boot-rear\\\/#breadcrumb\",\"itemListElement\":[{\"@type\":\"ListItem\",\"position\":1,\"name\":\"Home\",\"item\":\"https:\\\/\\\/www.waterskis.lv\\\/en\\\/\"},{\"@type\":\"ListItem\",\"position\":2,\"name\":\"Shop\",\"item\":\"https:\\\/\\\/waterskis.lv\\\/en\\\/shop\\\/\"},{\"@type\":\"ListItem\",\"position\":3,\"name\":\"CONNELLY WOMENS SHADOW WATERSKI BOOT &#8211; REAR\"}]},{\"@type\":\"WebSite\",\"@id\":\"https:\\\/\\\/www.waterskis.lv\\\/en\\\/#website\",\"url\":\"https:\\\/\\\/www.waterskis.lv\\\/en\\\/\",\"name\":\"WATERSKIS.LV\",\"description\":\"SUP d\u0113\u013ci, kajaki, kanoe, airu laivas, \u016bdenssl\u0113po\u0161ana, veikbords, SUP d\u0113\u013cu noma, kajaku nomaakt\u012bv\u0101s atp\u016btas centrs, laivu noma, sup noma, kajaku noma\",\"publisher\":{\"@id\":\"https:\\\/\\\/www.waterskis.lv\\\/en\\\/#organization\"},\"potentialAction\":[{\"@type\":\"SearchAction\",\"target\":{\"@type\":\"EntryPoint\",\"urlTemplate\":\"https:\\\/\\\/www.waterskis.lv\\\/en\\\/?s={search_term_string}\"},\"query-input\":{\"@type\":\"PropertyValueSpecification\",\"valueRequired\":true,\"valueName\":\"search_term_string\"}}],\"inLanguage\":\"en-US\"},{\"@type\":\"Organization\",\"@id\":\"https:\\\/\\\/www.waterskis.lv\\\/en\\\/#organization\",\"name\":\"WATERSKIS.LV\",\"url\":\"https:\\\/\\\/www.waterskis.lv\\\/en\\\/\",\"logo\":{\"@type\":\"ImageObject\",\"inLanguage\":\"en-US\",\"@id\":\"https:\\\/\\\/www.waterskis.lv\\\/en\\\/#\\\/schema\\\/logo\\\/image\\\/\",\"url\":\"https:\\\/\\\/www.waterskis.lv\\\/wp-content\\\/uploads\\\/2025\\\/01\\\/JUVP-logo.png\",\"contentUrl\":\"https:\\\/\\\/www.waterskis.lv\\\/wp-content\\\/uploads\\\/2025\\\/01\\\/JUVP-logo.png\",\"width\":421,\"height\":202,\"caption\":\"WATERSKIS.LV\"},\"image\":{\"@id\":\"https:\\\/\\\/www.waterskis.lv\\\/en\\\/#\\\/schema\\\/logo\\\/image\\\/\"},\"sameAs\":[\"https:\\\/\\\/www.facebook.com\\\/jurmalawaterskiwakeboardpark\\\/\"]}]}<\/script>\n<!-- \/ Yoast SEO plugin. -->","yoast_head_json":{"title":"CONNELLY WOMENS SHADOW WATERSKI BOOT - REAR - WATERSKIS.LV","description":"CONNELLY WOMENS SHADOW WATERSKI BOOT - REAR Laces can be loosened to open the binding wide, which makes it easy to step in and out","robots":{"index":"index","follow":"follow","max-snippet":"max-snippet:-1","max-image-preview":"max-image-preview:large","max-video-preview":"max-video-preview:-1"},"canonical":"https:\/\/www.waterskis.lv\/en\/product\/connelly-womens-shadow-waterski-boot-rear\/","og_locale":"en_US","og_type":"article","og_title":"CONNELLY WOMENS SHADOW WATERSKI BOOT - REAR - WATERSKIS.LV","og_description":"CONNELLY WOMENS SHADOW WATERSKI BOOT - REAR Laces can be loosened to open the binding wide, which makes it easy to step in and out","og_url":"https:\/\/www.waterskis.lv\/en\/product\/connelly-womens-shadow-waterski-boot-rear\/","og_site_name":"WATERSKIS.LV","article_publisher":"https:\/\/www.facebook.com\/jurmalawaterskiwakeboardpark\/","article_modified_time":"2026-01-29T05:33:42+00:00","og_image":[{"width":1600,"height":1600,"url":"https:\/\/www.waterskis.lv\/wp-content\/uploads\/2022\/01\/shadow_women_s_rear_-_right.jpg","type":"image\/jpeg"}],"twitter_card":"summary_large_image","twitter_misc":{"Est. reading time":"1 minute"},"schema":{"@context":"https:\/\/schema.org","@graph":[{"@type":"WebPage","@id":"https:\/\/www.waterskis.lv\/en\/product\/connelly-womens-shadow-waterski-boot-rear\/","url":"https:\/\/www.waterskis.lv\/en\/product\/connelly-womens-shadow-waterski-boot-rear\/","name":"CONNELLY WOMENS SHADOW WATERSKI BOOT - REAR - WATERSKIS.LV","isPartOf":{"@id":"https:\/\/www.waterskis.lv\/en\/#website"},"primaryImageOfPage":{"@id":"https:\/\/www.waterskis.lv\/en\/product\/connelly-womens-shadow-waterski-boot-rear\/#primaryimage"},"image":{"@id":"https:\/\/www.waterskis.lv\/en\/product\/connelly-womens-shadow-waterski-boot-rear\/#primaryimage"},"thumbnailUrl":"https:\/\/www.waterskis.lv\/wp-content\/uploads\/2022\/01\/shadow_women_s_rear_-_right.jpg","datePublished":"2022-01-26T07:57:29+00:00","dateModified":"2026-01-29T05:33:42+00:00","description":"CONNELLY WOMENS SHADOW WATERSKI BOOT - REAR Laces can be loosened to open the binding wide, which makes it easy to step in and out","breadcrumb":{"@id":"https:\/\/www.waterskis.lv\/en\/product\/connelly-womens-shadow-waterski-boot-rear\/#breadcrumb"},"inLanguage":"en-US","potentialAction":[{"@type":"ReadAction","target":["https:\/\/www.waterskis.lv\/en\/product\/connelly-womens-shadow-waterski-boot-rear\/"]}]},{"@type":"ImageObject","inLanguage":"en-US","@id":"https:\/\/www.waterskis.lv\/en\/product\/connelly-womens-shadow-waterski-boot-rear\/#primaryimage","url":"https:\/\/www.waterskis.lv\/wp-content\/uploads\/2022\/01\/shadow_women_s_rear_-_right.jpg","contentUrl":"https:\/\/www.waterskis.lv\/wp-content\/uploads\/2022\/01\/shadow_women_s_rear_-_right.jpg","width":1600,"height":1600,"caption":"CONNELLY WOMENS SHADOW WATERSKI BOOT - REAR"},{"@type":"BreadcrumbList","@id":"https:\/\/www.waterskis.lv\/en\/product\/connelly-womens-shadow-waterski-boot-rear\/#breadcrumb","itemListElement":[{"@type":"ListItem","position":1,"name":"Home","item":"https:\/\/www.waterskis.lv\/en\/"},{"@type":"ListItem","position":2,"name":"Shop","item":"https:\/\/waterskis.lv\/en\/shop\/"},{"@type":"ListItem","position":3,"name":"CONNELLY WOMENS SHADOW WATERSKI BOOT &#8211; REAR"}]},{"@type":"WebSite","@id":"https:\/\/www.waterskis.lv\/en\/#website","url":"https:\/\/www.waterskis.lv\/en\/","name":"WATERSKIS.LV","description":"SUP d\u0113\u013ci, kajaki, kanoe, airu laivas, \u016bdenssl\u0113po\u0161ana, veikbords, SUP d\u0113\u013cu noma, kajaku nomaakt\u012bv\u0101s atp\u016btas centrs, laivu noma, sup noma, kajaku noma","publisher":{"@id":"https:\/\/www.waterskis.lv\/en\/#organization"},"potentialAction":[{"@type":"SearchAction","target":{"@type":"EntryPoint","urlTemplate":"https:\/\/www.waterskis.lv\/en\/?s={search_term_string}"},"query-input":{"@type":"PropertyValueSpecification","valueRequired":true,"valueName":"search_term_string"}}],"inLanguage":"en-US"},{"@type":"Organization","@id":"https:\/\/www.waterskis.lv\/en\/#organization","name":"WATERSKIS.LV","url":"https:\/\/www.waterskis.lv\/en\/","logo":{"@type":"ImageObject","inLanguage":"en-US","@id":"https:\/\/www.waterskis.lv\/en\/#\/schema\/logo\/image\/","url":"https:\/\/www.waterskis.lv\/wp-content\/uploads\/2025\/01\/JUVP-logo.png","contentUrl":"https:\/\/www.waterskis.lv\/wp-content\/uploads\/2025\/01\/JUVP-logo.png","width":421,"height":202,"caption":"WATERSKIS.LV"},"image":{"@id":"https:\/\/www.waterskis.lv\/en\/#\/schema\/logo\/image\/"},"sameAs":["https:\/\/www.facebook.com\/jurmalawaterskiwakeboardpark\/"]}]}},"_links":{"self":[{"href":"https:\/\/www.waterskis.lv\/en\/wp-json\/wp\/v2\/product\/37219","targetHints":{"allow":["GET"]}}],"collection":[{"href":"https:\/\/www.waterskis.lv\/en\/wp-json\/wp\/v2\/product"}],"about":[{"href":"https:\/\/www.waterskis.lv\/en\/wp-json\/wp\/v2\/types\/product"}],"replies":[{"embeddable":true,"href":"https:\/\/www.waterskis.lv\/en\/wp-json\/wp\/v2\/comments?post=37219"}],"wp:featuredmedia":[{"embeddable":true,"href":"https:\/\/www.waterskis.lv\/en\/wp-json\/wp\/v2\/media\/35390"}],"wp:attachment":[{"href":"https:\/\/www.waterskis.lv\/en\/wp-json\/wp\/v2\/media?parent=37219"}],"wp:term":[{"taxonomy":"product_brand","embeddable":true,"href":"https:\/\/www.waterskis.lv\/en\/wp-json\/wp\/v2\/product_brand?post=37219"},{"taxonomy":"product_cat","embeddable":true,"href":"https:\/\/www.waterskis.lv\/en\/wp-json\/wp\/v2\/product_cat?post=37219"},{"taxonomy":"product_tag","embeddable":true,"href":"https:\/\/www.waterskis.lv\/en\/wp-json\/wp\/v2\/product_tag?post=37219"}],"curies":[{"name":"wp","href":"https:\/\/api.w.org\/{rel}","templated":true}]}}