{"id":37274,"date":"2022-02-02T10:07:48","date_gmt":"2022-02-02T07:07:48","guid":{"rendered":"https:\/\/www.waterskis.lv\/products\/proline-recreational-12-w-5-section-sport-package\/"},"modified":"2022-02-22T08:57:23","modified_gmt":"2022-02-22T05:57:23","slug":"proline-recreational-12-w-5-section-sport-package","status":"publish","type":"product","link":"https:\/\/www.waterskis.lv\/en\/product\/proline-recreational-12-w-5-section-sport-package\/","title":{"rendered":"PROLINE RECREATIONAL 12&#8243; W\/5-SECTION SPORT PACKAGE"},"content":{"rendered":"<p>PROLINE RECREATIONAL 12&#8243; W\/5-SECTION SPORT PACKAGE<\/p>\n<p><em>75&#8242; Recreational Handle with 5 Section Air Mainline<\/em><\/p>\n<ul>\n<li>12&#8243; tacky rubber handle for increased grip<\/li>\n<li>New curved endcap and hexagon plug reduces handle roll<\/li>\n<li>Durable 3\/8&#8243; Poly-Propylene rope with 5 sections<\/li>\n<li>Floating handle and mainline for improved safety and visibility<\/li>\n<\/ul>\n","protected":false},"excerpt":{"rendered":"<p>PROLINE RECREATIONAL 12&#8243; W\/5-SECTION SPORT PACKAGE 75&#8242; Recreational Handle with 5 Section Air Mainline 12&#8243; tacky rubber handle for increased grip New curved endcap and hexagon plug reduces handle roll Durable 3\/8&#8243; Poly-Propylene rope with 5 sections Floating handle and mainline for improved safety and visibility [&#8230;]<\/p>\n<p><a class=\"btn btn-secondary understrap-read-more-link\" href=\"https:\/\/www.waterskis.lv\/en\/product\/proline-recreational-12-w-5-section-sport-package\/\">Read More&#8230;<\/a><\/p>\n","protected":false},"featured_media":36183,"comment_status":"closed","ping_status":"closed","template":"","meta":{"_acf_changed":false,"inline_featured_image":false},"product_brand":[],"product_cat":[955,361,561],"product_tag":[2580,3020,3025],"class_list":{"0":"post-37274","1":"product","2":"type-product","3":"status-publish","4":"has-post-thumbnail","6":"product_cat-ropes-handles","7":"product_cat-sale","8":"product_cat-waterskis","9":"product_tag-udenssleposanas-virve-un-rokturis","10":"product_tag-waterski-rope","11":"product_tag-3025","13":"first","14":"instock","15":"sale","16":"shipping-taxable","17":"purchasable","18":"product-type-simple"},"acf":[],"yoast_head":"<!-- This site is optimized with the Yoast SEO plugin v27.3 - https:\/\/yoast.com\/product\/yoast-seo-wordpress\/ -->\n<title>PROLINE RECREATIONAL 12&quot; W\/5-SECTION SPORT PACKAGE - WATERSKIS.LV<\/title>\n<meta name=\"description\" content=\"PROLINE RECREATIONAL 12&quot; W\/5-SECTION SPORT PACKAGE. Durable 3\/8&quot; Poly-Propylene rope with 5 sections. Floating handle and mainline\" \/>\n<meta name=\"robots\" content=\"index, follow, max-snippet:-1, max-image-preview:large, max-video-preview:-1\" \/>\n<link rel=\"canonical\" href=\"https:\/\/www.waterskis.lv\/en\/product\/proline-recreational-12-w-5-section-sport-package\/\" \/>\n<meta property=\"og:locale\" content=\"en_US\" \/>\n<meta property=\"og:type\" content=\"article\" \/>\n<meta property=\"og:title\" content=\"PROLINE RECREATIONAL 12&quot; W\/5-SECTION SPORT PACKAGE - WATERSKIS.LV\" \/>\n<meta property=\"og:description\" content=\"PROLINE RECREATIONAL 12&quot; W\/5-SECTION SPORT PACKAGE. Durable 3\/8&quot; Poly-Propylene rope with 5 sections. Floating handle and mainline\" \/>\n<meta property=\"og:url\" content=\"https:\/\/www.waterskis.lv\/en\/product\/proline-recreational-12-w-5-section-sport-package\/\" \/>\n<meta property=\"og:site_name\" content=\"WATERSKIS.LV\" \/>\n<meta property=\"article:publisher\" content=\"https:\/\/www.facebook.com\/jurmalawaterskiwakeboardpark\/\" \/>\n<meta property=\"article:modified_time\" content=\"2022-02-22T05:57:23+00:00\" \/>\n<meta property=\"og:image\" content=\"https:\/\/www.waterskis.lv\/wp-content\/uploads\/2022\/02\/SportPackageWith5Sections_1800x1800.png.jpg\" \/>\n\t<meta property=\"og:image:width\" content=\"640\" \/>\n\t<meta property=\"og:image:height\" content=\"640\" \/>\n\t<meta property=\"og:image:type\" content=\"image\/jpeg\" \/>\n<meta name=\"twitter:card\" content=\"summary_large_image\" \/>\n<meta name=\"twitter:label1\" content=\"Est. reading time\" \/>\n\t<meta name=\"twitter:data1\" content=\"1 minute\" \/>\n<script type=\"application\/ld+json\" class=\"yoast-schema-graph\">{\"@context\":\"https:\\\/\\\/schema.org\",\"@graph\":[{\"@type\":\"WebPage\",\"@id\":\"https:\\\/\\\/www.waterskis.lv\\\/en\\\/product\\\/proline-recreational-12-w-5-section-sport-package\\\/\",\"url\":\"https:\\\/\\\/www.waterskis.lv\\\/en\\\/product\\\/proline-recreational-12-w-5-section-sport-package\\\/\",\"name\":\"PROLINE RECREATIONAL 12\\\" W\\\/5-SECTION SPORT PACKAGE - WATERSKIS.LV\",\"isPartOf\":{\"@id\":\"https:\\\/\\\/www.waterskis.lv\\\/en\\\/#website\"},\"primaryImageOfPage\":{\"@id\":\"https:\\\/\\\/www.waterskis.lv\\\/en\\\/product\\\/proline-recreational-12-w-5-section-sport-package\\\/#primaryimage\"},\"image\":{\"@id\":\"https:\\\/\\\/www.waterskis.lv\\\/en\\\/product\\\/proline-recreational-12-w-5-section-sport-package\\\/#primaryimage\"},\"thumbnailUrl\":\"https:\\\/\\\/www.waterskis.lv\\\/wp-content\\\/uploads\\\/2022\\\/02\\\/SportPackageWith5Sections_1800x1800.png.jpg\",\"datePublished\":\"2022-02-02T07:07:48+00:00\",\"dateModified\":\"2022-02-22T05:57:23+00:00\",\"description\":\"PROLINE RECREATIONAL 12\\\" W\\\/5-SECTION SPORT PACKAGE. Durable 3\\\/8\\\" Poly-Propylene rope with 5 sections. Floating handle and mainline\",\"breadcrumb\":{\"@id\":\"https:\\\/\\\/www.waterskis.lv\\\/en\\\/product\\\/proline-recreational-12-w-5-section-sport-package\\\/#breadcrumb\"},\"inLanguage\":\"en-US\",\"potentialAction\":[{\"@type\":\"ReadAction\",\"target\":[\"https:\\\/\\\/www.waterskis.lv\\\/en\\\/product\\\/proline-recreational-12-w-5-section-sport-package\\\/\"]}]},{\"@type\":\"ImageObject\",\"inLanguage\":\"en-US\",\"@id\":\"https:\\\/\\\/www.waterskis.lv\\\/en\\\/product\\\/proline-recreational-12-w-5-section-sport-package\\\/#primaryimage\",\"url\":\"https:\\\/\\\/www.waterskis.lv\\\/wp-content\\\/uploads\\\/2022\\\/02\\\/SportPackageWith5Sections_1800x1800.png.jpg\",\"contentUrl\":\"https:\\\/\\\/www.waterskis.lv\\\/wp-content\\\/uploads\\\/2022\\\/02\\\/SportPackageWith5Sections_1800x1800.png.jpg\",\"width\":640,\"height\":640,\"caption\":\"PROLINE RECREATIONAL 12\\\" W\\\/5-SECTION SPORT PACKAGE\"},{\"@type\":\"BreadcrumbList\",\"@id\":\"https:\\\/\\\/www.waterskis.lv\\\/en\\\/product\\\/proline-recreational-12-w-5-section-sport-package\\\/#breadcrumb\",\"itemListElement\":[{\"@type\":\"ListItem\",\"position\":1,\"name\":\"Home\",\"item\":\"https:\\\/\\\/www.waterskis.lv\\\/en\\\/\"},{\"@type\":\"ListItem\",\"position\":2,\"name\":\"Shop\",\"item\":\"https:\\\/\\\/waterskis.lv\\\/en\\\/shop\\\/\"},{\"@type\":\"ListItem\",\"position\":3,\"name\":\"PROLINE RECREATIONAL 12&#8243; W\\\/5-SECTION SPORT PACKAGE\"}]},{\"@type\":\"WebSite\",\"@id\":\"https:\\\/\\\/www.waterskis.lv\\\/en\\\/#website\",\"url\":\"https:\\\/\\\/www.waterskis.lv\\\/en\\\/\",\"name\":\"WATERSKIS.LV\",\"description\":\"SUP d\u0113\u013ci, kajaki, kanoe, airu laivas, \u016bdenssl\u0113po\u0161ana, veikbords, SUP d\u0113\u013cu noma, kajaku nomaakt\u012bv\u0101s atp\u016btas centrs, laivu noma, sup noma, kajaku noma\",\"publisher\":{\"@id\":\"https:\\\/\\\/www.waterskis.lv\\\/en\\\/#organization\"},\"potentialAction\":[{\"@type\":\"SearchAction\",\"target\":{\"@type\":\"EntryPoint\",\"urlTemplate\":\"https:\\\/\\\/www.waterskis.lv\\\/en\\\/?s={search_term_string}\"},\"query-input\":{\"@type\":\"PropertyValueSpecification\",\"valueRequired\":true,\"valueName\":\"search_term_string\"}}],\"inLanguage\":\"en-US\"},{\"@type\":\"Organization\",\"@id\":\"https:\\\/\\\/www.waterskis.lv\\\/en\\\/#organization\",\"name\":\"WATERSKIS.LV\",\"url\":\"https:\\\/\\\/www.waterskis.lv\\\/en\\\/\",\"logo\":{\"@type\":\"ImageObject\",\"inLanguage\":\"en-US\",\"@id\":\"https:\\\/\\\/www.waterskis.lv\\\/en\\\/#\\\/schema\\\/logo\\\/image\\\/\",\"url\":\"https:\\\/\\\/www.waterskis.lv\\\/wp-content\\\/uploads\\\/2025\\\/01\\\/JUVP-logo.png\",\"contentUrl\":\"https:\\\/\\\/www.waterskis.lv\\\/wp-content\\\/uploads\\\/2025\\\/01\\\/JUVP-logo.png\",\"width\":421,\"height\":202,\"caption\":\"WATERSKIS.LV\"},\"image\":{\"@id\":\"https:\\\/\\\/www.waterskis.lv\\\/en\\\/#\\\/schema\\\/logo\\\/image\\\/\"},\"sameAs\":[\"https:\\\/\\\/www.facebook.com\\\/jurmalawaterskiwakeboardpark\\\/\"]}]}<\/script>\n<!-- \/ Yoast SEO plugin. -->","yoast_head_json":{"title":"PROLINE RECREATIONAL 12\" W\/5-SECTION SPORT PACKAGE - WATERSKIS.LV","description":"PROLINE RECREATIONAL 12\" W\/5-SECTION SPORT PACKAGE. Durable 3\/8\" Poly-Propylene rope with 5 sections. Floating handle and mainline","robots":{"index":"index","follow":"follow","max-snippet":"max-snippet:-1","max-image-preview":"max-image-preview:large","max-video-preview":"max-video-preview:-1"},"canonical":"https:\/\/www.waterskis.lv\/en\/product\/proline-recreational-12-w-5-section-sport-package\/","og_locale":"en_US","og_type":"article","og_title":"PROLINE RECREATIONAL 12\" W\/5-SECTION SPORT PACKAGE - WATERSKIS.LV","og_description":"PROLINE RECREATIONAL 12\" W\/5-SECTION SPORT PACKAGE. Durable 3\/8\" Poly-Propylene rope with 5 sections. Floating handle and mainline","og_url":"https:\/\/www.waterskis.lv\/en\/product\/proline-recreational-12-w-5-section-sport-package\/","og_site_name":"WATERSKIS.LV","article_publisher":"https:\/\/www.facebook.com\/jurmalawaterskiwakeboardpark\/","article_modified_time":"2022-02-22T05:57:23+00:00","og_image":[{"width":640,"height":640,"url":"https:\/\/www.waterskis.lv\/wp-content\/uploads\/2022\/02\/SportPackageWith5Sections_1800x1800.png.jpg","type":"image\/jpeg"}],"twitter_card":"summary_large_image","twitter_misc":{"Est. reading time":"1 minute"},"schema":{"@context":"https:\/\/schema.org","@graph":[{"@type":"WebPage","@id":"https:\/\/www.waterskis.lv\/en\/product\/proline-recreational-12-w-5-section-sport-package\/","url":"https:\/\/www.waterskis.lv\/en\/product\/proline-recreational-12-w-5-section-sport-package\/","name":"PROLINE RECREATIONAL 12\" W\/5-SECTION SPORT PACKAGE - WATERSKIS.LV","isPartOf":{"@id":"https:\/\/www.waterskis.lv\/en\/#website"},"primaryImageOfPage":{"@id":"https:\/\/www.waterskis.lv\/en\/product\/proline-recreational-12-w-5-section-sport-package\/#primaryimage"},"image":{"@id":"https:\/\/www.waterskis.lv\/en\/product\/proline-recreational-12-w-5-section-sport-package\/#primaryimage"},"thumbnailUrl":"https:\/\/www.waterskis.lv\/wp-content\/uploads\/2022\/02\/SportPackageWith5Sections_1800x1800.png.jpg","datePublished":"2022-02-02T07:07:48+00:00","dateModified":"2022-02-22T05:57:23+00:00","description":"PROLINE RECREATIONAL 12\" W\/5-SECTION SPORT PACKAGE. Durable 3\/8\" Poly-Propylene rope with 5 sections. Floating handle and mainline","breadcrumb":{"@id":"https:\/\/www.waterskis.lv\/en\/product\/proline-recreational-12-w-5-section-sport-package\/#breadcrumb"},"inLanguage":"en-US","potentialAction":[{"@type":"ReadAction","target":["https:\/\/www.waterskis.lv\/en\/product\/proline-recreational-12-w-5-section-sport-package\/"]}]},{"@type":"ImageObject","inLanguage":"en-US","@id":"https:\/\/www.waterskis.lv\/en\/product\/proline-recreational-12-w-5-section-sport-package\/#primaryimage","url":"https:\/\/www.waterskis.lv\/wp-content\/uploads\/2022\/02\/SportPackageWith5Sections_1800x1800.png.jpg","contentUrl":"https:\/\/www.waterskis.lv\/wp-content\/uploads\/2022\/02\/SportPackageWith5Sections_1800x1800.png.jpg","width":640,"height":640,"caption":"PROLINE RECREATIONAL 12\" W\/5-SECTION SPORT PACKAGE"},{"@type":"BreadcrumbList","@id":"https:\/\/www.waterskis.lv\/en\/product\/proline-recreational-12-w-5-section-sport-package\/#breadcrumb","itemListElement":[{"@type":"ListItem","position":1,"name":"Home","item":"https:\/\/www.waterskis.lv\/en\/"},{"@type":"ListItem","position":2,"name":"Shop","item":"https:\/\/waterskis.lv\/en\/shop\/"},{"@type":"ListItem","position":3,"name":"PROLINE RECREATIONAL 12&#8243; W\/5-SECTION SPORT PACKAGE"}]},{"@type":"WebSite","@id":"https:\/\/www.waterskis.lv\/en\/#website","url":"https:\/\/www.waterskis.lv\/en\/","name":"WATERSKIS.LV","description":"SUP d\u0113\u013ci, kajaki, kanoe, airu laivas, \u016bdenssl\u0113po\u0161ana, veikbords, SUP d\u0113\u013cu noma, kajaku nomaakt\u012bv\u0101s atp\u016btas centrs, laivu noma, sup noma, kajaku noma","publisher":{"@id":"https:\/\/www.waterskis.lv\/en\/#organization"},"potentialAction":[{"@type":"SearchAction","target":{"@type":"EntryPoint","urlTemplate":"https:\/\/www.waterskis.lv\/en\/?s={search_term_string}"},"query-input":{"@type":"PropertyValueSpecification","valueRequired":true,"valueName":"search_term_string"}}],"inLanguage":"en-US"},{"@type":"Organization","@id":"https:\/\/www.waterskis.lv\/en\/#organization","name":"WATERSKIS.LV","url":"https:\/\/www.waterskis.lv\/en\/","logo":{"@type":"ImageObject","inLanguage":"en-US","@id":"https:\/\/www.waterskis.lv\/en\/#\/schema\/logo\/image\/","url":"https:\/\/www.waterskis.lv\/wp-content\/uploads\/2025\/01\/JUVP-logo.png","contentUrl":"https:\/\/www.waterskis.lv\/wp-content\/uploads\/2025\/01\/JUVP-logo.png","width":421,"height":202,"caption":"WATERSKIS.LV"},"image":{"@id":"https:\/\/www.waterskis.lv\/en\/#\/schema\/logo\/image\/"},"sameAs":["https:\/\/www.facebook.com\/jurmalawaterskiwakeboardpark\/"]}]}},"_links":{"self":[{"href":"https:\/\/www.waterskis.lv\/en\/wp-json\/wp\/v2\/product\/37274","targetHints":{"allow":["GET"]}}],"collection":[{"href":"https:\/\/www.waterskis.lv\/en\/wp-json\/wp\/v2\/product"}],"about":[{"href":"https:\/\/www.waterskis.lv\/en\/wp-json\/wp\/v2\/types\/product"}],"replies":[{"embeddable":true,"href":"https:\/\/www.waterskis.lv\/en\/wp-json\/wp\/v2\/comments?post=37274"}],"wp:featuredmedia":[{"embeddable":true,"href":"https:\/\/www.waterskis.lv\/en\/wp-json\/wp\/v2\/media\/36183"}],"wp:attachment":[{"href":"https:\/\/www.waterskis.lv\/en\/wp-json\/wp\/v2\/media?parent=37274"}],"wp:term":[{"taxonomy":"product_brand","embeddable":true,"href":"https:\/\/www.waterskis.lv\/en\/wp-json\/wp\/v2\/product_brand?post=37274"},{"taxonomy":"product_cat","embeddable":true,"href":"https:\/\/www.waterskis.lv\/en\/wp-json\/wp\/v2\/product_cat?post=37274"},{"taxonomy":"product_tag","embeddable":true,"href":"https:\/\/www.waterskis.lv\/en\/wp-json\/wp\/v2\/product_tag?post=37274"}],"curies":[{"name":"wp","href":"https:\/\/api.w.org\/{rel}","templated":true}]}}