{"id":37317,"date":"2022-01-24T11:19:35","date_gmt":"2022-01-24T08:19:35","guid":{"rendered":"https:\/\/www.waterskis.lv\/products\/sieviesu-veikbords-connelly-wild-child\/"},"modified":"2026-01-29T10:20:49","modified_gmt":"2026-01-29T08:20:49","slug":"connelly-ladies-wildchild-boat-wakeboard","status":"publish","type":"product","link":"https:\/\/www.waterskis.lv\/en\/product\/connelly-ladies-wildchild-boat-wakeboard\/","title":{"rendered":"CONNELLY LADIES WILDCHILD BOAT WAKEBOARD"},"content":{"rendered":"<h1>CONNELLY LADIES WILDCHILD BOAT WAKEBOARD<\/h1>\n<p>CONNELLY LADIES WILDCHILD BOAT WAKEBOARD<\/p>\n<p>The Connelly Ladies Wild Child has been the weapon of choice for some of the best athletes in watersports. A deep center channel sets this board slightly lower in the water for rider control. A fulllength center spine offers super soft landings even when you land in the flats. 4&#215;4 molded fins and a removable 1&#8221; center fin lets you dial in grip exactly how you like.<\/p>\n<p>Connelly Ladies WildChild Construction Features<\/p>\n<ul>\n<li>Boat Specific Design<\/li>\n<li>Deep center channel for control<\/li>\n<li>System 80 Core<\/li>\n<li>Full length center spine<\/li>\n<li>V-Tech in tip and tail<\/li>\n<li>Subtle 3-stage variable rocker<\/li>\n<li>4&#215;4 molded fins w\/2 &#8211; 1\u2019\u2019 center fins<\/li>\n<li>Designed for: Intermediate\/Advanced<\/li>\n<\/ul>\n<p>CONNELLY LADIES WILDCHILD WAKEBOARD Rider&#8217;s Weight Indication<\/p>\n<ul>\n<li>131 Up to 60kg<\/li>\n<li>136 55kg and Up<\/li>\n<\/ul>\n<p>System 80 Core<\/p>\n<p>A light density closed cell foam with forgiveness to perform at all levels.<\/p>\n<p>Full Spine<\/p>\n<p>Displaces water to the toe and heel edge of the board to soften landings.<\/p>\n<p>3-Stage Rocker<\/p>\n<p>Blends the pop of a 3-Stage rocker with the smooth predictability of continuous<\/p>\n","protected":false},"excerpt":{"rendered":"<p>https:\/\/www.youtube.com\/watch?v=s5ahBS72qOo [&#8230;]<\/p>\n<p><a class=\"btn btn-secondary understrap-read-more-link\" href=\"https:\/\/www.waterskis.lv\/en\/product\/connelly-ladies-wildchild-boat-wakeboard\/\">Read More&#8230;<\/a><\/p>\n","protected":false},"featured_media":35122,"comment_status":"closed","ping_status":"closed","template":"","meta":{"_acf_changed":false,"inline_featured_image":false},"product_brand":[1280],"product_cat":[956,1143,565],"product_tag":[1457],"class_list":{"0":"post-37317","1":"product","2":"type-product","3":"status-publish","4":"has-post-thumbnail","6":"product_brand-connelly-water-sports","7":"product_cat-boat-boards","8":"product_cat-connelly-wakeboards","9":"product_cat-wakeboards","10":"product_tag-wakeboard","12":"first","13":"instock","14":"shipping-taxable","15":"purchasable","16":"product-type-simple"},"acf":[],"yoast_head":"<!-- This site is optimized with the Yoast SEO plugin v27.4 - https:\/\/yoast.com\/product\/yoast-seo-wordpress\/ -->\n<title>CONNELLY LADIES WILDCHILD BOAT WAKEBOARD - WATERSKIS.LV<\/title>\n<meta name=\"description\" content=\"CONNELLY LADIES WILDCHILD BOAT WAKEBOARD has been the weapon of choice for some of the best athletes in watersports. Designed for: Intermediate\/Advanced\" \/>\n<meta name=\"robots\" content=\"index, follow, max-snippet:-1, max-image-preview:large, max-video-preview:-1\" \/>\n<link rel=\"canonical\" href=\"https:\/\/www.waterskis.lv\/en\/product\/connelly-ladies-wildchild-boat-wakeboard\/\" \/>\n<meta property=\"og:locale\" content=\"en_US\" \/>\n<meta property=\"og:type\" content=\"article\" \/>\n<meta property=\"og:title\" content=\"CONNELLY LADIES WILDCHILD BOAT WAKEBOARD - WATERSKIS.LV\" \/>\n<meta property=\"og:description\" content=\"CONNELLY LADIES WILDCHILD BOAT WAKEBOARD has been the weapon of choice for some of the best athletes in watersports. Designed for: Intermediate\/Advanced\" \/>\n<meta property=\"og:url\" content=\"https:\/\/www.waterskis.lv\/en\/product\/connelly-ladies-wildchild-boat-wakeboard\/\" \/>\n<meta property=\"og:site_name\" content=\"WATERSKIS.LV\" \/>\n<meta property=\"article:publisher\" content=\"https:\/\/www.facebook.com\/jurmalawaterskiwakeboardpark\/\" \/>\n<meta property=\"article:modified_time\" content=\"2026-01-29T08:20:49+00:00\" \/>\n<meta property=\"og:image\" content=\"https:\/\/www.waterskis.lv\/wp-content\/uploads\/2022\/01\/WildChild131Top_1800x1800.png.jpg\" \/>\n\t<meta property=\"og:image:width\" content=\"1080\" \/>\n\t<meta property=\"og:image:height\" content=\"1080\" \/>\n\t<meta property=\"og:image:type\" content=\"image\/jpeg\" \/>\n<meta name=\"twitter:card\" content=\"summary_large_image\" \/>\n<meta name=\"twitter:label1\" content=\"Est. reading time\" \/>\n\t<meta name=\"twitter:data1\" content=\"2 minutes\" \/>\n<script type=\"application\/ld+json\" class=\"yoast-schema-graph\">{\"@context\":\"https:\\\/\\\/schema.org\",\"@graph\":[{\"@type\":\"WebPage\",\"@id\":\"https:\\\/\\\/www.waterskis.lv\\\/en\\\/product\\\/connelly-ladies-wildchild-boat-wakeboard\\\/\",\"url\":\"https:\\\/\\\/www.waterskis.lv\\\/en\\\/product\\\/connelly-ladies-wildchild-boat-wakeboard\\\/\",\"name\":\"CONNELLY LADIES WILDCHILD BOAT WAKEBOARD - WATERSKIS.LV\",\"isPartOf\":{\"@id\":\"https:\\\/\\\/www.waterskis.lv\\\/en\\\/#website\"},\"primaryImageOfPage\":{\"@id\":\"https:\\\/\\\/www.waterskis.lv\\\/en\\\/product\\\/connelly-ladies-wildchild-boat-wakeboard\\\/#primaryimage\"},\"image\":{\"@id\":\"https:\\\/\\\/www.waterskis.lv\\\/en\\\/product\\\/connelly-ladies-wildchild-boat-wakeboard\\\/#primaryimage\"},\"thumbnailUrl\":\"https:\\\/\\\/www.waterskis.lv\\\/wp-content\\\/uploads\\\/2022\\\/01\\\/WildChild131Top_1800x1800.png.jpg\",\"datePublished\":\"2022-01-24T08:19:35+00:00\",\"dateModified\":\"2026-01-29T08:20:49+00:00\",\"description\":\"CONNELLY LADIES WILDCHILD BOAT WAKEBOARD has been the weapon of choice for some of the best athletes in watersports. Designed for: Intermediate\\\/Advanced\",\"breadcrumb\":{\"@id\":\"https:\\\/\\\/www.waterskis.lv\\\/en\\\/product\\\/connelly-ladies-wildchild-boat-wakeboard\\\/#breadcrumb\"},\"inLanguage\":\"en-US\",\"potentialAction\":[{\"@type\":\"ReadAction\",\"target\":[\"https:\\\/\\\/www.waterskis.lv\\\/en\\\/product\\\/connelly-ladies-wildchild-boat-wakeboard\\\/\"]}]},{\"@type\":\"ImageObject\",\"inLanguage\":\"en-US\",\"@id\":\"https:\\\/\\\/www.waterskis.lv\\\/en\\\/product\\\/connelly-ladies-wildchild-boat-wakeboard\\\/#primaryimage\",\"url\":\"https:\\\/\\\/www.waterskis.lv\\\/wp-content\\\/uploads\\\/2022\\\/01\\\/WildChild131Top_1800x1800.png.jpg\",\"contentUrl\":\"https:\\\/\\\/www.waterskis.lv\\\/wp-content\\\/uploads\\\/2022\\\/01\\\/WildChild131Top_1800x1800.png.jpg\",\"width\":1080,\"height\":1080,\"caption\":\"CONNELLY LADIES WILDCHILD BOAT WAKEBOARD\"},{\"@type\":\"BreadcrumbList\",\"@id\":\"https:\\\/\\\/www.waterskis.lv\\\/en\\\/product\\\/connelly-ladies-wildchild-boat-wakeboard\\\/#breadcrumb\",\"itemListElement\":[{\"@type\":\"ListItem\",\"position\":1,\"name\":\"Home\",\"item\":\"https:\\\/\\\/www.waterskis.lv\\\/en\\\/\"},{\"@type\":\"ListItem\",\"position\":2,\"name\":\"Shop\",\"item\":\"https:\\\/\\\/waterskis.lv\\\/en\\\/shop\\\/\"},{\"@type\":\"ListItem\",\"position\":3,\"name\":\"CONNELLY LADIES WILDCHILD BOAT WAKEBOARD\"}]},{\"@type\":\"WebSite\",\"@id\":\"https:\\\/\\\/www.waterskis.lv\\\/en\\\/#website\",\"url\":\"https:\\\/\\\/www.waterskis.lv\\\/en\\\/\",\"name\":\"WATERSKIS.LV\",\"description\":\"SUP d\u0113\u013ci, kajaki, kanoe, airu laivas, \u016bdenssl\u0113po\u0161ana, veikbords, SUP d\u0113\u013cu noma, kajaku nomaakt\u012bv\u0101s atp\u016btas centrs, laivu noma, sup noma, kajaku noma\",\"publisher\":{\"@id\":\"https:\\\/\\\/www.waterskis.lv\\\/en\\\/#organization\"},\"potentialAction\":[{\"@type\":\"SearchAction\",\"target\":{\"@type\":\"EntryPoint\",\"urlTemplate\":\"https:\\\/\\\/www.waterskis.lv\\\/en\\\/?s={search_term_string}\"},\"query-input\":{\"@type\":\"PropertyValueSpecification\",\"valueRequired\":true,\"valueName\":\"search_term_string\"}}],\"inLanguage\":\"en-US\"},{\"@type\":\"Organization\",\"@id\":\"https:\\\/\\\/www.waterskis.lv\\\/en\\\/#organization\",\"name\":\"WATERSKIS.LV\",\"url\":\"https:\\\/\\\/www.waterskis.lv\\\/en\\\/\",\"logo\":{\"@type\":\"ImageObject\",\"inLanguage\":\"en-US\",\"@id\":\"https:\\\/\\\/www.waterskis.lv\\\/en\\\/#\\\/schema\\\/logo\\\/image\\\/\",\"url\":\"https:\\\/\\\/www.waterskis.lv\\\/wp-content\\\/uploads\\\/2025\\\/01\\\/JUVP-logo.png\",\"contentUrl\":\"https:\\\/\\\/www.waterskis.lv\\\/wp-content\\\/uploads\\\/2025\\\/01\\\/JUVP-logo.png\",\"width\":421,\"height\":202,\"caption\":\"WATERSKIS.LV\"},\"image\":{\"@id\":\"https:\\\/\\\/www.waterskis.lv\\\/en\\\/#\\\/schema\\\/logo\\\/image\\\/\"},\"sameAs\":[\"https:\\\/\\\/www.facebook.com\\\/jurmalawaterskiwakeboardpark\\\/\"]}]}<\/script>\n<!-- \/ Yoast SEO plugin. -->","yoast_head_json":{"title":"CONNELLY LADIES WILDCHILD BOAT WAKEBOARD - WATERSKIS.LV","description":"CONNELLY LADIES WILDCHILD BOAT WAKEBOARD has been the weapon of choice for some of the best athletes in watersports. Designed for: Intermediate\/Advanced","robots":{"index":"index","follow":"follow","max-snippet":"max-snippet:-1","max-image-preview":"max-image-preview:large","max-video-preview":"max-video-preview:-1"},"canonical":"https:\/\/www.waterskis.lv\/en\/product\/connelly-ladies-wildchild-boat-wakeboard\/","og_locale":"en_US","og_type":"article","og_title":"CONNELLY LADIES WILDCHILD BOAT WAKEBOARD - WATERSKIS.LV","og_description":"CONNELLY LADIES WILDCHILD BOAT WAKEBOARD has been the weapon of choice for some of the best athletes in watersports. Designed for: Intermediate\/Advanced","og_url":"https:\/\/www.waterskis.lv\/en\/product\/connelly-ladies-wildchild-boat-wakeboard\/","og_site_name":"WATERSKIS.LV","article_publisher":"https:\/\/www.facebook.com\/jurmalawaterskiwakeboardpark\/","article_modified_time":"2026-01-29T08:20:49+00:00","og_image":[{"width":1080,"height":1080,"url":"https:\/\/www.waterskis.lv\/wp-content\/uploads\/2022\/01\/WildChild131Top_1800x1800.png.jpg","type":"image\/jpeg"}],"twitter_card":"summary_large_image","twitter_misc":{"Est. reading time":"2 minutes"},"schema":{"@context":"https:\/\/schema.org","@graph":[{"@type":"WebPage","@id":"https:\/\/www.waterskis.lv\/en\/product\/connelly-ladies-wildchild-boat-wakeboard\/","url":"https:\/\/www.waterskis.lv\/en\/product\/connelly-ladies-wildchild-boat-wakeboard\/","name":"CONNELLY LADIES WILDCHILD BOAT WAKEBOARD - WATERSKIS.LV","isPartOf":{"@id":"https:\/\/www.waterskis.lv\/en\/#website"},"primaryImageOfPage":{"@id":"https:\/\/www.waterskis.lv\/en\/product\/connelly-ladies-wildchild-boat-wakeboard\/#primaryimage"},"image":{"@id":"https:\/\/www.waterskis.lv\/en\/product\/connelly-ladies-wildchild-boat-wakeboard\/#primaryimage"},"thumbnailUrl":"https:\/\/www.waterskis.lv\/wp-content\/uploads\/2022\/01\/WildChild131Top_1800x1800.png.jpg","datePublished":"2022-01-24T08:19:35+00:00","dateModified":"2026-01-29T08:20:49+00:00","description":"CONNELLY LADIES WILDCHILD BOAT WAKEBOARD has been the weapon of choice for some of the best athletes in watersports. Designed for: Intermediate\/Advanced","breadcrumb":{"@id":"https:\/\/www.waterskis.lv\/en\/product\/connelly-ladies-wildchild-boat-wakeboard\/#breadcrumb"},"inLanguage":"en-US","potentialAction":[{"@type":"ReadAction","target":["https:\/\/www.waterskis.lv\/en\/product\/connelly-ladies-wildchild-boat-wakeboard\/"]}]},{"@type":"ImageObject","inLanguage":"en-US","@id":"https:\/\/www.waterskis.lv\/en\/product\/connelly-ladies-wildchild-boat-wakeboard\/#primaryimage","url":"https:\/\/www.waterskis.lv\/wp-content\/uploads\/2022\/01\/WildChild131Top_1800x1800.png.jpg","contentUrl":"https:\/\/www.waterskis.lv\/wp-content\/uploads\/2022\/01\/WildChild131Top_1800x1800.png.jpg","width":1080,"height":1080,"caption":"CONNELLY LADIES WILDCHILD BOAT WAKEBOARD"},{"@type":"BreadcrumbList","@id":"https:\/\/www.waterskis.lv\/en\/product\/connelly-ladies-wildchild-boat-wakeboard\/#breadcrumb","itemListElement":[{"@type":"ListItem","position":1,"name":"Home","item":"https:\/\/www.waterskis.lv\/en\/"},{"@type":"ListItem","position":2,"name":"Shop","item":"https:\/\/waterskis.lv\/en\/shop\/"},{"@type":"ListItem","position":3,"name":"CONNELLY LADIES WILDCHILD BOAT WAKEBOARD"}]},{"@type":"WebSite","@id":"https:\/\/www.waterskis.lv\/en\/#website","url":"https:\/\/www.waterskis.lv\/en\/","name":"WATERSKIS.LV","description":"SUP d\u0113\u013ci, kajaki, kanoe, airu laivas, \u016bdenssl\u0113po\u0161ana, veikbords, SUP d\u0113\u013cu noma, kajaku nomaakt\u012bv\u0101s atp\u016btas centrs, laivu noma, sup noma, kajaku noma","publisher":{"@id":"https:\/\/www.waterskis.lv\/en\/#organization"},"potentialAction":[{"@type":"SearchAction","target":{"@type":"EntryPoint","urlTemplate":"https:\/\/www.waterskis.lv\/en\/?s={search_term_string}"},"query-input":{"@type":"PropertyValueSpecification","valueRequired":true,"valueName":"search_term_string"}}],"inLanguage":"en-US"},{"@type":"Organization","@id":"https:\/\/www.waterskis.lv\/en\/#organization","name":"WATERSKIS.LV","url":"https:\/\/www.waterskis.lv\/en\/","logo":{"@type":"ImageObject","inLanguage":"en-US","@id":"https:\/\/www.waterskis.lv\/en\/#\/schema\/logo\/image\/","url":"https:\/\/www.waterskis.lv\/wp-content\/uploads\/2025\/01\/JUVP-logo.png","contentUrl":"https:\/\/www.waterskis.lv\/wp-content\/uploads\/2025\/01\/JUVP-logo.png","width":421,"height":202,"caption":"WATERSKIS.LV"},"image":{"@id":"https:\/\/www.waterskis.lv\/en\/#\/schema\/logo\/image\/"},"sameAs":["https:\/\/www.facebook.com\/jurmalawaterskiwakeboardpark\/"]}]}},"_links":{"self":[{"href":"https:\/\/www.waterskis.lv\/en\/wp-json\/wp\/v2\/product\/37317","targetHints":{"allow":["GET"]}}],"collection":[{"href":"https:\/\/www.waterskis.lv\/en\/wp-json\/wp\/v2\/product"}],"about":[{"href":"https:\/\/www.waterskis.lv\/en\/wp-json\/wp\/v2\/types\/product"}],"replies":[{"embeddable":true,"href":"https:\/\/www.waterskis.lv\/en\/wp-json\/wp\/v2\/comments?post=37317"}],"wp:featuredmedia":[{"embeddable":true,"href":"https:\/\/www.waterskis.lv\/en\/wp-json\/wp\/v2\/media\/35122"}],"wp:attachment":[{"href":"https:\/\/www.waterskis.lv\/en\/wp-json\/wp\/v2\/media?parent=37317"}],"wp:term":[{"taxonomy":"product_brand","embeddable":true,"href":"https:\/\/www.waterskis.lv\/en\/wp-json\/wp\/v2\/product_brand?post=37317"},{"taxonomy":"product_cat","embeddable":true,"href":"https:\/\/www.waterskis.lv\/en\/wp-json\/wp\/v2\/product_cat?post=37317"},{"taxonomy":"product_tag","embeddable":true,"href":"https:\/\/www.waterskis.lv\/en\/wp-json\/wp\/v2\/product_tag?post=37317"}],"curies":[{"name":"wp","href":"https:\/\/api.w.org\/{rel}","templated":true}]}}