{"id":37320,"date":"2022-01-24T14:43:49","date_gmt":"2022-01-24T11:43:49","guid":{"rendered":"https:\/\/www.waterskis.lv\/products\/veikbords-connelly-reverb\/"},"modified":"2026-01-29T10:00:32","modified_gmt":"2026-01-29T08:00:32","slug":"connelly-reverb-boat-wakeboard","status":"publish","type":"product","link":"https:\/\/www.waterskis.lv\/en\/product\/connelly-reverb-boat-wakeboard\/","title":{"rendered":"CONNELLY REVERB BOAT WAKEBOARD"},"content":{"rendered":"<h1 style=\"text-align: left;\">CONNELLY REVERB BOAT WAKEBOARD<\/h1>\n<p>The Connelly Reverb Boat Wakeboard has turned into the unofficial Connelly team board. This shape has the ability to work with any riding style, whether it\u2019s super technical or laid back and stylish. The deep center channel sets you slightly lower in the water, increasing edge hold while carving into the wake. A subtle 3-stage rocker provides pop off the lip of the wake. The full length center spine, combined with variable rocker lines, makes hard, flat landings easier to set down.<\/p>\n<p>Connelly Reverb Wakeboard Construction Features<\/p>\n<ul>\n<li>Boat Specific Design<\/li>\n<li>System 80 core<\/li>\n<li>Deep center channel for control<\/li>\n<li>Full spine<\/li>\n<li>Subtle 3-stage variable rocker<\/li>\n<li>4&#215;4 molded fins<\/li>\n<li>2 bolt on 1\u201d plastic center fins<\/li>\n<li>Designed for: Intermediate\/Advanced<\/li>\n<\/ul>\n<p>Connelly Reverb Wakeboard Rider&#8217;s Weight Indication<\/p>\n<ul>\n<li>131 Up to 60kg<\/li>\n<li>136 Up to 70kg<\/li>\n<li>141 65kg and Up<\/li>\n<li>146 75kg and Up<\/li>\n<\/ul>\n<p>System 80 Core<\/p>\n<p>A light density closed cell foam with forgiveness to perform at all levels.<\/p>\n<p>Full Spine<\/p>\n<p>Displaces water to the toe and heel edge of the board to soften landings.<\/p>\n<p>3-Stage Rocker<\/p>\n<p>Blends the pop of a 3-Stage rocker with the smooth predictability of continuous<\/p>\n","protected":false},"excerpt":{"rendered":"<p>https:\/\/www.youtube.com\/watch?v=OYEt9rKFZHg [&#8230;]<\/p>\n<p><a class=\"btn btn-secondary understrap-read-more-link\" href=\"https:\/\/www.waterskis.lv\/en\/product\/connelly-reverb-boat-wakeboard\/\">Read More&#8230;<\/a><\/p>\n","protected":false},"featured_media":50476,"comment_status":"closed","ping_status":"closed","template":"","meta":{"_acf_changed":false,"inline_featured_image":false},"product_brand":[1280],"product_cat":[956,1143,958,361,565],"product_tag":[1457],"class_list":{"0":"post-37320","1":"product","2":"type-product","3":"status-publish","4":"has-post-thumbnail","6":"product_brand-connelly-water-sports","7":"product_cat-boat-boards","8":"product_cat-connelly-wakeboards","9":"product_cat-kids-wakeboards","10":"product_cat-sale","11":"product_cat-wakeboards","12":"product_tag-wakeboard","14":"first","15":"instock","16":"sale","17":"shipping-taxable","18":"purchasable","19":"product-type-simple"},"acf":[],"yoast_head":"<!-- This site is optimized with the Yoast SEO plugin v27.4 - https:\/\/yoast.com\/product\/yoast-seo-wordpress\/ -->\n<title>CONNELLY REVERB BOAT WAKEBOARD - WATERSKIS.LV<\/title>\n<meta name=\"description\" content=\"CONNELLY REVERB BOAT WAKEBOARD has turned into the unofficial Connelly team board. This shape has the ability to work with any riding style\" \/>\n<meta name=\"robots\" content=\"index, follow, max-snippet:-1, max-image-preview:large, max-video-preview:-1\" \/>\n<link rel=\"canonical\" href=\"https:\/\/www.waterskis.lv\/en\/product\/connelly-reverb-boat-wakeboard\/\" \/>\n<meta property=\"og:locale\" content=\"en_US\" \/>\n<meta property=\"og:type\" content=\"article\" \/>\n<meta property=\"og:title\" content=\"CONNELLY REVERB BOAT WAKEBOARD - WATERSKIS.LV\" \/>\n<meta property=\"og:description\" content=\"CONNELLY REVERB BOAT WAKEBOARD has turned into the unofficial Connelly team board. This shape has the ability to work with any riding style\" \/>\n<meta property=\"og:url\" content=\"https:\/\/www.waterskis.lv\/en\/product\/connelly-reverb-boat-wakeboard\/\" \/>\n<meta property=\"og:site_name\" content=\"WATERSKIS.LV\" \/>\n<meta property=\"article:publisher\" content=\"https:\/\/www.facebook.com\/jurmalawaterskiwakeboardpark\/\" \/>\n<meta property=\"article:modified_time\" content=\"2026-01-29T08:00:32+00:00\" \/>\n<meta property=\"og:image\" content=\"https:\/\/www.waterskis.lv\/wp-content\/uploads\/2022\/01\/Reverb_2021.jpg\" \/>\n\t<meta property=\"og:image:width\" content=\"1600\" \/>\n\t<meta property=\"og:image:height\" content=\"1600\" \/>\n\t<meta property=\"og:image:type\" content=\"image\/jpeg\" \/>\n<meta name=\"twitter:card\" content=\"summary_large_image\" \/>\n<meta name=\"twitter:label1\" content=\"Est. reading time\" \/>\n\t<meta name=\"twitter:data1\" content=\"2 minutes\" \/>\n<script type=\"application\/ld+json\" class=\"yoast-schema-graph\">{\"@context\":\"https:\\\/\\\/schema.org\",\"@graph\":[{\"@type\":\"WebPage\",\"@id\":\"https:\\\/\\\/www.waterskis.lv\\\/en\\\/product\\\/connelly-reverb-boat-wakeboard\\\/\",\"url\":\"https:\\\/\\\/www.waterskis.lv\\\/en\\\/product\\\/connelly-reverb-boat-wakeboard\\\/\",\"name\":\"CONNELLY REVERB BOAT WAKEBOARD - WATERSKIS.LV\",\"isPartOf\":{\"@id\":\"https:\\\/\\\/www.waterskis.lv\\\/en\\\/#website\"},\"primaryImageOfPage\":{\"@id\":\"https:\\\/\\\/www.waterskis.lv\\\/en\\\/product\\\/connelly-reverb-boat-wakeboard\\\/#primaryimage\"},\"image\":{\"@id\":\"https:\\\/\\\/www.waterskis.lv\\\/en\\\/product\\\/connelly-reverb-boat-wakeboard\\\/#primaryimage\"},\"thumbnailUrl\":\"https:\\\/\\\/www.waterskis.lv\\\/wp-content\\\/uploads\\\/2022\\\/01\\\/Reverb_2021.jpg\",\"datePublished\":\"2022-01-24T11:43:49+00:00\",\"dateModified\":\"2026-01-29T08:00:32+00:00\",\"description\":\"CONNELLY REVERB BOAT WAKEBOARD has turned into the unofficial Connelly team board. This shape has the ability to work with any riding style\",\"breadcrumb\":{\"@id\":\"https:\\\/\\\/www.waterskis.lv\\\/en\\\/product\\\/connelly-reverb-boat-wakeboard\\\/#breadcrumb\"},\"inLanguage\":\"en-US\",\"potentialAction\":[{\"@type\":\"ReadAction\",\"target\":[\"https:\\\/\\\/www.waterskis.lv\\\/en\\\/product\\\/connelly-reverb-boat-wakeboard\\\/\"]}]},{\"@type\":\"ImageObject\",\"inLanguage\":\"en-US\",\"@id\":\"https:\\\/\\\/www.waterskis.lv\\\/en\\\/product\\\/connelly-reverb-boat-wakeboard\\\/#primaryimage\",\"url\":\"https:\\\/\\\/www.waterskis.lv\\\/wp-content\\\/uploads\\\/2022\\\/01\\\/Reverb_2021.jpg\",\"contentUrl\":\"https:\\\/\\\/www.waterskis.lv\\\/wp-content\\\/uploads\\\/2022\\\/01\\\/Reverb_2021.jpg\",\"width\":1600,\"height\":1600,\"caption\":\"2021 Veikbords CONNELLY REVERB 131\"},{\"@type\":\"BreadcrumbList\",\"@id\":\"https:\\\/\\\/www.waterskis.lv\\\/en\\\/product\\\/connelly-reverb-boat-wakeboard\\\/#breadcrumb\",\"itemListElement\":[{\"@type\":\"ListItem\",\"position\":1,\"name\":\"Home\",\"item\":\"https:\\\/\\\/www.waterskis.lv\\\/en\\\/\"},{\"@type\":\"ListItem\",\"position\":2,\"name\":\"Shop\",\"item\":\"https:\\\/\\\/waterskis.lv\\\/en\\\/shop\\\/\"},{\"@type\":\"ListItem\",\"position\":3,\"name\":\"CONNELLY REVERB BOAT WAKEBOARD\"}]},{\"@type\":\"WebSite\",\"@id\":\"https:\\\/\\\/www.waterskis.lv\\\/en\\\/#website\",\"url\":\"https:\\\/\\\/www.waterskis.lv\\\/en\\\/\",\"name\":\"WATERSKIS.LV\",\"description\":\"SUP d\u0113\u013ci, kajaki, kanoe, airu laivas, \u016bdenssl\u0113po\u0161ana, veikbords, SUP d\u0113\u013cu noma, kajaku nomaakt\u012bv\u0101s atp\u016btas centrs, laivu noma, sup noma, kajaku noma\",\"publisher\":{\"@id\":\"https:\\\/\\\/www.waterskis.lv\\\/en\\\/#organization\"},\"potentialAction\":[{\"@type\":\"SearchAction\",\"target\":{\"@type\":\"EntryPoint\",\"urlTemplate\":\"https:\\\/\\\/www.waterskis.lv\\\/en\\\/?s={search_term_string}\"},\"query-input\":{\"@type\":\"PropertyValueSpecification\",\"valueRequired\":true,\"valueName\":\"search_term_string\"}}],\"inLanguage\":\"en-US\"},{\"@type\":\"Organization\",\"@id\":\"https:\\\/\\\/www.waterskis.lv\\\/en\\\/#organization\",\"name\":\"WATERSKIS.LV\",\"url\":\"https:\\\/\\\/www.waterskis.lv\\\/en\\\/\",\"logo\":{\"@type\":\"ImageObject\",\"inLanguage\":\"en-US\",\"@id\":\"https:\\\/\\\/www.waterskis.lv\\\/en\\\/#\\\/schema\\\/logo\\\/image\\\/\",\"url\":\"https:\\\/\\\/www.waterskis.lv\\\/wp-content\\\/uploads\\\/2025\\\/01\\\/JUVP-logo.png\",\"contentUrl\":\"https:\\\/\\\/www.waterskis.lv\\\/wp-content\\\/uploads\\\/2025\\\/01\\\/JUVP-logo.png\",\"width\":421,\"height\":202,\"caption\":\"WATERSKIS.LV\"},\"image\":{\"@id\":\"https:\\\/\\\/www.waterskis.lv\\\/en\\\/#\\\/schema\\\/logo\\\/image\\\/\"},\"sameAs\":[\"https:\\\/\\\/www.facebook.com\\\/jurmalawaterskiwakeboardpark\\\/\"]}]}<\/script>\n<!-- \/ Yoast SEO plugin. -->","yoast_head_json":{"title":"CONNELLY REVERB BOAT WAKEBOARD - WATERSKIS.LV","description":"CONNELLY REVERB BOAT WAKEBOARD has turned into the unofficial Connelly team board. This shape has the ability to work with any riding style","robots":{"index":"index","follow":"follow","max-snippet":"max-snippet:-1","max-image-preview":"max-image-preview:large","max-video-preview":"max-video-preview:-1"},"canonical":"https:\/\/www.waterskis.lv\/en\/product\/connelly-reverb-boat-wakeboard\/","og_locale":"en_US","og_type":"article","og_title":"CONNELLY REVERB BOAT WAKEBOARD - WATERSKIS.LV","og_description":"CONNELLY REVERB BOAT WAKEBOARD has turned into the unofficial Connelly team board. This shape has the ability to work with any riding style","og_url":"https:\/\/www.waterskis.lv\/en\/product\/connelly-reverb-boat-wakeboard\/","og_site_name":"WATERSKIS.LV","article_publisher":"https:\/\/www.facebook.com\/jurmalawaterskiwakeboardpark\/","article_modified_time":"2026-01-29T08:00:32+00:00","og_image":[{"width":1600,"height":1600,"url":"https:\/\/www.waterskis.lv\/wp-content\/uploads\/2022\/01\/Reverb_2021.jpg","type":"image\/jpeg"}],"twitter_card":"summary_large_image","twitter_misc":{"Est. reading time":"2 minutes"},"schema":{"@context":"https:\/\/schema.org","@graph":[{"@type":"WebPage","@id":"https:\/\/www.waterskis.lv\/en\/product\/connelly-reverb-boat-wakeboard\/","url":"https:\/\/www.waterskis.lv\/en\/product\/connelly-reverb-boat-wakeboard\/","name":"CONNELLY REVERB BOAT WAKEBOARD - WATERSKIS.LV","isPartOf":{"@id":"https:\/\/www.waterskis.lv\/en\/#website"},"primaryImageOfPage":{"@id":"https:\/\/www.waterskis.lv\/en\/product\/connelly-reverb-boat-wakeboard\/#primaryimage"},"image":{"@id":"https:\/\/www.waterskis.lv\/en\/product\/connelly-reverb-boat-wakeboard\/#primaryimage"},"thumbnailUrl":"https:\/\/www.waterskis.lv\/wp-content\/uploads\/2022\/01\/Reverb_2021.jpg","datePublished":"2022-01-24T11:43:49+00:00","dateModified":"2026-01-29T08:00:32+00:00","description":"CONNELLY REVERB BOAT WAKEBOARD has turned into the unofficial Connelly team board. This shape has the ability to work with any riding style","breadcrumb":{"@id":"https:\/\/www.waterskis.lv\/en\/product\/connelly-reverb-boat-wakeboard\/#breadcrumb"},"inLanguage":"en-US","potentialAction":[{"@type":"ReadAction","target":["https:\/\/www.waterskis.lv\/en\/product\/connelly-reverb-boat-wakeboard\/"]}]},{"@type":"ImageObject","inLanguage":"en-US","@id":"https:\/\/www.waterskis.lv\/en\/product\/connelly-reverb-boat-wakeboard\/#primaryimage","url":"https:\/\/www.waterskis.lv\/wp-content\/uploads\/2022\/01\/Reverb_2021.jpg","contentUrl":"https:\/\/www.waterskis.lv\/wp-content\/uploads\/2022\/01\/Reverb_2021.jpg","width":1600,"height":1600,"caption":"2021 Veikbords CONNELLY REVERB 131"},{"@type":"BreadcrumbList","@id":"https:\/\/www.waterskis.lv\/en\/product\/connelly-reverb-boat-wakeboard\/#breadcrumb","itemListElement":[{"@type":"ListItem","position":1,"name":"Home","item":"https:\/\/www.waterskis.lv\/en\/"},{"@type":"ListItem","position":2,"name":"Shop","item":"https:\/\/waterskis.lv\/en\/shop\/"},{"@type":"ListItem","position":3,"name":"CONNELLY REVERB BOAT WAKEBOARD"}]},{"@type":"WebSite","@id":"https:\/\/www.waterskis.lv\/en\/#website","url":"https:\/\/www.waterskis.lv\/en\/","name":"WATERSKIS.LV","description":"SUP d\u0113\u013ci, kajaki, kanoe, airu laivas, \u016bdenssl\u0113po\u0161ana, veikbords, SUP d\u0113\u013cu noma, kajaku nomaakt\u012bv\u0101s atp\u016btas centrs, laivu noma, sup noma, kajaku noma","publisher":{"@id":"https:\/\/www.waterskis.lv\/en\/#organization"},"potentialAction":[{"@type":"SearchAction","target":{"@type":"EntryPoint","urlTemplate":"https:\/\/www.waterskis.lv\/en\/?s={search_term_string}"},"query-input":{"@type":"PropertyValueSpecification","valueRequired":true,"valueName":"search_term_string"}}],"inLanguage":"en-US"},{"@type":"Organization","@id":"https:\/\/www.waterskis.lv\/en\/#organization","name":"WATERSKIS.LV","url":"https:\/\/www.waterskis.lv\/en\/","logo":{"@type":"ImageObject","inLanguage":"en-US","@id":"https:\/\/www.waterskis.lv\/en\/#\/schema\/logo\/image\/","url":"https:\/\/www.waterskis.lv\/wp-content\/uploads\/2025\/01\/JUVP-logo.png","contentUrl":"https:\/\/www.waterskis.lv\/wp-content\/uploads\/2025\/01\/JUVP-logo.png","width":421,"height":202,"caption":"WATERSKIS.LV"},"image":{"@id":"https:\/\/www.waterskis.lv\/en\/#\/schema\/logo\/image\/"},"sameAs":["https:\/\/www.facebook.com\/jurmalawaterskiwakeboardpark\/"]}]}},"_links":{"self":[{"href":"https:\/\/www.waterskis.lv\/en\/wp-json\/wp\/v2\/product\/37320","targetHints":{"allow":["GET"]}}],"collection":[{"href":"https:\/\/www.waterskis.lv\/en\/wp-json\/wp\/v2\/product"}],"about":[{"href":"https:\/\/www.waterskis.lv\/en\/wp-json\/wp\/v2\/types\/product"}],"replies":[{"embeddable":true,"href":"https:\/\/www.waterskis.lv\/en\/wp-json\/wp\/v2\/comments?post=37320"}],"wp:featuredmedia":[{"embeddable":true,"href":"https:\/\/www.waterskis.lv\/en\/wp-json\/wp\/v2\/media\/50476"}],"wp:attachment":[{"href":"https:\/\/www.waterskis.lv\/en\/wp-json\/wp\/v2\/media?parent=37320"}],"wp:term":[{"taxonomy":"product_brand","embeddable":true,"href":"https:\/\/www.waterskis.lv\/en\/wp-json\/wp\/v2\/product_brand?post=37320"},{"taxonomy":"product_cat","embeddable":true,"href":"https:\/\/www.waterskis.lv\/en\/wp-json\/wp\/v2\/product_cat?post=37320"},{"taxonomy":"product_tag","embeddable":true,"href":"https:\/\/www.waterskis.lv\/en\/wp-json\/wp\/v2\/product_tag?post=37320"}],"curies":[{"name":"wp","href":"https:\/\/api.w.org\/{rel}","templated":true}]}}