{"id":37325,"date":"2022-01-24T15:52:07","date_gmt":"2022-01-24T12:52:07","guid":{"rendered":"https:\/\/www.waterskis.lv\/products\/veikbords-connelly-standard\/"},"modified":"2024-11-04T18:59:01","modified_gmt":"2024-11-04T15:59:01","slug":"connelly-the-standard-boat-wakeboard","status":"publish","type":"product","link":"https:\/\/www.waterskis.lv\/en\/product\/connelly-the-standard-boat-wakeboard\/","title":{"rendered":"CONNELLY THE STANDARD BOAT WAKEBOARD"},"content":{"rendered":"<h1>CONNELLY THE STANDARD BOAT WAKEBOARD<\/h1>\n<p>CONNELLY THE STANDARD BOAT WAKEBOARD<\/p>\n<p>Wakeboards can be over-engineered to the point where performance suffers. The Connelly Standard Boat Wakeboard and its elegantly effective design is a testament to how good a board can be when all the right pieces come together. The continuous rocker is smooth up the wake and a wide outline provides some added kick. A subtle edge rail and center channel blended with adjustable easy-bite fins tracks naturally without locking you in. This deck feels like it was built just for you right out of the box.<\/p>\n<p>Connelly The Standard Wakeboard Construction Features<\/p>\n<ul>\n<li>Boat-Specific Design<\/li>\n<li>Pro Core<\/li>\n<li>Continuous rocker<\/li>\n<li>Hybrid spine<\/li>\n<li>4 adjustable 0.7&#8243; easy-bite fins<\/li>\n<li>Designed for: Advanced\/Expert<\/li>\n<\/ul>\n<p>Connelly The Standard Wakeboard Rider&#8217;s Weight Indication<\/p>\n<ul>\n<li>139 Up to 75kg<\/li>\n<li>143 70kg and Up<\/li>\n<\/ul>\n<p>Pro Core<\/p>\n<p>A super light-density closed-cell polyurethane foam proven to withstand pro-level abuse.<\/p>\n<p>Hybrid Spine<\/p>\n<p>A spine with a flat top. Maintains an overall flat base surface.<\/p>\n<p>Continuous Rocker<\/p>\n<p>Smooth, fast, and predictable ride with softer landings. More rocker between the bindings with less abrupt transitions to nose and tail.<\/p>\n","protected":false},"excerpt":{"rendered":"<p>https:\/\/www.youtube.com\/watch?v=FasPdH8fgRU [&#8230;]<\/p>\n<p><a class=\"btn btn-secondary understrap-read-more-link\" href=\"https:\/\/www.waterskis.lv\/en\/product\/connelly-the-standard-boat-wakeboard\/\">Read More&#8230;<\/a><\/p>\n","protected":false},"featured_media":55324,"comment_status":"closed","ping_status":"closed","template":"","meta":{"_acf_changed":false,"inline_featured_image":false},"product_brand":[],"product_cat":[956,1143,361,565],"product_tag":[1454,1457],"class_list":{"0":"post-37325","1":"product","2":"type-product","3":"status-publish","4":"has-post-thumbnail","6":"product_cat-boat-boards","7":"product_cat-connelly-wakeboards","8":"product_cat-sale","9":"product_cat-wakeboards","10":"product_tag-veikbords","11":"product_tag-wakeboard","13":"first","14":"instock","15":"sale","16":"shipping-taxable","17":"purchasable","18":"product-type-simple"},"acf":[],"yoast_head":"<!-- This site is optimized with the Yoast SEO plugin v27.4 - https:\/\/yoast.com\/product\/yoast-seo-wordpress\/ -->\n<title>CONNELLY THE STANDARD BOAT WAKEBOARD - WATERSKIS.LV<\/title>\n<meta name=\"description\" content=\"CONNELLY THE STANDARD BOAT WAKEBOARD. This deck feels like it was built just for you right out of the box. Boat-Specific Design\" \/>\n<meta name=\"robots\" content=\"index, follow, max-snippet:-1, max-image-preview:large, max-video-preview:-1\" \/>\n<link rel=\"canonical\" href=\"https:\/\/www.waterskis.lv\/en\/product\/connelly-the-standard-boat-wakeboard\/\" \/>\n<meta property=\"og:locale\" content=\"en_US\" \/>\n<meta property=\"og:type\" content=\"article\" \/>\n<meta property=\"og:title\" content=\"CONNELLY THE STANDARD BOAT WAKEBOARD - WATERSKIS.LV\" \/>\n<meta property=\"og:description\" content=\"CONNELLY THE STANDARD BOAT WAKEBOARD. This deck feels like it was built just for you right out of the box. Boat-Specific Design\" \/>\n<meta property=\"og:url\" content=\"https:\/\/www.waterskis.lv\/en\/product\/connelly-the-standard-boat-wakeboard\/\" \/>\n<meta property=\"og:site_name\" content=\"WATERSKIS.LV\" \/>\n<meta property=\"article:publisher\" content=\"https:\/\/www.facebook.com\/jurmalawaterskiwakeboardpark\/\" \/>\n<meta property=\"article:modified_time\" content=\"2024-11-04T15:59:01+00:00\" \/>\n<meta property=\"og:image\" content=\"https:\/\/waterskis.lv\/wp-content\/uploads\/2022\/01\/Standard-scaled.jpg\" \/>\n\t<meta property=\"og:image:width\" content=\"1442\" \/>\n\t<meta property=\"og:image:height\" content=\"2560\" \/>\n\t<meta property=\"og:image:type\" content=\"image\/jpeg\" \/>\n<meta name=\"twitter:card\" content=\"summary_large_image\" \/>\n<meta name=\"twitter:label1\" content=\"Est. reading time\" \/>\n\t<meta name=\"twitter:data1\" content=\"2 minutes\" \/>\n<script type=\"application\/ld+json\" class=\"yoast-schema-graph\">{\"@context\":\"https:\\\/\\\/schema.org\",\"@graph\":[{\"@type\":\"WebPage\",\"@id\":\"https:\\\/\\\/www.waterskis.lv\\\/en\\\/product\\\/connelly-the-standard-boat-wakeboard\\\/\",\"url\":\"https:\\\/\\\/www.waterskis.lv\\\/en\\\/product\\\/connelly-the-standard-boat-wakeboard\\\/\",\"name\":\"CONNELLY THE STANDARD BOAT WAKEBOARD - WATERSKIS.LV\",\"isPartOf\":{\"@id\":\"https:\\\/\\\/www.waterskis.lv\\\/en\\\/#website\"},\"primaryImageOfPage\":{\"@id\":\"https:\\\/\\\/www.waterskis.lv\\\/en\\\/product\\\/connelly-the-standard-boat-wakeboard\\\/#primaryimage\"},\"image\":{\"@id\":\"https:\\\/\\\/www.waterskis.lv\\\/en\\\/product\\\/connelly-the-standard-boat-wakeboard\\\/#primaryimage\"},\"thumbnailUrl\":\"https:\\\/\\\/www.waterskis.lv\\\/wp-content\\\/uploads\\\/2022\\\/01\\\/Standard-scaled.jpg\",\"datePublished\":\"2022-01-24T12:52:07+00:00\",\"dateModified\":\"2024-11-04T15:59:01+00:00\",\"description\":\"CONNELLY THE STANDARD BOAT WAKEBOARD. This deck feels like it was built just for you right out of the box. Boat-Specific Design\",\"breadcrumb\":{\"@id\":\"https:\\\/\\\/www.waterskis.lv\\\/en\\\/product\\\/connelly-the-standard-boat-wakeboard\\\/#breadcrumb\"},\"inLanguage\":\"en-US\",\"potentialAction\":[{\"@type\":\"ReadAction\",\"target\":[\"https:\\\/\\\/www.waterskis.lv\\\/en\\\/product\\\/connelly-the-standard-boat-wakeboard\\\/\"]}]},{\"@type\":\"ImageObject\",\"inLanguage\":\"en-US\",\"@id\":\"https:\\\/\\\/www.waterskis.lv\\\/en\\\/product\\\/connelly-the-standard-boat-wakeboard\\\/#primaryimage\",\"url\":\"https:\\\/\\\/www.waterskis.lv\\\/wp-content\\\/uploads\\\/2022\\\/01\\\/Standard-scaled.jpg\",\"contentUrl\":\"https:\\\/\\\/www.waterskis.lv\\\/wp-content\\\/uploads\\\/2022\\\/01\\\/Standard-scaled.jpg\",\"width\":1442,\"height\":2560,\"caption\":\"Veikbords CONNELLY STANDARD 143\"},{\"@type\":\"BreadcrumbList\",\"@id\":\"https:\\\/\\\/www.waterskis.lv\\\/en\\\/product\\\/connelly-the-standard-boat-wakeboard\\\/#breadcrumb\",\"itemListElement\":[{\"@type\":\"ListItem\",\"position\":1,\"name\":\"Home\",\"item\":\"https:\\\/\\\/www.waterskis.lv\\\/en\\\/\"},{\"@type\":\"ListItem\",\"position\":2,\"name\":\"Shop\",\"item\":\"https:\\\/\\\/waterskis.lv\\\/en\\\/shop\\\/\"},{\"@type\":\"ListItem\",\"position\":3,\"name\":\"CONNELLY THE STANDARD BOAT WAKEBOARD\"}]},{\"@type\":\"WebSite\",\"@id\":\"https:\\\/\\\/www.waterskis.lv\\\/en\\\/#website\",\"url\":\"https:\\\/\\\/www.waterskis.lv\\\/en\\\/\",\"name\":\"WATERSKIS.LV\",\"description\":\"SUP d\u0113\u013ci, kajaki, kanoe, airu laivas, \u016bdenssl\u0113po\u0161ana, veikbords, SUP d\u0113\u013cu noma, kajaku nomaakt\u012bv\u0101s atp\u016btas centrs, laivu noma, sup noma, kajaku noma\",\"publisher\":{\"@id\":\"https:\\\/\\\/www.waterskis.lv\\\/en\\\/#organization\"},\"potentialAction\":[{\"@type\":\"SearchAction\",\"target\":{\"@type\":\"EntryPoint\",\"urlTemplate\":\"https:\\\/\\\/www.waterskis.lv\\\/en\\\/?s={search_term_string}\"},\"query-input\":{\"@type\":\"PropertyValueSpecification\",\"valueRequired\":true,\"valueName\":\"search_term_string\"}}],\"inLanguage\":\"en-US\"},{\"@type\":\"Organization\",\"@id\":\"https:\\\/\\\/www.waterskis.lv\\\/en\\\/#organization\",\"name\":\"WATERSKIS.LV\",\"url\":\"https:\\\/\\\/www.waterskis.lv\\\/en\\\/\",\"logo\":{\"@type\":\"ImageObject\",\"inLanguage\":\"en-US\",\"@id\":\"https:\\\/\\\/www.waterskis.lv\\\/en\\\/#\\\/schema\\\/logo\\\/image\\\/\",\"url\":\"https:\\\/\\\/www.waterskis.lv\\\/wp-content\\\/uploads\\\/2025\\\/01\\\/JUVP-logo.png\",\"contentUrl\":\"https:\\\/\\\/www.waterskis.lv\\\/wp-content\\\/uploads\\\/2025\\\/01\\\/JUVP-logo.png\",\"width\":421,\"height\":202,\"caption\":\"WATERSKIS.LV\"},\"image\":{\"@id\":\"https:\\\/\\\/www.waterskis.lv\\\/en\\\/#\\\/schema\\\/logo\\\/image\\\/\"},\"sameAs\":[\"https:\\\/\\\/www.facebook.com\\\/jurmalawaterskiwakeboardpark\\\/\"]}]}<\/script>\n<!-- \/ Yoast SEO plugin. -->","yoast_head_json":{"title":"CONNELLY THE STANDARD BOAT WAKEBOARD - WATERSKIS.LV","description":"CONNELLY THE STANDARD BOAT WAKEBOARD. This deck feels like it was built just for you right out of the box. Boat-Specific Design","robots":{"index":"index","follow":"follow","max-snippet":"max-snippet:-1","max-image-preview":"max-image-preview:large","max-video-preview":"max-video-preview:-1"},"canonical":"https:\/\/www.waterskis.lv\/en\/product\/connelly-the-standard-boat-wakeboard\/","og_locale":"en_US","og_type":"article","og_title":"CONNELLY THE STANDARD BOAT WAKEBOARD - WATERSKIS.LV","og_description":"CONNELLY THE STANDARD BOAT WAKEBOARD. This deck feels like it was built just for you right out of the box. Boat-Specific Design","og_url":"https:\/\/www.waterskis.lv\/en\/product\/connelly-the-standard-boat-wakeboard\/","og_site_name":"WATERSKIS.LV","article_publisher":"https:\/\/www.facebook.com\/jurmalawaterskiwakeboardpark\/","article_modified_time":"2024-11-04T15:59:01+00:00","og_image":[{"width":1442,"height":2560,"url":"https:\/\/waterskis.lv\/wp-content\/uploads\/2022\/01\/Standard-scaled.jpg","type":"image\/jpeg"}],"twitter_card":"summary_large_image","twitter_misc":{"Est. reading time":"2 minutes"},"schema":{"@context":"https:\/\/schema.org","@graph":[{"@type":"WebPage","@id":"https:\/\/www.waterskis.lv\/en\/product\/connelly-the-standard-boat-wakeboard\/","url":"https:\/\/www.waterskis.lv\/en\/product\/connelly-the-standard-boat-wakeboard\/","name":"CONNELLY THE STANDARD BOAT WAKEBOARD - WATERSKIS.LV","isPartOf":{"@id":"https:\/\/www.waterskis.lv\/en\/#website"},"primaryImageOfPage":{"@id":"https:\/\/www.waterskis.lv\/en\/product\/connelly-the-standard-boat-wakeboard\/#primaryimage"},"image":{"@id":"https:\/\/www.waterskis.lv\/en\/product\/connelly-the-standard-boat-wakeboard\/#primaryimage"},"thumbnailUrl":"https:\/\/www.waterskis.lv\/wp-content\/uploads\/2022\/01\/Standard-scaled.jpg","datePublished":"2022-01-24T12:52:07+00:00","dateModified":"2024-11-04T15:59:01+00:00","description":"CONNELLY THE STANDARD BOAT WAKEBOARD. This deck feels like it was built just for you right out of the box. Boat-Specific Design","breadcrumb":{"@id":"https:\/\/www.waterskis.lv\/en\/product\/connelly-the-standard-boat-wakeboard\/#breadcrumb"},"inLanguage":"en-US","potentialAction":[{"@type":"ReadAction","target":["https:\/\/www.waterskis.lv\/en\/product\/connelly-the-standard-boat-wakeboard\/"]}]},{"@type":"ImageObject","inLanguage":"en-US","@id":"https:\/\/www.waterskis.lv\/en\/product\/connelly-the-standard-boat-wakeboard\/#primaryimage","url":"https:\/\/www.waterskis.lv\/wp-content\/uploads\/2022\/01\/Standard-scaled.jpg","contentUrl":"https:\/\/www.waterskis.lv\/wp-content\/uploads\/2022\/01\/Standard-scaled.jpg","width":1442,"height":2560,"caption":"Veikbords CONNELLY STANDARD 143"},{"@type":"BreadcrumbList","@id":"https:\/\/www.waterskis.lv\/en\/product\/connelly-the-standard-boat-wakeboard\/#breadcrumb","itemListElement":[{"@type":"ListItem","position":1,"name":"Home","item":"https:\/\/www.waterskis.lv\/en\/"},{"@type":"ListItem","position":2,"name":"Shop","item":"https:\/\/waterskis.lv\/en\/shop\/"},{"@type":"ListItem","position":3,"name":"CONNELLY THE STANDARD BOAT WAKEBOARD"}]},{"@type":"WebSite","@id":"https:\/\/www.waterskis.lv\/en\/#website","url":"https:\/\/www.waterskis.lv\/en\/","name":"WATERSKIS.LV","description":"SUP d\u0113\u013ci, kajaki, kanoe, airu laivas, \u016bdenssl\u0113po\u0161ana, veikbords, SUP d\u0113\u013cu noma, kajaku nomaakt\u012bv\u0101s atp\u016btas centrs, laivu noma, sup noma, kajaku noma","publisher":{"@id":"https:\/\/www.waterskis.lv\/en\/#organization"},"potentialAction":[{"@type":"SearchAction","target":{"@type":"EntryPoint","urlTemplate":"https:\/\/www.waterskis.lv\/en\/?s={search_term_string}"},"query-input":{"@type":"PropertyValueSpecification","valueRequired":true,"valueName":"search_term_string"}}],"inLanguage":"en-US"},{"@type":"Organization","@id":"https:\/\/www.waterskis.lv\/en\/#organization","name":"WATERSKIS.LV","url":"https:\/\/www.waterskis.lv\/en\/","logo":{"@type":"ImageObject","inLanguage":"en-US","@id":"https:\/\/www.waterskis.lv\/en\/#\/schema\/logo\/image\/","url":"https:\/\/www.waterskis.lv\/wp-content\/uploads\/2025\/01\/JUVP-logo.png","contentUrl":"https:\/\/www.waterskis.lv\/wp-content\/uploads\/2025\/01\/JUVP-logo.png","width":421,"height":202,"caption":"WATERSKIS.LV"},"image":{"@id":"https:\/\/www.waterskis.lv\/en\/#\/schema\/logo\/image\/"},"sameAs":["https:\/\/www.facebook.com\/jurmalawaterskiwakeboardpark\/"]}]}},"_links":{"self":[{"href":"https:\/\/www.waterskis.lv\/en\/wp-json\/wp\/v2\/product\/37325","targetHints":{"allow":["GET"]}}],"collection":[{"href":"https:\/\/www.waterskis.lv\/en\/wp-json\/wp\/v2\/product"}],"about":[{"href":"https:\/\/www.waterskis.lv\/en\/wp-json\/wp\/v2\/types\/product"}],"replies":[{"embeddable":true,"href":"https:\/\/www.waterskis.lv\/en\/wp-json\/wp\/v2\/comments?post=37325"}],"wp:featuredmedia":[{"embeddable":true,"href":"https:\/\/www.waterskis.lv\/en\/wp-json\/wp\/v2\/media\/55324"}],"wp:attachment":[{"href":"https:\/\/www.waterskis.lv\/en\/wp-json\/wp\/v2\/media?parent=37325"}],"wp:term":[{"taxonomy":"product_brand","embeddable":true,"href":"https:\/\/www.waterskis.lv\/en\/wp-json\/wp\/v2\/product_brand?post=37325"},{"taxonomy":"product_cat","embeddable":true,"href":"https:\/\/www.waterskis.lv\/en\/wp-json\/wp\/v2\/product_cat?post=37325"},{"taxonomy":"product_tag","embeddable":true,"href":"https:\/\/www.waterskis.lv\/en\/wp-json\/wp\/v2\/product_tag?post=37325"}],"curies":[{"name":"wp","href":"https:\/\/api.w.org\/{rel}","templated":true}]}}