{"id":37337,"date":"2022-01-23T21:03:35","date_gmt":"2022-01-23T18:03:35","guid":{"rendered":"https:\/\/www.waterskis.lv\/products\/kabelveikborda-delis-connelly-groove\/"},"modified":"2022-02-23T09:14:25","modified_gmt":"2022-02-23T06:14:25","slug":"connelly-groove-hybrid-wakeboard","status":"publish","type":"product","link":"https:\/\/www.waterskis.lv\/en\/product\/connelly-groove-hybrid-wakeboard\/","title":{"rendered":"CONNELLY GROOVE HYBRID WAKEBOARD"},"content":{"rendered":"<p>CONNELLY GROOVE HYBRID WAKEBOARD<\/p>\n<p>The Connelly Groove Hybrid Wakeboard is built for riders, plain and simple. The feature free base design, ABS sidewalls and burly Xtrans sliding surface are geared to handle all of your park needs. A carefully sculpted continuous rocker line shaped for carving up wakes behind the boat gives you a best of both worlds deck for whatever mood you\u2019re in. Four 1\u2019\u2019 bolt on fins can be added for extra edge grip or removed for a catch free ride.<\/p>\n<p>CONNELLY GROOVE WAKEBOARD Construction Features<\/p>\n<ul>\n<li>Hybrid Specific Design<\/li>\n<li>Flex core<\/li>\n<li>Flat Xtrans base<\/li>\n<li>Triax layup<\/li>\n<li>Continuous rocker<\/li>\n<li>4 bolt on 1\u201d composite fins<\/li>\n<li>Designed for: Intermediate\/Advanced<\/li>\n<\/ul>\n<p>Rider&#8217;s Weight Indication<\/p>\n<ul>\n<li>139 Up to 65kg<\/li>\n<li>145 75kg and Up<\/li>\n<\/ul>\n<p>Flex Core<\/p>\n<p>A blend of foam and ABS fused together in perfect harmony.<\/p>\n<p>Continuous Rocker<\/p>\n<p>Smooth, fast, and predictable ride with softer landings. More rocker between the bindings with less abrupt transitions to nose and tail.<\/p>\n<p>Flat Base<\/p>\n<p>Completely flat base, best for use over features and off kickers.<\/p>\n<p>XTrans Base<\/p>\n<p>Nearly bomb proof impact resistant rail base with a buttery glide.<\/p>\n","protected":false},"excerpt":{"rendered":"<p>CONNELLY GROOVE HYBRID WAKEBOARD The Connelly Groove Hybrid Wakeboard is built for riders, plain and simple. The feature free base design, ABS sidewalls and burly Xtrans sliding surface are geared to handle all of your park needs. A carefully sculpted continuous rocker line shaped for carving up wakes behind the boat gives you a best [&#8230;]<\/p>\n<p><a class=\"btn btn-secondary understrap-read-more-link\" href=\"https:\/\/www.waterskis.lv\/en\/product\/connelly-groove-hybrid-wakeboard\/\">Read More&#8230;<\/a><\/p>\n","protected":false},"featured_media":55348,"comment_status":"closed","ping_status":"closed","template":"","meta":{"_acf_changed":false,"inline_featured_image":false},"product_brand":[],"product_cat":[957,1143,361,565],"product_tag":[1454,1457],"class_list":{"0":"post-37337","1":"product","2":"type-product","3":"status-publish","4":"has-post-thumbnail","6":"product_cat-cable-boards","7":"product_cat-connelly-wakeboards","8":"product_cat-sale","9":"product_cat-wakeboards","10":"product_tag-veikbords","11":"product_tag-wakeboard","13":"first","14":"instock","15":"sale","16":"shipping-taxable","17":"purchasable","18":"product-type-simple"},"acf":[],"yoast_head":"<!-- This site is optimized with the Yoast SEO plugin v27.5 - https:\/\/yoast.com\/product\/yoast-seo-wordpress\/ -->\n<title>CONNELLY GROOVE HYBRID WAKEBOARD - WATERSKIS.LV<\/title>\n<meta name=\"description\" content=\"CONNELLY GROOVE HYBRID WAKEBOARD is built for riders, plain and simple. Hybrid Specific Design all for your park needs.\" \/>\n<meta name=\"robots\" content=\"index, follow, max-snippet:-1, max-image-preview:large, max-video-preview:-1\" \/>\n<link rel=\"canonical\" href=\"https:\/\/www.waterskis.lv\/en\/product\/connelly-groove-hybrid-wakeboard\/\" \/>\n<meta property=\"og:locale\" content=\"en_US\" \/>\n<meta property=\"og:type\" content=\"article\" \/>\n<meta property=\"og:title\" content=\"CONNELLY GROOVE HYBRID WAKEBOARD - WATERSKIS.LV\" \/>\n<meta property=\"og:description\" content=\"CONNELLY GROOVE HYBRID WAKEBOARD is built for riders, plain and simple. Hybrid Specific Design all for your park needs.\" \/>\n<meta property=\"og:url\" content=\"https:\/\/www.waterskis.lv\/en\/product\/connelly-groove-hybrid-wakeboard\/\" \/>\n<meta property=\"og:site_name\" content=\"WATERSKIS.LV\" \/>\n<meta property=\"article:publisher\" content=\"https:\/\/www.facebook.com\/jurmalawaterskiwakeboardpark\/\" \/>\n<meta property=\"article:modified_time\" content=\"2022-02-23T06:14:25+00:00\" \/>\n<meta property=\"og:image\" content=\"https:\/\/www.waterskis.lv\/wp-content\/uploads\/2022\/01\/Groove-scaled.jpg\" \/>\n\t<meta property=\"og:image:width\" content=\"1442\" \/>\n\t<meta property=\"og:image:height\" content=\"2560\" \/>\n\t<meta property=\"og:image:type\" content=\"image\/jpeg\" \/>\n<meta name=\"twitter:card\" content=\"summary_large_image\" \/>\n<meta name=\"twitter:label1\" content=\"Est. reading time\" \/>\n\t<meta name=\"twitter:data1\" content=\"1 minute\" \/>\n<script type=\"application\/ld+json\" class=\"yoast-schema-graph\">{\"@context\":\"https:\\\/\\\/schema.org\",\"@graph\":[{\"@type\":\"WebPage\",\"@id\":\"https:\\\/\\\/www.waterskis.lv\\\/en\\\/product\\\/connelly-groove-hybrid-wakeboard\\\/\",\"url\":\"https:\\\/\\\/www.waterskis.lv\\\/en\\\/product\\\/connelly-groove-hybrid-wakeboard\\\/\",\"name\":\"CONNELLY GROOVE HYBRID WAKEBOARD - WATERSKIS.LV\",\"isPartOf\":{\"@id\":\"https:\\\/\\\/www.waterskis.lv\\\/en\\\/#website\"},\"primaryImageOfPage\":{\"@id\":\"https:\\\/\\\/www.waterskis.lv\\\/en\\\/product\\\/connelly-groove-hybrid-wakeboard\\\/#primaryimage\"},\"image\":{\"@id\":\"https:\\\/\\\/www.waterskis.lv\\\/en\\\/product\\\/connelly-groove-hybrid-wakeboard\\\/#primaryimage\"},\"thumbnailUrl\":\"https:\\\/\\\/www.waterskis.lv\\\/wp-content\\\/uploads\\\/2022\\\/01\\\/Groove-scaled.jpg\",\"datePublished\":\"2022-01-23T18:03:35+00:00\",\"dateModified\":\"2022-02-23T06:14:25+00:00\",\"description\":\"CONNELLY GROOVE HYBRID WAKEBOARD is built for riders, plain and simple. Hybrid Specific Design all for your park needs.\",\"breadcrumb\":{\"@id\":\"https:\\\/\\\/www.waterskis.lv\\\/en\\\/product\\\/connelly-groove-hybrid-wakeboard\\\/#breadcrumb\"},\"inLanguage\":\"en-US\",\"potentialAction\":[{\"@type\":\"ReadAction\",\"target\":[\"https:\\\/\\\/www.waterskis.lv\\\/en\\\/product\\\/connelly-groove-hybrid-wakeboard\\\/\"]}]},{\"@type\":\"ImageObject\",\"inLanguage\":\"en-US\",\"@id\":\"https:\\\/\\\/www.waterskis.lv\\\/en\\\/product\\\/connelly-groove-hybrid-wakeboard\\\/#primaryimage\",\"url\":\"https:\\\/\\\/www.waterskis.lv\\\/wp-content\\\/uploads\\\/2022\\\/01\\\/Groove-scaled.jpg\",\"contentUrl\":\"https:\\\/\\\/www.waterskis.lv\\\/wp-content\\\/uploads\\\/2022\\\/01\\\/Groove-scaled.jpg\",\"width\":1442,\"height\":2560,\"caption\":\"Kabe\u013cveikborda d\u0113lis CONNELLY GROOVE 139\"},{\"@type\":\"BreadcrumbList\",\"@id\":\"https:\\\/\\\/www.waterskis.lv\\\/en\\\/product\\\/connelly-groove-hybrid-wakeboard\\\/#breadcrumb\",\"itemListElement\":[{\"@type\":\"ListItem\",\"position\":1,\"name\":\"Home\",\"item\":\"https:\\\/\\\/www.waterskis.lv\\\/en\\\/\"},{\"@type\":\"ListItem\",\"position\":2,\"name\":\"Shop\",\"item\":\"https:\\\/\\\/waterskis.lv\\\/en\\\/shop\\\/\"},{\"@type\":\"ListItem\",\"position\":3,\"name\":\"CONNELLY GROOVE HYBRID WAKEBOARD\"}]},{\"@type\":\"WebSite\",\"@id\":\"https:\\\/\\\/www.waterskis.lv\\\/en\\\/#website\",\"url\":\"https:\\\/\\\/www.waterskis.lv\\\/en\\\/\",\"name\":\"WATERSKIS.LV\",\"description\":\"SUP d\u0113\u013ci, kajaki, kanoe, airu laivas, \u016bdenssl\u0113po\u0161ana, veikbords, SUP d\u0113\u013cu noma, kajaku nomaakt\u012bv\u0101s atp\u016btas centrs, laivu noma, sup noma, kajaku noma\",\"publisher\":{\"@id\":\"https:\\\/\\\/www.waterskis.lv\\\/en\\\/#organization\"},\"potentialAction\":[{\"@type\":\"SearchAction\",\"target\":{\"@type\":\"EntryPoint\",\"urlTemplate\":\"https:\\\/\\\/www.waterskis.lv\\\/en\\\/?s={search_term_string}\"},\"query-input\":{\"@type\":\"PropertyValueSpecification\",\"valueRequired\":true,\"valueName\":\"search_term_string\"}}],\"inLanguage\":\"en-US\"},{\"@type\":\"Organization\",\"@id\":\"https:\\\/\\\/www.waterskis.lv\\\/en\\\/#organization\",\"name\":\"WATERSKIS.LV\",\"url\":\"https:\\\/\\\/www.waterskis.lv\\\/en\\\/\",\"logo\":{\"@type\":\"ImageObject\",\"inLanguage\":\"en-US\",\"@id\":\"https:\\\/\\\/www.waterskis.lv\\\/en\\\/#\\\/schema\\\/logo\\\/image\\\/\",\"url\":\"https:\\\/\\\/www.waterskis.lv\\\/wp-content\\\/uploads\\\/2025\\\/01\\\/JUVP-logo.png\",\"contentUrl\":\"https:\\\/\\\/www.waterskis.lv\\\/wp-content\\\/uploads\\\/2025\\\/01\\\/JUVP-logo.png\",\"width\":421,\"height\":202,\"caption\":\"WATERSKIS.LV\"},\"image\":{\"@id\":\"https:\\\/\\\/www.waterskis.lv\\\/en\\\/#\\\/schema\\\/logo\\\/image\\\/\"},\"sameAs\":[\"https:\\\/\\\/www.facebook.com\\\/jurmalawaterskiwakeboardpark\\\/\"]}]}<\/script>\n<!-- \/ Yoast SEO plugin. -->","yoast_head_json":{"title":"CONNELLY GROOVE HYBRID WAKEBOARD - WATERSKIS.LV","description":"CONNELLY GROOVE HYBRID WAKEBOARD is built for riders, plain and simple. Hybrid Specific Design all for your park needs.","robots":{"index":"index","follow":"follow","max-snippet":"max-snippet:-1","max-image-preview":"max-image-preview:large","max-video-preview":"max-video-preview:-1"},"canonical":"https:\/\/www.waterskis.lv\/en\/product\/connelly-groove-hybrid-wakeboard\/","og_locale":"en_US","og_type":"article","og_title":"CONNELLY GROOVE HYBRID WAKEBOARD - WATERSKIS.LV","og_description":"CONNELLY GROOVE HYBRID WAKEBOARD is built for riders, plain and simple. Hybrid Specific Design all for your park needs.","og_url":"https:\/\/www.waterskis.lv\/en\/product\/connelly-groove-hybrid-wakeboard\/","og_site_name":"WATERSKIS.LV","article_publisher":"https:\/\/www.facebook.com\/jurmalawaterskiwakeboardpark\/","article_modified_time":"2022-02-23T06:14:25+00:00","og_image":[{"width":1442,"height":2560,"url":"https:\/\/www.waterskis.lv\/wp-content\/uploads\/2022\/01\/Groove-scaled.jpg","type":"image\/jpeg"}],"twitter_card":"summary_large_image","twitter_misc":{"Est. reading time":"1 minute"},"schema":{"@context":"https:\/\/schema.org","@graph":[{"@type":"WebPage","@id":"https:\/\/www.waterskis.lv\/en\/product\/connelly-groove-hybrid-wakeboard\/","url":"https:\/\/www.waterskis.lv\/en\/product\/connelly-groove-hybrid-wakeboard\/","name":"CONNELLY GROOVE HYBRID WAKEBOARD - WATERSKIS.LV","isPartOf":{"@id":"https:\/\/www.waterskis.lv\/en\/#website"},"primaryImageOfPage":{"@id":"https:\/\/www.waterskis.lv\/en\/product\/connelly-groove-hybrid-wakeboard\/#primaryimage"},"image":{"@id":"https:\/\/www.waterskis.lv\/en\/product\/connelly-groove-hybrid-wakeboard\/#primaryimage"},"thumbnailUrl":"https:\/\/www.waterskis.lv\/wp-content\/uploads\/2022\/01\/Groove-scaled.jpg","datePublished":"2022-01-23T18:03:35+00:00","dateModified":"2022-02-23T06:14:25+00:00","description":"CONNELLY GROOVE HYBRID WAKEBOARD is built for riders, plain and simple. Hybrid Specific Design all for your park needs.","breadcrumb":{"@id":"https:\/\/www.waterskis.lv\/en\/product\/connelly-groove-hybrid-wakeboard\/#breadcrumb"},"inLanguage":"en-US","potentialAction":[{"@type":"ReadAction","target":["https:\/\/www.waterskis.lv\/en\/product\/connelly-groove-hybrid-wakeboard\/"]}]},{"@type":"ImageObject","inLanguage":"en-US","@id":"https:\/\/www.waterskis.lv\/en\/product\/connelly-groove-hybrid-wakeboard\/#primaryimage","url":"https:\/\/www.waterskis.lv\/wp-content\/uploads\/2022\/01\/Groove-scaled.jpg","contentUrl":"https:\/\/www.waterskis.lv\/wp-content\/uploads\/2022\/01\/Groove-scaled.jpg","width":1442,"height":2560,"caption":"Kabe\u013cveikborda d\u0113lis CONNELLY GROOVE 139"},{"@type":"BreadcrumbList","@id":"https:\/\/www.waterskis.lv\/en\/product\/connelly-groove-hybrid-wakeboard\/#breadcrumb","itemListElement":[{"@type":"ListItem","position":1,"name":"Home","item":"https:\/\/www.waterskis.lv\/en\/"},{"@type":"ListItem","position":2,"name":"Shop","item":"https:\/\/waterskis.lv\/en\/shop\/"},{"@type":"ListItem","position":3,"name":"CONNELLY GROOVE HYBRID WAKEBOARD"}]},{"@type":"WebSite","@id":"https:\/\/www.waterskis.lv\/en\/#website","url":"https:\/\/www.waterskis.lv\/en\/","name":"WATERSKIS.LV","description":"SUP d\u0113\u013ci, kajaki, kanoe, airu laivas, \u016bdenssl\u0113po\u0161ana, veikbords, SUP d\u0113\u013cu noma, kajaku nomaakt\u012bv\u0101s atp\u016btas centrs, laivu noma, sup noma, kajaku noma","publisher":{"@id":"https:\/\/www.waterskis.lv\/en\/#organization"},"potentialAction":[{"@type":"SearchAction","target":{"@type":"EntryPoint","urlTemplate":"https:\/\/www.waterskis.lv\/en\/?s={search_term_string}"},"query-input":{"@type":"PropertyValueSpecification","valueRequired":true,"valueName":"search_term_string"}}],"inLanguage":"en-US"},{"@type":"Organization","@id":"https:\/\/www.waterskis.lv\/en\/#organization","name":"WATERSKIS.LV","url":"https:\/\/www.waterskis.lv\/en\/","logo":{"@type":"ImageObject","inLanguage":"en-US","@id":"https:\/\/www.waterskis.lv\/en\/#\/schema\/logo\/image\/","url":"https:\/\/www.waterskis.lv\/wp-content\/uploads\/2025\/01\/JUVP-logo.png","contentUrl":"https:\/\/www.waterskis.lv\/wp-content\/uploads\/2025\/01\/JUVP-logo.png","width":421,"height":202,"caption":"WATERSKIS.LV"},"image":{"@id":"https:\/\/www.waterskis.lv\/en\/#\/schema\/logo\/image\/"},"sameAs":["https:\/\/www.facebook.com\/jurmalawaterskiwakeboardpark\/"]}]}},"_links":{"self":[{"href":"https:\/\/www.waterskis.lv\/en\/wp-json\/wp\/v2\/product\/37337","targetHints":{"allow":["GET"]}}],"collection":[{"href":"https:\/\/www.waterskis.lv\/en\/wp-json\/wp\/v2\/product"}],"about":[{"href":"https:\/\/www.waterskis.lv\/en\/wp-json\/wp\/v2\/types\/product"}],"replies":[{"embeddable":true,"href":"https:\/\/www.waterskis.lv\/en\/wp-json\/wp\/v2\/comments?post=37337"}],"wp:featuredmedia":[{"embeddable":true,"href":"https:\/\/www.waterskis.lv\/en\/wp-json\/wp\/v2\/media\/55348"}],"wp:attachment":[{"href":"https:\/\/www.waterskis.lv\/en\/wp-json\/wp\/v2\/media?parent=37337"}],"wp:term":[{"taxonomy":"product_brand","embeddable":true,"href":"https:\/\/www.waterskis.lv\/en\/wp-json\/wp\/v2\/product_brand?post=37337"},{"taxonomy":"product_cat","embeddable":true,"href":"https:\/\/www.waterskis.lv\/en\/wp-json\/wp\/v2\/product_cat?post=37337"},{"taxonomy":"product_tag","embeddable":true,"href":"https:\/\/www.waterskis.lv\/en\/wp-json\/wp\/v2\/product_tag?post=37337"}],"curies":[{"name":"wp","href":"https:\/\/api.w.org\/{rel}","templated":true}]}}