{"id":37447,"date":"2022-02-01T17:07:07","date_gmt":"2022-02-01T14:07:07","guid":{"rendered":"https:\/\/www.waterskis.lv\/products\/veikborda-virve-proline-65-launch-eva\/"},"modified":"2026-01-29T12:10:52","modified_gmt":"2026-01-29T10:10:52","slug":"proline-65-launch-eva-wakeboard-package","status":"publish","type":"product","link":"https:\/\/www.waterskis.lv\/en\/product\/proline-65-launch-eva-wakeboard-package\/","title":{"rendered":"PROLINE 65&#8242; LAUNCH EVA WAKEBOARD PACKAGE"},"content":{"rendered":"<h1>PROLINE 65&#8242; LAUNCH EVA WAKEBOARD PACKAGE<\/h1>\n<p>Color: red, grey<\/p>\n<p><em>65&#8242; EVA HANDLE w\/ POLY-E MAIN w\/ 3-5&#8242; SECTIONS<\/em><\/p>\n<ul>\n<li>15\u201d Soft 3D pyramid molded EVA foam for a comfortable grip<\/li>\n<li>New curved endcap and hexagon plug reduces handle roll<\/li>\n<li>3D Shaping increases total grip surface area by 25%<\/li>\n<li>3\/8\u201d Low-stretch Poly-E line for a solid pull<\/li>\n<li>Floating handle and mainline for improved safety and visibility<\/li>\n<\/ul>\n<p>A lot of other brands claim their products are buoyant \u2013 so what exactly makes Proline\u2019s floating technology superior? The answer is simple. All of our ropes and handles are infused with closed cell foam technology to keep our gear 100% buoyant at all times. In comparison, some of our competitors claim their ropes are neutrally buoyant, which means they neither float or sink, but over time they can dip below the waterline which is potentially hazardous. So why risk your friends and family\u2019s safety out on the water? Always select a rope and handle that is guaranteed to float \u2013 choose Proline as your #1 water sport accessory brand.<\/p>\n<p>PROLINE 65&#8242; LAUNCH EVA WAKEBOARD PACKAGE<\/p>\n","protected":false},"excerpt":{"rendered":"<ul>\n<li>15\u201d Soft 3D pyramid molded EVA foam for a comfortable grip<\/li>\n<li>New curved endcap and hexagon plug reduces handle roll<\/li>\n<li>3D Shaping increases total grip surface area by 25%<\/li>\n<li>3\/8\u201d Low-stretch Poly-E line for a solid pull<\/li>\n<li>Floating handle and mainline for improved safety and visibility<\/li>\n<\/ul>\n<p> [&#8230;]<\/p>\n<p><a class=\"btn btn-secondary understrap-read-more-link\" href=\"https:\/\/www.waterskis.lv\/en\/product\/proline-65-launch-eva-wakeboard-package\/\">Read More&#8230;<\/a><\/p>\n","protected":false},"featured_media":36089,"comment_status":"closed","ping_status":"closed","template":"","meta":{"_acf_changed":false,"inline_featured_image":false},"product_brand":[2631],"product_cat":[960,565],"product_tag":[3045],"class_list":{"0":"post-37447","1":"product","2":"type-product","3":"status-publish","4":"has-post-thumbnail","6":"product_brand-proline","7":"product_cat-handles-lines","8":"product_cat-wakeboards","9":"product_tag-wakeboard-ropes-and-handles","11":"first","12":"instock","13":"shipping-taxable","14":"purchasable","15":"product-type-simple"},"acf":[],"yoast_head":"<!-- This site is optimized with the Yoast SEO plugin v27.5 - https:\/\/yoast.com\/product\/yoast-seo-wordpress\/ -->\n<title>PROLINE 65&#039; LAUNCH EVA WAKEBOARD PACKAGE - WATERSKIS.LV<\/title>\n<meta name=\"description\" content=\"PROLINE 65&#039; LAUNCH EVA WAKEBOARD PACKAGE. Always select a rope and handle that is guaranteed to float \u2013 choose Proline as your #1 brand\" \/>\n<meta name=\"robots\" content=\"index, follow, max-snippet:-1, max-image-preview:large, max-video-preview:-1\" \/>\n<link rel=\"canonical\" href=\"https:\/\/www.waterskis.lv\/en\/product\/proline-65-launch-eva-wakeboard-package\/\" \/>\n<meta property=\"og:locale\" content=\"en_US\" \/>\n<meta property=\"og:type\" content=\"article\" \/>\n<meta property=\"og:title\" content=\"PROLINE 65&#039; LAUNCH EVA WAKEBOARD PACKAGE - WATERSKIS.LV\" \/>\n<meta property=\"og:description\" content=\"PROLINE 65&#039; LAUNCH EVA WAKEBOARD PACKAGE. Always select a rope and handle that is guaranteed to float \u2013 choose Proline as your #1 brand\" \/>\n<meta property=\"og:url\" content=\"https:\/\/www.waterskis.lv\/en\/product\/proline-65-launch-eva-wakeboard-package\/\" \/>\n<meta property=\"og:site_name\" content=\"WATERSKIS.LV\" \/>\n<meta property=\"article:publisher\" content=\"https:\/\/www.facebook.com\/jurmalawaterskiwakeboardpark\/\" \/>\n<meta property=\"article:modified_time\" content=\"2026-01-29T10:10:52+00:00\" \/>\n<meta property=\"og:image\" content=\"https:\/\/www.waterskis.lv\/wp-content\/uploads\/2022\/02\/LaunchPackageGrey_1800x1800.jpg\" \/>\n\t<meta property=\"og:image:width\" content=\"640\" \/>\n\t<meta property=\"og:image:height\" content=\"640\" \/>\n\t<meta property=\"og:image:type\" content=\"image\/jpeg\" \/>\n<meta name=\"twitter:card\" content=\"summary_large_image\" \/>\n<meta name=\"twitter:label1\" content=\"Est. reading time\" \/>\n\t<meta name=\"twitter:data1\" content=\"2 minutes\" \/>\n<script type=\"application\/ld+json\" class=\"yoast-schema-graph\">{\"@context\":\"https:\\\/\\\/schema.org\",\"@graph\":[{\"@type\":\"WebPage\",\"@id\":\"https:\\\/\\\/www.waterskis.lv\\\/en\\\/product\\\/proline-65-launch-eva-wakeboard-package\\\/\",\"url\":\"https:\\\/\\\/www.waterskis.lv\\\/en\\\/product\\\/proline-65-launch-eva-wakeboard-package\\\/\",\"name\":\"PROLINE 65' LAUNCH EVA WAKEBOARD PACKAGE - WATERSKIS.LV\",\"isPartOf\":{\"@id\":\"https:\\\/\\\/www.waterskis.lv\\\/en\\\/#website\"},\"primaryImageOfPage\":{\"@id\":\"https:\\\/\\\/www.waterskis.lv\\\/en\\\/product\\\/proline-65-launch-eva-wakeboard-package\\\/#primaryimage\"},\"image\":{\"@id\":\"https:\\\/\\\/www.waterskis.lv\\\/en\\\/product\\\/proline-65-launch-eva-wakeboard-package\\\/#primaryimage\"},\"thumbnailUrl\":\"https:\\\/\\\/www.waterskis.lv\\\/wp-content\\\/uploads\\\/2022\\\/02\\\/LaunchPackageGrey_1800x1800.jpg\",\"datePublished\":\"2022-02-01T14:07:07+00:00\",\"dateModified\":\"2026-01-29T10:10:52+00:00\",\"description\":\"PROLINE 65' LAUNCH EVA WAKEBOARD PACKAGE. Always select a rope and handle that is guaranteed to float \u2013 choose Proline as your #1 brand\",\"breadcrumb\":{\"@id\":\"https:\\\/\\\/www.waterskis.lv\\\/en\\\/product\\\/proline-65-launch-eva-wakeboard-package\\\/#breadcrumb\"},\"inLanguage\":\"en-US\",\"potentialAction\":[{\"@type\":\"ReadAction\",\"target\":[\"https:\\\/\\\/www.waterskis.lv\\\/en\\\/product\\\/proline-65-launch-eva-wakeboard-package\\\/\"]}]},{\"@type\":\"ImageObject\",\"inLanguage\":\"en-US\",\"@id\":\"https:\\\/\\\/www.waterskis.lv\\\/en\\\/product\\\/proline-65-launch-eva-wakeboard-package\\\/#primaryimage\",\"url\":\"https:\\\/\\\/www.waterskis.lv\\\/wp-content\\\/uploads\\\/2022\\\/02\\\/LaunchPackageGrey_1800x1800.jpg\",\"contentUrl\":\"https:\\\/\\\/www.waterskis.lv\\\/wp-content\\\/uploads\\\/2022\\\/02\\\/LaunchPackageGrey_1800x1800.jpg\",\"width\":640,\"height\":640,\"caption\":\"PROLINE 65' LAUNCH EVA WAKEBOARD PACKAGE\"},{\"@type\":\"BreadcrumbList\",\"@id\":\"https:\\\/\\\/www.waterskis.lv\\\/en\\\/product\\\/proline-65-launch-eva-wakeboard-package\\\/#breadcrumb\",\"itemListElement\":[{\"@type\":\"ListItem\",\"position\":1,\"name\":\"Home\",\"item\":\"https:\\\/\\\/www.waterskis.lv\\\/en\\\/\"},{\"@type\":\"ListItem\",\"position\":2,\"name\":\"Shop\",\"item\":\"https:\\\/\\\/waterskis.lv\\\/en\\\/shop\\\/\"},{\"@type\":\"ListItem\",\"position\":3,\"name\":\"PROLINE 65&#8242; LAUNCH EVA WAKEBOARD PACKAGE\"}]},{\"@type\":\"WebSite\",\"@id\":\"https:\\\/\\\/www.waterskis.lv\\\/en\\\/#website\",\"url\":\"https:\\\/\\\/www.waterskis.lv\\\/en\\\/\",\"name\":\"WATERSKIS.LV\",\"description\":\"SUP d\u0113\u013ci, kajaki, kanoe, airu laivas, \u016bdenssl\u0113po\u0161ana, veikbords, SUP d\u0113\u013cu noma, kajaku nomaakt\u012bv\u0101s atp\u016btas centrs, laivu noma, sup noma, kajaku noma\",\"publisher\":{\"@id\":\"https:\\\/\\\/www.waterskis.lv\\\/en\\\/#organization\"},\"potentialAction\":[{\"@type\":\"SearchAction\",\"target\":{\"@type\":\"EntryPoint\",\"urlTemplate\":\"https:\\\/\\\/www.waterskis.lv\\\/en\\\/?s={search_term_string}\"},\"query-input\":{\"@type\":\"PropertyValueSpecification\",\"valueRequired\":true,\"valueName\":\"search_term_string\"}}],\"inLanguage\":\"en-US\"},{\"@type\":\"Organization\",\"@id\":\"https:\\\/\\\/www.waterskis.lv\\\/en\\\/#organization\",\"name\":\"WATERSKIS.LV\",\"url\":\"https:\\\/\\\/www.waterskis.lv\\\/en\\\/\",\"logo\":{\"@type\":\"ImageObject\",\"inLanguage\":\"en-US\",\"@id\":\"https:\\\/\\\/www.waterskis.lv\\\/en\\\/#\\\/schema\\\/logo\\\/image\\\/\",\"url\":\"https:\\\/\\\/www.waterskis.lv\\\/wp-content\\\/uploads\\\/2025\\\/01\\\/JUVP-logo.png\",\"contentUrl\":\"https:\\\/\\\/www.waterskis.lv\\\/wp-content\\\/uploads\\\/2025\\\/01\\\/JUVP-logo.png\",\"width\":421,\"height\":202,\"caption\":\"WATERSKIS.LV\"},\"image\":{\"@id\":\"https:\\\/\\\/www.waterskis.lv\\\/en\\\/#\\\/schema\\\/logo\\\/image\\\/\"},\"sameAs\":[\"https:\\\/\\\/www.facebook.com\\\/jurmalawaterskiwakeboardpark\\\/\"]}]}<\/script>\n<!-- \/ Yoast SEO plugin. -->","yoast_head_json":{"title":"PROLINE 65' LAUNCH EVA WAKEBOARD PACKAGE - WATERSKIS.LV","description":"PROLINE 65' LAUNCH EVA WAKEBOARD PACKAGE. Always select a rope and handle that is guaranteed to float \u2013 choose Proline as your #1 brand","robots":{"index":"index","follow":"follow","max-snippet":"max-snippet:-1","max-image-preview":"max-image-preview:large","max-video-preview":"max-video-preview:-1"},"canonical":"https:\/\/www.waterskis.lv\/en\/product\/proline-65-launch-eva-wakeboard-package\/","og_locale":"en_US","og_type":"article","og_title":"PROLINE 65' LAUNCH EVA WAKEBOARD PACKAGE - WATERSKIS.LV","og_description":"PROLINE 65' LAUNCH EVA WAKEBOARD PACKAGE. Always select a rope and handle that is guaranteed to float \u2013 choose Proline as your #1 brand","og_url":"https:\/\/www.waterskis.lv\/en\/product\/proline-65-launch-eva-wakeboard-package\/","og_site_name":"WATERSKIS.LV","article_publisher":"https:\/\/www.facebook.com\/jurmalawaterskiwakeboardpark\/","article_modified_time":"2026-01-29T10:10:52+00:00","og_image":[{"width":640,"height":640,"url":"https:\/\/www.waterskis.lv\/wp-content\/uploads\/2022\/02\/LaunchPackageGrey_1800x1800.jpg","type":"image\/jpeg"}],"twitter_card":"summary_large_image","twitter_misc":{"Est. reading time":"2 minutes"},"schema":{"@context":"https:\/\/schema.org","@graph":[{"@type":"WebPage","@id":"https:\/\/www.waterskis.lv\/en\/product\/proline-65-launch-eva-wakeboard-package\/","url":"https:\/\/www.waterskis.lv\/en\/product\/proline-65-launch-eva-wakeboard-package\/","name":"PROLINE 65' LAUNCH EVA WAKEBOARD PACKAGE - WATERSKIS.LV","isPartOf":{"@id":"https:\/\/www.waterskis.lv\/en\/#website"},"primaryImageOfPage":{"@id":"https:\/\/www.waterskis.lv\/en\/product\/proline-65-launch-eva-wakeboard-package\/#primaryimage"},"image":{"@id":"https:\/\/www.waterskis.lv\/en\/product\/proline-65-launch-eva-wakeboard-package\/#primaryimage"},"thumbnailUrl":"https:\/\/www.waterskis.lv\/wp-content\/uploads\/2022\/02\/LaunchPackageGrey_1800x1800.jpg","datePublished":"2022-02-01T14:07:07+00:00","dateModified":"2026-01-29T10:10:52+00:00","description":"PROLINE 65' LAUNCH EVA WAKEBOARD PACKAGE. Always select a rope and handle that is guaranteed to float \u2013 choose Proline as your #1 brand","breadcrumb":{"@id":"https:\/\/www.waterskis.lv\/en\/product\/proline-65-launch-eva-wakeboard-package\/#breadcrumb"},"inLanguage":"en-US","potentialAction":[{"@type":"ReadAction","target":["https:\/\/www.waterskis.lv\/en\/product\/proline-65-launch-eva-wakeboard-package\/"]}]},{"@type":"ImageObject","inLanguage":"en-US","@id":"https:\/\/www.waterskis.lv\/en\/product\/proline-65-launch-eva-wakeboard-package\/#primaryimage","url":"https:\/\/www.waterskis.lv\/wp-content\/uploads\/2022\/02\/LaunchPackageGrey_1800x1800.jpg","contentUrl":"https:\/\/www.waterskis.lv\/wp-content\/uploads\/2022\/02\/LaunchPackageGrey_1800x1800.jpg","width":640,"height":640,"caption":"PROLINE 65' LAUNCH EVA WAKEBOARD PACKAGE"},{"@type":"BreadcrumbList","@id":"https:\/\/www.waterskis.lv\/en\/product\/proline-65-launch-eva-wakeboard-package\/#breadcrumb","itemListElement":[{"@type":"ListItem","position":1,"name":"Home","item":"https:\/\/www.waterskis.lv\/en\/"},{"@type":"ListItem","position":2,"name":"Shop","item":"https:\/\/waterskis.lv\/en\/shop\/"},{"@type":"ListItem","position":3,"name":"PROLINE 65&#8242; LAUNCH EVA WAKEBOARD PACKAGE"}]},{"@type":"WebSite","@id":"https:\/\/www.waterskis.lv\/en\/#website","url":"https:\/\/www.waterskis.lv\/en\/","name":"WATERSKIS.LV","description":"SUP d\u0113\u013ci, kajaki, kanoe, airu laivas, \u016bdenssl\u0113po\u0161ana, veikbords, SUP d\u0113\u013cu noma, kajaku nomaakt\u012bv\u0101s atp\u016btas centrs, laivu noma, sup noma, kajaku noma","publisher":{"@id":"https:\/\/www.waterskis.lv\/en\/#organization"},"potentialAction":[{"@type":"SearchAction","target":{"@type":"EntryPoint","urlTemplate":"https:\/\/www.waterskis.lv\/en\/?s={search_term_string}"},"query-input":{"@type":"PropertyValueSpecification","valueRequired":true,"valueName":"search_term_string"}}],"inLanguage":"en-US"},{"@type":"Organization","@id":"https:\/\/www.waterskis.lv\/en\/#organization","name":"WATERSKIS.LV","url":"https:\/\/www.waterskis.lv\/en\/","logo":{"@type":"ImageObject","inLanguage":"en-US","@id":"https:\/\/www.waterskis.lv\/en\/#\/schema\/logo\/image\/","url":"https:\/\/www.waterskis.lv\/wp-content\/uploads\/2025\/01\/JUVP-logo.png","contentUrl":"https:\/\/www.waterskis.lv\/wp-content\/uploads\/2025\/01\/JUVP-logo.png","width":421,"height":202,"caption":"WATERSKIS.LV"},"image":{"@id":"https:\/\/www.waterskis.lv\/en\/#\/schema\/logo\/image\/"},"sameAs":["https:\/\/www.facebook.com\/jurmalawaterskiwakeboardpark\/"]}]}},"_links":{"self":[{"href":"https:\/\/www.waterskis.lv\/en\/wp-json\/wp\/v2\/product\/37447","targetHints":{"allow":["GET"]}}],"collection":[{"href":"https:\/\/www.waterskis.lv\/en\/wp-json\/wp\/v2\/product"}],"about":[{"href":"https:\/\/www.waterskis.lv\/en\/wp-json\/wp\/v2\/types\/product"}],"replies":[{"embeddable":true,"href":"https:\/\/www.waterskis.lv\/en\/wp-json\/wp\/v2\/comments?post=37447"}],"wp:featuredmedia":[{"embeddable":true,"href":"https:\/\/www.waterskis.lv\/en\/wp-json\/wp\/v2\/media\/36089"}],"wp:attachment":[{"href":"https:\/\/www.waterskis.lv\/en\/wp-json\/wp\/v2\/media?parent=37447"}],"wp:term":[{"taxonomy":"product_brand","embeddable":true,"href":"https:\/\/www.waterskis.lv\/en\/wp-json\/wp\/v2\/product_brand?post=37447"},{"taxonomy":"product_cat","embeddable":true,"href":"https:\/\/www.waterskis.lv\/en\/wp-json\/wp\/v2\/product_cat?post=37447"},{"taxonomy":"product_tag","embeddable":true,"href":"https:\/\/www.waterskis.lv\/en\/wp-json\/wp\/v2\/product_tag?post=37447"}],"curies":[{"name":"wp","href":"https:\/\/api.w.org\/{rel}","templated":true}]}}