{"id":37504,"date":"2022-02-28T20:40:13","date_gmt":"2022-02-28T17:40:13","guid":{"rendered":"https:\/\/www.waterskis.lv\/products\/kanoe-rotoattivo-viking-i-classic-green-line\/"},"modified":"2022-02-28T20:50:04","modified_gmt":"2022-02-28T17:50:04","slug":"canoe-rotoattivo-viking-i-classic-green-line","status":"publish","type":"product","link":"https:\/\/www.waterskis.lv\/en\/product\/canoe-rotoattivo-viking-i-classic-green-line\/","title":{"rendered":"Canoe ROTOATTIVO VIKING I CLASSIC GREEN LINE"},"content":{"rendered":"<h1>Canoe ROTOATTIVO VIKING I CLASSIC GREEN LINE<\/h1>\n<p>Canoe ROTOATTIVO VIKING I CLASSIC GREEN LINE<\/p>\n<p>MADE OF RECYCLED PLASTIC !!!<\/p>\n<p>A steamlined, balanced, compact canoe made from long lasting 1 layer polyethylene for more buoyancy. With classic wooden seats.<\/p>\n<table class=\"block_content2 table-data-sheet\">\n<tbody>\n<tr class=\"odd\">\n<td>Type<\/td>\n<td>Classic canoe<\/td>\n<\/tr>\n<tr class=\"even\">\n<td>Length<\/td>\n<td>450 cm<\/td>\n<\/tr>\n<tr class=\"odd\">\n<td>Width<\/td>\n<td>90<\/td>\n<\/tr>\n<tr class=\"even\">\n<td>Height<\/td>\n<td>48<\/td>\n<\/tr>\n<tr class=\"odd\">\n<td>Weight<\/td>\n<td>40 kg<\/td>\n<\/tr>\n<tr class=\"even\">\n<td>Material<\/td>\n<td>Recycled HDPE 1-layer<\/td>\n<\/tr>\n<tr class=\"odd\">\n<td>Number of persons<\/td>\n<td>3<\/td>\n<\/tr>\n<tr class=\"even\">\n<td>Set<\/td>\n<td>3 wooden frame nylon strap webbed seats<\/td>\n<\/tr>\n<tr class=\"odd\">\n<td>Country of origin<\/td>\n<td>Slovenia<\/td>\n<\/tr>\n<\/tbody>\n<\/table>\n<p>Canoe VIKING I CLASSIC GREEN LINE MADE OF RECYCLED PLASTIC !!!<\/p>\n<p>A steamlined, balanced, compact canoe made from long lasting 1 layer polyethylene for more buoyancy. The Viking is an excellent choice for all canoe centers and rentals. It comes with comfortable seats made of webbing or PE and is ideal for group and family excursions. It has an ample room for all your package<\/p>\n","protected":false},"excerpt":{"rendered":"<p>Canoe ROTOATTIVO VIKING I CLASSIC GREEN LINE Canoe ROTOATTIVO VIKING I CLASSIC GREEN LINE MADE OF RECYCLED PLASTIC !!! A steamlined, balanced, compact canoe made from long lasting 1 layer polyethylene for more buoyancy. With classic wooden seats. Type Classic canoe Length 450 cm Width 90 Height 48 Weight 40 kg Material Recycled HDPE 1-layer [&#8230;]<\/p>\n<p><a class=\"btn btn-secondary understrap-read-more-link\" href=\"https:\/\/www.waterskis.lv\/en\/product\/canoe-rotoattivo-viking-i-classic-green-line\/\">Read More&#8230;<\/a><\/p>\n","protected":false},"featured_media":37502,"comment_status":"closed","ping_status":"closed","template":"","meta":{"_acf_changed":false,"inline_featured_image":false},"product_brand":[],"product_cat":[497,553],"product_tag":[],"class_list":{"0":"post-37504","1":"product","2":"type-product","3":"status-publish","4":"has-post-thumbnail","6":"product_cat-canoe-boats","7":"product_cat-polyethylene-canoes","9":"first","10":"instock","11":"shipping-taxable","12":"product-type-simple"},"acf":[],"yoast_head":"<!-- This site is optimized with the Yoast SEO plugin v27.4 - https:\/\/yoast.com\/product\/yoast-seo-wordpress\/ -->\n<title>Canoe ROTOATTIVO VIKING I CLASSIC GREEN LINE - WATERSKIS.LV<\/title>\n<meta name=\"description\" content=\"Canoe ROTOATTIVO VIKING I CLASSIC GREEN LINE MADE OF RECYCLED PLASTIC!!! A steamlined, balanced, compact canoe with classic wooden seats\" \/>\n<meta name=\"robots\" content=\"index, follow, max-snippet:-1, max-image-preview:large, max-video-preview:-1\" \/>\n<link rel=\"canonical\" href=\"https:\/\/www.waterskis.lv\/en\/product\/canoe-rotoattivo-viking-i-classic-green-line\/\" \/>\n<meta property=\"og:locale\" content=\"en_US\" \/>\n<meta property=\"og:type\" content=\"article\" \/>\n<meta property=\"og:title\" content=\"Canoe ROTOATTIVO VIKING I CLASSIC GREEN LINE - WATERSKIS.LV\" \/>\n<meta property=\"og:description\" content=\"Canoe ROTOATTIVO VIKING I CLASSIC GREEN LINE MADE OF RECYCLED PLASTIC!!! A steamlined, balanced, compact canoe with classic wooden seats\" \/>\n<meta property=\"og:url\" content=\"https:\/\/www.waterskis.lv\/en\/product\/canoe-rotoattivo-viking-i-classic-green-line\/\" \/>\n<meta property=\"og:site_name\" content=\"WATERSKIS.LV\" \/>\n<meta property=\"article:publisher\" content=\"https:\/\/www.facebook.com\/jurmalawaterskiwakeboardpark\/\" \/>\n<meta property=\"article:modified_time\" content=\"2022-02-28T17:50:04+00:00\" \/>\n<meta property=\"og:image\" content=\"https:\/\/www.waterskis.lv\/wp-content\/uploads\/2022\/02\/viking-i-classic-green-line.png\" \/>\n\t<meta property=\"og:image:width\" content=\"1000\" \/>\n\t<meta property=\"og:image:height\" content=\"1000\" \/>\n\t<meta property=\"og:image:type\" content=\"image\/png\" \/>\n<meta name=\"twitter:card\" content=\"summary_large_image\" \/>\n<meta name=\"twitter:label1\" content=\"Est. reading time\" \/>\n\t<meta name=\"twitter:data1\" content=\"1 minute\" \/>\n<script type=\"application\/ld+json\" class=\"yoast-schema-graph\">{\"@context\":\"https:\\\/\\\/schema.org\",\"@graph\":[{\"@type\":\"WebPage\",\"@id\":\"https:\\\/\\\/www.waterskis.lv\\\/en\\\/product\\\/canoe-rotoattivo-viking-i-classic-green-line\\\/\",\"url\":\"https:\\\/\\\/www.waterskis.lv\\\/en\\\/product\\\/canoe-rotoattivo-viking-i-classic-green-line\\\/\",\"name\":\"Canoe ROTOATTIVO VIKING I CLASSIC GREEN LINE - WATERSKIS.LV\",\"isPartOf\":{\"@id\":\"https:\\\/\\\/www.waterskis.lv\\\/en\\\/#website\"},\"primaryImageOfPage\":{\"@id\":\"https:\\\/\\\/www.waterskis.lv\\\/en\\\/product\\\/canoe-rotoattivo-viking-i-classic-green-line\\\/#primaryimage\"},\"image\":{\"@id\":\"https:\\\/\\\/www.waterskis.lv\\\/en\\\/product\\\/canoe-rotoattivo-viking-i-classic-green-line\\\/#primaryimage\"},\"thumbnailUrl\":\"https:\\\/\\\/www.waterskis.lv\\\/wp-content\\\/uploads\\\/2022\\\/02\\\/viking-i-classic-green-line.png\",\"datePublished\":\"2022-02-28T17:40:13+00:00\",\"dateModified\":\"2022-02-28T17:50:04+00:00\",\"description\":\"Canoe ROTOATTIVO VIKING I CLASSIC GREEN LINE MADE OF RECYCLED PLASTIC!!! A steamlined, balanced, compact canoe with classic wooden seats\",\"breadcrumb\":{\"@id\":\"https:\\\/\\\/www.waterskis.lv\\\/en\\\/product\\\/canoe-rotoattivo-viking-i-classic-green-line\\\/#breadcrumb\"},\"inLanguage\":\"en-US\",\"potentialAction\":[{\"@type\":\"ReadAction\",\"target\":[\"https:\\\/\\\/www.waterskis.lv\\\/en\\\/product\\\/canoe-rotoattivo-viking-i-classic-green-line\\\/\"]}]},{\"@type\":\"ImageObject\",\"inLanguage\":\"en-US\",\"@id\":\"https:\\\/\\\/www.waterskis.lv\\\/en\\\/product\\\/canoe-rotoattivo-viking-i-classic-green-line\\\/#primaryimage\",\"url\":\"https:\\\/\\\/www.waterskis.lv\\\/wp-content\\\/uploads\\\/2022\\\/02\\\/viking-i-classic-green-line.png\",\"contentUrl\":\"https:\\\/\\\/www.waterskis.lv\\\/wp-content\\\/uploads\\\/2022\\\/02\\\/viking-i-classic-green-line.png\",\"width\":1000,\"height\":1000,\"caption\":\"Canoe ROTOATTIVO VIKING I CLASSIC GREEN LINE\"},{\"@type\":\"BreadcrumbList\",\"@id\":\"https:\\\/\\\/www.waterskis.lv\\\/en\\\/product\\\/canoe-rotoattivo-viking-i-classic-green-line\\\/#breadcrumb\",\"itemListElement\":[{\"@type\":\"ListItem\",\"position\":1,\"name\":\"Home\",\"item\":\"https:\\\/\\\/www.waterskis.lv\\\/en\\\/\"},{\"@type\":\"ListItem\",\"position\":2,\"name\":\"Shop\",\"item\":\"https:\\\/\\\/waterskis.lv\\\/en\\\/shop\\\/\"},{\"@type\":\"ListItem\",\"position\":3,\"name\":\"Canoe ROTOATTIVO VIKING I CLASSIC GREEN LINE\"}]},{\"@type\":\"WebSite\",\"@id\":\"https:\\\/\\\/www.waterskis.lv\\\/en\\\/#website\",\"url\":\"https:\\\/\\\/www.waterskis.lv\\\/en\\\/\",\"name\":\"WATERSKIS.LV\",\"description\":\"SUP d\u0113\u013ci, kajaki, kanoe, airu laivas, \u016bdenssl\u0113po\u0161ana, veikbords, SUP d\u0113\u013cu noma, kajaku nomaakt\u012bv\u0101s atp\u016btas centrs, laivu noma, sup noma, kajaku noma\",\"publisher\":{\"@id\":\"https:\\\/\\\/www.waterskis.lv\\\/en\\\/#organization\"},\"potentialAction\":[{\"@type\":\"SearchAction\",\"target\":{\"@type\":\"EntryPoint\",\"urlTemplate\":\"https:\\\/\\\/www.waterskis.lv\\\/en\\\/?s={search_term_string}\"},\"query-input\":{\"@type\":\"PropertyValueSpecification\",\"valueRequired\":true,\"valueName\":\"search_term_string\"}}],\"inLanguage\":\"en-US\"},{\"@type\":\"Organization\",\"@id\":\"https:\\\/\\\/www.waterskis.lv\\\/en\\\/#organization\",\"name\":\"WATERSKIS.LV\",\"url\":\"https:\\\/\\\/www.waterskis.lv\\\/en\\\/\",\"logo\":{\"@type\":\"ImageObject\",\"inLanguage\":\"en-US\",\"@id\":\"https:\\\/\\\/www.waterskis.lv\\\/en\\\/#\\\/schema\\\/logo\\\/image\\\/\",\"url\":\"https:\\\/\\\/www.waterskis.lv\\\/wp-content\\\/uploads\\\/2025\\\/01\\\/JUVP-logo.png\",\"contentUrl\":\"https:\\\/\\\/www.waterskis.lv\\\/wp-content\\\/uploads\\\/2025\\\/01\\\/JUVP-logo.png\",\"width\":421,\"height\":202,\"caption\":\"WATERSKIS.LV\"},\"image\":{\"@id\":\"https:\\\/\\\/www.waterskis.lv\\\/en\\\/#\\\/schema\\\/logo\\\/image\\\/\"},\"sameAs\":[\"https:\\\/\\\/www.facebook.com\\\/jurmalawaterskiwakeboardpark\\\/\"]}]}<\/script>\n<!-- \/ Yoast SEO plugin. -->","yoast_head_json":{"title":"Canoe ROTOATTIVO VIKING I CLASSIC GREEN LINE - WATERSKIS.LV","description":"Canoe ROTOATTIVO VIKING I CLASSIC GREEN LINE MADE OF RECYCLED PLASTIC!!! A steamlined, balanced, compact canoe with classic wooden seats","robots":{"index":"index","follow":"follow","max-snippet":"max-snippet:-1","max-image-preview":"max-image-preview:large","max-video-preview":"max-video-preview:-1"},"canonical":"https:\/\/www.waterskis.lv\/en\/product\/canoe-rotoattivo-viking-i-classic-green-line\/","og_locale":"en_US","og_type":"article","og_title":"Canoe ROTOATTIVO VIKING I CLASSIC GREEN LINE - WATERSKIS.LV","og_description":"Canoe ROTOATTIVO VIKING I CLASSIC GREEN LINE MADE OF RECYCLED PLASTIC!!! A steamlined, balanced, compact canoe with classic wooden seats","og_url":"https:\/\/www.waterskis.lv\/en\/product\/canoe-rotoattivo-viking-i-classic-green-line\/","og_site_name":"WATERSKIS.LV","article_publisher":"https:\/\/www.facebook.com\/jurmalawaterskiwakeboardpark\/","article_modified_time":"2022-02-28T17:50:04+00:00","og_image":[{"width":1000,"height":1000,"url":"https:\/\/www.waterskis.lv\/wp-content\/uploads\/2022\/02\/viking-i-classic-green-line.png","type":"image\/png"}],"twitter_card":"summary_large_image","twitter_misc":{"Est. reading time":"1 minute"},"schema":{"@context":"https:\/\/schema.org","@graph":[{"@type":"WebPage","@id":"https:\/\/www.waterskis.lv\/en\/product\/canoe-rotoattivo-viking-i-classic-green-line\/","url":"https:\/\/www.waterskis.lv\/en\/product\/canoe-rotoattivo-viking-i-classic-green-line\/","name":"Canoe ROTOATTIVO VIKING I CLASSIC GREEN LINE - WATERSKIS.LV","isPartOf":{"@id":"https:\/\/www.waterskis.lv\/en\/#website"},"primaryImageOfPage":{"@id":"https:\/\/www.waterskis.lv\/en\/product\/canoe-rotoattivo-viking-i-classic-green-line\/#primaryimage"},"image":{"@id":"https:\/\/www.waterskis.lv\/en\/product\/canoe-rotoattivo-viking-i-classic-green-line\/#primaryimage"},"thumbnailUrl":"https:\/\/www.waterskis.lv\/wp-content\/uploads\/2022\/02\/viking-i-classic-green-line.png","datePublished":"2022-02-28T17:40:13+00:00","dateModified":"2022-02-28T17:50:04+00:00","description":"Canoe ROTOATTIVO VIKING I CLASSIC GREEN LINE MADE OF RECYCLED PLASTIC!!! A steamlined, balanced, compact canoe with classic wooden seats","breadcrumb":{"@id":"https:\/\/www.waterskis.lv\/en\/product\/canoe-rotoattivo-viking-i-classic-green-line\/#breadcrumb"},"inLanguage":"en-US","potentialAction":[{"@type":"ReadAction","target":["https:\/\/www.waterskis.lv\/en\/product\/canoe-rotoattivo-viking-i-classic-green-line\/"]}]},{"@type":"ImageObject","inLanguage":"en-US","@id":"https:\/\/www.waterskis.lv\/en\/product\/canoe-rotoattivo-viking-i-classic-green-line\/#primaryimage","url":"https:\/\/www.waterskis.lv\/wp-content\/uploads\/2022\/02\/viking-i-classic-green-line.png","contentUrl":"https:\/\/www.waterskis.lv\/wp-content\/uploads\/2022\/02\/viking-i-classic-green-line.png","width":1000,"height":1000,"caption":"Canoe ROTOATTIVO VIKING I CLASSIC GREEN LINE"},{"@type":"BreadcrumbList","@id":"https:\/\/www.waterskis.lv\/en\/product\/canoe-rotoattivo-viking-i-classic-green-line\/#breadcrumb","itemListElement":[{"@type":"ListItem","position":1,"name":"Home","item":"https:\/\/www.waterskis.lv\/en\/"},{"@type":"ListItem","position":2,"name":"Shop","item":"https:\/\/waterskis.lv\/en\/shop\/"},{"@type":"ListItem","position":3,"name":"Canoe ROTOATTIVO VIKING I CLASSIC GREEN LINE"}]},{"@type":"WebSite","@id":"https:\/\/www.waterskis.lv\/en\/#website","url":"https:\/\/www.waterskis.lv\/en\/","name":"WATERSKIS.LV","description":"SUP d\u0113\u013ci, kajaki, kanoe, airu laivas, \u016bdenssl\u0113po\u0161ana, veikbords, SUP d\u0113\u013cu noma, kajaku nomaakt\u012bv\u0101s atp\u016btas centrs, laivu noma, sup noma, kajaku noma","publisher":{"@id":"https:\/\/www.waterskis.lv\/en\/#organization"},"potentialAction":[{"@type":"SearchAction","target":{"@type":"EntryPoint","urlTemplate":"https:\/\/www.waterskis.lv\/en\/?s={search_term_string}"},"query-input":{"@type":"PropertyValueSpecification","valueRequired":true,"valueName":"search_term_string"}}],"inLanguage":"en-US"},{"@type":"Organization","@id":"https:\/\/www.waterskis.lv\/en\/#organization","name":"WATERSKIS.LV","url":"https:\/\/www.waterskis.lv\/en\/","logo":{"@type":"ImageObject","inLanguage":"en-US","@id":"https:\/\/www.waterskis.lv\/en\/#\/schema\/logo\/image\/","url":"https:\/\/www.waterskis.lv\/wp-content\/uploads\/2025\/01\/JUVP-logo.png","contentUrl":"https:\/\/www.waterskis.lv\/wp-content\/uploads\/2025\/01\/JUVP-logo.png","width":421,"height":202,"caption":"WATERSKIS.LV"},"image":{"@id":"https:\/\/www.waterskis.lv\/en\/#\/schema\/logo\/image\/"},"sameAs":["https:\/\/www.facebook.com\/jurmalawaterskiwakeboardpark\/"]}]}},"_links":{"self":[{"href":"https:\/\/www.waterskis.lv\/en\/wp-json\/wp\/v2\/product\/37504","targetHints":{"allow":["GET"]}}],"collection":[{"href":"https:\/\/www.waterskis.lv\/en\/wp-json\/wp\/v2\/product"}],"about":[{"href":"https:\/\/www.waterskis.lv\/en\/wp-json\/wp\/v2\/types\/product"}],"replies":[{"embeddable":true,"href":"https:\/\/www.waterskis.lv\/en\/wp-json\/wp\/v2\/comments?post=37504"}],"wp:featuredmedia":[{"embeddable":true,"href":"https:\/\/www.waterskis.lv\/en\/wp-json\/wp\/v2\/media\/37502"}],"wp:attachment":[{"href":"https:\/\/www.waterskis.lv\/en\/wp-json\/wp\/v2\/media?parent=37504"}],"wp:term":[{"taxonomy":"product_brand","embeddable":true,"href":"https:\/\/www.waterskis.lv\/en\/wp-json\/wp\/v2\/product_brand?post=37504"},{"taxonomy":"product_cat","embeddable":true,"href":"https:\/\/www.waterskis.lv\/en\/wp-json\/wp\/v2\/product_cat?post=37504"},{"taxonomy":"product_tag","embeddable":true,"href":"https:\/\/www.waterskis.lv\/en\/wp-json\/wp\/v2\/product_tag?post=37504"}],"curies":[{"name":"wp","href":"https:\/\/api.w.org\/{rel}","templated":true}]}}