{"id":37512,"date":"2022-02-28T20:55:01","date_gmt":"2022-02-28T17:55:01","guid":{"rendered":"https:\/\/www.waterskis.lv\/products\/kanoe-rotoattivo-trapper-450-green-line\/"},"modified":"2022-02-28T21:03:44","modified_gmt":"2022-02-28T18:03:44","slug":"canoe-rotoattivo-trapper-450-green-line","status":"publish","type":"product","link":"https:\/\/www.waterskis.lv\/en\/product\/canoe-rotoattivo-trapper-450-green-line\/","title":{"rendered":"Canoe ROTOATTIVO TRAPPER 450 GREEN LINE"},"content":{"rendered":"<h1>Canoe ROTOATTIVO TRAPPER 450 GREEN LINE<\/h1>\n<p>Canoe ROTOATTIVO TRAPPER 450 GREEN LINE<\/p>\n<p>MADE OF RECYCLED PLASTIC !<\/p>\n<p>Make a combination with canoe and SIT-ON-TOP you get the amazing Trapper. Unsinkable in its category with comfortable seats in the ideal position. Ideal for family and rental.<\/p>\n<table class=\"block_content2 table-data-sheet\">\n<tbody>\n<tr class=\"odd\">\n<td>Type<\/td>\n<td>Classic canoe<\/td>\n<\/tr>\n<tr class=\"even\">\n<td>Length<\/td>\n<td>450 cm<\/td>\n<\/tr>\n<tr class=\"odd\">\n<td>Width<\/td>\n<td>90<\/td>\n<\/tr>\n<tr class=\"even\">\n<td>Height<\/td>\n<td>48<\/td>\n<\/tr>\n<tr class=\"odd\">\n<td>Weight<\/td>\n<td>48 kg<\/td>\n<\/tr>\n<tr class=\"even\">\n<td>Material<\/td>\n<td>Recycled HDPE 1-layer<\/td>\n<\/tr>\n<tr class=\"odd\">\n<td>Number of persons<\/td>\n<td>2<\/td>\n<\/tr>\n<tr class=\"even\">\n<td>Country of origin<\/td>\n<td>Slovenia<\/td>\n<\/tr>\n<\/tbody>\n<\/table>\n<p>MADE OF RECYCLED PLASTIC !<\/p>\n<p>Make a combination with canoe and SIT-ON-TOP you get the amazing Trapper. Unsinkable in its category with comfortable seats in the ideal position. Ideal for family and rental.<\/p>\n<p>&nbsp;<\/p>\n","protected":false},"excerpt":{"rendered":"<p>Canoe ROTOATTIVO TRAPPER 450 GREEN LINE Canoe ROTOATTIVO TRAPPER 450 GREEN LINE MADE OF RECYCLED PLASTIC ! Make a combination with canoe and SIT-ON-TOP you get the amazing Trapper. Unsinkable in its category with comfortable seats in the ideal position. Ideal for family and rental. Type Classic canoe Length 450 cm Width 90 Height 48 [&#8230;]<\/p>\n<p><a class=\"btn btn-secondary understrap-read-more-link\" href=\"https:\/\/www.waterskis.lv\/en\/product\/canoe-rotoattivo-trapper-450-green-line\/\">Read More&#8230;<\/a><\/p>\n","protected":false},"featured_media":37510,"comment_status":"closed","ping_status":"closed","template":"","meta":{"_acf_changed":false,"inline_featured_image":false},"product_brand":[],"product_cat":[497,553],"product_tag":[],"class_list":{"0":"post-37512","1":"product","2":"type-product","3":"status-publish","4":"has-post-thumbnail","6":"product_cat-canoe-boats","7":"product_cat-polyethylene-canoes","9":"first","10":"instock","11":"shipping-taxable","12":"product-type-simple"},"acf":[],"yoast_head":"<!-- This site is optimized with the Yoast SEO plugin v27.4 - https:\/\/yoast.com\/product\/yoast-seo-wordpress\/ -->\n<title>Canoe ROTOATTIVO TRAPPER 450 GREEN LINE - WATERSKIS.LV<\/title>\n<meta name=\"description\" content=\"Canoe ROTOATTIVO TRAPPER 450 GREEN LINE MADE OF RECYCLED PLASTIC! Make a combination with canoe and SIT-ON-TOP you get the amazing Trapper.\" \/>\n<meta name=\"robots\" content=\"index, follow, max-snippet:-1, max-image-preview:large, max-video-preview:-1\" \/>\n<link rel=\"canonical\" href=\"https:\/\/www.waterskis.lv\/en\/product\/canoe-rotoattivo-trapper-450-green-line\/\" \/>\n<meta property=\"og:locale\" content=\"en_US\" \/>\n<meta property=\"og:type\" content=\"article\" \/>\n<meta property=\"og:title\" content=\"Canoe ROTOATTIVO TRAPPER 450 GREEN LINE - WATERSKIS.LV\" \/>\n<meta property=\"og:description\" content=\"Canoe ROTOATTIVO TRAPPER 450 GREEN LINE MADE OF RECYCLED PLASTIC! Make a combination with canoe and SIT-ON-TOP you get the amazing Trapper.\" \/>\n<meta property=\"og:url\" content=\"https:\/\/www.waterskis.lv\/en\/product\/canoe-rotoattivo-trapper-450-green-line\/\" \/>\n<meta property=\"og:site_name\" content=\"WATERSKIS.LV\" \/>\n<meta property=\"article:publisher\" content=\"https:\/\/www.facebook.com\/jurmalawaterskiwakeboardpark\/\" \/>\n<meta property=\"article:modified_time\" content=\"2022-02-28T18:03:44+00:00\" \/>\n<meta property=\"og:image\" content=\"https:\/\/www.waterskis.lv\/wp-content\/uploads\/2022\/02\/trapper-450-green-line.png\" \/>\n\t<meta property=\"og:image:width\" content=\"1000\" \/>\n\t<meta property=\"og:image:height\" content=\"1000\" \/>\n\t<meta property=\"og:image:type\" content=\"image\/png\" \/>\n<meta name=\"twitter:card\" content=\"summary_large_image\" \/>\n<meta name=\"twitter:label1\" content=\"Est. reading time\" \/>\n\t<meta name=\"twitter:data1\" content=\"1 minute\" \/>\n<script type=\"application\/ld+json\" class=\"yoast-schema-graph\">{\"@context\":\"https:\\\/\\\/schema.org\",\"@graph\":[{\"@type\":\"WebPage\",\"@id\":\"https:\\\/\\\/www.waterskis.lv\\\/en\\\/product\\\/canoe-rotoattivo-trapper-450-green-line\\\/\",\"url\":\"https:\\\/\\\/www.waterskis.lv\\\/en\\\/product\\\/canoe-rotoattivo-trapper-450-green-line\\\/\",\"name\":\"Canoe ROTOATTIVO TRAPPER 450 GREEN LINE - WATERSKIS.LV\",\"isPartOf\":{\"@id\":\"https:\\\/\\\/www.waterskis.lv\\\/en\\\/#website\"},\"primaryImageOfPage\":{\"@id\":\"https:\\\/\\\/www.waterskis.lv\\\/en\\\/product\\\/canoe-rotoattivo-trapper-450-green-line\\\/#primaryimage\"},\"image\":{\"@id\":\"https:\\\/\\\/www.waterskis.lv\\\/en\\\/product\\\/canoe-rotoattivo-trapper-450-green-line\\\/#primaryimage\"},\"thumbnailUrl\":\"https:\\\/\\\/www.waterskis.lv\\\/wp-content\\\/uploads\\\/2022\\\/02\\\/trapper-450-green-line.png\",\"datePublished\":\"2022-02-28T17:55:01+00:00\",\"dateModified\":\"2022-02-28T18:03:44+00:00\",\"description\":\"Canoe ROTOATTIVO TRAPPER 450 GREEN LINE MADE OF RECYCLED PLASTIC! Make a combination with canoe and SIT-ON-TOP you get the amazing Trapper.\",\"breadcrumb\":{\"@id\":\"https:\\\/\\\/www.waterskis.lv\\\/en\\\/product\\\/canoe-rotoattivo-trapper-450-green-line\\\/#breadcrumb\"},\"inLanguage\":\"en-US\",\"potentialAction\":[{\"@type\":\"ReadAction\",\"target\":[\"https:\\\/\\\/www.waterskis.lv\\\/en\\\/product\\\/canoe-rotoattivo-trapper-450-green-line\\\/\"]}]},{\"@type\":\"ImageObject\",\"inLanguage\":\"en-US\",\"@id\":\"https:\\\/\\\/www.waterskis.lv\\\/en\\\/product\\\/canoe-rotoattivo-trapper-450-green-line\\\/#primaryimage\",\"url\":\"https:\\\/\\\/www.waterskis.lv\\\/wp-content\\\/uploads\\\/2022\\\/02\\\/trapper-450-green-line.png\",\"contentUrl\":\"https:\\\/\\\/www.waterskis.lv\\\/wp-content\\\/uploads\\\/2022\\\/02\\\/trapper-450-green-line.png\",\"width\":1000,\"height\":1000,\"caption\":\"Canoe ROTOATTIVO TRAPPER 450 GREEN LINE\"},{\"@type\":\"BreadcrumbList\",\"@id\":\"https:\\\/\\\/www.waterskis.lv\\\/en\\\/product\\\/canoe-rotoattivo-trapper-450-green-line\\\/#breadcrumb\",\"itemListElement\":[{\"@type\":\"ListItem\",\"position\":1,\"name\":\"Home\",\"item\":\"https:\\\/\\\/www.waterskis.lv\\\/en\\\/\"},{\"@type\":\"ListItem\",\"position\":2,\"name\":\"Shop\",\"item\":\"https:\\\/\\\/waterskis.lv\\\/en\\\/shop\\\/\"},{\"@type\":\"ListItem\",\"position\":3,\"name\":\"Canoe ROTOATTIVO TRAPPER 450 GREEN LINE\"}]},{\"@type\":\"WebSite\",\"@id\":\"https:\\\/\\\/www.waterskis.lv\\\/en\\\/#website\",\"url\":\"https:\\\/\\\/www.waterskis.lv\\\/en\\\/\",\"name\":\"WATERSKIS.LV\",\"description\":\"SUP d\u0113\u013ci, kajaki, kanoe, airu laivas, \u016bdenssl\u0113po\u0161ana, veikbords, SUP d\u0113\u013cu noma, kajaku nomaakt\u012bv\u0101s atp\u016btas centrs, laivu noma, sup noma, kajaku noma\",\"publisher\":{\"@id\":\"https:\\\/\\\/www.waterskis.lv\\\/en\\\/#organization\"},\"potentialAction\":[{\"@type\":\"SearchAction\",\"target\":{\"@type\":\"EntryPoint\",\"urlTemplate\":\"https:\\\/\\\/www.waterskis.lv\\\/en\\\/?s={search_term_string}\"},\"query-input\":{\"@type\":\"PropertyValueSpecification\",\"valueRequired\":true,\"valueName\":\"search_term_string\"}}],\"inLanguage\":\"en-US\"},{\"@type\":\"Organization\",\"@id\":\"https:\\\/\\\/www.waterskis.lv\\\/en\\\/#organization\",\"name\":\"WATERSKIS.LV\",\"url\":\"https:\\\/\\\/www.waterskis.lv\\\/en\\\/\",\"logo\":{\"@type\":\"ImageObject\",\"inLanguage\":\"en-US\",\"@id\":\"https:\\\/\\\/www.waterskis.lv\\\/en\\\/#\\\/schema\\\/logo\\\/image\\\/\",\"url\":\"https:\\\/\\\/www.waterskis.lv\\\/wp-content\\\/uploads\\\/2025\\\/01\\\/JUVP-logo.png\",\"contentUrl\":\"https:\\\/\\\/www.waterskis.lv\\\/wp-content\\\/uploads\\\/2025\\\/01\\\/JUVP-logo.png\",\"width\":421,\"height\":202,\"caption\":\"WATERSKIS.LV\"},\"image\":{\"@id\":\"https:\\\/\\\/www.waterskis.lv\\\/en\\\/#\\\/schema\\\/logo\\\/image\\\/\"},\"sameAs\":[\"https:\\\/\\\/www.facebook.com\\\/jurmalawaterskiwakeboardpark\\\/\"]}]}<\/script>\n<!-- \/ Yoast SEO plugin. -->","yoast_head_json":{"title":"Canoe ROTOATTIVO TRAPPER 450 GREEN LINE - WATERSKIS.LV","description":"Canoe ROTOATTIVO TRAPPER 450 GREEN LINE MADE OF RECYCLED PLASTIC! Make a combination with canoe and SIT-ON-TOP you get the amazing Trapper.","robots":{"index":"index","follow":"follow","max-snippet":"max-snippet:-1","max-image-preview":"max-image-preview:large","max-video-preview":"max-video-preview:-1"},"canonical":"https:\/\/www.waterskis.lv\/en\/product\/canoe-rotoattivo-trapper-450-green-line\/","og_locale":"en_US","og_type":"article","og_title":"Canoe ROTOATTIVO TRAPPER 450 GREEN LINE - WATERSKIS.LV","og_description":"Canoe ROTOATTIVO TRAPPER 450 GREEN LINE MADE OF RECYCLED PLASTIC! Make a combination with canoe and SIT-ON-TOP you get the amazing Trapper.","og_url":"https:\/\/www.waterskis.lv\/en\/product\/canoe-rotoattivo-trapper-450-green-line\/","og_site_name":"WATERSKIS.LV","article_publisher":"https:\/\/www.facebook.com\/jurmalawaterskiwakeboardpark\/","article_modified_time":"2022-02-28T18:03:44+00:00","og_image":[{"width":1000,"height":1000,"url":"https:\/\/www.waterskis.lv\/wp-content\/uploads\/2022\/02\/trapper-450-green-line.png","type":"image\/png"}],"twitter_card":"summary_large_image","twitter_misc":{"Est. reading time":"1 minute"},"schema":{"@context":"https:\/\/schema.org","@graph":[{"@type":"WebPage","@id":"https:\/\/www.waterskis.lv\/en\/product\/canoe-rotoattivo-trapper-450-green-line\/","url":"https:\/\/www.waterskis.lv\/en\/product\/canoe-rotoattivo-trapper-450-green-line\/","name":"Canoe ROTOATTIVO TRAPPER 450 GREEN LINE - WATERSKIS.LV","isPartOf":{"@id":"https:\/\/www.waterskis.lv\/en\/#website"},"primaryImageOfPage":{"@id":"https:\/\/www.waterskis.lv\/en\/product\/canoe-rotoattivo-trapper-450-green-line\/#primaryimage"},"image":{"@id":"https:\/\/www.waterskis.lv\/en\/product\/canoe-rotoattivo-trapper-450-green-line\/#primaryimage"},"thumbnailUrl":"https:\/\/www.waterskis.lv\/wp-content\/uploads\/2022\/02\/trapper-450-green-line.png","datePublished":"2022-02-28T17:55:01+00:00","dateModified":"2022-02-28T18:03:44+00:00","description":"Canoe ROTOATTIVO TRAPPER 450 GREEN LINE MADE OF RECYCLED PLASTIC! Make a combination with canoe and SIT-ON-TOP you get the amazing Trapper.","breadcrumb":{"@id":"https:\/\/www.waterskis.lv\/en\/product\/canoe-rotoattivo-trapper-450-green-line\/#breadcrumb"},"inLanguage":"en-US","potentialAction":[{"@type":"ReadAction","target":["https:\/\/www.waterskis.lv\/en\/product\/canoe-rotoattivo-trapper-450-green-line\/"]}]},{"@type":"ImageObject","inLanguage":"en-US","@id":"https:\/\/www.waterskis.lv\/en\/product\/canoe-rotoattivo-trapper-450-green-line\/#primaryimage","url":"https:\/\/www.waterskis.lv\/wp-content\/uploads\/2022\/02\/trapper-450-green-line.png","contentUrl":"https:\/\/www.waterskis.lv\/wp-content\/uploads\/2022\/02\/trapper-450-green-line.png","width":1000,"height":1000,"caption":"Canoe ROTOATTIVO TRAPPER 450 GREEN LINE"},{"@type":"BreadcrumbList","@id":"https:\/\/www.waterskis.lv\/en\/product\/canoe-rotoattivo-trapper-450-green-line\/#breadcrumb","itemListElement":[{"@type":"ListItem","position":1,"name":"Home","item":"https:\/\/www.waterskis.lv\/en\/"},{"@type":"ListItem","position":2,"name":"Shop","item":"https:\/\/waterskis.lv\/en\/shop\/"},{"@type":"ListItem","position":3,"name":"Canoe ROTOATTIVO TRAPPER 450 GREEN LINE"}]},{"@type":"WebSite","@id":"https:\/\/www.waterskis.lv\/en\/#website","url":"https:\/\/www.waterskis.lv\/en\/","name":"WATERSKIS.LV","description":"SUP d\u0113\u013ci, kajaki, kanoe, airu laivas, \u016bdenssl\u0113po\u0161ana, veikbords, SUP d\u0113\u013cu noma, kajaku nomaakt\u012bv\u0101s atp\u016btas centrs, laivu noma, sup noma, kajaku noma","publisher":{"@id":"https:\/\/www.waterskis.lv\/en\/#organization"},"potentialAction":[{"@type":"SearchAction","target":{"@type":"EntryPoint","urlTemplate":"https:\/\/www.waterskis.lv\/en\/?s={search_term_string}"},"query-input":{"@type":"PropertyValueSpecification","valueRequired":true,"valueName":"search_term_string"}}],"inLanguage":"en-US"},{"@type":"Organization","@id":"https:\/\/www.waterskis.lv\/en\/#organization","name":"WATERSKIS.LV","url":"https:\/\/www.waterskis.lv\/en\/","logo":{"@type":"ImageObject","inLanguage":"en-US","@id":"https:\/\/www.waterskis.lv\/en\/#\/schema\/logo\/image\/","url":"https:\/\/www.waterskis.lv\/wp-content\/uploads\/2025\/01\/JUVP-logo.png","contentUrl":"https:\/\/www.waterskis.lv\/wp-content\/uploads\/2025\/01\/JUVP-logo.png","width":421,"height":202,"caption":"WATERSKIS.LV"},"image":{"@id":"https:\/\/www.waterskis.lv\/en\/#\/schema\/logo\/image\/"},"sameAs":["https:\/\/www.facebook.com\/jurmalawaterskiwakeboardpark\/"]}]}},"_links":{"self":[{"href":"https:\/\/www.waterskis.lv\/en\/wp-json\/wp\/v2\/product\/37512","targetHints":{"allow":["GET"]}}],"collection":[{"href":"https:\/\/www.waterskis.lv\/en\/wp-json\/wp\/v2\/product"}],"about":[{"href":"https:\/\/www.waterskis.lv\/en\/wp-json\/wp\/v2\/types\/product"}],"replies":[{"embeddable":true,"href":"https:\/\/www.waterskis.lv\/en\/wp-json\/wp\/v2\/comments?post=37512"}],"wp:featuredmedia":[{"embeddable":true,"href":"https:\/\/www.waterskis.lv\/en\/wp-json\/wp\/v2\/media\/37510"}],"wp:attachment":[{"href":"https:\/\/www.waterskis.lv\/en\/wp-json\/wp\/v2\/media?parent=37512"}],"wp:term":[{"taxonomy":"product_brand","embeddable":true,"href":"https:\/\/www.waterskis.lv\/en\/wp-json\/wp\/v2\/product_brand?post=37512"},{"taxonomy":"product_cat","embeddable":true,"href":"https:\/\/www.waterskis.lv\/en\/wp-json\/wp\/v2\/product_cat?post=37512"},{"taxonomy":"product_tag","embeddable":true,"href":"https:\/\/www.waterskis.lv\/en\/wp-json\/wp\/v2\/product_tag?post=37512"}],"curies":[{"name":"wp","href":"https:\/\/api.w.org\/{rel}","templated":true}]}}