{"id":37530,"date":"2022-01-03T11:07:58","date_gmt":"2022-01-03T08:07:58","guid":{"rendered":"https:\/\/www.waterskis.lv\/products\/karogu-masti-sledzenes-sistema\/"},"modified":"2022-03-01T14:00:43","modified_gmt":"2022-03-01T11:00:43","slug":"flagpole-lock-system","status":"publish","type":"product","link":"https:\/\/www.waterskis.lv\/en\/product\/flagpole-lock-system\/","title":{"rendered":"Flagpole LOCK SYSTEM"},"content":{"rendered":"<p>Flagpole LOCK SYSTEM<\/p>\n<p>Flagpole lock system. The flag can be hoisted by hand by pulling the cord through a special opening. The winding system can be closed with a lockable lid.<\/p>\n<table rules=\"rows\" cellspacing=\"0\">\n<thead>\n<tr>\n<th colspan=\"7\">Prices of flagpole systems in EUR<\/th>\n<\/tr>\n<\/thead>\n<tbody>\n<tr>\n<td><b>System<\/b><\/td>\n<td><b>6m<\/b><\/td>\n<td><b>7m<\/b><\/td>\n<td><b>8m<\/b><\/td>\n<td><b>9m<\/b><\/td>\n<td><b>10m<\/b><\/td>\n<td><b>12m<\/b><\/td>\n<\/tr>\n<tr>\n<td><\/td>\n<td><\/td>\n<td><\/td>\n<td><\/td>\n<td><\/td>\n<td><\/td>\n<td><\/td>\n<\/tr>\n<tr>\n<td><strong>EUR<\/strong><\/td>\n<td>279<\/td>\n<td>327<\/td>\n<td>346<\/td>\n<td>364<\/td>\n<td>383<\/td>\n<td>439<\/td>\n<\/tr>\n<\/tbody>\n<\/table>\n<p>&nbsp;<\/p>\n<p>The flag-raising system is also simple, but looks laconic flagpole, the flag hoisting rope is protected from the weather affect the fast deterioration. Cord attached to the flag is the flag pole inside, is fixed inside and shut the site is closed with lock &#8211; see the picture.<\/p>\n<p><strong>System comparison with our other proposed systems\u00a0<\/strong><\/p>\n<p><strong>Pros\u00a0<\/strong><\/p>\n<p>+ Well looking<\/p>\n<p>+ Laconic cord is not visible flag<\/p>\n<p>+ String is protected from too rapid deterioration<\/p>\n<p>+ Inconvenience to unauthorized activities<\/p>\n<p><strong>Cons\u00a0<\/strong><\/p>\n<p>&#8211; Flag donning manually<\/p>\n<p>Karogu masti sl\u0113dzenes sist\u0113ma<\/p>\n<p>\u0160\u012b karoga pacel\u0161anas sist\u0113ma ar\u012b ir vienk\u0101r\u0161a, ta\u010du karoga masts izskat\u0101s lakonisk\u0101k, k\u0101 ar\u012b karoga pacel\u0161anas aukla tiek pasarg\u0101ta no \u0101tr\u0101kas nolieto\u0161an\u0101s laikapst\u0101k\u013cu ietekm\u0113.<\/p>\n<p>Aukla, pie kuras piestirpin\u0101ts karogs, atrodas karoga masta iek\u0161pus\u0113, tiek nostiprin\u0101ta iek\u0161pus\u0113 un nosl\u0113g\u0161anas vieta tiek nosl\u0113gta ar sl\u0113dzeni \u2013 skat\u012bt z\u012bm\u0113jumu.<\/p>\n","protected":false},"excerpt":{"rendered":"<p>Flagpole LOCK SYSTEM Flagpole lock system. The flag can be hoisted by hand by pulling the cord through a special opening. The winding system can be closed with a lockable lid. Prices of flagpole systems in EUR System 6m 7m 8m 9m 10m 12m EUR 279 327 346 364 383 439 &nbsp; The flag-raising system [&#8230;]<\/p>\n<p><a class=\"btn btn-secondary understrap-read-more-link\" href=\"https:\/\/www.waterskis.lv\/en\/product\/flagpole-lock-system\/\">Read More&#8230;<\/a><\/p>\n","protected":false},"featured_media":33681,"comment_status":"closed","ping_status":"closed","template":"","meta":{"_acf_changed":false,"inline_featured_image":false},"product_brand":[],"product_cat":[361],"product_tag":[],"class_list":{"0":"post-37530","1":"product","2":"type-product","3":"status-publish","4":"has-post-thumbnail","6":"product_cat-sale","8":"first","9":"instock","10":"sale","11":"shipping-taxable","12":"purchasable","13":"product-type-simple"},"acf":[],"yoast_head":"<!-- This site is optimized with the Yoast SEO plugin v27.4 - https:\/\/yoast.com\/product\/yoast-seo-wordpress\/ -->\n<title>Flagpole LOCK SYSTEM - WATERSKIS.LV<\/title>\n<meta name=\"description\" content=\"Flagpole LOCK SYSTEM is simple, looks laconic flagpole, the flag hoisting rope is protected from the weather affect the fast deterioration.\" \/>\n<meta name=\"robots\" content=\"index, follow, max-snippet:-1, max-image-preview:large, max-video-preview:-1\" \/>\n<link rel=\"canonical\" href=\"https:\/\/www.waterskis.lv\/en\/product\/flagpole-lock-system\/\" \/>\n<meta property=\"og:locale\" content=\"en_US\" \/>\n<meta property=\"og:type\" content=\"article\" \/>\n<meta property=\"og:title\" content=\"Flagpole LOCK SYSTEM - WATERSKIS.LV\" \/>\n<meta property=\"og:description\" content=\"Flagpole LOCK SYSTEM is simple, looks laconic flagpole, the flag hoisting rope is protected from the weather affect the fast deterioration.\" \/>\n<meta property=\"og:url\" content=\"https:\/\/www.waterskis.lv\/en\/product\/flagpole-lock-system\/\" \/>\n<meta property=\"og:site_name\" content=\"WATERSKIS.LV\" \/>\n<meta property=\"article:publisher\" content=\"https:\/\/www.facebook.com\/jurmalawaterskiwakeboardpark\/\" \/>\n<meta property=\"article:modified_time\" content=\"2022-03-01T11:00:43+00:00\" \/>\n<meta property=\"og:image\" content=\"https:\/\/www.waterskis.lv\/wp-content\/uploads\/2022\/01\/Mastssledzene.jpg\" \/>\n\t<meta property=\"og:image:width\" content=\"280\" \/>\n\t<meta property=\"og:image:height\" content=\"280\" \/>\n\t<meta property=\"og:image:type\" content=\"image\/jpeg\" \/>\n<meta name=\"twitter:card\" content=\"summary_large_image\" \/>\n<meta name=\"twitter:label1\" content=\"Est. reading time\" \/>\n\t<meta name=\"twitter:data1\" content=\"1 minute\" \/>\n<script type=\"application\/ld+json\" class=\"yoast-schema-graph\">{\"@context\":\"https:\\\/\\\/schema.org\",\"@graph\":[{\"@type\":\"WebPage\",\"@id\":\"https:\\\/\\\/www.waterskis.lv\\\/en\\\/product\\\/flagpole-lock-system\\\/\",\"url\":\"https:\\\/\\\/www.waterskis.lv\\\/en\\\/product\\\/flagpole-lock-system\\\/\",\"name\":\"Flagpole LOCK SYSTEM - WATERSKIS.LV\",\"isPartOf\":{\"@id\":\"https:\\\/\\\/www.waterskis.lv\\\/en\\\/#website\"},\"primaryImageOfPage\":{\"@id\":\"https:\\\/\\\/www.waterskis.lv\\\/en\\\/product\\\/flagpole-lock-system\\\/#primaryimage\"},\"image\":{\"@id\":\"https:\\\/\\\/www.waterskis.lv\\\/en\\\/product\\\/flagpole-lock-system\\\/#primaryimage\"},\"thumbnailUrl\":\"https:\\\/\\\/www.waterskis.lv\\\/wp-content\\\/uploads\\\/2022\\\/01\\\/Mastssledzene.jpg\",\"datePublished\":\"2022-01-03T08:07:58+00:00\",\"dateModified\":\"2022-03-01T11:00:43+00:00\",\"description\":\"Flagpole LOCK SYSTEM is simple, looks laconic flagpole, the flag hoisting rope is protected from the weather affect the fast deterioration.\",\"breadcrumb\":{\"@id\":\"https:\\\/\\\/www.waterskis.lv\\\/en\\\/product\\\/flagpole-lock-system\\\/#breadcrumb\"},\"inLanguage\":\"en-US\",\"potentialAction\":[{\"@type\":\"ReadAction\",\"target\":[\"https:\\\/\\\/www.waterskis.lv\\\/en\\\/product\\\/flagpole-lock-system\\\/\"]}]},{\"@type\":\"ImageObject\",\"inLanguage\":\"en-US\",\"@id\":\"https:\\\/\\\/www.waterskis.lv\\\/en\\\/product\\\/flagpole-lock-system\\\/#primaryimage\",\"url\":\"https:\\\/\\\/www.waterskis.lv\\\/wp-content\\\/uploads\\\/2022\\\/01\\\/Mastssledzene.jpg\",\"contentUrl\":\"https:\\\/\\\/www.waterskis.lv\\\/wp-content\\\/uploads\\\/2022\\\/01\\\/Mastssledzene.jpg\",\"width\":280,\"height\":280,\"caption\":\"Flagpole LOCK SYSTEM\"},{\"@type\":\"BreadcrumbList\",\"@id\":\"https:\\\/\\\/www.waterskis.lv\\\/en\\\/product\\\/flagpole-lock-system\\\/#breadcrumb\",\"itemListElement\":[{\"@type\":\"ListItem\",\"position\":1,\"name\":\"Home\",\"item\":\"https:\\\/\\\/www.waterskis.lv\\\/en\\\/\"},{\"@type\":\"ListItem\",\"position\":2,\"name\":\"Shop\",\"item\":\"https:\\\/\\\/waterskis.lv\\\/en\\\/shop\\\/\"},{\"@type\":\"ListItem\",\"position\":3,\"name\":\"Flagpole LOCK SYSTEM\"}]},{\"@type\":\"WebSite\",\"@id\":\"https:\\\/\\\/www.waterskis.lv\\\/en\\\/#website\",\"url\":\"https:\\\/\\\/www.waterskis.lv\\\/en\\\/\",\"name\":\"WATERSKIS.LV\",\"description\":\"SUP d\u0113\u013ci, kajaki, kanoe, airu laivas, \u016bdenssl\u0113po\u0161ana, veikbords, SUP d\u0113\u013cu noma, kajaku nomaakt\u012bv\u0101s atp\u016btas centrs, laivu noma, sup noma, kajaku noma\",\"publisher\":{\"@id\":\"https:\\\/\\\/www.waterskis.lv\\\/en\\\/#organization\"},\"potentialAction\":[{\"@type\":\"SearchAction\",\"target\":{\"@type\":\"EntryPoint\",\"urlTemplate\":\"https:\\\/\\\/www.waterskis.lv\\\/en\\\/?s={search_term_string}\"},\"query-input\":{\"@type\":\"PropertyValueSpecification\",\"valueRequired\":true,\"valueName\":\"search_term_string\"}}],\"inLanguage\":\"en-US\"},{\"@type\":\"Organization\",\"@id\":\"https:\\\/\\\/www.waterskis.lv\\\/en\\\/#organization\",\"name\":\"WATERSKIS.LV\",\"url\":\"https:\\\/\\\/www.waterskis.lv\\\/en\\\/\",\"logo\":{\"@type\":\"ImageObject\",\"inLanguage\":\"en-US\",\"@id\":\"https:\\\/\\\/www.waterskis.lv\\\/en\\\/#\\\/schema\\\/logo\\\/image\\\/\",\"url\":\"https:\\\/\\\/www.waterskis.lv\\\/wp-content\\\/uploads\\\/2025\\\/01\\\/JUVP-logo.png\",\"contentUrl\":\"https:\\\/\\\/www.waterskis.lv\\\/wp-content\\\/uploads\\\/2025\\\/01\\\/JUVP-logo.png\",\"width\":421,\"height\":202,\"caption\":\"WATERSKIS.LV\"},\"image\":{\"@id\":\"https:\\\/\\\/www.waterskis.lv\\\/en\\\/#\\\/schema\\\/logo\\\/image\\\/\"},\"sameAs\":[\"https:\\\/\\\/www.facebook.com\\\/jurmalawaterskiwakeboardpark\\\/\"]}]}<\/script>\n<!-- \/ Yoast SEO plugin. -->","yoast_head_json":{"title":"Flagpole LOCK SYSTEM - WATERSKIS.LV","description":"Flagpole LOCK SYSTEM is simple, looks laconic flagpole, the flag hoisting rope is protected from the weather affect the fast deterioration.","robots":{"index":"index","follow":"follow","max-snippet":"max-snippet:-1","max-image-preview":"max-image-preview:large","max-video-preview":"max-video-preview:-1"},"canonical":"https:\/\/www.waterskis.lv\/en\/product\/flagpole-lock-system\/","og_locale":"en_US","og_type":"article","og_title":"Flagpole LOCK SYSTEM - WATERSKIS.LV","og_description":"Flagpole LOCK SYSTEM is simple, looks laconic flagpole, the flag hoisting rope is protected from the weather affect the fast deterioration.","og_url":"https:\/\/www.waterskis.lv\/en\/product\/flagpole-lock-system\/","og_site_name":"WATERSKIS.LV","article_publisher":"https:\/\/www.facebook.com\/jurmalawaterskiwakeboardpark\/","article_modified_time":"2022-03-01T11:00:43+00:00","og_image":[{"width":280,"height":280,"url":"https:\/\/www.waterskis.lv\/wp-content\/uploads\/2022\/01\/Mastssledzene.jpg","type":"image\/jpeg"}],"twitter_card":"summary_large_image","twitter_misc":{"Est. reading time":"1 minute"},"schema":{"@context":"https:\/\/schema.org","@graph":[{"@type":"WebPage","@id":"https:\/\/www.waterskis.lv\/en\/product\/flagpole-lock-system\/","url":"https:\/\/www.waterskis.lv\/en\/product\/flagpole-lock-system\/","name":"Flagpole LOCK SYSTEM - WATERSKIS.LV","isPartOf":{"@id":"https:\/\/www.waterskis.lv\/en\/#website"},"primaryImageOfPage":{"@id":"https:\/\/www.waterskis.lv\/en\/product\/flagpole-lock-system\/#primaryimage"},"image":{"@id":"https:\/\/www.waterskis.lv\/en\/product\/flagpole-lock-system\/#primaryimage"},"thumbnailUrl":"https:\/\/www.waterskis.lv\/wp-content\/uploads\/2022\/01\/Mastssledzene.jpg","datePublished":"2022-01-03T08:07:58+00:00","dateModified":"2022-03-01T11:00:43+00:00","description":"Flagpole LOCK SYSTEM is simple, looks laconic flagpole, the flag hoisting rope is protected from the weather affect the fast deterioration.","breadcrumb":{"@id":"https:\/\/www.waterskis.lv\/en\/product\/flagpole-lock-system\/#breadcrumb"},"inLanguage":"en-US","potentialAction":[{"@type":"ReadAction","target":["https:\/\/www.waterskis.lv\/en\/product\/flagpole-lock-system\/"]}]},{"@type":"ImageObject","inLanguage":"en-US","@id":"https:\/\/www.waterskis.lv\/en\/product\/flagpole-lock-system\/#primaryimage","url":"https:\/\/www.waterskis.lv\/wp-content\/uploads\/2022\/01\/Mastssledzene.jpg","contentUrl":"https:\/\/www.waterskis.lv\/wp-content\/uploads\/2022\/01\/Mastssledzene.jpg","width":280,"height":280,"caption":"Flagpole LOCK SYSTEM"},{"@type":"BreadcrumbList","@id":"https:\/\/www.waterskis.lv\/en\/product\/flagpole-lock-system\/#breadcrumb","itemListElement":[{"@type":"ListItem","position":1,"name":"Home","item":"https:\/\/www.waterskis.lv\/en\/"},{"@type":"ListItem","position":2,"name":"Shop","item":"https:\/\/waterskis.lv\/en\/shop\/"},{"@type":"ListItem","position":3,"name":"Flagpole LOCK SYSTEM"}]},{"@type":"WebSite","@id":"https:\/\/www.waterskis.lv\/en\/#website","url":"https:\/\/www.waterskis.lv\/en\/","name":"WATERSKIS.LV","description":"SUP d\u0113\u013ci, kajaki, kanoe, airu laivas, \u016bdenssl\u0113po\u0161ana, veikbords, SUP d\u0113\u013cu noma, kajaku nomaakt\u012bv\u0101s atp\u016btas centrs, laivu noma, sup noma, kajaku noma","publisher":{"@id":"https:\/\/www.waterskis.lv\/en\/#organization"},"potentialAction":[{"@type":"SearchAction","target":{"@type":"EntryPoint","urlTemplate":"https:\/\/www.waterskis.lv\/en\/?s={search_term_string}"},"query-input":{"@type":"PropertyValueSpecification","valueRequired":true,"valueName":"search_term_string"}}],"inLanguage":"en-US"},{"@type":"Organization","@id":"https:\/\/www.waterskis.lv\/en\/#organization","name":"WATERSKIS.LV","url":"https:\/\/www.waterskis.lv\/en\/","logo":{"@type":"ImageObject","inLanguage":"en-US","@id":"https:\/\/www.waterskis.lv\/en\/#\/schema\/logo\/image\/","url":"https:\/\/www.waterskis.lv\/wp-content\/uploads\/2025\/01\/JUVP-logo.png","contentUrl":"https:\/\/www.waterskis.lv\/wp-content\/uploads\/2025\/01\/JUVP-logo.png","width":421,"height":202,"caption":"WATERSKIS.LV"},"image":{"@id":"https:\/\/www.waterskis.lv\/en\/#\/schema\/logo\/image\/"},"sameAs":["https:\/\/www.facebook.com\/jurmalawaterskiwakeboardpark\/"]}]}},"_links":{"self":[{"href":"https:\/\/www.waterskis.lv\/en\/wp-json\/wp\/v2\/product\/37530","targetHints":{"allow":["GET"]}}],"collection":[{"href":"https:\/\/www.waterskis.lv\/en\/wp-json\/wp\/v2\/product"}],"about":[{"href":"https:\/\/www.waterskis.lv\/en\/wp-json\/wp\/v2\/types\/product"}],"replies":[{"embeddable":true,"href":"https:\/\/www.waterskis.lv\/en\/wp-json\/wp\/v2\/comments?post=37530"}],"wp:featuredmedia":[{"embeddable":true,"href":"https:\/\/www.waterskis.lv\/en\/wp-json\/wp\/v2\/media\/33681"}],"wp:attachment":[{"href":"https:\/\/www.waterskis.lv\/en\/wp-json\/wp\/v2\/media?parent=37530"}],"wp:term":[{"taxonomy":"product_brand","embeddable":true,"href":"https:\/\/www.waterskis.lv\/en\/wp-json\/wp\/v2\/product_brand?post=37530"},{"taxonomy":"product_cat","embeddable":true,"href":"https:\/\/www.waterskis.lv\/en\/wp-json\/wp\/v2\/product_cat?post=37530"},{"taxonomy":"product_tag","embeddable":true,"href":"https:\/\/www.waterskis.lv\/en\/wp-json\/wp\/v2\/product_tag?post=37530"}],"curies":[{"name":"wp","href":"https:\/\/api.w.org\/{rel}","templated":true}]}}