{"id":37618,"date":"2022-01-06T16:49:41","date_gmt":"2022-01-06T13:49:41","guid":{"rendered":"https:\/\/www.waterskis.lv\/products\/karogu-turetajs-pie-stabiem-street-baner\/"},"modified":"2022-03-02T20:28:15","modified_gmt":"2022-03-02T17:28:15","slug":"flag-holder-at-the-poles-street-baner","status":"publish","type":"product","link":"https:\/\/www.waterskis.lv\/en\/product\/flag-holder-at-the-poles-street-baner\/","title":{"rendered":"Flag holder at the poles &#8211; Street Baner"},"content":{"rendered":"<p>Flag holder at the poles &#8211; Street Baner<\/p>\n<p>Flag holder at the poles &#8211; Street Baner<\/p>\n<p>The set includes:<\/p>\n<p>2 pcs. flagpole bars<br \/>\n2 pcs. fasteners<br \/>\n4 pcs. metal lashing straps for securing fastenings to a lighting pole<br \/>\nWe also offer to make flags according to the dimensions of these fasteners, contact us separately by writing to info@waterskis.lv<\/p>\n","protected":false},"excerpt":{"rendered":"<p>Flag holder at the poles &#8211; Street Baner Flag holder at the poles &#8211; Street Baner The set includes: 2 pcs. flagpole bars 2 pcs. fasteners 4 pcs. metal lashing straps for securing fastenings to a lighting pole We also offer to make flags according to the dimensions of these fasteners, contact us separately by [&#8230;]<\/p>\n<p><a class=\"btn btn-secondary understrap-read-more-link\" href=\"https:\/\/www.waterskis.lv\/en\/product\/flag-holder-at-the-poles-street-baner\/\">Read More&#8230;<\/a><\/p>\n","protected":false},"featured_media":33990,"comment_status":"closed","ping_status":"closed","template":"","meta":{"_acf_changed":false,"inline_featured_image":false},"product_brand":[],"product_cat":[1051],"product_tag":[],"class_list":{"0":"post-37618","1":"product","2":"type-product","3":"status-publish","4":"has-post-thumbnail","6":"product_cat-balance-boards-longboards","8":"first","9":"instock","10":"shipping-taxable","11":"purchasable","12":"product-type-simple"},"acf":[],"yoast_head":"<!-- This site is optimized with the Yoast SEO plugin v27.3 - https:\/\/yoast.com\/product\/yoast-seo-wordpress\/ -->\n<title>Flag holder at the poles - Street Baner - WATERSKIS.LV<\/title>\n<meta name=\"description\" content=\"Flag holder at the poles - Street Baner The set includes: 2 pcs. flagpole bars 2 pcs. fasteners 4 pcs. metal lashing straps for securing fastenings to a lighting pole We also offer to make flags according to the dimensions of these fasteners, contact us separately by writing to info@waterskis.lv\" \/>\n<meta name=\"robots\" content=\"index, follow, max-snippet:-1, max-image-preview:large, max-video-preview:-1\" \/>\n<link rel=\"canonical\" href=\"https:\/\/www.waterskis.lv\/en\/product\/flag-holder-at-the-poles-street-baner\/\" \/>\n<meta property=\"og:locale\" content=\"en_US\" \/>\n<meta property=\"og:type\" content=\"article\" \/>\n<meta property=\"og:title\" content=\"Flag holder at the poles - Street Baner - WATERSKIS.LV\" \/>\n<meta property=\"og:description\" content=\"Flag holder at the poles - Street Baner The set includes: 2 pcs. flagpole bars 2 pcs. fasteners 4 pcs. metal lashing straps for securing fastenings to a lighting pole We also offer to make flags according to the dimensions of these fasteners, contact us separately by writing to info@waterskis.lv\" \/>\n<meta property=\"og:url\" content=\"https:\/\/www.waterskis.lv\/en\/product\/flag-holder-at-the-poles-street-baner\/\" \/>\n<meta property=\"og:site_name\" content=\"WATERSKIS.LV\" \/>\n<meta property=\"article:publisher\" content=\"https:\/\/www.facebook.com\/jurmalawaterskiwakeboardpark\/\" \/>\n<meta property=\"article:modified_time\" content=\"2022-03-02T17:28:15+00:00\" \/>\n<meta property=\"og:image\" content=\"https:\/\/www.waterskis.lv\/wp-content\/uploads\/2022\/01\/Turetajs.jpg\" \/>\n\t<meta property=\"og:image:width\" content=\"675\" \/>\n\t<meta property=\"og:image:height\" content=\"900\" \/>\n\t<meta property=\"og:image:type\" content=\"image\/jpeg\" \/>\n<meta name=\"twitter:card\" content=\"summary_large_image\" \/>\n<meta name=\"twitter:label1\" content=\"Est. reading time\" \/>\n\t<meta name=\"twitter:data1\" content=\"1 minute\" \/>\n<script type=\"application\/ld+json\" class=\"yoast-schema-graph\">{\"@context\":\"https:\\\/\\\/schema.org\",\"@graph\":[{\"@type\":\"WebPage\",\"@id\":\"https:\\\/\\\/www.waterskis.lv\\\/en\\\/product\\\/flag-holder-at-the-poles-street-baner\\\/\",\"url\":\"https:\\\/\\\/www.waterskis.lv\\\/en\\\/product\\\/flag-holder-at-the-poles-street-baner\\\/\",\"name\":\"Flag holder at the poles - Street Baner - WATERSKIS.LV\",\"isPartOf\":{\"@id\":\"https:\\\/\\\/www.waterskis.lv\\\/en\\\/#website\"},\"primaryImageOfPage\":{\"@id\":\"https:\\\/\\\/www.waterskis.lv\\\/en\\\/product\\\/flag-holder-at-the-poles-street-baner\\\/#primaryimage\"},\"image\":{\"@id\":\"https:\\\/\\\/www.waterskis.lv\\\/en\\\/product\\\/flag-holder-at-the-poles-street-baner\\\/#primaryimage\"},\"thumbnailUrl\":\"https:\\\/\\\/www.waterskis.lv\\\/wp-content\\\/uploads\\\/2022\\\/01\\\/Turetajs.jpg\",\"datePublished\":\"2022-01-06T13:49:41+00:00\",\"dateModified\":\"2022-03-02T17:28:15+00:00\",\"description\":\"Flag holder at the poles - Street Baner The set includes: 2 pcs. flagpole bars 2 pcs. fasteners 4 pcs. metal lashing straps for securing fastenings to a lighting pole We also offer to make flags according to the dimensions of these fasteners, contact us separately by writing to info@waterskis.lv\",\"breadcrumb\":{\"@id\":\"https:\\\/\\\/www.waterskis.lv\\\/en\\\/product\\\/flag-holder-at-the-poles-street-baner\\\/#breadcrumb\"},\"inLanguage\":\"en-US\",\"potentialAction\":[{\"@type\":\"ReadAction\",\"target\":[\"https:\\\/\\\/www.waterskis.lv\\\/en\\\/product\\\/flag-holder-at-the-poles-street-baner\\\/\"]}]},{\"@type\":\"ImageObject\",\"inLanguage\":\"en-US\",\"@id\":\"https:\\\/\\\/www.waterskis.lv\\\/en\\\/product\\\/flag-holder-at-the-poles-street-baner\\\/#primaryimage\",\"url\":\"https:\\\/\\\/www.waterskis.lv\\\/wp-content\\\/uploads\\\/2022\\\/01\\\/Turetajs.jpg\",\"contentUrl\":\"https:\\\/\\\/www.waterskis.lv\\\/wp-content\\\/uploads\\\/2022\\\/01\\\/Turetajs.jpg\",\"width\":675,\"height\":900,\"caption\":\"Flag holder at the poles - Street Baner\"},{\"@type\":\"BreadcrumbList\",\"@id\":\"https:\\\/\\\/www.waterskis.lv\\\/en\\\/product\\\/flag-holder-at-the-poles-street-baner\\\/#breadcrumb\",\"itemListElement\":[{\"@type\":\"ListItem\",\"position\":1,\"name\":\"Home\",\"item\":\"https:\\\/\\\/www.waterskis.lv\\\/en\\\/\"},{\"@type\":\"ListItem\",\"position\":2,\"name\":\"Shop\",\"item\":\"https:\\\/\\\/waterskis.lv\\\/en\\\/shop\\\/\"},{\"@type\":\"ListItem\",\"position\":3,\"name\":\"Flag holder at the poles &#8211; Street Baner\"}]},{\"@type\":\"WebSite\",\"@id\":\"https:\\\/\\\/www.waterskis.lv\\\/en\\\/#website\",\"url\":\"https:\\\/\\\/www.waterskis.lv\\\/en\\\/\",\"name\":\"WATERSKIS.LV\",\"description\":\"SUP d\u0113\u013ci, kajaki, kanoe, airu laivas, \u016bdenssl\u0113po\u0161ana, veikbords, SUP d\u0113\u013cu noma, kajaku nomaakt\u012bv\u0101s atp\u016btas centrs, laivu noma, sup noma, kajaku noma\",\"publisher\":{\"@id\":\"https:\\\/\\\/www.waterskis.lv\\\/en\\\/#organization\"},\"potentialAction\":[{\"@type\":\"SearchAction\",\"target\":{\"@type\":\"EntryPoint\",\"urlTemplate\":\"https:\\\/\\\/www.waterskis.lv\\\/en\\\/?s={search_term_string}\"},\"query-input\":{\"@type\":\"PropertyValueSpecification\",\"valueRequired\":true,\"valueName\":\"search_term_string\"}}],\"inLanguage\":\"en-US\"},{\"@type\":\"Organization\",\"@id\":\"https:\\\/\\\/www.waterskis.lv\\\/en\\\/#organization\",\"name\":\"WATERSKIS.LV\",\"url\":\"https:\\\/\\\/www.waterskis.lv\\\/en\\\/\",\"logo\":{\"@type\":\"ImageObject\",\"inLanguage\":\"en-US\",\"@id\":\"https:\\\/\\\/www.waterskis.lv\\\/en\\\/#\\\/schema\\\/logo\\\/image\\\/\",\"url\":\"https:\\\/\\\/www.waterskis.lv\\\/wp-content\\\/uploads\\\/2025\\\/01\\\/JUVP-logo.png\",\"contentUrl\":\"https:\\\/\\\/www.waterskis.lv\\\/wp-content\\\/uploads\\\/2025\\\/01\\\/JUVP-logo.png\",\"width\":421,\"height\":202,\"caption\":\"WATERSKIS.LV\"},\"image\":{\"@id\":\"https:\\\/\\\/www.waterskis.lv\\\/en\\\/#\\\/schema\\\/logo\\\/image\\\/\"},\"sameAs\":[\"https:\\\/\\\/www.facebook.com\\\/jurmalawaterskiwakeboardpark\\\/\"]}]}<\/script>\n<!-- \/ Yoast SEO plugin. -->","yoast_head_json":{"title":"Flag holder at the poles - Street Baner - WATERSKIS.LV","description":"Flag holder at the poles - Street Baner The set includes: 2 pcs. flagpole bars 2 pcs. fasteners 4 pcs. metal lashing straps for securing fastenings to a lighting pole We also offer to make flags according to the dimensions of these fasteners, contact us separately by writing to info@waterskis.lv","robots":{"index":"index","follow":"follow","max-snippet":"max-snippet:-1","max-image-preview":"max-image-preview:large","max-video-preview":"max-video-preview:-1"},"canonical":"https:\/\/www.waterskis.lv\/en\/product\/flag-holder-at-the-poles-street-baner\/","og_locale":"en_US","og_type":"article","og_title":"Flag holder at the poles - Street Baner - WATERSKIS.LV","og_description":"Flag holder at the poles - Street Baner The set includes: 2 pcs. flagpole bars 2 pcs. fasteners 4 pcs. metal lashing straps for securing fastenings to a lighting pole We also offer to make flags according to the dimensions of these fasteners, contact us separately by writing to info@waterskis.lv","og_url":"https:\/\/www.waterskis.lv\/en\/product\/flag-holder-at-the-poles-street-baner\/","og_site_name":"WATERSKIS.LV","article_publisher":"https:\/\/www.facebook.com\/jurmalawaterskiwakeboardpark\/","article_modified_time":"2022-03-02T17:28:15+00:00","og_image":[{"width":675,"height":900,"url":"https:\/\/www.waterskis.lv\/wp-content\/uploads\/2022\/01\/Turetajs.jpg","type":"image\/jpeg"}],"twitter_card":"summary_large_image","twitter_misc":{"Est. reading time":"1 minute"},"schema":{"@context":"https:\/\/schema.org","@graph":[{"@type":"WebPage","@id":"https:\/\/www.waterskis.lv\/en\/product\/flag-holder-at-the-poles-street-baner\/","url":"https:\/\/www.waterskis.lv\/en\/product\/flag-holder-at-the-poles-street-baner\/","name":"Flag holder at the poles - Street Baner - WATERSKIS.LV","isPartOf":{"@id":"https:\/\/www.waterskis.lv\/en\/#website"},"primaryImageOfPage":{"@id":"https:\/\/www.waterskis.lv\/en\/product\/flag-holder-at-the-poles-street-baner\/#primaryimage"},"image":{"@id":"https:\/\/www.waterskis.lv\/en\/product\/flag-holder-at-the-poles-street-baner\/#primaryimage"},"thumbnailUrl":"https:\/\/www.waterskis.lv\/wp-content\/uploads\/2022\/01\/Turetajs.jpg","datePublished":"2022-01-06T13:49:41+00:00","dateModified":"2022-03-02T17:28:15+00:00","description":"Flag holder at the poles - Street Baner The set includes: 2 pcs. flagpole bars 2 pcs. fasteners 4 pcs. metal lashing straps for securing fastenings to a lighting pole We also offer to make flags according to the dimensions of these fasteners, contact us separately by writing to info@waterskis.lv","breadcrumb":{"@id":"https:\/\/www.waterskis.lv\/en\/product\/flag-holder-at-the-poles-street-baner\/#breadcrumb"},"inLanguage":"en-US","potentialAction":[{"@type":"ReadAction","target":["https:\/\/www.waterskis.lv\/en\/product\/flag-holder-at-the-poles-street-baner\/"]}]},{"@type":"ImageObject","inLanguage":"en-US","@id":"https:\/\/www.waterskis.lv\/en\/product\/flag-holder-at-the-poles-street-baner\/#primaryimage","url":"https:\/\/www.waterskis.lv\/wp-content\/uploads\/2022\/01\/Turetajs.jpg","contentUrl":"https:\/\/www.waterskis.lv\/wp-content\/uploads\/2022\/01\/Turetajs.jpg","width":675,"height":900,"caption":"Flag holder at the poles - Street Baner"},{"@type":"BreadcrumbList","@id":"https:\/\/www.waterskis.lv\/en\/product\/flag-holder-at-the-poles-street-baner\/#breadcrumb","itemListElement":[{"@type":"ListItem","position":1,"name":"Home","item":"https:\/\/www.waterskis.lv\/en\/"},{"@type":"ListItem","position":2,"name":"Shop","item":"https:\/\/waterskis.lv\/en\/shop\/"},{"@type":"ListItem","position":3,"name":"Flag holder at the poles &#8211; Street Baner"}]},{"@type":"WebSite","@id":"https:\/\/www.waterskis.lv\/en\/#website","url":"https:\/\/www.waterskis.lv\/en\/","name":"WATERSKIS.LV","description":"SUP d\u0113\u013ci, kajaki, kanoe, airu laivas, \u016bdenssl\u0113po\u0161ana, veikbords, SUP d\u0113\u013cu noma, kajaku nomaakt\u012bv\u0101s atp\u016btas centrs, laivu noma, sup noma, kajaku noma","publisher":{"@id":"https:\/\/www.waterskis.lv\/en\/#organization"},"potentialAction":[{"@type":"SearchAction","target":{"@type":"EntryPoint","urlTemplate":"https:\/\/www.waterskis.lv\/en\/?s={search_term_string}"},"query-input":{"@type":"PropertyValueSpecification","valueRequired":true,"valueName":"search_term_string"}}],"inLanguage":"en-US"},{"@type":"Organization","@id":"https:\/\/www.waterskis.lv\/en\/#organization","name":"WATERSKIS.LV","url":"https:\/\/www.waterskis.lv\/en\/","logo":{"@type":"ImageObject","inLanguage":"en-US","@id":"https:\/\/www.waterskis.lv\/en\/#\/schema\/logo\/image\/","url":"https:\/\/www.waterskis.lv\/wp-content\/uploads\/2025\/01\/JUVP-logo.png","contentUrl":"https:\/\/www.waterskis.lv\/wp-content\/uploads\/2025\/01\/JUVP-logo.png","width":421,"height":202,"caption":"WATERSKIS.LV"},"image":{"@id":"https:\/\/www.waterskis.lv\/en\/#\/schema\/logo\/image\/"},"sameAs":["https:\/\/www.facebook.com\/jurmalawaterskiwakeboardpark\/"]}]}},"_links":{"self":[{"href":"https:\/\/www.waterskis.lv\/en\/wp-json\/wp\/v2\/product\/37618","targetHints":{"allow":["GET"]}}],"collection":[{"href":"https:\/\/www.waterskis.lv\/en\/wp-json\/wp\/v2\/product"}],"about":[{"href":"https:\/\/www.waterskis.lv\/en\/wp-json\/wp\/v2\/types\/product"}],"replies":[{"embeddable":true,"href":"https:\/\/www.waterskis.lv\/en\/wp-json\/wp\/v2\/comments?post=37618"}],"wp:featuredmedia":[{"embeddable":true,"href":"https:\/\/www.waterskis.lv\/en\/wp-json\/wp\/v2\/media\/33990"}],"wp:attachment":[{"href":"https:\/\/www.waterskis.lv\/en\/wp-json\/wp\/v2\/media?parent=37618"}],"wp:term":[{"taxonomy":"product_brand","embeddable":true,"href":"https:\/\/www.waterskis.lv\/en\/wp-json\/wp\/v2\/product_brand?post=37618"},{"taxonomy":"product_cat","embeddable":true,"href":"https:\/\/www.waterskis.lv\/en\/wp-json\/wp\/v2\/product_cat?post=37618"},{"taxonomy":"product_tag","embeddable":true,"href":"https:\/\/www.waterskis.lv\/en\/wp-json\/wp\/v2\/product_tag?post=37618"}],"curies":[{"name":"wp","href":"https:\/\/api.w.org\/{rel}","templated":true}]}}