{"id":37748,"date":"2022-01-31T14:40:58","date_gmt":"2022-01-31T11:40:58","guid":{"rendered":"https:\/\/www.waterskis.lv\/products\/veikserfa-virve-proline-20-t-bar\/"},"modified":"2026-01-30T11:55:20","modified_gmt":"2026-01-30T09:55:20","slug":"proline-20-t-bar-wakesurf-package","status":"publish","type":"product","link":"https:\/\/www.waterskis.lv\/en\/product\/proline-20-t-bar-wakesurf-package\/","title":{"rendered":"PROLINE 20&#8242; T-BAR WAKESURF PACKAGE"},"content":{"rendered":"<h1>PROLINE 20&#8242; T-BAR WAKESURF PACKAGE<\/h1>\n<p>Color: Cyan, Grey<\/p>\n<p><em>20&#8242; 6\u201d EVA T-BAR w\/ 3-3&#8242; SECTIONS<\/em><\/p>\n<ul>\n<li>6\u201d Hexagon EVA grip with center eyelet<\/li>\n<li>Large spiral rope braid with durable Poly-E main<\/li>\n<li>Soft end caps for increased safety<\/li>\n<li>Floating handle for improved safety and visibility<\/li>\n<\/ul>\n<p>A lot of other brands claim their products are buoyant \u2013 so what exactly makes Proline\u2019s floating technology superior? The answer is simple. All of our ropes and handles are infused with closed cell foam technology to keep our gear 100% buoyant at all times. In comparison, some of our competitors claim their ropes are neutrally buoyant, which means they neither float or sink, but over time they can dip below the waterline which is potentially hazardous. So why risk your friends and family\u2019s safety out on the water? Always select a rope and handle that is guaranteed to float \u2013 choose Proline as your #1 water sport accessory brand.<\/p>\n<p>PROLINE 20&#8242; T-BAR WAKESURF PACKAGE<\/p>\n","protected":false},"excerpt":{"rendered":"<p>PROLINE 20&#8242; T-BAR WAKESURF PACKAGE Color: Cyan, Grey 20&#8242; 6\u201d EVA T-BAR w\/ 3-3&#8242; SECTIONS 6\u201d Hexagon EVA grip with center eyelet Large spiral rope braid with durable Poly-E main Soft end caps for increased safety Floating handle for improved safety and visibility A lot of other brands claim their products are buoyant \u2013 so [&#8230;]<\/p>\n<p><a class=\"btn btn-secondary understrap-read-more-link\" href=\"https:\/\/www.waterskis.lv\/en\/product\/proline-20-t-bar-wakesurf-package\/\">Read More&#8230;<\/a><\/p>\n","protected":false},"featured_media":35849,"comment_status":"closed","ping_status":"closed","template":"","meta":{"_acf_changed":false,"inline_featured_image":false},"product_brand":[2631],"product_cat":[961,963],"product_tag":[3059],"class_list":{"0":"post-37748","1":"product","2":"type-product","3":"status-publish","4":"has-post-thumbnail","6":"product_brand-proline","7":"product_cat-wakesurf","8":"product_cat-wakesurf-handles-lines","9":"product_tag-wakesurf-rope","11":"first","12":"instock","13":"shipping-taxable","14":"purchasable","15":"product-type-simple"},"acf":[],"yoast_head":"<!-- This site is optimized with the Yoast SEO plugin v27.5 - https:\/\/yoast.com\/product\/yoast-seo-wordpress\/ -->\n<title>PROLINE 20&#039; T-BAR WAKESURF PACKAGE - WATERSKIS.LV<\/title>\n<meta name=\"description\" content=\"PROLINE 20&#039; T-BAR WAKESURF PACKAGE. 6\u201d Hexagon EVA grip with center eyelet. Large spiral rope braid with durable Poly-E main\" \/>\n<meta name=\"robots\" content=\"index, follow, max-snippet:-1, max-image-preview:large, max-video-preview:-1\" \/>\n<link rel=\"canonical\" href=\"https:\/\/www.waterskis.lv\/en\/product\/proline-20-t-bar-wakesurf-package\/\" \/>\n<meta property=\"og:locale\" content=\"en_US\" \/>\n<meta property=\"og:type\" content=\"article\" \/>\n<meta property=\"og:title\" content=\"PROLINE 20&#039; T-BAR WAKESURF PACKAGE - WATERSKIS.LV\" \/>\n<meta property=\"og:description\" content=\"PROLINE 20&#039; T-BAR WAKESURF PACKAGE. 6\u201d Hexagon EVA grip with center eyelet. Large spiral rope braid with durable Poly-E main\" \/>\n<meta property=\"og:url\" content=\"https:\/\/www.waterskis.lv\/en\/product\/proline-20-t-bar-wakesurf-package\/\" \/>\n<meta property=\"og:site_name\" content=\"WATERSKIS.LV\" \/>\n<meta property=\"article:publisher\" content=\"https:\/\/www.facebook.com\/jurmalawaterskiwakeboardpark\/\" \/>\n<meta property=\"article:modified_time\" content=\"2026-01-30T09:55:20+00:00\" \/>\n<meta property=\"og:image\" content=\"https:\/\/www.waterskis.lv\/wp-content\/uploads\/2022\/01\/TBarSurfCyan_1800x1800.jpg\" \/>\n\t<meta property=\"og:image:width\" content=\"640\" \/>\n\t<meta property=\"og:image:height\" content=\"640\" \/>\n\t<meta property=\"og:image:type\" content=\"image\/jpeg\" \/>\n<meta name=\"twitter:card\" content=\"summary_large_image\" \/>\n<meta name=\"twitter:label1\" content=\"Est. reading time\" \/>\n\t<meta name=\"twitter:data1\" content=\"2 minutes\" \/>\n<script type=\"application\/ld+json\" class=\"yoast-schema-graph\">{\"@context\":\"https:\\\/\\\/schema.org\",\"@graph\":[{\"@type\":\"WebPage\",\"@id\":\"https:\\\/\\\/www.waterskis.lv\\\/en\\\/product\\\/proline-20-t-bar-wakesurf-package\\\/\",\"url\":\"https:\\\/\\\/www.waterskis.lv\\\/en\\\/product\\\/proline-20-t-bar-wakesurf-package\\\/\",\"name\":\"PROLINE 20' T-BAR WAKESURF PACKAGE - WATERSKIS.LV\",\"isPartOf\":{\"@id\":\"https:\\\/\\\/www.waterskis.lv\\\/en\\\/#website\"},\"primaryImageOfPage\":{\"@id\":\"https:\\\/\\\/www.waterskis.lv\\\/en\\\/product\\\/proline-20-t-bar-wakesurf-package\\\/#primaryimage\"},\"image\":{\"@id\":\"https:\\\/\\\/www.waterskis.lv\\\/en\\\/product\\\/proline-20-t-bar-wakesurf-package\\\/#primaryimage\"},\"thumbnailUrl\":\"https:\\\/\\\/www.waterskis.lv\\\/wp-content\\\/uploads\\\/2022\\\/01\\\/TBarSurfCyan_1800x1800.jpg\",\"datePublished\":\"2022-01-31T11:40:58+00:00\",\"dateModified\":\"2026-01-30T09:55:20+00:00\",\"description\":\"PROLINE 20' T-BAR WAKESURF PACKAGE. 6\u201d Hexagon EVA grip with center eyelet. Large spiral rope braid with durable Poly-E main\",\"breadcrumb\":{\"@id\":\"https:\\\/\\\/www.waterskis.lv\\\/en\\\/product\\\/proline-20-t-bar-wakesurf-package\\\/#breadcrumb\"},\"inLanguage\":\"en-US\",\"potentialAction\":[{\"@type\":\"ReadAction\",\"target\":[\"https:\\\/\\\/www.waterskis.lv\\\/en\\\/product\\\/proline-20-t-bar-wakesurf-package\\\/\"]}]},{\"@type\":\"ImageObject\",\"inLanguage\":\"en-US\",\"@id\":\"https:\\\/\\\/www.waterskis.lv\\\/en\\\/product\\\/proline-20-t-bar-wakesurf-package\\\/#primaryimage\",\"url\":\"https:\\\/\\\/www.waterskis.lv\\\/wp-content\\\/uploads\\\/2022\\\/01\\\/TBarSurfCyan_1800x1800.jpg\",\"contentUrl\":\"https:\\\/\\\/www.waterskis.lv\\\/wp-content\\\/uploads\\\/2022\\\/01\\\/TBarSurfCyan_1800x1800.jpg\",\"width\":640,\"height\":640,\"caption\":\"PROLINE 20' T-BAR WAKESURF PACKAGE\"},{\"@type\":\"BreadcrumbList\",\"@id\":\"https:\\\/\\\/www.waterskis.lv\\\/en\\\/product\\\/proline-20-t-bar-wakesurf-package\\\/#breadcrumb\",\"itemListElement\":[{\"@type\":\"ListItem\",\"position\":1,\"name\":\"Home\",\"item\":\"https:\\\/\\\/www.waterskis.lv\\\/en\\\/\"},{\"@type\":\"ListItem\",\"position\":2,\"name\":\"Shop\",\"item\":\"https:\\\/\\\/waterskis.lv\\\/en\\\/shop\\\/\"},{\"@type\":\"ListItem\",\"position\":3,\"name\":\"PROLINE 20&#8242; T-BAR WAKESURF PACKAGE\"}]},{\"@type\":\"WebSite\",\"@id\":\"https:\\\/\\\/www.waterskis.lv\\\/en\\\/#website\",\"url\":\"https:\\\/\\\/www.waterskis.lv\\\/en\\\/\",\"name\":\"WATERSKIS.LV\",\"description\":\"SUP d\u0113\u013ci, kajaki, kanoe, airu laivas, \u016bdenssl\u0113po\u0161ana, veikbords, SUP d\u0113\u013cu noma, kajaku nomaakt\u012bv\u0101s atp\u016btas centrs, laivu noma, sup noma, kajaku noma\",\"publisher\":{\"@id\":\"https:\\\/\\\/www.waterskis.lv\\\/en\\\/#organization\"},\"potentialAction\":[{\"@type\":\"SearchAction\",\"target\":{\"@type\":\"EntryPoint\",\"urlTemplate\":\"https:\\\/\\\/www.waterskis.lv\\\/en\\\/?s={search_term_string}\"},\"query-input\":{\"@type\":\"PropertyValueSpecification\",\"valueRequired\":true,\"valueName\":\"search_term_string\"}}],\"inLanguage\":\"en-US\"},{\"@type\":\"Organization\",\"@id\":\"https:\\\/\\\/www.waterskis.lv\\\/en\\\/#organization\",\"name\":\"WATERSKIS.LV\",\"url\":\"https:\\\/\\\/www.waterskis.lv\\\/en\\\/\",\"logo\":{\"@type\":\"ImageObject\",\"inLanguage\":\"en-US\",\"@id\":\"https:\\\/\\\/www.waterskis.lv\\\/en\\\/#\\\/schema\\\/logo\\\/image\\\/\",\"url\":\"https:\\\/\\\/www.waterskis.lv\\\/wp-content\\\/uploads\\\/2025\\\/01\\\/JUVP-logo.png\",\"contentUrl\":\"https:\\\/\\\/www.waterskis.lv\\\/wp-content\\\/uploads\\\/2025\\\/01\\\/JUVP-logo.png\",\"width\":421,\"height\":202,\"caption\":\"WATERSKIS.LV\"},\"image\":{\"@id\":\"https:\\\/\\\/www.waterskis.lv\\\/en\\\/#\\\/schema\\\/logo\\\/image\\\/\"},\"sameAs\":[\"https:\\\/\\\/www.facebook.com\\\/jurmalawaterskiwakeboardpark\\\/\"]}]}<\/script>\n<!-- \/ Yoast SEO plugin. -->","yoast_head_json":{"title":"PROLINE 20' T-BAR WAKESURF PACKAGE - WATERSKIS.LV","description":"PROLINE 20' T-BAR WAKESURF PACKAGE. 6\u201d Hexagon EVA grip with center eyelet. Large spiral rope braid with durable Poly-E main","robots":{"index":"index","follow":"follow","max-snippet":"max-snippet:-1","max-image-preview":"max-image-preview:large","max-video-preview":"max-video-preview:-1"},"canonical":"https:\/\/www.waterskis.lv\/en\/product\/proline-20-t-bar-wakesurf-package\/","og_locale":"en_US","og_type":"article","og_title":"PROLINE 20' T-BAR WAKESURF PACKAGE - WATERSKIS.LV","og_description":"PROLINE 20' T-BAR WAKESURF PACKAGE. 6\u201d Hexagon EVA grip with center eyelet. Large spiral rope braid with durable Poly-E main","og_url":"https:\/\/www.waterskis.lv\/en\/product\/proline-20-t-bar-wakesurf-package\/","og_site_name":"WATERSKIS.LV","article_publisher":"https:\/\/www.facebook.com\/jurmalawaterskiwakeboardpark\/","article_modified_time":"2026-01-30T09:55:20+00:00","og_image":[{"width":640,"height":640,"url":"https:\/\/www.waterskis.lv\/wp-content\/uploads\/2022\/01\/TBarSurfCyan_1800x1800.jpg","type":"image\/jpeg"}],"twitter_card":"summary_large_image","twitter_misc":{"Est. reading time":"2 minutes"},"schema":{"@context":"https:\/\/schema.org","@graph":[{"@type":"WebPage","@id":"https:\/\/www.waterskis.lv\/en\/product\/proline-20-t-bar-wakesurf-package\/","url":"https:\/\/www.waterskis.lv\/en\/product\/proline-20-t-bar-wakesurf-package\/","name":"PROLINE 20' T-BAR WAKESURF PACKAGE - WATERSKIS.LV","isPartOf":{"@id":"https:\/\/www.waterskis.lv\/en\/#website"},"primaryImageOfPage":{"@id":"https:\/\/www.waterskis.lv\/en\/product\/proline-20-t-bar-wakesurf-package\/#primaryimage"},"image":{"@id":"https:\/\/www.waterskis.lv\/en\/product\/proline-20-t-bar-wakesurf-package\/#primaryimage"},"thumbnailUrl":"https:\/\/www.waterskis.lv\/wp-content\/uploads\/2022\/01\/TBarSurfCyan_1800x1800.jpg","datePublished":"2022-01-31T11:40:58+00:00","dateModified":"2026-01-30T09:55:20+00:00","description":"PROLINE 20' T-BAR WAKESURF PACKAGE. 6\u201d Hexagon EVA grip with center eyelet. Large spiral rope braid with durable Poly-E main","breadcrumb":{"@id":"https:\/\/www.waterskis.lv\/en\/product\/proline-20-t-bar-wakesurf-package\/#breadcrumb"},"inLanguage":"en-US","potentialAction":[{"@type":"ReadAction","target":["https:\/\/www.waterskis.lv\/en\/product\/proline-20-t-bar-wakesurf-package\/"]}]},{"@type":"ImageObject","inLanguage":"en-US","@id":"https:\/\/www.waterskis.lv\/en\/product\/proline-20-t-bar-wakesurf-package\/#primaryimage","url":"https:\/\/www.waterskis.lv\/wp-content\/uploads\/2022\/01\/TBarSurfCyan_1800x1800.jpg","contentUrl":"https:\/\/www.waterskis.lv\/wp-content\/uploads\/2022\/01\/TBarSurfCyan_1800x1800.jpg","width":640,"height":640,"caption":"PROLINE 20' T-BAR WAKESURF PACKAGE"},{"@type":"BreadcrumbList","@id":"https:\/\/www.waterskis.lv\/en\/product\/proline-20-t-bar-wakesurf-package\/#breadcrumb","itemListElement":[{"@type":"ListItem","position":1,"name":"Home","item":"https:\/\/www.waterskis.lv\/en\/"},{"@type":"ListItem","position":2,"name":"Shop","item":"https:\/\/waterskis.lv\/en\/shop\/"},{"@type":"ListItem","position":3,"name":"PROLINE 20&#8242; T-BAR WAKESURF PACKAGE"}]},{"@type":"WebSite","@id":"https:\/\/www.waterskis.lv\/en\/#website","url":"https:\/\/www.waterskis.lv\/en\/","name":"WATERSKIS.LV","description":"SUP d\u0113\u013ci, kajaki, kanoe, airu laivas, \u016bdenssl\u0113po\u0161ana, veikbords, SUP d\u0113\u013cu noma, kajaku nomaakt\u012bv\u0101s atp\u016btas centrs, laivu noma, sup noma, kajaku noma","publisher":{"@id":"https:\/\/www.waterskis.lv\/en\/#organization"},"potentialAction":[{"@type":"SearchAction","target":{"@type":"EntryPoint","urlTemplate":"https:\/\/www.waterskis.lv\/en\/?s={search_term_string}"},"query-input":{"@type":"PropertyValueSpecification","valueRequired":true,"valueName":"search_term_string"}}],"inLanguage":"en-US"},{"@type":"Organization","@id":"https:\/\/www.waterskis.lv\/en\/#organization","name":"WATERSKIS.LV","url":"https:\/\/www.waterskis.lv\/en\/","logo":{"@type":"ImageObject","inLanguage":"en-US","@id":"https:\/\/www.waterskis.lv\/en\/#\/schema\/logo\/image\/","url":"https:\/\/www.waterskis.lv\/wp-content\/uploads\/2025\/01\/JUVP-logo.png","contentUrl":"https:\/\/www.waterskis.lv\/wp-content\/uploads\/2025\/01\/JUVP-logo.png","width":421,"height":202,"caption":"WATERSKIS.LV"},"image":{"@id":"https:\/\/www.waterskis.lv\/en\/#\/schema\/logo\/image\/"},"sameAs":["https:\/\/www.facebook.com\/jurmalawaterskiwakeboardpark\/"]}]}},"_links":{"self":[{"href":"https:\/\/www.waterskis.lv\/en\/wp-json\/wp\/v2\/product\/37748","targetHints":{"allow":["GET"]}}],"collection":[{"href":"https:\/\/www.waterskis.lv\/en\/wp-json\/wp\/v2\/product"}],"about":[{"href":"https:\/\/www.waterskis.lv\/en\/wp-json\/wp\/v2\/types\/product"}],"replies":[{"embeddable":true,"href":"https:\/\/www.waterskis.lv\/en\/wp-json\/wp\/v2\/comments?post=37748"}],"wp:featuredmedia":[{"embeddable":true,"href":"https:\/\/www.waterskis.lv\/en\/wp-json\/wp\/v2\/media\/35849"}],"wp:attachment":[{"href":"https:\/\/www.waterskis.lv\/en\/wp-json\/wp\/v2\/media?parent=37748"}],"wp:term":[{"taxonomy":"product_brand","embeddable":true,"href":"https:\/\/www.waterskis.lv\/en\/wp-json\/wp\/v2\/product_brand?post=37748"},{"taxonomy":"product_cat","embeddable":true,"href":"https:\/\/www.waterskis.lv\/en\/wp-json\/wp\/v2\/product_cat?post=37748"},{"taxonomy":"product_tag","embeddable":true,"href":"https:\/\/www.waterskis.lv\/en\/wp-json\/wp\/v2\/product_tag?post=37748"}],"curies":[{"name":"wp","href":"https:\/\/api.w.org\/{rel}","templated":true}]}}