{"id":37778,"date":"2022-01-08T16:30:14","date_gmt":"2022-03-07T11:14:27","guid":{"rendered":"https:\/\/www.waterskis.lv\/?post_type=product&#038;p=37778"},"modified":"2022-03-07T14:14:28","modified_gmt":"2022-03-07T11:14:28","slug":"dulkan-325","status":"publish","type":"product","link":"https:\/\/www.waterskis.lv\/en\/product\/dulkan-325\/","title":{"rendered":"Dulkan 325"},"content":{"rendered":"<p>Dulkan 325<\/p>\n<p>Rapid contours, sharp prow, and increased bottom deadrise of boats DULKAN 325 provide them with high-speed performance, excellent throughput in ponds overgrown with reeds, excellent manoeuvrability and handling, which in combination makes it ideal for admirers of high-speed, hunting, fishing and water activities . Rubbing strake protects sides from abrasion. Rails with sliding seats allow them to move easily across the entire working area. The deck is made of waterproof plywood reinforced with stringers. Once assembled, the boat fits in two bags, which can be easily placed in the car trunk.<\/p>\n<table class=\"table\">\n<tbody>\n<tr>\n<th>LENGTH, M<\/th>\n<td>3.25<\/td>\n<\/tr>\n<tr>\n<th>WIDTH, M<\/th>\n<td>1.54<\/td>\n<\/tr>\n<tr>\n<th>INSIDE LENGTH, M<\/th>\n<td>2.30<\/td>\n<\/tr>\n<tr>\n<th>INSIDE WIDTH, M<\/th>\n<td>0.70<\/td>\n<\/tr>\n<tr>\n<th>BALLOON`S DIAMETER, M<\/th>\n<td>0.42<\/td>\n<\/tr>\n<tr>\n<th>NUMBER OF PEOPLE<\/th>\n<td>4<\/td>\n<\/tr>\n<tr>\n<th>NUMBER OF COLLECTORS<\/th>\n<td>3+KEEL<\/td>\n<\/tr>\n<tr>\n<th>TONNAGE, KG<\/th>\n<td>500<\/td>\n<\/tr>\n<tr>\n<th>SET WEIGHT, KG<\/th>\n<td>57<\/td>\n<\/tr>\n<tr>\n<th>MOTOR ENGINE KW\/HP<\/th>\n<td>11\/15<\/td>\n<\/tr>\n<tr>\n<th>BOAT DESIGN CATEGORY<\/th>\n<td>C<\/td>\n<\/tr>\n<tr>\n<th>HEIGHT OF TRANSOM<\/th>\n<td>S\/L<\/td>\n<\/tr>\n<tr>\n<th>MATERIAL PVC (BALLONS)<\/th>\n<td>VALMEX 7318, 1000 g\/m\u00b2<\/td>\n<\/tr>\n<tr>\n<th>MATERIAL PVC (BOTTOM)<\/th>\n<td>VALMEX 7330, 1200 g\/m\u00b2<\/td>\n<\/tr>\n<tr>\n<th>PACKAGE DIMENSIONS<\/th>\n<td>Boat: 1.15\u00d70.45\u00d70.40<\/td>\n<\/tr>\n<tr>\n<th>PACKAGE DIMENSIONS<\/th>\n<td>Paul: 0.73\u00d70.67\u00d70.07<\/td>\n<\/tr>\n<tr>\n<th>FLOOR TYPE<\/th>\n<td>Full rigid desk (Payol)<\/td>\n<\/tr>\n<\/tbody>\n<\/table>\n<p>Dulkan 325<\/p>\n","protected":false},"excerpt":{"rendered":"<p>Dulkan 325 Rapid contours, sharp prow, and increased bottom deadrise of boats DULKAN 325 provide them with high-speed performance, excellent throughput in ponds overgrown with reeds, excellent manoeuvrability and handling, which in combination makes it ideal for admirers of high-speed, hunting, fishing and water activities . Rubbing strake protects sides from abrasion. Rails with sliding [&#8230;]<\/p>\n<p><a class=\"btn btn-secondary understrap-read-more-link\" href=\"https:\/\/www.waterskis.lv\/en\/product\/dulkan-325\/\">Read More&#8230;<\/a><\/p>\n","protected":false},"featured_media":34238,"comment_status":"closed","ping_status":"closed","template":"","meta":{"_acf_changed":false,"inline_featured_image":false},"product_brand":[],"product_cat":[571],"product_tag":[],"class_list":{"0":"post-37778","1":"product","2":"type-product","3":"status-publish","4":"has-post-thumbnail","6":"product_cat-boats","8":"first","9":"instock","10":"shipping-taxable","11":"purchasable","12":"product-type-simple"},"acf":[],"yoast_head":"<!-- This site is optimized with the Yoast SEO plugin v27.3 - https:\/\/yoast.com\/product\/yoast-seo-wordpress\/ -->\n<title>Dulkan 325 - WATERSKIS.LV<\/title>\n<meta name=\"description\" content=\"Dulkan 325. Waterskis.lv - established manufacturers, high quality, good prices. Boat rental and more in Jurmala\" \/>\n<meta name=\"robots\" content=\"index, follow, max-snippet:-1, max-image-preview:large, max-video-preview:-1\" \/>\n<link rel=\"canonical\" href=\"https:\/\/www.waterskis.lv\/en\/product\/dulkan-325\/\" \/>\n<meta property=\"og:locale\" content=\"en_US\" \/>\n<meta property=\"og:type\" content=\"article\" \/>\n<meta property=\"og:title\" content=\"Dulkan 325 - WATERSKIS.LV\" \/>\n<meta property=\"og:description\" content=\"Dulkan 325. Waterskis.lv - established manufacturers, high quality, good prices. Boat rental and more in Jurmala\" \/>\n<meta property=\"og:url\" content=\"https:\/\/www.waterskis.lv\/en\/product\/dulkan-325\/\" \/>\n<meta property=\"og:site_name\" content=\"WATERSKIS.LV\" \/>\n<meta property=\"article:publisher\" content=\"https:\/\/www.facebook.com\/jurmalawaterskiwakeboardpark\/\" \/>\n<meta property=\"article:modified_time\" content=\"2022-03-07T11:14:28+00:00\" \/>\n<meta property=\"og:image\" content=\"https:\/\/www.waterskis.lv\/wp-content\/uploads\/2022\/01\/D325.jpg\" \/>\n\t<meta property=\"og:image:width\" content=\"750\" \/>\n\t<meta property=\"og:image:height\" content=\"512\" \/>\n\t<meta property=\"og:image:type\" content=\"image\/jpeg\" \/>\n<meta name=\"twitter:card\" content=\"summary_large_image\" \/>\n<meta name=\"twitter:label1\" content=\"Est. reading time\" \/>\n\t<meta name=\"twitter:data1\" content=\"1 minute\" \/>\n<script type=\"application\/ld+json\" class=\"yoast-schema-graph\">{\"@context\":\"https:\\\/\\\/schema.org\",\"@graph\":[{\"@type\":\"WebPage\",\"@id\":\"https:\\\/\\\/www.waterskis.lv\\\/en\\\/product\\\/dulkan-325\\\/\",\"url\":\"https:\\\/\\\/www.waterskis.lv\\\/en\\\/product\\\/dulkan-325\\\/\",\"name\":\"Dulkan 325 - WATERSKIS.LV\",\"isPartOf\":{\"@id\":\"https:\\\/\\\/www.waterskis.lv\\\/en\\\/#website\"},\"primaryImageOfPage\":{\"@id\":\"https:\\\/\\\/www.waterskis.lv\\\/en\\\/product\\\/dulkan-325\\\/#primaryimage\"},\"image\":{\"@id\":\"https:\\\/\\\/www.waterskis.lv\\\/en\\\/product\\\/dulkan-325\\\/#primaryimage\"},\"thumbnailUrl\":\"https:\\\/\\\/www.waterskis.lv\\\/wp-content\\\/uploads\\\/2022\\\/01\\\/D325.jpg\",\"datePublished\":\"2022-03-07T11:14:27+00:00\",\"dateModified\":\"2022-03-07T11:14:28+00:00\",\"description\":\"Dulkan 325. Waterskis.lv - established manufacturers, high quality, good prices. Boat rental and more in Jurmala\",\"breadcrumb\":{\"@id\":\"https:\\\/\\\/www.waterskis.lv\\\/en\\\/product\\\/dulkan-325\\\/#breadcrumb\"},\"inLanguage\":\"en-US\",\"potentialAction\":[{\"@type\":\"ReadAction\",\"target\":[\"https:\\\/\\\/www.waterskis.lv\\\/en\\\/product\\\/dulkan-325\\\/\"]}]},{\"@type\":\"ImageObject\",\"inLanguage\":\"en-US\",\"@id\":\"https:\\\/\\\/www.waterskis.lv\\\/en\\\/product\\\/dulkan-325\\\/#primaryimage\",\"url\":\"https:\\\/\\\/www.waterskis.lv\\\/wp-content\\\/uploads\\\/2022\\\/01\\\/D325.jpg\",\"contentUrl\":\"https:\\\/\\\/www.waterskis.lv\\\/wp-content\\\/uploads\\\/2022\\\/01\\\/D325.jpg\",\"width\":750,\"height\":512,\"caption\":\"Dulkan 325\"},{\"@type\":\"BreadcrumbList\",\"@id\":\"https:\\\/\\\/www.waterskis.lv\\\/en\\\/product\\\/dulkan-325\\\/#breadcrumb\",\"itemListElement\":[{\"@type\":\"ListItem\",\"position\":1,\"name\":\"Home\",\"item\":\"https:\\\/\\\/www.waterskis.lv\\\/en\\\/\"},{\"@type\":\"ListItem\",\"position\":2,\"name\":\"Shop\",\"item\":\"https:\\\/\\\/waterskis.lv\\\/en\\\/shop\\\/\"},{\"@type\":\"ListItem\",\"position\":3,\"name\":\"Dulkan 325\"}]},{\"@type\":\"WebSite\",\"@id\":\"https:\\\/\\\/www.waterskis.lv\\\/en\\\/#website\",\"url\":\"https:\\\/\\\/www.waterskis.lv\\\/en\\\/\",\"name\":\"WATERSKIS.LV\",\"description\":\"SUP d\u0113\u013ci, kajaki, kanoe, airu laivas, \u016bdenssl\u0113po\u0161ana, veikbords, SUP d\u0113\u013cu noma, kajaku nomaakt\u012bv\u0101s atp\u016btas centrs, laivu noma, sup noma, kajaku noma\",\"publisher\":{\"@id\":\"https:\\\/\\\/www.waterskis.lv\\\/en\\\/#organization\"},\"potentialAction\":[{\"@type\":\"SearchAction\",\"target\":{\"@type\":\"EntryPoint\",\"urlTemplate\":\"https:\\\/\\\/www.waterskis.lv\\\/en\\\/?s={search_term_string}\"},\"query-input\":{\"@type\":\"PropertyValueSpecification\",\"valueRequired\":true,\"valueName\":\"search_term_string\"}}],\"inLanguage\":\"en-US\"},{\"@type\":\"Organization\",\"@id\":\"https:\\\/\\\/www.waterskis.lv\\\/en\\\/#organization\",\"name\":\"WATERSKIS.LV\",\"url\":\"https:\\\/\\\/www.waterskis.lv\\\/en\\\/\",\"logo\":{\"@type\":\"ImageObject\",\"inLanguage\":\"en-US\",\"@id\":\"https:\\\/\\\/www.waterskis.lv\\\/en\\\/#\\\/schema\\\/logo\\\/image\\\/\",\"url\":\"https:\\\/\\\/www.waterskis.lv\\\/wp-content\\\/uploads\\\/2025\\\/01\\\/JUVP-logo.png\",\"contentUrl\":\"https:\\\/\\\/www.waterskis.lv\\\/wp-content\\\/uploads\\\/2025\\\/01\\\/JUVP-logo.png\",\"width\":421,\"height\":202,\"caption\":\"WATERSKIS.LV\"},\"image\":{\"@id\":\"https:\\\/\\\/www.waterskis.lv\\\/en\\\/#\\\/schema\\\/logo\\\/image\\\/\"},\"sameAs\":[\"https:\\\/\\\/www.facebook.com\\\/jurmalawaterskiwakeboardpark\\\/\"]}]}<\/script>\n<!-- \/ Yoast SEO plugin. -->","yoast_head_json":{"title":"Dulkan 325 - WATERSKIS.LV","description":"Dulkan 325. Waterskis.lv - established manufacturers, high quality, good prices. Boat rental and more in Jurmala","robots":{"index":"index","follow":"follow","max-snippet":"max-snippet:-1","max-image-preview":"max-image-preview:large","max-video-preview":"max-video-preview:-1"},"canonical":"https:\/\/www.waterskis.lv\/en\/product\/dulkan-325\/","og_locale":"en_US","og_type":"article","og_title":"Dulkan 325 - WATERSKIS.LV","og_description":"Dulkan 325. Waterskis.lv - established manufacturers, high quality, good prices. Boat rental and more in Jurmala","og_url":"https:\/\/www.waterskis.lv\/en\/product\/dulkan-325\/","og_site_name":"WATERSKIS.LV","article_publisher":"https:\/\/www.facebook.com\/jurmalawaterskiwakeboardpark\/","article_modified_time":"2022-03-07T11:14:28+00:00","og_image":[{"width":750,"height":512,"url":"https:\/\/www.waterskis.lv\/wp-content\/uploads\/2022\/01\/D325.jpg","type":"image\/jpeg"}],"twitter_card":"summary_large_image","twitter_misc":{"Est. reading time":"1 minute"},"schema":{"@context":"https:\/\/schema.org","@graph":[{"@type":"WebPage","@id":"https:\/\/www.waterskis.lv\/en\/product\/dulkan-325\/","url":"https:\/\/www.waterskis.lv\/en\/product\/dulkan-325\/","name":"Dulkan 325 - WATERSKIS.LV","isPartOf":{"@id":"https:\/\/www.waterskis.lv\/en\/#website"},"primaryImageOfPage":{"@id":"https:\/\/www.waterskis.lv\/en\/product\/dulkan-325\/#primaryimage"},"image":{"@id":"https:\/\/www.waterskis.lv\/en\/product\/dulkan-325\/#primaryimage"},"thumbnailUrl":"https:\/\/www.waterskis.lv\/wp-content\/uploads\/2022\/01\/D325.jpg","datePublished":"2022-03-07T11:14:27+00:00","dateModified":"2022-03-07T11:14:28+00:00","description":"Dulkan 325. Waterskis.lv - established manufacturers, high quality, good prices. Boat rental and more in Jurmala","breadcrumb":{"@id":"https:\/\/www.waterskis.lv\/en\/product\/dulkan-325\/#breadcrumb"},"inLanguage":"en-US","potentialAction":[{"@type":"ReadAction","target":["https:\/\/www.waterskis.lv\/en\/product\/dulkan-325\/"]}]},{"@type":"ImageObject","inLanguage":"en-US","@id":"https:\/\/www.waterskis.lv\/en\/product\/dulkan-325\/#primaryimage","url":"https:\/\/www.waterskis.lv\/wp-content\/uploads\/2022\/01\/D325.jpg","contentUrl":"https:\/\/www.waterskis.lv\/wp-content\/uploads\/2022\/01\/D325.jpg","width":750,"height":512,"caption":"Dulkan 325"},{"@type":"BreadcrumbList","@id":"https:\/\/www.waterskis.lv\/en\/product\/dulkan-325\/#breadcrumb","itemListElement":[{"@type":"ListItem","position":1,"name":"Home","item":"https:\/\/www.waterskis.lv\/en\/"},{"@type":"ListItem","position":2,"name":"Shop","item":"https:\/\/waterskis.lv\/en\/shop\/"},{"@type":"ListItem","position":3,"name":"Dulkan 325"}]},{"@type":"WebSite","@id":"https:\/\/www.waterskis.lv\/en\/#website","url":"https:\/\/www.waterskis.lv\/en\/","name":"WATERSKIS.LV","description":"SUP d\u0113\u013ci, kajaki, kanoe, airu laivas, \u016bdenssl\u0113po\u0161ana, veikbords, SUP d\u0113\u013cu noma, kajaku nomaakt\u012bv\u0101s atp\u016btas centrs, laivu noma, sup noma, kajaku noma","publisher":{"@id":"https:\/\/www.waterskis.lv\/en\/#organization"},"potentialAction":[{"@type":"SearchAction","target":{"@type":"EntryPoint","urlTemplate":"https:\/\/www.waterskis.lv\/en\/?s={search_term_string}"},"query-input":{"@type":"PropertyValueSpecification","valueRequired":true,"valueName":"search_term_string"}}],"inLanguage":"en-US"},{"@type":"Organization","@id":"https:\/\/www.waterskis.lv\/en\/#organization","name":"WATERSKIS.LV","url":"https:\/\/www.waterskis.lv\/en\/","logo":{"@type":"ImageObject","inLanguage":"en-US","@id":"https:\/\/www.waterskis.lv\/en\/#\/schema\/logo\/image\/","url":"https:\/\/www.waterskis.lv\/wp-content\/uploads\/2025\/01\/JUVP-logo.png","contentUrl":"https:\/\/www.waterskis.lv\/wp-content\/uploads\/2025\/01\/JUVP-logo.png","width":421,"height":202,"caption":"WATERSKIS.LV"},"image":{"@id":"https:\/\/www.waterskis.lv\/en\/#\/schema\/logo\/image\/"},"sameAs":["https:\/\/www.facebook.com\/jurmalawaterskiwakeboardpark\/"]}]}},"_links":{"self":[{"href":"https:\/\/www.waterskis.lv\/en\/wp-json\/wp\/v2\/product\/37778","targetHints":{"allow":["GET"]}}],"collection":[{"href":"https:\/\/www.waterskis.lv\/en\/wp-json\/wp\/v2\/product"}],"about":[{"href":"https:\/\/www.waterskis.lv\/en\/wp-json\/wp\/v2\/types\/product"}],"replies":[{"embeddable":true,"href":"https:\/\/www.waterskis.lv\/en\/wp-json\/wp\/v2\/comments?post=37778"}],"wp:featuredmedia":[{"embeddable":true,"href":"https:\/\/www.waterskis.lv\/en\/wp-json\/wp\/v2\/media\/34238"}],"wp:attachment":[{"href":"https:\/\/www.waterskis.lv\/en\/wp-json\/wp\/v2\/media?parent=37778"}],"wp:term":[{"taxonomy":"product_brand","embeddable":true,"href":"https:\/\/www.waterskis.lv\/en\/wp-json\/wp\/v2\/product_brand?post=37778"},{"taxonomy":"product_cat","embeddable":true,"href":"https:\/\/www.waterskis.lv\/en\/wp-json\/wp\/v2\/product_cat?post=37778"},{"taxonomy":"product_tag","embeddable":true,"href":"https:\/\/www.waterskis.lv\/en\/wp-json\/wp\/v2\/product_tag?post=37778"}],"curies":[{"name":"wp","href":"https:\/\/api.w.org\/{rel}","templated":true}]}}