{"id":37784,"date":"2022-01-08T15:42:52","date_gmt":"2022-03-07T11:22:50","guid":{"rendered":"https:\/\/www.waterskis.lv\/?post_type=product&#038;p=37784"},"modified":"2022-03-07T14:22:53","modified_gmt":"2022-03-07T11:22:53","slug":"dulkan-370-dz","status":"publish","type":"product","link":"https:\/\/www.waterskis.lv\/en\/product\/dulkan-370-dz\/","title":{"rendered":"Dulkan 370 DZ"},"content":{"rendered":"<p>Dulkan 370 DZ<\/p>\n<p>Multipurpose boat, despite the standard size of sides of 45cm, has great navigability, which allows it to operate in the \u201cabout\u201d storm conditions. The large width of the vessel will accommodate the required volume of cargo and allow going for fishing or water hike with the whole family. The seats slide along the guide rails, it allows them to move easily across the entire working area, the deck is made of waterproof plywood reinforced stringers. The boat is packed in two bags handy and can be transported in the trunk of the car. Assembly \u2013 disassembly takes no more than 20-25 minutes.<\/p>\n<table class=\"table\">\n<tbody>\n<tr>\n<th>LENGTH, M<\/th>\n<td>3.70<\/td>\n<\/tr>\n<tr>\n<th>WIDTH, M<\/th>\n<td>1.70<\/td>\n<\/tr>\n<tr>\n<th>INSIDE LENGTH, M<\/th>\n<td>2.70<\/td>\n<\/tr>\n<tr>\n<th>INSIDE WIDTH, M<\/th>\n<td>0.80<\/td>\n<\/tr>\n<tr>\n<th>BALLOON`S DIAMETER, M<\/th>\n<td>0.45<\/td>\n<\/tr>\n<tr>\n<th>NUMBER OF PEOPLE<\/th>\n<td>5<\/td>\n<\/tr>\n<tr>\n<th>NUMBER OF COLLECTORS<\/th>\n<td>3+KEEL<\/td>\n<\/tr>\n<tr>\n<th>TONNAGE, KG<\/th>\n<td>700<\/td>\n<\/tr>\n<tr>\n<th>SET WEIGHT, KG<\/th>\n<td>70<\/td>\n<\/tr>\n<tr>\n<th>MOTOR ENGINE KW\/HP<\/th>\n<td>14.7\/20<\/td>\n<\/tr>\n<tr>\n<th>BOAT DESIGN CATEGORY<\/th>\n<td>C<\/td>\n<\/tr>\n<tr>\n<th>HEIGHT OF TRANSOM<\/th>\n<td>S\/L<\/td>\n<\/tr>\n<tr>\n<th>MATERIAL PVC (BALLONS)<\/th>\n<td>VALMEX 7318, 1000 g\/m\u00b2<\/td>\n<\/tr>\n<tr>\n<th>MATERIAL PVC (BOTTOM)<\/th>\n<td>VALMEX 7330, 1200 g\/m\u00b2<\/td>\n<\/tr>\n<tr>\n<th>PACKAGE DIMENSIONS<\/th>\n<td>Boat: 1.15\u00d70.30\u00d70.70<\/td>\n<\/tr>\n<tr>\n<th>PACKAGE DIMENSIONS<\/th>\n<td>Paul: 0.86\u00d70.84\u00d70.07<\/td>\n<\/tr>\n<tr>\n<th>FLOOR TYPE<\/th>\n<td>Full rigid desk (Payol)<\/td>\n<\/tr>\n<\/tbody>\n<\/table>\n<p>&nbsp;<\/p>\n<p>Dulkan 370 DZ<\/p>\n","protected":false},"excerpt":{"rendered":"<p>Dulkan 370 DZ Multipurpose boat, despite the standard size of sides of 45cm, has great navigability, which allows it to operate in the \u201cabout\u201d storm conditions. The large width of the vessel will accommodate the required volume of cargo and allow going for fishing or water hike with the whole family. The seats slide along [&#8230;]<\/p>\n<p><a class=\"btn btn-secondary understrap-read-more-link\" href=\"https:\/\/www.waterskis.lv\/en\/product\/dulkan-370-dz\/\">Read More&#8230;<\/a><\/p>\n","protected":false},"featured_media":34221,"comment_status":"closed","ping_status":"closed","template":"","meta":{"_acf_changed":false,"inline_featured_image":false},"product_brand":[],"product_cat":[571],"product_tag":[],"class_list":{"0":"post-37784","1":"product","2":"type-product","3":"status-publish","4":"has-post-thumbnail","6":"product_cat-boats","8":"first","9":"instock","10":"shipping-taxable","11":"purchasable","12":"product-type-simple"},"acf":[],"yoast_head":"<!-- This site is optimized with the Yoast SEO plugin v27.3 - https:\/\/yoast.com\/product\/yoast-seo-wordpress\/ -->\n<title>Dulkan 370 DZ - WATERSKIS.LV<\/title>\n<meta name=\"description\" content=\"Dulkan 370 DZ. Waterskis.lv - established manufacturers, high quality, good prices. Boat rental and more in Jurmala\" \/>\n<meta name=\"robots\" content=\"index, follow, max-snippet:-1, max-image-preview:large, max-video-preview:-1\" \/>\n<link rel=\"canonical\" href=\"https:\/\/www.waterskis.lv\/en\/product\/dulkan-370-dz\/\" \/>\n<meta property=\"og:locale\" content=\"en_US\" \/>\n<meta property=\"og:type\" content=\"article\" \/>\n<meta property=\"og:title\" content=\"Dulkan 370 DZ - WATERSKIS.LV\" \/>\n<meta property=\"og:description\" content=\"Dulkan 370 DZ. Waterskis.lv - established manufacturers, high quality, good prices. Boat rental and more in Jurmala\" \/>\n<meta property=\"og:url\" content=\"https:\/\/www.waterskis.lv\/en\/product\/dulkan-370-dz\/\" \/>\n<meta property=\"og:site_name\" content=\"WATERSKIS.LV\" \/>\n<meta property=\"article:publisher\" content=\"https:\/\/www.facebook.com\/jurmalawaterskiwakeboardpark\/\" \/>\n<meta property=\"article:modified_time\" content=\"2022-03-07T11:22:53+00:00\" \/>\n<meta property=\"og:image\" content=\"https:\/\/www.waterskis.lv\/wp-content\/uploads\/2022\/01\/D370Dz.jpg\" \/>\n\t<meta property=\"og:image:width\" content=\"1200\" \/>\n\t<meta property=\"og:image:height\" content=\"740\" \/>\n\t<meta property=\"og:image:type\" content=\"image\/jpeg\" \/>\n<meta name=\"twitter:card\" content=\"summary_large_image\" \/>\n<meta name=\"twitter:label1\" content=\"Est. reading time\" \/>\n\t<meta name=\"twitter:data1\" content=\"1 minute\" \/>\n<script type=\"application\/ld+json\" class=\"yoast-schema-graph\">{\"@context\":\"https:\\\/\\\/schema.org\",\"@graph\":[{\"@type\":\"WebPage\",\"@id\":\"https:\\\/\\\/www.waterskis.lv\\\/en\\\/product\\\/dulkan-370-dz\\\/\",\"url\":\"https:\\\/\\\/www.waterskis.lv\\\/en\\\/product\\\/dulkan-370-dz\\\/\",\"name\":\"Dulkan 370 DZ - WATERSKIS.LV\",\"isPartOf\":{\"@id\":\"https:\\\/\\\/www.waterskis.lv\\\/en\\\/#website\"},\"primaryImageOfPage\":{\"@id\":\"https:\\\/\\\/www.waterskis.lv\\\/en\\\/product\\\/dulkan-370-dz\\\/#primaryimage\"},\"image\":{\"@id\":\"https:\\\/\\\/www.waterskis.lv\\\/en\\\/product\\\/dulkan-370-dz\\\/#primaryimage\"},\"thumbnailUrl\":\"https:\\\/\\\/www.waterskis.lv\\\/wp-content\\\/uploads\\\/2022\\\/01\\\/D370Dz.jpg\",\"datePublished\":\"2022-03-07T11:22:50+00:00\",\"dateModified\":\"2022-03-07T11:22:53+00:00\",\"description\":\"Dulkan 370 DZ. Waterskis.lv - established manufacturers, high quality, good prices. Boat rental and more in Jurmala\",\"breadcrumb\":{\"@id\":\"https:\\\/\\\/www.waterskis.lv\\\/en\\\/product\\\/dulkan-370-dz\\\/#breadcrumb\"},\"inLanguage\":\"en-US\",\"potentialAction\":[{\"@type\":\"ReadAction\",\"target\":[\"https:\\\/\\\/www.waterskis.lv\\\/en\\\/product\\\/dulkan-370-dz\\\/\"]}]},{\"@type\":\"ImageObject\",\"inLanguage\":\"en-US\",\"@id\":\"https:\\\/\\\/www.waterskis.lv\\\/en\\\/product\\\/dulkan-370-dz\\\/#primaryimage\",\"url\":\"https:\\\/\\\/www.waterskis.lv\\\/wp-content\\\/uploads\\\/2022\\\/01\\\/D370Dz.jpg\",\"contentUrl\":\"https:\\\/\\\/www.waterskis.lv\\\/wp-content\\\/uploads\\\/2022\\\/01\\\/D370Dz.jpg\",\"width\":1200,\"height\":740,\"caption\":\"DULKAN 370 DZ\"},{\"@type\":\"BreadcrumbList\",\"@id\":\"https:\\\/\\\/www.waterskis.lv\\\/en\\\/product\\\/dulkan-370-dz\\\/#breadcrumb\",\"itemListElement\":[{\"@type\":\"ListItem\",\"position\":1,\"name\":\"Home\",\"item\":\"https:\\\/\\\/www.waterskis.lv\\\/en\\\/\"},{\"@type\":\"ListItem\",\"position\":2,\"name\":\"Shop\",\"item\":\"https:\\\/\\\/waterskis.lv\\\/en\\\/shop\\\/\"},{\"@type\":\"ListItem\",\"position\":3,\"name\":\"Dulkan 370 DZ\"}]},{\"@type\":\"WebSite\",\"@id\":\"https:\\\/\\\/www.waterskis.lv\\\/en\\\/#website\",\"url\":\"https:\\\/\\\/www.waterskis.lv\\\/en\\\/\",\"name\":\"WATERSKIS.LV\",\"description\":\"SUP d\u0113\u013ci, kajaki, kanoe, airu laivas, \u016bdenssl\u0113po\u0161ana, veikbords, SUP d\u0113\u013cu noma, kajaku nomaakt\u012bv\u0101s atp\u016btas centrs, laivu noma, sup noma, kajaku noma\",\"publisher\":{\"@id\":\"https:\\\/\\\/www.waterskis.lv\\\/en\\\/#organization\"},\"potentialAction\":[{\"@type\":\"SearchAction\",\"target\":{\"@type\":\"EntryPoint\",\"urlTemplate\":\"https:\\\/\\\/www.waterskis.lv\\\/en\\\/?s={search_term_string}\"},\"query-input\":{\"@type\":\"PropertyValueSpecification\",\"valueRequired\":true,\"valueName\":\"search_term_string\"}}],\"inLanguage\":\"en-US\"},{\"@type\":\"Organization\",\"@id\":\"https:\\\/\\\/www.waterskis.lv\\\/en\\\/#organization\",\"name\":\"WATERSKIS.LV\",\"url\":\"https:\\\/\\\/www.waterskis.lv\\\/en\\\/\",\"logo\":{\"@type\":\"ImageObject\",\"inLanguage\":\"en-US\",\"@id\":\"https:\\\/\\\/www.waterskis.lv\\\/en\\\/#\\\/schema\\\/logo\\\/image\\\/\",\"url\":\"https:\\\/\\\/www.waterskis.lv\\\/wp-content\\\/uploads\\\/2025\\\/01\\\/JUVP-logo.png\",\"contentUrl\":\"https:\\\/\\\/www.waterskis.lv\\\/wp-content\\\/uploads\\\/2025\\\/01\\\/JUVP-logo.png\",\"width\":421,\"height\":202,\"caption\":\"WATERSKIS.LV\"},\"image\":{\"@id\":\"https:\\\/\\\/www.waterskis.lv\\\/en\\\/#\\\/schema\\\/logo\\\/image\\\/\"},\"sameAs\":[\"https:\\\/\\\/www.facebook.com\\\/jurmalawaterskiwakeboardpark\\\/\"]}]}<\/script>\n<!-- \/ Yoast SEO plugin. -->","yoast_head_json":{"title":"Dulkan 370 DZ - WATERSKIS.LV","description":"Dulkan 370 DZ. Waterskis.lv - established manufacturers, high quality, good prices. Boat rental and more in Jurmala","robots":{"index":"index","follow":"follow","max-snippet":"max-snippet:-1","max-image-preview":"max-image-preview:large","max-video-preview":"max-video-preview:-1"},"canonical":"https:\/\/www.waterskis.lv\/en\/product\/dulkan-370-dz\/","og_locale":"en_US","og_type":"article","og_title":"Dulkan 370 DZ - WATERSKIS.LV","og_description":"Dulkan 370 DZ. Waterskis.lv - established manufacturers, high quality, good prices. Boat rental and more in Jurmala","og_url":"https:\/\/www.waterskis.lv\/en\/product\/dulkan-370-dz\/","og_site_name":"WATERSKIS.LV","article_publisher":"https:\/\/www.facebook.com\/jurmalawaterskiwakeboardpark\/","article_modified_time":"2022-03-07T11:22:53+00:00","og_image":[{"width":1200,"height":740,"url":"https:\/\/www.waterskis.lv\/wp-content\/uploads\/2022\/01\/D370Dz.jpg","type":"image\/jpeg"}],"twitter_card":"summary_large_image","twitter_misc":{"Est. reading time":"1 minute"},"schema":{"@context":"https:\/\/schema.org","@graph":[{"@type":"WebPage","@id":"https:\/\/www.waterskis.lv\/en\/product\/dulkan-370-dz\/","url":"https:\/\/www.waterskis.lv\/en\/product\/dulkan-370-dz\/","name":"Dulkan 370 DZ - WATERSKIS.LV","isPartOf":{"@id":"https:\/\/www.waterskis.lv\/en\/#website"},"primaryImageOfPage":{"@id":"https:\/\/www.waterskis.lv\/en\/product\/dulkan-370-dz\/#primaryimage"},"image":{"@id":"https:\/\/www.waterskis.lv\/en\/product\/dulkan-370-dz\/#primaryimage"},"thumbnailUrl":"https:\/\/www.waterskis.lv\/wp-content\/uploads\/2022\/01\/D370Dz.jpg","datePublished":"2022-03-07T11:22:50+00:00","dateModified":"2022-03-07T11:22:53+00:00","description":"Dulkan 370 DZ. Waterskis.lv - established manufacturers, high quality, good prices. Boat rental and more in Jurmala","breadcrumb":{"@id":"https:\/\/www.waterskis.lv\/en\/product\/dulkan-370-dz\/#breadcrumb"},"inLanguage":"en-US","potentialAction":[{"@type":"ReadAction","target":["https:\/\/www.waterskis.lv\/en\/product\/dulkan-370-dz\/"]}]},{"@type":"ImageObject","inLanguage":"en-US","@id":"https:\/\/www.waterskis.lv\/en\/product\/dulkan-370-dz\/#primaryimage","url":"https:\/\/www.waterskis.lv\/wp-content\/uploads\/2022\/01\/D370Dz.jpg","contentUrl":"https:\/\/www.waterskis.lv\/wp-content\/uploads\/2022\/01\/D370Dz.jpg","width":1200,"height":740,"caption":"DULKAN 370 DZ"},{"@type":"BreadcrumbList","@id":"https:\/\/www.waterskis.lv\/en\/product\/dulkan-370-dz\/#breadcrumb","itemListElement":[{"@type":"ListItem","position":1,"name":"Home","item":"https:\/\/www.waterskis.lv\/en\/"},{"@type":"ListItem","position":2,"name":"Shop","item":"https:\/\/waterskis.lv\/en\/shop\/"},{"@type":"ListItem","position":3,"name":"Dulkan 370 DZ"}]},{"@type":"WebSite","@id":"https:\/\/www.waterskis.lv\/en\/#website","url":"https:\/\/www.waterskis.lv\/en\/","name":"WATERSKIS.LV","description":"SUP d\u0113\u013ci, kajaki, kanoe, airu laivas, \u016bdenssl\u0113po\u0161ana, veikbords, SUP d\u0113\u013cu noma, kajaku nomaakt\u012bv\u0101s atp\u016btas centrs, laivu noma, sup noma, kajaku noma","publisher":{"@id":"https:\/\/www.waterskis.lv\/en\/#organization"},"potentialAction":[{"@type":"SearchAction","target":{"@type":"EntryPoint","urlTemplate":"https:\/\/www.waterskis.lv\/en\/?s={search_term_string}"},"query-input":{"@type":"PropertyValueSpecification","valueRequired":true,"valueName":"search_term_string"}}],"inLanguage":"en-US"},{"@type":"Organization","@id":"https:\/\/www.waterskis.lv\/en\/#organization","name":"WATERSKIS.LV","url":"https:\/\/www.waterskis.lv\/en\/","logo":{"@type":"ImageObject","inLanguage":"en-US","@id":"https:\/\/www.waterskis.lv\/en\/#\/schema\/logo\/image\/","url":"https:\/\/www.waterskis.lv\/wp-content\/uploads\/2025\/01\/JUVP-logo.png","contentUrl":"https:\/\/www.waterskis.lv\/wp-content\/uploads\/2025\/01\/JUVP-logo.png","width":421,"height":202,"caption":"WATERSKIS.LV"},"image":{"@id":"https:\/\/www.waterskis.lv\/en\/#\/schema\/logo\/image\/"},"sameAs":["https:\/\/www.facebook.com\/jurmalawaterskiwakeboardpark\/"]}]}},"_links":{"self":[{"href":"https:\/\/www.waterskis.lv\/en\/wp-json\/wp\/v2\/product\/37784","targetHints":{"allow":["GET"]}}],"collection":[{"href":"https:\/\/www.waterskis.lv\/en\/wp-json\/wp\/v2\/product"}],"about":[{"href":"https:\/\/www.waterskis.lv\/en\/wp-json\/wp\/v2\/types\/product"}],"replies":[{"embeddable":true,"href":"https:\/\/www.waterskis.lv\/en\/wp-json\/wp\/v2\/comments?post=37784"}],"wp:featuredmedia":[{"embeddable":true,"href":"https:\/\/www.waterskis.lv\/en\/wp-json\/wp\/v2\/media\/34221"}],"wp:attachment":[{"href":"https:\/\/www.waterskis.lv\/en\/wp-json\/wp\/v2\/media?parent=37784"}],"wp:term":[{"taxonomy":"product_brand","embeddable":true,"href":"https:\/\/www.waterskis.lv\/en\/wp-json\/wp\/v2\/product_brand?post=37784"},{"taxonomy":"product_cat","embeddable":true,"href":"https:\/\/www.waterskis.lv\/en\/wp-json\/wp\/v2\/product_cat?post=37784"},{"taxonomy":"product_tag","embeddable":true,"href":"https:\/\/www.waterskis.lv\/en\/wp-json\/wp\/v2\/product_tag?post=37784"}],"curies":[{"name":"wp","href":"https:\/\/api.w.org\/{rel}","templated":true}]}}