{"id":37799,"date":"2022-01-27T09:55:49","date_gmt":"2022-01-27T06:55:49","guid":{"rendered":"https:\/\/www.waterskis.lv\/products\/aiz-laivas-velkamais-puslis-connelly-double-play\/"},"modified":"2026-01-30T17:46:48","modified_gmt":"2026-01-30T15:46:48","slug":"connelly-double-play-2-towable-fun-tube","status":"publish","type":"product","link":"https:\/\/www.waterskis.lv\/en\/product\/connelly-double-play-2-towable-fun-tube\/","title":{"rendered":"CONNELLY DOUBLE PLAY 2 TOWABLE FUN TUBE"},"content":{"rendered":"<h1>CONNELLY DOUBLE PLAY 2 TOWABLE FUN TUBE<\/h1>\n<ul>\n<li>60&#8243; Dia. (deflated), pre-assembled with 1 year warranty<\/li>\n<li>Designed for 2 riders with a flat and round design<\/li>\n<li>420D Nylon cover with heavy duty bladder<\/li>\n<li>4 fully padded handles with knuckle guards and 1 boarding strap<\/li>\n<li>Boston valve for easy inflation, and quick connect tube rope attachment<\/li>\n<li>Covered mesh bottom drains excess water<\/li>\n<li>Peel and stick repair kit included<\/li>\n<\/ul>\n","protected":false},"excerpt":{"rendered":"<p>https:\/\/www.youtube.com\/watch?v=JP82X_IVvzU<\/p>\n<p>https:\/\/www.youtube.com\/watch?v=GupHIQo5mN0 [&#8230;]<\/p>\n<p><a class=\"btn btn-secondary understrap-read-more-link\" href=\"https:\/\/www.waterskis.lv\/en\/product\/connelly-double-play-2-towable-fun-tube\/\">Read More&#8230;<\/a><\/p>\n","protected":false},"featured_media":35516,"comment_status":"closed","ping_status":"closed","template":"","meta":{"_acf_changed":false,"inline_featured_image":false},"product_brand":[1280],"product_cat":[965,380],"product_tag":[3074,3075],"class_list":{"0":"post-37799","1":"product","2":"type-product","3":"status-publish","4":"has-post-thumbnail","6":"product_brand-connelly-water-sports","7":"product_cat-2-rider-tubes","8":"product_cat-towables","9":"product_tag-inflatable-towable-tube","10":"product_tag-3075","12":"first","13":"instock","14":"shipping-taxable","15":"purchasable","16":"product-type-simple"},"acf":[],"yoast_head":"<!-- This site is optimized with the Yoast SEO plugin v27.4 - https:\/\/yoast.com\/product\/yoast-seo-wordpress\/ -->\n<title>CONNELLY DOUBLE PLAY 2 TOWABLE FUN TUBE - WATERSKIS.LV<\/title>\n<meta name=\"description\" content=\"CONNELLY DOUBLE PLAY 2 TOWABLE FUN TUBE 60&quot; Dia. (deflated), pre-assembled Designed for 2 riders with a flat and round design\" \/>\n<meta name=\"robots\" content=\"index, follow, max-snippet:-1, max-image-preview:large, max-video-preview:-1\" \/>\n<link rel=\"canonical\" href=\"https:\/\/www.waterskis.lv\/en\/product\/connelly-double-play-2-towable-fun-tube\/\" \/>\n<meta property=\"og:locale\" content=\"en_US\" \/>\n<meta property=\"og:type\" content=\"article\" \/>\n<meta property=\"og:title\" content=\"CONNELLY DOUBLE PLAY 2 TOWABLE FUN TUBE - WATERSKIS.LV\" \/>\n<meta property=\"og:description\" content=\"CONNELLY DOUBLE PLAY 2 TOWABLE FUN TUBE 60&quot; Dia. (deflated), pre-assembled Designed for 2 riders with a flat and round design\" \/>\n<meta property=\"og:url\" content=\"https:\/\/www.waterskis.lv\/en\/product\/connelly-double-play-2-towable-fun-tube\/\" \/>\n<meta property=\"og:site_name\" content=\"WATERSKIS.LV\" \/>\n<meta property=\"article:publisher\" content=\"https:\/\/www.facebook.com\/jurmalawaterskiwakeboardpark\/\" \/>\n<meta property=\"article:modified_time\" content=\"2026-01-30T15:46:48+00:00\" \/>\n<meta property=\"og:image\" content=\"https:\/\/www.waterskis.lv\/wp-content\/uploads\/2022\/01\/DoublePlay_4c148f6b-6461-42a0-be7c-5341bfddf447_750x.png.jpg\" \/>\n\t<meta property=\"og:image:width\" content=\"750\" \/>\n\t<meta property=\"og:image:height\" content=\"750\" \/>\n\t<meta property=\"og:image:type\" content=\"image\/jpeg\" \/>\n<meta name=\"twitter:card\" content=\"summary_large_image\" \/>\n<meta name=\"twitter:label1\" content=\"Est. reading time\" \/>\n\t<meta name=\"twitter:data1\" content=\"1 minute\" \/>\n<script type=\"application\/ld+json\" class=\"yoast-schema-graph\">{\"@context\":\"https:\\\/\\\/schema.org\",\"@graph\":[{\"@type\":\"WebPage\",\"@id\":\"https:\\\/\\\/www.waterskis.lv\\\/en\\\/product\\\/connelly-double-play-2-towable-fun-tube\\\/\",\"url\":\"https:\\\/\\\/www.waterskis.lv\\\/en\\\/product\\\/connelly-double-play-2-towable-fun-tube\\\/\",\"name\":\"CONNELLY DOUBLE PLAY 2 TOWABLE FUN TUBE - WATERSKIS.LV\",\"isPartOf\":{\"@id\":\"https:\\\/\\\/www.waterskis.lv\\\/en\\\/#website\"},\"primaryImageOfPage\":{\"@id\":\"https:\\\/\\\/www.waterskis.lv\\\/en\\\/product\\\/connelly-double-play-2-towable-fun-tube\\\/#primaryimage\"},\"image\":{\"@id\":\"https:\\\/\\\/www.waterskis.lv\\\/en\\\/product\\\/connelly-double-play-2-towable-fun-tube\\\/#primaryimage\"},\"thumbnailUrl\":\"https:\\\/\\\/www.waterskis.lv\\\/wp-content\\\/uploads\\\/2022\\\/01\\\/DoublePlay_4c148f6b-6461-42a0-be7c-5341bfddf447_750x.png.jpg\",\"datePublished\":\"2022-01-27T06:55:49+00:00\",\"dateModified\":\"2026-01-30T15:46:48+00:00\",\"description\":\"CONNELLY DOUBLE PLAY 2 TOWABLE FUN TUBE 60\\\" Dia. (deflated), pre-assembled Designed for 2 riders with a flat and round design\",\"breadcrumb\":{\"@id\":\"https:\\\/\\\/www.waterskis.lv\\\/en\\\/product\\\/connelly-double-play-2-towable-fun-tube\\\/#breadcrumb\"},\"inLanguage\":\"en-US\",\"potentialAction\":[{\"@type\":\"ReadAction\",\"target\":[\"https:\\\/\\\/www.waterskis.lv\\\/en\\\/product\\\/connelly-double-play-2-towable-fun-tube\\\/\"]}]},{\"@type\":\"ImageObject\",\"inLanguage\":\"en-US\",\"@id\":\"https:\\\/\\\/www.waterskis.lv\\\/en\\\/product\\\/connelly-double-play-2-towable-fun-tube\\\/#primaryimage\",\"url\":\"https:\\\/\\\/www.waterskis.lv\\\/wp-content\\\/uploads\\\/2022\\\/01\\\/DoublePlay_4c148f6b-6461-42a0-be7c-5341bfddf447_750x.png.jpg\",\"contentUrl\":\"https:\\\/\\\/www.waterskis.lv\\\/wp-content\\\/uploads\\\/2022\\\/01\\\/DoublePlay_4c148f6b-6461-42a0-be7c-5341bfddf447_750x.png.jpg\",\"width\":750,\"height\":750,\"caption\":\"CONNELLY DOUBLE PLAY 2 TOWABLE FUN TUBE\"},{\"@type\":\"BreadcrumbList\",\"@id\":\"https:\\\/\\\/www.waterskis.lv\\\/en\\\/product\\\/connelly-double-play-2-towable-fun-tube\\\/#breadcrumb\",\"itemListElement\":[{\"@type\":\"ListItem\",\"position\":1,\"name\":\"Home\",\"item\":\"https:\\\/\\\/www.waterskis.lv\\\/en\\\/\"},{\"@type\":\"ListItem\",\"position\":2,\"name\":\"Shop\",\"item\":\"https:\\\/\\\/waterskis.lv\\\/en\\\/shop\\\/\"},{\"@type\":\"ListItem\",\"position\":3,\"name\":\"CONNELLY DOUBLE PLAY 2 TOWABLE FUN TUBE\"}]},{\"@type\":\"WebSite\",\"@id\":\"https:\\\/\\\/www.waterskis.lv\\\/en\\\/#website\",\"url\":\"https:\\\/\\\/www.waterskis.lv\\\/en\\\/\",\"name\":\"WATERSKIS.LV\",\"description\":\"SUP d\u0113\u013ci, kajaki, kanoe, airu laivas, \u016bdenssl\u0113po\u0161ana, veikbords, SUP d\u0113\u013cu noma, kajaku nomaakt\u012bv\u0101s atp\u016btas centrs, laivu noma, sup noma, kajaku noma\",\"publisher\":{\"@id\":\"https:\\\/\\\/www.waterskis.lv\\\/en\\\/#organization\"},\"potentialAction\":[{\"@type\":\"SearchAction\",\"target\":{\"@type\":\"EntryPoint\",\"urlTemplate\":\"https:\\\/\\\/www.waterskis.lv\\\/en\\\/?s={search_term_string}\"},\"query-input\":{\"@type\":\"PropertyValueSpecification\",\"valueRequired\":true,\"valueName\":\"search_term_string\"}}],\"inLanguage\":\"en-US\"},{\"@type\":\"Organization\",\"@id\":\"https:\\\/\\\/www.waterskis.lv\\\/en\\\/#organization\",\"name\":\"WATERSKIS.LV\",\"url\":\"https:\\\/\\\/www.waterskis.lv\\\/en\\\/\",\"logo\":{\"@type\":\"ImageObject\",\"inLanguage\":\"en-US\",\"@id\":\"https:\\\/\\\/www.waterskis.lv\\\/en\\\/#\\\/schema\\\/logo\\\/image\\\/\",\"url\":\"https:\\\/\\\/www.waterskis.lv\\\/wp-content\\\/uploads\\\/2025\\\/01\\\/JUVP-logo.png\",\"contentUrl\":\"https:\\\/\\\/www.waterskis.lv\\\/wp-content\\\/uploads\\\/2025\\\/01\\\/JUVP-logo.png\",\"width\":421,\"height\":202,\"caption\":\"WATERSKIS.LV\"},\"image\":{\"@id\":\"https:\\\/\\\/www.waterskis.lv\\\/en\\\/#\\\/schema\\\/logo\\\/image\\\/\"},\"sameAs\":[\"https:\\\/\\\/www.facebook.com\\\/jurmalawaterskiwakeboardpark\\\/\"]}]}<\/script>\n<!-- \/ Yoast SEO plugin. -->","yoast_head_json":{"title":"CONNELLY DOUBLE PLAY 2 TOWABLE FUN TUBE - WATERSKIS.LV","description":"CONNELLY DOUBLE PLAY 2 TOWABLE FUN TUBE 60\" Dia. (deflated), pre-assembled Designed for 2 riders with a flat and round design","robots":{"index":"index","follow":"follow","max-snippet":"max-snippet:-1","max-image-preview":"max-image-preview:large","max-video-preview":"max-video-preview:-1"},"canonical":"https:\/\/www.waterskis.lv\/en\/product\/connelly-double-play-2-towable-fun-tube\/","og_locale":"en_US","og_type":"article","og_title":"CONNELLY DOUBLE PLAY 2 TOWABLE FUN TUBE - WATERSKIS.LV","og_description":"CONNELLY DOUBLE PLAY 2 TOWABLE FUN TUBE 60\" Dia. (deflated), pre-assembled Designed for 2 riders with a flat and round design","og_url":"https:\/\/www.waterskis.lv\/en\/product\/connelly-double-play-2-towable-fun-tube\/","og_site_name":"WATERSKIS.LV","article_publisher":"https:\/\/www.facebook.com\/jurmalawaterskiwakeboardpark\/","article_modified_time":"2026-01-30T15:46:48+00:00","og_image":[{"width":750,"height":750,"url":"https:\/\/www.waterskis.lv\/wp-content\/uploads\/2022\/01\/DoublePlay_4c148f6b-6461-42a0-be7c-5341bfddf447_750x.png.jpg","type":"image\/jpeg"}],"twitter_card":"summary_large_image","twitter_misc":{"Est. reading time":"1 minute"},"schema":{"@context":"https:\/\/schema.org","@graph":[{"@type":"WebPage","@id":"https:\/\/www.waterskis.lv\/en\/product\/connelly-double-play-2-towable-fun-tube\/","url":"https:\/\/www.waterskis.lv\/en\/product\/connelly-double-play-2-towable-fun-tube\/","name":"CONNELLY DOUBLE PLAY 2 TOWABLE FUN TUBE - WATERSKIS.LV","isPartOf":{"@id":"https:\/\/www.waterskis.lv\/en\/#website"},"primaryImageOfPage":{"@id":"https:\/\/www.waterskis.lv\/en\/product\/connelly-double-play-2-towable-fun-tube\/#primaryimage"},"image":{"@id":"https:\/\/www.waterskis.lv\/en\/product\/connelly-double-play-2-towable-fun-tube\/#primaryimage"},"thumbnailUrl":"https:\/\/www.waterskis.lv\/wp-content\/uploads\/2022\/01\/DoublePlay_4c148f6b-6461-42a0-be7c-5341bfddf447_750x.png.jpg","datePublished":"2022-01-27T06:55:49+00:00","dateModified":"2026-01-30T15:46:48+00:00","description":"CONNELLY DOUBLE PLAY 2 TOWABLE FUN TUBE 60\" Dia. (deflated), pre-assembled Designed for 2 riders with a flat and round design","breadcrumb":{"@id":"https:\/\/www.waterskis.lv\/en\/product\/connelly-double-play-2-towable-fun-tube\/#breadcrumb"},"inLanguage":"en-US","potentialAction":[{"@type":"ReadAction","target":["https:\/\/www.waterskis.lv\/en\/product\/connelly-double-play-2-towable-fun-tube\/"]}]},{"@type":"ImageObject","inLanguage":"en-US","@id":"https:\/\/www.waterskis.lv\/en\/product\/connelly-double-play-2-towable-fun-tube\/#primaryimage","url":"https:\/\/www.waterskis.lv\/wp-content\/uploads\/2022\/01\/DoublePlay_4c148f6b-6461-42a0-be7c-5341bfddf447_750x.png.jpg","contentUrl":"https:\/\/www.waterskis.lv\/wp-content\/uploads\/2022\/01\/DoublePlay_4c148f6b-6461-42a0-be7c-5341bfddf447_750x.png.jpg","width":750,"height":750,"caption":"CONNELLY DOUBLE PLAY 2 TOWABLE FUN TUBE"},{"@type":"BreadcrumbList","@id":"https:\/\/www.waterskis.lv\/en\/product\/connelly-double-play-2-towable-fun-tube\/#breadcrumb","itemListElement":[{"@type":"ListItem","position":1,"name":"Home","item":"https:\/\/www.waterskis.lv\/en\/"},{"@type":"ListItem","position":2,"name":"Shop","item":"https:\/\/waterskis.lv\/en\/shop\/"},{"@type":"ListItem","position":3,"name":"CONNELLY DOUBLE PLAY 2 TOWABLE FUN TUBE"}]},{"@type":"WebSite","@id":"https:\/\/www.waterskis.lv\/en\/#website","url":"https:\/\/www.waterskis.lv\/en\/","name":"WATERSKIS.LV","description":"SUP d\u0113\u013ci, kajaki, kanoe, airu laivas, \u016bdenssl\u0113po\u0161ana, veikbords, SUP d\u0113\u013cu noma, kajaku nomaakt\u012bv\u0101s atp\u016btas centrs, laivu noma, sup noma, kajaku noma","publisher":{"@id":"https:\/\/www.waterskis.lv\/en\/#organization"},"potentialAction":[{"@type":"SearchAction","target":{"@type":"EntryPoint","urlTemplate":"https:\/\/www.waterskis.lv\/en\/?s={search_term_string}"},"query-input":{"@type":"PropertyValueSpecification","valueRequired":true,"valueName":"search_term_string"}}],"inLanguage":"en-US"},{"@type":"Organization","@id":"https:\/\/www.waterskis.lv\/en\/#organization","name":"WATERSKIS.LV","url":"https:\/\/www.waterskis.lv\/en\/","logo":{"@type":"ImageObject","inLanguage":"en-US","@id":"https:\/\/www.waterskis.lv\/en\/#\/schema\/logo\/image\/","url":"https:\/\/www.waterskis.lv\/wp-content\/uploads\/2025\/01\/JUVP-logo.png","contentUrl":"https:\/\/www.waterskis.lv\/wp-content\/uploads\/2025\/01\/JUVP-logo.png","width":421,"height":202,"caption":"WATERSKIS.LV"},"image":{"@id":"https:\/\/www.waterskis.lv\/en\/#\/schema\/logo\/image\/"},"sameAs":["https:\/\/www.facebook.com\/jurmalawaterskiwakeboardpark\/"]}]}},"_links":{"self":[{"href":"https:\/\/www.waterskis.lv\/en\/wp-json\/wp\/v2\/product\/37799","targetHints":{"allow":["GET"]}}],"collection":[{"href":"https:\/\/www.waterskis.lv\/en\/wp-json\/wp\/v2\/product"}],"about":[{"href":"https:\/\/www.waterskis.lv\/en\/wp-json\/wp\/v2\/types\/product"}],"replies":[{"embeddable":true,"href":"https:\/\/www.waterskis.lv\/en\/wp-json\/wp\/v2\/comments?post=37799"}],"wp:featuredmedia":[{"embeddable":true,"href":"https:\/\/www.waterskis.lv\/en\/wp-json\/wp\/v2\/media\/35516"}],"wp:attachment":[{"href":"https:\/\/www.waterskis.lv\/en\/wp-json\/wp\/v2\/media?parent=37799"}],"wp:term":[{"taxonomy":"product_brand","embeddable":true,"href":"https:\/\/www.waterskis.lv\/en\/wp-json\/wp\/v2\/product_brand?post=37799"},{"taxonomy":"product_cat","embeddable":true,"href":"https:\/\/www.waterskis.lv\/en\/wp-json\/wp\/v2\/product_cat?post=37799"},{"taxonomy":"product_tag","embeddable":true,"href":"https:\/\/www.waterskis.lv\/en\/wp-json\/wp\/v2\/product_tag?post=37799"}],"curies":[{"name":"wp","href":"https:\/\/api.w.org\/{rel}","templated":true}]}}