{"id":37839,"date":"2022-01-08T20:04:56","date_gmt":"2022-03-08T09:01:24","guid":{"rendered":"https:\/\/www.waterskis.lv\/?post_type=product&#038;p=37839"},"modified":"2022-03-08T12:01:25","modified_gmt":"2022-03-08T09:01:25","slug":"dulkan-220-rl","status":"publish","type":"product","link":"https:\/\/www.waterskis.lv\/en\/product\/dulkan-220-rl\/","title":{"rendered":"Dulkan 220 RL"},"content":{"rendered":"<p>Dulkan 220 RL<\/p>\n<p>These boats are small in size with a slatted floor and a flat bottom. It is perfect for those who appreciate the compact size and speed of preparation of the boat for use as the time for flooring installation is not required. Small boats are not just for leisure on the water, they are used in a travelling as a support vessel in the boat or yacht. The boat has good stability and maneuverability. The boat consists of 2 isolated compartments.<\/p>\n<table class=\"table\">\n<tbody>\n<tr>\n<th>LENGTH, M<\/th>\n<td>2.20<\/td>\n<\/tr>\n<tr>\n<th>WIDTH, M<\/th>\n<td>1.45<\/td>\n<\/tr>\n<tr>\n<th>INSIDE LENGTH, M<\/th>\n<td>1.55<\/td>\n<\/tr>\n<tr>\n<th>INSIDE WIDTH, M<\/th>\n<td>0.65<\/td>\n<\/tr>\n<tr>\n<th>BALLOON`S DIAMETER, M<\/th>\n<td>0.40<\/td>\n<\/tr>\n<tr>\n<th>NUMBER OF PEOPLE<\/th>\n<td>2<\/td>\n<\/tr>\n<tr>\n<th>NUMBER OF COLLECTORS<\/th>\n<td>3<\/td>\n<\/tr>\n<tr>\n<th>TONNAGE, KG<\/th>\n<td>300<\/td>\n<\/tr>\n<tr>\n<th>SET WEIGHT, KG<\/th>\n<td>24<\/td>\n<\/tr>\n<tr>\n<th>MOTOR ENGINE KW\/HP<\/th>\n<td>3.7\/ 5<\/td>\n<\/tr>\n<tr>\n<th>BOAT DESIGN CATEGORY<\/th>\n<td>D<\/td>\n<\/tr>\n<tr>\n<th>HEIGHT OF TRANSOM<\/th>\n<td>S\/L<\/td>\n<\/tr>\n<tr>\n<th>MATERIAL PVC (BALLONS)<\/th>\n<td>VALMEX 7318, 1000 g\/m\u00b2<\/td>\n<\/tr>\n<tr>\n<th>MATERIAL PVC (BOTTOM)<\/th>\n<td>VALMEX 7330, 1200 g\/m\u00b2<\/td>\n<\/tr>\n<tr>\n<th>PACKAGE DIMENSIONS<\/th>\n<td>1.15\u00d70.40\u00d70.40<\/td>\n<\/tr>\n<tr>\n<th>FLOOR TYPE<\/th>\n<td>Slatted deck<\/td>\n<\/tr>\n<\/tbody>\n<\/table>\n<p>Dulkan 220 RL<\/p>\n<p>&nbsp;<\/p>\n<p>&nbsp;<\/p>\n<p>&nbsp;<\/p>\n","protected":false},"excerpt":{"rendered":"<p>Dulkan 220 RL These boats are small in size with a slatted floor and a flat bottom. It is perfect for those who appreciate the compact size and speed of preparation of the boat for use as the time for flooring installation is not required. Small boats are not just for leisure on the water, [&#8230;]<\/p>\n<p><a class=\"btn btn-secondary understrap-read-more-link\" href=\"https:\/\/www.waterskis.lv\/en\/product\/dulkan-220-rl\/\">Read More&#8230;<\/a><\/p>\n","protected":false},"featured_media":34305,"comment_status":"closed","ping_status":"closed","template":"","meta":{"_acf_changed":false,"inline_featured_image":false},"product_brand":[],"product_cat":[571],"product_tag":[],"class_list":{"0":"post-37839","1":"product","2":"type-product","3":"status-publish","4":"has-post-thumbnail","6":"product_cat-boats","8":"first","9":"instock","10":"shipping-taxable","11":"purchasable","12":"product-type-simple"},"acf":[],"yoast_head":"<!-- This site is optimized with the Yoast SEO plugin v27.3 - https:\/\/yoast.com\/product\/yoast-seo-wordpress\/ -->\n<title>Dulkan 220 RL - WATERSKIS.LV<\/title>\n<meta name=\"description\" content=\"Dulkan 220 RL. Waterskis.lv - established manufacturers, high quality, good prices. Boat rental and more in Jurmala\" \/>\n<meta name=\"robots\" content=\"index, follow, max-snippet:-1, max-image-preview:large, max-video-preview:-1\" \/>\n<link rel=\"canonical\" href=\"https:\/\/www.waterskis.lv\/en\/product\/dulkan-220-rl\/\" \/>\n<meta property=\"og:locale\" content=\"en_US\" \/>\n<meta property=\"og:type\" content=\"article\" \/>\n<meta property=\"og:title\" content=\"Dulkan 220 RL - WATERSKIS.LV\" \/>\n<meta property=\"og:description\" content=\"Dulkan 220 RL. Waterskis.lv - established manufacturers, high quality, good prices. Boat rental and more in Jurmala\" \/>\n<meta property=\"og:url\" content=\"https:\/\/www.waterskis.lv\/en\/product\/dulkan-220-rl\/\" \/>\n<meta property=\"og:site_name\" content=\"WATERSKIS.LV\" \/>\n<meta property=\"article:publisher\" content=\"https:\/\/www.facebook.com\/jurmalawaterskiwakeboardpark\/\" \/>\n<meta property=\"article:modified_time\" content=\"2022-03-08T09:01:25+00:00\" \/>\n<meta property=\"og:image\" content=\"https:\/\/www.waterskis.lv\/wp-content\/uploads\/2022\/01\/D220RL.jpg\" \/>\n\t<meta property=\"og:image:width\" content=\"1200\" \/>\n\t<meta property=\"og:image:height\" content=\"808\" \/>\n\t<meta property=\"og:image:type\" content=\"image\/jpeg\" \/>\n<meta name=\"twitter:card\" content=\"summary_large_image\" \/>\n<meta name=\"twitter:label1\" content=\"Est. reading time\" \/>\n\t<meta name=\"twitter:data1\" content=\"1 minute\" \/>\n<script type=\"application\/ld+json\" class=\"yoast-schema-graph\">{\"@context\":\"https:\\\/\\\/schema.org\",\"@graph\":[{\"@type\":\"WebPage\",\"@id\":\"https:\\\/\\\/www.waterskis.lv\\\/en\\\/product\\\/dulkan-220-rl\\\/\",\"url\":\"https:\\\/\\\/www.waterskis.lv\\\/en\\\/product\\\/dulkan-220-rl\\\/\",\"name\":\"Dulkan 220 RL - WATERSKIS.LV\",\"isPartOf\":{\"@id\":\"https:\\\/\\\/www.waterskis.lv\\\/en\\\/#website\"},\"primaryImageOfPage\":{\"@id\":\"https:\\\/\\\/www.waterskis.lv\\\/en\\\/product\\\/dulkan-220-rl\\\/#primaryimage\"},\"image\":{\"@id\":\"https:\\\/\\\/www.waterskis.lv\\\/en\\\/product\\\/dulkan-220-rl\\\/#primaryimage\"},\"thumbnailUrl\":\"https:\\\/\\\/www.waterskis.lv\\\/wp-content\\\/uploads\\\/2022\\\/01\\\/D220RL.jpg\",\"datePublished\":\"2022-03-08T09:01:24+00:00\",\"dateModified\":\"2022-03-08T09:01:25+00:00\",\"description\":\"Dulkan 220 RL. Waterskis.lv - established manufacturers, high quality, good prices. Boat rental and more in Jurmala\",\"breadcrumb\":{\"@id\":\"https:\\\/\\\/www.waterskis.lv\\\/en\\\/product\\\/dulkan-220-rl\\\/#breadcrumb\"},\"inLanguage\":\"en-US\",\"potentialAction\":[{\"@type\":\"ReadAction\",\"target\":[\"https:\\\/\\\/www.waterskis.lv\\\/en\\\/product\\\/dulkan-220-rl\\\/\"]}]},{\"@type\":\"ImageObject\",\"inLanguage\":\"en-US\",\"@id\":\"https:\\\/\\\/www.waterskis.lv\\\/en\\\/product\\\/dulkan-220-rl\\\/#primaryimage\",\"url\":\"https:\\\/\\\/www.waterskis.lv\\\/wp-content\\\/uploads\\\/2022\\\/01\\\/D220RL.jpg\",\"contentUrl\":\"https:\\\/\\\/www.waterskis.lv\\\/wp-content\\\/uploads\\\/2022\\\/01\\\/D220RL.jpg\",\"width\":1200,\"height\":808,\"caption\":\"Dulkan 220 RL\"},{\"@type\":\"BreadcrumbList\",\"@id\":\"https:\\\/\\\/www.waterskis.lv\\\/en\\\/product\\\/dulkan-220-rl\\\/#breadcrumb\",\"itemListElement\":[{\"@type\":\"ListItem\",\"position\":1,\"name\":\"Home\",\"item\":\"https:\\\/\\\/www.waterskis.lv\\\/en\\\/\"},{\"@type\":\"ListItem\",\"position\":2,\"name\":\"Shop\",\"item\":\"https:\\\/\\\/waterskis.lv\\\/en\\\/shop\\\/\"},{\"@type\":\"ListItem\",\"position\":3,\"name\":\"Dulkan 220 RL\"}]},{\"@type\":\"WebSite\",\"@id\":\"https:\\\/\\\/www.waterskis.lv\\\/en\\\/#website\",\"url\":\"https:\\\/\\\/www.waterskis.lv\\\/en\\\/\",\"name\":\"WATERSKIS.LV\",\"description\":\"SUP d\u0113\u013ci, kajaki, kanoe, airu laivas, \u016bdenssl\u0113po\u0161ana, veikbords, SUP d\u0113\u013cu noma, kajaku nomaakt\u012bv\u0101s atp\u016btas centrs, laivu noma, sup noma, kajaku noma\",\"publisher\":{\"@id\":\"https:\\\/\\\/www.waterskis.lv\\\/en\\\/#organization\"},\"potentialAction\":[{\"@type\":\"SearchAction\",\"target\":{\"@type\":\"EntryPoint\",\"urlTemplate\":\"https:\\\/\\\/www.waterskis.lv\\\/en\\\/?s={search_term_string}\"},\"query-input\":{\"@type\":\"PropertyValueSpecification\",\"valueRequired\":true,\"valueName\":\"search_term_string\"}}],\"inLanguage\":\"en-US\"},{\"@type\":\"Organization\",\"@id\":\"https:\\\/\\\/www.waterskis.lv\\\/en\\\/#organization\",\"name\":\"WATERSKIS.LV\",\"url\":\"https:\\\/\\\/www.waterskis.lv\\\/en\\\/\",\"logo\":{\"@type\":\"ImageObject\",\"inLanguage\":\"en-US\",\"@id\":\"https:\\\/\\\/www.waterskis.lv\\\/en\\\/#\\\/schema\\\/logo\\\/image\\\/\",\"url\":\"https:\\\/\\\/www.waterskis.lv\\\/wp-content\\\/uploads\\\/2025\\\/01\\\/JUVP-logo.png\",\"contentUrl\":\"https:\\\/\\\/www.waterskis.lv\\\/wp-content\\\/uploads\\\/2025\\\/01\\\/JUVP-logo.png\",\"width\":421,\"height\":202,\"caption\":\"WATERSKIS.LV\"},\"image\":{\"@id\":\"https:\\\/\\\/www.waterskis.lv\\\/en\\\/#\\\/schema\\\/logo\\\/image\\\/\"},\"sameAs\":[\"https:\\\/\\\/www.facebook.com\\\/jurmalawaterskiwakeboardpark\\\/\"]}]}<\/script>\n<!-- \/ Yoast SEO plugin. -->","yoast_head_json":{"title":"Dulkan 220 RL - WATERSKIS.LV","description":"Dulkan 220 RL. Waterskis.lv - established manufacturers, high quality, good prices. Boat rental and more in Jurmala","robots":{"index":"index","follow":"follow","max-snippet":"max-snippet:-1","max-image-preview":"max-image-preview:large","max-video-preview":"max-video-preview:-1"},"canonical":"https:\/\/www.waterskis.lv\/en\/product\/dulkan-220-rl\/","og_locale":"en_US","og_type":"article","og_title":"Dulkan 220 RL - WATERSKIS.LV","og_description":"Dulkan 220 RL. Waterskis.lv - established manufacturers, high quality, good prices. Boat rental and more in Jurmala","og_url":"https:\/\/www.waterskis.lv\/en\/product\/dulkan-220-rl\/","og_site_name":"WATERSKIS.LV","article_publisher":"https:\/\/www.facebook.com\/jurmalawaterskiwakeboardpark\/","article_modified_time":"2022-03-08T09:01:25+00:00","og_image":[{"width":1200,"height":808,"url":"https:\/\/www.waterskis.lv\/wp-content\/uploads\/2022\/01\/D220RL.jpg","type":"image\/jpeg"}],"twitter_card":"summary_large_image","twitter_misc":{"Est. reading time":"1 minute"},"schema":{"@context":"https:\/\/schema.org","@graph":[{"@type":"WebPage","@id":"https:\/\/www.waterskis.lv\/en\/product\/dulkan-220-rl\/","url":"https:\/\/www.waterskis.lv\/en\/product\/dulkan-220-rl\/","name":"Dulkan 220 RL - WATERSKIS.LV","isPartOf":{"@id":"https:\/\/www.waterskis.lv\/en\/#website"},"primaryImageOfPage":{"@id":"https:\/\/www.waterskis.lv\/en\/product\/dulkan-220-rl\/#primaryimage"},"image":{"@id":"https:\/\/www.waterskis.lv\/en\/product\/dulkan-220-rl\/#primaryimage"},"thumbnailUrl":"https:\/\/www.waterskis.lv\/wp-content\/uploads\/2022\/01\/D220RL.jpg","datePublished":"2022-03-08T09:01:24+00:00","dateModified":"2022-03-08T09:01:25+00:00","description":"Dulkan 220 RL. Waterskis.lv - established manufacturers, high quality, good prices. Boat rental and more in Jurmala","breadcrumb":{"@id":"https:\/\/www.waterskis.lv\/en\/product\/dulkan-220-rl\/#breadcrumb"},"inLanguage":"en-US","potentialAction":[{"@type":"ReadAction","target":["https:\/\/www.waterskis.lv\/en\/product\/dulkan-220-rl\/"]}]},{"@type":"ImageObject","inLanguage":"en-US","@id":"https:\/\/www.waterskis.lv\/en\/product\/dulkan-220-rl\/#primaryimage","url":"https:\/\/www.waterskis.lv\/wp-content\/uploads\/2022\/01\/D220RL.jpg","contentUrl":"https:\/\/www.waterskis.lv\/wp-content\/uploads\/2022\/01\/D220RL.jpg","width":1200,"height":808,"caption":"Dulkan 220 RL"},{"@type":"BreadcrumbList","@id":"https:\/\/www.waterskis.lv\/en\/product\/dulkan-220-rl\/#breadcrumb","itemListElement":[{"@type":"ListItem","position":1,"name":"Home","item":"https:\/\/www.waterskis.lv\/en\/"},{"@type":"ListItem","position":2,"name":"Shop","item":"https:\/\/waterskis.lv\/en\/shop\/"},{"@type":"ListItem","position":3,"name":"Dulkan 220 RL"}]},{"@type":"WebSite","@id":"https:\/\/www.waterskis.lv\/en\/#website","url":"https:\/\/www.waterskis.lv\/en\/","name":"WATERSKIS.LV","description":"SUP d\u0113\u013ci, kajaki, kanoe, airu laivas, \u016bdenssl\u0113po\u0161ana, veikbords, SUP d\u0113\u013cu noma, kajaku nomaakt\u012bv\u0101s atp\u016btas centrs, laivu noma, sup noma, kajaku noma","publisher":{"@id":"https:\/\/www.waterskis.lv\/en\/#organization"},"potentialAction":[{"@type":"SearchAction","target":{"@type":"EntryPoint","urlTemplate":"https:\/\/www.waterskis.lv\/en\/?s={search_term_string}"},"query-input":{"@type":"PropertyValueSpecification","valueRequired":true,"valueName":"search_term_string"}}],"inLanguage":"en-US"},{"@type":"Organization","@id":"https:\/\/www.waterskis.lv\/en\/#organization","name":"WATERSKIS.LV","url":"https:\/\/www.waterskis.lv\/en\/","logo":{"@type":"ImageObject","inLanguage":"en-US","@id":"https:\/\/www.waterskis.lv\/en\/#\/schema\/logo\/image\/","url":"https:\/\/www.waterskis.lv\/wp-content\/uploads\/2025\/01\/JUVP-logo.png","contentUrl":"https:\/\/www.waterskis.lv\/wp-content\/uploads\/2025\/01\/JUVP-logo.png","width":421,"height":202,"caption":"WATERSKIS.LV"},"image":{"@id":"https:\/\/www.waterskis.lv\/en\/#\/schema\/logo\/image\/"},"sameAs":["https:\/\/www.facebook.com\/jurmalawaterskiwakeboardpark\/"]}]}},"_links":{"self":[{"href":"https:\/\/www.waterskis.lv\/en\/wp-json\/wp\/v2\/product\/37839","targetHints":{"allow":["GET"]}}],"collection":[{"href":"https:\/\/www.waterskis.lv\/en\/wp-json\/wp\/v2\/product"}],"about":[{"href":"https:\/\/www.waterskis.lv\/en\/wp-json\/wp\/v2\/types\/product"}],"replies":[{"embeddable":true,"href":"https:\/\/www.waterskis.lv\/en\/wp-json\/wp\/v2\/comments?post=37839"}],"wp:featuredmedia":[{"embeddable":true,"href":"https:\/\/www.waterskis.lv\/en\/wp-json\/wp\/v2\/media\/34305"}],"wp:attachment":[{"href":"https:\/\/www.waterskis.lv\/en\/wp-json\/wp\/v2\/media?parent=37839"}],"wp:term":[{"taxonomy":"product_brand","embeddable":true,"href":"https:\/\/www.waterskis.lv\/en\/wp-json\/wp\/v2\/product_brand?post=37839"},{"taxonomy":"product_cat","embeddable":true,"href":"https:\/\/www.waterskis.lv\/en\/wp-json\/wp\/v2\/product_cat?post=37839"},{"taxonomy":"product_tag","embeddable":true,"href":"https:\/\/www.waterskis.lv\/en\/wp-json\/wp\/v2\/product_tag?post=37839"}],"curies":[{"name":"wp","href":"https:\/\/api.w.org\/{rel}","templated":true}]}}