{"id":37878,"date":"2022-01-15T15:24:53","date_gmt":"2022-03-08T10:48:27","guid":{"rendered":"https:\/\/www.waterskis.lv\/?post_type=product&#038;p=37878"},"modified":"2022-03-08T13:48:28","modified_gmt":"2022-03-08T10:48:28","slug":"inflatable-boat-with-aluminum-floor-3-60m","status":"publish","type":"product","link":"https:\/\/www.waterskis.lv\/en\/product\/inflatable-boat-with-aluminum-floor-3-60m\/","title":{"rendered":"Inflatable boat with aluminum floor 3.60m"},"content":{"rendered":"<p>Inflatable boat with aluminum floor 3.60m<\/p>\n<p><strong>Standard equipments<\/strong><br \/>\n\u2022 One pair of two-piece aluminum anodized oars<br \/>\n\u2022 Marine grade plywood bench seat<br \/>\n\u2022 Boat carrying bag<br \/>\n\u2022 Floor bag<br \/>\n\u2022 Repairing kit<br \/>\n\u2022 Foot or hand pump<\/p>\n<table class=\"table\">\n<tbody>\n<tr>\n<th>LENGTH, M<\/th>\n<td>3.60<\/td>\n<\/tr>\n<tr>\n<th>WIDTH, M<\/th>\n<td>1.73<\/td>\n<\/tr>\n<tr>\n<th>INSIDE LENGTH, M<\/th>\n<td>2.42<\/td>\n<\/tr>\n<tr>\n<th>INSIDE WIDTH, M<\/th>\n<td>0.81<\/td>\n<\/tr>\n<tr>\n<th>BALLOON`S DIAMETER, M<\/th>\n<td>0.46<\/td>\n<\/tr>\n<tr>\n<th>NUMBER OF PEOPLE<\/th>\n<td>6<\/td>\n<\/tr>\n<tr>\n<th>NUMBER OF COLLECTORS<\/th>\n<td>3+KEEL<\/td>\n<\/tr>\n<tr>\n<th>TONNAGE, KG<\/th>\n<td>710<\/td>\n<\/tr>\n<tr>\n<th>SET WEIGHT, KG<\/th>\n<td>79<\/td>\n<\/tr>\n<tr>\n<th>MOTOR ENGINE KW\/HP<\/th>\n<td>14.9\/20<\/td>\n<\/tr>\n<tr>\n<th>BOAT DESIGN CATEGORY<\/th>\n<td>C<\/td>\n<\/tr>\n<tr>\n<th>MATERIAL PVC (BALLONS)<\/th>\n<td>1050 g\/m2<\/td>\n<\/tr>\n<tr>\n<th>FLOOR TYPE<\/th>\n<td>Aluminum<\/td>\n<\/tr>\n<\/tbody>\n<\/table>\n<p>Inflatable boat with aluminum floor 3.60m<\/p>\n<p>&nbsp;<\/p>\n","protected":false},"excerpt":{"rendered":"<p>Inflatable boat with aluminum floor 3.60m Standard equipments \u2022 One pair of two-piece aluminum anodized oars \u2022 Marine grade plywood bench seat \u2022 Boat carrying bag \u2022 Floor bag \u2022 Repairing kit \u2022 Foot or hand pump LENGTH, M 3.60 WIDTH, M 1.73 INSIDE LENGTH, M 2.42 INSIDE WIDTH, M 0.81 BALLOON`S DIAMETER, M 0.46 [&#8230;]<\/p>\n<p><a class=\"btn btn-secondary understrap-read-more-link\" href=\"https:\/\/www.waterskis.lv\/en\/product\/inflatable-boat-with-aluminum-floor-3-60m\/\">Read More&#8230;<\/a><\/p>\n","protected":false},"featured_media":34620,"comment_status":"closed","ping_status":"closed","template":"","meta":{"_acf_changed":false,"inline_featured_image":false},"product_brand":[],"product_cat":[571],"product_tag":[],"class_list":{"0":"post-37878","1":"product","2":"type-product","3":"status-publish","4":"has-post-thumbnail","6":"product_cat-boats","8":"first","9":"instock","10":"shipping-taxable","11":"purchasable","12":"product-type-simple"},"acf":[],"yoast_head":"<!-- This site is optimized with the Yoast SEO plugin v27.3 - https:\/\/yoast.com\/product\/yoast-seo-wordpress\/ -->\n<title>Inflatable boat with aluminum floor 3.60m - WATERSKIS.LV<\/title>\n<meta name=\"description\" content=\"Inflatable boat with aluminum floor 3.60m. Waterskis.lv - established manufacturers, high quality, good prices. Boat rental in Jurmala\" \/>\n<meta name=\"robots\" content=\"index, follow, max-snippet:-1, max-image-preview:large, max-video-preview:-1\" \/>\n<link rel=\"canonical\" href=\"https:\/\/www.waterskis.lv\/en\/product\/inflatable-boat-with-aluminum-floor-3-60m\/\" \/>\n<meta property=\"og:locale\" content=\"en_US\" \/>\n<meta property=\"og:type\" content=\"article\" \/>\n<meta property=\"og:title\" content=\"Inflatable boat with aluminum floor 3.60m - WATERSKIS.LV\" \/>\n<meta property=\"og:description\" content=\"Inflatable boat with aluminum floor 3.60m. Waterskis.lv - established manufacturers, high quality, good prices. Boat rental in Jurmala\" \/>\n<meta property=\"og:url\" content=\"https:\/\/www.waterskis.lv\/en\/product\/inflatable-boat-with-aluminum-floor-3-60m\/\" \/>\n<meta property=\"og:site_name\" content=\"WATERSKIS.LV\" \/>\n<meta property=\"article:publisher\" content=\"https:\/\/www.facebook.com\/jurmalawaterskiwakeboardpark\/\" \/>\n<meta property=\"article:modified_time\" content=\"2022-03-08T10:48:28+00:00\" \/>\n<meta property=\"og:image\" content=\"https:\/\/www.waterskis.lv\/wp-content\/uploads\/2022\/01\/W3.60.jpg\" \/>\n\t<meta property=\"og:image:width\" content=\"1125\" \/>\n\t<meta property=\"og:image:height\" content=\"1094\" \/>\n\t<meta property=\"og:image:type\" content=\"image\/jpeg\" \/>\n<meta name=\"twitter:card\" content=\"summary_large_image\" \/>\n<meta name=\"twitter:label1\" content=\"Est. reading time\" \/>\n\t<meta name=\"twitter:data1\" content=\"1 minute\" \/>\n<script type=\"application\/ld+json\" class=\"yoast-schema-graph\">{\"@context\":\"https:\\\/\\\/schema.org\",\"@graph\":[{\"@type\":\"WebPage\",\"@id\":\"https:\\\/\\\/www.waterskis.lv\\\/en\\\/product\\\/inflatable-boat-with-aluminum-floor-3-60m\\\/\",\"url\":\"https:\\\/\\\/www.waterskis.lv\\\/en\\\/product\\\/inflatable-boat-with-aluminum-floor-3-60m\\\/\",\"name\":\"Inflatable boat with aluminum floor 3.60m - WATERSKIS.LV\",\"isPartOf\":{\"@id\":\"https:\\\/\\\/www.waterskis.lv\\\/en\\\/#website\"},\"primaryImageOfPage\":{\"@id\":\"https:\\\/\\\/www.waterskis.lv\\\/en\\\/product\\\/inflatable-boat-with-aluminum-floor-3-60m\\\/#primaryimage\"},\"image\":{\"@id\":\"https:\\\/\\\/www.waterskis.lv\\\/en\\\/product\\\/inflatable-boat-with-aluminum-floor-3-60m\\\/#primaryimage\"},\"thumbnailUrl\":\"https:\\\/\\\/www.waterskis.lv\\\/wp-content\\\/uploads\\\/2022\\\/01\\\/W3.60.jpg\",\"datePublished\":\"2022-03-08T10:48:27+00:00\",\"dateModified\":\"2022-03-08T10:48:28+00:00\",\"description\":\"Inflatable boat with aluminum floor 3.60m. Waterskis.lv - established manufacturers, high quality, good prices. Boat rental in Jurmala\",\"breadcrumb\":{\"@id\":\"https:\\\/\\\/www.waterskis.lv\\\/en\\\/product\\\/inflatable-boat-with-aluminum-floor-3-60m\\\/#breadcrumb\"},\"inLanguage\":\"en-US\",\"potentialAction\":[{\"@type\":\"ReadAction\",\"target\":[\"https:\\\/\\\/www.waterskis.lv\\\/en\\\/product\\\/inflatable-boat-with-aluminum-floor-3-60m\\\/\"]}]},{\"@type\":\"ImageObject\",\"inLanguage\":\"en-US\",\"@id\":\"https:\\\/\\\/www.waterskis.lv\\\/en\\\/product\\\/inflatable-boat-with-aluminum-floor-3-60m\\\/#primaryimage\",\"url\":\"https:\\\/\\\/www.waterskis.lv\\\/wp-content\\\/uploads\\\/2022\\\/01\\\/W3.60.jpg\",\"contentUrl\":\"https:\\\/\\\/www.waterskis.lv\\\/wp-content\\\/uploads\\\/2022\\\/01\\\/W3.60.jpg\",\"width\":1125,\"height\":1094,\"caption\":\"Piep\u016b\u0161ama laiva ar alum\u012bnija gr\u012bdu 3.60m\"},{\"@type\":\"BreadcrumbList\",\"@id\":\"https:\\\/\\\/www.waterskis.lv\\\/en\\\/product\\\/inflatable-boat-with-aluminum-floor-3-60m\\\/#breadcrumb\",\"itemListElement\":[{\"@type\":\"ListItem\",\"position\":1,\"name\":\"Home\",\"item\":\"https:\\\/\\\/www.waterskis.lv\\\/en\\\/\"},{\"@type\":\"ListItem\",\"position\":2,\"name\":\"Shop\",\"item\":\"https:\\\/\\\/waterskis.lv\\\/en\\\/shop\\\/\"},{\"@type\":\"ListItem\",\"position\":3,\"name\":\"Inflatable boat with aluminum floor 3.60m\"}]},{\"@type\":\"WebSite\",\"@id\":\"https:\\\/\\\/www.waterskis.lv\\\/en\\\/#website\",\"url\":\"https:\\\/\\\/www.waterskis.lv\\\/en\\\/\",\"name\":\"WATERSKIS.LV\",\"description\":\"SUP d\u0113\u013ci, kajaki, kanoe, airu laivas, \u016bdenssl\u0113po\u0161ana, veikbords, SUP d\u0113\u013cu noma, kajaku nomaakt\u012bv\u0101s atp\u016btas centrs, laivu noma, sup noma, kajaku noma\",\"publisher\":{\"@id\":\"https:\\\/\\\/www.waterskis.lv\\\/en\\\/#organization\"},\"potentialAction\":[{\"@type\":\"SearchAction\",\"target\":{\"@type\":\"EntryPoint\",\"urlTemplate\":\"https:\\\/\\\/www.waterskis.lv\\\/en\\\/?s={search_term_string}\"},\"query-input\":{\"@type\":\"PropertyValueSpecification\",\"valueRequired\":true,\"valueName\":\"search_term_string\"}}],\"inLanguage\":\"en-US\"},{\"@type\":\"Organization\",\"@id\":\"https:\\\/\\\/www.waterskis.lv\\\/en\\\/#organization\",\"name\":\"WATERSKIS.LV\",\"url\":\"https:\\\/\\\/www.waterskis.lv\\\/en\\\/\",\"logo\":{\"@type\":\"ImageObject\",\"inLanguage\":\"en-US\",\"@id\":\"https:\\\/\\\/www.waterskis.lv\\\/en\\\/#\\\/schema\\\/logo\\\/image\\\/\",\"url\":\"https:\\\/\\\/www.waterskis.lv\\\/wp-content\\\/uploads\\\/2025\\\/01\\\/JUVP-logo.png\",\"contentUrl\":\"https:\\\/\\\/www.waterskis.lv\\\/wp-content\\\/uploads\\\/2025\\\/01\\\/JUVP-logo.png\",\"width\":421,\"height\":202,\"caption\":\"WATERSKIS.LV\"},\"image\":{\"@id\":\"https:\\\/\\\/www.waterskis.lv\\\/en\\\/#\\\/schema\\\/logo\\\/image\\\/\"},\"sameAs\":[\"https:\\\/\\\/www.facebook.com\\\/jurmalawaterskiwakeboardpark\\\/\"]}]}<\/script>\n<!-- \/ Yoast SEO plugin. -->","yoast_head_json":{"title":"Inflatable boat with aluminum floor 3.60m - WATERSKIS.LV","description":"Inflatable boat with aluminum floor 3.60m. Waterskis.lv - established manufacturers, high quality, good prices. Boat rental in Jurmala","robots":{"index":"index","follow":"follow","max-snippet":"max-snippet:-1","max-image-preview":"max-image-preview:large","max-video-preview":"max-video-preview:-1"},"canonical":"https:\/\/www.waterskis.lv\/en\/product\/inflatable-boat-with-aluminum-floor-3-60m\/","og_locale":"en_US","og_type":"article","og_title":"Inflatable boat with aluminum floor 3.60m - WATERSKIS.LV","og_description":"Inflatable boat with aluminum floor 3.60m. Waterskis.lv - established manufacturers, high quality, good prices. Boat rental in Jurmala","og_url":"https:\/\/www.waterskis.lv\/en\/product\/inflatable-boat-with-aluminum-floor-3-60m\/","og_site_name":"WATERSKIS.LV","article_publisher":"https:\/\/www.facebook.com\/jurmalawaterskiwakeboardpark\/","article_modified_time":"2022-03-08T10:48:28+00:00","og_image":[{"width":1125,"height":1094,"url":"https:\/\/www.waterskis.lv\/wp-content\/uploads\/2022\/01\/W3.60.jpg","type":"image\/jpeg"}],"twitter_card":"summary_large_image","twitter_misc":{"Est. reading time":"1 minute"},"schema":{"@context":"https:\/\/schema.org","@graph":[{"@type":"WebPage","@id":"https:\/\/www.waterskis.lv\/en\/product\/inflatable-boat-with-aluminum-floor-3-60m\/","url":"https:\/\/www.waterskis.lv\/en\/product\/inflatable-boat-with-aluminum-floor-3-60m\/","name":"Inflatable boat with aluminum floor 3.60m - WATERSKIS.LV","isPartOf":{"@id":"https:\/\/www.waterskis.lv\/en\/#website"},"primaryImageOfPage":{"@id":"https:\/\/www.waterskis.lv\/en\/product\/inflatable-boat-with-aluminum-floor-3-60m\/#primaryimage"},"image":{"@id":"https:\/\/www.waterskis.lv\/en\/product\/inflatable-boat-with-aluminum-floor-3-60m\/#primaryimage"},"thumbnailUrl":"https:\/\/www.waterskis.lv\/wp-content\/uploads\/2022\/01\/W3.60.jpg","datePublished":"2022-03-08T10:48:27+00:00","dateModified":"2022-03-08T10:48:28+00:00","description":"Inflatable boat with aluminum floor 3.60m. Waterskis.lv - established manufacturers, high quality, good prices. Boat rental in Jurmala","breadcrumb":{"@id":"https:\/\/www.waterskis.lv\/en\/product\/inflatable-boat-with-aluminum-floor-3-60m\/#breadcrumb"},"inLanguage":"en-US","potentialAction":[{"@type":"ReadAction","target":["https:\/\/www.waterskis.lv\/en\/product\/inflatable-boat-with-aluminum-floor-3-60m\/"]}]},{"@type":"ImageObject","inLanguage":"en-US","@id":"https:\/\/www.waterskis.lv\/en\/product\/inflatable-boat-with-aluminum-floor-3-60m\/#primaryimage","url":"https:\/\/www.waterskis.lv\/wp-content\/uploads\/2022\/01\/W3.60.jpg","contentUrl":"https:\/\/www.waterskis.lv\/wp-content\/uploads\/2022\/01\/W3.60.jpg","width":1125,"height":1094,"caption":"Piep\u016b\u0161ama laiva ar alum\u012bnija gr\u012bdu 3.60m"},{"@type":"BreadcrumbList","@id":"https:\/\/www.waterskis.lv\/en\/product\/inflatable-boat-with-aluminum-floor-3-60m\/#breadcrumb","itemListElement":[{"@type":"ListItem","position":1,"name":"Home","item":"https:\/\/www.waterskis.lv\/en\/"},{"@type":"ListItem","position":2,"name":"Shop","item":"https:\/\/waterskis.lv\/en\/shop\/"},{"@type":"ListItem","position":3,"name":"Inflatable boat with aluminum floor 3.60m"}]},{"@type":"WebSite","@id":"https:\/\/www.waterskis.lv\/en\/#website","url":"https:\/\/www.waterskis.lv\/en\/","name":"WATERSKIS.LV","description":"SUP d\u0113\u013ci, kajaki, kanoe, airu laivas, \u016bdenssl\u0113po\u0161ana, veikbords, SUP d\u0113\u013cu noma, kajaku nomaakt\u012bv\u0101s atp\u016btas centrs, laivu noma, sup noma, kajaku noma","publisher":{"@id":"https:\/\/www.waterskis.lv\/en\/#organization"},"potentialAction":[{"@type":"SearchAction","target":{"@type":"EntryPoint","urlTemplate":"https:\/\/www.waterskis.lv\/en\/?s={search_term_string}"},"query-input":{"@type":"PropertyValueSpecification","valueRequired":true,"valueName":"search_term_string"}}],"inLanguage":"en-US"},{"@type":"Organization","@id":"https:\/\/www.waterskis.lv\/en\/#organization","name":"WATERSKIS.LV","url":"https:\/\/www.waterskis.lv\/en\/","logo":{"@type":"ImageObject","inLanguage":"en-US","@id":"https:\/\/www.waterskis.lv\/en\/#\/schema\/logo\/image\/","url":"https:\/\/www.waterskis.lv\/wp-content\/uploads\/2025\/01\/JUVP-logo.png","contentUrl":"https:\/\/www.waterskis.lv\/wp-content\/uploads\/2025\/01\/JUVP-logo.png","width":421,"height":202,"caption":"WATERSKIS.LV"},"image":{"@id":"https:\/\/www.waterskis.lv\/en\/#\/schema\/logo\/image\/"},"sameAs":["https:\/\/www.facebook.com\/jurmalawaterskiwakeboardpark\/"]}]}},"_links":{"self":[{"href":"https:\/\/www.waterskis.lv\/en\/wp-json\/wp\/v2\/product\/37878","targetHints":{"allow":["GET"]}}],"collection":[{"href":"https:\/\/www.waterskis.lv\/en\/wp-json\/wp\/v2\/product"}],"about":[{"href":"https:\/\/www.waterskis.lv\/en\/wp-json\/wp\/v2\/types\/product"}],"replies":[{"embeddable":true,"href":"https:\/\/www.waterskis.lv\/en\/wp-json\/wp\/v2\/comments?post=37878"}],"wp:featuredmedia":[{"embeddable":true,"href":"https:\/\/www.waterskis.lv\/en\/wp-json\/wp\/v2\/media\/34620"}],"wp:attachment":[{"href":"https:\/\/www.waterskis.lv\/en\/wp-json\/wp\/v2\/media?parent=37878"}],"wp:term":[{"taxonomy":"product_brand","embeddable":true,"href":"https:\/\/www.waterskis.lv\/en\/wp-json\/wp\/v2\/product_brand?post=37878"},{"taxonomy":"product_cat","embeddable":true,"href":"https:\/\/www.waterskis.lv\/en\/wp-json\/wp\/v2\/product_cat?post=37878"},{"taxonomy":"product_tag","embeddable":true,"href":"https:\/\/www.waterskis.lv\/en\/wp-json\/wp\/v2\/product_tag?post=37878"}],"curies":[{"name":"wp","href":"https:\/\/api.w.org\/{rel}","templated":true}]}}