{"id":38448,"date":"2022-03-21T12:35:40","date_gmt":"2022-03-21T09:35:40","guid":{"rendered":"https:\/\/www.waterskis.lv\/products\/piepusams-kajaks-aqua-marina-tomahawk-air-k-1-person-375\/"},"modified":"2026-02-02T12:57:02","modified_gmt":"2026-02-02T10:57:02","slug":"aqua-marina-tomahawk-air-k-375-x-72cm-high-pressure-speed-kayak","status":"publish","type":"product","link":"https:\/\/www.waterskis.lv\/en\/product\/aqua-marina-tomahawk-air-k-375-x-72cm-high-pressure-speed-kayak\/","title":{"rendered":"Aqua Marina Tomahawk AIR-K 375 x 72cm High Pressure Speed Kayak"},"content":{"rendered":"<h1>Aqua Marina Tomahawk AIR-K 375 x 72cm High Pressure Speed Kayak<\/h1>\n<p>Aqua Marina Tomahawk AIR-K 375 x 72cm High Pressure Speed Kayak<\/p>\n<p><b>Our TOMAHAWK series<\/b><\/p>\n<p>has been refreshed with a new marine-style colour way.<\/p>\n<p>Its modern design and stunning finishes are sure to command attention on any waters.<\/p>\n<p>More than just a pretty exterior, the TOMAHAWK AIR-K has a need for speed. For the bold adventurers at heart, the AIR-K is your perfect companion to go further and faster than ever before.<\/p>\n<p>Carefully engineered to optimise speed and efficiency while maintaining comfort and stability, the AIR-K provides remarkable tracking and performance yet handles turns quickly and with ease.<\/p>\n<p>V-shape moulded keels under the bow and stern provide superior tracking.<\/p>\n<p>Fully constructed with our Drop Stitch Light Technology, you&#8217;ll find impeccable quality, ultra-rigidity, and stability in one streamlined vessel.<\/p>\n<p><b>KEY FEATURES<\/b><\/p>\n<ul>\n<li>Stiffer and faster than any traditional inflatable kayaks<\/li>\n<li>3 separated air chambers for additional safety in long-distance adventures<\/li>\n<li>Adjustable footrest design for a comfortable journey<\/li>\n<li>Premium adjustable kayak seat with high backrest, spongy cushion and multiple storage pockets<\/li>\n<li>Water splash guard bow on both bow and stern<\/li>\n<\/ul>\n<p><b>AIR-K 375 SPECIFICATIONS<\/b><\/p>\n<p>LENGTH \u00a0 12&#8217;4\u2033 \/ 375cm<\/p>\n<p>WIDTH \u00a0 \u00a0 28\u2033 \/ 72cm<\/p>\n<p>WEIGHT \u00a0 36.6 lbs \/ 16.6 kg<\/p>\n<p>MAX. PAYLOAD \u00a0 \u00a0282 lbs \/ 128 kg<\/p>\n<p>MAX. PASSENGERS\u00a0 1<\/p>\n<p>AIR CHAMBERS\u00a0 3<\/p>\n<p>AIR PRESSURE \u00a0 \u00a010 psi<\/p>\n<p>DRAIN VALVES \u00a0 2<\/p>\n<p>DROP-STITCH THICKNESS \u00a02.8\u2033 \/ 7 cm<\/p>\n<p><b>Package Includes<\/b><\/p>\n<p>Zip Backpack, Double Acttion Pump Liquid Air V1, Kayak Seat, 2x Kayak Fin<\/p>\n<p><b>Keywords<\/b><\/p>\n<p>Kayak, Supkayak, inflatable Kayak<\/p>\n<p>INFORMATION: We strongly recommend wearing a floating device\/buoyancy aid when using the kayak. Floating devices\/buoyancy aids give lift after a fall into the water and maintain the ability to swim and move. A floating device\/buoyancy aid is not included in scope of delivery.<\/p>\n","protected":false},"excerpt":{"rendered":"<p>https:\/\/www.youtube.com\/watch?v=TVySeWPtvpM [&#8230;]<\/p>\n<p><a class=\"btn btn-secondary understrap-read-more-link\" href=\"https:\/\/www.waterskis.lv\/en\/product\/aqua-marina-tomahawk-air-k-375-x-72cm-high-pressure-speed-kayak\/\">Read More&#8230;<\/a><\/p>\n","protected":false},"featured_media":61748,"comment_status":"closed","ping_status":"closed","template":"","meta":{"_acf_changed":false,"inline_featured_image":false},"product_brand":[1287],"product_cat":[687,688,686,507],"product_tag":[3164,3281,3265,3268,3264,3278,3267,3277,3279,3266,3280,3176,3276,3273,3275,3274],"class_list":{"0":"post-38448","1":"product","2":"type-product","3":"status-publish","4":"has-post-thumbnail","6":"product_brand-aqua-marina","7":"product_cat-all-inflatable-kayaks","8":"product_cat-aqua-marina-inflatable-kayaks","9":"product_cat-inflatable-kayaks","10":"product_cat-kayaks","11":"product_tag-aqua-marina","12":"product_tag-aqua-marina-kayaks","13":"product_tag-aufblasbares-kajak","14":"product_tag-inflatable-kayak","15":"product_tag-kajak","16":"product_tag-kajaks","17":"product_tag-kayak","18":"product_tag-piepusams-kajaks","19":"product_tag-smailite","20":"product_tag-supkajak","21":"product_tag-supkajaks","22":"product_tag-supkayak","23":"product_tag-3276","24":"product_tag-3273","25":"product_tag-3275","26":"product_tag-3274","28":"first","29":"instock","30":"shipping-taxable","31":"purchasable","32":"product-type-simple"},"acf":[],"yoast_head":"<!-- This site is optimized with the Yoast SEO plugin v27.3 - https:\/\/yoast.com\/product\/yoast-seo-wordpress\/ -->\n<title>Aqua Marina Tomahawk AIR-K 375 x 72cm High Pressure Speed Kayak - WATERSKIS.LV<\/title>\n<meta name=\"description\" content=\"Aqua Marina Tomahawk AIR-K 375 x 72cm High Pressure Speed Kayak. Stiffer and faster than any traditional inflatable kayaks. 3 separated air chambers safety\" \/>\n<meta name=\"robots\" content=\"index, follow, max-snippet:-1, max-image-preview:large, max-video-preview:-1\" \/>\n<link rel=\"canonical\" href=\"https:\/\/www.waterskis.lv\/en\/product\/aqua-marina-tomahawk-air-k-375-x-72cm-high-pressure-speed-kayak\/\" \/>\n<meta property=\"og:locale\" content=\"en_US\" \/>\n<meta property=\"og:type\" content=\"article\" \/>\n<meta property=\"og:title\" content=\"Aqua Marina Tomahawk AIR-K 375 x 72cm High Pressure Speed Kayak - WATERSKIS.LV\" \/>\n<meta property=\"og:description\" content=\"Aqua Marina Tomahawk AIR-K 375 x 72cm High Pressure Speed Kayak. Stiffer and faster than any traditional inflatable kayaks. 3 separated air chambers safety\" \/>\n<meta property=\"og:url\" content=\"https:\/\/www.waterskis.lv\/en\/product\/aqua-marina-tomahawk-air-k-375-x-72cm-high-pressure-speed-kayak\/\" \/>\n<meta property=\"og:site_name\" content=\"WATERSKIS.LV\" \/>\n<meta property=\"article:publisher\" content=\"https:\/\/www.facebook.com\/jurmalawaterskiwakeboardpark\/\" \/>\n<meta property=\"article:modified_time\" content=\"2026-02-02T10:57:02+00:00\" \/>\n<meta property=\"og:image\" content=\"https:\/\/www.waterskis.lv\/wp-content\/uploads\/2022\/03\/23170_image_23170_aqua_marina_tomahawk_air-k_375_high_pressure_speed_23170_1.webp\" \/>\n\t<meta property=\"og:image:width\" content=\"2000\" \/>\n\t<meta property=\"og:image:height\" content=\"2000\" \/>\n\t<meta property=\"og:image:type\" content=\"image\/webp\" \/>\n<meta name=\"twitter:card\" content=\"summary_large_image\" \/>\n<meta name=\"twitter:label1\" content=\"Est. reading time\" \/>\n\t<meta name=\"twitter:data1\" content=\"2 minutes\" \/>\n<script type=\"application\/ld+json\" class=\"yoast-schema-graph\">{\"@context\":\"https:\\\/\\\/schema.org\",\"@graph\":[{\"@type\":\"WebPage\",\"@id\":\"https:\\\/\\\/www.waterskis.lv\\\/en\\\/product\\\/aqua-marina-tomahawk-air-k-375-x-72cm-high-pressure-speed-kayak\\\/\",\"url\":\"https:\\\/\\\/www.waterskis.lv\\\/en\\\/product\\\/aqua-marina-tomahawk-air-k-375-x-72cm-high-pressure-speed-kayak\\\/\",\"name\":\"Aqua Marina Tomahawk AIR-K 375 x 72cm High Pressure Speed Kayak - WATERSKIS.LV\",\"isPartOf\":{\"@id\":\"https:\\\/\\\/www.waterskis.lv\\\/en\\\/#website\"},\"primaryImageOfPage\":{\"@id\":\"https:\\\/\\\/www.waterskis.lv\\\/en\\\/product\\\/aqua-marina-tomahawk-air-k-375-x-72cm-high-pressure-speed-kayak\\\/#primaryimage\"},\"image\":{\"@id\":\"https:\\\/\\\/www.waterskis.lv\\\/en\\\/product\\\/aqua-marina-tomahawk-air-k-375-x-72cm-high-pressure-speed-kayak\\\/#primaryimage\"},\"thumbnailUrl\":\"https:\\\/\\\/www.waterskis.lv\\\/wp-content\\\/uploads\\\/2022\\\/03\\\/23170_image_23170_aqua_marina_tomahawk_air-k_375_high_pressure_speed_23170_1.webp\",\"datePublished\":\"2022-03-21T09:35:40+00:00\",\"dateModified\":\"2026-02-02T10:57:02+00:00\",\"description\":\"Aqua Marina Tomahawk AIR-K 375 x 72cm High Pressure Speed Kayak. Stiffer and faster than any traditional inflatable kayaks. 3 separated air chambers safety\",\"breadcrumb\":{\"@id\":\"https:\\\/\\\/www.waterskis.lv\\\/en\\\/product\\\/aqua-marina-tomahawk-air-k-375-x-72cm-high-pressure-speed-kayak\\\/#breadcrumb\"},\"inLanguage\":\"en-US\",\"potentialAction\":[{\"@type\":\"ReadAction\",\"target\":[\"https:\\\/\\\/www.waterskis.lv\\\/en\\\/product\\\/aqua-marina-tomahawk-air-k-375-x-72cm-high-pressure-speed-kayak\\\/\"]}]},{\"@type\":\"ImageObject\",\"inLanguage\":\"en-US\",\"@id\":\"https:\\\/\\\/www.waterskis.lv\\\/en\\\/product\\\/aqua-marina-tomahawk-air-k-375-x-72cm-high-pressure-speed-kayak\\\/#primaryimage\",\"url\":\"https:\\\/\\\/www.waterskis.lv\\\/wp-content\\\/uploads\\\/2022\\\/03\\\/23170_image_23170_aqua_marina_tomahawk_air-k_375_high_pressure_speed_23170_1.webp\",\"contentUrl\":\"https:\\\/\\\/www.waterskis.lv\\\/wp-content\\\/uploads\\\/2022\\\/03\\\/23170_image_23170_aqua_marina_tomahawk_air-k_375_high_pressure_speed_23170_1.webp\",\"width\":2000,\"height\":2000,\"caption\":\"Aqua Marina Tomahawk AIR-K 375 x 72 cm augsta spiediena \u0101truma kajaks\"},{\"@type\":\"BreadcrumbList\",\"@id\":\"https:\\\/\\\/www.waterskis.lv\\\/en\\\/product\\\/aqua-marina-tomahawk-air-k-375-x-72cm-high-pressure-speed-kayak\\\/#breadcrumb\",\"itemListElement\":[{\"@type\":\"ListItem\",\"position\":1,\"name\":\"Home\",\"item\":\"https:\\\/\\\/www.waterskis.lv\\\/en\\\/\"},{\"@type\":\"ListItem\",\"position\":2,\"name\":\"Shop\",\"item\":\"https:\\\/\\\/waterskis.lv\\\/en\\\/shop\\\/\"},{\"@type\":\"ListItem\",\"position\":3,\"name\":\"Aqua Marina Tomahawk AIR-K 375 x 72cm High Pressure Speed Kayak\"}]},{\"@type\":\"WebSite\",\"@id\":\"https:\\\/\\\/www.waterskis.lv\\\/en\\\/#website\",\"url\":\"https:\\\/\\\/www.waterskis.lv\\\/en\\\/\",\"name\":\"WATERSKIS.LV\",\"description\":\"SUP d\u0113\u013ci, kajaki, kanoe, airu laivas, \u016bdenssl\u0113po\u0161ana, veikbords, SUP d\u0113\u013cu noma, kajaku nomaakt\u012bv\u0101s atp\u016btas centrs, laivu noma, sup noma, kajaku noma\",\"publisher\":{\"@id\":\"https:\\\/\\\/www.waterskis.lv\\\/en\\\/#organization\"},\"potentialAction\":[{\"@type\":\"SearchAction\",\"target\":{\"@type\":\"EntryPoint\",\"urlTemplate\":\"https:\\\/\\\/www.waterskis.lv\\\/en\\\/?s={search_term_string}\"},\"query-input\":{\"@type\":\"PropertyValueSpecification\",\"valueRequired\":true,\"valueName\":\"search_term_string\"}}],\"inLanguage\":\"en-US\"},{\"@type\":\"Organization\",\"@id\":\"https:\\\/\\\/www.waterskis.lv\\\/en\\\/#organization\",\"name\":\"WATERSKIS.LV\",\"url\":\"https:\\\/\\\/www.waterskis.lv\\\/en\\\/\",\"logo\":{\"@type\":\"ImageObject\",\"inLanguage\":\"en-US\",\"@id\":\"https:\\\/\\\/www.waterskis.lv\\\/en\\\/#\\\/schema\\\/logo\\\/image\\\/\",\"url\":\"https:\\\/\\\/www.waterskis.lv\\\/wp-content\\\/uploads\\\/2025\\\/01\\\/JUVP-logo.png\",\"contentUrl\":\"https:\\\/\\\/www.waterskis.lv\\\/wp-content\\\/uploads\\\/2025\\\/01\\\/JUVP-logo.png\",\"width\":421,\"height\":202,\"caption\":\"WATERSKIS.LV\"},\"image\":{\"@id\":\"https:\\\/\\\/www.waterskis.lv\\\/en\\\/#\\\/schema\\\/logo\\\/image\\\/\"},\"sameAs\":[\"https:\\\/\\\/www.facebook.com\\\/jurmalawaterskiwakeboardpark\\\/\"]}]}<\/script>\n<!-- \/ Yoast SEO plugin. -->","yoast_head_json":{"title":"Aqua Marina Tomahawk AIR-K 375 x 72cm High Pressure Speed Kayak - WATERSKIS.LV","description":"Aqua Marina Tomahawk AIR-K 375 x 72cm High Pressure Speed Kayak. Stiffer and faster than any traditional inflatable kayaks. 3 separated air chambers safety","robots":{"index":"index","follow":"follow","max-snippet":"max-snippet:-1","max-image-preview":"max-image-preview:large","max-video-preview":"max-video-preview:-1"},"canonical":"https:\/\/www.waterskis.lv\/en\/product\/aqua-marina-tomahawk-air-k-375-x-72cm-high-pressure-speed-kayak\/","og_locale":"en_US","og_type":"article","og_title":"Aqua Marina Tomahawk AIR-K 375 x 72cm High Pressure Speed Kayak - WATERSKIS.LV","og_description":"Aqua Marina Tomahawk AIR-K 375 x 72cm High Pressure Speed Kayak. Stiffer and faster than any traditional inflatable kayaks. 3 separated air chambers safety","og_url":"https:\/\/www.waterskis.lv\/en\/product\/aqua-marina-tomahawk-air-k-375-x-72cm-high-pressure-speed-kayak\/","og_site_name":"WATERSKIS.LV","article_publisher":"https:\/\/www.facebook.com\/jurmalawaterskiwakeboardpark\/","article_modified_time":"2026-02-02T10:57:02+00:00","og_image":[{"width":2000,"height":2000,"url":"https:\/\/www.waterskis.lv\/wp-content\/uploads\/2022\/03\/23170_image_23170_aqua_marina_tomahawk_air-k_375_high_pressure_speed_23170_1.webp","type":"image\/webp"}],"twitter_card":"summary_large_image","twitter_misc":{"Est. reading time":"2 minutes"},"schema":{"@context":"https:\/\/schema.org","@graph":[{"@type":"WebPage","@id":"https:\/\/www.waterskis.lv\/en\/product\/aqua-marina-tomahawk-air-k-375-x-72cm-high-pressure-speed-kayak\/","url":"https:\/\/www.waterskis.lv\/en\/product\/aqua-marina-tomahawk-air-k-375-x-72cm-high-pressure-speed-kayak\/","name":"Aqua Marina Tomahawk AIR-K 375 x 72cm High Pressure Speed Kayak - WATERSKIS.LV","isPartOf":{"@id":"https:\/\/www.waterskis.lv\/en\/#website"},"primaryImageOfPage":{"@id":"https:\/\/www.waterskis.lv\/en\/product\/aqua-marina-tomahawk-air-k-375-x-72cm-high-pressure-speed-kayak\/#primaryimage"},"image":{"@id":"https:\/\/www.waterskis.lv\/en\/product\/aqua-marina-tomahawk-air-k-375-x-72cm-high-pressure-speed-kayak\/#primaryimage"},"thumbnailUrl":"https:\/\/www.waterskis.lv\/wp-content\/uploads\/2022\/03\/23170_image_23170_aqua_marina_tomahawk_air-k_375_high_pressure_speed_23170_1.webp","datePublished":"2022-03-21T09:35:40+00:00","dateModified":"2026-02-02T10:57:02+00:00","description":"Aqua Marina Tomahawk AIR-K 375 x 72cm High Pressure Speed Kayak. Stiffer and faster than any traditional inflatable kayaks. 3 separated air chambers safety","breadcrumb":{"@id":"https:\/\/www.waterskis.lv\/en\/product\/aqua-marina-tomahawk-air-k-375-x-72cm-high-pressure-speed-kayak\/#breadcrumb"},"inLanguage":"en-US","potentialAction":[{"@type":"ReadAction","target":["https:\/\/www.waterskis.lv\/en\/product\/aqua-marina-tomahawk-air-k-375-x-72cm-high-pressure-speed-kayak\/"]}]},{"@type":"ImageObject","inLanguage":"en-US","@id":"https:\/\/www.waterskis.lv\/en\/product\/aqua-marina-tomahawk-air-k-375-x-72cm-high-pressure-speed-kayak\/#primaryimage","url":"https:\/\/www.waterskis.lv\/wp-content\/uploads\/2022\/03\/23170_image_23170_aqua_marina_tomahawk_air-k_375_high_pressure_speed_23170_1.webp","contentUrl":"https:\/\/www.waterskis.lv\/wp-content\/uploads\/2022\/03\/23170_image_23170_aqua_marina_tomahawk_air-k_375_high_pressure_speed_23170_1.webp","width":2000,"height":2000,"caption":"Aqua Marina Tomahawk AIR-K 375 x 72 cm augsta spiediena \u0101truma kajaks"},{"@type":"BreadcrumbList","@id":"https:\/\/www.waterskis.lv\/en\/product\/aqua-marina-tomahawk-air-k-375-x-72cm-high-pressure-speed-kayak\/#breadcrumb","itemListElement":[{"@type":"ListItem","position":1,"name":"Home","item":"https:\/\/www.waterskis.lv\/en\/"},{"@type":"ListItem","position":2,"name":"Shop","item":"https:\/\/waterskis.lv\/en\/shop\/"},{"@type":"ListItem","position":3,"name":"Aqua Marina Tomahawk AIR-K 375 x 72cm High Pressure Speed Kayak"}]},{"@type":"WebSite","@id":"https:\/\/www.waterskis.lv\/en\/#website","url":"https:\/\/www.waterskis.lv\/en\/","name":"WATERSKIS.LV","description":"SUP d\u0113\u013ci, kajaki, kanoe, airu laivas, \u016bdenssl\u0113po\u0161ana, veikbords, SUP d\u0113\u013cu noma, kajaku nomaakt\u012bv\u0101s atp\u016btas centrs, laivu noma, sup noma, kajaku noma","publisher":{"@id":"https:\/\/www.waterskis.lv\/en\/#organization"},"potentialAction":[{"@type":"SearchAction","target":{"@type":"EntryPoint","urlTemplate":"https:\/\/www.waterskis.lv\/en\/?s={search_term_string}"},"query-input":{"@type":"PropertyValueSpecification","valueRequired":true,"valueName":"search_term_string"}}],"inLanguage":"en-US"},{"@type":"Organization","@id":"https:\/\/www.waterskis.lv\/en\/#organization","name":"WATERSKIS.LV","url":"https:\/\/www.waterskis.lv\/en\/","logo":{"@type":"ImageObject","inLanguage":"en-US","@id":"https:\/\/www.waterskis.lv\/en\/#\/schema\/logo\/image\/","url":"https:\/\/www.waterskis.lv\/wp-content\/uploads\/2025\/01\/JUVP-logo.png","contentUrl":"https:\/\/www.waterskis.lv\/wp-content\/uploads\/2025\/01\/JUVP-logo.png","width":421,"height":202,"caption":"WATERSKIS.LV"},"image":{"@id":"https:\/\/www.waterskis.lv\/en\/#\/schema\/logo\/image\/"},"sameAs":["https:\/\/www.facebook.com\/jurmalawaterskiwakeboardpark\/"]}]}},"_links":{"self":[{"href":"https:\/\/www.waterskis.lv\/en\/wp-json\/wp\/v2\/product\/38448","targetHints":{"allow":["GET"]}}],"collection":[{"href":"https:\/\/www.waterskis.lv\/en\/wp-json\/wp\/v2\/product"}],"about":[{"href":"https:\/\/www.waterskis.lv\/en\/wp-json\/wp\/v2\/types\/product"}],"replies":[{"embeddable":true,"href":"https:\/\/www.waterskis.lv\/en\/wp-json\/wp\/v2\/comments?post=38448"}],"wp:featuredmedia":[{"embeddable":true,"href":"https:\/\/www.waterskis.lv\/en\/wp-json\/wp\/v2\/media\/61748"}],"wp:attachment":[{"href":"https:\/\/www.waterskis.lv\/en\/wp-json\/wp\/v2\/media?parent=38448"}],"wp:term":[{"taxonomy":"product_brand","embeddable":true,"href":"https:\/\/www.waterskis.lv\/en\/wp-json\/wp\/v2\/product_brand?post=38448"},{"taxonomy":"product_cat","embeddable":true,"href":"https:\/\/www.waterskis.lv\/en\/wp-json\/wp\/v2\/product_cat?post=38448"},{"taxonomy":"product_tag","embeddable":true,"href":"https:\/\/www.waterskis.lv\/en\/wp-json\/wp\/v2\/product_tag?post=38448"}],"curies":[{"name":"wp","href":"https:\/\/api.w.org\/{rel}","templated":true}]}}