{"id":39482,"date":"2022-04-20T10:00:55","date_gmt":"2022-04-20T07:00:55","guid":{"rendered":"https:\/\/www.waterskis.lv\/products\/velosipedu-piekabe-master-tech-b-20\/"},"modified":"2022-04-20T10:09:37","modified_gmt":"2022-04-20T07:09:37","slug":"bicycle-trailer-master-tech-b-20","status":"publish","type":"product","link":"https:\/\/www.waterskis.lv\/en\/product\/bicycle-trailer-master-tech-b-20\/","title":{"rendered":"Bicycle trailer MASTER-TECH B-20"},"content":{"rendered":"<h2>Bicycle trailer MASTER-TECH B-20<\/h2>\n<p>Bicycle trailer MASTER-TECH B-20<\/p>\n<h3 id=\"more-info\" class=\"page-product-heading active\">MORE INFO<\/h3>\n<div class=\"block_content1 rte active\">\n<p>Lightweight trailer\u00a0for\u00a0up to 20 bicycle\u00a0transportation.<\/p>\n<p>Suitable B category driver licence ( depending on car used).<\/p>\n<p>O1 category.<\/p>\n<p><span style=\"font-size: 1.75rem; background-color: var(--bs-body-bg); color: var(--bs-body-color); font-family: var(--bs-body-font-family); text-align: var(--bs-body-text-align);\">DATA SHEET<\/span><\/p>\n<\/div>\n<table class=\"block_content2 table-data-sheet\">\n<tbody>\n<tr class=\"odd\">\n<td>Type<\/td>\n<td>Bicycle trailer<\/td>\n<\/tr>\n<tr class=\"even\">\n<td>Inner length<\/td>\n<td>440 cm<\/td>\n<\/tr>\n<tr class=\"odd\">\n<td>Inner width<\/td>\n<td>175 cm<\/td>\n<\/tr>\n<tr class=\"even\">\n<td>Number of persons<\/td>\n<td>20<\/td>\n<\/tr>\n<tr class=\"odd\">\n<td>Set<\/td>\n<td>Galvanized construction<\/td>\n<\/tr>\n<tr class=\"even\">\n<td>Capacity<\/td>\n<td>750 kg<\/td>\n<\/tr>\n<tr class=\"odd\">\n<td>Certificate<\/td>\n<td>Homologated<\/td>\n<\/tr>\n<tr class=\"even\">\n<td>Category<\/td>\n<td>O1 (suitable for B category driver license)<\/td>\n<\/tr>\n<tr class=\"odd\">\n<td>Axle<\/td>\n<td>Leaf spring ( max. 750 kg)<\/td>\n<\/tr>\n<tr class=\"even\">\n<td>Wheels<\/td>\n<td>R13<\/td>\n<\/tr>\n<tr class=\"odd\">\n<td>Spare wheel<\/td>\n<td>Sold separately<\/td>\n<\/tr>\n<tr class=\"even\">\n<td>Purpose of usage<\/td>\n<td>Specialized for bicycle transportation<\/td>\n<\/tr>\n<tr class=\"odd\">\n<td>Country of origin<\/td>\n<td>Poland<\/td>\n<\/tr>\n<\/tbody>\n<\/table>\n<p>&nbsp;<\/p>\n<p>Additional equipment:<\/p>\n<p>additional bicycle frame holders EUR 250<\/p>\n<p>waterproof veneer floor EUR 125<\/p>\n<p>LED lights EUR 125<\/p>\n<p>spare wheel EUR 75<\/p>\n","protected":false},"excerpt":{"rendered":"<p>Bicycle trailer MASTER-TECH B-20 Bicycle trailer MASTER-TECH B-20 MORE INFO Lightweight trailer\u00a0for\u00a0up to 20 bicycle\u00a0transportation. Suitable B category driver licence ( depending on car used). O1 category. DATA SHEET Type Bicycle trailer Inner length 440 cm Inner width 175 cm Number of persons 20 Set Galvanized construction Capacity 750 kg Certificate Homologated Category O1 (suitable [&#8230;]<\/p>\n<p><a class=\"btn btn-secondary understrap-read-more-link\" href=\"https:\/\/www.waterskis.lv\/en\/product\/bicycle-trailer-master-tech-b-20\/\">Read More&#8230;<\/a><\/p>\n","protected":false},"featured_media":39474,"comment_status":"closed","ping_status":"closed","template":"","meta":{"_acf_changed":false,"inline_featured_image":false},"product_brand":[],"product_cat":[1051],"product_tag":[],"class_list":{"0":"post-39482","1":"product","2":"type-product","3":"status-publish","4":"has-post-thumbnail","6":"product_cat-balance-boards-longboards","8":"first","9":"instock","10":"shipping-taxable","11":"purchasable","12":"product-type-simple"},"acf":[],"yoast_head":"<!-- This site is optimized with the Yoast SEO plugin v27.5 - https:\/\/yoast.com\/product\/yoast-seo-wordpress\/ -->\n<title>Bicycle trailer MASTER-TECH B-20 - WATERSKIS.LV<\/title>\n<meta name=\"description\" content=\"Bicycle trailer MASTER-TECH B-20. Light trailer for transporting up to 20 bicycles. Delivery time 4 - 6 weeks from order\" \/>\n<meta name=\"robots\" content=\"index, follow, max-snippet:-1, max-image-preview:large, max-video-preview:-1\" \/>\n<link rel=\"canonical\" href=\"https:\/\/www.waterskis.lv\/en\/product\/bicycle-trailer-master-tech-b-20\/\" \/>\n<meta property=\"og:locale\" content=\"en_US\" \/>\n<meta property=\"og:type\" content=\"article\" \/>\n<meta property=\"og:title\" content=\"Bicycle trailer MASTER-TECH B-20 - WATERSKIS.LV\" \/>\n<meta property=\"og:description\" content=\"Bicycle trailer MASTER-TECH B-20. Light trailer for transporting up to 20 bicycles. Delivery time 4 - 6 weeks from order\" \/>\n<meta property=\"og:url\" content=\"https:\/\/www.waterskis.lv\/en\/product\/bicycle-trailer-master-tech-b-20\/\" \/>\n<meta property=\"og:site_name\" content=\"WATERSKIS.LV\" \/>\n<meta property=\"article:publisher\" content=\"https:\/\/www.facebook.com\/jurmalawaterskiwakeboardpark\/\" \/>\n<meta property=\"article:modified_time\" content=\"2022-04-20T07:09:37+00:00\" \/>\n<meta property=\"og:image\" content=\"https:\/\/www.waterskis.lv\/wp-content\/uploads\/2022\/04\/bicycle-trailer-master-tech-b-20.jpg\" \/>\n\t<meta property=\"og:image:width\" content=\"1000\" \/>\n\t<meta property=\"og:image:height\" content=\"1000\" \/>\n\t<meta property=\"og:image:type\" content=\"image\/jpeg\" \/>\n<meta name=\"twitter:card\" content=\"summary_large_image\" \/>\n<meta name=\"twitter:label1\" content=\"Est. reading time\" \/>\n\t<meta name=\"twitter:data1\" content=\"1 minute\" \/>\n<script type=\"application\/ld+json\" class=\"yoast-schema-graph\">{\"@context\":\"https:\\\/\\\/schema.org\",\"@graph\":[{\"@type\":\"WebPage\",\"@id\":\"https:\\\/\\\/www.waterskis.lv\\\/en\\\/product\\\/bicycle-trailer-master-tech-b-20\\\/\",\"url\":\"https:\\\/\\\/www.waterskis.lv\\\/en\\\/product\\\/bicycle-trailer-master-tech-b-20\\\/\",\"name\":\"Bicycle trailer MASTER-TECH B-20 - WATERSKIS.LV\",\"isPartOf\":{\"@id\":\"https:\\\/\\\/www.waterskis.lv\\\/en\\\/#website\"},\"primaryImageOfPage\":{\"@id\":\"https:\\\/\\\/www.waterskis.lv\\\/en\\\/product\\\/bicycle-trailer-master-tech-b-20\\\/#primaryimage\"},\"image\":{\"@id\":\"https:\\\/\\\/www.waterskis.lv\\\/en\\\/product\\\/bicycle-trailer-master-tech-b-20\\\/#primaryimage\"},\"thumbnailUrl\":\"https:\\\/\\\/www.waterskis.lv\\\/wp-content\\\/uploads\\\/2022\\\/04\\\/bicycle-trailer-master-tech-b-20.jpg\",\"datePublished\":\"2022-04-20T07:00:55+00:00\",\"dateModified\":\"2022-04-20T07:09:37+00:00\",\"description\":\"Bicycle trailer MASTER-TECH B-20. Light trailer for transporting up to 20 bicycles. Delivery time 4 - 6 weeks from order\",\"breadcrumb\":{\"@id\":\"https:\\\/\\\/www.waterskis.lv\\\/en\\\/product\\\/bicycle-trailer-master-tech-b-20\\\/#breadcrumb\"},\"inLanguage\":\"en-US\",\"potentialAction\":[{\"@type\":\"ReadAction\",\"target\":[\"https:\\\/\\\/www.waterskis.lv\\\/en\\\/product\\\/bicycle-trailer-master-tech-b-20\\\/\"]}]},{\"@type\":\"ImageObject\",\"inLanguage\":\"en-US\",\"@id\":\"https:\\\/\\\/www.waterskis.lv\\\/en\\\/product\\\/bicycle-trailer-master-tech-b-20\\\/#primaryimage\",\"url\":\"https:\\\/\\\/www.waterskis.lv\\\/wp-content\\\/uploads\\\/2022\\\/04\\\/bicycle-trailer-master-tech-b-20.jpg\",\"contentUrl\":\"https:\\\/\\\/www.waterskis.lv\\\/wp-content\\\/uploads\\\/2022\\\/04\\\/bicycle-trailer-master-tech-b-20.jpg\",\"width\":1000,\"height\":1000,\"caption\":\"Bicycle trailer MASTER-TECH B-20\"},{\"@type\":\"BreadcrumbList\",\"@id\":\"https:\\\/\\\/www.waterskis.lv\\\/en\\\/product\\\/bicycle-trailer-master-tech-b-20\\\/#breadcrumb\",\"itemListElement\":[{\"@type\":\"ListItem\",\"position\":1,\"name\":\"Home\",\"item\":\"https:\\\/\\\/www.waterskis.lv\\\/en\\\/\"},{\"@type\":\"ListItem\",\"position\":2,\"name\":\"Shop\",\"item\":\"https:\\\/\\\/waterskis.lv\\\/en\\\/shop\\\/\"},{\"@type\":\"ListItem\",\"position\":3,\"name\":\"Bicycle trailer MASTER-TECH B-20\"}]},{\"@type\":\"WebSite\",\"@id\":\"https:\\\/\\\/www.waterskis.lv\\\/en\\\/#website\",\"url\":\"https:\\\/\\\/www.waterskis.lv\\\/en\\\/\",\"name\":\"WATERSKIS.LV\",\"description\":\"SUP d\u0113\u013ci, kajaki, kanoe, airu laivas, \u016bdenssl\u0113po\u0161ana, veikbords, SUP d\u0113\u013cu noma, kajaku nomaakt\u012bv\u0101s atp\u016btas centrs, laivu noma, sup noma, kajaku noma\",\"publisher\":{\"@id\":\"https:\\\/\\\/www.waterskis.lv\\\/en\\\/#organization\"},\"potentialAction\":[{\"@type\":\"SearchAction\",\"target\":{\"@type\":\"EntryPoint\",\"urlTemplate\":\"https:\\\/\\\/www.waterskis.lv\\\/en\\\/?s={search_term_string}\"},\"query-input\":{\"@type\":\"PropertyValueSpecification\",\"valueRequired\":true,\"valueName\":\"search_term_string\"}}],\"inLanguage\":\"en-US\"},{\"@type\":\"Organization\",\"@id\":\"https:\\\/\\\/www.waterskis.lv\\\/en\\\/#organization\",\"name\":\"WATERSKIS.LV\",\"url\":\"https:\\\/\\\/www.waterskis.lv\\\/en\\\/\",\"logo\":{\"@type\":\"ImageObject\",\"inLanguage\":\"en-US\",\"@id\":\"https:\\\/\\\/www.waterskis.lv\\\/en\\\/#\\\/schema\\\/logo\\\/image\\\/\",\"url\":\"https:\\\/\\\/www.waterskis.lv\\\/wp-content\\\/uploads\\\/2025\\\/01\\\/JUVP-logo.png\",\"contentUrl\":\"https:\\\/\\\/www.waterskis.lv\\\/wp-content\\\/uploads\\\/2025\\\/01\\\/JUVP-logo.png\",\"width\":421,\"height\":202,\"caption\":\"WATERSKIS.LV\"},\"image\":{\"@id\":\"https:\\\/\\\/www.waterskis.lv\\\/en\\\/#\\\/schema\\\/logo\\\/image\\\/\"},\"sameAs\":[\"https:\\\/\\\/www.facebook.com\\\/jurmalawaterskiwakeboardpark\\\/\"]}]}<\/script>\n<!-- \/ Yoast SEO plugin. -->","yoast_head_json":{"title":"Bicycle trailer MASTER-TECH B-20 - WATERSKIS.LV","description":"Bicycle trailer MASTER-TECH B-20. Light trailer for transporting up to 20 bicycles. Delivery time 4 - 6 weeks from order","robots":{"index":"index","follow":"follow","max-snippet":"max-snippet:-1","max-image-preview":"max-image-preview:large","max-video-preview":"max-video-preview:-1"},"canonical":"https:\/\/www.waterskis.lv\/en\/product\/bicycle-trailer-master-tech-b-20\/","og_locale":"en_US","og_type":"article","og_title":"Bicycle trailer MASTER-TECH B-20 - WATERSKIS.LV","og_description":"Bicycle trailer MASTER-TECH B-20. Light trailer for transporting up to 20 bicycles. Delivery time 4 - 6 weeks from order","og_url":"https:\/\/www.waterskis.lv\/en\/product\/bicycle-trailer-master-tech-b-20\/","og_site_name":"WATERSKIS.LV","article_publisher":"https:\/\/www.facebook.com\/jurmalawaterskiwakeboardpark\/","article_modified_time":"2022-04-20T07:09:37+00:00","og_image":[{"width":1000,"height":1000,"url":"https:\/\/www.waterskis.lv\/wp-content\/uploads\/2022\/04\/bicycle-trailer-master-tech-b-20.jpg","type":"image\/jpeg"}],"twitter_card":"summary_large_image","twitter_misc":{"Est. reading time":"1 minute"},"schema":{"@context":"https:\/\/schema.org","@graph":[{"@type":"WebPage","@id":"https:\/\/www.waterskis.lv\/en\/product\/bicycle-trailer-master-tech-b-20\/","url":"https:\/\/www.waterskis.lv\/en\/product\/bicycle-trailer-master-tech-b-20\/","name":"Bicycle trailer MASTER-TECH B-20 - WATERSKIS.LV","isPartOf":{"@id":"https:\/\/www.waterskis.lv\/en\/#website"},"primaryImageOfPage":{"@id":"https:\/\/www.waterskis.lv\/en\/product\/bicycle-trailer-master-tech-b-20\/#primaryimage"},"image":{"@id":"https:\/\/www.waterskis.lv\/en\/product\/bicycle-trailer-master-tech-b-20\/#primaryimage"},"thumbnailUrl":"https:\/\/www.waterskis.lv\/wp-content\/uploads\/2022\/04\/bicycle-trailer-master-tech-b-20.jpg","datePublished":"2022-04-20T07:00:55+00:00","dateModified":"2022-04-20T07:09:37+00:00","description":"Bicycle trailer MASTER-TECH B-20. Light trailer for transporting up to 20 bicycles. Delivery time 4 - 6 weeks from order","breadcrumb":{"@id":"https:\/\/www.waterskis.lv\/en\/product\/bicycle-trailer-master-tech-b-20\/#breadcrumb"},"inLanguage":"en-US","potentialAction":[{"@type":"ReadAction","target":["https:\/\/www.waterskis.lv\/en\/product\/bicycle-trailer-master-tech-b-20\/"]}]},{"@type":"ImageObject","inLanguage":"en-US","@id":"https:\/\/www.waterskis.lv\/en\/product\/bicycle-trailer-master-tech-b-20\/#primaryimage","url":"https:\/\/www.waterskis.lv\/wp-content\/uploads\/2022\/04\/bicycle-trailer-master-tech-b-20.jpg","contentUrl":"https:\/\/www.waterskis.lv\/wp-content\/uploads\/2022\/04\/bicycle-trailer-master-tech-b-20.jpg","width":1000,"height":1000,"caption":"Bicycle trailer MASTER-TECH B-20"},{"@type":"BreadcrumbList","@id":"https:\/\/www.waterskis.lv\/en\/product\/bicycle-trailer-master-tech-b-20\/#breadcrumb","itemListElement":[{"@type":"ListItem","position":1,"name":"Home","item":"https:\/\/www.waterskis.lv\/en\/"},{"@type":"ListItem","position":2,"name":"Shop","item":"https:\/\/waterskis.lv\/en\/shop\/"},{"@type":"ListItem","position":3,"name":"Bicycle trailer MASTER-TECH B-20"}]},{"@type":"WebSite","@id":"https:\/\/www.waterskis.lv\/en\/#website","url":"https:\/\/www.waterskis.lv\/en\/","name":"WATERSKIS.LV","description":"SUP d\u0113\u013ci, kajaki, kanoe, airu laivas, \u016bdenssl\u0113po\u0161ana, veikbords, SUP d\u0113\u013cu noma, kajaku nomaakt\u012bv\u0101s atp\u016btas centrs, laivu noma, sup noma, kajaku noma","publisher":{"@id":"https:\/\/www.waterskis.lv\/en\/#organization"},"potentialAction":[{"@type":"SearchAction","target":{"@type":"EntryPoint","urlTemplate":"https:\/\/www.waterskis.lv\/en\/?s={search_term_string}"},"query-input":{"@type":"PropertyValueSpecification","valueRequired":true,"valueName":"search_term_string"}}],"inLanguage":"en-US"},{"@type":"Organization","@id":"https:\/\/www.waterskis.lv\/en\/#organization","name":"WATERSKIS.LV","url":"https:\/\/www.waterskis.lv\/en\/","logo":{"@type":"ImageObject","inLanguage":"en-US","@id":"https:\/\/www.waterskis.lv\/en\/#\/schema\/logo\/image\/","url":"https:\/\/www.waterskis.lv\/wp-content\/uploads\/2025\/01\/JUVP-logo.png","contentUrl":"https:\/\/www.waterskis.lv\/wp-content\/uploads\/2025\/01\/JUVP-logo.png","width":421,"height":202,"caption":"WATERSKIS.LV"},"image":{"@id":"https:\/\/www.waterskis.lv\/en\/#\/schema\/logo\/image\/"},"sameAs":["https:\/\/www.facebook.com\/jurmalawaterskiwakeboardpark\/"]}]}},"_links":{"self":[{"href":"https:\/\/www.waterskis.lv\/en\/wp-json\/wp\/v2\/product\/39482","targetHints":{"allow":["GET"]}}],"collection":[{"href":"https:\/\/www.waterskis.lv\/en\/wp-json\/wp\/v2\/product"}],"about":[{"href":"https:\/\/www.waterskis.lv\/en\/wp-json\/wp\/v2\/types\/product"}],"replies":[{"embeddable":true,"href":"https:\/\/www.waterskis.lv\/en\/wp-json\/wp\/v2\/comments?post=39482"}],"wp:featuredmedia":[{"embeddable":true,"href":"https:\/\/www.waterskis.lv\/en\/wp-json\/wp\/v2\/media\/39474"}],"wp:attachment":[{"href":"https:\/\/www.waterskis.lv\/en\/wp-json\/wp\/v2\/media?parent=39482"}],"wp:term":[{"taxonomy":"product_brand","embeddable":true,"href":"https:\/\/www.waterskis.lv\/en\/wp-json\/wp\/v2\/product_brand?post=39482"},{"taxonomy":"product_cat","embeddable":true,"href":"https:\/\/www.waterskis.lv\/en\/wp-json\/wp\/v2\/product_cat?post=39482"},{"taxonomy":"product_tag","embeddable":true,"href":"https:\/\/www.waterskis.lv\/en\/wp-json\/wp\/v2\/product_tag?post=39482"}],"curies":[{"name":"wp","href":"https:\/\/api.w.org\/{rel}","templated":true}]}}