{"id":40816,"date":"2022-06-10T11:02:23","date_gmt":"2022-06-10T08:02:23","guid":{"rendered":"https:\/\/www.waterskis.lv\/products\/udens-velosipeds-katamarans-pelican-voyage-dlx\/"},"modified":"2026-02-02T18:56:49","modified_gmt":"2026-02-02T16:56:49","slug":"pedal-boat-pelican-voyage-dlx","status":"publish","type":"product","link":"https:\/\/www.waterskis.lv\/en\/product\/pedal-boat-pelican-voyage-dlx\/","title":{"rendered":"Pedal boat PELICAN VOYAGE DLX"},"content":{"rendered":"<h1>Pedal boat PELICAN VOYAGE DLX<\/h1>\n<p>Pedal boat PELICAN VOYAGE DLX<\/p>\n<h3 id=\"more-info\" class=\"page-product-heading active\">MORE INFO<\/h3>\n<div class=\"block_content1 rte active\">\n<p>The Pelican Voyage pedal boat provides comfort and adventure for up to 5 users (2 adults and up to 3 small children).<\/p>\n<p>With its adjustable backrests, solid built-in cooler and easy to deploy canopy the Pelican Voyage pedal boat caters to all day fun.<\/p>\n<\/div>\n<h3 id=\"table-data\" class=\"page-product-heading\">DATA SHEET<\/h3>\n<table class=\"block_content2 table-data-sheet\">\n<tbody>\n<tr class=\"odd\">\n<td>Type<\/td>\n<td>Pedal boat<\/td>\n<\/tr>\n<tr class=\"even\">\n<td>Length<\/td>\n<td>229 cm<\/td>\n<\/tr>\n<tr class=\"odd\">\n<td>Width<\/td>\n<td>159 cm<\/td>\n<\/tr>\n<tr class=\"even\">\n<td>Weight<\/td>\n<td>50 kg<\/td>\n<\/tr>\n<tr class=\"odd\">\n<td>Material<\/td>\n<td>RAM-X\u2122 (HDPE)<\/td>\n<\/tr>\n<tr class=\"even\">\n<td>Number of persons<\/td>\n<td>2 adults + 2 little child<\/td>\n<\/tr>\n<tr class=\"odd\">\n<td>Capacity<\/td>\n<td>351 kg<\/td>\n<\/tr>\n<tr class=\"even\">\n<td>Country of origin<\/td>\n<td>Canada<\/td>\n<\/tr>\n<\/tbody>\n<\/table>\n","protected":false},"excerpt":{"rendered":"<p>Pedal boat PELICAN VOYAGE DLX Pedal boat PELICAN VOYAGE DLX MORE INFO The Pelican Voyage pedal boat provides comfort and adventure for up to 5 users (2 adults and up to 3 small children). With its adjustable backrests, solid built-in cooler and easy to deploy canopy the Pelican Voyage pedal boat caters to all day [&#8230;]<\/p>\n<p><a class=\"btn btn-secondary understrap-read-more-link\" href=\"https:\/\/www.waterskis.lv\/en\/product\/pedal-boat-pelican-voyage-dlx\/\">Read More&#8230;<\/a><\/p>\n","protected":false},"featured_media":52161,"comment_status":"closed","ping_status":"closed","template":"","meta":{"_acf_changed":false,"inline_featured_image":false},"product_brand":[],"product_cat":[518,522],"product_tag":[3315,3319,3316,3318,3317],"class_list":{"0":"post-40816","1":"product","2":"type-product","3":"status-publish","4":"has-post-thumbnail","6":"product_cat-pedal-boats","7":"product_cat-pedal-boats-catamarans","8":"product_tag-katamarani","9":"product_tag-pedal-boats","10":"product_tag-udens-velosipedi","11":"product_tag-3318","12":"product_tag-3317","14":"first","15":"outofstock","16":"shipping-taxable","17":"purchasable","18":"product-type-simple"},"acf":[],"yoast_head":"<!-- This site is optimized with the Yoast SEO plugin v27.5 - https:\/\/yoast.com\/product\/yoast-seo-wordpress\/ -->\n<title>Pedal boat PELICAN VOYAGE DLX - WATERSKIS.LV<\/title>\n<meta name=\"description\" content=\"Pedal boat PELICAN VOYAGE DLX provides comfort and adventure for up to 5 users (2 adults and up to 3 small children). With its adjustable backrests,\" \/>\n<meta name=\"robots\" content=\"index, follow, max-snippet:-1, max-image-preview:large, max-video-preview:-1\" \/>\n<link rel=\"canonical\" href=\"https:\/\/www.waterskis.lv\/en\/product\/pedal-boat-pelican-voyage-dlx\/\" \/>\n<meta property=\"og:locale\" content=\"en_US\" \/>\n<meta property=\"og:type\" content=\"article\" \/>\n<meta property=\"og:title\" content=\"Pedal boat PELICAN VOYAGE DLX - WATERSKIS.LV\" \/>\n<meta property=\"og:description\" content=\"Pedal boat PELICAN VOYAGE DLX provides comfort and adventure for up to 5 users (2 adults and up to 3 small children). With its adjustable backrests,\" \/>\n<meta property=\"og:url\" content=\"https:\/\/www.waterskis.lv\/en\/product\/pedal-boat-pelican-voyage-dlx\/\" \/>\n<meta property=\"og:site_name\" content=\"WATERSKIS.LV\" \/>\n<meta property=\"article:publisher\" content=\"https:\/\/www.facebook.com\/jurmalawaterskiwakeboardpark\/\" \/>\n<meta property=\"article:modified_time\" content=\"2026-02-02T16:56:49+00:00\" \/>\n<meta property=\"og:image\" content=\"https:\/\/www.waterskis.lv\/wp-content\/uploads\/2022\/06\/pedal-boat-pelican-voyage-dlx.jpg\" \/>\n\t<meta property=\"og:image:width\" content=\"1000\" \/>\n\t<meta property=\"og:image:height\" content=\"1000\" \/>\n\t<meta property=\"og:image:type\" content=\"image\/jpeg\" \/>\n<meta name=\"twitter:card\" content=\"summary_large_image\" \/>\n<meta name=\"twitter:label1\" content=\"Est. reading time\" \/>\n\t<meta name=\"twitter:data1\" content=\"1 minute\" \/>\n<script type=\"application\/ld+json\" class=\"yoast-schema-graph\">{\"@context\":\"https:\\\/\\\/schema.org\",\"@graph\":[{\"@type\":\"WebPage\",\"@id\":\"https:\\\/\\\/www.waterskis.lv\\\/en\\\/product\\\/pedal-boat-pelican-voyage-dlx\\\/\",\"url\":\"https:\\\/\\\/www.waterskis.lv\\\/en\\\/product\\\/pedal-boat-pelican-voyage-dlx\\\/\",\"name\":\"Pedal boat PELICAN VOYAGE DLX - WATERSKIS.LV\",\"isPartOf\":{\"@id\":\"https:\\\/\\\/www.waterskis.lv\\\/en\\\/#website\"},\"primaryImageOfPage\":{\"@id\":\"https:\\\/\\\/www.waterskis.lv\\\/en\\\/product\\\/pedal-boat-pelican-voyage-dlx\\\/#primaryimage\"},\"image\":{\"@id\":\"https:\\\/\\\/www.waterskis.lv\\\/en\\\/product\\\/pedal-boat-pelican-voyage-dlx\\\/#primaryimage\"},\"thumbnailUrl\":\"https:\\\/\\\/www.waterskis.lv\\\/wp-content\\\/uploads\\\/2022\\\/06\\\/pedal-boat-pelican-voyage-dlx.jpg\",\"datePublished\":\"2022-06-10T08:02:23+00:00\",\"dateModified\":\"2026-02-02T16:56:49+00:00\",\"description\":\"Pedal boat PELICAN VOYAGE DLX provides comfort and adventure for up to 5 users (2 adults and up to 3 small children). With its adjustable backrests,\",\"breadcrumb\":{\"@id\":\"https:\\\/\\\/www.waterskis.lv\\\/en\\\/product\\\/pedal-boat-pelican-voyage-dlx\\\/#breadcrumb\"},\"inLanguage\":\"en-US\",\"potentialAction\":[{\"@type\":\"ReadAction\",\"target\":[\"https:\\\/\\\/www.waterskis.lv\\\/en\\\/product\\\/pedal-boat-pelican-voyage-dlx\\\/\"]}]},{\"@type\":\"ImageObject\",\"inLanguage\":\"en-US\",\"@id\":\"https:\\\/\\\/www.waterskis.lv\\\/en\\\/product\\\/pedal-boat-pelican-voyage-dlx\\\/#primaryimage\",\"url\":\"https:\\\/\\\/www.waterskis.lv\\\/wp-content\\\/uploads\\\/2022\\\/06\\\/pedal-boat-pelican-voyage-dlx.jpg\",\"contentUrl\":\"https:\\\/\\\/www.waterskis.lv\\\/wp-content\\\/uploads\\\/2022\\\/06\\\/pedal-boat-pelican-voyage-dlx.jpg\",\"width\":1000,\"height\":1000,\"caption\":\"Pedal boat PELICAN VOYAGE DLX\"},{\"@type\":\"BreadcrumbList\",\"@id\":\"https:\\\/\\\/www.waterskis.lv\\\/en\\\/product\\\/pedal-boat-pelican-voyage-dlx\\\/#breadcrumb\",\"itemListElement\":[{\"@type\":\"ListItem\",\"position\":1,\"name\":\"Home\",\"item\":\"https:\\\/\\\/www.waterskis.lv\\\/en\\\/\"},{\"@type\":\"ListItem\",\"position\":2,\"name\":\"Shop\",\"item\":\"https:\\\/\\\/waterskis.lv\\\/en\\\/shop\\\/\"},{\"@type\":\"ListItem\",\"position\":3,\"name\":\"Pedal boat PELICAN VOYAGE DLX\"}]},{\"@type\":\"WebSite\",\"@id\":\"https:\\\/\\\/www.waterskis.lv\\\/en\\\/#website\",\"url\":\"https:\\\/\\\/www.waterskis.lv\\\/en\\\/\",\"name\":\"WATERSKIS.LV\",\"description\":\"SUP d\u0113\u013ci, kajaki, kanoe, airu laivas, \u016bdenssl\u0113po\u0161ana, veikbords, SUP d\u0113\u013cu noma, kajaku nomaakt\u012bv\u0101s atp\u016btas centrs, laivu noma, sup noma, kajaku noma\",\"publisher\":{\"@id\":\"https:\\\/\\\/www.waterskis.lv\\\/en\\\/#organization\"},\"potentialAction\":[{\"@type\":\"SearchAction\",\"target\":{\"@type\":\"EntryPoint\",\"urlTemplate\":\"https:\\\/\\\/www.waterskis.lv\\\/en\\\/?s={search_term_string}\"},\"query-input\":{\"@type\":\"PropertyValueSpecification\",\"valueRequired\":true,\"valueName\":\"search_term_string\"}}],\"inLanguage\":\"en-US\"},{\"@type\":\"Organization\",\"@id\":\"https:\\\/\\\/www.waterskis.lv\\\/en\\\/#organization\",\"name\":\"WATERSKIS.LV\",\"url\":\"https:\\\/\\\/www.waterskis.lv\\\/en\\\/\",\"logo\":{\"@type\":\"ImageObject\",\"inLanguage\":\"en-US\",\"@id\":\"https:\\\/\\\/www.waterskis.lv\\\/en\\\/#\\\/schema\\\/logo\\\/image\\\/\",\"url\":\"https:\\\/\\\/www.waterskis.lv\\\/wp-content\\\/uploads\\\/2025\\\/01\\\/JUVP-logo.png\",\"contentUrl\":\"https:\\\/\\\/www.waterskis.lv\\\/wp-content\\\/uploads\\\/2025\\\/01\\\/JUVP-logo.png\",\"width\":421,\"height\":202,\"caption\":\"WATERSKIS.LV\"},\"image\":{\"@id\":\"https:\\\/\\\/www.waterskis.lv\\\/en\\\/#\\\/schema\\\/logo\\\/image\\\/\"},\"sameAs\":[\"https:\\\/\\\/www.facebook.com\\\/jurmalawaterskiwakeboardpark\\\/\"]}]}<\/script>\n<!-- \/ Yoast SEO plugin. -->","yoast_head_json":{"title":"Pedal boat PELICAN VOYAGE DLX - WATERSKIS.LV","description":"Pedal boat PELICAN VOYAGE DLX provides comfort and adventure for up to 5 users (2 adults and up to 3 small children). With its adjustable backrests,","robots":{"index":"index","follow":"follow","max-snippet":"max-snippet:-1","max-image-preview":"max-image-preview:large","max-video-preview":"max-video-preview:-1"},"canonical":"https:\/\/www.waterskis.lv\/en\/product\/pedal-boat-pelican-voyage-dlx\/","og_locale":"en_US","og_type":"article","og_title":"Pedal boat PELICAN VOYAGE DLX - WATERSKIS.LV","og_description":"Pedal boat PELICAN VOYAGE DLX provides comfort and adventure for up to 5 users (2 adults and up to 3 small children). With its adjustable backrests,","og_url":"https:\/\/www.waterskis.lv\/en\/product\/pedal-boat-pelican-voyage-dlx\/","og_site_name":"WATERSKIS.LV","article_publisher":"https:\/\/www.facebook.com\/jurmalawaterskiwakeboardpark\/","article_modified_time":"2026-02-02T16:56:49+00:00","og_image":[{"width":1000,"height":1000,"url":"https:\/\/www.waterskis.lv\/wp-content\/uploads\/2022\/06\/pedal-boat-pelican-voyage-dlx.jpg","type":"image\/jpeg"}],"twitter_card":"summary_large_image","twitter_misc":{"Est. reading time":"1 minute"},"schema":{"@context":"https:\/\/schema.org","@graph":[{"@type":"WebPage","@id":"https:\/\/www.waterskis.lv\/en\/product\/pedal-boat-pelican-voyage-dlx\/","url":"https:\/\/www.waterskis.lv\/en\/product\/pedal-boat-pelican-voyage-dlx\/","name":"Pedal boat PELICAN VOYAGE DLX - WATERSKIS.LV","isPartOf":{"@id":"https:\/\/www.waterskis.lv\/en\/#website"},"primaryImageOfPage":{"@id":"https:\/\/www.waterskis.lv\/en\/product\/pedal-boat-pelican-voyage-dlx\/#primaryimage"},"image":{"@id":"https:\/\/www.waterskis.lv\/en\/product\/pedal-boat-pelican-voyage-dlx\/#primaryimage"},"thumbnailUrl":"https:\/\/www.waterskis.lv\/wp-content\/uploads\/2022\/06\/pedal-boat-pelican-voyage-dlx.jpg","datePublished":"2022-06-10T08:02:23+00:00","dateModified":"2026-02-02T16:56:49+00:00","description":"Pedal boat PELICAN VOYAGE DLX provides comfort and adventure for up to 5 users (2 adults and up to 3 small children). With its adjustable backrests,","breadcrumb":{"@id":"https:\/\/www.waterskis.lv\/en\/product\/pedal-boat-pelican-voyage-dlx\/#breadcrumb"},"inLanguage":"en-US","potentialAction":[{"@type":"ReadAction","target":["https:\/\/www.waterskis.lv\/en\/product\/pedal-boat-pelican-voyage-dlx\/"]}]},{"@type":"ImageObject","inLanguage":"en-US","@id":"https:\/\/www.waterskis.lv\/en\/product\/pedal-boat-pelican-voyage-dlx\/#primaryimage","url":"https:\/\/www.waterskis.lv\/wp-content\/uploads\/2022\/06\/pedal-boat-pelican-voyage-dlx.jpg","contentUrl":"https:\/\/www.waterskis.lv\/wp-content\/uploads\/2022\/06\/pedal-boat-pelican-voyage-dlx.jpg","width":1000,"height":1000,"caption":"Pedal boat PELICAN VOYAGE DLX"},{"@type":"BreadcrumbList","@id":"https:\/\/www.waterskis.lv\/en\/product\/pedal-boat-pelican-voyage-dlx\/#breadcrumb","itemListElement":[{"@type":"ListItem","position":1,"name":"Home","item":"https:\/\/www.waterskis.lv\/en\/"},{"@type":"ListItem","position":2,"name":"Shop","item":"https:\/\/waterskis.lv\/en\/shop\/"},{"@type":"ListItem","position":3,"name":"Pedal boat PELICAN VOYAGE DLX"}]},{"@type":"WebSite","@id":"https:\/\/www.waterskis.lv\/en\/#website","url":"https:\/\/www.waterskis.lv\/en\/","name":"WATERSKIS.LV","description":"SUP d\u0113\u013ci, kajaki, kanoe, airu laivas, \u016bdenssl\u0113po\u0161ana, veikbords, SUP d\u0113\u013cu noma, kajaku nomaakt\u012bv\u0101s atp\u016btas centrs, laivu noma, sup noma, kajaku noma","publisher":{"@id":"https:\/\/www.waterskis.lv\/en\/#organization"},"potentialAction":[{"@type":"SearchAction","target":{"@type":"EntryPoint","urlTemplate":"https:\/\/www.waterskis.lv\/en\/?s={search_term_string}"},"query-input":{"@type":"PropertyValueSpecification","valueRequired":true,"valueName":"search_term_string"}}],"inLanguage":"en-US"},{"@type":"Organization","@id":"https:\/\/www.waterskis.lv\/en\/#organization","name":"WATERSKIS.LV","url":"https:\/\/www.waterskis.lv\/en\/","logo":{"@type":"ImageObject","inLanguage":"en-US","@id":"https:\/\/www.waterskis.lv\/en\/#\/schema\/logo\/image\/","url":"https:\/\/www.waterskis.lv\/wp-content\/uploads\/2025\/01\/JUVP-logo.png","contentUrl":"https:\/\/www.waterskis.lv\/wp-content\/uploads\/2025\/01\/JUVP-logo.png","width":421,"height":202,"caption":"WATERSKIS.LV"},"image":{"@id":"https:\/\/www.waterskis.lv\/en\/#\/schema\/logo\/image\/"},"sameAs":["https:\/\/www.facebook.com\/jurmalawaterskiwakeboardpark\/"]}]}},"_links":{"self":[{"href":"https:\/\/www.waterskis.lv\/en\/wp-json\/wp\/v2\/product\/40816","targetHints":{"allow":["GET"]}}],"collection":[{"href":"https:\/\/www.waterskis.lv\/en\/wp-json\/wp\/v2\/product"}],"about":[{"href":"https:\/\/www.waterskis.lv\/en\/wp-json\/wp\/v2\/types\/product"}],"replies":[{"embeddable":true,"href":"https:\/\/www.waterskis.lv\/en\/wp-json\/wp\/v2\/comments?post=40816"}],"wp:featuredmedia":[{"embeddable":true,"href":"https:\/\/www.waterskis.lv\/en\/wp-json\/wp\/v2\/media\/52161"}],"wp:attachment":[{"href":"https:\/\/www.waterskis.lv\/en\/wp-json\/wp\/v2\/media?parent=40816"}],"wp:term":[{"taxonomy":"product_brand","embeddable":true,"href":"https:\/\/www.waterskis.lv\/en\/wp-json\/wp\/v2\/product_brand?post=40816"},{"taxonomy":"product_cat","embeddable":true,"href":"https:\/\/www.waterskis.lv\/en\/wp-json\/wp\/v2\/product_cat?post=40816"},{"taxonomy":"product_tag","embeddable":true,"href":"https:\/\/www.waterskis.lv\/en\/wp-json\/wp\/v2\/product_tag?post=40816"}],"curies":[{"name":"wp","href":"https:\/\/api.w.org\/{rel}","templated":true}]}}