{"id":45363,"date":"2022-08-25T12:15:37","date_gmt":"2022-08-25T09:15:37","guid":{"rendered":"https:\/\/www.waterskis.lv\/products\/sup-delis-wildsup-black-moose-10-6-2\/"},"modified":"2026-02-26T13:55:58","modified_gmt":"2026-02-26T11:55:58","slug":"used-sup-board-wildsup-black-moose-10-6","status":"publish","type":"product","link":"https:\/\/www.waterskis.lv\/en\/product\/used-sup-board-wildsup-black-moose-10-6\/","title":{"rendered":"Used SUP board WILDSUP BLACK MOOSE 10.6"},"content":{"rendered":"<h3>Used SUP board WILDSUP BLACK MOOSE 10.6<\/h3>\n<p>Used SUP board WILDSUP BLACK MOOSE 10.6<\/p>\n<p>Package: SUP board<\/p>\n<p>Weight: 11 kg<\/p>\n<p>Size: 320 x 79 x 12 cm<\/p>\n<p>Material: two layers Drop stitch PVC<\/p>\n<p>Number of seats: 1<\/p>\n<p>Compression: recommended 22 psi, maximum 27 psi<\/p>\n<p>Load capacity: up to 110 kg<\/p>\n","protected":false},"excerpt":{"rendered":"<p>Used SUP board WILDSUP BLACK MOOSE 10.6 Used SUP board WILDSUP BLACK MOOSE 10.6 Package: SUP board Weight: 11 kg Size: 320 x 79 x 12 cm Material: two layers Drop stitch PVC Number of seats: 1 Compression: recommended 22 psi, maximum 27 psi Load capacity: up to 110 kg [&#8230;]<\/p>\n<p><a class=\"btn btn-secondary understrap-read-more-link\" href=\"https:\/\/www.waterskis.lv\/en\/product\/used-sup-board-wildsup-black-moose-10-6\/\">Read More&#8230;<\/a><\/p>\n","protected":false},"featured_media":45361,"comment_status":"closed","ping_status":"closed","template":"","meta":{"_acf_changed":false,"inline_featured_image":false},"product_brand":[],"product_cat":[361,502,868,367],"product_tag":[3172,3173,3174,1335,1316,3175,3176],"class_list":{"0":"post-45363","1":"product","2":"type-product","3":"status-publish","4":"has-post-thumbnail","6":"product_cat-sale","7":"product_cat-stand-up-paddle-boards","8":"product_cat-used-sup-boards","9":"product_cat-used-water-sports-items","10":"product_tag-aufblasbares-sup","11":"product_tag-stand-up-paddleboard","12":"product_tag-stand-up-paddling","13":"product_tag-sup","14":"product_tag-sup-delis","15":"product_tag-sup-surfer","16":"product_tag-supkayak","17":"product_shipping_class-latvija-kurjers","19":"first","20":"instock","21":"sale","22":"shipping-taxable","23":"purchasable","24":"product-type-simple"},"acf":[],"yoast_head":"<!-- This site is optimized with the Yoast SEO plugin v27.5 - https:\/\/yoast.com\/product\/yoast-seo-wordpress\/ -->\n<title>Used SUP board WILDSUP BLACK MOOSE 10.6 - WATERSKIS.LV<\/title>\n<meta name=\"description\" content=\"Used SUP board WILDSUP BLACK MOOSE 10.6. Package: SUP board Weight: 11 kg Size: 320 x 79 x 12 cm Material: two layers Drop stitch PVCNumber of seats: 1\" \/>\n<meta name=\"robots\" content=\"index, follow, max-snippet:-1, max-image-preview:large, max-video-preview:-1\" \/>\n<link rel=\"canonical\" href=\"https:\/\/www.waterskis.lv\/en\/product\/used-sup-board-wildsup-black-moose-10-6\/\" \/>\n<meta property=\"og:locale\" content=\"en_US\" \/>\n<meta property=\"og:type\" content=\"article\" \/>\n<meta property=\"og:title\" content=\"Used SUP board WILDSUP BLACK MOOSE 10.6 - WATERSKIS.LV\" \/>\n<meta property=\"og:description\" content=\"Used SUP board WILDSUP BLACK MOOSE 10.6. Package: SUP board Weight: 11 kg Size: 320 x 79 x 12 cm Material: two layers Drop stitch PVCNumber of seats: 1\" \/>\n<meta property=\"og:url\" content=\"https:\/\/www.waterskis.lv\/en\/product\/used-sup-board-wildsup-black-moose-10-6\/\" \/>\n<meta property=\"og:site_name\" content=\"WATERSKIS.LV\" \/>\n<meta property=\"article:publisher\" content=\"https:\/\/www.facebook.com\/jurmalawaterskiwakeboardpark\/\" \/>\n<meta property=\"article:modified_time\" content=\"2026-02-26T11:55:58+00:00\" \/>\n<meta property=\"og:image\" content=\"https:\/\/www.waterskis.lv\/wp-content\/uploads\/2022\/08\/BlackMoose.jpg\" \/>\n\t<meta property=\"og:image:width\" content=\"2048\" \/>\n\t<meta property=\"og:image:height\" content=\"1152\" \/>\n\t<meta property=\"og:image:type\" content=\"image\/jpeg\" \/>\n<meta name=\"twitter:card\" content=\"summary_large_image\" \/>\n<meta name=\"twitter:label1\" content=\"Est. reading time\" \/>\n\t<meta name=\"twitter:data1\" content=\"1 minute\" \/>\n<script type=\"application\/ld+json\" class=\"yoast-schema-graph\">{\"@context\":\"https:\\\/\\\/schema.org\",\"@graph\":[{\"@type\":\"WebPage\",\"@id\":\"https:\\\/\\\/www.waterskis.lv\\\/en\\\/product\\\/used-sup-board-wildsup-black-moose-10-6\\\/\",\"url\":\"https:\\\/\\\/www.waterskis.lv\\\/en\\\/product\\\/used-sup-board-wildsup-black-moose-10-6\\\/\",\"name\":\"Used SUP board WILDSUP BLACK MOOSE 10.6 - WATERSKIS.LV\",\"isPartOf\":{\"@id\":\"https:\\\/\\\/www.waterskis.lv\\\/en\\\/#website\"},\"primaryImageOfPage\":{\"@id\":\"https:\\\/\\\/www.waterskis.lv\\\/en\\\/product\\\/used-sup-board-wildsup-black-moose-10-6\\\/#primaryimage\"},\"image\":{\"@id\":\"https:\\\/\\\/www.waterskis.lv\\\/en\\\/product\\\/used-sup-board-wildsup-black-moose-10-6\\\/#primaryimage\"},\"thumbnailUrl\":\"https:\\\/\\\/www.waterskis.lv\\\/wp-content\\\/uploads\\\/2022\\\/08\\\/BlackMoose.jpg\",\"datePublished\":\"2022-08-25T09:15:37+00:00\",\"dateModified\":\"2026-02-26T11:55:58+00:00\",\"description\":\"Used SUP board WILDSUP BLACK MOOSE 10.6. Package: SUP board Weight: 11 kg Size: 320 x 79 x 12 cm Material: two layers Drop stitch PVCNumber of seats: 1\",\"breadcrumb\":{\"@id\":\"https:\\\/\\\/www.waterskis.lv\\\/en\\\/product\\\/used-sup-board-wildsup-black-moose-10-6\\\/#breadcrumb\"},\"inLanguage\":\"en-US\",\"potentialAction\":[{\"@type\":\"ReadAction\",\"target\":[\"https:\\\/\\\/www.waterskis.lv\\\/en\\\/product\\\/used-sup-board-wildsup-black-moose-10-6\\\/\"]}]},{\"@type\":\"ImageObject\",\"inLanguage\":\"en-US\",\"@id\":\"https:\\\/\\\/www.waterskis.lv\\\/en\\\/product\\\/used-sup-board-wildsup-black-moose-10-6\\\/#primaryimage\",\"url\":\"https:\\\/\\\/www.waterskis.lv\\\/wp-content\\\/uploads\\\/2022\\\/08\\\/BlackMoose.jpg\",\"contentUrl\":\"https:\\\/\\\/www.waterskis.lv\\\/wp-content\\\/uploads\\\/2022\\\/08\\\/BlackMoose.jpg\",\"width\":2048,\"height\":1152,\"caption\":\"Lietots SUP d\u0113lis WILDSUP BLACK MOOSE 10.6\"},{\"@type\":\"BreadcrumbList\",\"@id\":\"https:\\\/\\\/www.waterskis.lv\\\/en\\\/product\\\/used-sup-board-wildsup-black-moose-10-6\\\/#breadcrumb\",\"itemListElement\":[{\"@type\":\"ListItem\",\"position\":1,\"name\":\"Home\",\"item\":\"https:\\\/\\\/www.waterskis.lv\\\/en\\\/\"},{\"@type\":\"ListItem\",\"position\":2,\"name\":\"Shop\",\"item\":\"https:\\\/\\\/waterskis.lv\\\/en\\\/shop\\\/\"},{\"@type\":\"ListItem\",\"position\":3,\"name\":\"Used SUP board WILDSUP BLACK MOOSE 10.6\"}]},{\"@type\":\"WebSite\",\"@id\":\"https:\\\/\\\/www.waterskis.lv\\\/en\\\/#website\",\"url\":\"https:\\\/\\\/www.waterskis.lv\\\/en\\\/\",\"name\":\"WATERSKIS.LV\",\"description\":\"SUP d\u0113\u013ci, kajaki, kanoe, airu laivas, \u016bdenssl\u0113po\u0161ana, veikbords, SUP d\u0113\u013cu noma, kajaku nomaakt\u012bv\u0101s atp\u016btas centrs, laivu noma, sup noma, kajaku noma\",\"publisher\":{\"@id\":\"https:\\\/\\\/www.waterskis.lv\\\/en\\\/#organization\"},\"potentialAction\":[{\"@type\":\"SearchAction\",\"target\":{\"@type\":\"EntryPoint\",\"urlTemplate\":\"https:\\\/\\\/www.waterskis.lv\\\/en\\\/?s={search_term_string}\"},\"query-input\":{\"@type\":\"PropertyValueSpecification\",\"valueRequired\":true,\"valueName\":\"search_term_string\"}}],\"inLanguage\":\"en-US\"},{\"@type\":\"Organization\",\"@id\":\"https:\\\/\\\/www.waterskis.lv\\\/en\\\/#organization\",\"name\":\"WATERSKIS.LV\",\"url\":\"https:\\\/\\\/www.waterskis.lv\\\/en\\\/\",\"logo\":{\"@type\":\"ImageObject\",\"inLanguage\":\"en-US\",\"@id\":\"https:\\\/\\\/www.waterskis.lv\\\/en\\\/#\\\/schema\\\/logo\\\/image\\\/\",\"url\":\"https:\\\/\\\/www.waterskis.lv\\\/wp-content\\\/uploads\\\/2025\\\/01\\\/JUVP-logo.png\",\"contentUrl\":\"https:\\\/\\\/www.waterskis.lv\\\/wp-content\\\/uploads\\\/2025\\\/01\\\/JUVP-logo.png\",\"width\":421,\"height\":202,\"caption\":\"WATERSKIS.LV\"},\"image\":{\"@id\":\"https:\\\/\\\/www.waterskis.lv\\\/en\\\/#\\\/schema\\\/logo\\\/image\\\/\"},\"sameAs\":[\"https:\\\/\\\/www.facebook.com\\\/jurmalawaterskiwakeboardpark\\\/\"]}]}<\/script>\n<!-- \/ Yoast SEO plugin. -->","yoast_head_json":{"title":"Used SUP board WILDSUP BLACK MOOSE 10.6 - WATERSKIS.LV","description":"Used SUP board WILDSUP BLACK MOOSE 10.6. Package: SUP board Weight: 11 kg Size: 320 x 79 x 12 cm Material: two layers Drop stitch PVCNumber of seats: 1","robots":{"index":"index","follow":"follow","max-snippet":"max-snippet:-1","max-image-preview":"max-image-preview:large","max-video-preview":"max-video-preview:-1"},"canonical":"https:\/\/www.waterskis.lv\/en\/product\/used-sup-board-wildsup-black-moose-10-6\/","og_locale":"en_US","og_type":"article","og_title":"Used SUP board WILDSUP BLACK MOOSE 10.6 - WATERSKIS.LV","og_description":"Used SUP board WILDSUP BLACK MOOSE 10.6. Package: SUP board Weight: 11 kg Size: 320 x 79 x 12 cm Material: two layers Drop stitch PVCNumber of seats: 1","og_url":"https:\/\/www.waterskis.lv\/en\/product\/used-sup-board-wildsup-black-moose-10-6\/","og_site_name":"WATERSKIS.LV","article_publisher":"https:\/\/www.facebook.com\/jurmalawaterskiwakeboardpark\/","article_modified_time":"2026-02-26T11:55:58+00:00","og_image":[{"width":2048,"height":1152,"url":"https:\/\/www.waterskis.lv\/wp-content\/uploads\/2022\/08\/BlackMoose.jpg","type":"image\/jpeg"}],"twitter_card":"summary_large_image","twitter_misc":{"Est. reading time":"1 minute"},"schema":{"@context":"https:\/\/schema.org","@graph":[{"@type":"WebPage","@id":"https:\/\/www.waterskis.lv\/en\/product\/used-sup-board-wildsup-black-moose-10-6\/","url":"https:\/\/www.waterskis.lv\/en\/product\/used-sup-board-wildsup-black-moose-10-6\/","name":"Used SUP board WILDSUP BLACK MOOSE 10.6 - WATERSKIS.LV","isPartOf":{"@id":"https:\/\/www.waterskis.lv\/en\/#website"},"primaryImageOfPage":{"@id":"https:\/\/www.waterskis.lv\/en\/product\/used-sup-board-wildsup-black-moose-10-6\/#primaryimage"},"image":{"@id":"https:\/\/www.waterskis.lv\/en\/product\/used-sup-board-wildsup-black-moose-10-6\/#primaryimage"},"thumbnailUrl":"https:\/\/www.waterskis.lv\/wp-content\/uploads\/2022\/08\/BlackMoose.jpg","datePublished":"2022-08-25T09:15:37+00:00","dateModified":"2026-02-26T11:55:58+00:00","description":"Used SUP board WILDSUP BLACK MOOSE 10.6. Package: SUP board Weight: 11 kg Size: 320 x 79 x 12 cm Material: two layers Drop stitch PVCNumber of seats: 1","breadcrumb":{"@id":"https:\/\/www.waterskis.lv\/en\/product\/used-sup-board-wildsup-black-moose-10-6\/#breadcrumb"},"inLanguage":"en-US","potentialAction":[{"@type":"ReadAction","target":["https:\/\/www.waterskis.lv\/en\/product\/used-sup-board-wildsup-black-moose-10-6\/"]}]},{"@type":"ImageObject","inLanguage":"en-US","@id":"https:\/\/www.waterskis.lv\/en\/product\/used-sup-board-wildsup-black-moose-10-6\/#primaryimage","url":"https:\/\/www.waterskis.lv\/wp-content\/uploads\/2022\/08\/BlackMoose.jpg","contentUrl":"https:\/\/www.waterskis.lv\/wp-content\/uploads\/2022\/08\/BlackMoose.jpg","width":2048,"height":1152,"caption":"Lietots SUP d\u0113lis WILDSUP BLACK MOOSE 10.6"},{"@type":"BreadcrumbList","@id":"https:\/\/www.waterskis.lv\/en\/product\/used-sup-board-wildsup-black-moose-10-6\/#breadcrumb","itemListElement":[{"@type":"ListItem","position":1,"name":"Home","item":"https:\/\/www.waterskis.lv\/en\/"},{"@type":"ListItem","position":2,"name":"Shop","item":"https:\/\/waterskis.lv\/en\/shop\/"},{"@type":"ListItem","position":3,"name":"Used SUP board WILDSUP BLACK MOOSE 10.6"}]},{"@type":"WebSite","@id":"https:\/\/www.waterskis.lv\/en\/#website","url":"https:\/\/www.waterskis.lv\/en\/","name":"WATERSKIS.LV","description":"SUP d\u0113\u013ci, kajaki, kanoe, airu laivas, \u016bdenssl\u0113po\u0161ana, veikbords, SUP d\u0113\u013cu noma, kajaku nomaakt\u012bv\u0101s atp\u016btas centrs, laivu noma, sup noma, kajaku noma","publisher":{"@id":"https:\/\/www.waterskis.lv\/en\/#organization"},"potentialAction":[{"@type":"SearchAction","target":{"@type":"EntryPoint","urlTemplate":"https:\/\/www.waterskis.lv\/en\/?s={search_term_string}"},"query-input":{"@type":"PropertyValueSpecification","valueRequired":true,"valueName":"search_term_string"}}],"inLanguage":"en-US"},{"@type":"Organization","@id":"https:\/\/www.waterskis.lv\/en\/#organization","name":"WATERSKIS.LV","url":"https:\/\/www.waterskis.lv\/en\/","logo":{"@type":"ImageObject","inLanguage":"en-US","@id":"https:\/\/www.waterskis.lv\/en\/#\/schema\/logo\/image\/","url":"https:\/\/www.waterskis.lv\/wp-content\/uploads\/2025\/01\/JUVP-logo.png","contentUrl":"https:\/\/www.waterskis.lv\/wp-content\/uploads\/2025\/01\/JUVP-logo.png","width":421,"height":202,"caption":"WATERSKIS.LV"},"image":{"@id":"https:\/\/www.waterskis.lv\/en\/#\/schema\/logo\/image\/"},"sameAs":["https:\/\/www.facebook.com\/jurmalawaterskiwakeboardpark\/"]}]}},"_links":{"self":[{"href":"https:\/\/www.waterskis.lv\/en\/wp-json\/wp\/v2\/product\/45363","targetHints":{"allow":["GET"]}}],"collection":[{"href":"https:\/\/www.waterskis.lv\/en\/wp-json\/wp\/v2\/product"}],"about":[{"href":"https:\/\/www.waterskis.lv\/en\/wp-json\/wp\/v2\/types\/product"}],"replies":[{"embeddable":true,"href":"https:\/\/www.waterskis.lv\/en\/wp-json\/wp\/v2\/comments?post=45363"}],"wp:featuredmedia":[{"embeddable":true,"href":"https:\/\/www.waterskis.lv\/en\/wp-json\/wp\/v2\/media\/45361"}],"wp:attachment":[{"href":"https:\/\/www.waterskis.lv\/en\/wp-json\/wp\/v2\/media?parent=45363"}],"wp:term":[{"taxonomy":"product_brand","embeddable":true,"href":"https:\/\/www.waterskis.lv\/en\/wp-json\/wp\/v2\/product_brand?post=45363"},{"taxonomy":"product_cat","embeddable":true,"href":"https:\/\/www.waterskis.lv\/en\/wp-json\/wp\/v2\/product_cat?post=45363"},{"taxonomy":"product_tag","embeddable":true,"href":"https:\/\/www.waterskis.lv\/en\/wp-json\/wp\/v2\/product_tag?post=45363"}],"curies":[{"name":"wp","href":"https:\/\/api.w.org\/{rel}","templated":true}]}}