{"id":46099,"date":"2022-09-27T16:30:05","date_gmt":"2022-09-27T13:30:05","guid":{"rendered":"https:\/\/www.waterskis.lv\/products\/kivere-brunotti-rental-men\/"},"modified":"2026-02-07T17:23:36","modified_gmt":"2026-02-07T15:23:36","slug":"helmet-brunotti-rental-men","status":"publish","type":"product","link":"https:\/\/www.waterskis.lv\/en\/product\/helmet-brunotti-rental-men\/","title":{"rendered":"Helmet BRUNOTTI RENTAL MEN"},"content":{"rendered":"<h1>Helmet BRUNOTTI RENTAL MEN<\/h1>\n<p class=\"product_title entry-title\">Helmet BRUNOTTI DEFENCE HELMET BLUE \u2013 L\/XL (57-60CM) RENTAL LOGO ON BACK<\/p>\n<h4><strong>Buy Your 202# Brunotti Defence Wakeboard Helmet now @ waterskis, Your Online Pro Wakeboard Store.<\/strong><\/h4>\n<p>Our Brunotti Defence Wakeboard Helmets are developed to protect your head in the coolest way possible. We created a super strong shell out of one piece. This secures both safety and durability. To complete the helmet we developed a super comfortable inner layer that keeps your helmet in the right position. The extra quick-dry padding will provide even more comfort, the quick-dry technology will ensure your helmet stays nice and fresh.<\/p>\n<h4><strong>#202# Brunotti Defence Wakeboard Helmet Construction Features<\/strong><\/h4>\n<ul>\n<li>Durable ABS Hardshell<\/li>\n<li>EVA Liner<\/li>\n<li>Air Mesh<\/li>\n<li>Micro Fit System<\/li>\n<li>Neo Earpads<\/li>\n<li>Quick Release Chin Strap<\/li>\n<li>Rental Logo On The Back<\/li>\n<\/ul>\n<h4><strong>#202# Brunotti Defence Wakeboard Helmet Construction Sizing<\/strong><\/h4>\n<ul>\n<li>L\/XL\u00a0\u00a0 \u00a0(60-61cm)<\/li>\n<\/ul>\n<h4><strong>Brunotti Wakeboard Helmet Features Explained<\/strong><\/h4>\n<p>AIRMESH<\/p>\n<p>Special fabricated mesh to maximize the airflow through the helmet. The integrated structure lets hot air out, while letting and cool air in.<\/p>\n<p>HARDSHELL<\/p>\n<p>This in-mould technology makes the helmet highly resistant to point impacts, direct connected EPS and inner lines slows and spreads the impact.<\/p>\n","protected":false},"excerpt":{"rendered":"<p>Helmet BRUNOTTI RENTAL MEN Helmet BRUNOTTI DEFENCE HELMET BLUE \u2013 L\/XL (57-60CM) RENTAL LOGO ON BACK Buy Your 202# Brunotti Defence Wakeboard Helmet now @ waterskis, Your Online Pro Wakeboard Store. Our Brunotti Defence Wakeboard Helmets are developed to protect your head in the coolest way possible. We created a super strong shell out of [&#8230;]<\/p>\n<p><a class=\"btn btn-secondary understrap-read-more-link\" href=\"https:\/\/www.waterskis.lv\/en\/product\/helmet-brunotti-rental-men\/\">Read More&#8230;<\/a><\/p>\n","protected":false},"featured_media":46097,"comment_status":"closed","ping_status":"closed","template":"","meta":{"_acf_changed":false,"inline_featured_image":false},"product_brand":[2909],"product_cat":[736,739,361],"product_tag":[3768,3108,3769,3774,3775,3770,3771,3772,3773,3778,3776,3777,3780,3781,3784,3783,3782,3779],"class_list":{"0":"post-46099","1":"product","2":"type-product","3":"status-publish","4":"has-post-thumbnail","6":"product_brand-brunotti","7":"product_cat-apparel-wetsuits","8":"product_cat-helmets","9":"product_cat-sale","10":"product_tag-airesanas-kivere","11":"product_tag-helmet","12":"product_tag-kivere","13":"product_tag-paddling-helmet","14":"product_tag-sup-board-helmet","15":"product_tag-sup-dela-kivere","16":"product_tag-udenssleposanas-kivere","17":"product_tag-udenssporta-kivere","18":"product_tag-veikborda-kivere","19":"product_tag-wakeboard-helmet","20":"product_tag-water-skiing-helmet","21":"product_tag-water-sports-helmet","22":"product_tag-3780","23":"product_tag---sup-","24":"product_tag-3784","25":"product_tag-3783","26":"product_tag-3782","27":"product_tag-3779","29":"first","30":"instock","31":"sale","32":"shipping-taxable","33":"purchasable","34":"product-type-simple"},"acf":[],"yoast_head":"<!-- This site is optimized with the Yoast SEO plugin v27.5 - https:\/\/yoast.com\/product\/yoast-seo-wordpress\/ -->\n<title>Helmet BRUNOTTI RENTAL MEN - WATERSKIS.LV<\/title>\n<meta name=\"description\" content=\"Helmet BRUNOTTI RENTAL MEN. Helmet Rental Men Blue - Large\/XLarge. Buy your helmet for waterskiing, wakeboarding, bicycling at # waterskis.lv\" \/>\n<meta name=\"robots\" content=\"index, follow, max-snippet:-1, max-image-preview:large, max-video-preview:-1\" \/>\n<link rel=\"canonical\" href=\"https:\/\/www.waterskis.lv\/en\/product\/helmet-brunotti-rental-men\/\" \/>\n<meta property=\"og:locale\" content=\"en_US\" \/>\n<meta property=\"og:type\" content=\"article\" \/>\n<meta property=\"og:title\" content=\"Helmet BRUNOTTI RENTAL MEN - WATERSKIS.LV\" \/>\n<meta property=\"og:description\" content=\"Helmet BRUNOTTI RENTAL MEN. Helmet Rental Men Blue - Large\/XLarge. Buy your helmet for waterskiing, wakeboarding, bicycling at # waterskis.lv\" \/>\n<meta property=\"og:url\" content=\"https:\/\/www.waterskis.lv\/en\/product\/helmet-brunotti-rental-men\/\" \/>\n<meta property=\"og:site_name\" content=\"WATERSKIS.LV\" \/>\n<meta property=\"article:publisher\" content=\"https:\/\/www.facebook.com\/jurmalawaterskiwakeboardpark\/\" \/>\n<meta property=\"article:modified_time\" content=\"2026-02-07T15:23:36+00:00\" \/>\n<meta property=\"og:image\" content=\"https:\/\/www.waterskis.lv\/wp-content\/uploads\/2022\/09\/2016_brunotti_rental_blue.jpg\" \/>\n\t<meta property=\"og:image:width\" content=\"768\" \/>\n\t<meta property=\"og:image:height\" content=\"768\" \/>\n\t<meta property=\"og:image:type\" content=\"image\/jpeg\" \/>\n<meta name=\"twitter:card\" content=\"summary_large_image\" \/>\n<meta name=\"twitter:label1\" content=\"Est. reading time\" \/>\n\t<meta name=\"twitter:data1\" content=\"2 minutes\" \/>\n<script type=\"application\/ld+json\" class=\"yoast-schema-graph\">{\"@context\":\"https:\\\/\\\/schema.org\",\"@graph\":[{\"@type\":\"WebPage\",\"@id\":\"https:\\\/\\\/www.waterskis.lv\\\/en\\\/product\\\/helmet-brunotti-rental-men\\\/\",\"url\":\"https:\\\/\\\/www.waterskis.lv\\\/en\\\/product\\\/helmet-brunotti-rental-men\\\/\",\"name\":\"Helmet BRUNOTTI RENTAL MEN - WATERSKIS.LV\",\"isPartOf\":{\"@id\":\"https:\\\/\\\/www.waterskis.lv\\\/en\\\/#website\"},\"primaryImageOfPage\":{\"@id\":\"https:\\\/\\\/www.waterskis.lv\\\/en\\\/product\\\/helmet-brunotti-rental-men\\\/#primaryimage\"},\"image\":{\"@id\":\"https:\\\/\\\/www.waterskis.lv\\\/en\\\/product\\\/helmet-brunotti-rental-men\\\/#primaryimage\"},\"thumbnailUrl\":\"https:\\\/\\\/www.waterskis.lv\\\/wp-content\\\/uploads\\\/2022\\\/09\\\/2016_brunotti_rental_blue.jpg\",\"datePublished\":\"2022-09-27T13:30:05+00:00\",\"dateModified\":\"2026-02-07T15:23:36+00:00\",\"description\":\"Helmet BRUNOTTI RENTAL MEN. Helmet Rental Men Blue - Large\\\/XLarge. Buy your helmet for waterskiing, wakeboarding, bicycling at # waterskis.lv\",\"breadcrumb\":{\"@id\":\"https:\\\/\\\/www.waterskis.lv\\\/en\\\/product\\\/helmet-brunotti-rental-men\\\/#breadcrumb\"},\"inLanguage\":\"en-US\",\"potentialAction\":[{\"@type\":\"ReadAction\",\"target\":[\"https:\\\/\\\/www.waterskis.lv\\\/en\\\/product\\\/helmet-brunotti-rental-men\\\/\"]}]},{\"@type\":\"ImageObject\",\"inLanguage\":\"en-US\",\"@id\":\"https:\\\/\\\/www.waterskis.lv\\\/en\\\/product\\\/helmet-brunotti-rental-men\\\/#primaryimage\",\"url\":\"https:\\\/\\\/www.waterskis.lv\\\/wp-content\\\/uploads\\\/2022\\\/09\\\/2016_brunotti_rental_blue.jpg\",\"contentUrl\":\"https:\\\/\\\/www.waterskis.lv\\\/wp-content\\\/uploads\\\/2022\\\/09\\\/2016_brunotti_rental_blue.jpg\",\"width\":768,\"height\":768,\"caption\":\"\u0136ivere BRUNOTTI RENTAL MEN\"},{\"@type\":\"BreadcrumbList\",\"@id\":\"https:\\\/\\\/www.waterskis.lv\\\/en\\\/product\\\/helmet-brunotti-rental-men\\\/#breadcrumb\",\"itemListElement\":[{\"@type\":\"ListItem\",\"position\":1,\"name\":\"Home\",\"item\":\"https:\\\/\\\/www.waterskis.lv\\\/en\\\/\"},{\"@type\":\"ListItem\",\"position\":2,\"name\":\"Shop\",\"item\":\"https:\\\/\\\/waterskis.lv\\\/en\\\/shop\\\/\"},{\"@type\":\"ListItem\",\"position\":3,\"name\":\"Helmet BRUNOTTI RENTAL MEN\"}]},{\"@type\":\"WebSite\",\"@id\":\"https:\\\/\\\/www.waterskis.lv\\\/en\\\/#website\",\"url\":\"https:\\\/\\\/www.waterskis.lv\\\/en\\\/\",\"name\":\"WATERSKIS.LV\",\"description\":\"SUP d\u0113\u013ci, kajaki, kanoe, airu laivas, \u016bdenssl\u0113po\u0161ana, veikbords, SUP d\u0113\u013cu noma, kajaku nomaakt\u012bv\u0101s atp\u016btas centrs, laivu noma, sup noma, kajaku noma\",\"publisher\":{\"@id\":\"https:\\\/\\\/www.waterskis.lv\\\/en\\\/#organization\"},\"potentialAction\":[{\"@type\":\"SearchAction\",\"target\":{\"@type\":\"EntryPoint\",\"urlTemplate\":\"https:\\\/\\\/www.waterskis.lv\\\/en\\\/?s={search_term_string}\"},\"query-input\":{\"@type\":\"PropertyValueSpecification\",\"valueRequired\":true,\"valueName\":\"search_term_string\"}}],\"inLanguage\":\"en-US\"},{\"@type\":\"Organization\",\"@id\":\"https:\\\/\\\/www.waterskis.lv\\\/en\\\/#organization\",\"name\":\"WATERSKIS.LV\",\"url\":\"https:\\\/\\\/www.waterskis.lv\\\/en\\\/\",\"logo\":{\"@type\":\"ImageObject\",\"inLanguage\":\"en-US\",\"@id\":\"https:\\\/\\\/www.waterskis.lv\\\/en\\\/#\\\/schema\\\/logo\\\/image\\\/\",\"url\":\"https:\\\/\\\/www.waterskis.lv\\\/wp-content\\\/uploads\\\/2025\\\/01\\\/JUVP-logo.png\",\"contentUrl\":\"https:\\\/\\\/www.waterskis.lv\\\/wp-content\\\/uploads\\\/2025\\\/01\\\/JUVP-logo.png\",\"width\":421,\"height\":202,\"caption\":\"WATERSKIS.LV\"},\"image\":{\"@id\":\"https:\\\/\\\/www.waterskis.lv\\\/en\\\/#\\\/schema\\\/logo\\\/image\\\/\"},\"sameAs\":[\"https:\\\/\\\/www.facebook.com\\\/jurmalawaterskiwakeboardpark\\\/\"]}]}<\/script>\n<!-- \/ Yoast SEO plugin. -->","yoast_head_json":{"title":"Helmet BRUNOTTI RENTAL MEN - WATERSKIS.LV","description":"Helmet BRUNOTTI RENTAL MEN. Helmet Rental Men Blue - Large\/XLarge. Buy your helmet for waterskiing, wakeboarding, bicycling at # waterskis.lv","robots":{"index":"index","follow":"follow","max-snippet":"max-snippet:-1","max-image-preview":"max-image-preview:large","max-video-preview":"max-video-preview:-1"},"canonical":"https:\/\/www.waterskis.lv\/en\/product\/helmet-brunotti-rental-men\/","og_locale":"en_US","og_type":"article","og_title":"Helmet BRUNOTTI RENTAL MEN - WATERSKIS.LV","og_description":"Helmet BRUNOTTI RENTAL MEN. Helmet Rental Men Blue - Large\/XLarge. Buy your helmet for waterskiing, wakeboarding, bicycling at # waterskis.lv","og_url":"https:\/\/www.waterskis.lv\/en\/product\/helmet-brunotti-rental-men\/","og_site_name":"WATERSKIS.LV","article_publisher":"https:\/\/www.facebook.com\/jurmalawaterskiwakeboardpark\/","article_modified_time":"2026-02-07T15:23:36+00:00","og_image":[{"width":768,"height":768,"url":"https:\/\/www.waterskis.lv\/wp-content\/uploads\/2022\/09\/2016_brunotti_rental_blue.jpg","type":"image\/jpeg"}],"twitter_card":"summary_large_image","twitter_misc":{"Est. reading time":"2 minutes"},"schema":{"@context":"https:\/\/schema.org","@graph":[{"@type":"WebPage","@id":"https:\/\/www.waterskis.lv\/en\/product\/helmet-brunotti-rental-men\/","url":"https:\/\/www.waterskis.lv\/en\/product\/helmet-brunotti-rental-men\/","name":"Helmet BRUNOTTI RENTAL MEN - WATERSKIS.LV","isPartOf":{"@id":"https:\/\/www.waterskis.lv\/en\/#website"},"primaryImageOfPage":{"@id":"https:\/\/www.waterskis.lv\/en\/product\/helmet-brunotti-rental-men\/#primaryimage"},"image":{"@id":"https:\/\/www.waterskis.lv\/en\/product\/helmet-brunotti-rental-men\/#primaryimage"},"thumbnailUrl":"https:\/\/www.waterskis.lv\/wp-content\/uploads\/2022\/09\/2016_brunotti_rental_blue.jpg","datePublished":"2022-09-27T13:30:05+00:00","dateModified":"2026-02-07T15:23:36+00:00","description":"Helmet BRUNOTTI RENTAL MEN. Helmet Rental Men Blue - Large\/XLarge. Buy your helmet for waterskiing, wakeboarding, bicycling at # waterskis.lv","breadcrumb":{"@id":"https:\/\/www.waterskis.lv\/en\/product\/helmet-brunotti-rental-men\/#breadcrumb"},"inLanguage":"en-US","potentialAction":[{"@type":"ReadAction","target":["https:\/\/www.waterskis.lv\/en\/product\/helmet-brunotti-rental-men\/"]}]},{"@type":"ImageObject","inLanguage":"en-US","@id":"https:\/\/www.waterskis.lv\/en\/product\/helmet-brunotti-rental-men\/#primaryimage","url":"https:\/\/www.waterskis.lv\/wp-content\/uploads\/2022\/09\/2016_brunotti_rental_blue.jpg","contentUrl":"https:\/\/www.waterskis.lv\/wp-content\/uploads\/2022\/09\/2016_brunotti_rental_blue.jpg","width":768,"height":768,"caption":"\u0136ivere BRUNOTTI RENTAL MEN"},{"@type":"BreadcrumbList","@id":"https:\/\/www.waterskis.lv\/en\/product\/helmet-brunotti-rental-men\/#breadcrumb","itemListElement":[{"@type":"ListItem","position":1,"name":"Home","item":"https:\/\/www.waterskis.lv\/en\/"},{"@type":"ListItem","position":2,"name":"Shop","item":"https:\/\/waterskis.lv\/en\/shop\/"},{"@type":"ListItem","position":3,"name":"Helmet BRUNOTTI RENTAL MEN"}]},{"@type":"WebSite","@id":"https:\/\/www.waterskis.lv\/en\/#website","url":"https:\/\/www.waterskis.lv\/en\/","name":"WATERSKIS.LV","description":"SUP d\u0113\u013ci, kajaki, kanoe, airu laivas, \u016bdenssl\u0113po\u0161ana, veikbords, SUP d\u0113\u013cu noma, kajaku nomaakt\u012bv\u0101s atp\u016btas centrs, laivu noma, sup noma, kajaku noma","publisher":{"@id":"https:\/\/www.waterskis.lv\/en\/#organization"},"potentialAction":[{"@type":"SearchAction","target":{"@type":"EntryPoint","urlTemplate":"https:\/\/www.waterskis.lv\/en\/?s={search_term_string}"},"query-input":{"@type":"PropertyValueSpecification","valueRequired":true,"valueName":"search_term_string"}}],"inLanguage":"en-US"},{"@type":"Organization","@id":"https:\/\/www.waterskis.lv\/en\/#organization","name":"WATERSKIS.LV","url":"https:\/\/www.waterskis.lv\/en\/","logo":{"@type":"ImageObject","inLanguage":"en-US","@id":"https:\/\/www.waterskis.lv\/en\/#\/schema\/logo\/image\/","url":"https:\/\/www.waterskis.lv\/wp-content\/uploads\/2025\/01\/JUVP-logo.png","contentUrl":"https:\/\/www.waterskis.lv\/wp-content\/uploads\/2025\/01\/JUVP-logo.png","width":421,"height":202,"caption":"WATERSKIS.LV"},"image":{"@id":"https:\/\/www.waterskis.lv\/en\/#\/schema\/logo\/image\/"},"sameAs":["https:\/\/www.facebook.com\/jurmalawaterskiwakeboardpark\/"]}]}},"_links":{"self":[{"href":"https:\/\/www.waterskis.lv\/en\/wp-json\/wp\/v2\/product\/46099","targetHints":{"allow":["GET"]}}],"collection":[{"href":"https:\/\/www.waterskis.lv\/en\/wp-json\/wp\/v2\/product"}],"about":[{"href":"https:\/\/www.waterskis.lv\/en\/wp-json\/wp\/v2\/types\/product"}],"replies":[{"embeddable":true,"href":"https:\/\/www.waterskis.lv\/en\/wp-json\/wp\/v2\/comments?post=46099"}],"wp:featuredmedia":[{"embeddable":true,"href":"https:\/\/www.waterskis.lv\/en\/wp-json\/wp\/v2\/media\/46097"}],"wp:attachment":[{"href":"https:\/\/www.waterskis.lv\/en\/wp-json\/wp\/v2\/media?parent=46099"}],"wp:term":[{"taxonomy":"product_brand","embeddable":true,"href":"https:\/\/www.waterskis.lv\/en\/wp-json\/wp\/v2\/product_brand?post=46099"},{"taxonomy":"product_cat","embeddable":true,"href":"https:\/\/www.waterskis.lv\/en\/wp-json\/wp\/v2\/product_cat?post=46099"},{"taxonomy":"product_tag","embeddable":true,"href":"https:\/\/www.waterskis.lv\/en\/wp-json\/wp\/v2\/product_tag?post=46099"}],"curies":[{"name":"wp","href":"https:\/\/api.w.org\/{rel}","templated":true}]}}