{"id":47694,"date":"2022-11-01T16:47:19","date_gmt":"2022-11-01T13:47:19","guid":{"rendered":"https:\/\/www.waterskis.lv\/products\/ww-kayak-paddle-tnp-222-0-aker\/"},"modified":"2026-02-06T11:50:35","modified_gmt":"2026-02-06T09:50:35","slug":"ww-kajaku-airis-tnp-222-0-aker","status":"publish","type":"product","link":"https:\/\/www.waterskis.lv\/en\/product\/ww-kajaku-airis-tnp-222-0-aker\/","title":{"rendered":"WW kajaku airis TNP 222.0 AKER"},"content":{"rendered":"<h1>WW kajaku airis TNP 222.0 AKER<\/h1>\n<p>WW kajaku airis TNP 222.0 AKER<\/p>\n<p>VAIR\u0100K INFORM\u0100CIJAS<\/p>\n<p>Gatavs n\u0101kamajam \u016bdens piedz\u012bvojumam: Aker Paddle no TNP. Aker ir apr\u012bkoti ar stikl\u0161\u0137iedras asme\u0146iem ar mal\u0101m, kas pastiprin\u0101tas ar Dynel, asme\u0146i ir veidoti sp\u0113c\u012bgam g\u0101jienam uz priek\u0161u. Vienas vai divda\u013c\u012bgas v\u0101rpstas iesp\u0113jas, kas izgatavotas no stiklplasta vai oglek\u013ca. 45\u00b0 standarta nob\u012bde (pa labi), pieejama p\u0113c pas\u016bt\u012bjuma. Piem\u0113rots vid\u0113ja l\u012bme\u0146a l\u012bdz progres\u012bviem air\u0113t\u0101jiem. Garums 180 \u2013 220 cm, k\u0101ts: stikla \u0161\u0137iedra, sl\u012bp\u0113ta stikla \u0161\u0137iedra vai karbons.<\/p>\n<p>Visi Aker asme\u0146i tiek izgatavoti manu\u0101li, pa gabalu. Da\u017ek\u0101rt sastopamas kosm\u0113tiskas nepiln\u012bbas neietekm\u0113 l\u0101psti\u0146as darb\u012bbu.<\/p>\n<p>DATU LAPA<br \/>\nTipa WHITE WATER airis<br \/>\nSvars 1 kg<br \/>\nV\u0101rpstas materi\u0101ls Carbon<br \/>\nDa\u013cu skaits 1<br \/>\nAsmens materi\u0101ls Dynel Foam Core Carbon<br \/>\nAsmens virsma (cm2) 705<br \/>\nV\u0101rpstas diametrs 30 mm<br \/>\nSavienojuma tipa atsperes-pogas uzgalis<br \/>\nIzmanto\u0161anas m\u0113r\u0137is Balt\u016bdens upes<br \/>\nIzcelsmes valsts \u010cehija<\/p>\n<p>Garums 180 &#8211; 220 cm<\/p>\n<h3 id=\"more-info\" class=\"page-product-heading active\">MORE INFO<\/h3>\n<div class=\"block_content1 rte active\">\n<p>Ready for your next whitewater adventure: The Aker Paddle from TNP. The Aker features fiberglass blades with edges reinforced with Dynel, blades shaped for a powerful forward stroke. Options of a one or two-piece shaft made of fiberglass or carbon. 45\u00b0 standard offset (right), custom available. Suitable for intermediate to advanced paddlers. Length 180 \u2013 220 cm, shaft: fiberglass, sanded fiberglass, or carbon.<\/p>\n<p>All Aker blades are made manually, piece by piece. Occasional cosmetic imperfections don\u00b4t affect the performance of the paddle.<\/p>\n<\/div>\n<h3 id=\"table-data\" class=\"page-product-heading\">DATA SHEET<\/h3>\n<table class=\"block_content2 table-data-sheet\">\n<tbody>\n<tr class=\"odd\">\n<td>Type<\/td>\n<td>WHITE WATER paddle<\/td>\n<\/tr>\n<tr class=\"even\">\n<td>Weight<\/td>\n<td>1 kg<\/td>\n<\/tr>\n<tr class=\"odd\">\n<td>Shaft material<\/td>\n<td>Carbon<\/td>\n<\/tr>\n<tr class=\"even\">\n<td>Number of parts<\/td>\n<td>1<\/td>\n<\/tr>\n<tr class=\"odd\">\n<td>Blade material<\/td>\n<td>Dynel Foam Core Carbon<\/td>\n<\/tr>\n<tr class=\"even\">\n<td>Blade surface (cm2)<\/td>\n<td>705<\/td>\n<\/tr>\n<tr class=\"odd\">\n<td>Shaft diameter<\/td>\n<td>30 mm<\/td>\n<\/tr>\n<tr class=\"even\">\n<td>Joint type<\/td>\n<td>Spring-Button ferrule<\/td>\n<\/tr>\n<tr class=\"odd\">\n<td>Purpose of usage<\/td>\n<td>White water rivers<\/td>\n<\/tr>\n<tr class=\"even\">\n<td>Country of origin<\/td>\n<td>Czech Republic<\/td>\n<\/tr>\n<\/tbody>\n<\/table>\n<p>Length cm 180 &#8211; 220<\/p>\n","protected":false},"excerpt":{"rendered":"<p>Piem\u0113rots vid\u0113ja l\u012bme\u0146a l\u012bdz progres\u012bviem air\u0113t\u0101jiem. Garums 180 \u2013 220 cm, k\u0101ts: stikla \u0161\u0137iedra, sl\u012bp\u0113ta stikla \u0161\u0137iedra vai karbons. [&#8230;]<\/p>\n<p><a class=\"btn btn-secondary understrap-read-more-link\" href=\"https:\/\/www.waterskis.lv\/en\/product\/ww-kajaku-airis-tnp-222-0-aker\/\">Read More&#8230;<\/a><\/p>\n","protected":false},"featured_media":47676,"comment_status":"closed","ping_status":"closed","template":"","meta":{"_acf_changed":false,"inline_featured_image":false},"product_brand":[2822],"product_cat":[533,673,676],"product_tag":[3495,3496,2853,3497,3498],"class_list":{"0":"post-47694","1":"product","2":"type-product","3":"status-publish","4":"has-post-thumbnail","6":"product_brand-tnp","7":"product_cat-kayak-paddles","8":"product_cat-paddles-oars","9":"product_cat-white-water-paddles","10":"product_tag-kajaka-airis","11":"product_tag-kayak-paddle","12":"product_tag-straujupju-kajaka-airis-tnp","13":"product_tag-tnp","14":"product_tag-3498","16":"first","17":"instock","18":"shipping-taxable","19":"purchasable","20":"product-type-simple"},"acf":[],"yoast_head":"<!-- This site is optimized with the Yoast SEO plugin v27.4 - https:\/\/yoast.com\/product\/yoast-seo-wordpress\/ -->\n<title>WW kajaku airis TNP 222.0 AKER - WATERSKIS.LV<\/title>\n<meta name=\"description\" content=\"WW kajaku airis TNP 222.0 AKER vid\u0113ja l\u012bme\u0146a l\u012bdz progres\u012bviem air\u0113t\u0101jiem. Garums 180 \u2013 220 cm, k\u0101ts: stikla \u0161\u0137iedra, sl\u012bp\u0113ta stikla \u0161\u0137iedra vai karbons\" \/>\n<meta name=\"robots\" content=\"index, follow, max-snippet:-1, max-image-preview:large, max-video-preview:-1\" \/>\n<link rel=\"canonical\" href=\"https:\/\/www.waterskis.lv\/en\/product\/ww-kajaku-airis-tnp-222-0-aker\/\" \/>\n<meta property=\"og:locale\" content=\"en_US\" \/>\n<meta property=\"og:type\" content=\"article\" \/>\n<meta property=\"og:title\" content=\"WW kajaku airis TNP 222.0 AKER - WATERSKIS.LV\" \/>\n<meta property=\"og:description\" content=\"WW kajaku airis TNP 222.0 AKER vid\u0113ja l\u012bme\u0146a l\u012bdz progres\u012bviem air\u0113t\u0101jiem. Garums 180 \u2013 220 cm, k\u0101ts: stikla \u0161\u0137iedra, sl\u012bp\u0113ta stikla \u0161\u0137iedra vai karbons\" \/>\n<meta property=\"og:url\" content=\"https:\/\/www.waterskis.lv\/en\/product\/ww-kajaku-airis-tnp-222-0-aker\/\" \/>\n<meta property=\"og:site_name\" content=\"WATERSKIS.LV\" \/>\n<meta property=\"article:publisher\" content=\"https:\/\/www.facebook.com\/jurmalawaterskiwakeboardpark\/\" \/>\n<meta property=\"article:modified_time\" content=\"2026-02-06T09:50:35+00:00\" \/>\n<meta property=\"og:image\" content=\"https:\/\/www.waterskis.lv\/wp-content\/uploads\/2022\/11\/ww-kayak-paddle-tnp-2120-aker.png\" \/>\n\t<meta property=\"og:image:width\" content=\"1000\" \/>\n\t<meta property=\"og:image:height\" content=\"1000\" \/>\n\t<meta property=\"og:image:type\" content=\"image\/png\" \/>\n<meta name=\"twitter:card\" content=\"summary_large_image\" \/>\n<meta name=\"twitter:label1\" content=\"Est. reading time\" \/>\n\t<meta name=\"twitter:data1\" content=\"1 minute\" \/>\n<script type=\"application\/ld+json\" class=\"yoast-schema-graph\">{\"@context\":\"https:\\\/\\\/schema.org\",\"@graph\":[{\"@type\":\"WebPage\",\"@id\":\"https:\\\/\\\/www.waterskis.lv\\\/en\\\/product\\\/ww-kajaku-airis-tnp-222-0-aker\\\/\",\"url\":\"https:\\\/\\\/www.waterskis.lv\\\/en\\\/product\\\/ww-kajaku-airis-tnp-222-0-aker\\\/\",\"name\":\"WW kajaku airis TNP 222.0 AKER - WATERSKIS.LV\",\"isPartOf\":{\"@id\":\"https:\\\/\\\/www.waterskis.lv\\\/en\\\/#website\"},\"primaryImageOfPage\":{\"@id\":\"https:\\\/\\\/www.waterskis.lv\\\/en\\\/product\\\/ww-kajaku-airis-tnp-222-0-aker\\\/#primaryimage\"},\"image\":{\"@id\":\"https:\\\/\\\/www.waterskis.lv\\\/en\\\/product\\\/ww-kajaku-airis-tnp-222-0-aker\\\/#primaryimage\"},\"thumbnailUrl\":\"https:\\\/\\\/www.waterskis.lv\\\/wp-content\\\/uploads\\\/2022\\\/11\\\/ww-kayak-paddle-tnp-2120-aker.png\",\"datePublished\":\"2022-11-01T13:47:19+00:00\",\"dateModified\":\"2026-02-06T09:50:35+00:00\",\"description\":\"WW kajaku airis TNP 222.0 AKER vid\u0113ja l\u012bme\u0146a l\u012bdz progres\u012bviem air\u0113t\u0101jiem. Garums 180 \u2013 220 cm, k\u0101ts: stikla \u0161\u0137iedra, sl\u012bp\u0113ta stikla \u0161\u0137iedra vai karbons\",\"breadcrumb\":{\"@id\":\"https:\\\/\\\/www.waterskis.lv\\\/en\\\/product\\\/ww-kajaku-airis-tnp-222-0-aker\\\/#breadcrumb\"},\"inLanguage\":\"en-US\",\"potentialAction\":[{\"@type\":\"ReadAction\",\"target\":[\"https:\\\/\\\/www.waterskis.lv\\\/en\\\/product\\\/ww-kajaku-airis-tnp-222-0-aker\\\/\"]}]},{\"@type\":\"ImageObject\",\"inLanguage\":\"en-US\",\"@id\":\"https:\\\/\\\/www.waterskis.lv\\\/en\\\/product\\\/ww-kajaku-airis-tnp-222-0-aker\\\/#primaryimage\",\"url\":\"https:\\\/\\\/www.waterskis.lv\\\/wp-content\\\/uploads\\\/2022\\\/11\\\/ww-kayak-paddle-tnp-2120-aker.png\",\"contentUrl\":\"https:\\\/\\\/www.waterskis.lv\\\/wp-content\\\/uploads\\\/2022\\\/11\\\/ww-kayak-paddle-tnp-2120-aker.png\",\"width\":1000,\"height\":1000,\"caption\":\"WW kayak paddle TNP 212.0 AKER\"},{\"@type\":\"BreadcrumbList\",\"@id\":\"https:\\\/\\\/www.waterskis.lv\\\/en\\\/product\\\/ww-kajaku-airis-tnp-222-0-aker\\\/#breadcrumb\",\"itemListElement\":[{\"@type\":\"ListItem\",\"position\":1,\"name\":\"Home\",\"item\":\"https:\\\/\\\/www.waterskis.lv\\\/en\\\/\"},{\"@type\":\"ListItem\",\"position\":2,\"name\":\"Shop\",\"item\":\"https:\\\/\\\/waterskis.lv\\\/en\\\/shop\\\/\"},{\"@type\":\"ListItem\",\"position\":3,\"name\":\"WW kajaku airis TNP 222.0 AKER\"}]},{\"@type\":\"WebSite\",\"@id\":\"https:\\\/\\\/www.waterskis.lv\\\/en\\\/#website\",\"url\":\"https:\\\/\\\/www.waterskis.lv\\\/en\\\/\",\"name\":\"WATERSKIS.LV\",\"description\":\"SUP d\u0113\u013ci, kajaki, kanoe, airu laivas, \u016bdenssl\u0113po\u0161ana, veikbords, SUP d\u0113\u013cu noma, kajaku nomaakt\u012bv\u0101s atp\u016btas centrs, laivu noma, sup noma, kajaku noma\",\"publisher\":{\"@id\":\"https:\\\/\\\/www.waterskis.lv\\\/en\\\/#organization\"},\"potentialAction\":[{\"@type\":\"SearchAction\",\"target\":{\"@type\":\"EntryPoint\",\"urlTemplate\":\"https:\\\/\\\/www.waterskis.lv\\\/en\\\/?s={search_term_string}\"},\"query-input\":{\"@type\":\"PropertyValueSpecification\",\"valueRequired\":true,\"valueName\":\"search_term_string\"}}],\"inLanguage\":\"en-US\"},{\"@type\":\"Organization\",\"@id\":\"https:\\\/\\\/www.waterskis.lv\\\/en\\\/#organization\",\"name\":\"WATERSKIS.LV\",\"url\":\"https:\\\/\\\/www.waterskis.lv\\\/en\\\/\",\"logo\":{\"@type\":\"ImageObject\",\"inLanguage\":\"en-US\",\"@id\":\"https:\\\/\\\/www.waterskis.lv\\\/en\\\/#\\\/schema\\\/logo\\\/image\\\/\",\"url\":\"https:\\\/\\\/www.waterskis.lv\\\/wp-content\\\/uploads\\\/2025\\\/01\\\/JUVP-logo.png\",\"contentUrl\":\"https:\\\/\\\/www.waterskis.lv\\\/wp-content\\\/uploads\\\/2025\\\/01\\\/JUVP-logo.png\",\"width\":421,\"height\":202,\"caption\":\"WATERSKIS.LV\"},\"image\":{\"@id\":\"https:\\\/\\\/www.waterskis.lv\\\/en\\\/#\\\/schema\\\/logo\\\/image\\\/\"},\"sameAs\":[\"https:\\\/\\\/www.facebook.com\\\/jurmalawaterskiwakeboardpark\\\/\"]}]}<\/script>\n<!-- \/ Yoast SEO plugin. -->","yoast_head_json":{"title":"WW kajaku airis TNP 222.0 AKER - WATERSKIS.LV","description":"WW kajaku airis TNP 222.0 AKER vid\u0113ja l\u012bme\u0146a l\u012bdz progres\u012bviem air\u0113t\u0101jiem. Garums 180 \u2013 220 cm, k\u0101ts: stikla \u0161\u0137iedra, sl\u012bp\u0113ta stikla \u0161\u0137iedra vai karbons","robots":{"index":"index","follow":"follow","max-snippet":"max-snippet:-1","max-image-preview":"max-image-preview:large","max-video-preview":"max-video-preview:-1"},"canonical":"https:\/\/www.waterskis.lv\/en\/product\/ww-kajaku-airis-tnp-222-0-aker\/","og_locale":"en_US","og_type":"article","og_title":"WW kajaku airis TNP 222.0 AKER - WATERSKIS.LV","og_description":"WW kajaku airis TNP 222.0 AKER vid\u0113ja l\u012bme\u0146a l\u012bdz progres\u012bviem air\u0113t\u0101jiem. Garums 180 \u2013 220 cm, k\u0101ts: stikla \u0161\u0137iedra, sl\u012bp\u0113ta stikla \u0161\u0137iedra vai karbons","og_url":"https:\/\/www.waterskis.lv\/en\/product\/ww-kajaku-airis-tnp-222-0-aker\/","og_site_name":"WATERSKIS.LV","article_publisher":"https:\/\/www.facebook.com\/jurmalawaterskiwakeboardpark\/","article_modified_time":"2026-02-06T09:50:35+00:00","og_image":[{"width":1000,"height":1000,"url":"https:\/\/www.waterskis.lv\/wp-content\/uploads\/2022\/11\/ww-kayak-paddle-tnp-2120-aker.png","type":"image\/png"}],"twitter_card":"summary_large_image","twitter_misc":{"Est. reading time":"1 minute"},"schema":{"@context":"https:\/\/schema.org","@graph":[{"@type":"WebPage","@id":"https:\/\/www.waterskis.lv\/en\/product\/ww-kajaku-airis-tnp-222-0-aker\/","url":"https:\/\/www.waterskis.lv\/en\/product\/ww-kajaku-airis-tnp-222-0-aker\/","name":"WW kajaku airis TNP 222.0 AKER - WATERSKIS.LV","isPartOf":{"@id":"https:\/\/www.waterskis.lv\/en\/#website"},"primaryImageOfPage":{"@id":"https:\/\/www.waterskis.lv\/en\/product\/ww-kajaku-airis-tnp-222-0-aker\/#primaryimage"},"image":{"@id":"https:\/\/www.waterskis.lv\/en\/product\/ww-kajaku-airis-tnp-222-0-aker\/#primaryimage"},"thumbnailUrl":"https:\/\/www.waterskis.lv\/wp-content\/uploads\/2022\/11\/ww-kayak-paddle-tnp-2120-aker.png","datePublished":"2022-11-01T13:47:19+00:00","dateModified":"2026-02-06T09:50:35+00:00","description":"WW kajaku airis TNP 222.0 AKER vid\u0113ja l\u012bme\u0146a l\u012bdz progres\u012bviem air\u0113t\u0101jiem. Garums 180 \u2013 220 cm, k\u0101ts: stikla \u0161\u0137iedra, sl\u012bp\u0113ta stikla \u0161\u0137iedra vai karbons","breadcrumb":{"@id":"https:\/\/www.waterskis.lv\/en\/product\/ww-kajaku-airis-tnp-222-0-aker\/#breadcrumb"},"inLanguage":"en-US","potentialAction":[{"@type":"ReadAction","target":["https:\/\/www.waterskis.lv\/en\/product\/ww-kajaku-airis-tnp-222-0-aker\/"]}]},{"@type":"ImageObject","inLanguage":"en-US","@id":"https:\/\/www.waterskis.lv\/en\/product\/ww-kajaku-airis-tnp-222-0-aker\/#primaryimage","url":"https:\/\/www.waterskis.lv\/wp-content\/uploads\/2022\/11\/ww-kayak-paddle-tnp-2120-aker.png","contentUrl":"https:\/\/www.waterskis.lv\/wp-content\/uploads\/2022\/11\/ww-kayak-paddle-tnp-2120-aker.png","width":1000,"height":1000,"caption":"WW kayak paddle TNP 212.0 AKER"},{"@type":"BreadcrumbList","@id":"https:\/\/www.waterskis.lv\/en\/product\/ww-kajaku-airis-tnp-222-0-aker\/#breadcrumb","itemListElement":[{"@type":"ListItem","position":1,"name":"Home","item":"https:\/\/www.waterskis.lv\/en\/"},{"@type":"ListItem","position":2,"name":"Shop","item":"https:\/\/waterskis.lv\/en\/shop\/"},{"@type":"ListItem","position":3,"name":"WW kajaku airis TNP 222.0 AKER"}]},{"@type":"WebSite","@id":"https:\/\/www.waterskis.lv\/en\/#website","url":"https:\/\/www.waterskis.lv\/en\/","name":"WATERSKIS.LV","description":"SUP d\u0113\u013ci, kajaki, kanoe, airu laivas, \u016bdenssl\u0113po\u0161ana, veikbords, SUP d\u0113\u013cu noma, kajaku nomaakt\u012bv\u0101s atp\u016btas centrs, laivu noma, sup noma, kajaku noma","publisher":{"@id":"https:\/\/www.waterskis.lv\/en\/#organization"},"potentialAction":[{"@type":"SearchAction","target":{"@type":"EntryPoint","urlTemplate":"https:\/\/www.waterskis.lv\/en\/?s={search_term_string}"},"query-input":{"@type":"PropertyValueSpecification","valueRequired":true,"valueName":"search_term_string"}}],"inLanguage":"en-US"},{"@type":"Organization","@id":"https:\/\/www.waterskis.lv\/en\/#organization","name":"WATERSKIS.LV","url":"https:\/\/www.waterskis.lv\/en\/","logo":{"@type":"ImageObject","inLanguage":"en-US","@id":"https:\/\/www.waterskis.lv\/en\/#\/schema\/logo\/image\/","url":"https:\/\/www.waterskis.lv\/wp-content\/uploads\/2025\/01\/JUVP-logo.png","contentUrl":"https:\/\/www.waterskis.lv\/wp-content\/uploads\/2025\/01\/JUVP-logo.png","width":421,"height":202,"caption":"WATERSKIS.LV"},"image":{"@id":"https:\/\/www.waterskis.lv\/en\/#\/schema\/logo\/image\/"},"sameAs":["https:\/\/www.facebook.com\/jurmalawaterskiwakeboardpark\/"]}]}},"_links":{"self":[{"href":"https:\/\/www.waterskis.lv\/en\/wp-json\/wp\/v2\/product\/47694","targetHints":{"allow":["GET"]}}],"collection":[{"href":"https:\/\/www.waterskis.lv\/en\/wp-json\/wp\/v2\/product"}],"about":[{"href":"https:\/\/www.waterskis.lv\/en\/wp-json\/wp\/v2\/types\/product"}],"replies":[{"embeddable":true,"href":"https:\/\/www.waterskis.lv\/en\/wp-json\/wp\/v2\/comments?post=47694"}],"wp:featuredmedia":[{"embeddable":true,"href":"https:\/\/www.waterskis.lv\/en\/wp-json\/wp\/v2\/media\/47676"}],"wp:attachment":[{"href":"https:\/\/www.waterskis.lv\/en\/wp-json\/wp\/v2\/media?parent=47694"}],"wp:term":[{"taxonomy":"product_brand","embeddable":true,"href":"https:\/\/www.waterskis.lv\/en\/wp-json\/wp\/v2\/product_brand?post=47694"},{"taxonomy":"product_cat","embeddable":true,"href":"https:\/\/www.waterskis.lv\/en\/wp-json\/wp\/v2\/product_cat?post=47694"},{"taxonomy":"product_tag","embeddable":true,"href":"https:\/\/www.waterskis.lv\/en\/wp-json\/wp\/v2\/product_tag?post=47694"}],"curies":[{"name":"wp","href":"https:\/\/api.w.org\/{rel}","templated":true}]}}