{"id":47864,"date":"2022-11-03T08:12:03","date_gmt":"2022-11-03T05:12:03","guid":{"rendered":"https:\/\/www.waterskis.lv\/products\/degvielas-piedeva-liqui-moly-benzin-stabilisator-250ml\/"},"modified":"2022-11-03T08:18:13","modified_gmt":"2022-11-03T05:18:13","slug":"liqui-moly-benzin-stabilisator-250ml","status":"publish","type":"product","link":"https:\/\/www.waterskis.lv\/en\/product\/liqui-moly-benzin-stabilisator-250ml\/","title":{"rendered":"LIQUI MOLY Benzin Stabilisator 250ml"},"content":{"rendered":"<h1>LIQUI MOLY Benzin Stabilisator 250ml<\/h1>\n<p>LIQUI MOLY Benzin Stabilisator 250ml<\/p>\n<p><span style=\"font-size: 2.5rem; background-color: var(--bs-body-bg); color: var(--bs-body-color); font-family: var(--bs-body-font-family); text-align: var(--bs-body-text-align);\">Petrol Stabiliser<\/span><\/p>\n<div class=\"col-md-6 col-xl-7 d-md-inline-block product-info-top mb-4\">\n<div class=\"d-flex flex-column flex-lg-row product-subline\">\n<div class=\"d-inline-flex align-items-center mt-2 mt-lg-0\"><span class=\"type\" style=\"background-color: var(--bs-body-bg); color: var(--bs-body-color); font-family: var(--bs-body-font-family); font-size: var(--bs-body-font-size); font-weight: var(--bs-body-font-weight); text-align: var(--bs-body-text-align);\">SKU: <\/span><span class=\"value\" style=\"background-color: var(--bs-body-bg); color: var(--bs-body-color); font-family: var(--bs-body-font-family); font-size: var(--bs-body-font-size); font-weight: var(--bs-body-font-weight); text-align: var(--bs-body-text-align);\">5107<\/span><\/div>\n<div class=\"d-inline-flex align-items-center mt-2 mt-lg-0\">\n<div class=\"d-inline-block fs-9 product attribute variantswitch-wrapper-gebindeinhalt border border-1 rounded fs-12 align-text-bottom tag-badge\"><span class=\"value\">250 ml<\/span><\/div>\n<\/div>\n<\/div>\n<\/div>\n<div class=\"col-md-6 col-xl-5 float-md-start product media sticky-md-top top-100p\">\n<div class=\"variantswitch-sku-5107\">\n<div id=\"gallery-tabs-5107\" class=\"product-gallery mt-4 mt-md-0 me-md-4 me-lg-0 px-2 p-md-0 mage-tabs-disabled\">\n<div class=\"position-relative\">\n<div id=\"gallery-image-146370\" class=\"position-relative\" aria-labelledby=\"gallery-image-preview-146370\" data-role=\"content\"><\/div>\n<\/div>\n<div class=\"pt-3 row\"><span style=\"background-color: var(--bs-body-bg); color: var(--bs-body-color); font-family: var(--bs-body-font-family); font-size: var(--bs-body-font-size); font-weight: var(--bs-body-font-weight); text-align: var(--bs-body-text-align);\">Preserves and protects the fuel from ageing and oxidation. Prevents corrosion throughout the entire fuel system. Guarantees problem-free decommissioning of old-timers, convertibles, motorcycles, motor scooters, quads, lawnmowers chain saws and other gasoline-powered 2-cycle and 4-cycle engines. Increases reliability. With long-term effect. <\/span><a class=\"fs-10 fw-bold text-nowrap text-decoration-none more-link-wrap\" style=\"background-color: var(--bs-body-bg); font-family: var(--bs-body-font-family); font-size: var(--bs-body-font-size); font-weight: var(--bs-body-font-weight); text-align: var(--bs-body-text-align);\" href=\"https:\/\/www.liqui-moly.com\/en\/benzinstabilisator-p000050.html#tab-label-description-title\">Learn\u00a0<span class=\"text-nowrap more-link\" data-limo-link=\"\">More<\/span><\/a><\/div>\n<\/div>\n<\/div>\n<\/div>\n<div class=\"col-md-6 col-xl-7 d-md-inline-block product-info-main d-flex flex-column\">\n<div class=\"order-last order-md-0 mt-5 mt-md-0 mb-md-4\">\n<div class=\"d-inline-block fs-9 product attribute properties pb-md-3\">\n<ul class=\"check-list\">\n<li class=\"value\">simple to use<\/li>\n<li class=\"value\">tested for the use with catalytic converters<\/li>\n<li class=\"value\">has a lasting effect<\/li>\n<li class=\"value\">protects fuel against oxidation and aging<\/li>\n<li class=\"value\">cost-effective due to exact dosage<\/li>\n<\/ul>\n<\/div>\n<\/div>\n<\/div>\n<div class=\"d-inline-block fs-9 product attribute description\"><span class=\"value\">Preserves and protects the fuel from ageing and oxidation. Prevents corrosion throughout the entire fuel system. Guarantees problem-free decommissioning of old-timers, convertibles, motorcycles, motor scooters, quads, lawnmowers chain saws and other gasoline-powered 2-cycle and 4-cycle engines. Increases reliability. With long-term effect.<\/span><\/div>\n<p>&nbsp;<\/p>\n<div class=\"d-inline-block fs-9 product attribute mt-2\"><span class=\"value\">Suitable for all gasoline engines \u2013 especially for preventative use. Tested safe with catalytic converters and turbochargers. Add to fuel and re-add every time you fill up. One filling with the 25 ml dispenser is sufficient for 5 l fuel. Also suitable for permanent use in engines that are rarely put to use.<\/span><\/div>\n<p>&nbsp;<\/p>\n<div class=\"d-inline-block fs-9 product attribute application mt-2\">\n<h4 class=\"type\">Application<\/h4>\n<p><span class=\"value\">25 ml (added by dosing device) is sufficient to preserve 5 litres of fuel. Before putting into storage, add the appropriate amount to the tank and run the engine for approx. 10 minutes.<\/span><\/p>\n<\/div>\n","protected":false},"excerpt":{"rendered":"<p><span class=\"value\">Preserves and protects the fuel from ageing and oxidation. Prevents corrosion throughout the entire fuel system. Guarantees problem-free decommissioning of old-timers, convertibles, motorcycles, motor scooters, quads, lawnmowers chain saws and other gasoline-powered 2-cycle and 4-cycle engines. Increases reliability. With long-term effect.<\/span> [&#8230;]<\/p>\n<p><a class=\"btn btn-secondary understrap-read-more-link\" href=\"https:\/\/www.waterskis.lv\/en\/product\/liqui-moly-benzin-stabilisator-250ml\/\">Read More&#8230;<\/a><\/p>\n","protected":false},"featured_media":47861,"comment_status":"closed","ping_status":"closed","template":"","meta":{"_acf_changed":false,"inline_featured_image":false},"product_brand":[],"product_cat":[1049],"product_tag":[],"class_list":{"0":"post-47864","1":"product","2":"type-product","3":"status-publish","4":"has-post-thumbnail","6":"product_cat-balansa-deli-un-skrituldeli","8":"first","9":"instock","10":"shipping-taxable","11":"purchasable","12":"product-type-simple"},"acf":[],"yoast_head":"<!-- This site is optimized with the Yoast SEO plugin v27.3 - https:\/\/yoast.com\/product\/yoast-seo-wordpress\/ -->\n<title>LIQUI MOLY Benzin Stabilisator 250ml - WATERSKIS.LV<\/title>\n<meta name=\"description\" content=\"LIQUI MOLY Benzin Stabilisator 250ml preserves and protects the fuel from ageing and oxidation for gasoline-powered 2-cycle and 4-cycle engines\" \/>\n<meta name=\"robots\" content=\"index, follow, max-snippet:-1, max-image-preview:large, max-video-preview:-1\" \/>\n<link rel=\"canonical\" href=\"https:\/\/www.waterskis.lv\/en\/product\/liqui-moly-benzin-stabilisator-250ml\/\" \/>\n<meta property=\"og:locale\" content=\"en_US\" \/>\n<meta property=\"og:type\" content=\"article\" \/>\n<meta property=\"og:title\" content=\"LIQUI MOLY Benzin Stabilisator 250ml - WATERSKIS.LV\" \/>\n<meta property=\"og:description\" content=\"LIQUI MOLY Benzin Stabilisator 250ml preserves and protects the fuel from ageing and oxidation for gasoline-powered 2-cycle and 4-cycle engines\" \/>\n<meta property=\"og:url\" content=\"https:\/\/www.waterskis.lv\/en\/product\/liqui-moly-benzin-stabilisator-250ml\/\" \/>\n<meta property=\"og:site_name\" content=\"WATERSKIS.LV\" \/>\n<meta property=\"article:publisher\" content=\"https:\/\/www.facebook.com\/jurmalawaterskiwakeboardpark\/\" \/>\n<meta property=\"article:modified_time\" content=\"2022-11-03T05:18:13+00:00\" \/>\n<meta property=\"og:image\" content=\"https:\/\/www.waterskis.lv\/wp-content\/uploads\/2022\/11\/Liqui2.jpg\" \/>\n\t<meta property=\"og:image:width\" content=\"428\" \/>\n\t<meta property=\"og:image:height\" content=\"650\" \/>\n\t<meta property=\"og:image:type\" content=\"image\/jpeg\" \/>\n<meta name=\"twitter:card\" content=\"summary_large_image\" \/>\n<meta name=\"twitter:label1\" content=\"Est. reading time\" \/>\n\t<meta name=\"twitter:data1\" content=\"2 minutes\" \/>\n<script type=\"application\/ld+json\" class=\"yoast-schema-graph\">{\"@context\":\"https:\\\/\\\/schema.org\",\"@graph\":[{\"@type\":\"WebPage\",\"@id\":\"https:\\\/\\\/www.waterskis.lv\\\/en\\\/product\\\/liqui-moly-benzin-stabilisator-250ml\\\/\",\"url\":\"https:\\\/\\\/www.waterskis.lv\\\/en\\\/product\\\/liqui-moly-benzin-stabilisator-250ml\\\/\",\"name\":\"LIQUI MOLY Benzin Stabilisator 250ml - WATERSKIS.LV\",\"isPartOf\":{\"@id\":\"https:\\\/\\\/www.waterskis.lv\\\/en\\\/#website\"},\"primaryImageOfPage\":{\"@id\":\"https:\\\/\\\/www.waterskis.lv\\\/en\\\/product\\\/liqui-moly-benzin-stabilisator-250ml\\\/#primaryimage\"},\"image\":{\"@id\":\"https:\\\/\\\/www.waterskis.lv\\\/en\\\/product\\\/liqui-moly-benzin-stabilisator-250ml\\\/#primaryimage\"},\"thumbnailUrl\":\"https:\\\/\\\/www.waterskis.lv\\\/wp-content\\\/uploads\\\/2022\\\/11\\\/Liqui2.jpg\",\"datePublished\":\"2022-11-03T05:12:03+00:00\",\"dateModified\":\"2022-11-03T05:18:13+00:00\",\"description\":\"LIQUI MOLY Benzin Stabilisator 250ml preserves and protects the fuel from ageing and oxidation for gasoline-powered 2-cycle and 4-cycle engines\",\"breadcrumb\":{\"@id\":\"https:\\\/\\\/www.waterskis.lv\\\/en\\\/product\\\/liqui-moly-benzin-stabilisator-250ml\\\/#breadcrumb\"},\"inLanguage\":\"en-US\",\"potentialAction\":[{\"@type\":\"ReadAction\",\"target\":[\"https:\\\/\\\/www.waterskis.lv\\\/en\\\/product\\\/liqui-moly-benzin-stabilisator-250ml\\\/\"]}]},{\"@type\":\"ImageObject\",\"inLanguage\":\"en-US\",\"@id\":\"https:\\\/\\\/www.waterskis.lv\\\/en\\\/product\\\/liqui-moly-benzin-stabilisator-250ml\\\/#primaryimage\",\"url\":\"https:\\\/\\\/www.waterskis.lv\\\/wp-content\\\/uploads\\\/2022\\\/11\\\/Liqui2.jpg\",\"contentUrl\":\"https:\\\/\\\/www.waterskis.lv\\\/wp-content\\\/uploads\\\/2022\\\/11\\\/Liqui2.jpg\",\"width\":428,\"height\":650,\"caption\":\"Degvielas piedeva LIQUI MOLY Benzin Stabilisator 250ml\"},{\"@type\":\"BreadcrumbList\",\"@id\":\"https:\\\/\\\/www.waterskis.lv\\\/en\\\/product\\\/liqui-moly-benzin-stabilisator-250ml\\\/#breadcrumb\",\"itemListElement\":[{\"@type\":\"ListItem\",\"position\":1,\"name\":\"Home\",\"item\":\"https:\\\/\\\/www.waterskis.lv\\\/en\\\/\"},{\"@type\":\"ListItem\",\"position\":2,\"name\":\"Shop\",\"item\":\"https:\\\/\\\/waterskis.lv\\\/en\\\/shop\\\/\"},{\"@type\":\"ListItem\",\"position\":3,\"name\":\"LIQUI MOLY Benzin Stabilisator 250ml\"}]},{\"@type\":\"WebSite\",\"@id\":\"https:\\\/\\\/www.waterskis.lv\\\/en\\\/#website\",\"url\":\"https:\\\/\\\/www.waterskis.lv\\\/en\\\/\",\"name\":\"WATERSKIS.LV\",\"description\":\"SUP d\u0113\u013ci, kajaki, kanoe, airu laivas, \u016bdenssl\u0113po\u0161ana, veikbords, SUP d\u0113\u013cu noma, kajaku nomaakt\u012bv\u0101s atp\u016btas centrs, laivu noma, sup noma, kajaku noma\",\"publisher\":{\"@id\":\"https:\\\/\\\/www.waterskis.lv\\\/en\\\/#organization\"},\"potentialAction\":[{\"@type\":\"SearchAction\",\"target\":{\"@type\":\"EntryPoint\",\"urlTemplate\":\"https:\\\/\\\/www.waterskis.lv\\\/en\\\/?s={search_term_string}\"},\"query-input\":{\"@type\":\"PropertyValueSpecification\",\"valueRequired\":true,\"valueName\":\"search_term_string\"}}],\"inLanguage\":\"en-US\"},{\"@type\":\"Organization\",\"@id\":\"https:\\\/\\\/www.waterskis.lv\\\/en\\\/#organization\",\"name\":\"WATERSKIS.LV\",\"url\":\"https:\\\/\\\/www.waterskis.lv\\\/en\\\/\",\"logo\":{\"@type\":\"ImageObject\",\"inLanguage\":\"en-US\",\"@id\":\"https:\\\/\\\/www.waterskis.lv\\\/en\\\/#\\\/schema\\\/logo\\\/image\\\/\",\"url\":\"https:\\\/\\\/www.waterskis.lv\\\/wp-content\\\/uploads\\\/2025\\\/01\\\/JUVP-logo.png\",\"contentUrl\":\"https:\\\/\\\/www.waterskis.lv\\\/wp-content\\\/uploads\\\/2025\\\/01\\\/JUVP-logo.png\",\"width\":421,\"height\":202,\"caption\":\"WATERSKIS.LV\"},\"image\":{\"@id\":\"https:\\\/\\\/www.waterskis.lv\\\/en\\\/#\\\/schema\\\/logo\\\/image\\\/\"},\"sameAs\":[\"https:\\\/\\\/www.facebook.com\\\/jurmalawaterskiwakeboardpark\\\/\"]}]}<\/script>\n<!-- \/ Yoast SEO plugin. -->","yoast_head_json":{"title":"LIQUI MOLY Benzin Stabilisator 250ml - WATERSKIS.LV","description":"LIQUI MOLY Benzin Stabilisator 250ml preserves and protects the fuel from ageing and oxidation for gasoline-powered 2-cycle and 4-cycle engines","robots":{"index":"index","follow":"follow","max-snippet":"max-snippet:-1","max-image-preview":"max-image-preview:large","max-video-preview":"max-video-preview:-1"},"canonical":"https:\/\/www.waterskis.lv\/en\/product\/liqui-moly-benzin-stabilisator-250ml\/","og_locale":"en_US","og_type":"article","og_title":"LIQUI MOLY Benzin Stabilisator 250ml - WATERSKIS.LV","og_description":"LIQUI MOLY Benzin Stabilisator 250ml preserves and protects the fuel from ageing and oxidation for gasoline-powered 2-cycle and 4-cycle engines","og_url":"https:\/\/www.waterskis.lv\/en\/product\/liqui-moly-benzin-stabilisator-250ml\/","og_site_name":"WATERSKIS.LV","article_publisher":"https:\/\/www.facebook.com\/jurmalawaterskiwakeboardpark\/","article_modified_time":"2022-11-03T05:18:13+00:00","og_image":[{"width":428,"height":650,"url":"https:\/\/www.waterskis.lv\/wp-content\/uploads\/2022\/11\/Liqui2.jpg","type":"image\/jpeg"}],"twitter_card":"summary_large_image","twitter_misc":{"Est. reading time":"2 minutes"},"schema":{"@context":"https:\/\/schema.org","@graph":[{"@type":"WebPage","@id":"https:\/\/www.waterskis.lv\/en\/product\/liqui-moly-benzin-stabilisator-250ml\/","url":"https:\/\/www.waterskis.lv\/en\/product\/liqui-moly-benzin-stabilisator-250ml\/","name":"LIQUI MOLY Benzin Stabilisator 250ml - WATERSKIS.LV","isPartOf":{"@id":"https:\/\/www.waterskis.lv\/en\/#website"},"primaryImageOfPage":{"@id":"https:\/\/www.waterskis.lv\/en\/product\/liqui-moly-benzin-stabilisator-250ml\/#primaryimage"},"image":{"@id":"https:\/\/www.waterskis.lv\/en\/product\/liqui-moly-benzin-stabilisator-250ml\/#primaryimage"},"thumbnailUrl":"https:\/\/www.waterskis.lv\/wp-content\/uploads\/2022\/11\/Liqui2.jpg","datePublished":"2022-11-03T05:12:03+00:00","dateModified":"2022-11-03T05:18:13+00:00","description":"LIQUI MOLY Benzin Stabilisator 250ml preserves and protects the fuel from ageing and oxidation for gasoline-powered 2-cycle and 4-cycle engines","breadcrumb":{"@id":"https:\/\/www.waterskis.lv\/en\/product\/liqui-moly-benzin-stabilisator-250ml\/#breadcrumb"},"inLanguage":"en-US","potentialAction":[{"@type":"ReadAction","target":["https:\/\/www.waterskis.lv\/en\/product\/liqui-moly-benzin-stabilisator-250ml\/"]}]},{"@type":"ImageObject","inLanguage":"en-US","@id":"https:\/\/www.waterskis.lv\/en\/product\/liqui-moly-benzin-stabilisator-250ml\/#primaryimage","url":"https:\/\/www.waterskis.lv\/wp-content\/uploads\/2022\/11\/Liqui2.jpg","contentUrl":"https:\/\/www.waterskis.lv\/wp-content\/uploads\/2022\/11\/Liqui2.jpg","width":428,"height":650,"caption":"Degvielas piedeva LIQUI MOLY Benzin Stabilisator 250ml"},{"@type":"BreadcrumbList","@id":"https:\/\/www.waterskis.lv\/en\/product\/liqui-moly-benzin-stabilisator-250ml\/#breadcrumb","itemListElement":[{"@type":"ListItem","position":1,"name":"Home","item":"https:\/\/www.waterskis.lv\/en\/"},{"@type":"ListItem","position":2,"name":"Shop","item":"https:\/\/waterskis.lv\/en\/shop\/"},{"@type":"ListItem","position":3,"name":"LIQUI MOLY Benzin Stabilisator 250ml"}]},{"@type":"WebSite","@id":"https:\/\/www.waterskis.lv\/en\/#website","url":"https:\/\/www.waterskis.lv\/en\/","name":"WATERSKIS.LV","description":"SUP d\u0113\u013ci, kajaki, kanoe, airu laivas, \u016bdenssl\u0113po\u0161ana, veikbords, SUP d\u0113\u013cu noma, kajaku nomaakt\u012bv\u0101s atp\u016btas centrs, laivu noma, sup noma, kajaku noma","publisher":{"@id":"https:\/\/www.waterskis.lv\/en\/#organization"},"potentialAction":[{"@type":"SearchAction","target":{"@type":"EntryPoint","urlTemplate":"https:\/\/www.waterskis.lv\/en\/?s={search_term_string}"},"query-input":{"@type":"PropertyValueSpecification","valueRequired":true,"valueName":"search_term_string"}}],"inLanguage":"en-US"},{"@type":"Organization","@id":"https:\/\/www.waterskis.lv\/en\/#organization","name":"WATERSKIS.LV","url":"https:\/\/www.waterskis.lv\/en\/","logo":{"@type":"ImageObject","inLanguage":"en-US","@id":"https:\/\/www.waterskis.lv\/en\/#\/schema\/logo\/image\/","url":"https:\/\/www.waterskis.lv\/wp-content\/uploads\/2025\/01\/JUVP-logo.png","contentUrl":"https:\/\/www.waterskis.lv\/wp-content\/uploads\/2025\/01\/JUVP-logo.png","width":421,"height":202,"caption":"WATERSKIS.LV"},"image":{"@id":"https:\/\/www.waterskis.lv\/en\/#\/schema\/logo\/image\/"},"sameAs":["https:\/\/www.facebook.com\/jurmalawaterskiwakeboardpark\/"]}]}},"_links":{"self":[{"href":"https:\/\/www.waterskis.lv\/en\/wp-json\/wp\/v2\/product\/47864","targetHints":{"allow":["GET"]}}],"collection":[{"href":"https:\/\/www.waterskis.lv\/en\/wp-json\/wp\/v2\/product"}],"about":[{"href":"https:\/\/www.waterskis.lv\/en\/wp-json\/wp\/v2\/types\/product"}],"replies":[{"embeddable":true,"href":"https:\/\/www.waterskis.lv\/en\/wp-json\/wp\/v2\/comments?post=47864"}],"wp:featuredmedia":[{"embeddable":true,"href":"https:\/\/www.waterskis.lv\/en\/wp-json\/wp\/v2\/media\/47861"}],"wp:attachment":[{"href":"https:\/\/www.waterskis.lv\/en\/wp-json\/wp\/v2\/media?parent=47864"}],"wp:term":[{"taxonomy":"product_brand","embeddable":true,"href":"https:\/\/www.waterskis.lv\/en\/wp-json\/wp\/v2\/product_brand?post=47864"},{"taxonomy":"product_cat","embeddable":true,"href":"https:\/\/www.waterskis.lv\/en\/wp-json\/wp\/v2\/product_cat?post=47864"},{"taxonomy":"product_tag","embeddable":true,"href":"https:\/\/www.waterskis.lv\/en\/wp-json\/wp\/v2\/product_tag?post=47864"}],"curies":[{"name":"wp","href":"https:\/\/api.w.org\/{rel}","templated":true}]}}