{"id":47953,"date":"2022-11-03T18:43:23","date_gmt":"2022-11-03T15:43:23","guid":{"rendered":"https:\/\/www.waterskis.lv\/products\/dry-waist-bag-wildsup-waist-bag\/"},"modified":"2022-11-03T18:43:23","modified_gmt":"2022-11-03T15:43:23","slug":"dry-waist-bag-wildsup-waist-bag","status":"publish","type":"product","link":"https:\/\/www.waterskis.lv\/en\/product\/dry-waist-bag-wildsup-waist-bag\/","title":{"rendered":"Dry waist bag WILDSUP WAIST BAG"},"content":{"rendered":"<h1>Dry waist bag WILDSUP WAIST BAG<\/h1>\n<p>Dry waist bag WILDSUP WAIST BAG<\/p>\n<h3 id=\"more-info\" class=\"page-product-heading active\">MORE INFO<\/h3>\n<div class=\"block_content1 rte active\">\n<p>Waterproof waist bag for your id card, mobile, key, etc.<br \/>\nBag is made of stronger nylon fabric with TPU coating for weld bags.<\/p>\n<p>It is very strong material, flexible even in low temperatures, extremely compact in weld wiring and highly abrasion resisted.<\/p>\n<\/div>\n<h3 id=\"table-data\" class=\"page-product-heading\">DATA SHEET<\/h3>\n<table class=\"block_content2 table-data-sheet\">\n<tbody>\n<tr class=\"odd\">\n<td>Type<\/td>\n<td>Dry pouch<\/td>\n<\/tr>\n<tr class=\"even\">\n<td>Colour<\/td>\n<td>Red<\/td>\n<\/tr>\n<tr class=\"odd\">\n<td>Country of origin<\/td>\n<td>China<\/td>\n<\/tr>\n<\/tbody>\n<\/table>\n","protected":false},"excerpt":{"rendered":"<p>Dry waist bag WILDSUP WAIST BAG Dry waist bag WILDSUP WAIST BAG MORE INFO Waterproof waist bag for your id card, mobile, key, etc. Bag is made of stronger nylon fabric with TPU coating for weld bags. It is very strong material, flexible even in low temperatures, extremely compact in weld wiring and highly abrasion [&#8230;]<\/p>\n<p><a class=\"btn btn-secondary understrap-read-more-link\" href=\"https:\/\/www.waterskis.lv\/en\/product\/dry-waist-bag-wildsup-waist-bag\/\">Read More&#8230;<\/a><\/p>\n","protected":false},"featured_media":47948,"comment_status":"closed","ping_status":"closed","template":"","meta":{"_acf_changed":false,"inline_featured_image":false},"product_brand":[],"product_cat":[1049],"product_tag":[],"class_list":{"0":"post-47953","1":"product","2":"type-product","3":"status-publish","4":"has-post-thumbnail","6":"product_cat-balansa-deli-un-skrituldeli","8":"first","9":"instock","10":"shipping-taxable","11":"purchasable","12":"product-type-simple"},"acf":[],"yoast_head":"<!-- This site is optimized with the Yoast SEO plugin v27.3 - https:\/\/yoast.com\/product\/yoast-seo-wordpress\/ -->\n<title>Dry waist bag WILDSUP WAIST BAG - WATERSKIS.LV<\/title>\n<meta name=\"description\" content=\"Dry waist bag WILDSUP WAIST BAG. Waterproof waist bag for your id card, mobile, key, etc. is made of stronger nylon fabric with TPU coating for weld bags.\" \/>\n<meta name=\"robots\" content=\"index, follow, max-snippet:-1, max-image-preview:large, max-video-preview:-1\" \/>\n<link rel=\"canonical\" href=\"https:\/\/www.waterskis.lv\/en\/product\/dry-waist-bag-wildsup-waist-bag\/\" \/>\n<meta property=\"og:locale\" content=\"en_US\" \/>\n<meta property=\"og:type\" content=\"article\" \/>\n<meta property=\"og:title\" content=\"Dry waist bag WILDSUP WAIST BAG\" \/>\n<meta property=\"og:description\" content=\"Waterproof waist bag for your id card, mobile, key, etc.Bag is made of stronger nylon fabric with TPU coating for weld bags.It is very strong material, flexible even in low temperatures, extremely compact in weld wiring and highly abrasion resisted.\" \/>\n<meta property=\"og:url\" content=\"https:\/\/www.waterskis.lv\/en\/product\/dry-waist-bag-wildsup-waist-bag\/\" \/>\n<meta property=\"og:site_name\" content=\"WATERSKIS.LV\" \/>\n<meta property=\"article:publisher\" content=\"https:\/\/www.facebook.com\/jurmalawaterskiwakeboardpark\/\" \/>\n<meta property=\"og:image\" content=\"https:\/\/www.waterskis.lv\/wp-content\/uploads\/2022\/11\/dry-waist-bag-wildsup-waist-bag-1.jpg\" \/>\n\t<meta property=\"og:image:width\" content=\"1000\" \/>\n\t<meta property=\"og:image:height\" content=\"1000\" \/>\n\t<meta property=\"og:image:type\" content=\"image\/jpeg\" \/>\n<meta name=\"twitter:card\" content=\"summary_large_image\" \/>\n<meta name=\"twitter:label1\" content=\"Est. reading time\" \/>\n\t<meta name=\"twitter:data1\" content=\"1 minute\" \/>\n<script type=\"application\/ld+json\" class=\"yoast-schema-graph\">{\"@context\":\"https:\\\/\\\/schema.org\",\"@graph\":[{\"@type\":\"WebPage\",\"@id\":\"https:\\\/\\\/www.waterskis.lv\\\/en\\\/product\\\/dry-waist-bag-wildsup-waist-bag\\\/\",\"url\":\"https:\\\/\\\/www.waterskis.lv\\\/en\\\/product\\\/dry-waist-bag-wildsup-waist-bag\\\/\",\"name\":\"Dry waist bag WILDSUP WAIST BAG - WATERSKIS.LV\",\"isPartOf\":{\"@id\":\"https:\\\/\\\/www.waterskis.lv\\\/en\\\/#website\"},\"primaryImageOfPage\":{\"@id\":\"https:\\\/\\\/www.waterskis.lv\\\/en\\\/product\\\/dry-waist-bag-wildsup-waist-bag\\\/#primaryimage\"},\"image\":{\"@id\":\"https:\\\/\\\/www.waterskis.lv\\\/en\\\/product\\\/dry-waist-bag-wildsup-waist-bag\\\/#primaryimage\"},\"thumbnailUrl\":\"https:\\\/\\\/www.waterskis.lv\\\/wp-content\\\/uploads\\\/2022\\\/11\\\/dry-waist-bag-wildsup-waist-bag.jpg\",\"datePublished\":\"2022-11-03T15:43:23+00:00\",\"description\":\"Dry waist bag WILDSUP WAIST BAG. Waterproof waist bag for your id card, mobile, key, etc. is made of stronger nylon fabric with TPU coating for weld bags.\",\"breadcrumb\":{\"@id\":\"https:\\\/\\\/www.waterskis.lv\\\/en\\\/product\\\/dry-waist-bag-wildsup-waist-bag\\\/#breadcrumb\"},\"inLanguage\":\"en-US\",\"potentialAction\":[{\"@type\":\"ReadAction\",\"target\":[\"https:\\\/\\\/www.waterskis.lv\\\/en\\\/product\\\/dry-waist-bag-wildsup-waist-bag\\\/\"]}]},{\"@type\":\"ImageObject\",\"inLanguage\":\"en-US\",\"@id\":\"https:\\\/\\\/www.waterskis.lv\\\/en\\\/product\\\/dry-waist-bag-wildsup-waist-bag\\\/#primaryimage\",\"url\":\"https:\\\/\\\/www.waterskis.lv\\\/wp-content\\\/uploads\\\/2022\\\/11\\\/dry-waist-bag-wildsup-waist-bag.jpg\",\"contentUrl\":\"https:\\\/\\\/www.waterskis.lv\\\/wp-content\\\/uploads\\\/2022\\\/11\\\/dry-waist-bag-wildsup-waist-bag.jpg\",\"width\":1000,\"height\":1000,\"caption\":\"Dry waist bag WILDSUP WAIST BAG\"},{\"@type\":\"BreadcrumbList\",\"@id\":\"https:\\\/\\\/www.waterskis.lv\\\/en\\\/product\\\/dry-waist-bag-wildsup-waist-bag\\\/#breadcrumb\",\"itemListElement\":[{\"@type\":\"ListItem\",\"position\":1,\"name\":\"Home\",\"item\":\"https:\\\/\\\/www.waterskis.lv\\\/en\\\/\"},{\"@type\":\"ListItem\",\"position\":2,\"name\":\"Shop\",\"item\":\"https:\\\/\\\/waterskis.lv\\\/en\\\/shop\\\/\"},{\"@type\":\"ListItem\",\"position\":3,\"name\":\"Dry waist bag WILDSUP WAIST BAG\"}]},{\"@type\":\"WebSite\",\"@id\":\"https:\\\/\\\/www.waterskis.lv\\\/en\\\/#website\",\"url\":\"https:\\\/\\\/www.waterskis.lv\\\/en\\\/\",\"name\":\"WATERSKIS.LV\",\"description\":\"SUP d\u0113\u013ci, kajaki, kanoe, airu laivas, \u016bdenssl\u0113po\u0161ana, veikbords, SUP d\u0113\u013cu noma, kajaku nomaakt\u012bv\u0101s atp\u016btas centrs, laivu noma, sup noma, kajaku noma\",\"publisher\":{\"@id\":\"https:\\\/\\\/www.waterskis.lv\\\/en\\\/#organization\"},\"potentialAction\":[{\"@type\":\"SearchAction\",\"target\":{\"@type\":\"EntryPoint\",\"urlTemplate\":\"https:\\\/\\\/www.waterskis.lv\\\/en\\\/?s={search_term_string}\"},\"query-input\":{\"@type\":\"PropertyValueSpecification\",\"valueRequired\":true,\"valueName\":\"search_term_string\"}}],\"inLanguage\":\"en-US\"},{\"@type\":\"Organization\",\"@id\":\"https:\\\/\\\/www.waterskis.lv\\\/en\\\/#organization\",\"name\":\"WATERSKIS.LV\",\"url\":\"https:\\\/\\\/www.waterskis.lv\\\/en\\\/\",\"logo\":{\"@type\":\"ImageObject\",\"inLanguage\":\"en-US\",\"@id\":\"https:\\\/\\\/www.waterskis.lv\\\/en\\\/#\\\/schema\\\/logo\\\/image\\\/\",\"url\":\"https:\\\/\\\/www.waterskis.lv\\\/wp-content\\\/uploads\\\/2025\\\/01\\\/JUVP-logo.png\",\"contentUrl\":\"https:\\\/\\\/www.waterskis.lv\\\/wp-content\\\/uploads\\\/2025\\\/01\\\/JUVP-logo.png\",\"width\":421,\"height\":202,\"caption\":\"WATERSKIS.LV\"},\"image\":{\"@id\":\"https:\\\/\\\/www.waterskis.lv\\\/en\\\/#\\\/schema\\\/logo\\\/image\\\/\"},\"sameAs\":[\"https:\\\/\\\/www.facebook.com\\\/jurmalawaterskiwakeboardpark\\\/\"]}]}<\/script>\n<!-- \/ Yoast SEO plugin. -->","yoast_head_json":{"title":"Dry waist bag WILDSUP WAIST BAG - WATERSKIS.LV","description":"Dry waist bag WILDSUP WAIST BAG. Waterproof waist bag for your id card, mobile, key, etc. is made of stronger nylon fabric with TPU coating for weld bags.","robots":{"index":"index","follow":"follow","max-snippet":"max-snippet:-1","max-image-preview":"max-image-preview:large","max-video-preview":"max-video-preview:-1"},"canonical":"https:\/\/www.waterskis.lv\/en\/product\/dry-waist-bag-wildsup-waist-bag\/","og_locale":"en_US","og_type":"article","og_title":"Dry waist bag WILDSUP WAIST BAG","og_description":"Waterproof waist bag for your id card, mobile, key, etc.Bag is made of stronger nylon fabric with TPU coating for weld bags.It is very strong material, flexible even in low temperatures, extremely compact in weld wiring and highly abrasion resisted.","og_url":"https:\/\/www.waterskis.lv\/en\/product\/dry-waist-bag-wildsup-waist-bag\/","og_site_name":"WATERSKIS.LV","article_publisher":"https:\/\/www.facebook.com\/jurmalawaterskiwakeboardpark\/","og_image":[{"width":1000,"height":1000,"url":"https:\/\/www.waterskis.lv\/wp-content\/uploads\/2022\/11\/dry-waist-bag-wildsup-waist-bag-1.jpg","type":"image\/jpeg"}],"twitter_card":"summary_large_image","twitter_misc":{"Est. reading time":"1 minute"},"schema":{"@context":"https:\/\/schema.org","@graph":[{"@type":"WebPage","@id":"https:\/\/www.waterskis.lv\/en\/product\/dry-waist-bag-wildsup-waist-bag\/","url":"https:\/\/www.waterskis.lv\/en\/product\/dry-waist-bag-wildsup-waist-bag\/","name":"Dry waist bag WILDSUP WAIST BAG - WATERSKIS.LV","isPartOf":{"@id":"https:\/\/www.waterskis.lv\/en\/#website"},"primaryImageOfPage":{"@id":"https:\/\/www.waterskis.lv\/en\/product\/dry-waist-bag-wildsup-waist-bag\/#primaryimage"},"image":{"@id":"https:\/\/www.waterskis.lv\/en\/product\/dry-waist-bag-wildsup-waist-bag\/#primaryimage"},"thumbnailUrl":"https:\/\/www.waterskis.lv\/wp-content\/uploads\/2022\/11\/dry-waist-bag-wildsup-waist-bag.jpg","datePublished":"2022-11-03T15:43:23+00:00","description":"Dry waist bag WILDSUP WAIST BAG. Waterproof waist bag for your id card, mobile, key, etc. is made of stronger nylon fabric with TPU coating for weld bags.","breadcrumb":{"@id":"https:\/\/www.waterskis.lv\/en\/product\/dry-waist-bag-wildsup-waist-bag\/#breadcrumb"},"inLanguage":"en-US","potentialAction":[{"@type":"ReadAction","target":["https:\/\/www.waterskis.lv\/en\/product\/dry-waist-bag-wildsup-waist-bag\/"]}]},{"@type":"ImageObject","inLanguage":"en-US","@id":"https:\/\/www.waterskis.lv\/en\/product\/dry-waist-bag-wildsup-waist-bag\/#primaryimage","url":"https:\/\/www.waterskis.lv\/wp-content\/uploads\/2022\/11\/dry-waist-bag-wildsup-waist-bag.jpg","contentUrl":"https:\/\/www.waterskis.lv\/wp-content\/uploads\/2022\/11\/dry-waist-bag-wildsup-waist-bag.jpg","width":1000,"height":1000,"caption":"Dry waist bag WILDSUP WAIST BAG"},{"@type":"BreadcrumbList","@id":"https:\/\/www.waterskis.lv\/en\/product\/dry-waist-bag-wildsup-waist-bag\/#breadcrumb","itemListElement":[{"@type":"ListItem","position":1,"name":"Home","item":"https:\/\/www.waterskis.lv\/en\/"},{"@type":"ListItem","position":2,"name":"Shop","item":"https:\/\/waterskis.lv\/en\/shop\/"},{"@type":"ListItem","position":3,"name":"Dry waist bag WILDSUP WAIST BAG"}]},{"@type":"WebSite","@id":"https:\/\/www.waterskis.lv\/en\/#website","url":"https:\/\/www.waterskis.lv\/en\/","name":"WATERSKIS.LV","description":"SUP d\u0113\u013ci, kajaki, kanoe, airu laivas, \u016bdenssl\u0113po\u0161ana, veikbords, SUP d\u0113\u013cu noma, kajaku nomaakt\u012bv\u0101s atp\u016btas centrs, laivu noma, sup noma, kajaku noma","publisher":{"@id":"https:\/\/www.waterskis.lv\/en\/#organization"},"potentialAction":[{"@type":"SearchAction","target":{"@type":"EntryPoint","urlTemplate":"https:\/\/www.waterskis.lv\/en\/?s={search_term_string}"},"query-input":{"@type":"PropertyValueSpecification","valueRequired":true,"valueName":"search_term_string"}}],"inLanguage":"en-US"},{"@type":"Organization","@id":"https:\/\/www.waterskis.lv\/en\/#organization","name":"WATERSKIS.LV","url":"https:\/\/www.waterskis.lv\/en\/","logo":{"@type":"ImageObject","inLanguage":"en-US","@id":"https:\/\/www.waterskis.lv\/en\/#\/schema\/logo\/image\/","url":"https:\/\/www.waterskis.lv\/wp-content\/uploads\/2025\/01\/JUVP-logo.png","contentUrl":"https:\/\/www.waterskis.lv\/wp-content\/uploads\/2025\/01\/JUVP-logo.png","width":421,"height":202,"caption":"WATERSKIS.LV"},"image":{"@id":"https:\/\/www.waterskis.lv\/en\/#\/schema\/logo\/image\/"},"sameAs":["https:\/\/www.facebook.com\/jurmalawaterskiwakeboardpark\/"]}]}},"_links":{"self":[{"href":"https:\/\/www.waterskis.lv\/en\/wp-json\/wp\/v2\/product\/47953","targetHints":{"allow":["GET"]}}],"collection":[{"href":"https:\/\/www.waterskis.lv\/en\/wp-json\/wp\/v2\/product"}],"about":[{"href":"https:\/\/www.waterskis.lv\/en\/wp-json\/wp\/v2\/types\/product"}],"replies":[{"embeddable":true,"href":"https:\/\/www.waterskis.lv\/en\/wp-json\/wp\/v2\/comments?post=47953"}],"wp:featuredmedia":[{"embeddable":true,"href":"https:\/\/www.waterskis.lv\/en\/wp-json\/wp\/v2\/media\/47948"}],"wp:attachment":[{"href":"https:\/\/www.waterskis.lv\/en\/wp-json\/wp\/v2\/media?parent=47953"}],"wp:term":[{"taxonomy":"product_brand","embeddable":true,"href":"https:\/\/www.waterskis.lv\/en\/wp-json\/wp\/v2\/product_brand?post=47953"},{"taxonomy":"product_cat","embeddable":true,"href":"https:\/\/www.waterskis.lv\/en\/wp-json\/wp\/v2\/product_cat?post=47953"},{"taxonomy":"product_tag","embeddable":true,"href":"https:\/\/www.waterskis.lv\/en\/wp-json\/wp\/v2\/product_tag?post=47953"}],"curies":[{"name":"wp","href":"https:\/\/api.w.org\/{rel}","templated":true}]}}