{"id":50573,"date":"2023-01-02T15:31:58","date_gmt":"2023-01-02T12:31:58","guid":{"rendered":"https:\/\/www.waterskis.lv\/product\/sieviesu-neoprena-veste-connelly-promo-womens-ce-neo-vest-50n\/"},"modified":"2023-01-17T10:59:09","modified_gmt":"2023-01-17T07:59:09","slug":"connelly-promo-womens-ce-neo-vest-50n","status":"publish","type":"product","link":"https:\/\/www.waterskis.lv\/en\/product\/connelly-promo-womens-ce-neo-vest-50n\/","title":{"rendered":"Connelly Promo Women&#8217;s CE Neo Vest 50N"},"content":{"rendered":"<h1>Connelly Promo Women&#8217;s CE Neo Vest 50N<\/h1>\n<p>Connelly Promo Women&#8217;s CE Neo Vest 50N<\/p>\n<h2>Details<\/h2>\n<div class=\"std\">\n<p>The Women&#8217;s Promo neo is a value-priced vest that incorporates the most important features that water sport enthusiasts demand. The front and back segmented sections provide a vest that maximizes mobility and comfort while not sacrificing performance out on the water. This vest also includes a traditional front zip closure for easy entry\/exit and two adjustable belts for fine tuning the fit.<\/p>\n<p><strong>Features<\/strong><\/p>\n<ul>\n<li>CE 50N Approved<\/li>\n<li>Full-length center zip<\/li>\n<li>Segmented foam for increased mobility<\/li>\n<li>Two (2) webbing belts with side release buckles<\/li>\n<li>Oversized armholes for easy entry\/exit<\/li>\n<\/ul>\n<\/div>\n","protected":false},"excerpt":{"rendered":"<ul>\n<li>CE 50N Approved<\/li>\n<li>Full-length center zip<\/li>\n<li>Segmented foam for increased mobility<\/li>\n<li>Two (2) webbing belts with side release buckles<\/li>\n<li>Oversized armholes for easy entry\/exit<\/li>\n<\/ul>\n<p> [&#8230;]<\/p>\n<p><a class=\"btn btn-secondary understrap-read-more-link\" href=\"https:\/\/www.waterskis.lv\/en\/product\/connelly-promo-womens-ce-neo-vest-50n\/\">Read More&#8230;<\/a><\/p>\n","protected":false},"featured_media":50565,"comment_status":"closed","ping_status":"closed","template":"","meta":{"_acf_changed":false,"inline_featured_image":false},"product_brand":[],"product_cat":[702,361],"product_tag":[1632,3616,2966,1604,1613,1442,3617,1611,3618,3619],"class_list":{"0":"post-50573","1":"product","2":"type-product","3":"status-publish","4":"has-post-thumbnail","6":"product_cat-life-jackets","7":"product_cat-sale","8":"product_tag-buoyancy-aid","9":"product_tag-certified-life-jacket","10":"product_tag-connelly-skis","11":"product_tag-glabsanas-veste","12":"product_tag-life-jacket","13":"product_tag-peldveste","14":"product_tag-sertificeta-glabsanas-veste","15":"product_tag-sieviesu-glabsanas-veste","16":"product_tag-3618","17":"product_tag-3619","19":"first","20":"instock","21":"sale","22":"shipping-taxable","23":"purchasable","24":"product-type-simple"},"acf":[],"yoast_head":"<!-- This site is optimized with the Yoast SEO plugin v27.4 - https:\/\/yoast.com\/product\/yoast-seo-wordpress\/ -->\n<title>Connelly Promo Women&#039;s CE Neo Vest 50N - WATERSKIS.LV<\/title>\n<meta name=\"description\" content=\"Connelly Promo Women&#039;s CE Neo Vest 50N includes a traditional front zip closure for easy entry\/exit and two adjustable belts for fine tuning the fit.\" \/>\n<meta name=\"robots\" content=\"index, follow, max-snippet:-1, max-image-preview:large, max-video-preview:-1\" \/>\n<link rel=\"canonical\" href=\"https:\/\/www.waterskis.lv\/en\/product\/connelly-promo-womens-ce-neo-vest-50n\/\" \/>\n<meta property=\"og:locale\" content=\"en_US\" \/>\n<meta property=\"og:type\" content=\"article\" \/>\n<meta property=\"og:title\" content=\"Connelly Promo Women&#039;s CE Neo Vest 50N - WATERSKIS.LV\" \/>\n<meta property=\"og:description\" content=\"Connelly Promo Women&#039;s CE Neo Vest 50N includes a traditional front zip closure for easy entry\/exit and two adjustable belts for fine tuning the fit.\" \/>\n<meta property=\"og:url\" content=\"https:\/\/www.waterskis.lv\/en\/product\/connelly-promo-womens-ce-neo-vest-50n\/\" \/>\n<meta property=\"og:site_name\" content=\"WATERSKIS.LV\" \/>\n<meta property=\"article:publisher\" content=\"https:\/\/www.facebook.com\/jurmalawaterskiwakeboardpark\/\" \/>\n<meta property=\"article:modified_time\" content=\"2023-01-17T07:59:09+00:00\" \/>\n<meta property=\"og:image\" content=\"https:\/\/www.waterskis.lv\/wp-content\/uploads\/2023\/01\/con_promo_ce_aqua.jpg\" \/>\n\t<meta property=\"og:image:width\" content=\"650\" \/>\n\t<meta property=\"og:image:height\" content=\"650\" \/>\n\t<meta property=\"og:image:type\" content=\"image\/jpeg\" \/>\n<meta name=\"twitter:card\" content=\"summary_large_image\" \/>\n<meta name=\"twitter:label1\" content=\"Est. reading time\" \/>\n\t<meta name=\"twitter:data1\" content=\"1 minute\" \/>\n<script type=\"application\/ld+json\" class=\"yoast-schema-graph\">{\"@context\":\"https:\\\/\\\/schema.org\",\"@graph\":[{\"@type\":\"WebPage\",\"@id\":\"https:\\\/\\\/www.waterskis.lv\\\/en\\\/product\\\/connelly-promo-womens-ce-neo-vest-50n\\\/\",\"url\":\"https:\\\/\\\/www.waterskis.lv\\\/en\\\/product\\\/connelly-promo-womens-ce-neo-vest-50n\\\/\",\"name\":\"Connelly Promo Women's CE Neo Vest 50N - WATERSKIS.LV\",\"isPartOf\":{\"@id\":\"https:\\\/\\\/www.waterskis.lv\\\/en\\\/#website\"},\"primaryImageOfPage\":{\"@id\":\"https:\\\/\\\/www.waterskis.lv\\\/en\\\/product\\\/connelly-promo-womens-ce-neo-vest-50n\\\/#primaryimage\"},\"image\":{\"@id\":\"https:\\\/\\\/www.waterskis.lv\\\/en\\\/product\\\/connelly-promo-womens-ce-neo-vest-50n\\\/#primaryimage\"},\"thumbnailUrl\":\"https:\\\/\\\/www.waterskis.lv\\\/wp-content\\\/uploads\\\/2023\\\/01\\\/con_promo_ce_aqua.jpg\",\"datePublished\":\"2023-01-02T12:31:58+00:00\",\"dateModified\":\"2023-01-17T07:59:09+00:00\",\"description\":\"Connelly Promo Women's CE Neo Vest 50N includes a traditional front zip closure for easy entry\\\/exit and two adjustable belts for fine tuning the fit.\",\"breadcrumb\":{\"@id\":\"https:\\\/\\\/www.waterskis.lv\\\/en\\\/product\\\/connelly-promo-womens-ce-neo-vest-50n\\\/#breadcrumb\"},\"inLanguage\":\"en-US\",\"potentialAction\":[{\"@type\":\"ReadAction\",\"target\":[\"https:\\\/\\\/www.waterskis.lv\\\/en\\\/product\\\/connelly-promo-womens-ce-neo-vest-50n\\\/\"]}]},{\"@type\":\"ImageObject\",\"inLanguage\":\"en-US\",\"@id\":\"https:\\\/\\\/www.waterskis.lv\\\/en\\\/product\\\/connelly-promo-womens-ce-neo-vest-50n\\\/#primaryimage\",\"url\":\"https:\\\/\\\/www.waterskis.lv\\\/wp-content\\\/uploads\\\/2023\\\/01\\\/con_promo_ce_aqua.jpg\",\"contentUrl\":\"https:\\\/\\\/www.waterskis.lv\\\/wp-content\\\/uploads\\\/2023\\\/01\\\/con_promo_ce_aqua.jpg\",\"width\":650,\"height\":650,\"caption\":\"Sievie\u0161u neopr\u0113na veste Connelly Promo Women's CE Neo Vest 50N\"},{\"@type\":\"BreadcrumbList\",\"@id\":\"https:\\\/\\\/www.waterskis.lv\\\/en\\\/product\\\/connelly-promo-womens-ce-neo-vest-50n\\\/#breadcrumb\",\"itemListElement\":[{\"@type\":\"ListItem\",\"position\":1,\"name\":\"Home\",\"item\":\"https:\\\/\\\/www.waterskis.lv\\\/en\\\/\"},{\"@type\":\"ListItem\",\"position\":2,\"name\":\"Shop\",\"item\":\"https:\\\/\\\/waterskis.lv\\\/en\\\/shop\\\/\"},{\"@type\":\"ListItem\",\"position\":3,\"name\":\"Connelly Promo Women&#8217;s CE Neo Vest 50N\"}]},{\"@type\":\"WebSite\",\"@id\":\"https:\\\/\\\/www.waterskis.lv\\\/en\\\/#website\",\"url\":\"https:\\\/\\\/www.waterskis.lv\\\/en\\\/\",\"name\":\"WATERSKIS.LV\",\"description\":\"SUP d\u0113\u013ci, kajaki, kanoe, airu laivas, \u016bdenssl\u0113po\u0161ana, veikbords, SUP d\u0113\u013cu noma, kajaku nomaakt\u012bv\u0101s atp\u016btas centrs, laivu noma, sup noma, kajaku noma\",\"publisher\":{\"@id\":\"https:\\\/\\\/www.waterskis.lv\\\/en\\\/#organization\"},\"potentialAction\":[{\"@type\":\"SearchAction\",\"target\":{\"@type\":\"EntryPoint\",\"urlTemplate\":\"https:\\\/\\\/www.waterskis.lv\\\/en\\\/?s={search_term_string}\"},\"query-input\":{\"@type\":\"PropertyValueSpecification\",\"valueRequired\":true,\"valueName\":\"search_term_string\"}}],\"inLanguage\":\"en-US\"},{\"@type\":\"Organization\",\"@id\":\"https:\\\/\\\/www.waterskis.lv\\\/en\\\/#organization\",\"name\":\"WATERSKIS.LV\",\"url\":\"https:\\\/\\\/www.waterskis.lv\\\/en\\\/\",\"logo\":{\"@type\":\"ImageObject\",\"inLanguage\":\"en-US\",\"@id\":\"https:\\\/\\\/www.waterskis.lv\\\/en\\\/#\\\/schema\\\/logo\\\/image\\\/\",\"url\":\"https:\\\/\\\/www.waterskis.lv\\\/wp-content\\\/uploads\\\/2025\\\/01\\\/JUVP-logo.png\",\"contentUrl\":\"https:\\\/\\\/www.waterskis.lv\\\/wp-content\\\/uploads\\\/2025\\\/01\\\/JUVP-logo.png\",\"width\":421,\"height\":202,\"caption\":\"WATERSKIS.LV\"},\"image\":{\"@id\":\"https:\\\/\\\/www.waterskis.lv\\\/en\\\/#\\\/schema\\\/logo\\\/image\\\/\"},\"sameAs\":[\"https:\\\/\\\/www.facebook.com\\\/jurmalawaterskiwakeboardpark\\\/\"]}]}<\/script>\n<!-- \/ Yoast SEO plugin. -->","yoast_head_json":{"title":"Connelly Promo Women's CE Neo Vest 50N - WATERSKIS.LV","description":"Connelly Promo Women's CE Neo Vest 50N includes a traditional front zip closure for easy entry\/exit and two adjustable belts for fine tuning the fit.","robots":{"index":"index","follow":"follow","max-snippet":"max-snippet:-1","max-image-preview":"max-image-preview:large","max-video-preview":"max-video-preview:-1"},"canonical":"https:\/\/www.waterskis.lv\/en\/product\/connelly-promo-womens-ce-neo-vest-50n\/","og_locale":"en_US","og_type":"article","og_title":"Connelly Promo Women's CE Neo Vest 50N - WATERSKIS.LV","og_description":"Connelly Promo Women's CE Neo Vest 50N includes a traditional front zip closure for easy entry\/exit and two adjustable belts for fine tuning the fit.","og_url":"https:\/\/www.waterskis.lv\/en\/product\/connelly-promo-womens-ce-neo-vest-50n\/","og_site_name":"WATERSKIS.LV","article_publisher":"https:\/\/www.facebook.com\/jurmalawaterskiwakeboardpark\/","article_modified_time":"2023-01-17T07:59:09+00:00","og_image":[{"width":650,"height":650,"url":"https:\/\/www.waterskis.lv\/wp-content\/uploads\/2023\/01\/con_promo_ce_aqua.jpg","type":"image\/jpeg"}],"twitter_card":"summary_large_image","twitter_misc":{"Est. reading time":"1 minute"},"schema":{"@context":"https:\/\/schema.org","@graph":[{"@type":"WebPage","@id":"https:\/\/www.waterskis.lv\/en\/product\/connelly-promo-womens-ce-neo-vest-50n\/","url":"https:\/\/www.waterskis.lv\/en\/product\/connelly-promo-womens-ce-neo-vest-50n\/","name":"Connelly Promo Women's CE Neo Vest 50N - WATERSKIS.LV","isPartOf":{"@id":"https:\/\/www.waterskis.lv\/en\/#website"},"primaryImageOfPage":{"@id":"https:\/\/www.waterskis.lv\/en\/product\/connelly-promo-womens-ce-neo-vest-50n\/#primaryimage"},"image":{"@id":"https:\/\/www.waterskis.lv\/en\/product\/connelly-promo-womens-ce-neo-vest-50n\/#primaryimage"},"thumbnailUrl":"https:\/\/www.waterskis.lv\/wp-content\/uploads\/2023\/01\/con_promo_ce_aqua.jpg","datePublished":"2023-01-02T12:31:58+00:00","dateModified":"2023-01-17T07:59:09+00:00","description":"Connelly Promo Women's CE Neo Vest 50N includes a traditional front zip closure for easy entry\/exit and two adjustable belts for fine tuning the fit.","breadcrumb":{"@id":"https:\/\/www.waterskis.lv\/en\/product\/connelly-promo-womens-ce-neo-vest-50n\/#breadcrumb"},"inLanguage":"en-US","potentialAction":[{"@type":"ReadAction","target":["https:\/\/www.waterskis.lv\/en\/product\/connelly-promo-womens-ce-neo-vest-50n\/"]}]},{"@type":"ImageObject","inLanguage":"en-US","@id":"https:\/\/www.waterskis.lv\/en\/product\/connelly-promo-womens-ce-neo-vest-50n\/#primaryimage","url":"https:\/\/www.waterskis.lv\/wp-content\/uploads\/2023\/01\/con_promo_ce_aqua.jpg","contentUrl":"https:\/\/www.waterskis.lv\/wp-content\/uploads\/2023\/01\/con_promo_ce_aqua.jpg","width":650,"height":650,"caption":"Sievie\u0161u neopr\u0113na veste Connelly Promo Women's CE Neo Vest 50N"},{"@type":"BreadcrumbList","@id":"https:\/\/www.waterskis.lv\/en\/product\/connelly-promo-womens-ce-neo-vest-50n\/#breadcrumb","itemListElement":[{"@type":"ListItem","position":1,"name":"Home","item":"https:\/\/www.waterskis.lv\/en\/"},{"@type":"ListItem","position":2,"name":"Shop","item":"https:\/\/waterskis.lv\/en\/shop\/"},{"@type":"ListItem","position":3,"name":"Connelly Promo Women&#8217;s CE Neo Vest 50N"}]},{"@type":"WebSite","@id":"https:\/\/www.waterskis.lv\/en\/#website","url":"https:\/\/www.waterskis.lv\/en\/","name":"WATERSKIS.LV","description":"SUP d\u0113\u013ci, kajaki, kanoe, airu laivas, \u016bdenssl\u0113po\u0161ana, veikbords, SUP d\u0113\u013cu noma, kajaku nomaakt\u012bv\u0101s atp\u016btas centrs, laivu noma, sup noma, kajaku noma","publisher":{"@id":"https:\/\/www.waterskis.lv\/en\/#organization"},"potentialAction":[{"@type":"SearchAction","target":{"@type":"EntryPoint","urlTemplate":"https:\/\/www.waterskis.lv\/en\/?s={search_term_string}"},"query-input":{"@type":"PropertyValueSpecification","valueRequired":true,"valueName":"search_term_string"}}],"inLanguage":"en-US"},{"@type":"Organization","@id":"https:\/\/www.waterskis.lv\/en\/#organization","name":"WATERSKIS.LV","url":"https:\/\/www.waterskis.lv\/en\/","logo":{"@type":"ImageObject","inLanguage":"en-US","@id":"https:\/\/www.waterskis.lv\/en\/#\/schema\/logo\/image\/","url":"https:\/\/www.waterskis.lv\/wp-content\/uploads\/2025\/01\/JUVP-logo.png","contentUrl":"https:\/\/www.waterskis.lv\/wp-content\/uploads\/2025\/01\/JUVP-logo.png","width":421,"height":202,"caption":"WATERSKIS.LV"},"image":{"@id":"https:\/\/www.waterskis.lv\/en\/#\/schema\/logo\/image\/"},"sameAs":["https:\/\/www.facebook.com\/jurmalawaterskiwakeboardpark\/"]}]}},"_links":{"self":[{"href":"https:\/\/www.waterskis.lv\/en\/wp-json\/wp\/v2\/product\/50573","targetHints":{"allow":["GET"]}}],"collection":[{"href":"https:\/\/www.waterskis.lv\/en\/wp-json\/wp\/v2\/product"}],"about":[{"href":"https:\/\/www.waterskis.lv\/en\/wp-json\/wp\/v2\/types\/product"}],"replies":[{"embeddable":true,"href":"https:\/\/www.waterskis.lv\/en\/wp-json\/wp\/v2\/comments?post=50573"}],"wp:featuredmedia":[{"embeddable":true,"href":"https:\/\/www.waterskis.lv\/en\/wp-json\/wp\/v2\/media\/50565"}],"wp:attachment":[{"href":"https:\/\/www.waterskis.lv\/en\/wp-json\/wp\/v2\/media?parent=50573"}],"wp:term":[{"taxonomy":"product_brand","embeddable":true,"href":"https:\/\/www.waterskis.lv\/en\/wp-json\/wp\/v2\/product_brand?post=50573"},{"taxonomy":"product_cat","embeddable":true,"href":"https:\/\/www.waterskis.lv\/en\/wp-json\/wp\/v2\/product_cat?post=50573"},{"taxonomy":"product_tag","embeddable":true,"href":"https:\/\/www.waterskis.lv\/en\/wp-json\/wp\/v2\/product_tag?post=50573"}],"curies":[{"name":"wp","href":"https:\/\/api.w.org\/{rel}","templated":true}]}}