{"id":50708,"date":"2023-01-03T19:48:02","date_gmt":"2023-01-03T16:48:02","guid":{"rendered":"https:\/\/www.waterskis.lv\/product\/veikserfa-virve-proline-25-ft-ak-lgs-suede\/"},"modified":"2026-01-30T11:49:34","modified_gmt":"2026-01-30T09:49:34","slug":"proline-25-ft-ak-lgs-suede-wakesurf-package","status":"publish","type":"product","link":"https:\/\/www.waterskis.lv\/en\/product\/proline-25-ft-ak-lgs-suede-wakesurf-package\/","title":{"rendered":"PROLINE 25 ft AK LGS SUEDE WAKESURF PACKAGE"},"content":{"rendered":"<h1>PROLINE 25 ft AK LGS SUEDE WAKESURF PACKAGE<\/h1>\n<p>PROLINE 25 ft AK LGS SUEDE WAKESURF PACKAGE<\/p>\n<p><em>25&#8242; 10&#8243;\u00a0LGS Handle w\/\u00a04-3&#8242; Sections<\/em><\/p>\n<ul>\n<li>10&#8243; stitched AX Suede grip with molded EVA core<\/li>\n<li>Large spiral rope braid with durable Poly-E main<\/li>\n<li>Multiple grab knots to find the &#8220;sweet spot&#8221;<\/li>\n<li>Floating handle for improved safety and visibility<\/li>\n<\/ul>\n","protected":false},"excerpt":{"rendered":"<p><em>25&#8242; 10&#8243;\u00a0LGS Handle w\/\u00a04-3&#8242; Sections<\/em><\/p>\n<ul>\n<li>10&#8243; stitched AX Suede grip with molded EVA core<\/li>\n<li>Large spiral rope braid with durable Poly-E main<\/li>\n<li>Multiple grab knots to find the &#8220;sweet spot&#8221;<\/li>\n<li>Floating handle for improved safety and visibility<\/li>\n<\/ul>\n<p> [&#8230;]<\/p>\n<p><a class=\"btn btn-secondary understrap-read-more-link\" href=\"https:\/\/www.waterskis.lv\/en\/product\/proline-25-ft-ak-lgs-suede-wakesurf-package\/\">Read More&#8230;<\/a><\/p>\n","protected":false},"featured_media":50706,"comment_status":"closed","ping_status":"closed","template":"","meta":{"_acf_changed":false,"inline_featured_image":false},"product_brand":[2631],"product_cat":[961,963],"product_tag":[3059],"class_list":{"0":"post-50708","1":"product","2":"type-product","3":"status-publish","4":"has-post-thumbnail","6":"product_brand-proline","7":"product_cat-wakesurf","8":"product_cat-wakesurf-handles-lines","9":"product_tag-wakesurf-rope","11":"first","12":"instock","13":"shipping-taxable","14":"purchasable","15":"product-type-simple"},"acf":[],"yoast_head":"<!-- This site is optimized with the Yoast SEO plugin v27.4 - https:\/\/yoast.com\/product\/yoast-seo-wordpress\/ -->\n<title>PROLINE 25 ft AK LGS SUEDE WAKESURF PACKAGE - WATERSKIS.LV<\/title>\n<meta name=\"description\" content=\"PROLINE 25 ft AK LGS SUEDE WAKESURF PACKAGE. 25&#039; 10&quot;\u00a0LGS Handle w\/\u00a04-3&#039; Sections10&quot; stitched AX Suede grip with molded EVA core Large spiral rope braid\" \/>\n<meta name=\"robots\" content=\"index, follow, max-snippet:-1, max-image-preview:large, max-video-preview:-1\" \/>\n<link rel=\"canonical\" href=\"https:\/\/www.waterskis.lv\/en\/product\/proline-25-ft-ak-lgs-suede-wakesurf-package\/\" \/>\n<meta property=\"og:locale\" content=\"en_US\" \/>\n<meta property=\"og:type\" content=\"article\" \/>\n<meta property=\"og:title\" content=\"PROLINE 25 ft AK LGS SUEDE WAKESURF PACKAGE - WATERSKIS.LV\" \/>\n<meta property=\"og:description\" content=\"PROLINE 25 ft AK LGS SUEDE WAKESURF PACKAGE. 25&#039; 10&quot;\u00a0LGS Handle w\/\u00a04-3&#039; Sections10&quot; stitched AX Suede grip with molded EVA core Large spiral rope braid\" \/>\n<meta property=\"og:url\" content=\"https:\/\/www.waterskis.lv\/en\/product\/proline-25-ft-ak-lgs-suede-wakesurf-package\/\" \/>\n<meta property=\"og:site_name\" content=\"WATERSKIS.LV\" \/>\n<meta property=\"article:publisher\" content=\"https:\/\/www.facebook.com\/jurmalawaterskiwakeboardpark\/\" \/>\n<meta property=\"article:modified_time\" content=\"2026-01-30T09:49:34+00:00\" \/>\n<meta property=\"og:image\" content=\"https:\/\/www.waterskis.lv\/wp-content\/uploads\/2023\/01\/AKLGSSuedeSurf_1800x1800.webp\" \/>\n\t<meta property=\"og:image:width\" content=\"1080\" \/>\n\t<meta property=\"og:image:height\" content=\"1080\" \/>\n\t<meta property=\"og:image:type\" content=\"image\/webp\" \/>\n<meta name=\"twitter:card\" content=\"summary_large_image\" \/>\n<meta name=\"twitter:label1\" content=\"Est. reading time\" \/>\n\t<meta name=\"twitter:data1\" content=\"1 minute\" \/>\n<script type=\"application\/ld+json\" class=\"yoast-schema-graph\">{\"@context\":\"https:\\\/\\\/schema.org\",\"@graph\":[{\"@type\":\"WebPage\",\"@id\":\"https:\\\/\\\/www.waterskis.lv\\\/en\\\/product\\\/proline-25-ft-ak-lgs-suede-wakesurf-package\\\/\",\"url\":\"https:\\\/\\\/www.waterskis.lv\\\/en\\\/product\\\/proline-25-ft-ak-lgs-suede-wakesurf-package\\\/\",\"name\":\"PROLINE 25 ft AK LGS SUEDE WAKESURF PACKAGE - WATERSKIS.LV\",\"isPartOf\":{\"@id\":\"https:\\\/\\\/www.waterskis.lv\\\/en\\\/#website\"},\"primaryImageOfPage\":{\"@id\":\"https:\\\/\\\/www.waterskis.lv\\\/en\\\/product\\\/proline-25-ft-ak-lgs-suede-wakesurf-package\\\/#primaryimage\"},\"image\":{\"@id\":\"https:\\\/\\\/www.waterskis.lv\\\/en\\\/product\\\/proline-25-ft-ak-lgs-suede-wakesurf-package\\\/#primaryimage\"},\"thumbnailUrl\":\"https:\\\/\\\/www.waterskis.lv\\\/wp-content\\\/uploads\\\/2023\\\/01\\\/AKLGSSuedeSurf_1800x1800.webp\",\"datePublished\":\"2023-01-03T16:48:02+00:00\",\"dateModified\":\"2026-01-30T09:49:34+00:00\",\"description\":\"PROLINE 25 ft AK LGS SUEDE WAKESURF PACKAGE. 25' 10\\\"\u00a0LGS Handle w\\\/\u00a04-3' Sections10\\\" stitched AX Suede grip with molded EVA core Large spiral rope braid\",\"breadcrumb\":{\"@id\":\"https:\\\/\\\/www.waterskis.lv\\\/en\\\/product\\\/proline-25-ft-ak-lgs-suede-wakesurf-package\\\/#breadcrumb\"},\"inLanguage\":\"en-US\",\"potentialAction\":[{\"@type\":\"ReadAction\",\"target\":[\"https:\\\/\\\/www.waterskis.lv\\\/en\\\/product\\\/proline-25-ft-ak-lgs-suede-wakesurf-package\\\/\"]}]},{\"@type\":\"ImageObject\",\"inLanguage\":\"en-US\",\"@id\":\"https:\\\/\\\/www.waterskis.lv\\\/en\\\/product\\\/proline-25-ft-ak-lgs-suede-wakesurf-package\\\/#primaryimage\",\"url\":\"https:\\\/\\\/www.waterskis.lv\\\/wp-content\\\/uploads\\\/2023\\\/01\\\/AKLGSSuedeSurf_1800x1800.webp\",\"contentUrl\":\"https:\\\/\\\/www.waterskis.lv\\\/wp-content\\\/uploads\\\/2023\\\/01\\\/AKLGSSuedeSurf_1800x1800.webp\",\"width\":1080,\"height\":1080,\"caption\":\"Veiks\u0113rfa virve PROLINE 25 ft AK LGS SUEDE\"},{\"@type\":\"BreadcrumbList\",\"@id\":\"https:\\\/\\\/www.waterskis.lv\\\/en\\\/product\\\/proline-25-ft-ak-lgs-suede-wakesurf-package\\\/#breadcrumb\",\"itemListElement\":[{\"@type\":\"ListItem\",\"position\":1,\"name\":\"Home\",\"item\":\"https:\\\/\\\/www.waterskis.lv\\\/en\\\/\"},{\"@type\":\"ListItem\",\"position\":2,\"name\":\"Shop\",\"item\":\"https:\\\/\\\/waterskis.lv\\\/en\\\/shop\\\/\"},{\"@type\":\"ListItem\",\"position\":3,\"name\":\"PROLINE 25 ft AK LGS SUEDE WAKESURF PACKAGE\"}]},{\"@type\":\"WebSite\",\"@id\":\"https:\\\/\\\/www.waterskis.lv\\\/en\\\/#website\",\"url\":\"https:\\\/\\\/www.waterskis.lv\\\/en\\\/\",\"name\":\"WATERSKIS.LV\",\"description\":\"SUP d\u0113\u013ci, kajaki, kanoe, airu laivas, \u016bdenssl\u0113po\u0161ana, veikbords, SUP d\u0113\u013cu noma, kajaku nomaakt\u012bv\u0101s atp\u016btas centrs, laivu noma, sup noma, kajaku noma\",\"publisher\":{\"@id\":\"https:\\\/\\\/www.waterskis.lv\\\/en\\\/#organization\"},\"potentialAction\":[{\"@type\":\"SearchAction\",\"target\":{\"@type\":\"EntryPoint\",\"urlTemplate\":\"https:\\\/\\\/www.waterskis.lv\\\/en\\\/?s={search_term_string}\"},\"query-input\":{\"@type\":\"PropertyValueSpecification\",\"valueRequired\":true,\"valueName\":\"search_term_string\"}}],\"inLanguage\":\"en-US\"},{\"@type\":\"Organization\",\"@id\":\"https:\\\/\\\/www.waterskis.lv\\\/en\\\/#organization\",\"name\":\"WATERSKIS.LV\",\"url\":\"https:\\\/\\\/www.waterskis.lv\\\/en\\\/\",\"logo\":{\"@type\":\"ImageObject\",\"inLanguage\":\"en-US\",\"@id\":\"https:\\\/\\\/www.waterskis.lv\\\/en\\\/#\\\/schema\\\/logo\\\/image\\\/\",\"url\":\"https:\\\/\\\/www.waterskis.lv\\\/wp-content\\\/uploads\\\/2025\\\/01\\\/JUVP-logo.png\",\"contentUrl\":\"https:\\\/\\\/www.waterskis.lv\\\/wp-content\\\/uploads\\\/2025\\\/01\\\/JUVP-logo.png\",\"width\":421,\"height\":202,\"caption\":\"WATERSKIS.LV\"},\"image\":{\"@id\":\"https:\\\/\\\/www.waterskis.lv\\\/en\\\/#\\\/schema\\\/logo\\\/image\\\/\"},\"sameAs\":[\"https:\\\/\\\/www.facebook.com\\\/jurmalawaterskiwakeboardpark\\\/\"]}]}<\/script>\n<!-- \/ Yoast SEO plugin. -->","yoast_head_json":{"title":"PROLINE 25 ft AK LGS SUEDE WAKESURF PACKAGE - WATERSKIS.LV","description":"PROLINE 25 ft AK LGS SUEDE WAKESURF PACKAGE. 25' 10\"\u00a0LGS Handle w\/\u00a04-3' Sections10\" stitched AX Suede grip with molded EVA core Large spiral rope braid","robots":{"index":"index","follow":"follow","max-snippet":"max-snippet:-1","max-image-preview":"max-image-preview:large","max-video-preview":"max-video-preview:-1"},"canonical":"https:\/\/www.waterskis.lv\/en\/product\/proline-25-ft-ak-lgs-suede-wakesurf-package\/","og_locale":"en_US","og_type":"article","og_title":"PROLINE 25 ft AK LGS SUEDE WAKESURF PACKAGE - WATERSKIS.LV","og_description":"PROLINE 25 ft AK LGS SUEDE WAKESURF PACKAGE. 25' 10\"\u00a0LGS Handle w\/\u00a04-3' Sections10\" stitched AX Suede grip with molded EVA core Large spiral rope braid","og_url":"https:\/\/www.waterskis.lv\/en\/product\/proline-25-ft-ak-lgs-suede-wakesurf-package\/","og_site_name":"WATERSKIS.LV","article_publisher":"https:\/\/www.facebook.com\/jurmalawaterskiwakeboardpark\/","article_modified_time":"2026-01-30T09:49:34+00:00","og_image":[{"width":1080,"height":1080,"url":"https:\/\/www.waterskis.lv\/wp-content\/uploads\/2023\/01\/AKLGSSuedeSurf_1800x1800.webp","type":"image\/webp"}],"twitter_card":"summary_large_image","twitter_misc":{"Est. reading time":"1 minute"},"schema":{"@context":"https:\/\/schema.org","@graph":[{"@type":"WebPage","@id":"https:\/\/www.waterskis.lv\/en\/product\/proline-25-ft-ak-lgs-suede-wakesurf-package\/","url":"https:\/\/www.waterskis.lv\/en\/product\/proline-25-ft-ak-lgs-suede-wakesurf-package\/","name":"PROLINE 25 ft AK LGS SUEDE WAKESURF PACKAGE - WATERSKIS.LV","isPartOf":{"@id":"https:\/\/www.waterskis.lv\/en\/#website"},"primaryImageOfPage":{"@id":"https:\/\/www.waterskis.lv\/en\/product\/proline-25-ft-ak-lgs-suede-wakesurf-package\/#primaryimage"},"image":{"@id":"https:\/\/www.waterskis.lv\/en\/product\/proline-25-ft-ak-lgs-suede-wakesurf-package\/#primaryimage"},"thumbnailUrl":"https:\/\/www.waterskis.lv\/wp-content\/uploads\/2023\/01\/AKLGSSuedeSurf_1800x1800.webp","datePublished":"2023-01-03T16:48:02+00:00","dateModified":"2026-01-30T09:49:34+00:00","description":"PROLINE 25 ft AK LGS SUEDE WAKESURF PACKAGE. 25' 10\"\u00a0LGS Handle w\/\u00a04-3' Sections10\" stitched AX Suede grip with molded EVA core Large spiral rope braid","breadcrumb":{"@id":"https:\/\/www.waterskis.lv\/en\/product\/proline-25-ft-ak-lgs-suede-wakesurf-package\/#breadcrumb"},"inLanguage":"en-US","potentialAction":[{"@type":"ReadAction","target":["https:\/\/www.waterskis.lv\/en\/product\/proline-25-ft-ak-lgs-suede-wakesurf-package\/"]}]},{"@type":"ImageObject","inLanguage":"en-US","@id":"https:\/\/www.waterskis.lv\/en\/product\/proline-25-ft-ak-lgs-suede-wakesurf-package\/#primaryimage","url":"https:\/\/www.waterskis.lv\/wp-content\/uploads\/2023\/01\/AKLGSSuedeSurf_1800x1800.webp","contentUrl":"https:\/\/www.waterskis.lv\/wp-content\/uploads\/2023\/01\/AKLGSSuedeSurf_1800x1800.webp","width":1080,"height":1080,"caption":"Veiks\u0113rfa virve PROLINE 25 ft AK LGS SUEDE"},{"@type":"BreadcrumbList","@id":"https:\/\/www.waterskis.lv\/en\/product\/proline-25-ft-ak-lgs-suede-wakesurf-package\/#breadcrumb","itemListElement":[{"@type":"ListItem","position":1,"name":"Home","item":"https:\/\/www.waterskis.lv\/en\/"},{"@type":"ListItem","position":2,"name":"Shop","item":"https:\/\/waterskis.lv\/en\/shop\/"},{"@type":"ListItem","position":3,"name":"PROLINE 25 ft AK LGS SUEDE WAKESURF PACKAGE"}]},{"@type":"WebSite","@id":"https:\/\/www.waterskis.lv\/en\/#website","url":"https:\/\/www.waterskis.lv\/en\/","name":"WATERSKIS.LV","description":"SUP d\u0113\u013ci, kajaki, kanoe, airu laivas, \u016bdenssl\u0113po\u0161ana, veikbords, SUP d\u0113\u013cu noma, kajaku nomaakt\u012bv\u0101s atp\u016btas centrs, laivu noma, sup noma, kajaku noma","publisher":{"@id":"https:\/\/www.waterskis.lv\/en\/#organization"},"potentialAction":[{"@type":"SearchAction","target":{"@type":"EntryPoint","urlTemplate":"https:\/\/www.waterskis.lv\/en\/?s={search_term_string}"},"query-input":{"@type":"PropertyValueSpecification","valueRequired":true,"valueName":"search_term_string"}}],"inLanguage":"en-US"},{"@type":"Organization","@id":"https:\/\/www.waterskis.lv\/en\/#organization","name":"WATERSKIS.LV","url":"https:\/\/www.waterskis.lv\/en\/","logo":{"@type":"ImageObject","inLanguage":"en-US","@id":"https:\/\/www.waterskis.lv\/en\/#\/schema\/logo\/image\/","url":"https:\/\/www.waterskis.lv\/wp-content\/uploads\/2025\/01\/JUVP-logo.png","contentUrl":"https:\/\/www.waterskis.lv\/wp-content\/uploads\/2025\/01\/JUVP-logo.png","width":421,"height":202,"caption":"WATERSKIS.LV"},"image":{"@id":"https:\/\/www.waterskis.lv\/en\/#\/schema\/logo\/image\/"},"sameAs":["https:\/\/www.facebook.com\/jurmalawaterskiwakeboardpark\/"]}]}},"_links":{"self":[{"href":"https:\/\/www.waterskis.lv\/en\/wp-json\/wp\/v2\/product\/50708","targetHints":{"allow":["GET"]}}],"collection":[{"href":"https:\/\/www.waterskis.lv\/en\/wp-json\/wp\/v2\/product"}],"about":[{"href":"https:\/\/www.waterskis.lv\/en\/wp-json\/wp\/v2\/types\/product"}],"replies":[{"embeddable":true,"href":"https:\/\/www.waterskis.lv\/en\/wp-json\/wp\/v2\/comments?post=50708"}],"wp:featuredmedia":[{"embeddable":true,"href":"https:\/\/www.waterskis.lv\/en\/wp-json\/wp\/v2\/media\/50706"}],"wp:attachment":[{"href":"https:\/\/www.waterskis.lv\/en\/wp-json\/wp\/v2\/media?parent=50708"}],"wp:term":[{"taxonomy":"product_brand","embeddable":true,"href":"https:\/\/www.waterskis.lv\/en\/wp-json\/wp\/v2\/product_brand?post=50708"},{"taxonomy":"product_cat","embeddable":true,"href":"https:\/\/www.waterskis.lv\/en\/wp-json\/wp\/v2\/product_cat?post=50708"},{"taxonomy":"product_tag","embeddable":true,"href":"https:\/\/www.waterskis.lv\/en\/wp-json\/wp\/v2\/product_tag?post=50708"}],"curies":[{"name":"wp","href":"https:\/\/api.w.org\/{rel}","templated":true}]}}