{"id":50753,"date":"2023-01-05T10:17:57","date_gmt":"2023-01-05T07:17:57","guid":{"rendered":"https:\/\/www.waterskis.lv\/product\/veikskeita-delis-ronix-social-modello-wakeskate\/"},"modified":"2026-01-30T12:13:03","modified_gmt":"2026-01-30T10:13:03","slug":"ronix-social-modello-wakeskate","status":"publish","type":"product","link":"https:\/\/www.waterskis.lv\/en\/product\/ronix-social-modello-wakeskate\/","title":{"rendered":"RONIX SOCIAL MODELLO WAKESKATE"},"content":{"rendered":"<h1>RONIX SOCIAL MODELLO WAKESKATE<\/h1>\n<p>RONIX SOCIAL MODELLO WAKESKATE<\/p>\n<h3>Pros and cons<\/h3>\n<div class=\"pros-cons\">\n<ul>\n<li>Our most buoyant and durable skate<\/li>\n<li>A new compression molded version filled with our magical mod pour foam<\/li>\n<li>The shape of the 2023 Ronix Social skate incorporates the concave and built-in kick tail with added performance of our high-end wakeboard construction<\/li>\n<\/ul>\n<\/div>\n<hr \/>\n<h3>Description<\/h3>\n<h4><strong>Buy your #2023 Ronix Social Wakeskate now @ waterskis.lv, Your Online Pro Wakeboard Store.<\/strong><\/h4>\n<p>We appreciate good vibes more today than we ever have. There is nothing like the enjoyment of being with your crew of family and friends partaking in wake\u2019s great adventures. With the 2023 Ronix Social Wakeskate you\u2019ll experience the freedom of jumping on a board sans footwear and sessioning the water in such a pure way. The shape of the 2023 Ronix Social skate incorporates the concave and built-in kick tail with added performance of our high-end wakeboard construction. We took our popular Electric Collective series and made a new compression molded version filled with our magical mod pour foam. The result is our most buoyant and durable skate designed for social aquatic gatherings of likeminded congenial harvesters. It is such a fun sport, and we are proud to offer a new model catering to its innocence.<\/p>\n<h4><strong>#2023 Ronix Social Wakeskate Construction Features<\/strong><\/h4>\n<ul>\n<li>Boat Specific Design<\/li>\n<li>Riding Style &#8211; Advanced<\/li>\n<li>Blended Continuous \/ 3 Stage Rocker<\/li>\n<li>Modello Construction<\/li>\n<li>Mod Pour<\/li>\n<li>Magic Carpet<\/li>\n<li>Fins &#8211; 1 set 1.2&#8243; Skate<\/li>\n<\/ul>\n<h4><strong>#2023 Ronix Social Wakeskate Rider Weight Indication<\/strong><\/h4>\n<ul>\n<li>42&#8243; Up to 77kg<\/li>\n<li>45&#8243; 75kg and Up<\/li>\n<\/ul>\n<p><strong>Mod Pour<\/strong><\/p>\n<p>A ultra-stiff, lightweight, poured foam core that sets the standard of strength to weight ratio.<\/p>\n<p><strong>Magic Carpet<\/strong><\/p>\n<p>The perfect weave of glass that allows just enough resin to bleed through and adhere to the foam core.<\/p>\n","protected":false},"excerpt":{"rendered":"<p>https:\/\/www.youtube.com\/watch?v=a7kNEkyogqw [&#8230;]<\/p>\n<p><a class=\"btn btn-secondary understrap-read-more-link\" href=\"https:\/\/www.waterskis.lv\/en\/product\/ronix-social-modello-wakeskate\/\">Read More&#8230;<\/a><\/p>\n","protected":false},"featured_media":50751,"comment_status":"closed","ping_status":"closed","template":"","meta":{"_acf_changed":false,"inline_featured_image":false},"product_brand":[2420],"product_cat":[1086],"product_tag":[3067],"class_list":{"0":"post-50753","1":"product","2":"type-product","3":"status-publish","4":"has-post-thumbnail","6":"product_brand-ronix-wake","7":"product_cat-wakeskates-en","8":"product_tag-wakeskate","10":"first","11":"instock","12":"shipping-taxable","13":"purchasable","14":"product-type-simple"},"acf":[],"yoast_head":"<!-- This site is optimized with the Yoast SEO plugin v27.6 - https:\/\/yoast.com\/product\/yoast-seo-wordpress\/ -->\n<title>RONIX SOCIAL MODELLO WAKESKATE - WATERSKIS.LV<\/title>\n<meta name=\"description\" content=\"RONIX SOCIAL MODELLO WAKESKATE. The perfect weave of glass that allows just enough resin to bleed through and adhere to the foam core.\" \/>\n<meta name=\"robots\" content=\"index, follow, max-snippet:-1, max-image-preview:large, max-video-preview:-1\" \/>\n<link rel=\"canonical\" href=\"https:\/\/www.waterskis.lv\/en\/product\/ronix-social-modello-wakeskate\/\" \/>\n<meta property=\"og:locale\" content=\"en_US\" \/>\n<meta property=\"og:type\" content=\"article\" \/>\n<meta property=\"og:title\" content=\"RONIX SOCIAL MODELLO WAKESKATE - WATERSKIS.LV\" \/>\n<meta property=\"og:description\" content=\"RONIX SOCIAL MODELLO WAKESKATE. The perfect weave of glass that allows just enough resin to bleed through and adhere to the foam core.\" \/>\n<meta property=\"og:url\" content=\"https:\/\/www.waterskis.lv\/en\/product\/ronix-social-modello-wakeskate\/\" \/>\n<meta property=\"og:site_name\" content=\"WATERSKIS.LV\" \/>\n<meta property=\"article:publisher\" content=\"https:\/\/www.facebook.com\/jurmalawaterskiwakeboardpark\/\" \/>\n<meta property=\"article:modified_time\" content=\"2026-01-30T10:13:03+00:00\" \/>\n<meta property=\"og:image\" content=\"https:\/\/www.waterskis.lv\/wp-content\/uploads\/2023\/01\/ronix_wakeskate_social_42_both.jpg\" \/>\n\t<meta property=\"og:image:width\" content=\"1600\" \/>\n\t<meta property=\"og:image:height\" content=\"1600\" \/>\n\t<meta property=\"og:image:type\" content=\"image\/jpeg\" \/>\n<meta name=\"twitter:card\" content=\"summary_large_image\" \/>\n<meta name=\"twitter:label1\" content=\"Est. reading time\" \/>\n\t<meta name=\"twitter:data1\" content=\"2 minutes\" \/>\n<script type=\"application\/ld+json\" class=\"yoast-schema-graph\">{\"@context\":\"https:\\\/\\\/schema.org\",\"@graph\":[{\"@type\":\"WebPage\",\"@id\":\"https:\\\/\\\/www.waterskis.lv\\\/en\\\/product\\\/ronix-social-modello-wakeskate\\\/\",\"url\":\"https:\\\/\\\/www.waterskis.lv\\\/en\\\/product\\\/ronix-social-modello-wakeskate\\\/\",\"name\":\"RONIX SOCIAL MODELLO WAKESKATE - WATERSKIS.LV\",\"isPartOf\":{\"@id\":\"https:\\\/\\\/www.waterskis.lv\\\/en\\\/#website\"},\"primaryImageOfPage\":{\"@id\":\"https:\\\/\\\/www.waterskis.lv\\\/en\\\/product\\\/ronix-social-modello-wakeskate\\\/#primaryimage\"},\"image\":{\"@id\":\"https:\\\/\\\/www.waterskis.lv\\\/en\\\/product\\\/ronix-social-modello-wakeskate\\\/#primaryimage\"},\"thumbnailUrl\":\"https:\\\/\\\/www.waterskis.lv\\\/wp-content\\\/uploads\\\/2023\\\/01\\\/ronix_wakeskate_social_42_both.jpg\",\"datePublished\":\"2023-01-05T07:17:57+00:00\",\"dateModified\":\"2026-01-30T10:13:03+00:00\",\"description\":\"RONIX SOCIAL MODELLO WAKESKATE. The perfect weave of glass that allows just enough resin to bleed through and adhere to the foam core.\",\"breadcrumb\":{\"@id\":\"https:\\\/\\\/www.waterskis.lv\\\/en\\\/product\\\/ronix-social-modello-wakeskate\\\/#breadcrumb\"},\"inLanguage\":\"en-US\",\"potentialAction\":[{\"@type\":\"ReadAction\",\"target\":[\"https:\\\/\\\/www.waterskis.lv\\\/en\\\/product\\\/ronix-social-modello-wakeskate\\\/\"]}]},{\"@type\":\"ImageObject\",\"inLanguage\":\"en-US\",\"@id\":\"https:\\\/\\\/www.waterskis.lv\\\/en\\\/product\\\/ronix-social-modello-wakeskate\\\/#primaryimage\",\"url\":\"https:\\\/\\\/www.waterskis.lv\\\/wp-content\\\/uploads\\\/2023\\\/01\\\/ronix_wakeskate_social_42_both.jpg\",\"contentUrl\":\"https:\\\/\\\/www.waterskis.lv\\\/wp-content\\\/uploads\\\/2023\\\/01\\\/ronix_wakeskate_social_42_both.jpg\",\"width\":1600,\"height\":1600,\"caption\":\"Veikskeita d\u0113lis RONIX SOCIAL MODELLO WAKESKATE\"},{\"@type\":\"BreadcrumbList\",\"@id\":\"https:\\\/\\\/www.waterskis.lv\\\/en\\\/product\\\/ronix-social-modello-wakeskate\\\/#breadcrumb\",\"itemListElement\":[{\"@type\":\"ListItem\",\"position\":1,\"name\":\"Home\",\"item\":\"https:\\\/\\\/www.waterskis.lv\\\/en\\\/\"},{\"@type\":\"ListItem\",\"position\":2,\"name\":\"Shop\",\"item\":\"https:\\\/\\\/waterskis.lv\\\/en\\\/shop\\\/\"},{\"@type\":\"ListItem\",\"position\":3,\"name\":\"RONIX SOCIAL MODELLO WAKESKATE\"}]},{\"@type\":\"WebSite\",\"@id\":\"https:\\\/\\\/www.waterskis.lv\\\/en\\\/#website\",\"url\":\"https:\\\/\\\/www.waterskis.lv\\\/en\\\/\",\"name\":\"WATERSKIS.LV\",\"description\":\"SUP d\u0113\u013ci, kajaki, kanoe, airu laivas, \u016bdenssl\u0113po\u0161ana, veikbords, SUP d\u0113\u013cu noma, kajaku nomaakt\u012bv\u0101s atp\u016btas centrs, laivu noma, sup noma, kajaku noma\",\"publisher\":{\"@id\":\"https:\\\/\\\/www.waterskis.lv\\\/en\\\/#organization\"},\"potentialAction\":[{\"@type\":\"SearchAction\",\"target\":{\"@type\":\"EntryPoint\",\"urlTemplate\":\"https:\\\/\\\/www.waterskis.lv\\\/en\\\/?s={search_term_string}\"},\"query-input\":{\"@type\":\"PropertyValueSpecification\",\"valueRequired\":true,\"valueName\":\"search_term_string\"}}],\"inLanguage\":\"en-US\"},{\"@type\":\"Organization\",\"@id\":\"https:\\\/\\\/www.waterskis.lv\\\/en\\\/#organization\",\"name\":\"WATERSKIS.LV\",\"url\":\"https:\\\/\\\/www.waterskis.lv\\\/en\\\/\",\"logo\":{\"@type\":\"ImageObject\",\"inLanguage\":\"en-US\",\"@id\":\"https:\\\/\\\/www.waterskis.lv\\\/en\\\/#\\\/schema\\\/logo\\\/image\\\/\",\"url\":\"https:\\\/\\\/www.waterskis.lv\\\/wp-content\\\/uploads\\\/2025\\\/01\\\/JUVP-logo.png\",\"contentUrl\":\"https:\\\/\\\/www.waterskis.lv\\\/wp-content\\\/uploads\\\/2025\\\/01\\\/JUVP-logo.png\",\"width\":421,\"height\":202,\"caption\":\"WATERSKIS.LV\"},\"image\":{\"@id\":\"https:\\\/\\\/www.waterskis.lv\\\/en\\\/#\\\/schema\\\/logo\\\/image\\\/\"},\"sameAs\":[\"https:\\\/\\\/www.facebook.com\\\/jurmalawaterskiwakeboardpark\\\/\"]}]}<\/script>\n<!-- \/ Yoast SEO plugin. -->","yoast_head_json":{"title":"RONIX SOCIAL MODELLO WAKESKATE - WATERSKIS.LV","description":"RONIX SOCIAL MODELLO WAKESKATE. The perfect weave of glass that allows just enough resin to bleed through and adhere to the foam core.","robots":{"index":"index","follow":"follow","max-snippet":"max-snippet:-1","max-image-preview":"max-image-preview:large","max-video-preview":"max-video-preview:-1"},"canonical":"https:\/\/www.waterskis.lv\/en\/product\/ronix-social-modello-wakeskate\/","og_locale":"en_US","og_type":"article","og_title":"RONIX SOCIAL MODELLO WAKESKATE - WATERSKIS.LV","og_description":"RONIX SOCIAL MODELLO WAKESKATE. The perfect weave of glass that allows just enough resin to bleed through and adhere to the foam core.","og_url":"https:\/\/www.waterskis.lv\/en\/product\/ronix-social-modello-wakeskate\/","og_site_name":"WATERSKIS.LV","article_publisher":"https:\/\/www.facebook.com\/jurmalawaterskiwakeboardpark\/","article_modified_time":"2026-01-30T10:13:03+00:00","og_image":[{"width":1600,"height":1600,"url":"https:\/\/www.waterskis.lv\/wp-content\/uploads\/2023\/01\/ronix_wakeskate_social_42_both.jpg","type":"image\/jpeg"}],"twitter_card":"summary_large_image","twitter_misc":{"Est. reading time":"2 minutes"},"schema":{"@context":"https:\/\/schema.org","@graph":[{"@type":"WebPage","@id":"https:\/\/www.waterskis.lv\/en\/product\/ronix-social-modello-wakeskate\/","url":"https:\/\/www.waterskis.lv\/en\/product\/ronix-social-modello-wakeskate\/","name":"RONIX SOCIAL MODELLO WAKESKATE - WATERSKIS.LV","isPartOf":{"@id":"https:\/\/www.waterskis.lv\/en\/#website"},"primaryImageOfPage":{"@id":"https:\/\/www.waterskis.lv\/en\/product\/ronix-social-modello-wakeskate\/#primaryimage"},"image":{"@id":"https:\/\/www.waterskis.lv\/en\/product\/ronix-social-modello-wakeskate\/#primaryimage"},"thumbnailUrl":"https:\/\/www.waterskis.lv\/wp-content\/uploads\/2023\/01\/ronix_wakeskate_social_42_both.jpg","datePublished":"2023-01-05T07:17:57+00:00","dateModified":"2026-01-30T10:13:03+00:00","description":"RONIX SOCIAL MODELLO WAKESKATE. The perfect weave of glass that allows just enough resin to bleed through and adhere to the foam core.","breadcrumb":{"@id":"https:\/\/www.waterskis.lv\/en\/product\/ronix-social-modello-wakeskate\/#breadcrumb"},"inLanguage":"en-US","potentialAction":[{"@type":"ReadAction","target":["https:\/\/www.waterskis.lv\/en\/product\/ronix-social-modello-wakeskate\/"]}]},{"@type":"ImageObject","inLanguage":"en-US","@id":"https:\/\/www.waterskis.lv\/en\/product\/ronix-social-modello-wakeskate\/#primaryimage","url":"https:\/\/www.waterskis.lv\/wp-content\/uploads\/2023\/01\/ronix_wakeskate_social_42_both.jpg","contentUrl":"https:\/\/www.waterskis.lv\/wp-content\/uploads\/2023\/01\/ronix_wakeskate_social_42_both.jpg","width":1600,"height":1600,"caption":"Veikskeita d\u0113lis RONIX SOCIAL MODELLO WAKESKATE"},{"@type":"BreadcrumbList","@id":"https:\/\/www.waterskis.lv\/en\/product\/ronix-social-modello-wakeskate\/#breadcrumb","itemListElement":[{"@type":"ListItem","position":1,"name":"Home","item":"https:\/\/www.waterskis.lv\/en\/"},{"@type":"ListItem","position":2,"name":"Shop","item":"https:\/\/waterskis.lv\/en\/shop\/"},{"@type":"ListItem","position":3,"name":"RONIX SOCIAL MODELLO WAKESKATE"}]},{"@type":"WebSite","@id":"https:\/\/www.waterskis.lv\/en\/#website","url":"https:\/\/www.waterskis.lv\/en\/","name":"WATERSKIS.LV","description":"SUP d\u0113\u013ci, kajaki, kanoe, airu laivas, \u016bdenssl\u0113po\u0161ana, veikbords, SUP d\u0113\u013cu noma, kajaku nomaakt\u012bv\u0101s atp\u016btas centrs, laivu noma, sup noma, kajaku noma","publisher":{"@id":"https:\/\/www.waterskis.lv\/en\/#organization"},"potentialAction":[{"@type":"SearchAction","target":{"@type":"EntryPoint","urlTemplate":"https:\/\/www.waterskis.lv\/en\/?s={search_term_string}"},"query-input":{"@type":"PropertyValueSpecification","valueRequired":true,"valueName":"search_term_string"}}],"inLanguage":"en-US"},{"@type":"Organization","@id":"https:\/\/www.waterskis.lv\/en\/#organization","name":"WATERSKIS.LV","url":"https:\/\/www.waterskis.lv\/en\/","logo":{"@type":"ImageObject","inLanguage":"en-US","@id":"https:\/\/www.waterskis.lv\/en\/#\/schema\/logo\/image\/","url":"https:\/\/www.waterskis.lv\/wp-content\/uploads\/2025\/01\/JUVP-logo.png","contentUrl":"https:\/\/www.waterskis.lv\/wp-content\/uploads\/2025\/01\/JUVP-logo.png","width":421,"height":202,"caption":"WATERSKIS.LV"},"image":{"@id":"https:\/\/www.waterskis.lv\/en\/#\/schema\/logo\/image\/"},"sameAs":["https:\/\/www.facebook.com\/jurmalawaterskiwakeboardpark\/"]}]}},"_links":{"self":[{"href":"https:\/\/www.waterskis.lv\/en\/wp-json\/wp\/v2\/product\/50753","targetHints":{"allow":["GET"]}}],"collection":[{"href":"https:\/\/www.waterskis.lv\/en\/wp-json\/wp\/v2\/product"}],"about":[{"href":"https:\/\/www.waterskis.lv\/en\/wp-json\/wp\/v2\/types\/product"}],"replies":[{"embeddable":true,"href":"https:\/\/www.waterskis.lv\/en\/wp-json\/wp\/v2\/comments?post=50753"}],"wp:featuredmedia":[{"embeddable":true,"href":"https:\/\/www.waterskis.lv\/en\/wp-json\/wp\/v2\/media\/50751"}],"wp:attachment":[{"href":"https:\/\/www.waterskis.lv\/en\/wp-json\/wp\/v2\/media?parent=50753"}],"wp:term":[{"taxonomy":"product_brand","embeddable":true,"href":"https:\/\/www.waterskis.lv\/en\/wp-json\/wp\/v2\/product_brand?post=50753"},{"taxonomy":"product_cat","embeddable":true,"href":"https:\/\/www.waterskis.lv\/en\/wp-json\/wp\/v2\/product_cat?post=50753"},{"taxonomy":"product_tag","embeddable":true,"href":"https:\/\/www.waterskis.lv\/en\/wp-json\/wp\/v2\/product_tag?post=50753"}],"curies":[{"name":"wp","href":"https:\/\/api.w.org\/{rel}","templated":true}]}}