{"id":50773,"date":"2023-01-05T10:55:06","date_gmt":"2023-01-05T07:55:06","guid":{"rendered":"https:\/\/www.waterskis.lv\/product\/veikskeita-delis-ronix-rove-karver-maple-wood-wakeskate\/"},"modified":"2026-01-30T12:11:04","modified_gmt":"2026-01-30T10:11:04","slug":"ronix-rove-karver-maple-wood-wakeskate","status":"publish","type":"product","link":"https:\/\/www.waterskis.lv\/en\/product\/ronix-rove-karver-maple-wood-wakeskate\/","title":{"rendered":"RONIX ROVE KARVER MAPLE WOOD WAKESKATE"},"content":{"rendered":"<h1>RONIX ROVE KARVER MAPLE WOOD WAKESKATE<\/h1>\n<p>RONIX ROVE KARVER MAPLE WOOD WAKESKATE<\/p>\n<h3>Pros and cons<\/h3>\n<div class=\"pros-cons\">\n<ul>\n<li>The most affordable, fast and reliable ride<\/li>\n<li>Giving you the stability of your favorite longboard<\/li>\n<li>Offers more surface area and deeper fins than any of our other wakeskates<\/li>\n<\/ul>\n<\/div>\n<hr \/>\n<h3>Description<\/h3>\n<h4><strong>Buy your #2023 Ronix Rove Karver Wakeskate now @ waterskis.lv, Your Online Pro Wakeboard Store.<\/strong><\/h4>\n<p>Ever wanted to strip everything off a deck, slap some big \u2018ol fins on the back, chuck your boots and just go for a soul turn sesh? The 2022 Ronix Rove Karver Wakeskate offers more surface area and deeper fins than any of our other wakeskates \u2013 giving you the stability of your favorite longboard to shred an effortless cutback. It\u2019s not always about the wake \u2013 sometimes it\u2019s the path you take to get there. Up-shift a gear with the most affordable, fast and reliable ride in our line with a 3-fin design ready to bury the rail.<\/p>\n<h4><strong>#2023 Ronix Rove Karver Wakeskate Construction Features<\/strong><\/h4>\n<ul>\n<li>Boat Specific Design<\/li>\n<li>Riding Style &#8211; Intermediate<\/li>\n<li>Blended Continuous \/ 3 Stage Rocker<\/li>\n<li>Maple Wood Construction<\/li>\n<li>Tri Fin Setup<\/li>\n<li>Fins &#8211; 1 set 1.7&#8243; Hook<\/li>\n<\/ul>\n<h4><strong>#2023 Ronix Rove Karver Wakeskate Rider Weight Indication<\/strong><\/h4>\n<ul>\n<li>40&#8243; Up to 82kg<\/li>\n<li>42&#8243; 70kg and Up<\/li>\n<li>44&#8243; 75kg and Up<\/li>\n<\/ul>\n<p><strong>Maple Wood<\/strong><\/p>\n<p>A similar stiff reactive layered wood you would find in your favorite skateboard.<\/p>\n<p><strong>Tri Fin<\/strong><\/p>\n<p>A tighter, stronger turning radius ready for a receptive session of soul turns<\/p>\n","protected":false},"excerpt":{"rendered":"<p>https:\/\/www.youtube.com\/watch?v=NYk9QlNAVlM [&#8230;]<\/p>\n<p><a class=\"btn btn-secondary understrap-read-more-link\" href=\"https:\/\/www.waterskis.lv\/en\/product\/ronix-rove-karver-maple-wood-wakeskate\/\">Read More&#8230;<\/a><\/p>\n","protected":false},"featured_media":50771,"comment_status":"closed","ping_status":"closed","template":"","meta":{"_acf_changed":false,"inline_featured_image":false},"product_brand":[2420],"product_cat":[1086],"product_tag":[3067],"class_list":{"0":"post-50773","1":"product","2":"type-product","3":"status-publish","4":"has-post-thumbnail","6":"product_brand-ronix-wake","7":"product_cat-wakeskates-en","8":"product_tag-wakeskate","10":"first","11":"instock","12":"shipping-taxable","13":"purchasable","14":"product-type-simple"},"acf":[],"yoast_head":"<!-- This site is optimized with the Yoast SEO plugin v27.4 - https:\/\/yoast.com\/product\/yoast-seo-wordpress\/ -->\n<title>RONIX ROVE KARVER MAPLE WOOD WAKESKATE - WATERSKIS.LV<\/title>\n<meta name=\"description\" content=\"RONIX ROVE KARVER MAPLE WOOD WAKESKATE. Boat Specific Design Riding Style - Intermediate Blended Continuous \/ 3 Stage Rocker Maple Wood Construction\" \/>\n<meta name=\"robots\" content=\"index, follow, max-snippet:-1, max-image-preview:large, max-video-preview:-1\" \/>\n<link rel=\"canonical\" href=\"https:\/\/www.waterskis.lv\/en\/product\/ronix-rove-karver-maple-wood-wakeskate\/\" \/>\n<meta property=\"og:locale\" content=\"en_US\" \/>\n<meta property=\"og:type\" content=\"article\" \/>\n<meta property=\"og:title\" content=\"RONIX ROVE KARVER MAPLE WOOD WAKESKATE - WATERSKIS.LV\" \/>\n<meta property=\"og:description\" content=\"RONIX ROVE KARVER MAPLE WOOD WAKESKATE. Boat Specific Design Riding Style - Intermediate Blended Continuous \/ 3 Stage Rocker Maple Wood Construction\" \/>\n<meta property=\"og:url\" content=\"https:\/\/www.waterskis.lv\/en\/product\/ronix-rove-karver-maple-wood-wakeskate\/\" \/>\n<meta property=\"og:site_name\" content=\"WATERSKIS.LV\" \/>\n<meta property=\"article:publisher\" content=\"https:\/\/www.facebook.com\/jurmalawaterskiwakeboardpark\/\" \/>\n<meta property=\"article:modified_time\" content=\"2026-01-30T10:11:04+00:00\" \/>\n<meta property=\"og:image\" content=\"https:\/\/www.waterskis.lv\/wp-content\/uploads\/2023\/01\/ronix_wakeskate_rove_karver_both.jpg\" \/>\n\t<meta property=\"og:image:width\" content=\"1600\" \/>\n\t<meta property=\"og:image:height\" content=\"1600\" \/>\n\t<meta property=\"og:image:type\" content=\"image\/jpeg\" \/>\n<meta name=\"twitter:card\" content=\"summary_large_image\" \/>\n<meta name=\"twitter:label1\" content=\"Est. reading time\" \/>\n\t<meta name=\"twitter:data1\" content=\"2 minutes\" \/>\n<script type=\"application\/ld+json\" class=\"yoast-schema-graph\">{\"@context\":\"https:\\\/\\\/schema.org\",\"@graph\":[{\"@type\":\"WebPage\",\"@id\":\"https:\\\/\\\/www.waterskis.lv\\\/en\\\/product\\\/ronix-rove-karver-maple-wood-wakeskate\\\/\",\"url\":\"https:\\\/\\\/www.waterskis.lv\\\/en\\\/product\\\/ronix-rove-karver-maple-wood-wakeskate\\\/\",\"name\":\"RONIX ROVE KARVER MAPLE WOOD WAKESKATE - WATERSKIS.LV\",\"isPartOf\":{\"@id\":\"https:\\\/\\\/www.waterskis.lv\\\/en\\\/#website\"},\"primaryImageOfPage\":{\"@id\":\"https:\\\/\\\/www.waterskis.lv\\\/en\\\/product\\\/ronix-rove-karver-maple-wood-wakeskate\\\/#primaryimage\"},\"image\":{\"@id\":\"https:\\\/\\\/www.waterskis.lv\\\/en\\\/product\\\/ronix-rove-karver-maple-wood-wakeskate\\\/#primaryimage\"},\"thumbnailUrl\":\"https:\\\/\\\/www.waterskis.lv\\\/wp-content\\\/uploads\\\/2023\\\/01\\\/ronix_wakeskate_rove_karver_both.jpg\",\"datePublished\":\"2023-01-05T07:55:06+00:00\",\"dateModified\":\"2026-01-30T10:11:04+00:00\",\"description\":\"RONIX ROVE KARVER MAPLE WOOD WAKESKATE. Boat Specific Design Riding Style - Intermediate Blended Continuous \\\/ 3 Stage Rocker Maple Wood Construction\",\"breadcrumb\":{\"@id\":\"https:\\\/\\\/www.waterskis.lv\\\/en\\\/product\\\/ronix-rove-karver-maple-wood-wakeskate\\\/#breadcrumb\"},\"inLanguage\":\"en-US\",\"potentialAction\":[{\"@type\":\"ReadAction\",\"target\":[\"https:\\\/\\\/www.waterskis.lv\\\/en\\\/product\\\/ronix-rove-karver-maple-wood-wakeskate\\\/\"]}]},{\"@type\":\"ImageObject\",\"inLanguage\":\"en-US\",\"@id\":\"https:\\\/\\\/www.waterskis.lv\\\/en\\\/product\\\/ronix-rove-karver-maple-wood-wakeskate\\\/#primaryimage\",\"url\":\"https:\\\/\\\/www.waterskis.lv\\\/wp-content\\\/uploads\\\/2023\\\/01\\\/ronix_wakeskate_rove_karver_both.jpg\",\"contentUrl\":\"https:\\\/\\\/www.waterskis.lv\\\/wp-content\\\/uploads\\\/2023\\\/01\\\/ronix_wakeskate_rove_karver_both.jpg\",\"width\":1600,\"height\":1600,\"caption\":\"Veikskeita d\u0113lis RONIX ROVE KARVER MAPLE WOOD WAKESKATE\"},{\"@type\":\"BreadcrumbList\",\"@id\":\"https:\\\/\\\/www.waterskis.lv\\\/en\\\/product\\\/ronix-rove-karver-maple-wood-wakeskate\\\/#breadcrumb\",\"itemListElement\":[{\"@type\":\"ListItem\",\"position\":1,\"name\":\"Home\",\"item\":\"https:\\\/\\\/www.waterskis.lv\\\/en\\\/\"},{\"@type\":\"ListItem\",\"position\":2,\"name\":\"Shop\",\"item\":\"https:\\\/\\\/waterskis.lv\\\/en\\\/shop\\\/\"},{\"@type\":\"ListItem\",\"position\":3,\"name\":\"RONIX ROVE KARVER MAPLE WOOD WAKESKATE\"}]},{\"@type\":\"WebSite\",\"@id\":\"https:\\\/\\\/www.waterskis.lv\\\/en\\\/#website\",\"url\":\"https:\\\/\\\/www.waterskis.lv\\\/en\\\/\",\"name\":\"WATERSKIS.LV\",\"description\":\"SUP d\u0113\u013ci, kajaki, kanoe, airu laivas, \u016bdenssl\u0113po\u0161ana, veikbords, SUP d\u0113\u013cu noma, kajaku nomaakt\u012bv\u0101s atp\u016btas centrs, laivu noma, sup noma, kajaku noma\",\"publisher\":{\"@id\":\"https:\\\/\\\/www.waterskis.lv\\\/en\\\/#organization\"},\"potentialAction\":[{\"@type\":\"SearchAction\",\"target\":{\"@type\":\"EntryPoint\",\"urlTemplate\":\"https:\\\/\\\/www.waterskis.lv\\\/en\\\/?s={search_term_string}\"},\"query-input\":{\"@type\":\"PropertyValueSpecification\",\"valueRequired\":true,\"valueName\":\"search_term_string\"}}],\"inLanguage\":\"en-US\"},{\"@type\":\"Organization\",\"@id\":\"https:\\\/\\\/www.waterskis.lv\\\/en\\\/#organization\",\"name\":\"WATERSKIS.LV\",\"url\":\"https:\\\/\\\/www.waterskis.lv\\\/en\\\/\",\"logo\":{\"@type\":\"ImageObject\",\"inLanguage\":\"en-US\",\"@id\":\"https:\\\/\\\/www.waterskis.lv\\\/en\\\/#\\\/schema\\\/logo\\\/image\\\/\",\"url\":\"https:\\\/\\\/www.waterskis.lv\\\/wp-content\\\/uploads\\\/2025\\\/01\\\/JUVP-logo.png\",\"contentUrl\":\"https:\\\/\\\/www.waterskis.lv\\\/wp-content\\\/uploads\\\/2025\\\/01\\\/JUVP-logo.png\",\"width\":421,\"height\":202,\"caption\":\"WATERSKIS.LV\"},\"image\":{\"@id\":\"https:\\\/\\\/www.waterskis.lv\\\/en\\\/#\\\/schema\\\/logo\\\/image\\\/\"},\"sameAs\":[\"https:\\\/\\\/www.facebook.com\\\/jurmalawaterskiwakeboardpark\\\/\"]}]}<\/script>\n<!-- \/ Yoast SEO plugin. -->","yoast_head_json":{"title":"RONIX ROVE KARVER MAPLE WOOD WAKESKATE - WATERSKIS.LV","description":"RONIX ROVE KARVER MAPLE WOOD WAKESKATE. Boat Specific Design Riding Style - Intermediate Blended Continuous \/ 3 Stage Rocker Maple Wood Construction","robots":{"index":"index","follow":"follow","max-snippet":"max-snippet:-1","max-image-preview":"max-image-preview:large","max-video-preview":"max-video-preview:-1"},"canonical":"https:\/\/www.waterskis.lv\/en\/product\/ronix-rove-karver-maple-wood-wakeskate\/","og_locale":"en_US","og_type":"article","og_title":"RONIX ROVE KARVER MAPLE WOOD WAKESKATE - WATERSKIS.LV","og_description":"RONIX ROVE KARVER MAPLE WOOD WAKESKATE. Boat Specific Design Riding Style - Intermediate Blended Continuous \/ 3 Stage Rocker Maple Wood Construction","og_url":"https:\/\/www.waterskis.lv\/en\/product\/ronix-rove-karver-maple-wood-wakeskate\/","og_site_name":"WATERSKIS.LV","article_publisher":"https:\/\/www.facebook.com\/jurmalawaterskiwakeboardpark\/","article_modified_time":"2026-01-30T10:11:04+00:00","og_image":[{"width":1600,"height":1600,"url":"https:\/\/www.waterskis.lv\/wp-content\/uploads\/2023\/01\/ronix_wakeskate_rove_karver_both.jpg","type":"image\/jpeg"}],"twitter_card":"summary_large_image","twitter_misc":{"Est. reading time":"2 minutes"},"schema":{"@context":"https:\/\/schema.org","@graph":[{"@type":"WebPage","@id":"https:\/\/www.waterskis.lv\/en\/product\/ronix-rove-karver-maple-wood-wakeskate\/","url":"https:\/\/www.waterskis.lv\/en\/product\/ronix-rove-karver-maple-wood-wakeskate\/","name":"RONIX ROVE KARVER MAPLE WOOD WAKESKATE - WATERSKIS.LV","isPartOf":{"@id":"https:\/\/www.waterskis.lv\/en\/#website"},"primaryImageOfPage":{"@id":"https:\/\/www.waterskis.lv\/en\/product\/ronix-rove-karver-maple-wood-wakeskate\/#primaryimage"},"image":{"@id":"https:\/\/www.waterskis.lv\/en\/product\/ronix-rove-karver-maple-wood-wakeskate\/#primaryimage"},"thumbnailUrl":"https:\/\/www.waterskis.lv\/wp-content\/uploads\/2023\/01\/ronix_wakeskate_rove_karver_both.jpg","datePublished":"2023-01-05T07:55:06+00:00","dateModified":"2026-01-30T10:11:04+00:00","description":"RONIX ROVE KARVER MAPLE WOOD WAKESKATE. Boat Specific Design Riding Style - Intermediate Blended Continuous \/ 3 Stage Rocker Maple Wood Construction","breadcrumb":{"@id":"https:\/\/www.waterskis.lv\/en\/product\/ronix-rove-karver-maple-wood-wakeskate\/#breadcrumb"},"inLanguage":"en-US","potentialAction":[{"@type":"ReadAction","target":["https:\/\/www.waterskis.lv\/en\/product\/ronix-rove-karver-maple-wood-wakeskate\/"]}]},{"@type":"ImageObject","inLanguage":"en-US","@id":"https:\/\/www.waterskis.lv\/en\/product\/ronix-rove-karver-maple-wood-wakeskate\/#primaryimage","url":"https:\/\/www.waterskis.lv\/wp-content\/uploads\/2023\/01\/ronix_wakeskate_rove_karver_both.jpg","contentUrl":"https:\/\/www.waterskis.lv\/wp-content\/uploads\/2023\/01\/ronix_wakeskate_rove_karver_both.jpg","width":1600,"height":1600,"caption":"Veikskeita d\u0113lis RONIX ROVE KARVER MAPLE WOOD WAKESKATE"},{"@type":"BreadcrumbList","@id":"https:\/\/www.waterskis.lv\/en\/product\/ronix-rove-karver-maple-wood-wakeskate\/#breadcrumb","itemListElement":[{"@type":"ListItem","position":1,"name":"Home","item":"https:\/\/www.waterskis.lv\/en\/"},{"@type":"ListItem","position":2,"name":"Shop","item":"https:\/\/waterskis.lv\/en\/shop\/"},{"@type":"ListItem","position":3,"name":"RONIX ROVE KARVER MAPLE WOOD WAKESKATE"}]},{"@type":"WebSite","@id":"https:\/\/www.waterskis.lv\/en\/#website","url":"https:\/\/www.waterskis.lv\/en\/","name":"WATERSKIS.LV","description":"SUP d\u0113\u013ci, kajaki, kanoe, airu laivas, \u016bdenssl\u0113po\u0161ana, veikbords, SUP d\u0113\u013cu noma, kajaku nomaakt\u012bv\u0101s atp\u016btas centrs, laivu noma, sup noma, kajaku noma","publisher":{"@id":"https:\/\/www.waterskis.lv\/en\/#organization"},"potentialAction":[{"@type":"SearchAction","target":{"@type":"EntryPoint","urlTemplate":"https:\/\/www.waterskis.lv\/en\/?s={search_term_string}"},"query-input":{"@type":"PropertyValueSpecification","valueRequired":true,"valueName":"search_term_string"}}],"inLanguage":"en-US"},{"@type":"Organization","@id":"https:\/\/www.waterskis.lv\/en\/#organization","name":"WATERSKIS.LV","url":"https:\/\/www.waterskis.lv\/en\/","logo":{"@type":"ImageObject","inLanguage":"en-US","@id":"https:\/\/www.waterskis.lv\/en\/#\/schema\/logo\/image\/","url":"https:\/\/www.waterskis.lv\/wp-content\/uploads\/2025\/01\/JUVP-logo.png","contentUrl":"https:\/\/www.waterskis.lv\/wp-content\/uploads\/2025\/01\/JUVP-logo.png","width":421,"height":202,"caption":"WATERSKIS.LV"},"image":{"@id":"https:\/\/www.waterskis.lv\/en\/#\/schema\/logo\/image\/"},"sameAs":["https:\/\/www.facebook.com\/jurmalawaterskiwakeboardpark\/"]}]}},"_links":{"self":[{"href":"https:\/\/www.waterskis.lv\/en\/wp-json\/wp\/v2\/product\/50773","targetHints":{"allow":["GET"]}}],"collection":[{"href":"https:\/\/www.waterskis.lv\/en\/wp-json\/wp\/v2\/product"}],"about":[{"href":"https:\/\/www.waterskis.lv\/en\/wp-json\/wp\/v2\/types\/product"}],"replies":[{"embeddable":true,"href":"https:\/\/www.waterskis.lv\/en\/wp-json\/wp\/v2\/comments?post=50773"}],"wp:featuredmedia":[{"embeddable":true,"href":"https:\/\/www.waterskis.lv\/en\/wp-json\/wp\/v2\/media\/50771"}],"wp:attachment":[{"href":"https:\/\/www.waterskis.lv\/en\/wp-json\/wp\/v2\/media?parent=50773"}],"wp:term":[{"taxonomy":"product_brand","embeddable":true,"href":"https:\/\/www.waterskis.lv\/en\/wp-json\/wp\/v2\/product_brand?post=50773"},{"taxonomy":"product_cat","embeddable":true,"href":"https:\/\/www.waterskis.lv\/en\/wp-json\/wp\/v2\/product_cat?post=50773"},{"taxonomy":"product_tag","embeddable":true,"href":"https:\/\/www.waterskis.lv\/en\/wp-json\/wp\/v2\/product_tag?post=50773"}],"curies":[{"name":"wp","href":"https:\/\/api.w.org\/{rel}","templated":true}]}}