{"id":51370,"date":"2023-02-02T16:39:46","date_gmt":"2023-02-02T13:39:46","guid":{"rendered":"https:\/\/www.waterskis.lv\/product\/brunotti-hillside-skate-longboard\/"},"modified":"2026-01-27T09:37:05","modified_gmt":"2026-01-27T07:37:05","slug":"skrituldelis-brunotti-hillside-skate-longboard-2023","status":"publish","type":"product","link":"https:\/\/www.waterskis.lv\/en\/product\/skrituldelis-brunotti-hillside-skate-longboard-2023\/","title":{"rendered":"Skritu\u013cd\u0113lis BRUNOTTI HILLSIDE SKATE &#038; LONGBOARD 2023"},"content":{"rendered":"<h1>Skritu\u013cd\u0113lis BRUNOTTI HILLSIDE SKATE &amp; LONGBOARD 2023<\/h1>\n<p>Skritu\u013cd\u0113lis BRUNOTTI HILLSIDE SKATE &amp; LONGBOARD 2023<\/p>\n<p>Ar skritu\u013cd\u0113li ir iesp\u0113jami braucieni vai\u00a0 triki. Izgatavots ar 70 x 51 mm rite\u0146iem, tostarp abec-7 gult\u0146iem, j\u016bs varat \u0113rti braukt pa gandr\u012bz jebkuru ce\u013ca virsmu.<\/p>\n<ul>\n<li>Skritu\u013cd\u0113la garums 97 x 22 cm<\/li>\n<li>Abec 7 gult\u0146i<\/li>\n<li>Rite\u0146i 70&#215;51 mm<\/li>\n<\/ul>\n<h1><\/h1>\n<h4>BRUNOTTI HILLSIDE SKATE &amp; LONGBOARD<\/h4>\n<p>BRUNOTTI HILLSIDE SKATE &amp; LONGBOARD<\/p>\n<h4>Buy your Brunotti Hillside Skate &amp; Longboard now @ waterskis.lv, Your Online Pro Wakeboard Store.<\/h4>\n<p>The Brunotti Hillside drop-through longboard is the ultimate all-arounder.<\/p>\n<p>Cruising, downhill or longboard tricks are all possible with this deck. Built with 70 x 51mm wheels including abec-7 bearings you can cruise comfortably on almost any road surface.<\/p>\n<h4># Brunotti Hillside Skate &amp; Longboard Construction Features<\/h4>\n<ul>\n<li>Deck Size 97 x 22cm<\/li>\n<li>Abec 7 bearings<\/li>\n<li>Wheels 70 x 51mm<\/li>\n<\/ul>\n<p>&nbsp;<\/p>\n","protected":false},"excerpt":{"rendered":"<ul>\n<li>Skritu\u013cd\u0113la garums 97 x 22 cm<\/li>\n<li>Abec 7 gult\u0146i<\/li>\n<li>Rite\u0146i 70&#215;51 mm<\/li>\n<\/ul>\n<p> [&#8230;]<\/p>\n<p><a class=\"btn btn-secondary understrap-read-more-link\" href=\"https:\/\/www.waterskis.lv\/en\/product\/skrituldelis-brunotti-hillside-skate-longboard-2023\/\">Read More&#8230;<\/a><\/p>\n","protected":false},"featured_media":51368,"comment_status":"closed","ping_status":"closed","template":"","meta":{"_acf_changed":false,"inline_featured_image":false},"product_brand":[],"product_cat":[1051,361],"product_tag":[2720],"class_list":{"0":"post-51370","1":"product","2":"type-product","3":"status-publish","4":"has-post-thumbnail","6":"product_cat-balance-boards-longboards","7":"product_cat-sale","8":"product_tag-skrituldelis","10":"first","11":"instock","12":"sale","13":"shipping-taxable","14":"purchasable","15":"product-type-simple"},"acf":[],"yoast_head":"<!-- This site is optimized with the Yoast SEO plugin v27.4 - https:\/\/yoast.com\/product\/yoast-seo-wordpress\/ -->\n<title>Skritu\u013cd\u0113lis BRUNOTTI HILLSIDE SKATE &amp; LONGBOARD 2023 - WATERSKIS.LV<\/title>\n<meta name=\"description\" content=\"BRUNOTTI HILLSIDE SKATE &amp; LONGBOARD drop-through longboard is the ultimate all-arounder. Cruising, downhill or longboard tricks are all possible with this\" \/>\n<meta name=\"robots\" content=\"index, follow, max-snippet:-1, max-image-preview:large, max-video-preview:-1\" \/>\n<link rel=\"canonical\" href=\"https:\/\/www.waterskis.lv\/en\/product\/skrituldelis-brunotti-hillside-skate-longboard-2023\/\" \/>\n<meta property=\"og:locale\" content=\"en_US\" \/>\n<meta property=\"og:type\" content=\"article\" \/>\n<meta property=\"og:title\" content=\"Skritu\u013cd\u0113lis BRUNOTTI HILLSIDE SKATE &amp; LONGBOARD 2023 - WATERSKIS.LV\" \/>\n<meta property=\"og:description\" content=\"BRUNOTTI HILLSIDE SKATE &amp; LONGBOARD drop-through longboard is the ultimate all-arounder. Cruising, downhill or longboard tricks are all possible with this\" \/>\n<meta property=\"og:url\" content=\"https:\/\/www.waterskis.lv\/en\/product\/skrituldelis-brunotti-hillside-skate-longboard-2023\/\" \/>\n<meta property=\"og:site_name\" content=\"WATERSKIS.LV\" \/>\n<meta property=\"article:publisher\" content=\"https:\/\/www.facebook.com\/jurmalawaterskiwakeboardpark\/\" \/>\n<meta property=\"article:modified_time\" content=\"2026-01-27T07:37:05+00:00\" \/>\n<meta property=\"og:image\" content=\"https:\/\/www.waterskis.lv\/wp-content\/uploads\/2023\/02\/BrunottiLong.jpg\" \/>\n\t<meta property=\"og:image:width\" content=\"1500\" \/>\n\t<meta property=\"og:image:height\" content=\"1500\" \/>\n\t<meta property=\"og:image:type\" content=\"image\/jpeg\" \/>\n<meta name=\"twitter:card\" content=\"summary_large_image\" \/>\n<meta name=\"twitter:label1\" content=\"Est. reading time\" \/>\n\t<meta name=\"twitter:data1\" content=\"1 minute\" \/>\n<script type=\"application\/ld+json\" class=\"yoast-schema-graph\">{\"@context\":\"https:\\\/\\\/schema.org\",\"@graph\":[{\"@type\":\"WebPage\",\"@id\":\"https:\\\/\\\/www.waterskis.lv\\\/en\\\/product\\\/skrituldelis-brunotti-hillside-skate-longboard-2023\\\/\",\"url\":\"https:\\\/\\\/www.waterskis.lv\\\/en\\\/product\\\/skrituldelis-brunotti-hillside-skate-longboard-2023\\\/\",\"name\":\"Skritu\u013cd\u0113lis BRUNOTTI HILLSIDE SKATE & LONGBOARD 2023 - WATERSKIS.LV\",\"isPartOf\":{\"@id\":\"https:\\\/\\\/www.waterskis.lv\\\/en\\\/#website\"},\"primaryImageOfPage\":{\"@id\":\"https:\\\/\\\/www.waterskis.lv\\\/en\\\/product\\\/skrituldelis-brunotti-hillside-skate-longboard-2023\\\/#primaryimage\"},\"image\":{\"@id\":\"https:\\\/\\\/www.waterskis.lv\\\/en\\\/product\\\/skrituldelis-brunotti-hillside-skate-longboard-2023\\\/#primaryimage\"},\"thumbnailUrl\":\"https:\\\/\\\/www.waterskis.lv\\\/wp-content\\\/uploads\\\/2023\\\/02\\\/BrunottiLong.jpg\",\"datePublished\":\"2023-02-02T13:39:46+00:00\",\"dateModified\":\"2026-01-27T07:37:05+00:00\",\"description\":\"BRUNOTTI HILLSIDE SKATE & LONGBOARD drop-through longboard is the ultimate all-arounder. Cruising, downhill or longboard tricks are all possible with this\",\"breadcrumb\":{\"@id\":\"https:\\\/\\\/www.waterskis.lv\\\/en\\\/product\\\/skrituldelis-brunotti-hillside-skate-longboard-2023\\\/#breadcrumb\"},\"inLanguage\":\"en-US\",\"potentialAction\":[{\"@type\":\"ReadAction\",\"target\":[\"https:\\\/\\\/www.waterskis.lv\\\/en\\\/product\\\/skrituldelis-brunotti-hillside-skate-longboard-2023\\\/\"]}]},{\"@type\":\"ImageObject\",\"inLanguage\":\"en-US\",\"@id\":\"https:\\\/\\\/www.waterskis.lv\\\/en\\\/product\\\/skrituldelis-brunotti-hillside-skate-longboard-2023\\\/#primaryimage\",\"url\":\"https:\\\/\\\/www.waterskis.lv\\\/wp-content\\\/uploads\\\/2023\\\/02\\\/BrunottiLong.jpg\",\"contentUrl\":\"https:\\\/\\\/www.waterskis.lv\\\/wp-content\\\/uploads\\\/2023\\\/02\\\/BrunottiLong.jpg\",\"width\":1500,\"height\":1500,\"caption\":\"BRUNOTTI HILLSIDE SKATE & LONGBOARD\"},{\"@type\":\"BreadcrumbList\",\"@id\":\"https:\\\/\\\/www.waterskis.lv\\\/en\\\/product\\\/skrituldelis-brunotti-hillside-skate-longboard-2023\\\/#breadcrumb\",\"itemListElement\":[{\"@type\":\"ListItem\",\"position\":1,\"name\":\"Home\",\"item\":\"https:\\\/\\\/www.waterskis.lv\\\/en\\\/\"},{\"@type\":\"ListItem\",\"position\":2,\"name\":\"Shop\",\"item\":\"https:\\\/\\\/waterskis.lv\\\/en\\\/shop\\\/\"},{\"@type\":\"ListItem\",\"position\":3,\"name\":\"Skritu\u013cd\u0113lis BRUNOTTI HILLSIDE SKATE &#038; LONGBOARD 2023\"}]},{\"@type\":\"WebSite\",\"@id\":\"https:\\\/\\\/www.waterskis.lv\\\/en\\\/#website\",\"url\":\"https:\\\/\\\/www.waterskis.lv\\\/en\\\/\",\"name\":\"WATERSKIS.LV\",\"description\":\"SUP d\u0113\u013ci, kajaki, kanoe, airu laivas, \u016bdenssl\u0113po\u0161ana, veikbords, SUP d\u0113\u013cu noma, kajaku nomaakt\u012bv\u0101s atp\u016btas centrs, laivu noma, sup noma, kajaku noma\",\"publisher\":{\"@id\":\"https:\\\/\\\/www.waterskis.lv\\\/en\\\/#organization\"},\"potentialAction\":[{\"@type\":\"SearchAction\",\"target\":{\"@type\":\"EntryPoint\",\"urlTemplate\":\"https:\\\/\\\/www.waterskis.lv\\\/en\\\/?s={search_term_string}\"},\"query-input\":{\"@type\":\"PropertyValueSpecification\",\"valueRequired\":true,\"valueName\":\"search_term_string\"}}],\"inLanguage\":\"en-US\"},{\"@type\":\"Organization\",\"@id\":\"https:\\\/\\\/www.waterskis.lv\\\/en\\\/#organization\",\"name\":\"WATERSKIS.LV\",\"url\":\"https:\\\/\\\/www.waterskis.lv\\\/en\\\/\",\"logo\":{\"@type\":\"ImageObject\",\"inLanguage\":\"en-US\",\"@id\":\"https:\\\/\\\/www.waterskis.lv\\\/en\\\/#\\\/schema\\\/logo\\\/image\\\/\",\"url\":\"https:\\\/\\\/www.waterskis.lv\\\/wp-content\\\/uploads\\\/2025\\\/01\\\/JUVP-logo.png\",\"contentUrl\":\"https:\\\/\\\/www.waterskis.lv\\\/wp-content\\\/uploads\\\/2025\\\/01\\\/JUVP-logo.png\",\"width\":421,\"height\":202,\"caption\":\"WATERSKIS.LV\"},\"image\":{\"@id\":\"https:\\\/\\\/www.waterskis.lv\\\/en\\\/#\\\/schema\\\/logo\\\/image\\\/\"},\"sameAs\":[\"https:\\\/\\\/www.facebook.com\\\/jurmalawaterskiwakeboardpark\\\/\"]}]}<\/script>\n<!-- \/ Yoast SEO plugin. -->","yoast_head_json":{"title":"Skritu\u013cd\u0113lis BRUNOTTI HILLSIDE SKATE & LONGBOARD 2023 - WATERSKIS.LV","description":"BRUNOTTI HILLSIDE SKATE & LONGBOARD drop-through longboard is the ultimate all-arounder. Cruising, downhill or longboard tricks are all possible with this","robots":{"index":"index","follow":"follow","max-snippet":"max-snippet:-1","max-image-preview":"max-image-preview:large","max-video-preview":"max-video-preview:-1"},"canonical":"https:\/\/www.waterskis.lv\/en\/product\/skrituldelis-brunotti-hillside-skate-longboard-2023\/","og_locale":"en_US","og_type":"article","og_title":"Skritu\u013cd\u0113lis BRUNOTTI HILLSIDE SKATE & LONGBOARD 2023 - WATERSKIS.LV","og_description":"BRUNOTTI HILLSIDE SKATE & LONGBOARD drop-through longboard is the ultimate all-arounder. Cruising, downhill or longboard tricks are all possible with this","og_url":"https:\/\/www.waterskis.lv\/en\/product\/skrituldelis-brunotti-hillside-skate-longboard-2023\/","og_site_name":"WATERSKIS.LV","article_publisher":"https:\/\/www.facebook.com\/jurmalawaterskiwakeboardpark\/","article_modified_time":"2026-01-27T07:37:05+00:00","og_image":[{"width":1500,"height":1500,"url":"https:\/\/www.waterskis.lv\/wp-content\/uploads\/2023\/02\/BrunottiLong.jpg","type":"image\/jpeg"}],"twitter_card":"summary_large_image","twitter_misc":{"Est. reading time":"1 minute"},"schema":{"@context":"https:\/\/schema.org","@graph":[{"@type":"WebPage","@id":"https:\/\/www.waterskis.lv\/en\/product\/skrituldelis-brunotti-hillside-skate-longboard-2023\/","url":"https:\/\/www.waterskis.lv\/en\/product\/skrituldelis-brunotti-hillside-skate-longboard-2023\/","name":"Skritu\u013cd\u0113lis BRUNOTTI HILLSIDE SKATE & LONGBOARD 2023 - WATERSKIS.LV","isPartOf":{"@id":"https:\/\/www.waterskis.lv\/en\/#website"},"primaryImageOfPage":{"@id":"https:\/\/www.waterskis.lv\/en\/product\/skrituldelis-brunotti-hillside-skate-longboard-2023\/#primaryimage"},"image":{"@id":"https:\/\/www.waterskis.lv\/en\/product\/skrituldelis-brunotti-hillside-skate-longboard-2023\/#primaryimage"},"thumbnailUrl":"https:\/\/www.waterskis.lv\/wp-content\/uploads\/2023\/02\/BrunottiLong.jpg","datePublished":"2023-02-02T13:39:46+00:00","dateModified":"2026-01-27T07:37:05+00:00","description":"BRUNOTTI HILLSIDE SKATE & LONGBOARD drop-through longboard is the ultimate all-arounder. Cruising, downhill or longboard tricks are all possible with this","breadcrumb":{"@id":"https:\/\/www.waterskis.lv\/en\/product\/skrituldelis-brunotti-hillside-skate-longboard-2023\/#breadcrumb"},"inLanguage":"en-US","potentialAction":[{"@type":"ReadAction","target":["https:\/\/www.waterskis.lv\/en\/product\/skrituldelis-brunotti-hillside-skate-longboard-2023\/"]}]},{"@type":"ImageObject","inLanguage":"en-US","@id":"https:\/\/www.waterskis.lv\/en\/product\/skrituldelis-brunotti-hillside-skate-longboard-2023\/#primaryimage","url":"https:\/\/www.waterskis.lv\/wp-content\/uploads\/2023\/02\/BrunottiLong.jpg","contentUrl":"https:\/\/www.waterskis.lv\/wp-content\/uploads\/2023\/02\/BrunottiLong.jpg","width":1500,"height":1500,"caption":"BRUNOTTI HILLSIDE SKATE & LONGBOARD"},{"@type":"BreadcrumbList","@id":"https:\/\/www.waterskis.lv\/en\/product\/skrituldelis-brunotti-hillside-skate-longboard-2023\/#breadcrumb","itemListElement":[{"@type":"ListItem","position":1,"name":"Home","item":"https:\/\/www.waterskis.lv\/en\/"},{"@type":"ListItem","position":2,"name":"Shop","item":"https:\/\/waterskis.lv\/en\/shop\/"},{"@type":"ListItem","position":3,"name":"Skritu\u013cd\u0113lis BRUNOTTI HILLSIDE SKATE &#038; LONGBOARD 2023"}]},{"@type":"WebSite","@id":"https:\/\/www.waterskis.lv\/en\/#website","url":"https:\/\/www.waterskis.lv\/en\/","name":"WATERSKIS.LV","description":"SUP d\u0113\u013ci, kajaki, kanoe, airu laivas, \u016bdenssl\u0113po\u0161ana, veikbords, SUP d\u0113\u013cu noma, kajaku nomaakt\u012bv\u0101s atp\u016btas centrs, laivu noma, sup noma, kajaku noma","publisher":{"@id":"https:\/\/www.waterskis.lv\/en\/#organization"},"potentialAction":[{"@type":"SearchAction","target":{"@type":"EntryPoint","urlTemplate":"https:\/\/www.waterskis.lv\/en\/?s={search_term_string}"},"query-input":{"@type":"PropertyValueSpecification","valueRequired":true,"valueName":"search_term_string"}}],"inLanguage":"en-US"},{"@type":"Organization","@id":"https:\/\/www.waterskis.lv\/en\/#organization","name":"WATERSKIS.LV","url":"https:\/\/www.waterskis.lv\/en\/","logo":{"@type":"ImageObject","inLanguage":"en-US","@id":"https:\/\/www.waterskis.lv\/en\/#\/schema\/logo\/image\/","url":"https:\/\/www.waterskis.lv\/wp-content\/uploads\/2025\/01\/JUVP-logo.png","contentUrl":"https:\/\/www.waterskis.lv\/wp-content\/uploads\/2025\/01\/JUVP-logo.png","width":421,"height":202,"caption":"WATERSKIS.LV"},"image":{"@id":"https:\/\/www.waterskis.lv\/en\/#\/schema\/logo\/image\/"},"sameAs":["https:\/\/www.facebook.com\/jurmalawaterskiwakeboardpark\/"]}]}},"_links":{"self":[{"href":"https:\/\/www.waterskis.lv\/en\/wp-json\/wp\/v2\/product\/51370","targetHints":{"allow":["GET"]}}],"collection":[{"href":"https:\/\/www.waterskis.lv\/en\/wp-json\/wp\/v2\/product"}],"about":[{"href":"https:\/\/www.waterskis.lv\/en\/wp-json\/wp\/v2\/types\/product"}],"replies":[{"embeddable":true,"href":"https:\/\/www.waterskis.lv\/en\/wp-json\/wp\/v2\/comments?post=51370"}],"wp:featuredmedia":[{"embeddable":true,"href":"https:\/\/www.waterskis.lv\/en\/wp-json\/wp\/v2\/media\/51368"}],"wp:attachment":[{"href":"https:\/\/www.waterskis.lv\/en\/wp-json\/wp\/v2\/media?parent=51370"}],"wp:term":[{"taxonomy":"product_brand","embeddable":true,"href":"https:\/\/www.waterskis.lv\/en\/wp-json\/wp\/v2\/product_brand?post=51370"},{"taxonomy":"product_cat","embeddable":true,"href":"https:\/\/www.waterskis.lv\/en\/wp-json\/wp\/v2\/product_cat?post=51370"},{"taxonomy":"product_tag","embeddable":true,"href":"https:\/\/www.waterskis.lv\/en\/wp-json\/wp\/v2\/product_tag?post=51370"}],"curies":[{"name":"wp","href":"https:\/\/api.w.org\/{rel}","templated":true}]}}