{"id":51377,"date":"2023-02-02T18:40:34","date_gmt":"2023-02-02T15:40:34","guid":{"rendered":"https:\/\/www.waterskis.lv\/product\/connelly-convertible-4-towable-fun-tube-2\/"},"modified":"2026-01-30T14:47:30","modified_gmt":"2026-01-30T12:47:30","slug":"aiz-laivas-velkams-puslis-connelly-convertible-4-towable-fun-tube","status":"publish","type":"product","link":"https:\/\/www.waterskis.lv\/en\/product\/aiz-laivas-velkams-puslis-connelly-convertible-4-towable-fun-tube\/","title":{"rendered":"Aiz laivas velkams p\u016bslis CONNELLY CONVERTIBLE 4 TOWABLE FUN TUBE"},"content":{"rendered":"<h1>Aiz laivas velkams p\u016bslis CONNELLY CONVERTIBLE 4 TOWABLE FUN TUBE<\/h1>\n<p>Aiz laivas velkams p\u016bslis CONNELLY CONVERTIBLE 4 TOWABLE FUN TUBE<\/p>\n<div class=\"AxqVh\">\n<div class=\"OPPzxe\">\n<div class=\"QcsUad BDJ8fb BLojaf sMVRZe hCXDsb wneUed\">\n<div class=\"usGWQd\">\n<div class=\"KkbLmb\">\n<div class=\"lRu31\" dir=\"ltr\"><span class=\"HwtZe\" lang=\"lv\"><span class=\"jCAhz ChMk0b\"><span class=\"ryNqvb\">Konusveida ieliektas kl\u0101ja caurules \u012bpa\u0161\u012bbas <\/span><\/span><span class=\"jCAhz ChMk0b\"><span class=\"ryNqvb\">70&#8243; L x 80&#8243; W (izlaists), iepriek\u0161 samont\u0113ts ar 1 gada garantiju <\/span><\/span><span class=\"jCAhz ChMk0b\"><span class=\"ryNqvb\">4 raid\u012bt\u0101ja caurules ar ieliektu aug\u0161\u0113jo kl\u0101ja formu ar zemu smaguma centru <\/span><\/span><span class=\"jCAhz ChMk0b\"><span class=\"ryNqvb\">&#8220;D&#8221; forma ar konusveida dizainu no priek\u0161puses uz aizmuguri <\/span><\/span><span class=\"jCAhz ChMk0b\"><span class=\"ryNqvb\">840D neilona p\u0101rvalks ar diviem m\u012bkstiem EVA putu spilventi\u0146iem <\/span><\/span><span class=\"jCAhz ChMk0b\"><span class=\"ryNqvb\">8 piln\u012bb\u0101 polster\u0113ti rokturi ar roku sargiem un 1 iek\u0101p\u0161anas siksna <\/span><\/span><span class=\"jCAhz ChMk0b\"><span class=\"ryNqvb\">Boston v\u0101rsts vieglai piep\u016b\u0161anai un \u0101tras savieno\u0161anas caurules troses stiprin\u0101jumam <\/span><\/span><span class=\"jCAhz ChMk0b\"><span class=\"ryNqvb\">P\u0101rkl\u0101ts sieta dibens novada lieko \u016bdeni <\/span><\/span><span class=\"jCAhz ChMk0b\"><span class=\"ryNqvb\">Iek\u013cauts remonta komplekts<\/span><\/span><\/span><\/div>\n<\/div>\n<\/div>\n<\/div>\n<\/div>\n<\/div>\n<div class=\"HWmS8\"><\/div>\n<p>&nbsp;<\/p>\n<p><strong>Tapered Concave Deck Tube Features<\/strong><\/p>\n<ul>\n<li>70&#8243; L x 80&#8243; W (deflated), pre-assembled with a 1-year warranty<\/li>\n<li>4 rider tubes with concave top deck shaping with a low center of gravity<\/li>\n<li>&#8220;D&#8221; shaped with a tapered front-to-back design<\/li>\n<li>840D Nylon cover with two soft EVA foam pads<\/li>\n<li>8 fully padded handles with knuckle guards and 1 boarding strap<\/li>\n<li>Boston valve for easy inflation, and quick connect tube rope attachment<\/li>\n<li>Covered mesh bottom drains excess water<\/li>\n<li>Peel and stick repair kit included<\/li>\n<\/ul>\n","protected":false},"excerpt":{"rendered":"<p>Aiz laivas velkams p\u016bslis CONNELLY CONVERTIBLE 4 TOWABLE FUN TUBE Aiz laivas velkams p\u016bslis CONNELLY CONVERTIBLE 4 TOWABLE FUN TUBE Konusveida ieliektas kl\u0101ja caurules \u012bpa\u0161\u012bbas 70&#8243; L x 80&#8243; W (izlaists), iepriek\u0161 samont\u0113ts ar 1 gada garantiju 4 raid\u012bt\u0101ja caurules ar ieliektu aug\u0161\u0113jo kl\u0101ja formu ar zemu smaguma centru &#8220;D&#8221; forma ar konusveida dizainu no [&#8230;]<\/p>\n<p><a class=\"btn btn-secondary understrap-read-more-link\" href=\"https:\/\/www.waterskis.lv\/en\/product\/aiz-laivas-velkams-puslis-connelly-convertible-4-towable-fun-tube\/\">Read More&#8230;<\/a><\/p>\n","protected":false},"featured_media":51375,"comment_status":"closed","ping_status":"closed","template":"","meta":{"_acf_changed":false,"inline_featured_image":false},"product_brand":[1280],"product_cat":[967,361,380],"product_tag":[1414,2665,3074,3075],"class_list":{"0":"post-51377","1":"product","2":"type-product","3":"status-publish","4":"has-post-thumbnail","6":"product_brand-connelly-water-sports","7":"product_cat-4-rider-tubes","8":"product_cat-sale","9":"product_cat-towables","10":"product_tag-aiz-laivas-velkams-puslis","11":"product_tag-connelly-piepusams-puslis-ar-atlaidi","12":"product_tag-inflatable-towable-tube","13":"product_tag-3075","15":"first","16":"instock","17":"sale","18":"shipping-taxable","19":"purchasable","20":"product-type-simple"},"acf":[],"yoast_head":"<!-- This site is optimized with the Yoast SEO plugin v27.5 - https:\/\/yoast.com\/product\/yoast-seo-wordpress\/ -->\n<title>Aiz laivas velkams p\u016bslis CONNELLY CONVERTIBLE 4 TOWABLE FUN TUBE - WATERSKIS.LV<\/title>\n<meta name=\"description\" content=\"Aiz laivas velkams p\u016bslis CONNELLY CONVERTIBLE 4 TOWABLE FUN TUBE. \u010cetrviet\u012bgs piep\u016b\u0161ams p\u016bslis no ASV \u016bdenssporta pre\u010du ra\u017eot\u0101ja\" \/>\n<meta name=\"robots\" content=\"index, follow, max-snippet:-1, max-image-preview:large, max-video-preview:-1\" \/>\n<link rel=\"canonical\" href=\"https:\/\/www.waterskis.lv\/en\/product\/aiz-laivas-velkams-puslis-connelly-convertible-4-towable-fun-tube\/\" \/>\n<meta property=\"og:locale\" content=\"en_US\" \/>\n<meta property=\"og:type\" content=\"article\" \/>\n<meta property=\"og:title\" content=\"Aiz laivas velkams p\u016bslis CONNELLY CONVERTIBLE 4 TOWABLE FUN TUBE - WATERSKIS.LV\" \/>\n<meta property=\"og:description\" content=\"Aiz laivas velkams p\u016bslis CONNELLY CONVERTIBLE 4 TOWABLE FUN TUBE. \u010cetrviet\u012bgs piep\u016b\u0161ams p\u016bslis no ASV \u016bdenssporta pre\u010du ra\u017eot\u0101ja\" \/>\n<meta property=\"og:url\" content=\"https:\/\/www.waterskis.lv\/en\/product\/aiz-laivas-velkams-puslis-connelly-convertible-4-towable-fun-tube\/\" \/>\n<meta property=\"og:site_name\" content=\"WATERSKIS.LV\" \/>\n<meta property=\"article:publisher\" content=\"https:\/\/www.facebook.com\/jurmalawaterskiwakeboardpark\/\" \/>\n<meta property=\"article:modified_time\" content=\"2026-01-30T12:47:30+00:00\" \/>\n<meta property=\"og:image\" content=\"https:\/\/www.waterskis.lv\/wp-content\/uploads\/2023\/02\/2021_convertible_-_top.jpg\" \/>\n\t<meta property=\"og:image:width\" content=\"650\" \/>\n\t<meta property=\"og:image:height\" content=\"650\" \/>\n\t<meta property=\"og:image:type\" content=\"image\/jpeg\" \/>\n<meta name=\"twitter:card\" content=\"summary_large_image\" \/>\n<meta name=\"twitter:label1\" content=\"Est. reading time\" \/>\n\t<meta name=\"twitter:data1\" content=\"1 minute\" \/>\n<script type=\"application\/ld+json\" class=\"yoast-schema-graph\">{\"@context\":\"https:\\\/\\\/schema.org\",\"@graph\":[{\"@type\":\"WebPage\",\"@id\":\"https:\\\/\\\/www.waterskis.lv\\\/en\\\/product\\\/aiz-laivas-velkams-puslis-connelly-convertible-4-towable-fun-tube\\\/\",\"url\":\"https:\\\/\\\/www.waterskis.lv\\\/en\\\/product\\\/aiz-laivas-velkams-puslis-connelly-convertible-4-towable-fun-tube\\\/\",\"name\":\"Aiz laivas velkams p\u016bslis CONNELLY CONVERTIBLE 4 TOWABLE FUN TUBE - WATERSKIS.LV\",\"isPartOf\":{\"@id\":\"https:\\\/\\\/www.waterskis.lv\\\/en\\\/#website\"},\"primaryImageOfPage\":{\"@id\":\"https:\\\/\\\/www.waterskis.lv\\\/en\\\/product\\\/aiz-laivas-velkams-puslis-connelly-convertible-4-towable-fun-tube\\\/#primaryimage\"},\"image\":{\"@id\":\"https:\\\/\\\/www.waterskis.lv\\\/en\\\/product\\\/aiz-laivas-velkams-puslis-connelly-convertible-4-towable-fun-tube\\\/#primaryimage\"},\"thumbnailUrl\":\"https:\\\/\\\/www.waterskis.lv\\\/wp-content\\\/uploads\\\/2023\\\/02\\\/2021_convertible_-_top.jpg\",\"datePublished\":\"2023-02-02T15:40:34+00:00\",\"dateModified\":\"2026-01-30T12:47:30+00:00\",\"description\":\"Aiz laivas velkams p\u016bslis CONNELLY CONVERTIBLE 4 TOWABLE FUN TUBE. \u010cetrviet\u012bgs piep\u016b\u0161ams p\u016bslis no ASV \u016bdenssporta pre\u010du ra\u017eot\u0101ja\",\"breadcrumb\":{\"@id\":\"https:\\\/\\\/www.waterskis.lv\\\/en\\\/product\\\/aiz-laivas-velkams-puslis-connelly-convertible-4-towable-fun-tube\\\/#breadcrumb\"},\"inLanguage\":\"en-US\",\"potentialAction\":[{\"@type\":\"ReadAction\",\"target\":[\"https:\\\/\\\/www.waterskis.lv\\\/en\\\/product\\\/aiz-laivas-velkams-puslis-connelly-convertible-4-towable-fun-tube\\\/\"]}]},{\"@type\":\"ImageObject\",\"inLanguage\":\"en-US\",\"@id\":\"https:\\\/\\\/www.waterskis.lv\\\/en\\\/product\\\/aiz-laivas-velkams-puslis-connelly-convertible-4-towable-fun-tube\\\/#primaryimage\",\"url\":\"https:\\\/\\\/www.waterskis.lv\\\/wp-content\\\/uploads\\\/2023\\\/02\\\/2021_convertible_-_top.jpg\",\"contentUrl\":\"https:\\\/\\\/www.waterskis.lv\\\/wp-content\\\/uploads\\\/2023\\\/02\\\/2021_convertible_-_top.jpg\",\"width\":650,\"height\":650,\"caption\":\"CONNELLY CONVERTIBLE 4 TOWABLE FUN TUBE\"},{\"@type\":\"BreadcrumbList\",\"@id\":\"https:\\\/\\\/www.waterskis.lv\\\/en\\\/product\\\/aiz-laivas-velkams-puslis-connelly-convertible-4-towable-fun-tube\\\/#breadcrumb\",\"itemListElement\":[{\"@type\":\"ListItem\",\"position\":1,\"name\":\"Home\",\"item\":\"https:\\\/\\\/www.waterskis.lv\\\/en\\\/\"},{\"@type\":\"ListItem\",\"position\":2,\"name\":\"Shop\",\"item\":\"https:\\\/\\\/waterskis.lv\\\/en\\\/shop\\\/\"},{\"@type\":\"ListItem\",\"position\":3,\"name\":\"Aiz laivas velkams p\u016bslis CONNELLY CONVERTIBLE 4 TOWABLE FUN TUBE\"}]},{\"@type\":\"WebSite\",\"@id\":\"https:\\\/\\\/www.waterskis.lv\\\/en\\\/#website\",\"url\":\"https:\\\/\\\/www.waterskis.lv\\\/en\\\/\",\"name\":\"WATERSKIS.LV\",\"description\":\"SUP d\u0113\u013ci, kajaki, kanoe, airu laivas, \u016bdenssl\u0113po\u0161ana, veikbords, SUP d\u0113\u013cu noma, kajaku nomaakt\u012bv\u0101s atp\u016btas centrs, laivu noma, sup noma, kajaku noma\",\"publisher\":{\"@id\":\"https:\\\/\\\/www.waterskis.lv\\\/en\\\/#organization\"},\"potentialAction\":[{\"@type\":\"SearchAction\",\"target\":{\"@type\":\"EntryPoint\",\"urlTemplate\":\"https:\\\/\\\/www.waterskis.lv\\\/en\\\/?s={search_term_string}\"},\"query-input\":{\"@type\":\"PropertyValueSpecification\",\"valueRequired\":true,\"valueName\":\"search_term_string\"}}],\"inLanguage\":\"en-US\"},{\"@type\":\"Organization\",\"@id\":\"https:\\\/\\\/www.waterskis.lv\\\/en\\\/#organization\",\"name\":\"WATERSKIS.LV\",\"url\":\"https:\\\/\\\/www.waterskis.lv\\\/en\\\/\",\"logo\":{\"@type\":\"ImageObject\",\"inLanguage\":\"en-US\",\"@id\":\"https:\\\/\\\/www.waterskis.lv\\\/en\\\/#\\\/schema\\\/logo\\\/image\\\/\",\"url\":\"https:\\\/\\\/www.waterskis.lv\\\/wp-content\\\/uploads\\\/2025\\\/01\\\/JUVP-logo.png\",\"contentUrl\":\"https:\\\/\\\/www.waterskis.lv\\\/wp-content\\\/uploads\\\/2025\\\/01\\\/JUVP-logo.png\",\"width\":421,\"height\":202,\"caption\":\"WATERSKIS.LV\"},\"image\":{\"@id\":\"https:\\\/\\\/www.waterskis.lv\\\/en\\\/#\\\/schema\\\/logo\\\/image\\\/\"},\"sameAs\":[\"https:\\\/\\\/www.facebook.com\\\/jurmalawaterskiwakeboardpark\\\/\"]}]}<\/script>\n<!-- \/ Yoast SEO plugin. -->","yoast_head_json":{"title":"Aiz laivas velkams p\u016bslis CONNELLY CONVERTIBLE 4 TOWABLE FUN TUBE - WATERSKIS.LV","description":"Aiz laivas velkams p\u016bslis CONNELLY CONVERTIBLE 4 TOWABLE FUN TUBE. \u010cetrviet\u012bgs piep\u016b\u0161ams p\u016bslis no ASV \u016bdenssporta pre\u010du ra\u017eot\u0101ja","robots":{"index":"index","follow":"follow","max-snippet":"max-snippet:-1","max-image-preview":"max-image-preview:large","max-video-preview":"max-video-preview:-1"},"canonical":"https:\/\/www.waterskis.lv\/en\/product\/aiz-laivas-velkams-puslis-connelly-convertible-4-towable-fun-tube\/","og_locale":"en_US","og_type":"article","og_title":"Aiz laivas velkams p\u016bslis CONNELLY CONVERTIBLE 4 TOWABLE FUN TUBE - WATERSKIS.LV","og_description":"Aiz laivas velkams p\u016bslis CONNELLY CONVERTIBLE 4 TOWABLE FUN TUBE. \u010cetrviet\u012bgs piep\u016b\u0161ams p\u016bslis no ASV \u016bdenssporta pre\u010du ra\u017eot\u0101ja","og_url":"https:\/\/www.waterskis.lv\/en\/product\/aiz-laivas-velkams-puslis-connelly-convertible-4-towable-fun-tube\/","og_site_name":"WATERSKIS.LV","article_publisher":"https:\/\/www.facebook.com\/jurmalawaterskiwakeboardpark\/","article_modified_time":"2026-01-30T12:47:30+00:00","og_image":[{"width":650,"height":650,"url":"https:\/\/www.waterskis.lv\/wp-content\/uploads\/2023\/02\/2021_convertible_-_top.jpg","type":"image\/jpeg"}],"twitter_card":"summary_large_image","twitter_misc":{"Est. reading time":"1 minute"},"schema":{"@context":"https:\/\/schema.org","@graph":[{"@type":"WebPage","@id":"https:\/\/www.waterskis.lv\/en\/product\/aiz-laivas-velkams-puslis-connelly-convertible-4-towable-fun-tube\/","url":"https:\/\/www.waterskis.lv\/en\/product\/aiz-laivas-velkams-puslis-connelly-convertible-4-towable-fun-tube\/","name":"Aiz laivas velkams p\u016bslis CONNELLY CONVERTIBLE 4 TOWABLE FUN TUBE - WATERSKIS.LV","isPartOf":{"@id":"https:\/\/www.waterskis.lv\/en\/#website"},"primaryImageOfPage":{"@id":"https:\/\/www.waterskis.lv\/en\/product\/aiz-laivas-velkams-puslis-connelly-convertible-4-towable-fun-tube\/#primaryimage"},"image":{"@id":"https:\/\/www.waterskis.lv\/en\/product\/aiz-laivas-velkams-puslis-connelly-convertible-4-towable-fun-tube\/#primaryimage"},"thumbnailUrl":"https:\/\/www.waterskis.lv\/wp-content\/uploads\/2023\/02\/2021_convertible_-_top.jpg","datePublished":"2023-02-02T15:40:34+00:00","dateModified":"2026-01-30T12:47:30+00:00","description":"Aiz laivas velkams p\u016bslis CONNELLY CONVERTIBLE 4 TOWABLE FUN TUBE. \u010cetrviet\u012bgs piep\u016b\u0161ams p\u016bslis no ASV \u016bdenssporta pre\u010du ra\u017eot\u0101ja","breadcrumb":{"@id":"https:\/\/www.waterskis.lv\/en\/product\/aiz-laivas-velkams-puslis-connelly-convertible-4-towable-fun-tube\/#breadcrumb"},"inLanguage":"en-US","potentialAction":[{"@type":"ReadAction","target":["https:\/\/www.waterskis.lv\/en\/product\/aiz-laivas-velkams-puslis-connelly-convertible-4-towable-fun-tube\/"]}]},{"@type":"ImageObject","inLanguage":"en-US","@id":"https:\/\/www.waterskis.lv\/en\/product\/aiz-laivas-velkams-puslis-connelly-convertible-4-towable-fun-tube\/#primaryimage","url":"https:\/\/www.waterskis.lv\/wp-content\/uploads\/2023\/02\/2021_convertible_-_top.jpg","contentUrl":"https:\/\/www.waterskis.lv\/wp-content\/uploads\/2023\/02\/2021_convertible_-_top.jpg","width":650,"height":650,"caption":"CONNELLY CONVERTIBLE 4 TOWABLE FUN TUBE"},{"@type":"BreadcrumbList","@id":"https:\/\/www.waterskis.lv\/en\/product\/aiz-laivas-velkams-puslis-connelly-convertible-4-towable-fun-tube\/#breadcrumb","itemListElement":[{"@type":"ListItem","position":1,"name":"Home","item":"https:\/\/www.waterskis.lv\/en\/"},{"@type":"ListItem","position":2,"name":"Shop","item":"https:\/\/waterskis.lv\/en\/shop\/"},{"@type":"ListItem","position":3,"name":"Aiz laivas velkams p\u016bslis CONNELLY CONVERTIBLE 4 TOWABLE FUN TUBE"}]},{"@type":"WebSite","@id":"https:\/\/www.waterskis.lv\/en\/#website","url":"https:\/\/www.waterskis.lv\/en\/","name":"WATERSKIS.LV","description":"SUP d\u0113\u013ci, kajaki, kanoe, airu laivas, \u016bdenssl\u0113po\u0161ana, veikbords, SUP d\u0113\u013cu noma, kajaku nomaakt\u012bv\u0101s atp\u016btas centrs, laivu noma, sup noma, kajaku noma","publisher":{"@id":"https:\/\/www.waterskis.lv\/en\/#organization"},"potentialAction":[{"@type":"SearchAction","target":{"@type":"EntryPoint","urlTemplate":"https:\/\/www.waterskis.lv\/en\/?s={search_term_string}"},"query-input":{"@type":"PropertyValueSpecification","valueRequired":true,"valueName":"search_term_string"}}],"inLanguage":"en-US"},{"@type":"Organization","@id":"https:\/\/www.waterskis.lv\/en\/#organization","name":"WATERSKIS.LV","url":"https:\/\/www.waterskis.lv\/en\/","logo":{"@type":"ImageObject","inLanguage":"en-US","@id":"https:\/\/www.waterskis.lv\/en\/#\/schema\/logo\/image\/","url":"https:\/\/www.waterskis.lv\/wp-content\/uploads\/2025\/01\/JUVP-logo.png","contentUrl":"https:\/\/www.waterskis.lv\/wp-content\/uploads\/2025\/01\/JUVP-logo.png","width":421,"height":202,"caption":"WATERSKIS.LV"},"image":{"@id":"https:\/\/www.waterskis.lv\/en\/#\/schema\/logo\/image\/"},"sameAs":["https:\/\/www.facebook.com\/jurmalawaterskiwakeboardpark\/"]}]}},"_links":{"self":[{"href":"https:\/\/www.waterskis.lv\/en\/wp-json\/wp\/v2\/product\/51377","targetHints":{"allow":["GET"]}}],"collection":[{"href":"https:\/\/www.waterskis.lv\/en\/wp-json\/wp\/v2\/product"}],"about":[{"href":"https:\/\/www.waterskis.lv\/en\/wp-json\/wp\/v2\/types\/product"}],"replies":[{"embeddable":true,"href":"https:\/\/www.waterskis.lv\/en\/wp-json\/wp\/v2\/comments?post=51377"}],"wp:featuredmedia":[{"embeddable":true,"href":"https:\/\/www.waterskis.lv\/en\/wp-json\/wp\/v2\/media\/51375"}],"wp:attachment":[{"href":"https:\/\/www.waterskis.lv\/en\/wp-json\/wp\/v2\/media?parent=51377"}],"wp:term":[{"taxonomy":"product_brand","embeddable":true,"href":"https:\/\/www.waterskis.lv\/en\/wp-json\/wp\/v2\/product_brand?post=51377"},{"taxonomy":"product_cat","embeddable":true,"href":"https:\/\/www.waterskis.lv\/en\/wp-json\/wp\/v2\/product_cat?post=51377"},{"taxonomy":"product_tag","embeddable":true,"href":"https:\/\/www.waterskis.lv\/en\/wp-json\/wp\/v2\/product_tag?post=51377"}],"curies":[{"name":"wp","href":"https:\/\/api.w.org\/{rel}","templated":true}]}}