{"id":51391,"date":"2023-02-02T19:16:47","date_gmt":"2023-02-02T16:16:47","guid":{"rendered":"https:\/\/www.waterskis.lv\/product\/proline-60-3-8-tube-rope-w-floats\/"},"modified":"2026-01-31T12:38:31","modified_gmt":"2026-01-31T10:38:31","slug":"aiz-laivas-velkamo-puslu-virve-proline-60-3-8-tube-rope-w-floats","status":"publish","type":"product","link":"https:\/\/www.waterskis.lv\/en\/product\/aiz-laivas-velkamo-puslu-virve-proline-60-3-8-tube-rope-w-floats\/","title":{"rendered":"Aiz laivas velkamo p\u016b\u0161\u013cu virve PROLINE 60&#8242; 3\/8&#8221; TUBE ROPE W\/FLOATS"},"content":{"rendered":"<h1>Aiz laivas velkamo p\u016b\u0161\u013cu virve PROLINE 60&#8242; 3\/8&#8221; TUBE ROPE W\/FLOATS<\/h1>\n<p>Aiz laivas velkamo p\u016b\u0161\u013cu virve PROLINE 60&#8242; 3\/8&#8221; TUBE ROPE W\/FLOATS<\/p>\n<p><span class=\"jCAhz ChMk0b\"><span class=\"ryNqvb\">60&#8242; 2-personu caurules virve <\/span><\/span><span class=\"jCAhz ChMk0b\"><span class=\"ryNqvb\">3\/8\u201d Poly-E virve ieteicama l\u012bdz 2 brauc\u0113jiem <\/span><\/span><span class=\"jCAhz ChMk0b\"><span class=\"ryNqvb\">Minim\u0101la stiep\u0161an\u0101s, dro\u0161a un iztur\u012bga ar UV aizsardz\u012bbu <\/span><\/span><span class=\"jCAhz ChMk0b\"><span class=\"ryNqvb\">Dro\u0161\u012bbas pludi\u0146\u0161 garant\u0113tai peldsp\u0113jai <\/span><\/span><span class=\"jCAhz ChMk0b\"><span class=\"ryNqvb\">Ietver virvju tur\u0113t\u0101ju \u0113rtai novieto\u0161anai un uzglab\u0101\u0161anai<\/span><\/span><\/p>\n<p>&nbsp;<\/p>\n<p><em>60&#8242; 2-Person Tube Rope<\/em><\/p>\n<ul>\n<li>3\/8\u201d Poly-E rope recommended up to 2 riders<\/li>\n<li>Minimal stretch, safe, and durable w\/UV protection<\/li>\n<li>Safety float for guaranteed buoyancy<\/li>\n<li>Includes rope keeper for easy stowage and storage<\/li>\n<\/ul>\n","protected":false},"excerpt":{"rendered":"<p>Aiz laivas velkamo p\u016b\u0161\u013cu virve PROLINE 60&#8242; 3\/8&#8221; TUBE ROPE W\/FLOATS Aiz laivas velkamo p\u016b\u0161\u013cu virve PROLINE 60&#8242; 3\/8&#8221; TUBE ROPE W\/FLOATS 60&#8242; 2-personu caurules virve 3\/8\u201d Poly-E virve ieteicama l\u012bdz 2 brauc\u0113jiem Minim\u0101la stiep\u0161an\u0101s, dro\u0161a un iztur\u012bga ar UV aizsardz\u012bbu Dro\u0161\u012bbas pludi\u0146\u0161 garant\u0113tai peldsp\u0113jai Ietver virvju tur\u0113t\u0101ju \u0113rtai novieto\u0161anai un uzglab\u0101\u0161anai &nbsp; 60&#8242; 2-Person [&#8230;]<\/p>\n<p><a class=\"btn btn-secondary understrap-read-more-link\" href=\"https:\/\/www.waterskis.lv\/en\/product\/aiz-laivas-velkamo-puslu-virve-proline-60-3-8-tube-rope-w-floats\/\">Read More&#8230;<\/a><\/p>\n","protected":false},"featured_media":51387,"comment_status":"closed","ping_status":"closed","template":"","meta":{"_acf_changed":false,"inline_featured_image":false},"product_brand":[2631],"product_cat":[969,380],"product_tag":[2672,3083,1550,3084],"class_list":{"0":"post-51391","1":"product","2":"type-product","3":"status-publish","4":"has-post-thumbnail","6":"product_brand-proline","7":"product_cat-ropes-accessories","8":"product_cat-towables","9":"product_tag-proline-aiz-laivas-velkamo-puslu-virve","10":"product_tag-rope","11":"product_tag-towable-rope","12":"product_tag-3084","14":"first","15":"instock","16":"shipping-taxable","17":"purchasable","18":"product-type-simple"},"acf":[],"yoast_head":"<!-- This site is optimized with the Yoast SEO plugin v27.3 - https:\/\/yoast.com\/product\/yoast-seo-wordpress\/ -->\n<title>Aiz laivas velkamo p\u016b\u0161\u013cu virve PROLINE 60&#039; 3\/8&#039;&#039; TUBE ROPE W\/FLOATS - WATERSKIS.LV<\/title>\n<meta name=\"description\" content=\"Aiz laivas velkamo p\u016b\u0161\u013cu virve PROLINE 60&#039; 3\/8&#039;&#039; TUBE ROPE W\/FLOATS. virve 3\/8\u201d Poly-E virve ieteicama l\u012bdz 2 brauc\u0113jiem Min. stiep\u0161an\u0101s, dro\u0161a, iztur\u012bga UV\" \/>\n<meta name=\"robots\" content=\"index, follow, max-snippet:-1, max-image-preview:large, max-video-preview:-1\" \/>\n<link rel=\"canonical\" href=\"https:\/\/www.waterskis.lv\/en\/product\/aiz-laivas-velkamo-puslu-virve-proline-60-3-8-tube-rope-w-floats\/\" \/>\n<meta property=\"og:locale\" content=\"en_US\" \/>\n<meta property=\"og:type\" content=\"article\" \/>\n<meta property=\"og:title\" content=\"Aiz laivas velkamo p\u016b\u0161\u013cu virve PROLINE 60&#039; 3\/8&#039;&#039; TUBE ROPE W\/FLOATS - WATERSKIS.LV\" \/>\n<meta property=\"og:description\" content=\"Aiz laivas velkamo p\u016b\u0161\u013cu virve PROLINE 60&#039; 3\/8&#039;&#039; TUBE ROPE W\/FLOATS. virve 3\/8\u201d Poly-E virve ieteicama l\u012bdz 2 brauc\u0113jiem Min. stiep\u0161an\u0101s, dro\u0161a, iztur\u012bga UV\" \/>\n<meta property=\"og:url\" content=\"https:\/\/www.waterskis.lv\/en\/product\/aiz-laivas-velkamo-puslu-virve-proline-60-3-8-tube-rope-w-floats\/\" \/>\n<meta property=\"og:site_name\" content=\"WATERSKIS.LV\" \/>\n<meta property=\"article:publisher\" content=\"https:\/\/www.facebook.com\/jurmalawaterskiwakeboardpark\/\" \/>\n<meta property=\"article:modified_time\" content=\"2026-01-31T10:38:31+00:00\" \/>\n<meta property=\"og:image\" content=\"https:\/\/www.waterskis.lv\/wp-content\/uploads\/2023\/02\/Connelly3-8floats.jpg\" \/>\n\t<meta property=\"og:image:width\" content=\"840\" \/>\n\t<meta property=\"og:image:height\" content=\"840\" \/>\n\t<meta property=\"og:image:type\" content=\"image\/jpeg\" \/>\n<meta name=\"twitter:card\" content=\"summary_large_image\" \/>\n<meta name=\"twitter:label1\" content=\"Est. reading time\" \/>\n\t<meta name=\"twitter:data1\" content=\"1 minute\" \/>\n<script type=\"application\/ld+json\" class=\"yoast-schema-graph\">{\"@context\":\"https:\\\/\\\/schema.org\",\"@graph\":[{\"@type\":\"WebPage\",\"@id\":\"https:\\\/\\\/www.waterskis.lv\\\/en\\\/product\\\/aiz-laivas-velkamo-puslu-virve-proline-60-3-8-tube-rope-w-floats\\\/\",\"url\":\"https:\\\/\\\/www.waterskis.lv\\\/en\\\/product\\\/aiz-laivas-velkamo-puslu-virve-proline-60-3-8-tube-rope-w-floats\\\/\",\"name\":\"Aiz laivas velkamo p\u016b\u0161\u013cu virve PROLINE 60' 3\\\/8'' TUBE ROPE W\\\/FLOATS - WATERSKIS.LV\",\"isPartOf\":{\"@id\":\"https:\\\/\\\/www.waterskis.lv\\\/en\\\/#website\"},\"primaryImageOfPage\":{\"@id\":\"https:\\\/\\\/www.waterskis.lv\\\/en\\\/product\\\/aiz-laivas-velkamo-puslu-virve-proline-60-3-8-tube-rope-w-floats\\\/#primaryimage\"},\"image\":{\"@id\":\"https:\\\/\\\/www.waterskis.lv\\\/en\\\/product\\\/aiz-laivas-velkamo-puslu-virve-proline-60-3-8-tube-rope-w-floats\\\/#primaryimage\"},\"thumbnailUrl\":\"https:\\\/\\\/www.waterskis.lv\\\/wp-content\\\/uploads\\\/2023\\\/02\\\/Connelly3-8floats.jpg\",\"datePublished\":\"2023-02-02T16:16:47+00:00\",\"dateModified\":\"2026-01-31T10:38:31+00:00\",\"description\":\"Aiz laivas velkamo p\u016b\u0161\u013cu virve PROLINE 60' 3\\\/8'' TUBE ROPE W\\\/FLOATS. virve 3\\\/8\u201d Poly-E virve ieteicama l\u012bdz 2 brauc\u0113jiem Min. stiep\u0161an\u0101s, dro\u0161a, iztur\u012bga UV\",\"breadcrumb\":{\"@id\":\"https:\\\/\\\/www.waterskis.lv\\\/en\\\/product\\\/aiz-laivas-velkamo-puslu-virve-proline-60-3-8-tube-rope-w-floats\\\/#breadcrumb\"},\"inLanguage\":\"en-US\",\"potentialAction\":[{\"@type\":\"ReadAction\",\"target\":[\"https:\\\/\\\/www.waterskis.lv\\\/en\\\/product\\\/aiz-laivas-velkamo-puslu-virve-proline-60-3-8-tube-rope-w-floats\\\/\"]}]},{\"@type\":\"ImageObject\",\"inLanguage\":\"en-US\",\"@id\":\"https:\\\/\\\/www.waterskis.lv\\\/en\\\/product\\\/aiz-laivas-velkamo-puslu-virve-proline-60-3-8-tube-rope-w-floats\\\/#primaryimage\",\"url\":\"https:\\\/\\\/www.waterskis.lv\\\/wp-content\\\/uploads\\\/2023\\\/02\\\/Connelly3-8floats.jpg\",\"contentUrl\":\"https:\\\/\\\/www.waterskis.lv\\\/wp-content\\\/uploads\\\/2023\\\/02\\\/Connelly3-8floats.jpg\",\"width\":840,\"height\":840,\"caption\":\"PROLINE 60' 3\\\/8'' TUBE ROPE W\\\/FLOATS\"},{\"@type\":\"BreadcrumbList\",\"@id\":\"https:\\\/\\\/www.waterskis.lv\\\/en\\\/product\\\/aiz-laivas-velkamo-puslu-virve-proline-60-3-8-tube-rope-w-floats\\\/#breadcrumb\",\"itemListElement\":[{\"@type\":\"ListItem\",\"position\":1,\"name\":\"Home\",\"item\":\"https:\\\/\\\/www.waterskis.lv\\\/en\\\/\"},{\"@type\":\"ListItem\",\"position\":2,\"name\":\"Shop\",\"item\":\"https:\\\/\\\/waterskis.lv\\\/en\\\/shop\\\/\"},{\"@type\":\"ListItem\",\"position\":3,\"name\":\"Aiz laivas velkamo p\u016b\u0161\u013cu virve PROLINE 60&#8242; 3\\\/8&#8221; TUBE ROPE W\\\/FLOATS\"}]},{\"@type\":\"WebSite\",\"@id\":\"https:\\\/\\\/www.waterskis.lv\\\/en\\\/#website\",\"url\":\"https:\\\/\\\/www.waterskis.lv\\\/en\\\/\",\"name\":\"WATERSKIS.LV\",\"description\":\"SUP d\u0113\u013ci, kajaki, kanoe, airu laivas, \u016bdenssl\u0113po\u0161ana, veikbords, SUP d\u0113\u013cu noma, kajaku nomaakt\u012bv\u0101s atp\u016btas centrs, laivu noma, sup noma, kajaku noma\",\"publisher\":{\"@id\":\"https:\\\/\\\/www.waterskis.lv\\\/en\\\/#organization\"},\"potentialAction\":[{\"@type\":\"SearchAction\",\"target\":{\"@type\":\"EntryPoint\",\"urlTemplate\":\"https:\\\/\\\/www.waterskis.lv\\\/en\\\/?s={search_term_string}\"},\"query-input\":{\"@type\":\"PropertyValueSpecification\",\"valueRequired\":true,\"valueName\":\"search_term_string\"}}],\"inLanguage\":\"en-US\"},{\"@type\":\"Organization\",\"@id\":\"https:\\\/\\\/www.waterskis.lv\\\/en\\\/#organization\",\"name\":\"WATERSKIS.LV\",\"url\":\"https:\\\/\\\/www.waterskis.lv\\\/en\\\/\",\"logo\":{\"@type\":\"ImageObject\",\"inLanguage\":\"en-US\",\"@id\":\"https:\\\/\\\/www.waterskis.lv\\\/en\\\/#\\\/schema\\\/logo\\\/image\\\/\",\"url\":\"https:\\\/\\\/www.waterskis.lv\\\/wp-content\\\/uploads\\\/2025\\\/01\\\/JUVP-logo.png\",\"contentUrl\":\"https:\\\/\\\/www.waterskis.lv\\\/wp-content\\\/uploads\\\/2025\\\/01\\\/JUVP-logo.png\",\"width\":421,\"height\":202,\"caption\":\"WATERSKIS.LV\"},\"image\":{\"@id\":\"https:\\\/\\\/www.waterskis.lv\\\/en\\\/#\\\/schema\\\/logo\\\/image\\\/\"},\"sameAs\":[\"https:\\\/\\\/www.facebook.com\\\/jurmalawaterskiwakeboardpark\\\/\"]}]}<\/script>\n<!-- \/ Yoast SEO plugin. -->","yoast_head_json":{"title":"Aiz laivas velkamo p\u016b\u0161\u013cu virve PROLINE 60' 3\/8'' TUBE ROPE W\/FLOATS - WATERSKIS.LV","description":"Aiz laivas velkamo p\u016b\u0161\u013cu virve PROLINE 60' 3\/8'' TUBE ROPE W\/FLOATS. virve 3\/8\u201d Poly-E virve ieteicama l\u012bdz 2 brauc\u0113jiem Min. stiep\u0161an\u0101s, dro\u0161a, iztur\u012bga UV","robots":{"index":"index","follow":"follow","max-snippet":"max-snippet:-1","max-image-preview":"max-image-preview:large","max-video-preview":"max-video-preview:-1"},"canonical":"https:\/\/www.waterskis.lv\/en\/product\/aiz-laivas-velkamo-puslu-virve-proline-60-3-8-tube-rope-w-floats\/","og_locale":"en_US","og_type":"article","og_title":"Aiz laivas velkamo p\u016b\u0161\u013cu virve PROLINE 60' 3\/8'' TUBE ROPE W\/FLOATS - WATERSKIS.LV","og_description":"Aiz laivas velkamo p\u016b\u0161\u013cu virve PROLINE 60' 3\/8'' TUBE ROPE W\/FLOATS. virve 3\/8\u201d Poly-E virve ieteicama l\u012bdz 2 brauc\u0113jiem Min. stiep\u0161an\u0101s, dro\u0161a, iztur\u012bga UV","og_url":"https:\/\/www.waterskis.lv\/en\/product\/aiz-laivas-velkamo-puslu-virve-proline-60-3-8-tube-rope-w-floats\/","og_site_name":"WATERSKIS.LV","article_publisher":"https:\/\/www.facebook.com\/jurmalawaterskiwakeboardpark\/","article_modified_time":"2026-01-31T10:38:31+00:00","og_image":[{"width":840,"height":840,"url":"https:\/\/www.waterskis.lv\/wp-content\/uploads\/2023\/02\/Connelly3-8floats.jpg","type":"image\/jpeg"}],"twitter_card":"summary_large_image","twitter_misc":{"Est. reading time":"1 minute"},"schema":{"@context":"https:\/\/schema.org","@graph":[{"@type":"WebPage","@id":"https:\/\/www.waterskis.lv\/en\/product\/aiz-laivas-velkamo-puslu-virve-proline-60-3-8-tube-rope-w-floats\/","url":"https:\/\/www.waterskis.lv\/en\/product\/aiz-laivas-velkamo-puslu-virve-proline-60-3-8-tube-rope-w-floats\/","name":"Aiz laivas velkamo p\u016b\u0161\u013cu virve PROLINE 60' 3\/8'' TUBE ROPE W\/FLOATS - WATERSKIS.LV","isPartOf":{"@id":"https:\/\/www.waterskis.lv\/en\/#website"},"primaryImageOfPage":{"@id":"https:\/\/www.waterskis.lv\/en\/product\/aiz-laivas-velkamo-puslu-virve-proline-60-3-8-tube-rope-w-floats\/#primaryimage"},"image":{"@id":"https:\/\/www.waterskis.lv\/en\/product\/aiz-laivas-velkamo-puslu-virve-proline-60-3-8-tube-rope-w-floats\/#primaryimage"},"thumbnailUrl":"https:\/\/www.waterskis.lv\/wp-content\/uploads\/2023\/02\/Connelly3-8floats.jpg","datePublished":"2023-02-02T16:16:47+00:00","dateModified":"2026-01-31T10:38:31+00:00","description":"Aiz laivas velkamo p\u016b\u0161\u013cu virve PROLINE 60' 3\/8'' TUBE ROPE W\/FLOATS. virve 3\/8\u201d Poly-E virve ieteicama l\u012bdz 2 brauc\u0113jiem Min. stiep\u0161an\u0101s, dro\u0161a, iztur\u012bga UV","breadcrumb":{"@id":"https:\/\/www.waterskis.lv\/en\/product\/aiz-laivas-velkamo-puslu-virve-proline-60-3-8-tube-rope-w-floats\/#breadcrumb"},"inLanguage":"en-US","potentialAction":[{"@type":"ReadAction","target":["https:\/\/www.waterskis.lv\/en\/product\/aiz-laivas-velkamo-puslu-virve-proline-60-3-8-tube-rope-w-floats\/"]}]},{"@type":"ImageObject","inLanguage":"en-US","@id":"https:\/\/www.waterskis.lv\/en\/product\/aiz-laivas-velkamo-puslu-virve-proline-60-3-8-tube-rope-w-floats\/#primaryimage","url":"https:\/\/www.waterskis.lv\/wp-content\/uploads\/2023\/02\/Connelly3-8floats.jpg","contentUrl":"https:\/\/www.waterskis.lv\/wp-content\/uploads\/2023\/02\/Connelly3-8floats.jpg","width":840,"height":840,"caption":"PROLINE 60' 3\/8'' TUBE ROPE W\/FLOATS"},{"@type":"BreadcrumbList","@id":"https:\/\/www.waterskis.lv\/en\/product\/aiz-laivas-velkamo-puslu-virve-proline-60-3-8-tube-rope-w-floats\/#breadcrumb","itemListElement":[{"@type":"ListItem","position":1,"name":"Home","item":"https:\/\/www.waterskis.lv\/en\/"},{"@type":"ListItem","position":2,"name":"Shop","item":"https:\/\/waterskis.lv\/en\/shop\/"},{"@type":"ListItem","position":3,"name":"Aiz laivas velkamo p\u016b\u0161\u013cu virve PROLINE 60&#8242; 3\/8&#8221; TUBE ROPE W\/FLOATS"}]},{"@type":"WebSite","@id":"https:\/\/www.waterskis.lv\/en\/#website","url":"https:\/\/www.waterskis.lv\/en\/","name":"WATERSKIS.LV","description":"SUP d\u0113\u013ci, kajaki, kanoe, airu laivas, \u016bdenssl\u0113po\u0161ana, veikbords, SUP d\u0113\u013cu noma, kajaku nomaakt\u012bv\u0101s atp\u016btas centrs, laivu noma, sup noma, kajaku noma","publisher":{"@id":"https:\/\/www.waterskis.lv\/en\/#organization"},"potentialAction":[{"@type":"SearchAction","target":{"@type":"EntryPoint","urlTemplate":"https:\/\/www.waterskis.lv\/en\/?s={search_term_string}"},"query-input":{"@type":"PropertyValueSpecification","valueRequired":true,"valueName":"search_term_string"}}],"inLanguage":"en-US"},{"@type":"Organization","@id":"https:\/\/www.waterskis.lv\/en\/#organization","name":"WATERSKIS.LV","url":"https:\/\/www.waterskis.lv\/en\/","logo":{"@type":"ImageObject","inLanguage":"en-US","@id":"https:\/\/www.waterskis.lv\/en\/#\/schema\/logo\/image\/","url":"https:\/\/www.waterskis.lv\/wp-content\/uploads\/2025\/01\/JUVP-logo.png","contentUrl":"https:\/\/www.waterskis.lv\/wp-content\/uploads\/2025\/01\/JUVP-logo.png","width":421,"height":202,"caption":"WATERSKIS.LV"},"image":{"@id":"https:\/\/www.waterskis.lv\/en\/#\/schema\/logo\/image\/"},"sameAs":["https:\/\/www.facebook.com\/jurmalawaterskiwakeboardpark\/"]}]}},"_links":{"self":[{"href":"https:\/\/www.waterskis.lv\/en\/wp-json\/wp\/v2\/product\/51391","targetHints":{"allow":["GET"]}}],"collection":[{"href":"https:\/\/www.waterskis.lv\/en\/wp-json\/wp\/v2\/product"}],"about":[{"href":"https:\/\/www.waterskis.lv\/en\/wp-json\/wp\/v2\/types\/product"}],"replies":[{"embeddable":true,"href":"https:\/\/www.waterskis.lv\/en\/wp-json\/wp\/v2\/comments?post=51391"}],"wp:featuredmedia":[{"embeddable":true,"href":"https:\/\/www.waterskis.lv\/en\/wp-json\/wp\/v2\/media\/51387"}],"wp:attachment":[{"href":"https:\/\/www.waterskis.lv\/en\/wp-json\/wp\/v2\/media?parent=51391"}],"wp:term":[{"taxonomy":"product_brand","embeddable":true,"href":"https:\/\/www.waterskis.lv\/en\/wp-json\/wp\/v2\/product_brand?post=51391"},{"taxonomy":"product_cat","embeddable":true,"href":"https:\/\/www.waterskis.lv\/en\/wp-json\/wp\/v2\/product_cat?post=51391"},{"taxonomy":"product_tag","embeddable":true,"href":"https:\/\/www.waterskis.lv\/en\/wp-json\/wp\/v2\/product_tag?post=51391"}],"curies":[{"name":"wp","href":"https:\/\/api.w.org\/{rel}","templated":true}]}}