{"id":51480,"date":"2022-09-27T20:20:31","date_gmt":"2022-09-27T17:20:31","guid":{"rendered":"https:\/\/www.waterskis.lv\/product\/brunotti-hooded-poncho\/"},"modified":"2023-02-07T19:06:08","modified_gmt":"2023-02-07T16:06:08","slug":"brunotti-hooded-poncho","status":"publish","type":"product","link":"https:\/\/www.waterskis.lv\/en\/product\/brunotti-hooded-poncho\/","title":{"rendered":"Brunotti Hooded Poncho"},"content":{"rendered":"<h1>Brunotti Hooded Poncho<\/h1>\n<p>&nbsp;<\/p>\n<table id=\"product-attribute-specs-table\" class=\"data-table\">\n<tbody>\n<tr class=\"even\">\n<th class=\"label\">Brand<\/th>\n<td class=\"data last\">Brunotti<\/td>\n<\/tr>\n<tr class=\"odd\">\n<th class=\"label\">Color<\/th>\n<td class=\"data last\">Black, Green, Blue<\/td>\n<\/tr>\n<tr class=\"even\">\n<th class=\"label\">Size<\/th>\n<td class=\"data last\">One Size<\/td>\n<\/tr>\n<tr class=\"odd\">\n<th class=\"label\">Gender<\/th>\n<td class=\"data last\">Unisex<\/td>\n<\/tr>\n<\/tbody>\n<\/table>\n<p>&nbsp;<\/p>\n<div class=\"list-description--title plus\">DESCRIPTION<\/div>\n<div class=\"list-description--text plus\">Surf ponchos are very popular in water sports, such as kite surfing, diving, windsurfing, swimming, and much more.<br \/>\nUse it for easy changing on the beach.<br \/>\nThrow it over you when you get out of the water. The ponchos are therefore also \u201coversized\u201d because the intention is that you can quickly put them on over your surf clothing.<br \/>\nYou can also use it as a beach towel or just at home after a shower.<br \/>\nA very versatile product.&nbsp;<\/p>\n<ul class=\"list-description\">\n<li>\n<div class=\"list-description--title plus\">FEATURES of Brunotti Hooded Poncho<\/div>\n<div class=\"list-description--text\">\n<ul class=\"features-list\">\n<li>Ponchos<\/li>\n<li>Kangaroo bag<\/li>\n<li>Adjustable Hood<\/li>\n<li>Personal changing room<\/li>\n<li>Usable as a beach towel<\/li>\n<\/ul>\n<\/div>\n<\/li>\n<\/ul>\n<\/div>\n","protected":false},"excerpt":{"rendered":"<p>Brunotti Hooded Poncho &nbsp; Brand Brunotti Color Black, Green, Blue Size One Size Gender Unisex &nbsp; DESCRIPTION Surf ponchos are very popular in water sports, such as kite surfing, diving, windsurfing, swimming, and much more. Use it for easy changing on the beach. Throw it over you when you get out of the water. The [&#8230;]<\/p>\n<p><a class=\"btn btn-secondary understrap-read-more-link\" href=\"https:\/\/www.waterskis.lv\/en\/product\/brunotti-hooded-poncho\/\">Read More&#8230;<\/a><\/p>\n","protected":false},"featured_media":46154,"comment_status":"closed","ping_status":"closed","template":"","meta":{"_acf_changed":false,"inline_featured_image":false},"product_brand":[],"product_cat":[1089,736,361],"product_tag":[1799],"class_list":{"0":"post-51480","1":"product","2":"type-product","3":"status-publish","4":"has-post-thumbnail","6":"product_cat-apparel","7":"product_cat-apparel-wetsuits","8":"product_cat-sale","9":"product_tag-ponco","11":"first","12":"instock","13":"sale","14":"shipping-taxable","15":"purchasable","16":"product-type-simple"},"acf":[],"yoast_head":"<!-- This site is optimized with the Yoast SEO plugin v27.3 - https:\/\/yoast.com\/product\/yoast-seo-wordpress\/ -->\n<title>Brunotti Hooded Poncho - WATERSKIS.LV<\/title>\n<meta name=\"description\" content=\"Pon\u010do Brunotti Hooded Poncho. Surf ponchos are very popular in water sports, such as kite surfing, diving, windsurfing, swimming much more. One Size. Unisex\" \/>\n<meta name=\"robots\" content=\"index, follow, max-snippet:-1, max-image-preview:large, max-video-preview:-1\" \/>\n<link rel=\"canonical\" href=\"https:\/\/www.waterskis.lv\/en\/product\/brunotti-hooded-poncho\/\" \/>\n<meta property=\"og:locale\" content=\"en_US\" \/>\n<meta property=\"og:type\" content=\"article\" \/>\n<meta property=\"og:title\" content=\"Brunotti Hooded Poncho - WATERSKIS.LV\" \/>\n<meta property=\"og:description\" content=\"Pon\u010do Brunotti Hooded Poncho. Surf ponchos are very popular in water sports, such as kite surfing, diving, windsurfing, swimming much more. One Size. Unisex\" \/>\n<meta property=\"og:url\" content=\"https:\/\/www.waterskis.lv\/en\/product\/brunotti-hooded-poncho\/\" \/>\n<meta property=\"og:site_name\" content=\"WATERSKIS.LV\" \/>\n<meta property=\"article:publisher\" content=\"https:\/\/www.facebook.com\/jurmalawaterskiwakeboardpark\/\" \/>\n<meta property=\"article:modified_time\" content=\"2023-02-07T16:06:08+00:00\" \/>\n<meta property=\"og:image\" content=\"https:\/\/www.waterskis.lv\/wp-content\/uploads\/2022\/09\/Ponco.jpg\" \/>\n\t<meta property=\"og:image:width\" content=\"650\" \/>\n\t<meta property=\"og:image:height\" content=\"650\" \/>\n\t<meta property=\"og:image:type\" content=\"image\/jpeg\" \/>\n<meta name=\"twitter:card\" content=\"summary_large_image\" \/>\n<meta name=\"twitter:label1\" content=\"Est. reading time\" \/>\n\t<meta name=\"twitter:data1\" content=\"1 minute\" \/>\n<script type=\"application\/ld+json\" class=\"yoast-schema-graph\">{\"@context\":\"https:\\\/\\\/schema.org\",\"@graph\":[{\"@type\":\"WebPage\",\"@id\":\"https:\\\/\\\/www.waterskis.lv\\\/en\\\/product\\\/brunotti-hooded-poncho\\\/\",\"url\":\"https:\\\/\\\/www.waterskis.lv\\\/en\\\/product\\\/brunotti-hooded-poncho\\\/\",\"name\":\"Brunotti Hooded Poncho - WATERSKIS.LV\",\"isPartOf\":{\"@id\":\"https:\\\/\\\/www.waterskis.lv\\\/en\\\/#website\"},\"primaryImageOfPage\":{\"@id\":\"https:\\\/\\\/www.waterskis.lv\\\/en\\\/product\\\/brunotti-hooded-poncho\\\/#primaryimage\"},\"image\":{\"@id\":\"https:\\\/\\\/www.waterskis.lv\\\/en\\\/product\\\/brunotti-hooded-poncho\\\/#primaryimage\"},\"thumbnailUrl\":\"https:\\\/\\\/www.waterskis.lv\\\/wp-content\\\/uploads\\\/2022\\\/09\\\/Ponco.jpg\",\"datePublished\":\"2022-09-27T17:20:31+00:00\",\"dateModified\":\"2023-02-07T16:06:08+00:00\",\"description\":\"Pon\u010do Brunotti Hooded Poncho. Surf ponchos are very popular in water sports, such as kite surfing, diving, windsurfing, swimming much more. One Size. Unisex\",\"breadcrumb\":{\"@id\":\"https:\\\/\\\/www.waterskis.lv\\\/en\\\/product\\\/brunotti-hooded-poncho\\\/#breadcrumb\"},\"inLanguage\":\"en-US\",\"potentialAction\":[{\"@type\":\"ReadAction\",\"target\":[\"https:\\\/\\\/www.waterskis.lv\\\/en\\\/product\\\/brunotti-hooded-poncho\\\/\"]}]},{\"@type\":\"ImageObject\",\"inLanguage\":\"en-US\",\"@id\":\"https:\\\/\\\/www.waterskis.lv\\\/en\\\/product\\\/brunotti-hooded-poncho\\\/#primaryimage\",\"url\":\"https:\\\/\\\/www.waterskis.lv\\\/wp-content\\\/uploads\\\/2022\\\/09\\\/Ponco.jpg\",\"contentUrl\":\"https:\\\/\\\/www.waterskis.lv\\\/wp-content\\\/uploads\\\/2022\\\/09\\\/Ponco.jpg\",\"width\":650,\"height\":650,\"caption\":\"Pon\u010do Brunotti Hooded Poncho\"},{\"@type\":\"BreadcrumbList\",\"@id\":\"https:\\\/\\\/www.waterskis.lv\\\/en\\\/product\\\/brunotti-hooded-poncho\\\/#breadcrumb\",\"itemListElement\":[{\"@type\":\"ListItem\",\"position\":1,\"name\":\"Home\",\"item\":\"https:\\\/\\\/www.waterskis.lv\\\/en\\\/\"},{\"@type\":\"ListItem\",\"position\":2,\"name\":\"Shop\",\"item\":\"https:\\\/\\\/waterskis.lv\\\/en\\\/shop\\\/\"},{\"@type\":\"ListItem\",\"position\":3,\"name\":\"Brunotti Hooded Poncho\"}]},{\"@type\":\"WebSite\",\"@id\":\"https:\\\/\\\/www.waterskis.lv\\\/en\\\/#website\",\"url\":\"https:\\\/\\\/www.waterskis.lv\\\/en\\\/\",\"name\":\"WATERSKIS.LV\",\"description\":\"SUP d\u0113\u013ci, kajaki, kanoe, airu laivas, \u016bdenssl\u0113po\u0161ana, veikbords, SUP d\u0113\u013cu noma, kajaku nomaakt\u012bv\u0101s atp\u016btas centrs, laivu noma, sup noma, kajaku noma\",\"publisher\":{\"@id\":\"https:\\\/\\\/www.waterskis.lv\\\/en\\\/#organization\"},\"potentialAction\":[{\"@type\":\"SearchAction\",\"target\":{\"@type\":\"EntryPoint\",\"urlTemplate\":\"https:\\\/\\\/www.waterskis.lv\\\/en\\\/?s={search_term_string}\"},\"query-input\":{\"@type\":\"PropertyValueSpecification\",\"valueRequired\":true,\"valueName\":\"search_term_string\"}}],\"inLanguage\":\"en-US\"},{\"@type\":\"Organization\",\"@id\":\"https:\\\/\\\/www.waterskis.lv\\\/en\\\/#organization\",\"name\":\"WATERSKIS.LV\",\"url\":\"https:\\\/\\\/www.waterskis.lv\\\/en\\\/\",\"logo\":{\"@type\":\"ImageObject\",\"inLanguage\":\"en-US\",\"@id\":\"https:\\\/\\\/www.waterskis.lv\\\/en\\\/#\\\/schema\\\/logo\\\/image\\\/\",\"url\":\"https:\\\/\\\/www.waterskis.lv\\\/wp-content\\\/uploads\\\/2025\\\/01\\\/JUVP-logo.png\",\"contentUrl\":\"https:\\\/\\\/www.waterskis.lv\\\/wp-content\\\/uploads\\\/2025\\\/01\\\/JUVP-logo.png\",\"width\":421,\"height\":202,\"caption\":\"WATERSKIS.LV\"},\"image\":{\"@id\":\"https:\\\/\\\/www.waterskis.lv\\\/en\\\/#\\\/schema\\\/logo\\\/image\\\/\"},\"sameAs\":[\"https:\\\/\\\/www.facebook.com\\\/jurmalawaterskiwakeboardpark\\\/\"]}]}<\/script>\n<!-- \/ Yoast SEO plugin. -->","yoast_head_json":{"title":"Brunotti Hooded Poncho - WATERSKIS.LV","description":"Pon\u010do Brunotti Hooded Poncho. Surf ponchos are very popular in water sports, such as kite surfing, diving, windsurfing, swimming much more. One Size. Unisex","robots":{"index":"index","follow":"follow","max-snippet":"max-snippet:-1","max-image-preview":"max-image-preview:large","max-video-preview":"max-video-preview:-1"},"canonical":"https:\/\/www.waterskis.lv\/en\/product\/brunotti-hooded-poncho\/","og_locale":"en_US","og_type":"article","og_title":"Brunotti Hooded Poncho - WATERSKIS.LV","og_description":"Pon\u010do Brunotti Hooded Poncho. Surf ponchos are very popular in water sports, such as kite surfing, diving, windsurfing, swimming much more. One Size. Unisex","og_url":"https:\/\/www.waterskis.lv\/en\/product\/brunotti-hooded-poncho\/","og_site_name":"WATERSKIS.LV","article_publisher":"https:\/\/www.facebook.com\/jurmalawaterskiwakeboardpark\/","article_modified_time":"2023-02-07T16:06:08+00:00","og_image":[{"width":650,"height":650,"url":"https:\/\/www.waterskis.lv\/wp-content\/uploads\/2022\/09\/Ponco.jpg","type":"image\/jpeg"}],"twitter_card":"summary_large_image","twitter_misc":{"Est. reading time":"1 minute"},"schema":{"@context":"https:\/\/schema.org","@graph":[{"@type":"WebPage","@id":"https:\/\/www.waterskis.lv\/en\/product\/brunotti-hooded-poncho\/","url":"https:\/\/www.waterskis.lv\/en\/product\/brunotti-hooded-poncho\/","name":"Brunotti Hooded Poncho - WATERSKIS.LV","isPartOf":{"@id":"https:\/\/www.waterskis.lv\/en\/#website"},"primaryImageOfPage":{"@id":"https:\/\/www.waterskis.lv\/en\/product\/brunotti-hooded-poncho\/#primaryimage"},"image":{"@id":"https:\/\/www.waterskis.lv\/en\/product\/brunotti-hooded-poncho\/#primaryimage"},"thumbnailUrl":"https:\/\/www.waterskis.lv\/wp-content\/uploads\/2022\/09\/Ponco.jpg","datePublished":"2022-09-27T17:20:31+00:00","dateModified":"2023-02-07T16:06:08+00:00","description":"Pon\u010do Brunotti Hooded Poncho. Surf ponchos are very popular in water sports, such as kite surfing, diving, windsurfing, swimming much more. One Size. Unisex","breadcrumb":{"@id":"https:\/\/www.waterskis.lv\/en\/product\/brunotti-hooded-poncho\/#breadcrumb"},"inLanguage":"en-US","potentialAction":[{"@type":"ReadAction","target":["https:\/\/www.waterskis.lv\/en\/product\/brunotti-hooded-poncho\/"]}]},{"@type":"ImageObject","inLanguage":"en-US","@id":"https:\/\/www.waterskis.lv\/en\/product\/brunotti-hooded-poncho\/#primaryimage","url":"https:\/\/www.waterskis.lv\/wp-content\/uploads\/2022\/09\/Ponco.jpg","contentUrl":"https:\/\/www.waterskis.lv\/wp-content\/uploads\/2022\/09\/Ponco.jpg","width":650,"height":650,"caption":"Pon\u010do Brunotti Hooded Poncho"},{"@type":"BreadcrumbList","@id":"https:\/\/www.waterskis.lv\/en\/product\/brunotti-hooded-poncho\/#breadcrumb","itemListElement":[{"@type":"ListItem","position":1,"name":"Home","item":"https:\/\/www.waterskis.lv\/en\/"},{"@type":"ListItem","position":2,"name":"Shop","item":"https:\/\/waterskis.lv\/en\/shop\/"},{"@type":"ListItem","position":3,"name":"Brunotti Hooded Poncho"}]},{"@type":"WebSite","@id":"https:\/\/www.waterskis.lv\/en\/#website","url":"https:\/\/www.waterskis.lv\/en\/","name":"WATERSKIS.LV","description":"SUP d\u0113\u013ci, kajaki, kanoe, airu laivas, \u016bdenssl\u0113po\u0161ana, veikbords, SUP d\u0113\u013cu noma, kajaku nomaakt\u012bv\u0101s atp\u016btas centrs, laivu noma, sup noma, kajaku noma","publisher":{"@id":"https:\/\/www.waterskis.lv\/en\/#organization"},"potentialAction":[{"@type":"SearchAction","target":{"@type":"EntryPoint","urlTemplate":"https:\/\/www.waterskis.lv\/en\/?s={search_term_string}"},"query-input":{"@type":"PropertyValueSpecification","valueRequired":true,"valueName":"search_term_string"}}],"inLanguage":"en-US"},{"@type":"Organization","@id":"https:\/\/www.waterskis.lv\/en\/#organization","name":"WATERSKIS.LV","url":"https:\/\/www.waterskis.lv\/en\/","logo":{"@type":"ImageObject","inLanguage":"en-US","@id":"https:\/\/www.waterskis.lv\/en\/#\/schema\/logo\/image\/","url":"https:\/\/www.waterskis.lv\/wp-content\/uploads\/2025\/01\/JUVP-logo.png","contentUrl":"https:\/\/www.waterskis.lv\/wp-content\/uploads\/2025\/01\/JUVP-logo.png","width":421,"height":202,"caption":"WATERSKIS.LV"},"image":{"@id":"https:\/\/www.waterskis.lv\/en\/#\/schema\/logo\/image\/"},"sameAs":["https:\/\/www.facebook.com\/jurmalawaterskiwakeboardpark\/"]}]}},"_links":{"self":[{"href":"https:\/\/www.waterskis.lv\/en\/wp-json\/wp\/v2\/product\/51480","targetHints":{"allow":["GET"]}}],"collection":[{"href":"https:\/\/www.waterskis.lv\/en\/wp-json\/wp\/v2\/product"}],"about":[{"href":"https:\/\/www.waterskis.lv\/en\/wp-json\/wp\/v2\/types\/product"}],"replies":[{"embeddable":true,"href":"https:\/\/www.waterskis.lv\/en\/wp-json\/wp\/v2\/comments?post=51480"}],"wp:featuredmedia":[{"embeddable":true,"href":"https:\/\/www.waterskis.lv\/en\/wp-json\/wp\/v2\/media\/46154"}],"wp:attachment":[{"href":"https:\/\/www.waterskis.lv\/en\/wp-json\/wp\/v2\/media?parent=51480"}],"wp:term":[{"taxonomy":"product_brand","embeddable":true,"href":"https:\/\/www.waterskis.lv\/en\/wp-json\/wp\/v2\/product_brand?post=51480"},{"taxonomy":"product_cat","embeddable":true,"href":"https:\/\/www.waterskis.lv\/en\/wp-json\/wp\/v2\/product_cat?post=51480"},{"taxonomy":"product_tag","embeddable":true,"href":"https:\/\/www.waterskis.lv\/en\/wp-json\/wp\/v2\/product_tag?post=51480"}],"curies":[{"name":"wp","href":"https:\/\/api.w.org\/{rel}","templated":true}]}}