{"id":53601,"date":"2023-12-06T20:53:36","date_gmt":"2023-12-06T17:53:36","guid":{"rendered":"https:\/\/www.waterskis.lv\/product\/airu-laiva-latrex-440\/"},"modified":"2026-02-04T12:46:22","modified_gmt":"2026-02-04T10:46:22","slug":"paddle-boat-latrex-440","status":"publish","type":"product","link":"https:\/\/www.waterskis.lv\/en\/product\/paddle-boat-latrex-440\/","title":{"rendered":"Paddle boat LATREX 440"},"content":{"rendered":"<h1>Paddle boat LATREX 440<\/h1>\n<p>Paddle boat LATREX 440 Classic design rowing boat analog in modern performance.<\/p>\n<p>Length &#8211; 440 cm.<br \/>\nWidth &#8211; 145 cm.<br \/>\nHeight &#8211; 50 cm.<br \/>\nWeight &#8211; 100 kg.<br \/>\nLoad &#8211; 385 kg.<br \/>\nSeats &#8211; 4.<br \/>\nMax outboard engine up to 5 HP.<br \/>\nTransom height &#8211; S (380 mm)<\/p>\n<p>CE certificate, design category &#8211; D<\/p>\n<p>Standard equipment:<\/p>\n<p>Three buoyancy sections (two are filled wit closed foam PU foam)<br \/>\nTwo rowlock socket pairs<br \/>\nThree mooring loops ( U- bolt )<br \/>\nStorage box in rear seat<br \/>\nOar fixators<br \/>\nFour fishing rod holders<br \/>\nExternal and internal transom plates<br \/>\nVisible and invisible Craft Identification Number ( CIN )<\/p>\n<p>Optional:<\/p>\n<p>Oars, plastic blade, 240 cm<br \/>\nOarlock, clamp<br \/>\nThree plastic cleats<br \/>\nThree stainless steel cleats<br \/>\nFour plastic handles<br \/>\nFour stainless steel handles<br \/>\nDeck drainage system<br \/>\nRubrail, 26 x 22 \/ 9 , with stainless steel end cups<br \/>\nStorage tent<br \/>\nSoft seat cushions<\/p>\n","protected":false},"excerpt":{"rendered":"<p>Paddle boat LATREX 440 Paddle boat LATREX 440 Classic design rowing boat analog in modern performance. Length &#8211; 440 cm. Width &#8211; 145 cm. Height &#8211; 50 cm. Weight &#8211; 100 kg. Load &#8211; 385 kg. Seats &#8211; 4. Max outboard engine up to 5 HP. Transom height &#8211; S (380 mm) CE certificate, design [&#8230;]<\/p>\n<p><a class=\"btn btn-secondary understrap-read-more-link\" href=\"https:\/\/www.waterskis.lv\/en\/product\/paddle-boat-latrex-440\/\">Read More&#8230;<\/a><\/p>\n","protected":false},"featured_media":53646,"comment_status":"closed","ping_status":"closed","template":"","meta":{"_acf_changed":false,"inline_featured_image":false},"product_brand":[2439],"product_cat":[571,944],"product_tag":[2769,2770,3337,3339,3340,2773,3386,3400,3390,3341,3342,3343,3344,3345,3346,3347],"class_list":{"0":"post-53601","1":"product","2":"type-product","3":"status-publish","4":"has-post-thumbnail","6":"product_brand-latrex-boats","7":"product_cat-boats","8":"product_cat-fiberglass-paddle-boats","9":"product_tag-airu-laiva","10":"product_tag-airu-laiva-makskeresanai","11":"product_tag-airu-laivas","12":"product_tag-boats","13":"product_tag-fiberglass-boats","14":"product_tag-laivas","15":"product_tag-latrex","16":"product_tag-latrex-440","17":"product_tag-latrex-laivas","18":"product_tag-paddle-boats","19":"product_tag-rowing-boats","20":"product_tag-stiklaskiedras-laivas","21":"product_tag-3344","22":"product_tag-3345","23":"product_tag-3346","24":"product_tag-3347","26":"first","27":"instock","28":"shipping-taxable","29":"purchasable","30":"product-type-simple"},"acf":[],"yoast_head":"<!-- This site is optimized with the Yoast SEO plugin v27.4 - https:\/\/yoast.com\/product\/yoast-seo-wordpress\/ -->\n<title>Paddle boat LATREX 440 - WATERSKIS.LV<\/title>\n<meta name=\"description\" content=\"Paddle boat LATREX 440 Classic design rowing boat Pella analog in modern performance. Check your rowing boat at Jurmala Boat shop &amp; Rental\" \/>\n<meta name=\"robots\" content=\"index, follow, max-snippet:-1, max-image-preview:large, max-video-preview:-1\" \/>\n<link rel=\"canonical\" href=\"https:\/\/www.waterskis.lv\/en\/product\/paddle-boat-latrex-440\/\" \/>\n<meta property=\"og:locale\" content=\"en_US\" \/>\n<meta property=\"og:type\" content=\"article\" \/>\n<meta property=\"og:title\" content=\"Paddle boat LATREX 440 - WATERSKIS.LV\" \/>\n<meta property=\"og:description\" content=\"Paddle boat LATREX 440 Classic design rowing boat Pella analog in modern performance. Check your rowing boat at Jurmala Boat shop &amp; Rental\" \/>\n<meta property=\"og:url\" content=\"https:\/\/www.waterskis.lv\/en\/product\/paddle-boat-latrex-440\/\" \/>\n<meta property=\"og:site_name\" content=\"WATERSKIS.LV\" \/>\n<meta property=\"article:publisher\" content=\"https:\/\/www.facebook.com\/jurmalawaterskiwakeboardpark\/\" \/>\n<meta property=\"article:modified_time\" content=\"2026-02-04T10:46:22+00:00\" \/>\n<meta property=\"og:image\" content=\"https:\/\/www.waterskis.lv\/wp-content\/uploads\/2023\/12\/1-800x800-1.jpg\" \/>\n\t<meta property=\"og:image:width\" content=\"800\" \/>\n\t<meta property=\"og:image:height\" content=\"800\" \/>\n\t<meta property=\"og:image:type\" content=\"image\/jpeg\" \/>\n<meta name=\"twitter:card\" content=\"summary_large_image\" \/>\n<meta name=\"twitter:label1\" content=\"Est. reading time\" \/>\n\t<meta name=\"twitter:data1\" content=\"1 minute\" \/>\n<script type=\"application\/ld+json\" class=\"yoast-schema-graph\">{\"@context\":\"https:\\\/\\\/schema.org\",\"@graph\":[{\"@type\":\"WebPage\",\"@id\":\"https:\\\/\\\/www.waterskis.lv\\\/en\\\/product\\\/paddle-boat-latrex-440\\\/\",\"url\":\"https:\\\/\\\/www.waterskis.lv\\\/en\\\/product\\\/paddle-boat-latrex-440\\\/\",\"name\":\"Paddle boat LATREX 440 - WATERSKIS.LV\",\"isPartOf\":{\"@id\":\"https:\\\/\\\/www.waterskis.lv\\\/en\\\/#website\"},\"primaryImageOfPage\":{\"@id\":\"https:\\\/\\\/www.waterskis.lv\\\/en\\\/product\\\/paddle-boat-latrex-440\\\/#primaryimage\"},\"image\":{\"@id\":\"https:\\\/\\\/www.waterskis.lv\\\/en\\\/product\\\/paddle-boat-latrex-440\\\/#primaryimage\"},\"thumbnailUrl\":\"https:\\\/\\\/www.waterskis.lv\\\/wp-content\\\/uploads\\\/2023\\\/12\\\/1-800x800-1.jpg\",\"datePublished\":\"2023-12-06T17:53:36+00:00\",\"dateModified\":\"2026-02-04T10:46:22+00:00\",\"description\":\"Paddle boat LATREX 440 Classic design rowing boat Pella analog in modern performance. Check your rowing boat at Jurmala Boat shop & Rental\",\"breadcrumb\":{\"@id\":\"https:\\\/\\\/www.waterskis.lv\\\/en\\\/product\\\/paddle-boat-latrex-440\\\/#breadcrumb\"},\"inLanguage\":\"en-US\",\"potentialAction\":[{\"@type\":\"ReadAction\",\"target\":[\"https:\\\/\\\/www.waterskis.lv\\\/en\\\/product\\\/paddle-boat-latrex-440\\\/\"]}]},{\"@type\":\"ImageObject\",\"inLanguage\":\"en-US\",\"@id\":\"https:\\\/\\\/www.waterskis.lv\\\/en\\\/product\\\/paddle-boat-latrex-440\\\/#primaryimage\",\"url\":\"https:\\\/\\\/www.waterskis.lv\\\/wp-content\\\/uploads\\\/2023\\\/12\\\/1-800x800-1.jpg\",\"contentUrl\":\"https:\\\/\\\/www.waterskis.lv\\\/wp-content\\\/uploads\\\/2023\\\/12\\\/1-800x800-1.jpg\",\"width\":800,\"height\":800,\"caption\":\"Airu laiva LATREX 440\"},{\"@type\":\"BreadcrumbList\",\"@id\":\"https:\\\/\\\/www.waterskis.lv\\\/en\\\/product\\\/paddle-boat-latrex-440\\\/#breadcrumb\",\"itemListElement\":[{\"@type\":\"ListItem\",\"position\":1,\"name\":\"Home\",\"item\":\"https:\\\/\\\/www.waterskis.lv\\\/en\\\/\"},{\"@type\":\"ListItem\",\"position\":2,\"name\":\"Shop\",\"item\":\"https:\\\/\\\/waterskis.lv\\\/en\\\/shop\\\/\"},{\"@type\":\"ListItem\",\"position\":3,\"name\":\"Paddle boat LATREX 440\"}]},{\"@type\":\"WebSite\",\"@id\":\"https:\\\/\\\/www.waterskis.lv\\\/en\\\/#website\",\"url\":\"https:\\\/\\\/www.waterskis.lv\\\/en\\\/\",\"name\":\"WATERSKIS.LV\",\"description\":\"SUP d\u0113\u013ci, kajaki, kanoe, airu laivas, \u016bdenssl\u0113po\u0161ana, veikbords, SUP d\u0113\u013cu noma, kajaku nomaakt\u012bv\u0101s atp\u016btas centrs, laivu noma, sup noma, kajaku noma\",\"publisher\":{\"@id\":\"https:\\\/\\\/www.waterskis.lv\\\/en\\\/#organization\"},\"potentialAction\":[{\"@type\":\"SearchAction\",\"target\":{\"@type\":\"EntryPoint\",\"urlTemplate\":\"https:\\\/\\\/www.waterskis.lv\\\/en\\\/?s={search_term_string}\"},\"query-input\":{\"@type\":\"PropertyValueSpecification\",\"valueRequired\":true,\"valueName\":\"search_term_string\"}}],\"inLanguage\":\"en-US\"},{\"@type\":\"Organization\",\"@id\":\"https:\\\/\\\/www.waterskis.lv\\\/en\\\/#organization\",\"name\":\"WATERSKIS.LV\",\"url\":\"https:\\\/\\\/www.waterskis.lv\\\/en\\\/\",\"logo\":{\"@type\":\"ImageObject\",\"inLanguage\":\"en-US\",\"@id\":\"https:\\\/\\\/www.waterskis.lv\\\/en\\\/#\\\/schema\\\/logo\\\/image\\\/\",\"url\":\"https:\\\/\\\/www.waterskis.lv\\\/wp-content\\\/uploads\\\/2025\\\/01\\\/JUVP-logo.png\",\"contentUrl\":\"https:\\\/\\\/www.waterskis.lv\\\/wp-content\\\/uploads\\\/2025\\\/01\\\/JUVP-logo.png\",\"width\":421,\"height\":202,\"caption\":\"WATERSKIS.LV\"},\"image\":{\"@id\":\"https:\\\/\\\/www.waterskis.lv\\\/en\\\/#\\\/schema\\\/logo\\\/image\\\/\"},\"sameAs\":[\"https:\\\/\\\/www.facebook.com\\\/jurmalawaterskiwakeboardpark\\\/\"]}]}<\/script>\n<!-- \/ Yoast SEO plugin. -->","yoast_head_json":{"title":"Paddle boat LATREX 440 - WATERSKIS.LV","description":"Paddle boat LATREX 440 Classic design rowing boat Pella analog in modern performance. Check your rowing boat at Jurmala Boat shop & Rental","robots":{"index":"index","follow":"follow","max-snippet":"max-snippet:-1","max-image-preview":"max-image-preview:large","max-video-preview":"max-video-preview:-1"},"canonical":"https:\/\/www.waterskis.lv\/en\/product\/paddle-boat-latrex-440\/","og_locale":"en_US","og_type":"article","og_title":"Paddle boat LATREX 440 - WATERSKIS.LV","og_description":"Paddle boat LATREX 440 Classic design rowing boat Pella analog in modern performance. Check your rowing boat at Jurmala Boat shop & Rental","og_url":"https:\/\/www.waterskis.lv\/en\/product\/paddle-boat-latrex-440\/","og_site_name":"WATERSKIS.LV","article_publisher":"https:\/\/www.facebook.com\/jurmalawaterskiwakeboardpark\/","article_modified_time":"2026-02-04T10:46:22+00:00","og_image":[{"width":800,"height":800,"url":"https:\/\/www.waterskis.lv\/wp-content\/uploads\/2023\/12\/1-800x800-1.jpg","type":"image\/jpeg"}],"twitter_card":"summary_large_image","twitter_misc":{"Est. reading time":"1 minute"},"schema":{"@context":"https:\/\/schema.org","@graph":[{"@type":"WebPage","@id":"https:\/\/www.waterskis.lv\/en\/product\/paddle-boat-latrex-440\/","url":"https:\/\/www.waterskis.lv\/en\/product\/paddle-boat-latrex-440\/","name":"Paddle boat LATREX 440 - WATERSKIS.LV","isPartOf":{"@id":"https:\/\/www.waterskis.lv\/en\/#website"},"primaryImageOfPage":{"@id":"https:\/\/www.waterskis.lv\/en\/product\/paddle-boat-latrex-440\/#primaryimage"},"image":{"@id":"https:\/\/www.waterskis.lv\/en\/product\/paddle-boat-latrex-440\/#primaryimage"},"thumbnailUrl":"https:\/\/www.waterskis.lv\/wp-content\/uploads\/2023\/12\/1-800x800-1.jpg","datePublished":"2023-12-06T17:53:36+00:00","dateModified":"2026-02-04T10:46:22+00:00","description":"Paddle boat LATREX 440 Classic design rowing boat Pella analog in modern performance. Check your rowing boat at Jurmala Boat shop & Rental","breadcrumb":{"@id":"https:\/\/www.waterskis.lv\/en\/product\/paddle-boat-latrex-440\/#breadcrumb"},"inLanguage":"en-US","potentialAction":[{"@type":"ReadAction","target":["https:\/\/www.waterskis.lv\/en\/product\/paddle-boat-latrex-440\/"]}]},{"@type":"ImageObject","inLanguage":"en-US","@id":"https:\/\/www.waterskis.lv\/en\/product\/paddle-boat-latrex-440\/#primaryimage","url":"https:\/\/www.waterskis.lv\/wp-content\/uploads\/2023\/12\/1-800x800-1.jpg","contentUrl":"https:\/\/www.waterskis.lv\/wp-content\/uploads\/2023\/12\/1-800x800-1.jpg","width":800,"height":800,"caption":"Airu laiva LATREX 440"},{"@type":"BreadcrumbList","@id":"https:\/\/www.waterskis.lv\/en\/product\/paddle-boat-latrex-440\/#breadcrumb","itemListElement":[{"@type":"ListItem","position":1,"name":"Home","item":"https:\/\/www.waterskis.lv\/en\/"},{"@type":"ListItem","position":2,"name":"Shop","item":"https:\/\/waterskis.lv\/en\/shop\/"},{"@type":"ListItem","position":3,"name":"Paddle boat LATREX 440"}]},{"@type":"WebSite","@id":"https:\/\/www.waterskis.lv\/en\/#website","url":"https:\/\/www.waterskis.lv\/en\/","name":"WATERSKIS.LV","description":"SUP d\u0113\u013ci, kajaki, kanoe, airu laivas, \u016bdenssl\u0113po\u0161ana, veikbords, SUP d\u0113\u013cu noma, kajaku nomaakt\u012bv\u0101s atp\u016btas centrs, laivu noma, sup noma, kajaku noma","publisher":{"@id":"https:\/\/www.waterskis.lv\/en\/#organization"},"potentialAction":[{"@type":"SearchAction","target":{"@type":"EntryPoint","urlTemplate":"https:\/\/www.waterskis.lv\/en\/?s={search_term_string}"},"query-input":{"@type":"PropertyValueSpecification","valueRequired":true,"valueName":"search_term_string"}}],"inLanguage":"en-US"},{"@type":"Organization","@id":"https:\/\/www.waterskis.lv\/en\/#organization","name":"WATERSKIS.LV","url":"https:\/\/www.waterskis.lv\/en\/","logo":{"@type":"ImageObject","inLanguage":"en-US","@id":"https:\/\/www.waterskis.lv\/en\/#\/schema\/logo\/image\/","url":"https:\/\/www.waterskis.lv\/wp-content\/uploads\/2025\/01\/JUVP-logo.png","contentUrl":"https:\/\/www.waterskis.lv\/wp-content\/uploads\/2025\/01\/JUVP-logo.png","width":421,"height":202,"caption":"WATERSKIS.LV"},"image":{"@id":"https:\/\/www.waterskis.lv\/en\/#\/schema\/logo\/image\/"},"sameAs":["https:\/\/www.facebook.com\/jurmalawaterskiwakeboardpark\/"]}]}},"_links":{"self":[{"href":"https:\/\/www.waterskis.lv\/en\/wp-json\/wp\/v2\/product\/53601","targetHints":{"allow":["GET"]}}],"collection":[{"href":"https:\/\/www.waterskis.lv\/en\/wp-json\/wp\/v2\/product"}],"about":[{"href":"https:\/\/www.waterskis.lv\/en\/wp-json\/wp\/v2\/types\/product"}],"replies":[{"embeddable":true,"href":"https:\/\/www.waterskis.lv\/en\/wp-json\/wp\/v2\/comments?post=53601"}],"wp:featuredmedia":[{"embeddable":true,"href":"https:\/\/www.waterskis.lv\/en\/wp-json\/wp\/v2\/media\/53646"}],"wp:attachment":[{"href":"https:\/\/www.waterskis.lv\/en\/wp-json\/wp\/v2\/media?parent=53601"}],"wp:term":[{"taxonomy":"product_brand","embeddable":true,"href":"https:\/\/www.waterskis.lv\/en\/wp-json\/wp\/v2\/product_brand?post=53601"},{"taxonomy":"product_cat","embeddable":true,"href":"https:\/\/www.waterskis.lv\/en\/wp-json\/wp\/v2\/product_cat?post=53601"},{"taxonomy":"product_tag","embeddable":true,"href":"https:\/\/www.waterskis.lv\/en\/wp-json\/wp\/v2\/product_tag?post=53601"}],"curies":[{"name":"wp","href":"https:\/\/api.w.org\/{rel}","templated":true}]}}