{"id":53806,"date":"2023-12-30T10:12:39","date_gmt":"2023-12-30T07:12:39","guid":{"rendered":"https:\/\/www.waterskis.lv\/product\/airu-laiva-latrex-420\/"},"modified":"2026-02-04T12:37:38","modified_gmt":"2026-02-04T10:37:38","slug":"rowing-boat-latrex-420","status":"publish","type":"product","link":"https:\/\/www.waterskis.lv\/en\/product\/rowing-boat-latrex-420\/","title":{"rendered":"Rowing boat LATREX 420"},"content":{"rendered":"<h1>Rowing boat LATREX 420<\/h1>\n<p>Rowing boat LATREX 420 \u2013 a classic design rowing boat<\/p>\n<p>Description:<\/p>\n<p>Length \u2013 423 cm<br \/>\nWidth \u2013 140 cm<br \/>\nHeight \u2013 50 cm<br \/>\nWeight \u2013 65 kg<br \/>\nLoad \u2013 300 kg<br \/>\nSeats \u2013 3<br \/>\nMax outboard engine \u2013 2,5 HP<br \/>\nTransom height \u2013 S (381 mm)<\/p>\n<p>CE certificate, design category \u2013 D<\/p>\n<p>Standard equipment:<\/p>\n<p>Three buoyancy sections,<br \/>\nCondensate drain plugs are built into safety pontoons<br \/>\nOarlocks socket pairs,<br \/>\nTwo mooring loops ( U- bolt ),<br \/>\nExternal and internal transom plates,<br \/>\nVisible and invisible Craft Identification Number ( CIN ).<\/p>\n<p>Optional equipment:<\/p>\n<p>Oars\u00a0 225 cm<br \/>\nOar fixator pair<br \/>\nOarlock, clamp<br \/>\nThree plastic cleat<br \/>\nThree stainless steel cleats<br \/>\nSix plastic handles<br \/>\nSix stainless steel handles<br \/>\nTwo rod holders mount in midle seat,<br \/>\nKeel filed with PU foam + 60 ltr. PU foam in midle seat,<br \/>\nStorage box in rear seat and small storage place in front seat,<br \/>\nRubrail, 26 x 22 \/ 9 , with stainless steel end cups<br \/>\nStorage tent<\/p>\n","protected":false},"excerpt":{"rendered":"<p>Rowing boat LATREX 420 Rowing boat LATREX 420 \u2013 a classic design rowing boat Description: Length \u2013 423 cm Width \u2013 140 cm Height \u2013 50 cm Weight \u2013 65 kg Load \u2013 300 kg Seats \u2013 3 Max outboard engine \u2013 2,5 HP Transom height \u2013 S (381 mm) CE certificate, design category \u2013 [&#8230;]<\/p>\n<p><a class=\"btn btn-secondary understrap-read-more-link\" href=\"https:\/\/www.waterskis.lv\/en\/product\/rowing-boat-latrex-420\/\">Read More&#8230;<\/a><\/p>\n","protected":false},"featured_media":53786,"comment_status":"closed","ping_status":"closed","template":"","meta":{"_acf_changed":false,"inline_featured_image":false},"product_brand":[2439],"product_cat":[571,944],"product_tag":[2769,2770,3337,3339,3340,2773,3386,3394,3390,3341,3342,3343,3344,3345,3346,3347],"class_list":{"0":"post-53806","1":"product","2":"type-product","3":"status-publish","4":"has-post-thumbnail","6":"product_brand-latrex-boats","7":"product_cat-boats","8":"product_cat-fiberglass-paddle-boats","9":"product_tag-airu-laiva","10":"product_tag-airu-laiva-makskeresanai","11":"product_tag-airu-laivas","12":"product_tag-boats","13":"product_tag-fiberglass-boats","14":"product_tag-laivas","15":"product_tag-latrex","16":"product_tag-latrex-420","17":"product_tag-latrex-laivas","18":"product_tag-paddle-boats","19":"product_tag-rowing-boats","20":"product_tag-stiklaskiedras-laivas","21":"product_tag-3344","22":"product_tag-3345","23":"product_tag-3346","24":"product_tag-3347","26":"first","27":"instock","28":"shipping-taxable","29":"purchasable","30":"product-type-simple"},"acf":[],"yoast_head":"<!-- This site is optimized with the Yoast SEO plugin v27.5 - https:\/\/yoast.com\/product\/yoast-seo-wordpress\/ -->\n<title>Rowing boat LATREX 420 - WATERSKIS.LV<\/title>\n<meta name=\"description\" content=\"Rowing boat LATREX 420 a classic design rowing boat. Description: Length \u2013 423 cm. Width \u2013 140 cm. Height \u2013 50 cm. Weight \u2013 65 kg. Load \u2013 300 kg. Seats \u2013 3\" \/>\n<meta name=\"robots\" content=\"index, follow, max-snippet:-1, max-image-preview:large, max-video-preview:-1\" \/>\n<link rel=\"canonical\" href=\"https:\/\/www.waterskis.lv\/en\/product\/rowing-boat-latrex-420\/\" \/>\n<meta property=\"og:locale\" content=\"en_US\" \/>\n<meta property=\"og:type\" content=\"article\" \/>\n<meta property=\"og:title\" content=\"Rowing boat LATREX 420 - WATERSKIS.LV\" \/>\n<meta property=\"og:description\" content=\"Rowing boat LATREX 420 a classic design rowing boat. Description: Length \u2013 423 cm. Width \u2013 140 cm. Height \u2013 50 cm. Weight \u2013 65 kg. Load \u2013 300 kg. Seats \u2013 3\" \/>\n<meta property=\"og:url\" content=\"https:\/\/www.waterskis.lv\/en\/product\/rowing-boat-latrex-420\/\" \/>\n<meta property=\"og:site_name\" content=\"WATERSKIS.LV\" \/>\n<meta property=\"article:publisher\" content=\"https:\/\/www.facebook.com\/jurmalawaterskiwakeboardpark\/\" \/>\n<meta property=\"article:modified_time\" content=\"2026-02-04T10:37:38+00:00\" \/>\n<meta property=\"og:image\" content=\"https:\/\/www.waterskis.lv\/wp-content\/uploads\/2023\/12\/420.jpg\" \/>\n\t<meta property=\"og:image:width\" content=\"800\" \/>\n\t<meta property=\"og:image:height\" content=\"800\" \/>\n\t<meta property=\"og:image:type\" content=\"image\/jpeg\" \/>\n<meta name=\"twitter:card\" content=\"summary_large_image\" \/>\n<meta name=\"twitter:label1\" content=\"Est. reading time\" \/>\n\t<meta name=\"twitter:data1\" content=\"2 minutes\" \/>\n<script type=\"application\/ld+json\" class=\"yoast-schema-graph\">{\"@context\":\"https:\\\/\\\/schema.org\",\"@graph\":[{\"@type\":\"WebPage\",\"@id\":\"https:\\\/\\\/www.waterskis.lv\\\/en\\\/product\\\/rowing-boat-latrex-420\\\/\",\"url\":\"https:\\\/\\\/www.waterskis.lv\\\/en\\\/product\\\/rowing-boat-latrex-420\\\/\",\"name\":\"Rowing boat LATREX 420 - WATERSKIS.LV\",\"isPartOf\":{\"@id\":\"https:\\\/\\\/www.waterskis.lv\\\/en\\\/#website\"},\"primaryImageOfPage\":{\"@id\":\"https:\\\/\\\/www.waterskis.lv\\\/en\\\/product\\\/rowing-boat-latrex-420\\\/#primaryimage\"},\"image\":{\"@id\":\"https:\\\/\\\/www.waterskis.lv\\\/en\\\/product\\\/rowing-boat-latrex-420\\\/#primaryimage\"},\"thumbnailUrl\":\"https:\\\/\\\/www.waterskis.lv\\\/wp-content\\\/uploads\\\/2023\\\/12\\\/420.jpg\",\"datePublished\":\"2023-12-30T07:12:39+00:00\",\"dateModified\":\"2026-02-04T10:37:38+00:00\",\"description\":\"Rowing boat LATREX 420 a classic design rowing boat. Description: Length \u2013 423 cm. Width \u2013 140 cm. Height \u2013 50 cm. Weight \u2013 65 kg. Load \u2013 300 kg. Seats \u2013 3\",\"breadcrumb\":{\"@id\":\"https:\\\/\\\/www.waterskis.lv\\\/en\\\/product\\\/rowing-boat-latrex-420\\\/#breadcrumb\"},\"inLanguage\":\"en-US\",\"potentialAction\":[{\"@type\":\"ReadAction\",\"target\":[\"https:\\\/\\\/www.waterskis.lv\\\/en\\\/product\\\/rowing-boat-latrex-420\\\/\"]}]},{\"@type\":\"ImageObject\",\"inLanguage\":\"en-US\",\"@id\":\"https:\\\/\\\/www.waterskis.lv\\\/en\\\/product\\\/rowing-boat-latrex-420\\\/#primaryimage\",\"url\":\"https:\\\/\\\/www.waterskis.lv\\\/wp-content\\\/uploads\\\/2023\\\/12\\\/420.jpg\",\"contentUrl\":\"https:\\\/\\\/www.waterskis.lv\\\/wp-content\\\/uploads\\\/2023\\\/12\\\/420.jpg\",\"width\":800,\"height\":800,\"caption\":\"Airu laiva LATREX 420\"},{\"@type\":\"BreadcrumbList\",\"@id\":\"https:\\\/\\\/www.waterskis.lv\\\/en\\\/product\\\/rowing-boat-latrex-420\\\/#breadcrumb\",\"itemListElement\":[{\"@type\":\"ListItem\",\"position\":1,\"name\":\"Home\",\"item\":\"https:\\\/\\\/www.waterskis.lv\\\/en\\\/\"},{\"@type\":\"ListItem\",\"position\":2,\"name\":\"Shop\",\"item\":\"https:\\\/\\\/waterskis.lv\\\/en\\\/shop\\\/\"},{\"@type\":\"ListItem\",\"position\":3,\"name\":\"Rowing boat LATREX 420\"}]},{\"@type\":\"WebSite\",\"@id\":\"https:\\\/\\\/www.waterskis.lv\\\/en\\\/#website\",\"url\":\"https:\\\/\\\/www.waterskis.lv\\\/en\\\/\",\"name\":\"WATERSKIS.LV\",\"description\":\"SUP d\u0113\u013ci, kajaki, kanoe, airu laivas, \u016bdenssl\u0113po\u0161ana, veikbords, SUP d\u0113\u013cu noma, kajaku nomaakt\u012bv\u0101s atp\u016btas centrs, laivu noma, sup noma, kajaku noma\",\"publisher\":{\"@id\":\"https:\\\/\\\/www.waterskis.lv\\\/en\\\/#organization\"},\"potentialAction\":[{\"@type\":\"SearchAction\",\"target\":{\"@type\":\"EntryPoint\",\"urlTemplate\":\"https:\\\/\\\/www.waterskis.lv\\\/en\\\/?s={search_term_string}\"},\"query-input\":{\"@type\":\"PropertyValueSpecification\",\"valueRequired\":true,\"valueName\":\"search_term_string\"}}],\"inLanguage\":\"en-US\"},{\"@type\":\"Organization\",\"@id\":\"https:\\\/\\\/www.waterskis.lv\\\/en\\\/#organization\",\"name\":\"WATERSKIS.LV\",\"url\":\"https:\\\/\\\/www.waterskis.lv\\\/en\\\/\",\"logo\":{\"@type\":\"ImageObject\",\"inLanguage\":\"en-US\",\"@id\":\"https:\\\/\\\/www.waterskis.lv\\\/en\\\/#\\\/schema\\\/logo\\\/image\\\/\",\"url\":\"https:\\\/\\\/www.waterskis.lv\\\/wp-content\\\/uploads\\\/2025\\\/01\\\/JUVP-logo.png\",\"contentUrl\":\"https:\\\/\\\/www.waterskis.lv\\\/wp-content\\\/uploads\\\/2025\\\/01\\\/JUVP-logo.png\",\"width\":421,\"height\":202,\"caption\":\"WATERSKIS.LV\"},\"image\":{\"@id\":\"https:\\\/\\\/www.waterskis.lv\\\/en\\\/#\\\/schema\\\/logo\\\/image\\\/\"},\"sameAs\":[\"https:\\\/\\\/www.facebook.com\\\/jurmalawaterskiwakeboardpark\\\/\"]}]}<\/script>\n<!-- \/ Yoast SEO plugin. -->","yoast_head_json":{"title":"Rowing boat LATREX 420 - WATERSKIS.LV","description":"Rowing boat LATREX 420 a classic design rowing boat. Description: Length \u2013 423 cm. Width \u2013 140 cm. Height \u2013 50 cm. Weight \u2013 65 kg. Load \u2013 300 kg. Seats \u2013 3","robots":{"index":"index","follow":"follow","max-snippet":"max-snippet:-1","max-image-preview":"max-image-preview:large","max-video-preview":"max-video-preview:-1"},"canonical":"https:\/\/www.waterskis.lv\/en\/product\/rowing-boat-latrex-420\/","og_locale":"en_US","og_type":"article","og_title":"Rowing boat LATREX 420 - WATERSKIS.LV","og_description":"Rowing boat LATREX 420 a classic design rowing boat. Description: Length \u2013 423 cm. Width \u2013 140 cm. Height \u2013 50 cm. Weight \u2013 65 kg. Load \u2013 300 kg. Seats \u2013 3","og_url":"https:\/\/www.waterskis.lv\/en\/product\/rowing-boat-latrex-420\/","og_site_name":"WATERSKIS.LV","article_publisher":"https:\/\/www.facebook.com\/jurmalawaterskiwakeboardpark\/","article_modified_time":"2026-02-04T10:37:38+00:00","og_image":[{"width":800,"height":800,"url":"https:\/\/www.waterskis.lv\/wp-content\/uploads\/2023\/12\/420.jpg","type":"image\/jpeg"}],"twitter_card":"summary_large_image","twitter_misc":{"Est. reading time":"2 minutes"},"schema":{"@context":"https:\/\/schema.org","@graph":[{"@type":"WebPage","@id":"https:\/\/www.waterskis.lv\/en\/product\/rowing-boat-latrex-420\/","url":"https:\/\/www.waterskis.lv\/en\/product\/rowing-boat-latrex-420\/","name":"Rowing boat LATREX 420 - WATERSKIS.LV","isPartOf":{"@id":"https:\/\/www.waterskis.lv\/en\/#website"},"primaryImageOfPage":{"@id":"https:\/\/www.waterskis.lv\/en\/product\/rowing-boat-latrex-420\/#primaryimage"},"image":{"@id":"https:\/\/www.waterskis.lv\/en\/product\/rowing-boat-latrex-420\/#primaryimage"},"thumbnailUrl":"https:\/\/www.waterskis.lv\/wp-content\/uploads\/2023\/12\/420.jpg","datePublished":"2023-12-30T07:12:39+00:00","dateModified":"2026-02-04T10:37:38+00:00","description":"Rowing boat LATREX 420 a classic design rowing boat. Description: Length \u2013 423 cm. Width \u2013 140 cm. Height \u2013 50 cm. Weight \u2013 65 kg. Load \u2013 300 kg. Seats \u2013 3","breadcrumb":{"@id":"https:\/\/www.waterskis.lv\/en\/product\/rowing-boat-latrex-420\/#breadcrumb"},"inLanguage":"en-US","potentialAction":[{"@type":"ReadAction","target":["https:\/\/www.waterskis.lv\/en\/product\/rowing-boat-latrex-420\/"]}]},{"@type":"ImageObject","inLanguage":"en-US","@id":"https:\/\/www.waterskis.lv\/en\/product\/rowing-boat-latrex-420\/#primaryimage","url":"https:\/\/www.waterskis.lv\/wp-content\/uploads\/2023\/12\/420.jpg","contentUrl":"https:\/\/www.waterskis.lv\/wp-content\/uploads\/2023\/12\/420.jpg","width":800,"height":800,"caption":"Airu laiva LATREX 420"},{"@type":"BreadcrumbList","@id":"https:\/\/www.waterskis.lv\/en\/product\/rowing-boat-latrex-420\/#breadcrumb","itemListElement":[{"@type":"ListItem","position":1,"name":"Home","item":"https:\/\/www.waterskis.lv\/en\/"},{"@type":"ListItem","position":2,"name":"Shop","item":"https:\/\/waterskis.lv\/en\/shop\/"},{"@type":"ListItem","position":3,"name":"Rowing boat LATREX 420"}]},{"@type":"WebSite","@id":"https:\/\/www.waterskis.lv\/en\/#website","url":"https:\/\/www.waterskis.lv\/en\/","name":"WATERSKIS.LV","description":"SUP d\u0113\u013ci, kajaki, kanoe, airu laivas, \u016bdenssl\u0113po\u0161ana, veikbords, SUP d\u0113\u013cu noma, kajaku nomaakt\u012bv\u0101s atp\u016btas centrs, laivu noma, sup noma, kajaku noma","publisher":{"@id":"https:\/\/www.waterskis.lv\/en\/#organization"},"potentialAction":[{"@type":"SearchAction","target":{"@type":"EntryPoint","urlTemplate":"https:\/\/www.waterskis.lv\/en\/?s={search_term_string}"},"query-input":{"@type":"PropertyValueSpecification","valueRequired":true,"valueName":"search_term_string"}}],"inLanguage":"en-US"},{"@type":"Organization","@id":"https:\/\/www.waterskis.lv\/en\/#organization","name":"WATERSKIS.LV","url":"https:\/\/www.waterskis.lv\/en\/","logo":{"@type":"ImageObject","inLanguage":"en-US","@id":"https:\/\/www.waterskis.lv\/en\/#\/schema\/logo\/image\/","url":"https:\/\/www.waterskis.lv\/wp-content\/uploads\/2025\/01\/JUVP-logo.png","contentUrl":"https:\/\/www.waterskis.lv\/wp-content\/uploads\/2025\/01\/JUVP-logo.png","width":421,"height":202,"caption":"WATERSKIS.LV"},"image":{"@id":"https:\/\/www.waterskis.lv\/en\/#\/schema\/logo\/image\/"},"sameAs":["https:\/\/www.facebook.com\/jurmalawaterskiwakeboardpark\/"]}]}},"_links":{"self":[{"href":"https:\/\/www.waterskis.lv\/en\/wp-json\/wp\/v2\/product\/53806","targetHints":{"allow":["GET"]}}],"collection":[{"href":"https:\/\/www.waterskis.lv\/en\/wp-json\/wp\/v2\/product"}],"about":[{"href":"https:\/\/www.waterskis.lv\/en\/wp-json\/wp\/v2\/types\/product"}],"replies":[{"embeddable":true,"href":"https:\/\/www.waterskis.lv\/en\/wp-json\/wp\/v2\/comments?post=53806"}],"wp:featuredmedia":[{"embeddable":true,"href":"https:\/\/www.waterskis.lv\/en\/wp-json\/wp\/v2\/media\/53786"}],"wp:attachment":[{"href":"https:\/\/www.waterskis.lv\/en\/wp-json\/wp\/v2\/media?parent=53806"}],"wp:term":[{"taxonomy":"product_brand","embeddable":true,"href":"https:\/\/www.waterskis.lv\/en\/wp-json\/wp\/v2\/product_brand?post=53806"},{"taxonomy":"product_cat","embeddable":true,"href":"https:\/\/www.waterskis.lv\/en\/wp-json\/wp\/v2\/product_cat?post=53806"},{"taxonomy":"product_tag","embeddable":true,"href":"https:\/\/www.waterskis.lv\/en\/wp-json\/wp\/v2\/product_tag?post=53806"}],"curies":[{"name":"wp","href":"https:\/\/api.w.org\/{rel}","templated":true}]}}