{"id":53836,"date":"2023-12-30T10:20:32","date_gmt":"2023-12-30T07:20:32","guid":{"rendered":"https:\/\/www.waterskis.lv\/product\/laiva-latrex-430\/"},"modified":"2026-02-03T16:54:29","modified_gmt":"2026-02-03T14:54:29","slug":"boat-latrex-430","status":"publish","type":"product","link":"https:\/\/www.waterskis.lv\/en\/product\/boat-latrex-430\/","title":{"rendered":"Boat LATREX 430"},"content":{"rendered":"<h1>Boat LATREX 430<\/h1>\n<p>Boat LATREX 430<\/p>\n<p>Large, strong, and safe boat<\/p>\n<p>Description:<\/p>\n<p>Length \u2013 430 cm.<br \/>\nWidth \u2013 170 cm.<br \/>\nHeight \u2013 55 \u2013 70 cm.<br \/>\nWeight \u2013 120 kg.<br \/>\nLoad \u2013 450 kg.<br \/>\nSeats \u2013 4.<br \/>\nRecommended outboard engine up to 15 HP.<br \/>\nTransom height \u2013 S (395 mm)<\/p>\n<p>CE certificate, design category \u2013 C<\/p>\n<p>Standard equipment:<\/p>\n<p>Three buoyancy sections<br \/>\nKeels filed with PU foam<br \/>\nTwo rowlock socket pairs<br \/>\nThree mooring loops (U-bolt)<br \/>\nOar fixator pair<br \/>\nCondensation plugs in buoyancy sections<br \/>\nStorage box in a rear seat<br \/>\nTwo plastic handles<br \/>\nExternal and internal transom plates<br \/>\nVisible and invisible Craft Identification Number ( CIN )<\/p>\n<p>Optional equipment:<\/p>\n<p>Oars, 240 cm, plastic blade,<br \/>\nOarlock, clamp<br \/>\nDeck drainage<br \/>\nTwo flush mount rod holders in midle seat<br \/>\nRubrail, 26 x 22 \/ 9 , with stainless steel end cups<br \/>\nThree plastic cleats<br \/>\nThree stainless steel cleat<br \/>\nSix plastic handles<br \/>\nSix stainless steel handles<br \/>\nAll seats filled with PU foam<br \/>\nSide keel metal protection<br \/>\nStorage tent<br \/>\nSoft seat cushions<\/p>\n","protected":false},"excerpt":{"rendered":"<p>Boat LATREX 430 Boat LATREX 430 Large, strong, and safe boat Description: Length \u2013 430 cm. Width \u2013 170 cm. Height \u2013 55 \u2013 70 cm. Weight \u2013 120 kg. Load \u2013 450 kg. Seats \u2013 4. Recommended outboard engine up to 15 HP. Transom height \u2013 S (395 mm) CE certificate, design category \u2013 [&#8230;]<\/p>\n<p><a class=\"btn btn-secondary understrap-read-more-link\" href=\"https:\/\/www.waterskis.lv\/en\/product\/boat-latrex-430\/\">Read More&#8230;<\/a><\/p>\n","protected":false},"featured_media":53810,"comment_status":"closed","ping_status":"closed","template":"","meta":{"_acf_changed":false,"inline_featured_image":false},"product_brand":[2439],"product_cat":[571,944],"product_tag":[2769,3337,3339,3340,2773,3386,3385,3341,3342,3343,3344,3345,3346,3347],"class_list":{"0":"post-53836","1":"product","2":"type-product","3":"status-publish","4":"has-post-thumbnail","6":"product_brand-latrex-boats","7":"product_cat-boats","8":"product_cat-fiberglass-paddle-boats","9":"product_tag-airu-laiva","10":"product_tag-airu-laivas","11":"product_tag-boats","12":"product_tag-fiberglass-boats","13":"product_tag-laivas","14":"product_tag-latrex","15":"product_tag-latrex-430","16":"product_tag-paddle-boats","17":"product_tag-rowing-boats","18":"product_tag-stiklaskiedras-laivas","19":"product_tag-3344","20":"product_tag-3345","21":"product_tag-3346","22":"product_tag-3347","24":"first","25":"instock","26":"shipping-taxable","27":"purchasable","28":"product-type-simple"},"acf":[],"yoast_head":"<!-- This site is optimized with the Yoast SEO plugin v27.5 - https:\/\/yoast.com\/product\/yoast-seo-wordpress\/ -->\n<title>Boat LATREX 430 - WATERSKIS.LV<\/title>\n<meta name=\"description\" content=\"Boat LATREX 430. Recommended outboard engine up to 15 HP. Transom height \u2013 S (395 mm). Large, strong, and safe boat. Jurmala Boats Shop[ &amp; Rentals\" \/>\n<meta name=\"robots\" content=\"index, follow, max-snippet:-1, max-image-preview:large, max-video-preview:-1\" \/>\n<link rel=\"canonical\" href=\"https:\/\/www.waterskis.lv\/en\/product\/boat-latrex-430\/\" \/>\n<meta property=\"og:locale\" content=\"en_US\" \/>\n<meta property=\"og:type\" content=\"article\" \/>\n<meta property=\"og:title\" content=\"Boat LATREX 430 - WATERSKIS.LV\" \/>\n<meta property=\"og:description\" content=\"Boat LATREX 430. Recommended outboard engine up to 15 HP. Transom height \u2013 S (395 mm). Large, strong, and safe boat. Jurmala Boats Shop[ &amp; Rentals\" \/>\n<meta property=\"og:url\" content=\"https:\/\/www.waterskis.lv\/en\/product\/boat-latrex-430\/\" \/>\n<meta property=\"og:site_name\" content=\"WATERSKIS.LV\" \/>\n<meta property=\"article:publisher\" content=\"https:\/\/www.facebook.com\/jurmalawaterskiwakeboardpark\/\" \/>\n<meta property=\"article:modified_time\" content=\"2026-02-03T14:54:29+00:00\" \/>\n<meta property=\"og:image\" content=\"https:\/\/www.waterskis.lv\/wp-content\/uploads\/2023\/12\/430.jpg\" \/>\n\t<meta property=\"og:image:width\" content=\"800\" \/>\n\t<meta property=\"og:image:height\" content=\"800\" \/>\n\t<meta property=\"og:image:type\" content=\"image\/jpeg\" \/>\n<meta name=\"twitter:card\" content=\"summary_large_image\" \/>\n<meta name=\"twitter:label1\" content=\"Est. reading time\" \/>\n\t<meta name=\"twitter:data1\" content=\"2 minutes\" \/>\n<script type=\"application\/ld+json\" class=\"yoast-schema-graph\">{\"@context\":\"https:\\\/\\\/schema.org\",\"@graph\":[{\"@type\":\"WebPage\",\"@id\":\"https:\\\/\\\/www.waterskis.lv\\\/en\\\/product\\\/boat-latrex-430\\\/\",\"url\":\"https:\\\/\\\/www.waterskis.lv\\\/en\\\/product\\\/boat-latrex-430\\\/\",\"name\":\"Boat LATREX 430 - WATERSKIS.LV\",\"isPartOf\":{\"@id\":\"https:\\\/\\\/www.waterskis.lv\\\/en\\\/#website\"},\"primaryImageOfPage\":{\"@id\":\"https:\\\/\\\/www.waterskis.lv\\\/en\\\/product\\\/boat-latrex-430\\\/#primaryimage\"},\"image\":{\"@id\":\"https:\\\/\\\/www.waterskis.lv\\\/en\\\/product\\\/boat-latrex-430\\\/#primaryimage\"},\"thumbnailUrl\":\"https:\\\/\\\/www.waterskis.lv\\\/wp-content\\\/uploads\\\/2023\\\/12\\\/430.jpg\",\"datePublished\":\"2023-12-30T07:20:32+00:00\",\"dateModified\":\"2026-02-03T14:54:29+00:00\",\"description\":\"Boat LATREX 430. Recommended outboard engine up to 15 HP. Transom height \u2013 S (395 mm). Large, strong, and safe boat. Jurmala Boats Shop[ & Rentals\",\"breadcrumb\":{\"@id\":\"https:\\\/\\\/www.waterskis.lv\\\/en\\\/product\\\/boat-latrex-430\\\/#breadcrumb\"},\"inLanguage\":\"en-US\",\"potentialAction\":[{\"@type\":\"ReadAction\",\"target\":[\"https:\\\/\\\/www.waterskis.lv\\\/en\\\/product\\\/boat-latrex-430\\\/\"]}]},{\"@type\":\"ImageObject\",\"inLanguage\":\"en-US\",\"@id\":\"https:\\\/\\\/www.waterskis.lv\\\/en\\\/product\\\/boat-latrex-430\\\/#primaryimage\",\"url\":\"https:\\\/\\\/www.waterskis.lv\\\/wp-content\\\/uploads\\\/2023\\\/12\\\/430.jpg\",\"contentUrl\":\"https:\\\/\\\/www.waterskis.lv\\\/wp-content\\\/uploads\\\/2023\\\/12\\\/430.jpg\",\"width\":800,\"height\":800,\"caption\":\"Laiva LATREX 430\"},{\"@type\":\"BreadcrumbList\",\"@id\":\"https:\\\/\\\/www.waterskis.lv\\\/en\\\/product\\\/boat-latrex-430\\\/#breadcrumb\",\"itemListElement\":[{\"@type\":\"ListItem\",\"position\":1,\"name\":\"Home\",\"item\":\"https:\\\/\\\/www.waterskis.lv\\\/en\\\/\"},{\"@type\":\"ListItem\",\"position\":2,\"name\":\"Shop\",\"item\":\"https:\\\/\\\/waterskis.lv\\\/en\\\/shop\\\/\"},{\"@type\":\"ListItem\",\"position\":3,\"name\":\"Boat LATREX 430\"}]},{\"@type\":\"WebSite\",\"@id\":\"https:\\\/\\\/www.waterskis.lv\\\/en\\\/#website\",\"url\":\"https:\\\/\\\/www.waterskis.lv\\\/en\\\/\",\"name\":\"WATERSKIS.LV\",\"description\":\"SUP d\u0113\u013ci, kajaki, kanoe, airu laivas, \u016bdenssl\u0113po\u0161ana, veikbords, SUP d\u0113\u013cu noma, kajaku nomaakt\u012bv\u0101s atp\u016btas centrs, laivu noma, sup noma, kajaku noma\",\"publisher\":{\"@id\":\"https:\\\/\\\/www.waterskis.lv\\\/en\\\/#organization\"},\"potentialAction\":[{\"@type\":\"SearchAction\",\"target\":{\"@type\":\"EntryPoint\",\"urlTemplate\":\"https:\\\/\\\/www.waterskis.lv\\\/en\\\/?s={search_term_string}\"},\"query-input\":{\"@type\":\"PropertyValueSpecification\",\"valueRequired\":true,\"valueName\":\"search_term_string\"}}],\"inLanguage\":\"en-US\"},{\"@type\":\"Organization\",\"@id\":\"https:\\\/\\\/www.waterskis.lv\\\/en\\\/#organization\",\"name\":\"WATERSKIS.LV\",\"url\":\"https:\\\/\\\/www.waterskis.lv\\\/en\\\/\",\"logo\":{\"@type\":\"ImageObject\",\"inLanguage\":\"en-US\",\"@id\":\"https:\\\/\\\/www.waterskis.lv\\\/en\\\/#\\\/schema\\\/logo\\\/image\\\/\",\"url\":\"https:\\\/\\\/www.waterskis.lv\\\/wp-content\\\/uploads\\\/2025\\\/01\\\/JUVP-logo.png\",\"contentUrl\":\"https:\\\/\\\/www.waterskis.lv\\\/wp-content\\\/uploads\\\/2025\\\/01\\\/JUVP-logo.png\",\"width\":421,\"height\":202,\"caption\":\"WATERSKIS.LV\"},\"image\":{\"@id\":\"https:\\\/\\\/www.waterskis.lv\\\/en\\\/#\\\/schema\\\/logo\\\/image\\\/\"},\"sameAs\":[\"https:\\\/\\\/www.facebook.com\\\/jurmalawaterskiwakeboardpark\\\/\"]}]}<\/script>\n<!-- \/ Yoast SEO plugin. -->","yoast_head_json":{"title":"Boat LATREX 430 - WATERSKIS.LV","description":"Boat LATREX 430. Recommended outboard engine up to 15 HP. Transom height \u2013 S (395 mm). Large, strong, and safe boat. Jurmala Boats Shop[ & Rentals","robots":{"index":"index","follow":"follow","max-snippet":"max-snippet:-1","max-image-preview":"max-image-preview:large","max-video-preview":"max-video-preview:-1"},"canonical":"https:\/\/www.waterskis.lv\/en\/product\/boat-latrex-430\/","og_locale":"en_US","og_type":"article","og_title":"Boat LATREX 430 - WATERSKIS.LV","og_description":"Boat LATREX 430. Recommended outboard engine up to 15 HP. Transom height \u2013 S (395 mm). Large, strong, and safe boat. Jurmala Boats Shop[ & Rentals","og_url":"https:\/\/www.waterskis.lv\/en\/product\/boat-latrex-430\/","og_site_name":"WATERSKIS.LV","article_publisher":"https:\/\/www.facebook.com\/jurmalawaterskiwakeboardpark\/","article_modified_time":"2026-02-03T14:54:29+00:00","og_image":[{"width":800,"height":800,"url":"https:\/\/www.waterskis.lv\/wp-content\/uploads\/2023\/12\/430.jpg","type":"image\/jpeg"}],"twitter_card":"summary_large_image","twitter_misc":{"Est. reading time":"2 minutes"},"schema":{"@context":"https:\/\/schema.org","@graph":[{"@type":"WebPage","@id":"https:\/\/www.waterskis.lv\/en\/product\/boat-latrex-430\/","url":"https:\/\/www.waterskis.lv\/en\/product\/boat-latrex-430\/","name":"Boat LATREX 430 - WATERSKIS.LV","isPartOf":{"@id":"https:\/\/www.waterskis.lv\/en\/#website"},"primaryImageOfPage":{"@id":"https:\/\/www.waterskis.lv\/en\/product\/boat-latrex-430\/#primaryimage"},"image":{"@id":"https:\/\/www.waterskis.lv\/en\/product\/boat-latrex-430\/#primaryimage"},"thumbnailUrl":"https:\/\/www.waterskis.lv\/wp-content\/uploads\/2023\/12\/430.jpg","datePublished":"2023-12-30T07:20:32+00:00","dateModified":"2026-02-03T14:54:29+00:00","description":"Boat LATREX 430. Recommended outboard engine up to 15 HP. Transom height \u2013 S (395 mm). Large, strong, and safe boat. Jurmala Boats Shop[ & Rentals","breadcrumb":{"@id":"https:\/\/www.waterskis.lv\/en\/product\/boat-latrex-430\/#breadcrumb"},"inLanguage":"en-US","potentialAction":[{"@type":"ReadAction","target":["https:\/\/www.waterskis.lv\/en\/product\/boat-latrex-430\/"]}]},{"@type":"ImageObject","inLanguage":"en-US","@id":"https:\/\/www.waterskis.lv\/en\/product\/boat-latrex-430\/#primaryimage","url":"https:\/\/www.waterskis.lv\/wp-content\/uploads\/2023\/12\/430.jpg","contentUrl":"https:\/\/www.waterskis.lv\/wp-content\/uploads\/2023\/12\/430.jpg","width":800,"height":800,"caption":"Laiva LATREX 430"},{"@type":"BreadcrumbList","@id":"https:\/\/www.waterskis.lv\/en\/product\/boat-latrex-430\/#breadcrumb","itemListElement":[{"@type":"ListItem","position":1,"name":"Home","item":"https:\/\/www.waterskis.lv\/en\/"},{"@type":"ListItem","position":2,"name":"Shop","item":"https:\/\/waterskis.lv\/en\/shop\/"},{"@type":"ListItem","position":3,"name":"Boat LATREX 430"}]},{"@type":"WebSite","@id":"https:\/\/www.waterskis.lv\/en\/#website","url":"https:\/\/www.waterskis.lv\/en\/","name":"WATERSKIS.LV","description":"SUP d\u0113\u013ci, kajaki, kanoe, airu laivas, \u016bdenssl\u0113po\u0161ana, veikbords, SUP d\u0113\u013cu noma, kajaku nomaakt\u012bv\u0101s atp\u016btas centrs, laivu noma, sup noma, kajaku noma","publisher":{"@id":"https:\/\/www.waterskis.lv\/en\/#organization"},"potentialAction":[{"@type":"SearchAction","target":{"@type":"EntryPoint","urlTemplate":"https:\/\/www.waterskis.lv\/en\/?s={search_term_string}"},"query-input":{"@type":"PropertyValueSpecification","valueRequired":true,"valueName":"search_term_string"}}],"inLanguage":"en-US"},{"@type":"Organization","@id":"https:\/\/www.waterskis.lv\/en\/#organization","name":"WATERSKIS.LV","url":"https:\/\/www.waterskis.lv\/en\/","logo":{"@type":"ImageObject","inLanguage":"en-US","@id":"https:\/\/www.waterskis.lv\/en\/#\/schema\/logo\/image\/","url":"https:\/\/www.waterskis.lv\/wp-content\/uploads\/2025\/01\/JUVP-logo.png","contentUrl":"https:\/\/www.waterskis.lv\/wp-content\/uploads\/2025\/01\/JUVP-logo.png","width":421,"height":202,"caption":"WATERSKIS.LV"},"image":{"@id":"https:\/\/www.waterskis.lv\/en\/#\/schema\/logo\/image\/"},"sameAs":["https:\/\/www.facebook.com\/jurmalawaterskiwakeboardpark\/"]}]}},"_links":{"self":[{"href":"https:\/\/www.waterskis.lv\/en\/wp-json\/wp\/v2\/product\/53836","targetHints":{"allow":["GET"]}}],"collection":[{"href":"https:\/\/www.waterskis.lv\/en\/wp-json\/wp\/v2\/product"}],"about":[{"href":"https:\/\/www.waterskis.lv\/en\/wp-json\/wp\/v2\/types\/product"}],"replies":[{"embeddable":true,"href":"https:\/\/www.waterskis.lv\/en\/wp-json\/wp\/v2\/comments?post=53836"}],"wp:featuredmedia":[{"embeddable":true,"href":"https:\/\/www.waterskis.lv\/en\/wp-json\/wp\/v2\/media\/53810"}],"wp:attachment":[{"href":"https:\/\/www.waterskis.lv\/en\/wp-json\/wp\/v2\/media?parent=53836"}],"wp:term":[{"taxonomy":"product_brand","embeddable":true,"href":"https:\/\/www.waterskis.lv\/en\/wp-json\/wp\/v2\/product_brand?post=53836"},{"taxonomy":"product_cat","embeddable":true,"href":"https:\/\/www.waterskis.lv\/en\/wp-json\/wp\/v2\/product_cat?post=53836"},{"taxonomy":"product_tag","embeddable":true,"href":"https:\/\/www.waterskis.lv\/en\/wp-json\/wp\/v2\/product_tag?post=53836"}],"curies":[{"name":"wp","href":"https:\/\/api.w.org\/{rel}","templated":true}]}}