{"id":54899,"date":"2024-05-30T08:34:17","date_gmt":"2024-05-30T05:34:17","guid":{"rendered":"https:\/\/www.waterskis.lv\/product\/veikborda-virve-follow-wake-the-basic-w-65ft-low-stretch-rope-wakeboard-package-white\/"},"modified":"2026-01-29T12:04:28","modified_gmt":"2026-01-29T10:04:28","slug":"follow-wake-the-basic-w-65ft-low-stretch-rope-wakeboard-package-white","status":"publish","type":"product","link":"https:\/\/www.waterskis.lv\/en\/product\/follow-wake-the-basic-w-65ft-low-stretch-rope-wakeboard-package-white\/","title":{"rendered":"FOLLOW WAKE THE BASIC W\/65FT. LOW STRETCH ROPE WAKEBOARD PACKAGE &#8211; WHITE"},"content":{"rendered":"<h1>FOLLOW WAKE THE BASIC W\/65FT. LOW STRETCH ROPE WAKEBOARD PACKAGE &#8211; WHITE<\/h1>\n<p>FOLLOW WAKE THE BASIC W\/65FT. LOW STRETCH ROPE WAKEBOARD PACKAGE &#8211; WHITE<\/p>\n<p>Pros and cons<\/p>\n<div class=\"pros-cons\">\n<ul>\n<li>Injected Foam Filled Bars<\/li>\n<li>Foam Float Attachments<\/li>\n<li>Heavy Duty Low Stretch Knotted Mainline<\/li>\n<\/ul>\n<\/div>\n<hr \/>\n<h3>Description<\/h3>\n<h4><strong>Buy your #2024 Follow Wake The Basic Wakeboard Package now, Your Online Pro Follow BrandStore.<\/strong><\/h4>\n<p class=\"Body\"><span lang=\"EN-US\">Foam attachments give the Basics package an overall buoyancy that cannot be achieved by handling and custom end caps alone. Giving the beginner a better sense of where they are in the water.<\/span><\/p>\n<p class=\"Body\"><span lang=\"EN-US\">The bottom line is this: the Basics Package is everything you need. Let\u2019s not overcomplicate this stuff. High-quality, low-cost products get you on the water and that\u2019s what this is all about. It comes in multiple different colors to get the party started.<\/span><\/p>\n<h4><strong>#2024\u00a0<\/strong><strong>Follow Wake The Basic Wakeboard\u00a0<\/strong><strong>Construction Features<\/strong><\/h4>\n<ul>\n<li>15-Inch Bar<\/li>\n<li>Narrow Circle Suede Grip<\/li>\n<li>Injected Foam Filled Bars<\/li>\n<li>Foam Float Attachments<\/li>\n<li>Heavy Duty Knotted Mainline<\/li>\n<li>65\u2019 Low-Stretch Nylon Mainline<\/li>\n<li>Section: 50\u2019 55\u2019 60\u2019 65\u2019<\/li>\n<\/ul>\n<p class=\"Body\"><strong>Narrow Circle Suede Grip<\/strong><\/p>\n<p class=\"Body\">A secure, leather-inspired suede finish with a classic handle feel. The narrow 1\u201d diameter gives you a fully comfortable hold without feeling like anything is stuck in your way.<\/p>\n","protected":false},"excerpt":{"rendered":"<p>FOLLOW WAKE THE BASIC W\/65FT. LOW STRETCH ROPE WAKEBOARD PACKAGE &#8211; WHITE FOLLOW WAKE THE BASIC W\/65FT. LOW STRETCH ROPE WAKEBOARD PACKAGE &#8211; WHITE Pros and cons Injected Foam Filled Bars Foam Float Attachments Heavy Duty Low Stretch Knotted Mainline Description Buy your #2024 Follow Wake The Basic Wakeboard Package now, Your Online Pro Follow [&#8230;]<\/p>\n<p><a class=\"btn btn-secondary understrap-read-more-link\" href=\"https:\/\/www.waterskis.lv\/en\/product\/follow-wake-the-basic-w-65ft-low-stretch-rope-wakeboard-package-white\/\">Read More&#8230;<\/a><\/p>\n","protected":false},"featured_media":54897,"comment_status":"closed","ping_status":"closed","template":"","meta":{"_acf_changed":false,"inline_featured_image":false},"product_brand":[2557],"product_cat":[960,565],"product_tag":[3045],"class_list":{"0":"post-54899","1":"product","2":"type-product","3":"status-publish","4":"has-post-thumbnail","6":"product_brand-follow","7":"product_cat-handles-lines","8":"product_cat-wakeboards","9":"product_tag-wakeboard-ropes-and-handles","11":"first","12":"instock","13":"shipping-taxable","14":"purchasable","15":"product-type-simple"},"acf":[],"yoast_head":"<!-- This site is optimized with the Yoast SEO plugin v27.5 - https:\/\/yoast.com\/product\/yoast-seo-wordpress\/ -->\n<title>FOLLOW WAKE THE BASIC W\/65FT. LOW STRETCH ROPE WAKEBOARD PACKAGE - WHITE - WATERSKIS.LV<\/title>\n<meta name=\"description\" content=\"FOLLOW WAKE THE BASIC W\/65FT. LOW STRETCH ROPE WAKEBOARD PACKAGE - WHITE. A secure, leather-inspired suede finish with a classic handle feel\" \/>\n<meta name=\"robots\" content=\"index, follow, max-snippet:-1, max-image-preview:large, max-video-preview:-1\" \/>\n<link rel=\"canonical\" href=\"https:\/\/www.waterskis.lv\/en\/product\/follow-wake-the-basic-w-65ft-low-stretch-rope-wakeboard-package-white\/\" \/>\n<meta property=\"og:locale\" content=\"en_US\" \/>\n<meta property=\"og:type\" content=\"article\" \/>\n<meta property=\"og:title\" content=\"FOLLOW WAKE THE BASIC W\/65FT. LOW STRETCH ROPE WAKEBOARD PACKAGE - WHITE - WATERSKIS.LV\" \/>\n<meta property=\"og:description\" content=\"FOLLOW WAKE THE BASIC W\/65FT. LOW STRETCH ROPE WAKEBOARD PACKAGE - WHITE. A secure, leather-inspired suede finish with a classic handle feel\" \/>\n<meta property=\"og:url\" content=\"https:\/\/www.waterskis.lv\/en\/product\/follow-wake-the-basic-w-65ft-low-stretch-rope-wakeboard-package-white\/\" \/>\n<meta property=\"og:site_name\" content=\"WATERSKIS.LV\" \/>\n<meta property=\"article:publisher\" content=\"https:\/\/www.facebook.com\/jurmalawaterskiwakeboardpark\/\" \/>\n<meta property=\"article:modified_time\" content=\"2026-01-29T10:04:28+00:00\" \/>\n<meta property=\"og:image\" content=\"https:\/\/www.waterskis.lv\/wp-content\/uploads\/2024\/05\/Follow_basics_package_white_296180_3.jpg\" \/>\n\t<meta property=\"og:image:width\" content=\"1800\" \/>\n\t<meta property=\"og:image:height\" content=\"1800\" \/>\n\t<meta property=\"og:image:type\" content=\"image\/jpeg\" \/>\n<meta name=\"twitter:card\" content=\"summary_large_image\" \/>\n<meta name=\"twitter:label1\" content=\"Est. reading time\" \/>\n\t<meta name=\"twitter:data1\" content=\"2 minutes\" \/>\n<script type=\"application\/ld+json\" class=\"yoast-schema-graph\">{\"@context\":\"https:\\\/\\\/schema.org\",\"@graph\":[{\"@type\":\"WebPage\",\"@id\":\"https:\\\/\\\/www.waterskis.lv\\\/en\\\/product\\\/follow-wake-the-basic-w-65ft-low-stretch-rope-wakeboard-package-white\\\/\",\"url\":\"https:\\\/\\\/www.waterskis.lv\\\/en\\\/product\\\/follow-wake-the-basic-w-65ft-low-stretch-rope-wakeboard-package-white\\\/\",\"name\":\"FOLLOW WAKE THE BASIC W\\\/65FT. LOW STRETCH ROPE WAKEBOARD PACKAGE - WHITE - WATERSKIS.LV\",\"isPartOf\":{\"@id\":\"https:\\\/\\\/www.waterskis.lv\\\/en\\\/#website\"},\"primaryImageOfPage\":{\"@id\":\"https:\\\/\\\/www.waterskis.lv\\\/en\\\/product\\\/follow-wake-the-basic-w-65ft-low-stretch-rope-wakeboard-package-white\\\/#primaryimage\"},\"image\":{\"@id\":\"https:\\\/\\\/www.waterskis.lv\\\/en\\\/product\\\/follow-wake-the-basic-w-65ft-low-stretch-rope-wakeboard-package-white\\\/#primaryimage\"},\"thumbnailUrl\":\"https:\\\/\\\/www.waterskis.lv\\\/wp-content\\\/uploads\\\/2024\\\/05\\\/Follow_basics_package_white_296180_3.jpg\",\"datePublished\":\"2024-05-30T05:34:17+00:00\",\"dateModified\":\"2026-01-29T10:04:28+00:00\",\"description\":\"FOLLOW WAKE THE BASIC W\\\/65FT. LOW STRETCH ROPE WAKEBOARD PACKAGE - WHITE. A secure, leather-inspired suede finish with a classic handle feel\",\"breadcrumb\":{\"@id\":\"https:\\\/\\\/www.waterskis.lv\\\/en\\\/product\\\/follow-wake-the-basic-w-65ft-low-stretch-rope-wakeboard-package-white\\\/#breadcrumb\"},\"inLanguage\":\"en-US\",\"potentialAction\":[{\"@type\":\"ReadAction\",\"target\":[\"https:\\\/\\\/www.waterskis.lv\\\/en\\\/product\\\/follow-wake-the-basic-w-65ft-low-stretch-rope-wakeboard-package-white\\\/\"]}]},{\"@type\":\"ImageObject\",\"inLanguage\":\"en-US\",\"@id\":\"https:\\\/\\\/www.waterskis.lv\\\/en\\\/product\\\/follow-wake-the-basic-w-65ft-low-stretch-rope-wakeboard-package-white\\\/#primaryimage\",\"url\":\"https:\\\/\\\/www.waterskis.lv\\\/wp-content\\\/uploads\\\/2024\\\/05\\\/Follow_basics_package_white_296180_3.jpg\",\"contentUrl\":\"https:\\\/\\\/www.waterskis.lv\\\/wp-content\\\/uploads\\\/2024\\\/05\\\/Follow_basics_package_white_296180_3.jpg\",\"width\":1800,\"height\":1800,\"caption\":\"Veikborda virve FOLLOW WAKE THE BASIC W\\\/65FT. LOW STRETCH ROPE WAKEBOARD PACKAGE - WHITE\"},{\"@type\":\"BreadcrumbList\",\"@id\":\"https:\\\/\\\/www.waterskis.lv\\\/en\\\/product\\\/follow-wake-the-basic-w-65ft-low-stretch-rope-wakeboard-package-white\\\/#breadcrumb\",\"itemListElement\":[{\"@type\":\"ListItem\",\"position\":1,\"name\":\"Home\",\"item\":\"https:\\\/\\\/www.waterskis.lv\\\/en\\\/\"},{\"@type\":\"ListItem\",\"position\":2,\"name\":\"Shop\",\"item\":\"https:\\\/\\\/waterskis.lv\\\/en\\\/shop\\\/\"},{\"@type\":\"ListItem\",\"position\":3,\"name\":\"FOLLOW WAKE THE BASIC W\\\/65FT. LOW STRETCH ROPE WAKEBOARD PACKAGE &#8211; WHITE\"}]},{\"@type\":\"WebSite\",\"@id\":\"https:\\\/\\\/www.waterskis.lv\\\/en\\\/#website\",\"url\":\"https:\\\/\\\/www.waterskis.lv\\\/en\\\/\",\"name\":\"WATERSKIS.LV\",\"description\":\"SUP d\u0113\u013ci, kajaki, kanoe, airu laivas, \u016bdenssl\u0113po\u0161ana, veikbords, SUP d\u0113\u013cu noma, kajaku nomaakt\u012bv\u0101s atp\u016btas centrs, laivu noma, sup noma, kajaku noma\",\"publisher\":{\"@id\":\"https:\\\/\\\/www.waterskis.lv\\\/en\\\/#organization\"},\"potentialAction\":[{\"@type\":\"SearchAction\",\"target\":{\"@type\":\"EntryPoint\",\"urlTemplate\":\"https:\\\/\\\/www.waterskis.lv\\\/en\\\/?s={search_term_string}\"},\"query-input\":{\"@type\":\"PropertyValueSpecification\",\"valueRequired\":true,\"valueName\":\"search_term_string\"}}],\"inLanguage\":\"en-US\"},{\"@type\":\"Organization\",\"@id\":\"https:\\\/\\\/www.waterskis.lv\\\/en\\\/#organization\",\"name\":\"WATERSKIS.LV\",\"url\":\"https:\\\/\\\/www.waterskis.lv\\\/en\\\/\",\"logo\":{\"@type\":\"ImageObject\",\"inLanguage\":\"en-US\",\"@id\":\"https:\\\/\\\/www.waterskis.lv\\\/en\\\/#\\\/schema\\\/logo\\\/image\\\/\",\"url\":\"https:\\\/\\\/www.waterskis.lv\\\/wp-content\\\/uploads\\\/2025\\\/01\\\/JUVP-logo.png\",\"contentUrl\":\"https:\\\/\\\/www.waterskis.lv\\\/wp-content\\\/uploads\\\/2025\\\/01\\\/JUVP-logo.png\",\"width\":421,\"height\":202,\"caption\":\"WATERSKIS.LV\"},\"image\":{\"@id\":\"https:\\\/\\\/www.waterskis.lv\\\/en\\\/#\\\/schema\\\/logo\\\/image\\\/\"},\"sameAs\":[\"https:\\\/\\\/www.facebook.com\\\/jurmalawaterskiwakeboardpark\\\/\"]}]}<\/script>\n<!-- \/ Yoast SEO plugin. -->","yoast_head_json":{"title":"FOLLOW WAKE THE BASIC W\/65FT. LOW STRETCH ROPE WAKEBOARD PACKAGE - WHITE - WATERSKIS.LV","description":"FOLLOW WAKE THE BASIC W\/65FT. LOW STRETCH ROPE WAKEBOARD PACKAGE - WHITE. A secure, leather-inspired suede finish with a classic handle feel","robots":{"index":"index","follow":"follow","max-snippet":"max-snippet:-1","max-image-preview":"max-image-preview:large","max-video-preview":"max-video-preview:-1"},"canonical":"https:\/\/www.waterskis.lv\/en\/product\/follow-wake-the-basic-w-65ft-low-stretch-rope-wakeboard-package-white\/","og_locale":"en_US","og_type":"article","og_title":"FOLLOW WAKE THE BASIC W\/65FT. LOW STRETCH ROPE WAKEBOARD PACKAGE - WHITE - WATERSKIS.LV","og_description":"FOLLOW WAKE THE BASIC W\/65FT. LOW STRETCH ROPE WAKEBOARD PACKAGE - WHITE. A secure, leather-inspired suede finish with a classic handle feel","og_url":"https:\/\/www.waterskis.lv\/en\/product\/follow-wake-the-basic-w-65ft-low-stretch-rope-wakeboard-package-white\/","og_site_name":"WATERSKIS.LV","article_publisher":"https:\/\/www.facebook.com\/jurmalawaterskiwakeboardpark\/","article_modified_time":"2026-01-29T10:04:28+00:00","og_image":[{"width":1800,"height":1800,"url":"https:\/\/www.waterskis.lv\/wp-content\/uploads\/2024\/05\/Follow_basics_package_white_296180_3.jpg","type":"image\/jpeg"}],"twitter_card":"summary_large_image","twitter_misc":{"Est. reading time":"2 minutes"},"schema":{"@context":"https:\/\/schema.org","@graph":[{"@type":"WebPage","@id":"https:\/\/www.waterskis.lv\/en\/product\/follow-wake-the-basic-w-65ft-low-stretch-rope-wakeboard-package-white\/","url":"https:\/\/www.waterskis.lv\/en\/product\/follow-wake-the-basic-w-65ft-low-stretch-rope-wakeboard-package-white\/","name":"FOLLOW WAKE THE BASIC W\/65FT. LOW STRETCH ROPE WAKEBOARD PACKAGE - WHITE - WATERSKIS.LV","isPartOf":{"@id":"https:\/\/www.waterskis.lv\/en\/#website"},"primaryImageOfPage":{"@id":"https:\/\/www.waterskis.lv\/en\/product\/follow-wake-the-basic-w-65ft-low-stretch-rope-wakeboard-package-white\/#primaryimage"},"image":{"@id":"https:\/\/www.waterskis.lv\/en\/product\/follow-wake-the-basic-w-65ft-low-stretch-rope-wakeboard-package-white\/#primaryimage"},"thumbnailUrl":"https:\/\/www.waterskis.lv\/wp-content\/uploads\/2024\/05\/Follow_basics_package_white_296180_3.jpg","datePublished":"2024-05-30T05:34:17+00:00","dateModified":"2026-01-29T10:04:28+00:00","description":"FOLLOW WAKE THE BASIC W\/65FT. LOW STRETCH ROPE WAKEBOARD PACKAGE - WHITE. A secure, leather-inspired suede finish with a classic handle feel","breadcrumb":{"@id":"https:\/\/www.waterskis.lv\/en\/product\/follow-wake-the-basic-w-65ft-low-stretch-rope-wakeboard-package-white\/#breadcrumb"},"inLanguage":"en-US","potentialAction":[{"@type":"ReadAction","target":["https:\/\/www.waterskis.lv\/en\/product\/follow-wake-the-basic-w-65ft-low-stretch-rope-wakeboard-package-white\/"]}]},{"@type":"ImageObject","inLanguage":"en-US","@id":"https:\/\/www.waterskis.lv\/en\/product\/follow-wake-the-basic-w-65ft-low-stretch-rope-wakeboard-package-white\/#primaryimage","url":"https:\/\/www.waterskis.lv\/wp-content\/uploads\/2024\/05\/Follow_basics_package_white_296180_3.jpg","contentUrl":"https:\/\/www.waterskis.lv\/wp-content\/uploads\/2024\/05\/Follow_basics_package_white_296180_3.jpg","width":1800,"height":1800,"caption":"Veikborda virve FOLLOW WAKE THE BASIC W\/65FT. LOW STRETCH ROPE WAKEBOARD PACKAGE - WHITE"},{"@type":"BreadcrumbList","@id":"https:\/\/www.waterskis.lv\/en\/product\/follow-wake-the-basic-w-65ft-low-stretch-rope-wakeboard-package-white\/#breadcrumb","itemListElement":[{"@type":"ListItem","position":1,"name":"Home","item":"https:\/\/www.waterskis.lv\/en\/"},{"@type":"ListItem","position":2,"name":"Shop","item":"https:\/\/waterskis.lv\/en\/shop\/"},{"@type":"ListItem","position":3,"name":"FOLLOW WAKE THE BASIC W\/65FT. LOW STRETCH ROPE WAKEBOARD PACKAGE &#8211; WHITE"}]},{"@type":"WebSite","@id":"https:\/\/www.waterskis.lv\/en\/#website","url":"https:\/\/www.waterskis.lv\/en\/","name":"WATERSKIS.LV","description":"SUP d\u0113\u013ci, kajaki, kanoe, airu laivas, \u016bdenssl\u0113po\u0161ana, veikbords, SUP d\u0113\u013cu noma, kajaku nomaakt\u012bv\u0101s atp\u016btas centrs, laivu noma, sup noma, kajaku noma","publisher":{"@id":"https:\/\/www.waterskis.lv\/en\/#organization"},"potentialAction":[{"@type":"SearchAction","target":{"@type":"EntryPoint","urlTemplate":"https:\/\/www.waterskis.lv\/en\/?s={search_term_string}"},"query-input":{"@type":"PropertyValueSpecification","valueRequired":true,"valueName":"search_term_string"}}],"inLanguage":"en-US"},{"@type":"Organization","@id":"https:\/\/www.waterskis.lv\/en\/#organization","name":"WATERSKIS.LV","url":"https:\/\/www.waterskis.lv\/en\/","logo":{"@type":"ImageObject","inLanguage":"en-US","@id":"https:\/\/www.waterskis.lv\/en\/#\/schema\/logo\/image\/","url":"https:\/\/www.waterskis.lv\/wp-content\/uploads\/2025\/01\/JUVP-logo.png","contentUrl":"https:\/\/www.waterskis.lv\/wp-content\/uploads\/2025\/01\/JUVP-logo.png","width":421,"height":202,"caption":"WATERSKIS.LV"},"image":{"@id":"https:\/\/www.waterskis.lv\/en\/#\/schema\/logo\/image\/"},"sameAs":["https:\/\/www.facebook.com\/jurmalawaterskiwakeboardpark\/"]}]}},"_links":{"self":[{"href":"https:\/\/www.waterskis.lv\/en\/wp-json\/wp\/v2\/product\/54899","targetHints":{"allow":["GET"]}}],"collection":[{"href":"https:\/\/www.waterskis.lv\/en\/wp-json\/wp\/v2\/product"}],"about":[{"href":"https:\/\/www.waterskis.lv\/en\/wp-json\/wp\/v2\/types\/product"}],"replies":[{"embeddable":true,"href":"https:\/\/www.waterskis.lv\/en\/wp-json\/wp\/v2\/comments?post=54899"}],"wp:featuredmedia":[{"embeddable":true,"href":"https:\/\/www.waterskis.lv\/en\/wp-json\/wp\/v2\/media\/54897"}],"wp:attachment":[{"href":"https:\/\/www.waterskis.lv\/en\/wp-json\/wp\/v2\/media?parent=54899"}],"wp:term":[{"taxonomy":"product_brand","embeddable":true,"href":"https:\/\/www.waterskis.lv\/en\/wp-json\/wp\/v2\/product_brand?post=54899"},{"taxonomy":"product_cat","embeddable":true,"href":"https:\/\/www.waterskis.lv\/en\/wp-json\/wp\/v2\/product_cat?post=54899"},{"taxonomy":"product_tag","embeddable":true,"href":"https:\/\/www.waterskis.lv\/en\/wp-json\/wp\/v2\/product_tag?post=54899"}],"curies":[{"name":"wp","href":"https:\/\/api.w.org\/{rel}","templated":true}]}}