{"id":56186,"date":"2024-10-09T17:36:18","date_gmt":"2024-10-09T14:36:18","guid":{"rendered":"https:\/\/www.waterskis.lv\/product\/piepusams-sup-delis-jobe-aero-yama-8-6\/"},"modified":"2026-02-01T15:23:52","modified_gmt":"2026-02-01T13:23:52","slug":"jobe-aero-yama-sup-board-8-6-package","status":"publish","type":"product","link":"https:\/\/www.waterskis.lv\/en\/product\/jobe-aero-yama-sup-board-8-6-package\/","title":{"rendered":"Jobe Aero Yama SUP Board 8.6 Package"},"content":{"rendered":"<h1 class=\"productTitle s-hide\">Jobe Aero Yama SUP Board 8.6 Package<\/h1>\n<p class=\"productTitle s-hide\">Jobe Aero Yama SUP Board 8.6 Package<\/p>\n<div class=\"col-12 paragraph\">Introducing the Jobe Yama 8.6 Inflatable Paddle Board Package! It may be our smallest SUP but it is still loaded with new features like our &#8220;EZ Lock Fin and lightweight X-stitching construction for a higher quality experience and construction! Wherever your water starts, the inflatable Yama stand-up paddle board will meet you there! The package includes everything you need to get out on the water! Plus with its overall weight of only 13.2 pounds, this SUP board is super easy to transport from adventure to adventure!<\/div>\n<div><\/div>\n<div>\n<ul class=\"autoColumn checkListSmall blackCheck\">\n<li>Easy-to-carry neoprene handle with paddle holder<\/li>\n<li>8&#8243; EZ lock fin<\/li>\n<li>Board weight: 6kg | 13,2lbs<\/li>\n<li>Bungee storage net<\/li>\n<li>Dimensions: 8&#8217;6&#8243; x 28&#8243; x 6&#8243; | 2,59m x 71cm x 15cm<\/li>\n<li>Halkey Roberts Valve<\/li>\n<li>Heat bonded technology: more layer quality and safety<\/li>\n<li>Lightweight vertical-drop-stitch construction<\/li>\n<li>Non-slip EVA foam pattern, allows comfortable long-term SUPing<\/li>\n<li>Nose rocker: 9&#8243;, Tail Rocker: 0&#8243;&#8221;<\/li>\n<li>Package contains: Aero Yama SUP Board 8.6, Double action pump, 10 ft. coiled leash, Freedom stick youth paddle, quick release waist belt, Nylon backpack<\/li>\n<li>Package weight: 10.5kg | 23lbs<\/li>\n<li>Recommended rider weight: Up to 80kg | 180 Ibs<\/li>\n<li>Valve patch assistance<\/li>\n<li>5-year warranty after registration<\/li>\n<\/ul>\n<\/div>\n","protected":false},"excerpt":{"rendered":"<p>https:\/\/www.youtube.com\/watch?v=-u3NW3T5fEg [&#8230;]<\/p>\n<p><a class=\"btn btn-secondary understrap-read-more-link\" href=\"https:\/\/www.waterskis.lv\/en\/product\/jobe-aero-yama-sup-board-8-6-package\/\">Read More&#8230;<\/a><\/p>\n","protected":false},"featured_media":56178,"comment_status":"closed","ping_status":"closed","template":"","meta":{"_acf_changed":false,"inline_featured_image":false},"product_brand":[1330],"product_cat":[700,1107,361,502],"product_tag":[3172,1333,1334,3173,3174,1335,3131,3175,3140,3176,3141],"class_list":{"0":"post-56186","1":"product","2":"type-product","3":"status-publish","4":"has-post-thumbnail","6":"product_brand-jobe-watersports","7":"product_cat-inflatable-sup-boards","8":"product_cat-jobe-inflatable-paddle-boards","9":"product_cat-sale","10":"product_cat-stand-up-paddle-boards","11":"product_tag-aufblasbares-sup","12":"product_tag-jobe","13":"product_tag-paddle-boards","14":"product_tag-stand-up-paddleboard","15":"product_tag-stand-up-paddling","16":"product_tag-sup","17":"product_tag-sup-boards","18":"product_tag-sup-surfer","19":"product_tag-sup-","20":"product_tag-supkayak","21":"product_tag-3141","23":"first","24":"instock","25":"sale","26":"shipping-taxable","27":"purchasable","28":"product-type-simple"},"acf":[],"yoast_head":"<!-- This site is optimized with the Yoast SEO plugin v27.5 - https:\/\/yoast.com\/product\/yoast-seo-wordpress\/ -->\n<title>Jobe Aero Yama SUP Board 8.6 Package - WATERSKIS.LV<\/title>\n<meta name=\"description\" content=\"Jobe Aero Yama SUP Board 8.6 Package. It may be our smallest SUP but it is still loaded with new features like our &quot;EZ Lock Fin and lightweight X-stitching\" \/>\n<meta name=\"robots\" content=\"index, follow, max-snippet:-1, max-image-preview:large, max-video-preview:-1\" \/>\n<link rel=\"canonical\" href=\"https:\/\/www.waterskis.lv\/en\/product\/jobe-aero-yama-sup-board-8-6-package\/\" \/>\n<meta property=\"og:locale\" content=\"en_US\" \/>\n<meta property=\"og:type\" content=\"article\" \/>\n<meta property=\"og:title\" content=\"Jobe Aero Yama SUP Board 8.6 Package - WATERSKIS.LV\" \/>\n<meta property=\"og:description\" content=\"Jobe Aero Yama SUP Board 8.6 Package. It may be our smallest SUP but it is still loaded with new features like our &quot;EZ Lock Fin and lightweight X-stitching\" \/>\n<meta property=\"og:url\" content=\"https:\/\/www.waterskis.lv\/en\/product\/jobe-aero-yama-sup-board-8-6-package\/\" \/>\n<meta property=\"og:site_name\" content=\"WATERSKIS.LV\" \/>\n<meta property=\"article:publisher\" content=\"https:\/\/www.facebook.com\/jurmalawaterskiwakeboardpark\/\" \/>\n<meta property=\"article:modified_time\" content=\"2026-02-01T13:23:52+00:00\" \/>\n<meta property=\"og:image\" content=\"https:\/\/www.waterskis.lv\/wp-content\/uploads\/2024\/10\/486421009-zoom.jpg\" \/>\n\t<meta property=\"og:image:width\" content=\"1500\" \/>\n\t<meta property=\"og:image:height\" content=\"1500\" \/>\n\t<meta property=\"og:image:type\" content=\"image\/jpeg\" \/>\n<meta name=\"twitter:card\" content=\"summary_large_image\" \/>\n<meta name=\"twitter:label1\" content=\"Est. reading time\" \/>\n\t<meta name=\"twitter:data1\" content=\"2 minutes\" \/>\n<script type=\"application\/ld+json\" class=\"yoast-schema-graph\">{\"@context\":\"https:\\\/\\\/schema.org\",\"@graph\":[{\"@type\":\"WebPage\",\"@id\":\"https:\\\/\\\/www.waterskis.lv\\\/en\\\/product\\\/jobe-aero-yama-sup-board-8-6-package\\\/\",\"url\":\"https:\\\/\\\/www.waterskis.lv\\\/en\\\/product\\\/jobe-aero-yama-sup-board-8-6-package\\\/\",\"name\":\"Jobe Aero Yama SUP Board 8.6 Package - WATERSKIS.LV\",\"isPartOf\":{\"@id\":\"https:\\\/\\\/www.waterskis.lv\\\/en\\\/#website\"},\"primaryImageOfPage\":{\"@id\":\"https:\\\/\\\/www.waterskis.lv\\\/en\\\/product\\\/jobe-aero-yama-sup-board-8-6-package\\\/#primaryimage\"},\"image\":{\"@id\":\"https:\\\/\\\/www.waterskis.lv\\\/en\\\/product\\\/jobe-aero-yama-sup-board-8-6-package\\\/#primaryimage\"},\"thumbnailUrl\":\"https:\\\/\\\/www.waterskis.lv\\\/wp-content\\\/uploads\\\/2024\\\/10\\\/486421009-zoom.jpg\",\"datePublished\":\"2024-10-09T14:36:18+00:00\",\"dateModified\":\"2026-02-01T13:23:52+00:00\",\"description\":\"Jobe Aero Yama SUP Board 8.6 Package. It may be our smallest SUP but it is still loaded with new features like our \\\"EZ Lock Fin and lightweight X-stitching\",\"breadcrumb\":{\"@id\":\"https:\\\/\\\/www.waterskis.lv\\\/en\\\/product\\\/jobe-aero-yama-sup-board-8-6-package\\\/#breadcrumb\"},\"inLanguage\":\"en-US\",\"potentialAction\":[{\"@type\":\"ReadAction\",\"target\":[\"https:\\\/\\\/www.waterskis.lv\\\/en\\\/product\\\/jobe-aero-yama-sup-board-8-6-package\\\/\"]}]},{\"@type\":\"ImageObject\",\"inLanguage\":\"en-US\",\"@id\":\"https:\\\/\\\/www.waterskis.lv\\\/en\\\/product\\\/jobe-aero-yama-sup-board-8-6-package\\\/#primaryimage\",\"url\":\"https:\\\/\\\/www.waterskis.lv\\\/wp-content\\\/uploads\\\/2024\\\/10\\\/486421009-zoom.jpg\",\"contentUrl\":\"https:\\\/\\\/www.waterskis.lv\\\/wp-content\\\/uploads\\\/2024\\\/10\\\/486421009-zoom.jpg\",\"width\":1500,\"height\":1500,\"caption\":\"Piep\u016b\u0161ams SUP d\u0113lis Jobe Aero Yama 8.6\"},{\"@type\":\"BreadcrumbList\",\"@id\":\"https:\\\/\\\/www.waterskis.lv\\\/en\\\/product\\\/jobe-aero-yama-sup-board-8-6-package\\\/#breadcrumb\",\"itemListElement\":[{\"@type\":\"ListItem\",\"position\":1,\"name\":\"Home\",\"item\":\"https:\\\/\\\/www.waterskis.lv\\\/en\\\/\"},{\"@type\":\"ListItem\",\"position\":2,\"name\":\"Shop\",\"item\":\"https:\\\/\\\/waterskis.lv\\\/en\\\/shop\\\/\"},{\"@type\":\"ListItem\",\"position\":3,\"name\":\"Jobe Aero Yama SUP Board 8.6 Package\"}]},{\"@type\":\"WebSite\",\"@id\":\"https:\\\/\\\/www.waterskis.lv\\\/en\\\/#website\",\"url\":\"https:\\\/\\\/www.waterskis.lv\\\/en\\\/\",\"name\":\"WATERSKIS.LV\",\"description\":\"SUP d\u0113\u013ci, kajaki, kanoe, airu laivas, \u016bdenssl\u0113po\u0161ana, veikbords, SUP d\u0113\u013cu noma, kajaku nomaakt\u012bv\u0101s atp\u016btas centrs, laivu noma, sup noma, kajaku noma\",\"publisher\":{\"@id\":\"https:\\\/\\\/www.waterskis.lv\\\/en\\\/#organization\"},\"potentialAction\":[{\"@type\":\"SearchAction\",\"target\":{\"@type\":\"EntryPoint\",\"urlTemplate\":\"https:\\\/\\\/www.waterskis.lv\\\/en\\\/?s={search_term_string}\"},\"query-input\":{\"@type\":\"PropertyValueSpecification\",\"valueRequired\":true,\"valueName\":\"search_term_string\"}}],\"inLanguage\":\"en-US\"},{\"@type\":\"Organization\",\"@id\":\"https:\\\/\\\/www.waterskis.lv\\\/en\\\/#organization\",\"name\":\"WATERSKIS.LV\",\"url\":\"https:\\\/\\\/www.waterskis.lv\\\/en\\\/\",\"logo\":{\"@type\":\"ImageObject\",\"inLanguage\":\"en-US\",\"@id\":\"https:\\\/\\\/www.waterskis.lv\\\/en\\\/#\\\/schema\\\/logo\\\/image\\\/\",\"url\":\"https:\\\/\\\/www.waterskis.lv\\\/wp-content\\\/uploads\\\/2025\\\/01\\\/JUVP-logo.png\",\"contentUrl\":\"https:\\\/\\\/www.waterskis.lv\\\/wp-content\\\/uploads\\\/2025\\\/01\\\/JUVP-logo.png\",\"width\":421,\"height\":202,\"caption\":\"WATERSKIS.LV\"},\"image\":{\"@id\":\"https:\\\/\\\/www.waterskis.lv\\\/en\\\/#\\\/schema\\\/logo\\\/image\\\/\"},\"sameAs\":[\"https:\\\/\\\/www.facebook.com\\\/jurmalawaterskiwakeboardpark\\\/\"]}]}<\/script>\n<!-- \/ Yoast SEO plugin. -->","yoast_head_json":{"title":"Jobe Aero Yama SUP Board 8.6 Package - WATERSKIS.LV","description":"Jobe Aero Yama SUP Board 8.6 Package. It may be our smallest SUP but it is still loaded with new features like our \"EZ Lock Fin and lightweight X-stitching","robots":{"index":"index","follow":"follow","max-snippet":"max-snippet:-1","max-image-preview":"max-image-preview:large","max-video-preview":"max-video-preview:-1"},"canonical":"https:\/\/www.waterskis.lv\/en\/product\/jobe-aero-yama-sup-board-8-6-package\/","og_locale":"en_US","og_type":"article","og_title":"Jobe Aero Yama SUP Board 8.6 Package - WATERSKIS.LV","og_description":"Jobe Aero Yama SUP Board 8.6 Package. It may be our smallest SUP but it is still loaded with new features like our \"EZ Lock Fin and lightweight X-stitching","og_url":"https:\/\/www.waterskis.lv\/en\/product\/jobe-aero-yama-sup-board-8-6-package\/","og_site_name":"WATERSKIS.LV","article_publisher":"https:\/\/www.facebook.com\/jurmalawaterskiwakeboardpark\/","article_modified_time":"2026-02-01T13:23:52+00:00","og_image":[{"width":1500,"height":1500,"url":"https:\/\/www.waterskis.lv\/wp-content\/uploads\/2024\/10\/486421009-zoom.jpg","type":"image\/jpeg"}],"twitter_card":"summary_large_image","twitter_misc":{"Est. reading time":"2 minutes"},"schema":{"@context":"https:\/\/schema.org","@graph":[{"@type":"WebPage","@id":"https:\/\/www.waterskis.lv\/en\/product\/jobe-aero-yama-sup-board-8-6-package\/","url":"https:\/\/www.waterskis.lv\/en\/product\/jobe-aero-yama-sup-board-8-6-package\/","name":"Jobe Aero Yama SUP Board 8.6 Package - WATERSKIS.LV","isPartOf":{"@id":"https:\/\/www.waterskis.lv\/en\/#website"},"primaryImageOfPage":{"@id":"https:\/\/www.waterskis.lv\/en\/product\/jobe-aero-yama-sup-board-8-6-package\/#primaryimage"},"image":{"@id":"https:\/\/www.waterskis.lv\/en\/product\/jobe-aero-yama-sup-board-8-6-package\/#primaryimage"},"thumbnailUrl":"https:\/\/www.waterskis.lv\/wp-content\/uploads\/2024\/10\/486421009-zoom.jpg","datePublished":"2024-10-09T14:36:18+00:00","dateModified":"2026-02-01T13:23:52+00:00","description":"Jobe Aero Yama SUP Board 8.6 Package. It may be our smallest SUP but it is still loaded with new features like our \"EZ Lock Fin and lightweight X-stitching","breadcrumb":{"@id":"https:\/\/www.waterskis.lv\/en\/product\/jobe-aero-yama-sup-board-8-6-package\/#breadcrumb"},"inLanguage":"en-US","potentialAction":[{"@type":"ReadAction","target":["https:\/\/www.waterskis.lv\/en\/product\/jobe-aero-yama-sup-board-8-6-package\/"]}]},{"@type":"ImageObject","inLanguage":"en-US","@id":"https:\/\/www.waterskis.lv\/en\/product\/jobe-aero-yama-sup-board-8-6-package\/#primaryimage","url":"https:\/\/www.waterskis.lv\/wp-content\/uploads\/2024\/10\/486421009-zoom.jpg","contentUrl":"https:\/\/www.waterskis.lv\/wp-content\/uploads\/2024\/10\/486421009-zoom.jpg","width":1500,"height":1500,"caption":"Piep\u016b\u0161ams SUP d\u0113lis Jobe Aero Yama 8.6"},{"@type":"BreadcrumbList","@id":"https:\/\/www.waterskis.lv\/en\/product\/jobe-aero-yama-sup-board-8-6-package\/#breadcrumb","itemListElement":[{"@type":"ListItem","position":1,"name":"Home","item":"https:\/\/www.waterskis.lv\/en\/"},{"@type":"ListItem","position":2,"name":"Shop","item":"https:\/\/waterskis.lv\/en\/shop\/"},{"@type":"ListItem","position":3,"name":"Jobe Aero Yama SUP Board 8.6 Package"}]},{"@type":"WebSite","@id":"https:\/\/www.waterskis.lv\/en\/#website","url":"https:\/\/www.waterskis.lv\/en\/","name":"WATERSKIS.LV","description":"SUP d\u0113\u013ci, kajaki, kanoe, airu laivas, \u016bdenssl\u0113po\u0161ana, veikbords, SUP d\u0113\u013cu noma, kajaku nomaakt\u012bv\u0101s atp\u016btas centrs, laivu noma, sup noma, kajaku noma","publisher":{"@id":"https:\/\/www.waterskis.lv\/en\/#organization"},"potentialAction":[{"@type":"SearchAction","target":{"@type":"EntryPoint","urlTemplate":"https:\/\/www.waterskis.lv\/en\/?s={search_term_string}"},"query-input":{"@type":"PropertyValueSpecification","valueRequired":true,"valueName":"search_term_string"}}],"inLanguage":"en-US"},{"@type":"Organization","@id":"https:\/\/www.waterskis.lv\/en\/#organization","name":"WATERSKIS.LV","url":"https:\/\/www.waterskis.lv\/en\/","logo":{"@type":"ImageObject","inLanguage":"en-US","@id":"https:\/\/www.waterskis.lv\/en\/#\/schema\/logo\/image\/","url":"https:\/\/www.waterskis.lv\/wp-content\/uploads\/2025\/01\/JUVP-logo.png","contentUrl":"https:\/\/www.waterskis.lv\/wp-content\/uploads\/2025\/01\/JUVP-logo.png","width":421,"height":202,"caption":"WATERSKIS.LV"},"image":{"@id":"https:\/\/www.waterskis.lv\/en\/#\/schema\/logo\/image\/"},"sameAs":["https:\/\/www.facebook.com\/jurmalawaterskiwakeboardpark\/"]}]}},"_links":{"self":[{"href":"https:\/\/www.waterskis.lv\/en\/wp-json\/wp\/v2\/product\/56186","targetHints":{"allow":["GET"]}}],"collection":[{"href":"https:\/\/www.waterskis.lv\/en\/wp-json\/wp\/v2\/product"}],"about":[{"href":"https:\/\/www.waterskis.lv\/en\/wp-json\/wp\/v2\/types\/product"}],"replies":[{"embeddable":true,"href":"https:\/\/www.waterskis.lv\/en\/wp-json\/wp\/v2\/comments?post=56186"}],"wp:featuredmedia":[{"embeddable":true,"href":"https:\/\/www.waterskis.lv\/en\/wp-json\/wp\/v2\/media\/56178"}],"wp:attachment":[{"href":"https:\/\/www.waterskis.lv\/en\/wp-json\/wp\/v2\/media?parent=56186"}],"wp:term":[{"taxonomy":"product_brand","embeddable":true,"href":"https:\/\/www.waterskis.lv\/en\/wp-json\/wp\/v2\/product_brand?post=56186"},{"taxonomy":"product_cat","embeddable":true,"href":"https:\/\/www.waterskis.lv\/en\/wp-json\/wp\/v2\/product_cat?post=56186"},{"taxonomy":"product_tag","embeddable":true,"href":"https:\/\/www.waterskis.lv\/en\/wp-json\/wp\/v2\/product_tag?post=56186"}],"curies":[{"name":"wp","href":"https:\/\/api.w.org\/{rel}","templated":true}]}}