{"id":56485,"date":"2024-10-17T15:15:38","date_gmt":"2024-10-17T12:15:38","guid":{"rendered":"https:\/\/www.waterskis.lv\/product\/veikborda-zabaki-jobe-unit-wakeboard-bindings\/"},"modified":"2026-01-29T11:22:32","modified_gmt":"2026-01-29T09:22:32","slug":"jobe-unit-wakeboard-bindings","status":"publish","type":"product","link":"https:\/\/www.waterskis.lv\/en\/product\/jobe-unit-wakeboard-bindings\/","title":{"rendered":"Jobe Unit Wakeboard Bindings"},"content":{"rendered":"<h1>Jobe Unit Wakeboard Bindings<\/h1>\n<p>Jobe Unit Wakeboard Bindings<\/p>\n<p>Size 7\/10, 10\/12<\/p>\n<h2 class=\"title-3 fs25 mt20 mb20 boldTitleFont grey uppercase np\">Specifications<\/h2>\n<h2 class=\"title-3 fs24 mt20 boldTitleFont grey normal np\">Jobe Unit Bindings<\/h2>\n<div class=\"col-12 paragraph\">With a cool renewed design the Units&#8217; are built for riders of all levels. These open toe bindings are adjustable in size making them accessible for a large range of foot sizes.<\/div>\n<ul class=\"autoColumn checkListSmall blackCheck\">\n<li>Custom Jobe lace lock to secure your foot<\/li>\n<li>Durable EVA liner<\/li>\n<li>Easy slide lace loops<\/li>\n<li>Single lace<\/li>\n<li>Stretchy flex panels to control your ride<\/li>\n<\/ul>\n<p><span class=\"boldTitleFont uppercase blackColor fs20\">Size table<\/span><\/p>\n<table class=\"size_guide\">\n<thead>\n<tr>\n<th>EU Size<\/th>\n<th>US Size<\/th>\n<th>UK Size<\/th>\n<th>Inside length<\/th>\n<\/tr>\n<\/thead>\n<tbody>\n<tr>\n<td>35\/39<\/td>\n<td>3\/6<\/td>\n<td>2.5\/5.5<\/td>\n<td>21.9-24.1<\/td>\n<\/tr>\n<tr>\n<td>40\/44<\/td>\n<td>7\/10<\/td>\n<td>6.5\/9.5<\/td>\n<td>24.8-27.9<\/td>\n<\/tr>\n<tr>\n<td>44\/47<\/td>\n<td>10\/12<\/td>\n<td>9.5\/11.5<\/td>\n<td>27.9-28.6<\/td>\n<\/tr>\n<\/tbody>\n<\/table>\n","protected":false},"excerpt":{"rendered":"<p>Jobe Unit Wakeboard Bindings Jobe Unit Wakeboard Bindings Size 7\/10, 10\/12 Specifications Jobe Unit Bindings With a cool renewed design the Units&#8217; are built for riders of all levels. These open toe bindings are adjustable in size making them accessible for a large range of foot sizes. Custom Jobe lace lock to secure your foot [&#8230;]<\/p>\n<p><a class=\"btn btn-secondary understrap-read-more-link\" href=\"https:\/\/www.waterskis.lv\/en\/product\/jobe-unit-wakeboard-bindings\/\">Read More&#8230;<\/a><\/p>\n","protected":false},"featured_media":56482,"comment_status":"closed","ping_status":"closed","template":"","meta":{"_acf_changed":false,"inline_featured_image":false},"product_brand":[1330],"product_cat":[1140,361,959,565],"product_tag":[3038,1454,3030,3974],"class_list":{"0":"post-56485","1":"product","2":"type-product","3":"status-publish","4":"has-post-thumbnail","6":"product_brand-jobe-watersports","7":"product_cat-jobe-wakeboards","8":"product_cat-sale","9":"product_cat-wakeboard-boots-bindings","10":"product_cat-wakeboards","11":"product_tag-jobe-wakeboard-boots","12":"product_tag-veikbords","13":"product_tag-wakeboard-boots","14":"product_tag-3974","16":"first","17":"instock","18":"sale","19":"shipping-taxable","20":"purchasable","21":"product-type-simple"},"acf":[],"yoast_head":"<!-- This site is optimized with the Yoast SEO plugin v27.5 - https:\/\/yoast.com\/product\/yoast-seo-wordpress\/ -->\n<title>Jobe Unit Wakeboard Bindings - WATERSKIS.LV<\/title>\n<meta name=\"description\" content=\"Jobe Unit Wakeboard Bindings. These open toe bindings are adjustable in size making them accessible for a large range of foot sizes. Size 7\/10, 10\/12\" \/>\n<meta name=\"robots\" content=\"index, follow, max-snippet:-1, max-image-preview:large, max-video-preview:-1\" \/>\n<link rel=\"canonical\" href=\"https:\/\/www.waterskis.lv\/en\/product\/jobe-unit-wakeboard-bindings\/\" \/>\n<meta property=\"og:locale\" content=\"en_US\" \/>\n<meta property=\"og:type\" content=\"article\" \/>\n<meta property=\"og:title\" content=\"Jobe Unit Wakeboard Bindings - WATERSKIS.LV\" \/>\n<meta property=\"og:description\" content=\"Jobe Unit Wakeboard Bindings. These open toe bindings are adjustable in size making them accessible for a large range of foot sizes. Size 7\/10, 10\/12\" \/>\n<meta property=\"og:url\" content=\"https:\/\/www.waterskis.lv\/en\/product\/jobe-unit-wakeboard-bindings\/\" \/>\n<meta property=\"og:site_name\" content=\"WATERSKIS.LV\" \/>\n<meta property=\"article:publisher\" content=\"https:\/\/www.facebook.com\/jurmalawaterskiwakeboardpark\/\" \/>\n<meta property=\"article:modified_time\" content=\"2026-01-29T09:22:32+00:00\" \/>\n<meta property=\"og:image\" content=\"https:\/\/www.waterskis.lv\/wp-content\/uploads\/2024\/10\/393122002-zoom.jpg\" \/>\n\t<meta property=\"og:image:width\" content=\"1500\" \/>\n\t<meta property=\"og:image:height\" content=\"1500\" \/>\n\t<meta property=\"og:image:type\" content=\"image\/jpeg\" \/>\n<meta name=\"twitter:card\" content=\"summary_large_image\" \/>\n<meta name=\"twitter:label1\" content=\"Est. reading time\" \/>\n\t<meta name=\"twitter:data1\" content=\"1 minute\" \/>\n<script type=\"application\/ld+json\" class=\"yoast-schema-graph\">{\"@context\":\"https:\\\/\\\/schema.org\",\"@graph\":[{\"@type\":\"WebPage\",\"@id\":\"https:\\\/\\\/www.waterskis.lv\\\/en\\\/product\\\/jobe-unit-wakeboard-bindings\\\/\",\"url\":\"https:\\\/\\\/www.waterskis.lv\\\/en\\\/product\\\/jobe-unit-wakeboard-bindings\\\/\",\"name\":\"Jobe Unit Wakeboard Bindings - WATERSKIS.LV\",\"isPartOf\":{\"@id\":\"https:\\\/\\\/www.waterskis.lv\\\/en\\\/#website\"},\"primaryImageOfPage\":{\"@id\":\"https:\\\/\\\/www.waterskis.lv\\\/en\\\/product\\\/jobe-unit-wakeboard-bindings\\\/#primaryimage\"},\"image\":{\"@id\":\"https:\\\/\\\/www.waterskis.lv\\\/en\\\/product\\\/jobe-unit-wakeboard-bindings\\\/#primaryimage\"},\"thumbnailUrl\":\"https:\\\/\\\/www.waterskis.lv\\\/wp-content\\\/uploads\\\/2024\\\/10\\\/393122002-zoom.jpg\",\"datePublished\":\"2024-10-17T12:15:38+00:00\",\"dateModified\":\"2026-01-29T09:22:32+00:00\",\"description\":\"Jobe Unit Wakeboard Bindings. These open toe bindings are adjustable in size making them accessible for a large range of foot sizes. Size 7\\\/10, 10\\\/12\",\"breadcrumb\":{\"@id\":\"https:\\\/\\\/www.waterskis.lv\\\/en\\\/product\\\/jobe-unit-wakeboard-bindings\\\/#breadcrumb\"},\"inLanguage\":\"en-US\",\"potentialAction\":[{\"@type\":\"ReadAction\",\"target\":[\"https:\\\/\\\/www.waterskis.lv\\\/en\\\/product\\\/jobe-unit-wakeboard-bindings\\\/\"]}]},{\"@type\":\"ImageObject\",\"inLanguage\":\"en-US\",\"@id\":\"https:\\\/\\\/www.waterskis.lv\\\/en\\\/product\\\/jobe-unit-wakeboard-bindings\\\/#primaryimage\",\"url\":\"https:\\\/\\\/www.waterskis.lv\\\/wp-content\\\/uploads\\\/2024\\\/10\\\/393122002-zoom.jpg\",\"contentUrl\":\"https:\\\/\\\/www.waterskis.lv\\\/wp-content\\\/uploads\\\/2024\\\/10\\\/393122002-zoom.jpg\",\"width\":1500,\"height\":1500,\"caption\":\"Veikborda z\u0101baki Jobe Unit Wakeboard Bindings\"},{\"@type\":\"BreadcrumbList\",\"@id\":\"https:\\\/\\\/www.waterskis.lv\\\/en\\\/product\\\/jobe-unit-wakeboard-bindings\\\/#breadcrumb\",\"itemListElement\":[{\"@type\":\"ListItem\",\"position\":1,\"name\":\"Home\",\"item\":\"https:\\\/\\\/www.waterskis.lv\\\/en\\\/\"},{\"@type\":\"ListItem\",\"position\":2,\"name\":\"Shop\",\"item\":\"https:\\\/\\\/waterskis.lv\\\/en\\\/shop\\\/\"},{\"@type\":\"ListItem\",\"position\":3,\"name\":\"Jobe Unit Wakeboard Bindings\"}]},{\"@type\":\"WebSite\",\"@id\":\"https:\\\/\\\/www.waterskis.lv\\\/en\\\/#website\",\"url\":\"https:\\\/\\\/www.waterskis.lv\\\/en\\\/\",\"name\":\"WATERSKIS.LV\",\"description\":\"SUP d\u0113\u013ci, kajaki, kanoe, airu laivas, \u016bdenssl\u0113po\u0161ana, veikbords, SUP d\u0113\u013cu noma, kajaku nomaakt\u012bv\u0101s atp\u016btas centrs, laivu noma, sup noma, kajaku noma\",\"publisher\":{\"@id\":\"https:\\\/\\\/www.waterskis.lv\\\/en\\\/#organization\"},\"potentialAction\":[{\"@type\":\"SearchAction\",\"target\":{\"@type\":\"EntryPoint\",\"urlTemplate\":\"https:\\\/\\\/www.waterskis.lv\\\/en\\\/?s={search_term_string}\"},\"query-input\":{\"@type\":\"PropertyValueSpecification\",\"valueRequired\":true,\"valueName\":\"search_term_string\"}}],\"inLanguage\":\"en-US\"},{\"@type\":\"Organization\",\"@id\":\"https:\\\/\\\/www.waterskis.lv\\\/en\\\/#organization\",\"name\":\"WATERSKIS.LV\",\"url\":\"https:\\\/\\\/www.waterskis.lv\\\/en\\\/\",\"logo\":{\"@type\":\"ImageObject\",\"inLanguage\":\"en-US\",\"@id\":\"https:\\\/\\\/www.waterskis.lv\\\/en\\\/#\\\/schema\\\/logo\\\/image\\\/\",\"url\":\"https:\\\/\\\/www.waterskis.lv\\\/wp-content\\\/uploads\\\/2025\\\/01\\\/JUVP-logo.png\",\"contentUrl\":\"https:\\\/\\\/www.waterskis.lv\\\/wp-content\\\/uploads\\\/2025\\\/01\\\/JUVP-logo.png\",\"width\":421,\"height\":202,\"caption\":\"WATERSKIS.LV\"},\"image\":{\"@id\":\"https:\\\/\\\/www.waterskis.lv\\\/en\\\/#\\\/schema\\\/logo\\\/image\\\/\"},\"sameAs\":[\"https:\\\/\\\/www.facebook.com\\\/jurmalawaterskiwakeboardpark\\\/\"]}]}<\/script>\n<!-- \/ Yoast SEO plugin. -->","yoast_head_json":{"title":"Jobe Unit Wakeboard Bindings - WATERSKIS.LV","description":"Jobe Unit Wakeboard Bindings. These open toe bindings are adjustable in size making them accessible for a large range of foot sizes. Size 7\/10, 10\/12","robots":{"index":"index","follow":"follow","max-snippet":"max-snippet:-1","max-image-preview":"max-image-preview:large","max-video-preview":"max-video-preview:-1"},"canonical":"https:\/\/www.waterskis.lv\/en\/product\/jobe-unit-wakeboard-bindings\/","og_locale":"en_US","og_type":"article","og_title":"Jobe Unit Wakeboard Bindings - WATERSKIS.LV","og_description":"Jobe Unit Wakeboard Bindings. These open toe bindings are adjustable in size making them accessible for a large range of foot sizes. Size 7\/10, 10\/12","og_url":"https:\/\/www.waterskis.lv\/en\/product\/jobe-unit-wakeboard-bindings\/","og_site_name":"WATERSKIS.LV","article_publisher":"https:\/\/www.facebook.com\/jurmalawaterskiwakeboardpark\/","article_modified_time":"2026-01-29T09:22:32+00:00","og_image":[{"width":1500,"height":1500,"url":"https:\/\/www.waterskis.lv\/wp-content\/uploads\/2024\/10\/393122002-zoom.jpg","type":"image\/jpeg"}],"twitter_card":"summary_large_image","twitter_misc":{"Est. reading time":"1 minute"},"schema":{"@context":"https:\/\/schema.org","@graph":[{"@type":"WebPage","@id":"https:\/\/www.waterskis.lv\/en\/product\/jobe-unit-wakeboard-bindings\/","url":"https:\/\/www.waterskis.lv\/en\/product\/jobe-unit-wakeboard-bindings\/","name":"Jobe Unit Wakeboard Bindings - WATERSKIS.LV","isPartOf":{"@id":"https:\/\/www.waterskis.lv\/en\/#website"},"primaryImageOfPage":{"@id":"https:\/\/www.waterskis.lv\/en\/product\/jobe-unit-wakeboard-bindings\/#primaryimage"},"image":{"@id":"https:\/\/www.waterskis.lv\/en\/product\/jobe-unit-wakeboard-bindings\/#primaryimage"},"thumbnailUrl":"https:\/\/www.waterskis.lv\/wp-content\/uploads\/2024\/10\/393122002-zoom.jpg","datePublished":"2024-10-17T12:15:38+00:00","dateModified":"2026-01-29T09:22:32+00:00","description":"Jobe Unit Wakeboard Bindings. These open toe bindings are adjustable in size making them accessible for a large range of foot sizes. Size 7\/10, 10\/12","breadcrumb":{"@id":"https:\/\/www.waterskis.lv\/en\/product\/jobe-unit-wakeboard-bindings\/#breadcrumb"},"inLanguage":"en-US","potentialAction":[{"@type":"ReadAction","target":["https:\/\/www.waterskis.lv\/en\/product\/jobe-unit-wakeboard-bindings\/"]}]},{"@type":"ImageObject","inLanguage":"en-US","@id":"https:\/\/www.waterskis.lv\/en\/product\/jobe-unit-wakeboard-bindings\/#primaryimage","url":"https:\/\/www.waterskis.lv\/wp-content\/uploads\/2024\/10\/393122002-zoom.jpg","contentUrl":"https:\/\/www.waterskis.lv\/wp-content\/uploads\/2024\/10\/393122002-zoom.jpg","width":1500,"height":1500,"caption":"Veikborda z\u0101baki Jobe Unit Wakeboard Bindings"},{"@type":"BreadcrumbList","@id":"https:\/\/www.waterskis.lv\/en\/product\/jobe-unit-wakeboard-bindings\/#breadcrumb","itemListElement":[{"@type":"ListItem","position":1,"name":"Home","item":"https:\/\/www.waterskis.lv\/en\/"},{"@type":"ListItem","position":2,"name":"Shop","item":"https:\/\/waterskis.lv\/en\/shop\/"},{"@type":"ListItem","position":3,"name":"Jobe Unit Wakeboard Bindings"}]},{"@type":"WebSite","@id":"https:\/\/www.waterskis.lv\/en\/#website","url":"https:\/\/www.waterskis.lv\/en\/","name":"WATERSKIS.LV","description":"SUP d\u0113\u013ci, kajaki, kanoe, airu laivas, \u016bdenssl\u0113po\u0161ana, veikbords, SUP d\u0113\u013cu noma, kajaku nomaakt\u012bv\u0101s atp\u016btas centrs, laivu noma, sup noma, kajaku noma","publisher":{"@id":"https:\/\/www.waterskis.lv\/en\/#organization"},"potentialAction":[{"@type":"SearchAction","target":{"@type":"EntryPoint","urlTemplate":"https:\/\/www.waterskis.lv\/en\/?s={search_term_string}"},"query-input":{"@type":"PropertyValueSpecification","valueRequired":true,"valueName":"search_term_string"}}],"inLanguage":"en-US"},{"@type":"Organization","@id":"https:\/\/www.waterskis.lv\/en\/#organization","name":"WATERSKIS.LV","url":"https:\/\/www.waterskis.lv\/en\/","logo":{"@type":"ImageObject","inLanguage":"en-US","@id":"https:\/\/www.waterskis.lv\/en\/#\/schema\/logo\/image\/","url":"https:\/\/www.waterskis.lv\/wp-content\/uploads\/2025\/01\/JUVP-logo.png","contentUrl":"https:\/\/www.waterskis.lv\/wp-content\/uploads\/2025\/01\/JUVP-logo.png","width":421,"height":202,"caption":"WATERSKIS.LV"},"image":{"@id":"https:\/\/www.waterskis.lv\/en\/#\/schema\/logo\/image\/"},"sameAs":["https:\/\/www.facebook.com\/jurmalawaterskiwakeboardpark\/"]}]}},"_links":{"self":[{"href":"https:\/\/www.waterskis.lv\/en\/wp-json\/wp\/v2\/product\/56485","targetHints":{"allow":["GET"]}}],"collection":[{"href":"https:\/\/www.waterskis.lv\/en\/wp-json\/wp\/v2\/product"}],"about":[{"href":"https:\/\/www.waterskis.lv\/en\/wp-json\/wp\/v2\/types\/product"}],"replies":[{"embeddable":true,"href":"https:\/\/www.waterskis.lv\/en\/wp-json\/wp\/v2\/comments?post=56485"}],"wp:featuredmedia":[{"embeddable":true,"href":"https:\/\/www.waterskis.lv\/en\/wp-json\/wp\/v2\/media\/56482"}],"wp:attachment":[{"href":"https:\/\/www.waterskis.lv\/en\/wp-json\/wp\/v2\/media?parent=56485"}],"wp:term":[{"taxonomy":"product_brand","embeddable":true,"href":"https:\/\/www.waterskis.lv\/en\/wp-json\/wp\/v2\/product_brand?post=56485"},{"taxonomy":"product_cat","embeddable":true,"href":"https:\/\/www.waterskis.lv\/en\/wp-json\/wp\/v2\/product_cat?post=56485"},{"taxonomy":"product_tag","embeddable":true,"href":"https:\/\/www.waterskis.lv\/en\/wp-json\/wp\/v2\/product_tag?post=56485"}],"curies":[{"name":"wp","href":"https:\/\/api.w.org\/{rel}","templated":true}]}}